{"id":9711,"date":"2026-03-02T15:45:42","date_gmt":"2026-03-02T14:45:42","guid":{"rendered":"https:\/\/www.mycosan.com\/pt\/?page_id=9711"},"modified":"2026-03-16T18:54:18","modified_gmt":"2026-03-16T17:54:18","slug":"mycosana-calcanhares-gretados","status":"publish","type":"page","link":"https:\/\/www.mycosan.com\/pt\/mycosana-unhas\/mycosana-calcanhares-gretados\/","title":{"rendered":"Mycosana Calcanhares Gretados"},"content":{"rendered":"<div id='kalknagel'  class='avia-section av-5r83q0-d874aca7629f741bb59099db08041d84 main_color avia-section-default avia-no-shadow  avia-builder-el-0  el_before_av_heading  avia-builder-el-first  avia-bg-style-scroll container_wrap sidebar_right'  ><div class='container av-section-cont-open' ><main  role=\"main\" itemprop=\"mainContentOfPage\"  class='template-page content  av-content-small alpha units'><div class='post-entry post-entry-type-page post-entry-9711'><div class='entry-content-wrapper clearfix'>\n<div  class='flex_column av-1ir16s8-10c90d36b11b5d8cd03412441908aa6f av_one_fourth  avia-builder-el-1  el_before_av_three_fourth  avia-builder-el-first  first flex_column_div  '     ><p>\n<style type=\"text\/css\" data-created_by=\"avia_inline_auto\" id=\"style-css-av-1hbkh94-2316f6d4cfcccb8db451158cb8801e4d\">\n.avia-image-container.av-1hbkh94-2316f6d4cfcccb8db451158cb8801e4d img.avia_image{\nbox-shadow:none;\n}\n.avia-image-container.av-1hbkh94-2316f6d4cfcccb8db451158cb8801e4d .av-image-caption-overlay-center{\ncolor:#ffffff;\n}\n<\/style>\n<div  class='avia-image-container av-1hbkh94-2316f6d4cfcccb8db451158cb8801e4d av-styling- avia_animated_image av-animated-when-visible-95 left-to-right avia-align-center  avia-builder-el-2  el_before_av_button  avia-builder-el-first '   itemprop=\"image\" itemscope=\"itemscope\" itemtype=\"https:\/\/schema.org\/ImageObject\" ><div class=\"avia-image-container-inner\"><div class=\"avia-image-overlay-wrap\"><img decoding=\"async\" fetchpriority=\"high\" class='wp-image-9712 avia-img-lazy-loading-not-9712 avia_image ' src=\"https:\/\/www.mycosan.com\/pt\/files\/2026\/02\/Mycosana-Balsamo-Calcanhares-Gretados-509x1030.png\" alt='' title='Mycosana Ba\u0301lsamo Calcanhares Gretados'  height=\"1030\" width=\"509\"  itemprop=\"thumbnailUrl\" srcset=\"https:\/\/www.mycosan.com\/pt\/files\/2026\/02\/Mycosana-Balsamo-Calcanhares-Gretados-509x1030.png 509w, https:\/\/www.mycosan.com\/pt\/files\/2026\/02\/Mycosana-Balsamo-Calcanhares-Gretados-148x300.png 148w, https:\/\/www.mycosan.com\/pt\/files\/2026\/02\/Mycosana-Balsamo-Calcanhares-Gretados-768x1553.png 768w, https:\/\/www.mycosan.com\/pt\/files\/2026\/02\/Mycosana-Balsamo-Calcanhares-Gretados-760x1536.png 760w, https:\/\/www.mycosan.com\/pt\/files\/2026\/02\/Mycosana-Balsamo-Calcanhares-Gretados-1013x2048.png 1013w, https:\/\/www.mycosan.com\/pt\/files\/2026\/02\/Mycosana-Balsamo-Calcanhares-Gretados-742x1500.png 742w, https:\/\/www.mycosan.com\/pt\/files\/2026\/02\/Mycosana-Balsamo-Calcanhares-Gretados-349x705.png 349w, https:\/\/www.mycosan.com\/pt\/files\/2026\/02\/Mycosana-Balsamo-Calcanhares-Gretados-scaled.png 1266w\" sizes=\"(max-width: 509px) 100vw, 509px\" \/><\/div><\/div><\/div><br \/>\n<div  class='avia-button-wrap av-av_button-9985adbd29839eb9b0cc415dc91acac9-wrap avia-button-center  avia-builder-el-3  el_after_av_image  avia-builder-el-last '><a href='https:\/\/www.mycosan.com\/pt\/files\/2026\/03\/Mycosana-range-leaflet-Feb.-2026.pdf'  class='avia-button av-av_button-9985adbd29839eb9b0cc415dc91acac9 av-link-btn avia-icon_select-no avia-size-small avia-position-center avia-color-theme-color'  target=\"_blank\"  rel=\"noopener noreferrer\"  aria-label=\"Folheto do produto\"><span class='avia_iconbox_title' >Folheto do produto<\/span><\/a><\/div><\/p><\/div>\n<style type=\"text\/css\" data-created_by=\"avia_inline_auto\" id=\"style-css-av-1fsgli0-6877b776df36b65e3afae1626f4fc331\">\n.flex_column.av-1fsgli0-6877b776df36b65e3afae1626f4fc331{\nborder-radius:0px 0px 0px 0px;\npadding:0px 0px 0px 0px;\n}\n<\/style>\n<div  class='flex_column av-1fsgli0-6877b776df36b65e3afae1626f4fc331 av_three_fourth  avia-builder-el-4  el_after_av_one_fourth  avia-builder-el-last  flex_column_div av-zero-column-padding  '     ><section  class='av_textblock_section av-1egkhlk-0e32de553cc5526dc5a008457f890f40 '   itemscope=\"itemscope\" itemtype=\"https:\/\/schema.org\/CreativeWork\" ><div class='avia_textblock'  itemprop=\"text\" ><h1>MYCOSANA CALCANHARES GRETADOS<\/h1>\n<\/div><\/section><br \/>\n<div  class='hr av-1dlwvns-a934e5077aaae3cddc1541628e35638f hr-default  avia-builder-el-6  el_after_av_textblock  el_before_av_textblock '><span class='hr-inner '><span class=\"hr-inner-style\"><\/span><\/span><\/div><br \/>\n<section  class='av_textblock_section av-1akf9ig-7ae23a4257b8aa3fd1e90030c25427d6 '   itemscope=\"itemscope\" itemtype=\"https:\/\/schema.org\/CreativeWork\" ><div class='avia_textblock'  itemprop=\"text\" ><p>B\u00e1lsamo cosm\u00e9tico para os p\u00e9s, com 25% de ureia, especialmente desenvolvido para nutrir e cuidar da pele com fissuras.<\/p>\n<ul>\n<li>Resultados vis\u00edveis em apenas 1 dia<\/li>\n<li>Cont\u00e9m 25% de ureia<\/li>\n<li>Hidrata intensivamente<\/li>\n<li>Nutre e protege a pele, reduzindo o risco de infe\u00e7\u00f5es f\u00fangicas<\/li>\n<li>Repara a pele gretada<\/li>\n<li>Reduz toda a pele seca ap\u00f3s 8 dias*<\/li>\n<li>Dermatologicamente testado<\/li>\n<li>Absorve rapidamente, n\u00e3o \u00e9 gorduroso<\/li>\n<li>Adequado para diab\u00e9ticos<\/li>\n<\/ul>\n<p><strong>Quando utilizar MYCOSANA CALCANHARES GRETADOS?<\/strong><\/p>\n<ul>\n<li>Para nutrir e cuidar da pele com fissuras<\/li>\n<li>Se tiver risco acrescido de infe\u00e7\u00f5es f\u00fangicas das unhas ou de p\u00e9-de-atleta<\/li>\n<li>Para aumentar a efic\u00e1cia do tratamento com <strong>MYCOSANA UNHAS<\/strong> ou <strong>MYCOSANA P\u00c9-DE-ATLETA<\/strong>.<\/li>\n<\/ul>\n<p>*99% dos utilizadores referiu uma redu\u00e7\u00e3o de toda a pele seca ap\u00f3s 8 dias<\/p>\n<\/div><\/section><\/p><\/div><\/div><\/div><\/main><!-- close content main element --><\/div><\/div><div id='after_section_1'  class='main_color av_default_container_wrap container_wrap sidebar_right'  ><div class='container av-section-cont-open' ><div class='template-page content  av-content-small alpha units'><div class='post-entry post-entry-type-page post-entry-9711'><div class='entry-content-wrapper clearfix'>\n<style type=\"text\/css\" data-created_by=\"avia_inline_auto\" id=\"style-css-av-1vz11k-b2de2716f26bae059cdafdb9d036a964\">\n#top .av-special-heading.av-1vz11k-b2de2716f26bae059cdafdb9d036a964{\npadding-bottom:40px;\ncolor:#56327f;\n}\nbody .av-special-heading.av-1vz11k-b2de2716f26bae059cdafdb9d036a964 .av-special-heading-tag .heading-char{\nfont-size:25px;\n}\n.av-special-heading.av-1vz11k-b2de2716f26bae059cdafdb9d036a964 .special-heading-inner-border{\nborder-color:#56327f;\n}\n.av-special-heading.av-1vz11k-b2de2716f26bae059cdafdb9d036a964 .av-subheading{\nfont-size:15px;\n}\n<\/style>\n<div  class='av-special-heading av-1vz11k-b2de2716f26bae059cdafdb9d036a964 av-special-heading-h2 custom-color-heading blockquote modern-quote modern-centered  avia-builder-el-8  el_after_av_section  el_before_av_one_fourth  avia-builder-el-first '><h2 class='av-special-heading-tag '  itemprop=\"headline\"  >Porqu\u00ea utilizar MYCOSANA CALCANHARES GRETADOS?<\/h2><div class=\"special-heading-border\"><div class=\"special-heading-inner-border\"><\/div><\/div><\/div><\/p>\n<div  class='flex_column av-q2joxk-7b002a8fbeeb5d03e6d229bb6b746a19 av_one_fourth  avia-builder-el-9  el_after_av_heading  el_before_av_one_fourth  first flex_column_div  '     ><section  class='av_textblock_section av-2b3v8o-5fb09af6b00bc9f7b7434ea1865c3203 '   itemscope=\"itemscope\" itemtype=\"https:\/\/schema.org\/CreativeWork\" ><div class='avia_textblock'  itemprop=\"text\" ><h4><span style=\"color: #56327f; text-transform: uppercase;\">25% de ureia: hidrata\u00e7\u00e3o intensiva<\/span><\/h4>\n<p><strong>MYCOSANA CALCANHARES GRETADOS<\/strong> nutre e hidrata intensivamente a pele. A sua f\u00f3rmula especial cont\u00e9m 25% de ureia. A ureia \u00e9 um ingrediente hidratante que ajuda a manter o n\u00edvel de hidrata\u00e7\u00e3o da pele e a reduzir a perda de \u00e1gua.<\/p>\n<\/div><\/section><\/div>\n\n<style type=\"text\/css\" data-created_by=\"avia_inline_auto\" id=\"style-css-av-kvhans-2aac53e8bac2adf7950ee6e25043a336\">\n.flex_column.av-kvhans-2aac53e8bac2adf7950ee6e25043a336{\nborder-radius:0px 0px 0px 0px;\npadding:0px 0px 0px 0px;\n}\n<\/style>\n<div  class='flex_column av-kvhans-2aac53e8bac2adf7950ee6e25043a336 av_one_fourth  avia-builder-el-11  el_after_av_one_fourth  el_before_av_one_fourth  flex_column_div av-zero-column-padding  '     ><section  class='av_textblock_section av-i5h4rs-e7843c38650205a524f7877b1f5a1d75 '   itemscope=\"itemscope\" itemtype=\"https:\/\/schema.org\/CreativeWork\" ><div class='avia_textblock'  itemprop=\"text\" ><h4><span style=\"color: #56327f; text-transform: uppercase;\">Cuidado protetor, melhora a condi\u00e7\u00e3o dos p\u00e9s<\/span><\/h4>\n<p>Costuma frequentar gin\u00e1sios, piscinas ou balne\u00e1rios?<\/p>\n<p>Utilize <strong>MYCOSANA CALCANHARES GRETADOS<\/strong> para proteger os seus p\u00e9s. Refor\u00e7a a barreira da pele, melhora a condi\u00e7\u00e3o dos p\u00e9s e previne a entrada de pat\u00f3genos.<\/p>\n<\/div><\/section><\/div>\n\n<style type=\"text\/css\" data-created_by=\"avia_inline_auto\" id=\"style-css-av-flsdm0-479430254ea4b80cc618fe7c370751fb\">\n.flex_column.av-flsdm0-479430254ea4b80cc618fe7c370751fb{\nborder-radius:0px 0px 0px 0px;\npadding:0px 0px 0px 0px;\n}\n<\/style>\n<div  class='flex_column av-flsdm0-479430254ea4b80cc618fe7c370751fb av_one_fourth  avia-builder-el-13  el_after_av_one_fourth  el_before_av_one_fourth  flex_column_div av-zero-column-padding  '     ><section  class='av_textblock_section av-c7tqc8-4bdf6cf07e18232262fcd7d62f5324d4 '   itemscope=\"itemscope\" itemtype=\"https:\/\/schema.org\/CreativeWork\" ><div class='avia_textblock'  itemprop=\"text\" ><h4><span style=\"color: #56327f; text-transform: uppercase;\">Calcanhares gretados causados por calos<\/span><\/h4>\n<p>Quando existe forma\u00e7\u00e3o excessiva de calos, em conjunto com pele seca, a pele pode fissurar. \u00c9 importante \u201cfechar\u201d as fissuras e hidratar a pele o melhor poss\u00edvel.<\/p>\n<\/div><\/section><\/div>\n\n<style type=\"text\/css\" data-created_by=\"avia_inline_auto\" id=\"style-css-av-3le4of-3f35210e571fb74cbc3138300c9ba27b\">\n.flex_column.av-3le4of-3f35210e571fb74cbc3138300c9ba27b{\nborder-radius:0px 0px 0px 0px;\npadding:0px 0px 0px 0px;\n}\n<\/style>\n<div  class='flex_column av-3le4of-3f35210e571fb74cbc3138300c9ba27b av_one_fourth  avia-builder-el-15  el_after_av_one_fourth  avia-builder-el-last  flex_column_div av-zero-column-padding  '     ><section  class='av_textblock_section av-mm416j9j-4a0336e6eb2fb4d38bf25bed46d669ca '   itemscope=\"itemscope\" itemtype=\"https:\/\/schema.org\/CreativeWork\" ><div class='avia_textblock'  itemprop=\"text\" ><h4><span style=\"color: #56327f; text-transform: uppercase;\">Como utilizar MYCOSANA CALCANHARES GRETADOS?<\/span><\/h4>\n<p>Lavar e secar os p\u00e9s. Aplicar uma vez por dia nos p\u00e9s \u00e1speros, para reduzir o risco de fissuras. Para obter melhores resultados, manter os p\u00e9s sem sapatos e meias durante 15 minutos ap\u00f3s a aplica\u00e7\u00e3o.<\/p>\n<\/div><\/section><\/div>\n","protected":false},"excerpt":{"rendered":"<p>B\u00e1lsamo cosm\u00e9tico para os p\u00e9s, com 25% de ureia, especialmente desenvolvido para nutrir e cuidar da pele com fissuras.<\/p>\n","protected":false},"author":1,"featured_media":9755,"parent":8586,"menu_order":0,"comment_status":"open","ping_status":"closed","template":"","meta":{"_acf_changed":false,"footnotes":""},"page_type":[93],"class_list":["post-9711","page","type-page","status-publish","has-post-thumbnail","hentry","page_type-product"],"acf":[],"yoast_head":"<!-- This site is optimized with the Yoast SEO plugin v26.9 - https:\/\/yoast.com\/product\/yoast-seo-wordpress\/ -->\n<title>Mycosana Calcanhares Gretados - Mycosana Unhas<\/title>\n<meta name=\"description\" content=\"Mycosan Kalknagel is bewezen effectief een eenvoudige \u00e9n snelle oplossing tegen schimmelnagels met een complete, gebruiksvriendelijke behandelset.\" \/>\n<meta name=\"robots\" content=\"index, follow, max-snippet:-1, max-image-preview:large, max-video-preview:-1\" \/>\n<link rel=\"canonical\" href=\"https:\/\/www.mycosan.com\/pt\/mycosana-unhas\/mycosana-calcanhares-gretados\/\" \/>\n<meta property=\"og:locale\" content=\"pt_PT\" \/>\n<meta property=\"og:type\" content=\"article\" \/>\n<meta property=\"og:title\" content=\"Mycosana Calcanhares Gretados - Mycosana Unhas\" \/>\n<meta property=\"og:description\" content=\"Mycosan Kalknagel is bewezen effectief een eenvoudige \u00e9n snelle oplossing tegen schimmelnagels met een complete, gebruiksvriendelijke behandelset.\" \/>\n<meta property=\"og:url\" content=\"https:\/\/www.mycosan.com\/pt\/mycosana-unhas\/mycosana-calcanhares-gretados\/\" \/>\n<meta property=\"og:site_name\" content=\"Mycosana Unhas\" \/>\n<meta property=\"article:modified_time\" content=\"2026-03-16T17:54:18+00:00\" \/>\n<meta property=\"og:image\" content=\"https:\/\/www.mycosan.com\/pt\/files\/2026\/03\/mycosana-cracked-heel-sm.jpg\" \/>\n\t<meta property=\"og:image:width\" content=\"232\" \/>\n\t<meta property=\"og:image:height\" content=\"500\" \/>\n\t<meta property=\"og:image:type\" content=\"image\/jpeg\" \/>\n<meta name=\"twitter:label1\" content=\"Est. reading time\" \/>\n\t<meta name=\"twitter:data1\" content=\"11 minutes\" \/>\n<script type=\"application\/ld+json\" class=\"yoast-schema-graph\">{\"@context\":\"https:\/\/schema.org\",\"@graph\":[{\"@type\":\"WebPage\",\"@id\":\"https:\/\/www.mycosan.com\/pt\/mycosana-unhas\/mycosana-calcanhares-gretados\/\",\"url\":\"https:\/\/www.mycosan.com\/pt\/mycosana-unhas\/mycosana-calcanhares-gretados\/\",\"name\":\"Mycosana Calcanhares Gretados - Mycosana Unhas\",\"isPartOf\":{\"@id\":\"https:\/\/www.mycosan.com\/pt\/#website\"},\"primaryImageOfPage\":{\"@id\":\"https:\/\/www.mycosan.com\/pt\/mycosana-unhas\/mycosana-calcanhares-gretados\/#primaryimage\"},\"image\":{\"@id\":\"https:\/\/www.mycosan.com\/pt\/mycosana-unhas\/mycosana-calcanhares-gretados\/#primaryimage\"},\"thumbnailUrl\":\"https:\/\/www.mycosan.com\/pt\/files\/2026\/03\/mycosana-cracked-heel-sm.jpg\",\"datePublished\":\"2026-03-02T14:45:42+00:00\",\"dateModified\":\"2026-03-16T17:54:18+00:00\",\"description\":\"Mycosan Kalknagel is bewezen effectief een eenvoudige \u00e9n snelle oplossing tegen schimmelnagels met een complete, gebruiksvriendelijke behandelset.\",\"breadcrumb\":{\"@id\":\"https:\/\/www.mycosan.com\/pt\/mycosana-unhas\/mycosana-calcanhares-gretados\/#breadcrumb\"},\"inLanguage\":\"pt-PT\",\"potentialAction\":[{\"@type\":\"ReadAction\",\"target\":[\"https:\/\/www.mycosan.com\/pt\/mycosana-unhas\/mycosana-calcanhares-gretados\/\"]}]},{\"@type\":\"ImageObject\",\"inLanguage\":\"pt-PT\",\"@id\":\"https:\/\/www.mycosan.com\/pt\/mycosana-unhas\/mycosana-calcanhares-gretados\/#primaryimage\",\"url\":\"https:\/\/www.mycosan.com\/pt\/files\/2026\/03\/mycosana-cracked-heel-sm.jpg\",\"contentUrl\":\"https:\/\/www.mycosan.com\/pt\/files\/2026\/03\/mycosana-cracked-heel-sm.jpg\",\"width\":232,\"height\":500},{\"@type\":\"BreadcrumbList\",\"@id\":\"https:\/\/www.mycosan.com\/pt\/mycosana-unhas\/mycosana-calcanhares-gretados\/#breadcrumb\",\"itemListElement\":[{\"@type\":\"ListItem\",\"position\":1,\"name\":\"MYCOSANA UNHAS\",\"item\":\"https:\/\/www.mycosan.com\/pt\/mycosana-unhas\/\"},{\"@type\":\"ListItem\",\"position\":2,\"name\":\"Mycosana Calcanhares Gretados\"}]},{\"@type\":\"WebSite\",\"@id\":\"https:\/\/www.mycosan.com\/pt\/#website\",\"url\":\"https:\/\/www.mycosan.com\/pt\/\",\"name\":\"Mycosana Unhas\",\"description\":\"\",\"potentialAction\":[{\"@type\":\"SearchAction\",\"target\":{\"@type\":\"EntryPoint\",\"urlTemplate\":\"https:\/\/www.mycosan.com\/pt\/?s={search_term_string}\"},\"query-input\":{\"@type\":\"PropertyValueSpecification\",\"valueRequired\":true,\"valueName\":\"search_term_string\"}}],\"inLanguage\":\"pt-PT\"}]}<\/script>\n<!-- \/ Yoast SEO plugin. -->","yoast_head_json":{"title":"Mycosana Calcanhares Gretados - Mycosana Unhas","description":"Mycosan Kalknagel is bewezen effectief een eenvoudige \u00e9n snelle oplossing tegen schimmelnagels met een complete, gebruiksvriendelijke behandelset.","robots":{"index":"index","follow":"follow","max-snippet":"max-snippet:-1","max-image-preview":"max-image-preview:large","max-video-preview":"max-video-preview:-1"},"canonical":"https:\/\/www.mycosan.com\/pt\/mycosana-unhas\/mycosana-calcanhares-gretados\/","og_locale":"pt_PT","og_type":"article","og_title":"Mycosana Calcanhares Gretados - Mycosana Unhas","og_description":"Mycosan Kalknagel is bewezen effectief een eenvoudige \u00e9n snelle oplossing tegen schimmelnagels met een complete, gebruiksvriendelijke behandelset.","og_url":"https:\/\/www.mycosan.com\/pt\/mycosana-unhas\/mycosana-calcanhares-gretados\/","og_site_name":"Mycosana Unhas","article_modified_time":"2026-03-16T17:54:18+00:00","og_image":[{"width":232,"height":500,"url":"https:\/\/www.mycosan.com\/pt\/files\/2026\/03\/mycosana-cracked-heel-sm.jpg","type":"image\/jpeg"}],"twitter_misc":{"Est. reading time":"11 minutes"},"schema":{"@context":"https:\/\/schema.org","@graph":[{"@type":"WebPage","@id":"https:\/\/www.mycosan.com\/pt\/mycosana-unhas\/mycosana-calcanhares-gretados\/","url":"https:\/\/www.mycosan.com\/pt\/mycosana-unhas\/mycosana-calcanhares-gretados\/","name":"Mycosana Calcanhares Gretados - Mycosana Unhas","isPartOf":{"@id":"https:\/\/www.mycosan.com\/pt\/#website"},"primaryImageOfPage":{"@id":"https:\/\/www.mycosan.com\/pt\/mycosana-unhas\/mycosana-calcanhares-gretados\/#primaryimage"},"image":{"@id":"https:\/\/www.mycosan.com\/pt\/mycosana-unhas\/mycosana-calcanhares-gretados\/#primaryimage"},"thumbnailUrl":"https:\/\/www.mycosan.com\/pt\/files\/2026\/03\/mycosana-cracked-heel-sm.jpg","datePublished":"2026-03-02T14:45:42+00:00","dateModified":"2026-03-16T17:54:18+00:00","description":"Mycosan Kalknagel is bewezen effectief een eenvoudige \u00e9n snelle oplossing tegen schimmelnagels met een complete, gebruiksvriendelijke behandelset.","breadcrumb":{"@id":"https:\/\/www.mycosan.com\/pt\/mycosana-unhas\/mycosana-calcanhares-gretados\/#breadcrumb"},"inLanguage":"pt-PT","potentialAction":[{"@type":"ReadAction","target":["https:\/\/www.mycosan.com\/pt\/mycosana-unhas\/mycosana-calcanhares-gretados\/"]}]},{"@type":"ImageObject","inLanguage":"pt-PT","@id":"https:\/\/www.mycosan.com\/pt\/mycosana-unhas\/mycosana-calcanhares-gretados\/#primaryimage","url":"https:\/\/www.mycosan.com\/pt\/files\/2026\/03\/mycosana-cracked-heel-sm.jpg","contentUrl":"https:\/\/www.mycosan.com\/pt\/files\/2026\/03\/mycosana-cracked-heel-sm.jpg","width":232,"height":500},{"@type":"BreadcrumbList","@id":"https:\/\/www.mycosan.com\/pt\/mycosana-unhas\/mycosana-calcanhares-gretados\/#breadcrumb","itemListElement":[{"@type":"ListItem","position":1,"name":"MYCOSANA UNHAS","item":"https:\/\/www.mycosan.com\/pt\/mycosana-unhas\/"},{"@type":"ListItem","position":2,"name":"Mycosana Calcanhares Gretados"}]},{"@type":"WebSite","@id":"https:\/\/www.mycosan.com\/pt\/#website","url":"https:\/\/www.mycosan.com\/pt\/","name":"Mycosana Unhas","description":"","potentialAction":[{"@type":"SearchAction","target":{"@type":"EntryPoint","urlTemplate":"https:\/\/www.mycosan.com\/pt\/?s={search_term_string}"},"query-input":{"@type":"PropertyValueSpecification","valueRequired":true,"valueName":"search_term_string"}}],"inLanguage":"pt-PT"}]}},"_links":{"self":[{"href":"https:\/\/www.mycosan.com\/pt\/wp-json\/wp\/v2\/pages\/9711","targetHints":{"allow":["GET"]}}],"collection":[{"href":"https:\/\/www.mycosan.com\/pt\/wp-json\/wp\/v2\/pages"}],"about":[{"href":"https:\/\/www.mycosan.com\/pt\/wp-json\/wp\/v2\/types\/page"}],"author":[{"embeddable":true,"href":"https:\/\/www.mycosan.com\/pt\/wp-json\/wp\/v2\/users\/1"}],"replies":[{"embeddable":true,"href":"https:\/\/www.mycosan.com\/pt\/wp-json\/wp\/v2\/comments?post=9711"}],"version-history":[{"count":0,"href":"https:\/\/www.mycosan.com\/pt\/wp-json\/wp\/v2\/pages\/9711\/revisions"}],"up":[{"embeddable":true,"href":"https:\/\/www.mycosan.com\/pt\/wp-json\/wp\/v2\/pages\/8586"}],"wp:featuredmedia":[{"embeddable":true,"href":"https:\/\/www.mycosan.com\/pt\/wp-json\/wp\/v2\/media\/9755"}],"wp:attachment":[{"href":"https:\/\/www.mycosan.com\/pt\/wp-json\/wp\/v2\/media?parent=9711"}],"wp:term":[{"taxonomy":"page_type","embeddable":true,"href":"https:\/\/www.mycosan.com\/pt\/wp-json\/wp\/v2\/page_type?post=9711"}],"curies":[{"name":"wp","href":"https:\/\/api.w.org\/{rel}","templated":true}]}}