{"id":9121,"date":"2017-03-27T13:53:51","date_gmt":"2017-03-27T12:53:51","guid":{"rendered":"https:\/\/www.mycosan.com\/pt\/?page_id=9121"},"modified":"2017-04-06T17:08:54","modified_gmt":"2017-04-06T16:08:54","slug":"tratamento-do-pe-de-atleta","status":"publish","type":"page","link":"https:\/\/www.mycosan.com\/pt\/pe-de-atleta\/tratamento-do-pe-de-atleta\/","title":{"rendered":"Tratamento do p\u00e9-de-atleta"},"content":{"rendered":"<div id='content_wrap'  class='avia-section av-av_section-80b0a611ce0de47da984dd065b3a0f13 main_color avia-section-default avia-no-shadow  avia-builder-el-0  el_before_av_section  avia-builder-el-first  avia-bg-style-scroll container_wrap sidebar_right'  ><div class='container av-section-cont-open' ><main  role=\"main\" itemprop=\"mainContentOfPage\"  class='template-page content  av-content-small alpha units'><div class='post-entry post-entry-type-page post-entry-9121'><div class='entry-content-wrapper clearfix'>\n<div  class='flex_column av-av_one_fourth-2a9015ff38129c418a3f2eafba3e9512 av_one_fourth  avia-builder-el-1  el_before_av_three_fourth  avia-builder-el-first  first flex_column_div  '     ><style type=\"text\/css\" data-created_by=\"avia_inline_auto\" id=\"style-css-av-av_image-e156fd7369453eef5a63a6d8f6c7c894\">\n.avia-image-container.av-av_image-e156fd7369453eef5a63a6d8f6c7c894 img.avia_image{\nbox-shadow:none;\n}\n.avia-image-container.av-av_image-e156fd7369453eef5a63a6d8f6c7c894 .av-image-caption-overlay-center{\ncolor:#ffffff;\n}\n<\/style>\n<div  class='avia-image-container av-av_image-e156fd7369453eef5a63a6d8f6c7c894 av-styling- avia_animated_image av-animated-when-visible-95 left-to-right avia-align-center  avia-builder-el-2  avia-builder-el-no-sibling '   itemprop=\"image\" itemscope=\"itemscope\" itemtype=\"https:\/\/schema.org\/ImageObject\" ><div class=\"avia-image-container-inner\"><div class=\"avia-image-overlay-wrap\"><img decoding=\"async\" fetchpriority=\"high\" class='wp-image-5379 avia-img-lazy-loading-not-5379 avia_image ' src=\"https:\/\/www.mycosan.com\/pt\/files\/2015\/01\/Stap2_aanbrengen.jpg\" alt='' title='Stap2_aanbrengen'  height=\"170\" width=\"305\"  itemprop=\"thumbnailUrl\" srcset=\"https:\/\/www.mycosan.com\/pt\/files\/2015\/01\/Stap2_aanbrengen.jpg 305w, https:\/\/www.mycosan.com\/pt\/files\/2015\/01\/Stap2_aanbrengen-300x167.jpg 300w, https:\/\/www.mycosan.com\/pt\/files\/2015\/01\/Stap2_aanbrengen-250x139.jpg 250w\" sizes=\"(max-width: 305px) 100vw, 305px\" \/><\/div><\/div><\/div><\/div>\n<style type=\"text\/css\" data-created_by=\"avia_inline_auto\" id=\"style-css-av-av_three_fourth-9c1d454dc06f7247226bc4e8f931daae\">\n.flex_column.av-av_three_fourth-9c1d454dc06f7247226bc4e8f931daae{\nborder-radius:0px 0px 0px 0px;\npadding:0px 0px 0px 0px;\n}\n<\/style>\n<div  class='flex_column av-av_three_fourth-9c1d454dc06f7247226bc4e8f931daae av_three_fourth  avia-builder-el-3  el_after_av_one_fourth  avia-builder-el-last  flex_column_div av-zero-column-padding  '     ><style type=\"text\/css\" data-created_by=\"avia_inline_auto\" id=\"style-css-av-av_textblock-176f38f22d4d7398d795c12a0b116ead\">\n#top .av_textblock_section.av-av_textblock-176f38f22d4d7398d795c12a0b116ead .avia_textblock{\ncolor:#502b7d;\n}\n<\/style>\n<section  class='av_textblock_section av-av_textblock-176f38f22d4d7398d795c12a0b116ead '   itemscope=\"itemscope\" itemtype=\"https:\/\/schema.org\/CreativeWork\" ><div class='avia_textblock av_inherit_color'  itemprop=\"text\" ><h1>TRATAMENTO DO P\u00c9-DE-ATLETA<\/h1>\n<\/div><\/section><br \/>\n<div  class='hr av-av_hr-adc270ec1caa4c007d35a76dc806dd8e hr-default  avia-builder-el-5  el_after_av_textblock  el_before_av_textblock '><span class='hr-inner '><span class=\"hr-inner-style\"><\/span><\/span><\/div><br \/>\n<section  class='av_textblock_section av-av_textblock-0366cc7376be6c9e82a3e9cc8987b64f '   itemscope=\"itemscope\" itemtype=\"https:\/\/schema.org\/CreativeWork\" ><div class='avia_textblock'  itemprop=\"text\" ><p>\u00c9 importante tratar o p\u00e9-de-atleta, pois \u00e9 muito desconfort\u00e1vel e contagioso, podendo alastrar-se a outras partes do corpo.<\/p>\n<h4>Tratamento t\u00f3pico<\/h4>\n<p>O p\u00e9-de-atleta pode, geralmente, ser tratado com um creme ou uma pomada, contendo um fungicida ou um agente inibidor de crescimento. Aplica-se, normalmente, uma ou duas vezes por dia. Esses produtos anti-f\u00fangicos danificam a parede celular dos fungos, causando a sua morte.<\/p>\n<p>A comich\u00e3o e a vermelhid\u00e3o diminuem dentro de alguns dias. No entanto, demora algumas semanas at\u00e9 que o p\u00e9 esteja completamente s\u00e3o. Por isso, \u00e9 importante continuar o tratamento, mesmo ap\u00f3s o desaparecimento dos sintomas.<\/p>\n<h4>Tratamento oral<\/h4>\n<p>Em casos severos, recorre-se a tratamentos de prescri\u00e7\u00e3o m\u00e9dica. Estes tratamentos podem ser complementados com o p\u00f3 antif\u00fangico, para utilizar nos sapatos e meias.<\/p>\n<h4>Conselhos para prevenir o p\u00e9-de-atleta:<strong>\u00a0<\/strong><\/h4>\n<ul>\n<li>Secar bem os p\u00e9s ap\u00f3s o banho, principalmente entre os dedos.<\/li>\n<li>Opte por usar meias de algod\u00e3o, que deixam os p\u00e9s mais frescos e secos. Mude com mais regularidade, em caso de transpira\u00e7\u00e3o excessiva.<\/li>\n<li>Utilize sempre chinelos em espa\u00e7os p\u00fablicos.<\/li>\n<\/ul>\n<\/div><\/section><\/p><\/div>\n\n<\/div><\/div><\/main><!-- close content main element --><\/div><\/div><div id='box_shadow'  class='avia-section av-av_section-c1b66236f827c11b12d78e3f5bd63f00 alternate_color avia-section-no-padding avia-no-border-styling  avia-builder-el-7  el_after_av_section  avia-builder-el-last  avia-bg-style-scroll av-minimum-height av-minimum-height-custom av-height-custom  container_wrap sidebar_right'   data-av_minimum_height_px='50'><div class='container av-section-cont-open' style='height:50px'><div class='template-page content  av-content-small alpha units'><div class='post-entry post-entry-type-page post-entry-9121'><div class='entry-content-wrapper clearfix'>\n\n<style type=\"text\/css\" data-created_by=\"avia_inline_auto\" id=\"style-css-av-av_one_fifth-9497bbf8bff73ea4c6992cc17fa9ec36\">\n.flex_column.av-av_one_fifth-9497bbf8bff73ea4c6992cc17fa9ec36{\nborder-radius:0px 0px 0px 0px;\npadding:0px 0px 0px 0px;\n}\n<\/style>\n<div  class='flex_column av-av_one_fifth-9497bbf8bff73ea4c6992cc17fa9ec36 av_one_fifth  avia-builder-el-8  el_before_av_three_fifth  avia-builder-el-first  first flex_column_div av-zero-column-padding  '     ><\/div>\n<style type=\"text\/css\" data-created_by=\"avia_inline_auto\" id=\"style-css-av-av_three_fifth-9c1d454dc06f7247226bc4e8f931daae\">\n.flex_column.av-av_three_fifth-9c1d454dc06f7247226bc4e8f931daae{\nborder-radius:0px 0px 0px 0px;\npadding:0px 0px 0px 0px;\n}\n<\/style>\n<div  class='flex_column av-av_three_fifth-9c1d454dc06f7247226bc4e8f931daae av_three_fifth  avia-builder-el-9  el_after_av_one_fifth  el_before_av_one_fifth  flex_column_div av-zero-column-padding  '     ><div  class='avia-button-wrap av-av_button-8c3797de99a0d0ddc0e3a9a608a73591-wrap avia-button-center  avia-builder-el-10  avia-builder-el-no-sibling '><a href='https:\/\/www.mycosan.com\/pt\/dicas-para-pes-saudaveis\/'  class='avia-button av-av_button-8c3797de99a0d0ddc0e3a9a608a73591 av-link-btn avia-icon_select-no avia-size-large avia-position-center avia-color-blue'   aria-label=\"Saiba mais em Dicas &amp; Conselhos\"><span class='avia_iconbox_title' >Saiba mais em Dicas &amp; Conselhos<\/span><\/a><\/div><\/div>\n<style type=\"text\/css\" data-created_by=\"avia_inline_auto\" id=\"style-css-av-av_one_fifth-9c1d454dc06f7247226bc4e8f931daae\">\n.flex_column.av-av_one_fifth-9c1d454dc06f7247226bc4e8f931daae{\nborder-radius:0px 0px 0px 0px;\npadding:0px 0px 0px 0px;\n}\n<\/style>\n<div  class='flex_column av-av_one_fifth-9c1d454dc06f7247226bc4e8f931daae av_one_fifth  avia-builder-el-11  el_after_av_three_fifth  avia-builder-el-last  flex_column_div av-zero-column-padding  '     ><\/div>\n<\/div><\/div><\/div><!-- close content main div --><\/div><\/div><div id='after_section_2'  class='main_color av_default_container_wrap container_wrap sidebar_right'  ><div class='container av-section-cont-open' ><div class='template-page content  av-content-small alpha units'><div class='post-entry post-entry-type-page post-entry-9121'><div class='entry-content-wrapper clearfix'>\n","protected":false},"excerpt":{"rendered":"","protected":false},"author":1,"featured_media":0,"parent":8590,"menu_order":0,"comment_status":"closed","ping_status":"closed","template":"","meta":{"_acf_changed":false,"footnotes":""},"page_type":[],"class_list":["post-9121","page","type-page","status-publish","hentry"],"acf":[],"yoast_head":"<!-- This site is optimized with the Yoast SEO plugin v26.9 - https:\/\/yoast.com\/product\/yoast-seo-wordpress\/ -->\n<title>Tratamento do p\u00e9-de-atleta - Mycosana Unhas<\/title>\n<meta name=\"robots\" content=\"index, follow, max-snippet:-1, max-image-preview:large, max-video-preview:-1\" \/>\n<link rel=\"canonical\" href=\"https:\/\/www.mycosan.com\/pt\/pe-de-atleta\/tratamento-do-pe-de-atleta\/\" \/>\n<meta property=\"og:locale\" content=\"pt_PT\" \/>\n<meta property=\"og:type\" content=\"article\" \/>\n<meta property=\"og:title\" content=\"Tratamento do p\u00e9-de-atleta - Mycosana Unhas\" \/>\n<meta property=\"og:url\" content=\"https:\/\/www.mycosan.com\/pt\/pe-de-atleta\/tratamento-do-pe-de-atleta\/\" \/>\n<meta property=\"og:site_name\" content=\"Mycosana Unhas\" \/>\n<meta property=\"article:modified_time\" content=\"2017-04-06T16:08:54+00:00\" \/>\n<meta name=\"twitter:label1\" content=\"Est. reading time\" \/>\n\t<meta name=\"twitter:data1\" content=\"3 minutes\" \/>\n<script type=\"application\/ld+json\" class=\"yoast-schema-graph\">{\"@context\":\"https:\/\/schema.org\",\"@graph\":[{\"@type\":\"WebPage\",\"@id\":\"https:\/\/www.mycosan.com\/pt\/pe-de-atleta\/tratamento-do-pe-de-atleta\/\",\"url\":\"https:\/\/www.mycosan.com\/pt\/pe-de-atleta\/tratamento-do-pe-de-atleta\/\",\"name\":\"Tratamento do p\u00e9-de-atleta - Mycosana Unhas\",\"isPartOf\":{\"@id\":\"https:\/\/www.mycosan.com\/pt\/#website\"},\"datePublished\":\"2017-03-27T12:53:51+00:00\",\"dateModified\":\"2017-04-06T16:08:54+00:00\",\"breadcrumb\":{\"@id\":\"https:\/\/www.mycosan.com\/pt\/pe-de-atleta\/tratamento-do-pe-de-atleta\/#breadcrumb\"},\"inLanguage\":\"pt-PT\",\"potentialAction\":[{\"@type\":\"ReadAction\",\"target\":[\"https:\/\/www.mycosan.com\/pt\/pe-de-atleta\/tratamento-do-pe-de-atleta\/\"]}]},{\"@type\":\"BreadcrumbList\",\"@id\":\"https:\/\/www.mycosan.com\/pt\/pe-de-atleta\/tratamento-do-pe-de-atleta\/#breadcrumb\",\"itemListElement\":[{\"@type\":\"ListItem\",\"position\":1,\"name\":\"P\u00e9-de-atleta\",\"item\":\"https:\/\/www.mycosan.com\/pt\/pe-de-atleta\/\"},{\"@type\":\"ListItem\",\"position\":2,\"name\":\"Tratamento do p\u00e9-de-atleta\"}]},{\"@type\":\"WebSite\",\"@id\":\"https:\/\/www.mycosan.com\/pt\/#website\",\"url\":\"https:\/\/www.mycosan.com\/pt\/\",\"name\":\"Mycosana Unhas\",\"description\":\"\",\"potentialAction\":[{\"@type\":\"SearchAction\",\"target\":{\"@type\":\"EntryPoint\",\"urlTemplate\":\"https:\/\/www.mycosan.com\/pt\/?s={search_term_string}\"},\"query-input\":{\"@type\":\"PropertyValueSpecification\",\"valueRequired\":true,\"valueName\":\"search_term_string\"}}],\"inLanguage\":\"pt-PT\"}]}<\/script>\n<!-- \/ Yoast SEO plugin. -->","yoast_head_json":{"title":"Tratamento do p\u00e9-de-atleta - Mycosana Unhas","robots":{"index":"index","follow":"follow","max-snippet":"max-snippet:-1","max-image-preview":"max-image-preview:large","max-video-preview":"max-video-preview:-1"},"canonical":"https:\/\/www.mycosan.com\/pt\/pe-de-atleta\/tratamento-do-pe-de-atleta\/","og_locale":"pt_PT","og_type":"article","og_title":"Tratamento do p\u00e9-de-atleta - Mycosana Unhas","og_url":"https:\/\/www.mycosan.com\/pt\/pe-de-atleta\/tratamento-do-pe-de-atleta\/","og_site_name":"Mycosana Unhas","article_modified_time":"2017-04-06T16:08:54+00:00","twitter_misc":{"Est. reading time":"3 minutes"},"schema":{"@context":"https:\/\/schema.org","@graph":[{"@type":"WebPage","@id":"https:\/\/www.mycosan.com\/pt\/pe-de-atleta\/tratamento-do-pe-de-atleta\/","url":"https:\/\/www.mycosan.com\/pt\/pe-de-atleta\/tratamento-do-pe-de-atleta\/","name":"Tratamento do p\u00e9-de-atleta - Mycosana Unhas","isPartOf":{"@id":"https:\/\/www.mycosan.com\/pt\/#website"},"datePublished":"2017-03-27T12:53:51+00:00","dateModified":"2017-04-06T16:08:54+00:00","breadcrumb":{"@id":"https:\/\/www.mycosan.com\/pt\/pe-de-atleta\/tratamento-do-pe-de-atleta\/#breadcrumb"},"inLanguage":"pt-PT","potentialAction":[{"@type":"ReadAction","target":["https:\/\/www.mycosan.com\/pt\/pe-de-atleta\/tratamento-do-pe-de-atleta\/"]}]},{"@type":"BreadcrumbList","@id":"https:\/\/www.mycosan.com\/pt\/pe-de-atleta\/tratamento-do-pe-de-atleta\/#breadcrumb","itemListElement":[{"@type":"ListItem","position":1,"name":"P\u00e9-de-atleta","item":"https:\/\/www.mycosan.com\/pt\/pe-de-atleta\/"},{"@type":"ListItem","position":2,"name":"Tratamento do p\u00e9-de-atleta"}]},{"@type":"WebSite","@id":"https:\/\/www.mycosan.com\/pt\/#website","url":"https:\/\/www.mycosan.com\/pt\/","name":"Mycosana Unhas","description":"","potentialAction":[{"@type":"SearchAction","target":{"@type":"EntryPoint","urlTemplate":"https:\/\/www.mycosan.com\/pt\/?s={search_term_string}"},"query-input":{"@type":"PropertyValueSpecification","valueRequired":true,"valueName":"search_term_string"}}],"inLanguage":"pt-PT"}]}},"_links":{"self":[{"href":"https:\/\/www.mycosan.com\/pt\/wp-json\/wp\/v2\/pages\/9121","targetHints":{"allow":["GET"]}}],"collection":[{"href":"https:\/\/www.mycosan.com\/pt\/wp-json\/wp\/v2\/pages"}],"about":[{"href":"https:\/\/www.mycosan.com\/pt\/wp-json\/wp\/v2\/types\/page"}],"author":[{"embeddable":true,"href":"https:\/\/www.mycosan.com\/pt\/wp-json\/wp\/v2\/users\/1"}],"replies":[{"embeddable":true,"href":"https:\/\/www.mycosan.com\/pt\/wp-json\/wp\/v2\/comments?post=9121"}],"version-history":[{"count":0,"href":"https:\/\/www.mycosan.com\/pt\/wp-json\/wp\/v2\/pages\/9121\/revisions"}],"up":[{"embeddable":true,"href":"https:\/\/www.mycosan.com\/pt\/wp-json\/wp\/v2\/pages\/8590"}],"wp:attachment":[{"href":"https:\/\/www.mycosan.com\/pt\/wp-json\/wp\/v2\/media?parent=9121"}],"wp:term":[{"taxonomy":"page_type","embeddable":true,"href":"https:\/\/www.mycosan.com\/pt\/wp-json\/wp\/v2\/page_type?post=9121"}],"curies":[{"name":"wp","href":"https:\/\/api.w.org\/{rel}","templated":true}]}}