{"id":9114,"date":"2017-03-27T13:46:47","date_gmt":"2017-03-27T12:46:47","guid":{"rendered":"https:\/\/www.mycosan.com\/pt\/?page_id=9114"},"modified":"2026-03-12T16:55:38","modified_gmt":"2026-03-12T15:55:38","slug":"causas-do-pe-de-atleta","status":"publish","type":"page","link":"https:\/\/www.mycosan.com\/pt\/pe-de-atleta\/causas-do-pe-de-atleta\/","title":{"rendered":"Causas do p\u00e9-de-atleta"},"content":{"rendered":"<div id='content_wrap'  class='avia-section av-krzx6i-2fd817abe2a9f14039580069ab8fb234 main_color avia-section-default avia-no-shadow  avia-builder-el-0  el_before_av_section  avia-builder-el-first  avia-bg-style-scroll container_wrap sidebar_right'  ><div class='container av-section-cont-open' ><main  role=\"main\" itemprop=\"mainContentOfPage\"  class='template-page content  av-content-small alpha units'><div class='post-entry post-entry-type-page post-entry-9114'><div class='entry-content-wrapper clearfix'>\n<div  class='flex_column av-ju4sai-f6bcd1098073b59d2bb02e92f59ebd0d av_one_fourth  avia-builder-el-1  el_before_av_three_fourth  avia-builder-el-first  first flex_column_div  '     ><style type=\"text\/css\" data-created_by=\"avia_inline_auto\" id=\"style-css-av-h5iciy-3e86a6988a16d5346dd0176c98d6ed98\">\n.avia-image-container.av-h5iciy-3e86a6988a16d5346dd0176c98d6ed98 img.avia_image{\nbox-shadow:none;\n}\n.avia-image-container.av-h5iciy-3e86a6988a16d5346dd0176c98d6ed98 .av-image-caption-overlay-center{\ncolor:#ffffff;\n}\n<\/style>\n<div  class='avia-image-container av-h5iciy-3e86a6988a16d5346dd0176c98d6ed98 av-styling- avia_animated_image av-animated-when-visible-95 left-to-right avia-align-center  avia-builder-el-2  avia-builder-el-no-sibling '   itemprop=\"image\" itemscope=\"itemscope\" itemtype=\"https:\/\/schema.org\/ImageObject\" ><div class=\"avia-image-container-inner\"><div class=\"avia-image-overlay-wrap\"><img decoding=\"async\" fetchpriority=\"high\" class='wp-image-5300 avia-img-lazy-loading-not-5300 avia_image ' src=\"https:\/\/www.mycosan.com\/pt\/files\/2015\/01\/VoetschimmelSymptomen.jpg\" alt='Voetschimmel Symptomen Mycosan' title='VoetschimmelSymptomen'  height=\"235\" width=\"337\"  itemprop=\"thumbnailUrl\" srcset=\"https:\/\/www.mycosan.com\/pt\/files\/2015\/01\/VoetschimmelSymptomen.jpg 337w, https:\/\/www.mycosan.com\/pt\/files\/2015\/01\/VoetschimmelSymptomen-300x209.jpg 300w, https:\/\/www.mycosan.com\/pt\/files\/2015\/01\/VoetschimmelSymptomen-250x174.jpg 250w\" sizes=\"(max-width: 337px) 100vw, 337px\" \/><\/div><\/div><\/div><\/div>\n<style type=\"text\/css\" data-created_by=\"avia_inline_auto\" id=\"style-css-av-fd315m-f58af1dcd841bcc6d9401df2b31dc307\">\n.flex_column.av-fd315m-f58af1dcd841bcc6d9401df2b31dc307{\nborder-radius:0px 0px 0px 0px;\npadding:0px 0px 0px 0px;\n}\n<\/style>\n<div  class='flex_column av-fd315m-f58af1dcd841bcc6d9401df2b31dc307 av_three_fourth  avia-builder-el-3  el_after_av_one_fourth  avia-builder-el-last  flex_column_div av-zero-column-padding  '     ><style type=\"text\/css\" data-created_by=\"avia_inline_auto\" id=\"style-css-av-dxo1cq-850a273aa2bc619bf8e1bb50a94f67d3\">\n#top .av_textblock_section.av-dxo1cq-850a273aa2bc619bf8e1bb50a94f67d3 .avia_textblock{\ncolor:#502b7d;\n}\n<\/style>\n<section  class='av_textblock_section av-dxo1cq-850a273aa2bc619bf8e1bb50a94f67d3 '   itemscope=\"itemscope\" itemtype=\"https:\/\/schema.org\/CreativeWork\" ><div class='avia_textblock av_inherit_color'  itemprop=\"text\" ><h1>CAUSAS DO P\u00c9-DE-ATLETA<\/h1>\n<\/div><\/section><br \/>\n<div  class='hr av-c3e2ai-ad4eb453cd3e79b679bd4122845e7d5e hr-default  avia-builder-el-5  el_after_av_textblock  el_before_av_textblock '><span class='hr-inner '><span class=\"hr-inner-style\"><\/span><\/span><\/div><br \/>\n<section  class='av_textblock_section av-10tn2y-d8614c326ca9ae3834f6df2ab46c6f51 '   itemscope=\"itemscope\" itemtype=\"https:\/\/schema.org\/CreativeWork\" ><div class='avia_textblock'  itemprop=\"text\" ><p>Este tipo de infe\u00e7\u00e3o acontece quando o fungo encontra um ambiente h\u00famido, prop\u00edcio ao seu desenvolvimento.<\/p>\n<ul>\n<li>Andar descal\u00e7o em espa\u00e7os p\u00fablicos (piscinas, balne\u00e1rios, saunas\u2026)<\/li>\n<li>Transpira\u00e7\u00e3o excessiva<\/li>\n<li>Utiliza\u00e7\u00e3o de cal\u00e7ado fechado<\/li>\n<li>M\u00e1 higiene dos p\u00e9s e cal\u00e7ado<\/li>\n<\/ul>\n<h4>Quem tem maior risco de ter p\u00e9-de-atleta?<\/h4>\n<ul>\n<li>Pessoas que j\u00e1 tenham tido p\u00e9-de-atleta<\/li>\n<li>Pessoas com fungos das unhas<\/li>\n<li>Pessoas que frequentam espa\u00e7os p\u00fablicos como piscinas, balne\u00e1rios ou saunas<\/li>\n<li>Transpira\u00e7\u00e3o excessiva<\/li>\n<li>Utiliza\u00e7\u00e3o de cal\u00e7ado fechado<\/li>\n<li>M\u00e1 higiene dos p\u00e9s e cal\u00e7ado<\/li>\n<\/ul>\n<\/div><\/section><\/p><\/div><\/div><\/div><\/main><!-- close content main element --><\/div><\/div><div id='box_shadow'  class='avia-section av-8jext6-250ea75ef5ba33638d5cda70bec2e990 alternate_color avia-section-no-padding avia-no-border-styling  avia-builder-el-7  el_after_av_section  avia-builder-el-last  avia-bg-style-scroll av-minimum-height av-minimum-height-custom av-height-custom  container_wrap sidebar_right'   data-av_minimum_height_px='50'><div class='container av-section-cont-open' style='height:50px'><div class='template-page content  av-content-small alpha units'><div class='post-entry post-entry-type-page post-entry-9114'><div class='entry-content-wrapper clearfix'>\n\n<style type=\"text\/css\" data-created_by=\"avia_inline_auto\" id=\"style-css-av-6x0yii-1525bf185dbfd8774d91d6fe10bc67f6\">\n.flex_column.av-6x0yii-1525bf185dbfd8774d91d6fe10bc67f6{\nborder-radius:0px 0px 0px 0px;\npadding:0px 0px 0px 0px;\n}\n<\/style>\n<div  class='flex_column av-6x0yii-1525bf185dbfd8774d91d6fe10bc67f6 av_one_fifth  avia-builder-el-8  el_before_av_three_fifth  avia-builder-el-first  first flex_column_div av-zero-column-padding  '     ><\/div>\n<style type=\"text\/css\" data-created_by=\"avia_inline_auto\" id=\"style-css-av-688wbe-c5d72800801e1c6f6195a05f6e5eaf3b\">\n.flex_column.av-688wbe-c5d72800801e1c6f6195a05f6e5eaf3b{\nborder-radius:0px 0px 0px 0px;\npadding:0px 0px 0px 0px;\n}\n<\/style>\n<div  class='flex_column av-688wbe-c5d72800801e1c6f6195a05f6e5eaf3b av_three_fifth  avia-builder-el-9  el_after_av_one_fifth  el_before_av_one_fifth  flex_column_div av-zero-column-padding  '     ><div  class='avia-button-wrap av-4ma4uy-1b63c4e89ce8947f63ef5c0eb9f401d3-wrap avia-button-center  avia-builder-el-10  avia-builder-el-no-sibling '><a href='https:\/\/www.mycosan.com\/pt\/onde-comprar-mycosana-unhas\/'  class='avia-button av-4ma4uy-1b63c4e89ce8947f63ef5c0eb9f401d3 av-link-btn avia-icon_select-no avia-size-large avia-position-center avia-color-blue'   aria-label=\"Onde comprar Mycosana p\u00e9-de-atleta?\"><span class='avia_iconbox_title' >Onde comprar Mycosana p\u00e9-de-atleta?<\/span><\/a><\/div><\/div>\n<style type=\"text\/css\" data-created_by=\"avia_inline_auto\" id=\"style-css-av-20m096-d48f193551dbbf6cf2e33d68bbb47219\">\n.flex_column.av-20m096-d48f193551dbbf6cf2e33d68bbb47219{\nborder-radius:0px 0px 0px 0px;\npadding:0px 0px 0px 0px;\n}\n<\/style>\n<div  class='flex_column av-20m096-d48f193551dbbf6cf2e33d68bbb47219 av_one_fifth  avia-builder-el-11  el_after_av_three_fifth  avia-builder-el-last  flex_column_div av-zero-column-padding  '     ><\/div>\n<\/div><\/div><\/div><!-- close content main div --><\/div><\/div><div id='after_section_2'  class='main_color av_default_container_wrap container_wrap sidebar_right'  ><div class='container av-section-cont-open' ><div class='template-page content  av-content-small alpha units'><div class='post-entry post-entry-type-page post-entry-9114'><div class='entry-content-wrapper clearfix'><\/p>\n","protected":false},"excerpt":{"rendered":"","protected":false},"author":1,"featured_media":0,"parent":8590,"menu_order":0,"comment_status":"closed","ping_status":"closed","template":"","meta":{"_acf_changed":false,"footnotes":""},"page_type":[],"class_list":["post-9114","page","type-page","status-publish","hentry"],"acf":[],"yoast_head":"<!-- This site is optimized with the Yoast SEO plugin v26.9 - https:\/\/yoast.com\/product\/yoast-seo-wordpress\/ -->\n<title>Causas do p\u00e9-de-atleta - Mycosana Unhas<\/title>\n<meta name=\"robots\" content=\"index, follow, max-snippet:-1, max-image-preview:large, max-video-preview:-1\" \/>\n<link rel=\"canonical\" href=\"https:\/\/www.mycosan.com\/pt\/pe-de-atleta\/causas-do-pe-de-atleta\/\" \/>\n<meta property=\"og:locale\" content=\"pt_PT\" \/>\n<meta property=\"og:type\" content=\"article\" \/>\n<meta property=\"og:title\" content=\"Causas do p\u00e9-de-atleta - Mycosana Unhas\" \/>\n<meta property=\"og:url\" content=\"https:\/\/www.mycosan.com\/pt\/pe-de-atleta\/causas-do-pe-de-atleta\/\" \/>\n<meta property=\"og:site_name\" content=\"Mycosana Unhas\" \/>\n<meta property=\"article:modified_time\" content=\"2026-03-12T15:55:38+00:00\" \/>\n<meta name=\"twitter:label1\" content=\"Est. reading time\" \/>\n\t<meta name=\"twitter:data1\" content=\"3 minutes\" \/>\n<script type=\"application\/ld+json\" class=\"yoast-schema-graph\">{\"@context\":\"https:\/\/schema.org\",\"@graph\":[{\"@type\":\"WebPage\",\"@id\":\"https:\/\/www.mycosan.com\/pt\/pe-de-atleta\/causas-do-pe-de-atleta\/\",\"url\":\"https:\/\/www.mycosan.com\/pt\/pe-de-atleta\/causas-do-pe-de-atleta\/\",\"name\":\"Causas do p\u00e9-de-atleta - Mycosana Unhas\",\"isPartOf\":{\"@id\":\"https:\/\/www.mycosan.com\/pt\/#website\"},\"datePublished\":\"2017-03-27T12:46:47+00:00\",\"dateModified\":\"2026-03-12T15:55:38+00:00\",\"breadcrumb\":{\"@id\":\"https:\/\/www.mycosan.com\/pt\/pe-de-atleta\/causas-do-pe-de-atleta\/#breadcrumb\"},\"inLanguage\":\"pt-PT\",\"potentialAction\":[{\"@type\":\"ReadAction\",\"target\":[\"https:\/\/www.mycosan.com\/pt\/pe-de-atleta\/causas-do-pe-de-atleta\/\"]}]},{\"@type\":\"BreadcrumbList\",\"@id\":\"https:\/\/www.mycosan.com\/pt\/pe-de-atleta\/causas-do-pe-de-atleta\/#breadcrumb\",\"itemListElement\":[{\"@type\":\"ListItem\",\"position\":1,\"name\":\"P\u00e9-de-atleta\",\"item\":\"https:\/\/www.mycosan.com\/pt\/pe-de-atleta\/\"},{\"@type\":\"ListItem\",\"position\":2,\"name\":\"Causas do p\u00e9-de-atleta\"}]},{\"@type\":\"WebSite\",\"@id\":\"https:\/\/www.mycosan.com\/pt\/#website\",\"url\":\"https:\/\/www.mycosan.com\/pt\/\",\"name\":\"Mycosana Unhas\",\"description\":\"\",\"potentialAction\":[{\"@type\":\"SearchAction\",\"target\":{\"@type\":\"EntryPoint\",\"urlTemplate\":\"https:\/\/www.mycosan.com\/pt\/?s={search_term_string}\"},\"query-input\":{\"@type\":\"PropertyValueSpecification\",\"valueRequired\":true,\"valueName\":\"search_term_string\"}}],\"inLanguage\":\"pt-PT\"}]}<\/script>\n<!-- \/ Yoast SEO plugin. -->","yoast_head_json":{"title":"Causas do p\u00e9-de-atleta - Mycosana Unhas","robots":{"index":"index","follow":"follow","max-snippet":"max-snippet:-1","max-image-preview":"max-image-preview:large","max-video-preview":"max-video-preview:-1"},"canonical":"https:\/\/www.mycosan.com\/pt\/pe-de-atleta\/causas-do-pe-de-atleta\/","og_locale":"pt_PT","og_type":"article","og_title":"Causas do p\u00e9-de-atleta - Mycosana Unhas","og_url":"https:\/\/www.mycosan.com\/pt\/pe-de-atleta\/causas-do-pe-de-atleta\/","og_site_name":"Mycosana Unhas","article_modified_time":"2026-03-12T15:55:38+00:00","twitter_misc":{"Est. reading time":"3 minutes"},"schema":{"@context":"https:\/\/schema.org","@graph":[{"@type":"WebPage","@id":"https:\/\/www.mycosan.com\/pt\/pe-de-atleta\/causas-do-pe-de-atleta\/","url":"https:\/\/www.mycosan.com\/pt\/pe-de-atleta\/causas-do-pe-de-atleta\/","name":"Causas do p\u00e9-de-atleta - Mycosana Unhas","isPartOf":{"@id":"https:\/\/www.mycosan.com\/pt\/#website"},"datePublished":"2017-03-27T12:46:47+00:00","dateModified":"2026-03-12T15:55:38+00:00","breadcrumb":{"@id":"https:\/\/www.mycosan.com\/pt\/pe-de-atleta\/causas-do-pe-de-atleta\/#breadcrumb"},"inLanguage":"pt-PT","potentialAction":[{"@type":"ReadAction","target":["https:\/\/www.mycosan.com\/pt\/pe-de-atleta\/causas-do-pe-de-atleta\/"]}]},{"@type":"BreadcrumbList","@id":"https:\/\/www.mycosan.com\/pt\/pe-de-atleta\/causas-do-pe-de-atleta\/#breadcrumb","itemListElement":[{"@type":"ListItem","position":1,"name":"P\u00e9-de-atleta","item":"https:\/\/www.mycosan.com\/pt\/pe-de-atleta\/"},{"@type":"ListItem","position":2,"name":"Causas do p\u00e9-de-atleta"}]},{"@type":"WebSite","@id":"https:\/\/www.mycosan.com\/pt\/#website","url":"https:\/\/www.mycosan.com\/pt\/","name":"Mycosana Unhas","description":"","potentialAction":[{"@type":"SearchAction","target":{"@type":"EntryPoint","urlTemplate":"https:\/\/www.mycosan.com\/pt\/?s={search_term_string}"},"query-input":{"@type":"PropertyValueSpecification","valueRequired":true,"valueName":"search_term_string"}}],"inLanguage":"pt-PT"}]}},"_links":{"self":[{"href":"https:\/\/www.mycosan.com\/pt\/wp-json\/wp\/v2\/pages\/9114","targetHints":{"allow":["GET"]}}],"collection":[{"href":"https:\/\/www.mycosan.com\/pt\/wp-json\/wp\/v2\/pages"}],"about":[{"href":"https:\/\/www.mycosan.com\/pt\/wp-json\/wp\/v2\/types\/page"}],"author":[{"embeddable":true,"href":"https:\/\/www.mycosan.com\/pt\/wp-json\/wp\/v2\/users\/1"}],"replies":[{"embeddable":true,"href":"https:\/\/www.mycosan.com\/pt\/wp-json\/wp\/v2\/comments?post=9114"}],"version-history":[{"count":0,"href":"https:\/\/www.mycosan.com\/pt\/wp-json\/wp\/v2\/pages\/9114\/revisions"}],"up":[{"embeddable":true,"href":"https:\/\/www.mycosan.com\/pt\/wp-json\/wp\/v2\/pages\/8590"}],"wp:attachment":[{"href":"https:\/\/www.mycosan.com\/pt\/wp-json\/wp\/v2\/media?parent=9114"}],"wp:term":[{"taxonomy":"page_type","embeddable":true,"href":"https:\/\/www.mycosan.com\/pt\/wp-json\/wp\/v2\/page_type?post=9114"}],"curies":[{"name":"wp","href":"https:\/\/api.w.org\/{rel}","templated":true}]}}