{"id":9111,"date":"2017-03-27T13:44:38","date_gmt":"2017-03-27T12:44:38","guid":{"rendered":"https:\/\/www.mycosan.com\/pt\/?page_id=9111"},"modified":"2023-08-30T11:15:41","modified_gmt":"2023-08-30T10:15:41","slug":"o-que-e-o-pe-de-atleta","status":"publish","type":"page","link":"https:\/\/www.mycosan.com\/pt\/pe-de-atleta\/o-que-e-o-pe-de-atleta\/","title":{"rendered":"O que \u00e9 o p\u00e9-de-atleta?"},"content":{"rendered":"<div id='content_wrap'  class='avia-section av-lg3c13-e437fd40a4a40e2dcc29d0e11f7d06ac main_color avia-section-default avia-no-shadow  avia-builder-el-0  el_before_av_section  avia-builder-el-first  avia-bg-style-scroll container_wrap sidebar_right'  ><div class='container av-section-cont-open' ><main  role=\"main\" itemprop=\"mainContentOfPage\"  class='template-page content  av-content-small alpha units'><div class='post-entry post-entry-type-page post-entry-9111'><div class='entry-content-wrapper clearfix'>\n<div  class='flex_column av-jhg1dz-0776c716d99beca0242e7f8220989024 av_one_fourth  avia-builder-el-1  el_before_av_three_fourth  avia-builder-el-first  first flex_column_div  '     ><style type=\"text\/css\" data-created_by=\"avia_inline_auto\" id=\"style-css-av-gzn87r-091652c9c4526b24a95084af4039a61a\">\n.avia-image-container.av-gzn87r-091652c9c4526b24a95084af4039a61a img.avia_image{\nbox-shadow:none;\n}\n.avia-image-container.av-gzn87r-091652c9c4526b24a95084af4039a61a .av-image-caption-overlay-center{\ncolor:#ffffff;\n}\n<\/style>\n<div  class='avia-image-container av-gzn87r-091652c9c4526b24a95084af4039a61a av-styling- avia_animated_image av-animated-when-visible-95 left-to-right avia-align-center  avia-builder-el-2  avia-builder-el-no-sibling '   itemprop=\"image\" itemscope=\"itemscope\" itemtype=\"https:\/\/schema.org\/ImageObject\" ><div class=\"avia-image-container-inner\"><div class=\"avia-image-overlay-wrap\"><img decoding=\"async\" fetchpriority=\"high\" class='wp-image-9586 avia-img-lazy-loading-not-9586 avia_image ' src=\"https:\/\/www.mycosan.com\/pt\/files\/2023\/08\/pe-de-atleta-1-120x300.jpg\" alt='' title='pe-de-atleta'  height=\"300\" width=\"120\"  itemprop=\"thumbnailUrl\" srcset=\"https:\/\/www.mycosan.com\/pt\/files\/2023\/08\/pe-de-atleta-1-120x300.jpg 120w, https:\/\/www.mycosan.com\/pt\/files\/2023\/08\/pe-de-atleta-1.jpg 168w\" sizes=\"(max-width: 120px) 100vw, 120px\" \/><\/div><\/div><\/div><\/div>\n<style type=\"text\/css\" data-created_by=\"avia_inline_auto\" id=\"style-css-av-1imi2f-185708e5d75df3d99090d0a8d7ff4a1d\">\n.flex_column.av-1imi2f-185708e5d75df3d99090d0a8d7ff4a1d{\nborder-radius:0px 0px 0px 0px;\npadding:0px 0px 0px 0px;\n}\n<\/style>\n<div  class='flex_column av-1imi2f-185708e5d75df3d99090d0a8d7ff4a1d av_three_fourth  avia-builder-el-3  el_after_av_one_fourth  avia-builder-el-last  flex_column_div av-zero-column-padding  '     ><style type=\"text\/css\" data-created_by=\"avia_inline_auto\" id=\"style-css-av-1chitj-94c23ce08369f364fcaf55e02cce211e\">\n#top .av_textblock_section.av-1chitj-94c23ce08369f364fcaf55e02cce211e .avia_textblock{\ncolor:#502b7d;\n}\n<\/style>\n<section  class='av_textblock_section av-1chitj-94c23ce08369f364fcaf55e02cce211e '   itemscope=\"itemscope\" itemtype=\"https:\/\/schema.org\/CreativeWork\" ><div class='avia_textblock av_inherit_color'  itemprop=\"text\" ><h1>O QUE \u00c9 O P\u00c9-DE-ATLETA?<\/h1>\n<\/div><\/section><br \/>\n<div  class='hr av-d0tjwn-c13304b6d022da848bb39d3db3ffa9a2 hr-default  avia-builder-el-5  el_after_av_textblock  el_before_av_textblock '><span class='hr-inner '><span class=\"hr-inner-style\"><\/span><\/span><\/div><br \/>\n<section  class='av_textblock_section av-a8jarr-4d59a10856fb693988f0de2e7cad5cac '   itemscope=\"itemscope\" itemtype=\"https:\/\/schema.org\/CreativeWork\" ><div class='avia_textblock'  itemprop=\"text\" ><p>O p\u00e9-de-atleta \u00e9 uma infe\u00e7\u00e3o f\u00fangica da pele dos p\u00e9s. Situa\u00e7\u00f5es em que os p\u00e9s est\u00e3o sujeitos a transpira\u00e7\u00e3o, macera\u00e7\u00e3o e humidade favorecem o p\u00e9-de-atleta.<\/p>\n<p>Quando a pele est\u00e1 danificada ou h\u00famida durante muito tempo, a penetra\u00e7\u00e3o do fungo na pele \u00e9 facilitada, levando a uma infe\u00e7\u00e3o f\u00fangica.<\/p>\n<p>O ponto de in\u00edcio mais comum das infe\u00e7\u00f5es \u00e9 entre o quarto e o quinto dedos.<\/p>\n<p>Os sintomas mais comuns s\u00e3o comich\u00e3o, vermelhid\u00e3o, descama\u00e7\u00e3o da pele e sensa\u00e7\u00e3o de ardor.<\/p>\n<p>A pele afetada pode ficar esbranqui\u00e7ada, mais prop\u00edcia ao aparecimento de gretas ou bolhas e por vezes, aparece mau odor.<\/p>\n<p>\u00c9 importante tratar o p\u00e9-de-atleta, pois \u00e9 muito desconfort\u00e1vel e contagioso, podendo alastrar-se \u00e0 planta do p\u00e9, unhas e outras \u00e1reas do corpo.<\/p>\n<\/div><\/section><\/p><\/div><\/div><\/div><\/main><!-- close content main element --><\/div><\/div><div id='box_shadow'  class='avia-section av-8g9rqf-161a3110b673cc75a43fbbf2f640cc07 alternate_color avia-section-no-padding avia-no-border-styling  avia-builder-el-7  el_after_av_section  avia-builder-el-last  avia-bg-style-scroll av-minimum-height av-minimum-height-custom av-height-custom  container_wrap sidebar_right'   data-av_minimum_height_px='50'><div class='container av-section-cont-open' style='height:50px'><div class='template-page content  av-content-small alpha units'><div class='post-entry post-entry-type-page post-entry-9111'><div class='entry-content-wrapper clearfix'>\n\n<style type=\"text\/css\" data-created_by=\"avia_inline_auto\" id=\"style-css-av-85elxz-fad93033f328e1e544b35df8509204da\">\n.flex_column.av-85elxz-fad93033f328e1e544b35df8509204da{\nborder-radius:0px 0px 0px 0px;\npadding:0px 0px 0px 0px;\n}\n<\/style>\n<div  class='flex_column av-85elxz-fad93033f328e1e544b35df8509204da av_one_fifth  avia-builder-el-8  el_before_av_three_fifth  avia-builder-el-first  first flex_column_div av-zero-column-padding  '     ><\/div>\n<style type=\"text\/css\" data-created_by=\"avia_inline_auto\" id=\"style-css-av-5xlgav-e3793265c6d9d4ca2b84568b40585dd8\">\n.flex_column.av-5xlgav-e3793265c6d9d4ca2b84568b40585dd8{\nborder-radius:0px 0px 0px 0px;\npadding:0px 0px 0px 0px;\n}\n<\/style>\n<div  class='flex_column av-5xlgav-e3793265c6d9d4ca2b84568b40585dd8 av_three_fifth  avia-builder-el-9  el_after_av_one_fifth  el_before_av_one_fifth  flex_column_div av-zero-column-padding  '     ><div  class='avia-button-wrap av-4b5yzr-0e633d892d9a2702780023400cbc2e6c-wrap avia-button-center  avia-builder-el-10  avia-builder-el-no-sibling '><a href='https:\/\/www.mycosan.com\/pt\/onde-comprar-mycosana-unhas\/'  class='avia-button av-4b5yzr-0e633d892d9a2702780023400cbc2e6c av-link-btn avia-icon_select-no avia-size-large avia-position-center avia-color-blue'   aria-label=\"Onde comprar Mycosana p\u00e9-de-atleta?\"><span class='avia_iconbox_title' >Onde comprar Mycosana p\u00e9-de-atleta?<\/span><\/a><\/div><\/div>\n<style type=\"text\/css\" data-created_by=\"avia_inline_auto\" id=\"style-css-av-2opf3r-c0bf04401424c716318373e4c73355e0\">\n.flex_column.av-2opf3r-c0bf04401424c716318373e4c73355e0{\nborder-radius:0px 0px 0px 0px;\npadding:0px 0px 0px 0px;\n}\n<\/style>\n<div  class='flex_column av-2opf3r-c0bf04401424c716318373e4c73355e0 av_one_fifth  avia-builder-el-11  el_after_av_three_fifth  avia-builder-el-last  flex_column_div av-zero-column-padding  '     ><\/div>\n<\/div><\/div><\/div><!-- close content main div --><\/div><\/div><div id='after_section_2'  class='main_color av_default_container_wrap container_wrap sidebar_right'  ><div class='container av-section-cont-open' ><div class='template-page content  av-content-small alpha units'><div class='post-entry post-entry-type-page post-entry-9111'><div class='entry-content-wrapper clearfix'><\/p>\n","protected":false},"excerpt":{"rendered":"","protected":false},"author":1,"featured_media":0,"parent":8590,"menu_order":0,"comment_status":"closed","ping_status":"closed","template":"","meta":{"_acf_changed":false,"footnotes":""},"page_type":[],"class_list":["post-9111","page","type-page","status-publish","hentry"],"acf":[],"yoast_head":"<!-- This site is optimized with the Yoast SEO plugin v26.9 - https:\/\/yoast.com\/product\/yoast-seo-wordpress\/ -->\n<title>O que \u00e9 o p\u00e9-de-atleta? - Mycosana Unhas<\/title>\n<meta name=\"robots\" content=\"index, follow, max-snippet:-1, max-image-preview:large, max-video-preview:-1\" \/>\n<link rel=\"canonical\" href=\"https:\/\/www.mycosan.com\/pt\/pe-de-atleta\/o-que-e-o-pe-de-atleta\/\" \/>\n<meta property=\"og:locale\" content=\"pt_PT\" \/>\n<meta property=\"og:type\" content=\"article\" \/>\n<meta property=\"og:title\" content=\"O que \u00e9 o p\u00e9-de-atleta? - Mycosana Unhas\" \/>\n<meta property=\"og:url\" content=\"https:\/\/www.mycosan.com\/pt\/pe-de-atleta\/o-que-e-o-pe-de-atleta\/\" \/>\n<meta property=\"og:site_name\" content=\"Mycosana Unhas\" \/>\n<meta property=\"article:modified_time\" content=\"2023-08-30T10:15:41+00:00\" \/>\n<meta name=\"twitter:label1\" content=\"Est. reading time\" \/>\n\t<meta name=\"twitter:data1\" content=\"3 minutes\" \/>\n<script type=\"application\/ld+json\" class=\"yoast-schema-graph\">{\"@context\":\"https:\/\/schema.org\",\"@graph\":[{\"@type\":\"WebPage\",\"@id\":\"https:\/\/www.mycosan.com\/pt\/pe-de-atleta\/o-que-e-o-pe-de-atleta\/\",\"url\":\"https:\/\/www.mycosan.com\/pt\/pe-de-atleta\/o-que-e-o-pe-de-atleta\/\",\"name\":\"O que \u00e9 o p\u00e9-de-atleta? - Mycosana Unhas\",\"isPartOf\":{\"@id\":\"https:\/\/www.mycosan.com\/pt\/#website\"},\"datePublished\":\"2017-03-27T12:44:38+00:00\",\"dateModified\":\"2023-08-30T10:15:41+00:00\",\"breadcrumb\":{\"@id\":\"https:\/\/www.mycosan.com\/pt\/pe-de-atleta\/o-que-e-o-pe-de-atleta\/#breadcrumb\"},\"inLanguage\":\"pt-PT\",\"potentialAction\":[{\"@type\":\"ReadAction\",\"target\":[\"https:\/\/www.mycosan.com\/pt\/pe-de-atleta\/o-que-e-o-pe-de-atleta\/\"]}]},{\"@type\":\"BreadcrumbList\",\"@id\":\"https:\/\/www.mycosan.com\/pt\/pe-de-atleta\/o-que-e-o-pe-de-atleta\/#breadcrumb\",\"itemListElement\":[{\"@type\":\"ListItem\",\"position\":1,\"name\":\"P\u00e9-de-atleta\",\"item\":\"https:\/\/www.mycosan.com\/pt\/pe-de-atleta\/\"},{\"@type\":\"ListItem\",\"position\":2,\"name\":\"O que \u00e9 o p\u00e9-de-atleta?\"}]},{\"@type\":\"WebSite\",\"@id\":\"https:\/\/www.mycosan.com\/pt\/#website\",\"url\":\"https:\/\/www.mycosan.com\/pt\/\",\"name\":\"Mycosana Unhas\",\"description\":\"\",\"potentialAction\":[{\"@type\":\"SearchAction\",\"target\":{\"@type\":\"EntryPoint\",\"urlTemplate\":\"https:\/\/www.mycosan.com\/pt\/?s={search_term_string}\"},\"query-input\":{\"@type\":\"PropertyValueSpecification\",\"valueRequired\":true,\"valueName\":\"search_term_string\"}}],\"inLanguage\":\"pt-PT\"}]}<\/script>\n<!-- \/ Yoast SEO plugin. -->","yoast_head_json":{"title":"O que \u00e9 o p\u00e9-de-atleta? - Mycosana Unhas","robots":{"index":"index","follow":"follow","max-snippet":"max-snippet:-1","max-image-preview":"max-image-preview:large","max-video-preview":"max-video-preview:-1"},"canonical":"https:\/\/www.mycosan.com\/pt\/pe-de-atleta\/o-que-e-o-pe-de-atleta\/","og_locale":"pt_PT","og_type":"article","og_title":"O que \u00e9 o p\u00e9-de-atleta? - Mycosana Unhas","og_url":"https:\/\/www.mycosan.com\/pt\/pe-de-atleta\/o-que-e-o-pe-de-atleta\/","og_site_name":"Mycosana Unhas","article_modified_time":"2023-08-30T10:15:41+00:00","twitter_misc":{"Est. reading time":"3 minutes"},"schema":{"@context":"https:\/\/schema.org","@graph":[{"@type":"WebPage","@id":"https:\/\/www.mycosan.com\/pt\/pe-de-atleta\/o-que-e-o-pe-de-atleta\/","url":"https:\/\/www.mycosan.com\/pt\/pe-de-atleta\/o-que-e-o-pe-de-atleta\/","name":"O que \u00e9 o p\u00e9-de-atleta? - Mycosana Unhas","isPartOf":{"@id":"https:\/\/www.mycosan.com\/pt\/#website"},"datePublished":"2017-03-27T12:44:38+00:00","dateModified":"2023-08-30T10:15:41+00:00","breadcrumb":{"@id":"https:\/\/www.mycosan.com\/pt\/pe-de-atleta\/o-que-e-o-pe-de-atleta\/#breadcrumb"},"inLanguage":"pt-PT","potentialAction":[{"@type":"ReadAction","target":["https:\/\/www.mycosan.com\/pt\/pe-de-atleta\/o-que-e-o-pe-de-atleta\/"]}]},{"@type":"BreadcrumbList","@id":"https:\/\/www.mycosan.com\/pt\/pe-de-atleta\/o-que-e-o-pe-de-atleta\/#breadcrumb","itemListElement":[{"@type":"ListItem","position":1,"name":"P\u00e9-de-atleta","item":"https:\/\/www.mycosan.com\/pt\/pe-de-atleta\/"},{"@type":"ListItem","position":2,"name":"O que \u00e9 o p\u00e9-de-atleta?"}]},{"@type":"WebSite","@id":"https:\/\/www.mycosan.com\/pt\/#website","url":"https:\/\/www.mycosan.com\/pt\/","name":"Mycosana Unhas","description":"","potentialAction":[{"@type":"SearchAction","target":{"@type":"EntryPoint","urlTemplate":"https:\/\/www.mycosan.com\/pt\/?s={search_term_string}"},"query-input":{"@type":"PropertyValueSpecification","valueRequired":true,"valueName":"search_term_string"}}],"inLanguage":"pt-PT"}]}},"_links":{"self":[{"href":"https:\/\/www.mycosan.com\/pt\/wp-json\/wp\/v2\/pages\/9111","targetHints":{"allow":["GET"]}}],"collection":[{"href":"https:\/\/www.mycosan.com\/pt\/wp-json\/wp\/v2\/pages"}],"about":[{"href":"https:\/\/www.mycosan.com\/pt\/wp-json\/wp\/v2\/types\/page"}],"author":[{"embeddable":true,"href":"https:\/\/www.mycosan.com\/pt\/wp-json\/wp\/v2\/users\/1"}],"replies":[{"embeddable":true,"href":"https:\/\/www.mycosan.com\/pt\/wp-json\/wp\/v2\/comments?post=9111"}],"version-history":[{"count":0,"href":"https:\/\/www.mycosan.com\/pt\/wp-json\/wp\/v2\/pages\/9111\/revisions"}],"up":[{"embeddable":true,"href":"https:\/\/www.mycosan.com\/pt\/wp-json\/wp\/v2\/pages\/8590"}],"wp:attachment":[{"href":"https:\/\/www.mycosan.com\/pt\/wp-json\/wp\/v2\/media?parent=9111"}],"wp:term":[{"taxonomy":"page_type","embeddable":true,"href":"https:\/\/www.mycosan.com\/pt\/wp-json\/wp\/v2\/page_type?post=9111"}],"curies":[{"name":"wp","href":"https:\/\/api.w.org\/{rel}","templated":true}]}}