{"id":9076,"date":"2017-03-21T12:01:34","date_gmt":"2017-03-21T11:01:34","guid":{"rendered":"https:\/\/www.mycosan.com\/pt\/?page_id=9076"},"modified":"2026-05-06T12:44:10","modified_gmt":"2026-05-06T11:44:10","slug":"mycosana-po-antifungico-para-pes-e-calcado","status":"publish","type":"page","link":"https:\/\/www.mycosan.com\/pt\/mycosana-unhas\/mycosana-po-antifungico-para-pes-e-calcado\/","title":{"rendered":"Mycosana p\u00f3 para p\u00e9s e cal\u00e7ado"},"content":{"rendered":"<div id='kalknagel'  class='avia-section av-cs9c78-4b494e1ec91d75063c6df73f4b6b7a12 main_color avia-section-default avia-no-shadow  avia-builder-el-0  avia-builder-el-no-sibling  avia-bg-style-scroll container_wrap sidebar_right'  ><div class='container av-section-cont-open' ><main  role=\"main\" itemprop=\"mainContentOfPage\"  class='template-page content  av-content-small alpha units'><div class='post-entry post-entry-type-page post-entry-9076'><div class='entry-content-wrapper clearfix'>\n<div  class='flex_column av-b96j10-8555cd6c11cfded58a77c7588b6dfbe2 av_one_fourth  avia-builder-el-1  el_before_av_three_fourth  avia-builder-el-first  first flex_column_div  '     ><p>\n<style type=\"text\/css\" data-created_by=\"avia_inline_auto\" id=\"style-css-av-wjqxg-a8cd0b653a43da7e990cff4c2a9deb1a\">\n.avia-image-container.av-wjqxg-a8cd0b653a43da7e990cff4c2a9deb1a img.avia_image{\nbox-shadow:none;\n}\n.avia-image-container.av-wjqxg-a8cd0b653a43da7e990cff4c2a9deb1a .av-image-caption-overlay-center{\ncolor:#ffffff;\n}\n<\/style>\n<div  class='avia-image-container av-wjqxg-a8cd0b653a43da7e990cff4c2a9deb1a av-styling- avia-align-center  avia-builder-el-2  el_before_av_button  avia-builder-el-first '   itemprop=\"image\" itemscope=\"itemscope\" itemtype=\"https:\/\/schema.org\/ImageObject\" ><div class=\"avia-image-container-inner\"><div class=\"avia-image-overlay-wrap\"><img decoding=\"async\" fetchpriority=\"high\" class='wp-image-9819 avia-img-lazy-loading-not-9819 avia_image ' src=\"https:\/\/www.mycosan.com\/pt\/files\/2026\/04\/Mycosana-Po-para-Pes-e-Calcado-96x300.png\" alt='' title='Mycosana P\u00f3 Para P\u00e9s E Cal\u00e7ado'  height=\"300\" width=\"96\"  itemprop=\"thumbnailUrl\" srcset=\"https:\/\/www.mycosan.com\/pt\/files\/2026\/04\/Mycosana-Po-para-Pes-e-Calcado-96x300.png 96w, https:\/\/www.mycosan.com\/pt\/files\/2026\/04\/Mycosana-Po-para-Pes-e-Calcado-330x1030.png 330w, https:\/\/www.mycosan.com\/pt\/files\/2026\/04\/Mycosana-Po-para-Pes-e-Calcado-226x705.png 226w, https:\/\/www.mycosan.com\/pt\/files\/2026\/04\/Mycosana-Po-para-Pes-e-Calcado.png 427w\" sizes=\"(max-width: 96px) 100vw, 96px\" \/><\/div><\/div><\/div><br \/>\n<div  class='avia-button-wrap av-2uftms-56e106cd675b214cc6e580e14dab3f6e-wrap avia-button-center  avia-builder-el-3  el_after_av_image  avia-builder-el-last '><a href='https:\/\/www.mycosan.com\/pt\/files\/2026\/03\/Mycosana-range-leaflet-Feb.-2026.pdf'  class='avia-button av-2uftms-56e106cd675b214cc6e580e14dab3f6e av-link-btn avia-icon_select-no avia-size-small avia-position-center avia-color-theme-color'  target=\"_blank\"  rel=\"noopener noreferrer\"  aria-label=\"Folheto do produto\"><span class='avia_iconbox_title' >Folheto do produto<\/span><\/a><\/div><\/p><\/div>\n<style type=\"text\/css\" data-created_by=\"avia_inline_auto\" id=\"style-css-av-7pbh5g-89cdb09da5bb89ac8cb4ec232e2817d7\">\n.flex_column.av-7pbh5g-89cdb09da5bb89ac8cb4ec232e2817d7{\nborder-radius:0px 0px 0px 0px;\npadding:0px 0px 0px 0px;\n}\n<\/style>\n<div  class='flex_column av-7pbh5g-89cdb09da5bb89ac8cb4ec232e2817d7 av_three_fourth  avia-builder-el-4  el_after_av_one_fourth  avia-builder-el-last  flex_column_div av-zero-column-padding  '     ><section  class='av_textblock_section av-6bba1w-b4d3aaea04014d29243dfc5cd54d0e0b '   itemscope=\"itemscope\" itemtype=\"https:\/\/schema.org\/CreativeWork\" ><div class='avia_textblock'  itemprop=\"text\" ><h1>MYCOSANA P\u00d3 PARA P\u00c9S E CAL\u00c7ADO<\/h1>\n<\/div><\/section><br \/>\n<div  class='hr av-3n0udw-2cb70753176f1dd85d5ef11b5743ca07 hr-default  avia-builder-el-6  el_after_av_textblock  el_before_av_textblock '><span class='hr-inner '><span class=\"hr-inner-style\"><\/span><\/span><\/div><br \/>\n<section  class='av_textblock_section av-2hcpr8-dfec96952c65ae6d199a590d78173007 '   itemscope=\"itemscope\" itemtype=\"https:\/\/schema.org\/CreativeWork\" ><div class='avia_textblock'  itemprop=\"text\" ><p><b>MYCOSANA P\u00d3 PARA P\u00c9S E CAL\u00c7ADO <\/b>mant\u00e9m os p\u00e9s secos, ajudando no controlo do crescimento dos fungos nos p\u00e9s e unhas. Simultaneamente desodoriza e absorve a transpira\u00e7\u00e3o.<\/p>\n<p><b>MYCOSANA P\u00d3 PARA P\u00c9S E CAL\u00c7ADO EST\u00c1 ESPECIALMENTE INDICADO: <\/b><\/p>\n<ul>\n<li>Higieniza\u00e7\u00e3o do cal\u00e7ado<\/li>\n<li>Em caso de transpira\u00e7\u00e3o excessiva, para desodorizar os sapatos e meias.<\/li>\n<li>Quando h\u00e1 risco acrescido de p\u00e9-de-atleta ou fungos nas unhas<\/li>\n<li>Em simult\u00e2neo com MYCOSANA P\u00c9S E MYCOSANA UNHAS<\/li>\n<\/ul>\n<p><b>Como aplicar MYCOSANA P\u00d3 PARA P\u00c9S E CAL\u00c7ADO? <\/b><\/p>\n<p>Para melhores resultados, aplicar nos p\u00e9s antes e depois de usar cal\u00e7ado. Aplicar nos sapatos antes e depois de os usar. Para prote\u00e7\u00e3o extra, \u00e9 recomend\u00e1vel colocar tamb\u00e9m nas meias.<\/p>\n<\/div><\/section><\/p><\/div><\/div><\/div><\/main><!-- close content main element --><\/div><\/div><div id='after_section_1'  class='main_color av_default_container_wrap container_wrap sidebar_right'  ><div class='container av-section-cont-open' ><div class='template-page content  av-content-small alpha units'><div class='post-entry post-entry-type-page post-entry-9076'><div class='entry-content-wrapper clearfix'>\n","protected":false},"excerpt":{"rendered":"<p>Mant\u00e9m os p\u00e9s secos, ajudando no controlo do crescimento dos fungos nos p\u00e9s e unhas. Simultaneamente desodoriza e absorve a transpira\u00e7\u00e3o.<\/p>\n","protected":false},"author":1,"featured_media":9819,"parent":8586,"menu_order":0,"comment_status":"closed","ping_status":"closed","template":"","meta":{"_acf_changed":false,"footnotes":""},"page_type":[93],"class_list":["post-9076","page","type-page","status-publish","has-post-thumbnail","hentry","page_type-product"],"acf":[],"yoast_head":"<!-- This site is optimized with the Yoast SEO plugin v26.9 - https:\/\/yoast.com\/product\/yoast-seo-wordpress\/ -->\n<title>Mycosana p\u00f3 para p\u00e9s e cal\u00e7ado - Mycosana Unhas<\/title>\n<meta name=\"robots\" content=\"index, follow, max-snippet:-1, max-image-preview:large, max-video-preview:-1\" \/>\n<link rel=\"canonical\" href=\"https:\/\/www.mycosan.com\/pt\/mycosana-unhas\/mycosana-po-antifungico-para-pes-e-calcado\/\" \/>\n<meta property=\"og:locale\" content=\"pt_PT\" \/>\n<meta property=\"og:type\" content=\"article\" \/>\n<meta property=\"og:title\" content=\"Mycosana p\u00f3 para p\u00e9s e cal\u00e7ado - Mycosana Unhas\" \/>\n<meta property=\"og:description\" content=\"Mant\u00e9m os p\u00e9s secos, ajudando no controlo do crescimento dos fungos nos p\u00e9s e unhas. Simultaneamente desodoriza e absorve a transpira\u00e7\u00e3o.\" \/>\n<meta property=\"og:url\" content=\"https:\/\/www.mycosan.com\/pt\/mycosana-unhas\/mycosana-po-antifungico-para-pes-e-calcado\/\" \/>\n<meta property=\"og:site_name\" content=\"Mycosana Unhas\" \/>\n<meta property=\"article:modified_time\" content=\"2026-05-06T11:44:10+00:00\" \/>\n<meta property=\"og:image\" content=\"https:\/\/www.mycosan.com\/pt\/files\/2026\/04\/Mycosana-Po-para-Pes-e-Calcado.png\" \/>\n\t<meta property=\"og:image:width\" content=\"427\" \/>\n\t<meta property=\"og:image:height\" content=\"1333\" \/>\n\t<meta property=\"og:image:type\" content=\"image\/png\" \/>\n<meta name=\"twitter:label1\" content=\"Est. reading time\" \/>\n\t<meta name=\"twitter:data1\" content=\"6 minutes\" \/>\n<script type=\"application\/ld+json\" class=\"yoast-schema-graph\">{\"@context\":\"https:\/\/schema.org\",\"@graph\":[{\"@type\":\"WebPage\",\"@id\":\"https:\/\/www.mycosan.com\/pt\/mycosana-unhas\/mycosana-po-antifungico-para-pes-e-calcado\/\",\"url\":\"https:\/\/www.mycosan.com\/pt\/mycosana-unhas\/mycosana-po-antifungico-para-pes-e-calcado\/\",\"name\":\"Mycosana p\u00f3 para p\u00e9s e cal\u00e7ado - Mycosana Unhas\",\"isPartOf\":{\"@id\":\"https:\/\/www.mycosan.com\/pt\/#website\"},\"primaryImageOfPage\":{\"@id\":\"https:\/\/www.mycosan.com\/pt\/mycosana-unhas\/mycosana-po-antifungico-para-pes-e-calcado\/#primaryimage\"},\"image\":{\"@id\":\"https:\/\/www.mycosan.com\/pt\/mycosana-unhas\/mycosana-po-antifungico-para-pes-e-calcado\/#primaryimage\"},\"thumbnailUrl\":\"https:\/\/www.mycosan.com\/pt\/files\/2026\/04\/Mycosana-Po-para-Pes-e-Calcado.png\",\"datePublished\":\"2017-03-21T11:01:34+00:00\",\"dateModified\":\"2026-05-06T11:44:10+00:00\",\"breadcrumb\":{\"@id\":\"https:\/\/www.mycosan.com\/pt\/mycosana-unhas\/mycosana-po-antifungico-para-pes-e-calcado\/#breadcrumb\"},\"inLanguage\":\"pt-PT\",\"potentialAction\":[{\"@type\":\"ReadAction\",\"target\":[\"https:\/\/www.mycosan.com\/pt\/mycosana-unhas\/mycosana-po-antifungico-para-pes-e-calcado\/\"]}]},{\"@type\":\"ImageObject\",\"inLanguage\":\"pt-PT\",\"@id\":\"https:\/\/www.mycosan.com\/pt\/mycosana-unhas\/mycosana-po-antifungico-para-pes-e-calcado\/#primaryimage\",\"url\":\"https:\/\/www.mycosan.com\/pt\/files\/2026\/04\/Mycosana-Po-para-Pes-e-Calcado.png\",\"contentUrl\":\"https:\/\/www.mycosan.com\/pt\/files\/2026\/04\/Mycosana-Po-para-Pes-e-Calcado.png\",\"width\":427,\"height\":1333},{\"@type\":\"BreadcrumbList\",\"@id\":\"https:\/\/www.mycosan.com\/pt\/mycosana-unhas\/mycosana-po-antifungico-para-pes-e-calcado\/#breadcrumb\",\"itemListElement\":[{\"@type\":\"ListItem\",\"position\":1,\"name\":\"MYCOSANA UNHAS\",\"item\":\"https:\/\/www.mycosan.com\/pt\/mycosana-unhas\/\"},{\"@type\":\"ListItem\",\"position\":2,\"name\":\"Mycosana p\u00f3 para p\u00e9s e cal\u00e7ado\"}]},{\"@type\":\"WebSite\",\"@id\":\"https:\/\/www.mycosan.com\/pt\/#website\",\"url\":\"https:\/\/www.mycosan.com\/pt\/\",\"name\":\"Mycosana Unhas\",\"description\":\"\",\"potentialAction\":[{\"@type\":\"SearchAction\",\"target\":{\"@type\":\"EntryPoint\",\"urlTemplate\":\"https:\/\/www.mycosan.com\/pt\/?s={search_term_string}\"},\"query-input\":{\"@type\":\"PropertyValueSpecification\",\"valueRequired\":true,\"valueName\":\"search_term_string\"}}],\"inLanguage\":\"pt-PT\"}]}<\/script>\n<!-- \/ Yoast SEO plugin. -->","yoast_head_json":{"title":"Mycosana p\u00f3 para p\u00e9s e cal\u00e7ado - Mycosana Unhas","robots":{"index":"index","follow":"follow","max-snippet":"max-snippet:-1","max-image-preview":"max-image-preview:large","max-video-preview":"max-video-preview:-1"},"canonical":"https:\/\/www.mycosan.com\/pt\/mycosana-unhas\/mycosana-po-antifungico-para-pes-e-calcado\/","og_locale":"pt_PT","og_type":"article","og_title":"Mycosana p\u00f3 para p\u00e9s e cal\u00e7ado - Mycosana Unhas","og_description":"Mant\u00e9m os p\u00e9s secos, ajudando no controlo do crescimento dos fungos nos p\u00e9s e unhas. Simultaneamente desodoriza e absorve a transpira\u00e7\u00e3o.","og_url":"https:\/\/www.mycosan.com\/pt\/mycosana-unhas\/mycosana-po-antifungico-para-pes-e-calcado\/","og_site_name":"Mycosana Unhas","article_modified_time":"2026-05-06T11:44:10+00:00","og_image":[{"width":427,"height":1333,"url":"https:\/\/www.mycosan.com\/pt\/files\/2026\/04\/Mycosana-Po-para-Pes-e-Calcado.png","type":"image\/png"}],"twitter_misc":{"Est. reading time":"6 minutes"},"schema":{"@context":"https:\/\/schema.org","@graph":[{"@type":"WebPage","@id":"https:\/\/www.mycosan.com\/pt\/mycosana-unhas\/mycosana-po-antifungico-para-pes-e-calcado\/","url":"https:\/\/www.mycosan.com\/pt\/mycosana-unhas\/mycosana-po-antifungico-para-pes-e-calcado\/","name":"Mycosana p\u00f3 para p\u00e9s e cal\u00e7ado - Mycosana Unhas","isPartOf":{"@id":"https:\/\/www.mycosan.com\/pt\/#website"},"primaryImageOfPage":{"@id":"https:\/\/www.mycosan.com\/pt\/mycosana-unhas\/mycosana-po-antifungico-para-pes-e-calcado\/#primaryimage"},"image":{"@id":"https:\/\/www.mycosan.com\/pt\/mycosana-unhas\/mycosana-po-antifungico-para-pes-e-calcado\/#primaryimage"},"thumbnailUrl":"https:\/\/www.mycosan.com\/pt\/files\/2026\/04\/Mycosana-Po-para-Pes-e-Calcado.png","datePublished":"2017-03-21T11:01:34+00:00","dateModified":"2026-05-06T11:44:10+00:00","breadcrumb":{"@id":"https:\/\/www.mycosan.com\/pt\/mycosana-unhas\/mycosana-po-antifungico-para-pes-e-calcado\/#breadcrumb"},"inLanguage":"pt-PT","potentialAction":[{"@type":"ReadAction","target":["https:\/\/www.mycosan.com\/pt\/mycosana-unhas\/mycosana-po-antifungico-para-pes-e-calcado\/"]}]},{"@type":"ImageObject","inLanguage":"pt-PT","@id":"https:\/\/www.mycosan.com\/pt\/mycosana-unhas\/mycosana-po-antifungico-para-pes-e-calcado\/#primaryimage","url":"https:\/\/www.mycosan.com\/pt\/files\/2026\/04\/Mycosana-Po-para-Pes-e-Calcado.png","contentUrl":"https:\/\/www.mycosan.com\/pt\/files\/2026\/04\/Mycosana-Po-para-Pes-e-Calcado.png","width":427,"height":1333},{"@type":"BreadcrumbList","@id":"https:\/\/www.mycosan.com\/pt\/mycosana-unhas\/mycosana-po-antifungico-para-pes-e-calcado\/#breadcrumb","itemListElement":[{"@type":"ListItem","position":1,"name":"MYCOSANA UNHAS","item":"https:\/\/www.mycosan.com\/pt\/mycosana-unhas\/"},{"@type":"ListItem","position":2,"name":"Mycosana p\u00f3 para p\u00e9s e cal\u00e7ado"}]},{"@type":"WebSite","@id":"https:\/\/www.mycosan.com\/pt\/#website","url":"https:\/\/www.mycosan.com\/pt\/","name":"Mycosana Unhas","description":"","potentialAction":[{"@type":"SearchAction","target":{"@type":"EntryPoint","urlTemplate":"https:\/\/www.mycosan.com\/pt\/?s={search_term_string}"},"query-input":{"@type":"PropertyValueSpecification","valueRequired":true,"valueName":"search_term_string"}}],"inLanguage":"pt-PT"}]}},"_links":{"self":[{"href":"https:\/\/www.mycosan.com\/pt\/wp-json\/wp\/v2\/pages\/9076","targetHints":{"allow":["GET"]}}],"collection":[{"href":"https:\/\/www.mycosan.com\/pt\/wp-json\/wp\/v2\/pages"}],"about":[{"href":"https:\/\/www.mycosan.com\/pt\/wp-json\/wp\/v2\/types\/page"}],"author":[{"embeddable":true,"href":"https:\/\/www.mycosan.com\/pt\/wp-json\/wp\/v2\/users\/1"}],"replies":[{"embeddable":true,"href":"https:\/\/www.mycosan.com\/pt\/wp-json\/wp\/v2\/comments?post=9076"}],"version-history":[{"count":0,"href":"https:\/\/www.mycosan.com\/pt\/wp-json\/wp\/v2\/pages\/9076\/revisions"}],"up":[{"embeddable":true,"href":"https:\/\/www.mycosan.com\/pt\/wp-json\/wp\/v2\/pages\/8586"}],"wp:featuredmedia":[{"embeddable":true,"href":"https:\/\/www.mycosan.com\/pt\/wp-json\/wp\/v2\/media\/9819"}],"wp:attachment":[{"href":"https:\/\/www.mycosan.com\/pt\/wp-json\/wp\/v2\/media?parent=9076"}],"wp:term":[{"taxonomy":"page_type","embeddable":true,"href":"https:\/\/www.mycosan.com\/pt\/wp-json\/wp\/v2\/page_type?post=9076"}],"curies":[{"name":"wp","href":"https:\/\/api.w.org\/{rel}","templated":true}]}}