{"id":9074,"date":"2017-03-21T11:59:26","date_gmt":"2017-03-21T10:59:26","guid":{"rendered":"https:\/\/www.mycosan.com\/pt\/?page_id=9074"},"modified":"2026-03-16T18:52:34","modified_gmt":"2026-03-16T17:52:34","slug":"mycosana-pe-de-atleta","status":"publish","type":"page","link":"https:\/\/www.mycosan.com\/pt\/mycosana-unhas\/mycosana-pe-de-atleta\/","title":{"rendered":"Mycosana P\u00e9-de-Atleta"},"content":{"rendered":"<div id='kalknagel'  class='avia-section av-fayihu-1da505e1e471910f44171bbcfa8e2fca main_color avia-section-default avia-no-shadow  avia-builder-el-0  avia-builder-el-no-sibling  avia-bg-style-scroll container_wrap sidebar_right'  ><div class='container av-section-cont-open' ><main  role=\"main\" itemprop=\"mainContentOfPage\"  class='template-page content  av-content-small alpha units'><div class='post-entry post-entry-type-page post-entry-9074'><div class='entry-content-wrapper clearfix'>\n<div  class='flex_column av-e8np5e-4d12bc8c6d2e36f7dcedb9beecc967e1 av_one_fourth  avia-builder-el-1  el_before_av_three_fourth  avia-builder-el-first  first flex_column_div  '     ><p>\n<style type=\"text\/css\" data-created_by=\"avia_inline_auto\" id=\"style-css-av-bzmtfm-0fae2ff3fccb6b8ae58a8c3ba1a465bc\">\n.avia-image-container.av-bzmtfm-0fae2ff3fccb6b8ae58a8c3ba1a465bc img.avia_image{\nbox-shadow:none;\n}\n.avia-image-container.av-bzmtfm-0fae2ff3fccb6b8ae58a8c3ba1a465bc .av-image-caption-overlay-center{\ncolor:#ffffff;\n}\n<\/style>\n<div  class='avia-image-container av-bzmtfm-0fae2ff3fccb6b8ae58a8c3ba1a465bc av-styling- avia_animated_image av-animated-when-visible-95 left-to-right avia-align-center  avia-builder-el-2  el_before_av_button  avia-builder-el-first '   itemprop=\"image\" itemscope=\"itemscope\" itemtype=\"https:\/\/schema.org\/ImageObject\" ><div class=\"avia-image-container-inner\"><div class=\"avia-image-overlay-wrap\"><img decoding=\"async\" fetchpriority=\"high\" class='wp-image-9586 avia-img-lazy-loading-not-9586 avia_image ' src=\"https:\/\/www.mycosan.com\/pt\/files\/2023\/08\/pe-de-atleta-1-120x300.jpg\" alt='' title='pe-de-atleta'  height=\"300\" width=\"120\"  itemprop=\"thumbnailUrl\" srcset=\"https:\/\/www.mycosan.com\/pt\/files\/2023\/08\/pe-de-atleta-1-120x300.jpg 120w, https:\/\/www.mycosan.com\/pt\/files\/2023\/08\/pe-de-atleta-1.jpg 168w\" sizes=\"(max-width: 120px) 100vw, 120px\" \/><\/div><\/div><\/div><br \/>\n<div  class='avia-button-wrap av-av_button-9985adbd29839eb9b0cc415dc91acac9-wrap avia-button-center  avia-builder-el-3  el_after_av_image  avia-builder-el-last '><a href='https:\/\/www.mycosan.com\/pt\/files\/2026\/03\/Mycosana-range-leaflet-Feb.-2026.pdf'  class='avia-button av-av_button-9985adbd29839eb9b0cc415dc91acac9 av-link-btn avia-icon_select-no avia-size-small avia-position-center avia-color-theme-color'  target=\"_blank\"  rel=\"noopener noreferrer\"  aria-label=\"Folheto do produto\"><span class='avia_iconbox_title' >Folheto do produto<\/span><\/a><\/div><\/p><\/div>\n<style type=\"text\/css\" data-created_by=\"avia_inline_auto\" id=\"style-css-av-aghfo2-735e1140daacf61e2f5a0efe2c2f2d22\">\n.flex_column.av-aghfo2-735e1140daacf61e2f5a0efe2c2f2d22{\nborder-radius:0px 0px 0px 0px;\npadding:0px 0px 0px 0px;\n}\n<\/style>\n<div  class='flex_column av-aghfo2-735e1140daacf61e2f5a0efe2c2f2d22 av_three_fourth  avia-builder-el-4  el_after_av_one_fourth  avia-builder-el-last  flex_column_div av-zero-column-padding  '     ><section  class='av_textblock_section av-9wxzle-e448f90be53c6efa444d98973c4be195 '   itemscope=\"itemscope\" itemtype=\"https:\/\/schema.org\/CreativeWork\" ><div class='avia_textblock'  itemprop=\"text\" ><h1>Mycosana P\u00e9-de-Atleta<\/h1>\n<\/div><\/section><br \/>\n<div  class='hr av-7zrmte-f6c042ac8f3b9fe6646ac2381134120c hr-default  avia-builder-el-6  el_after_av_textblock  el_before_av_textblock '><span class='hr-inner '><span class=\"hr-inner-style\"><\/span><\/span><\/div><br \/>\n<section  class='av_textblock_section av-5p9liq-5591ec7aad0334531930698852d719e7 '   itemscope=\"itemscope\" itemtype=\"https:\/\/schema.org\/CreativeWork\" ><div class='avia_textblock'  itemprop=\"text\" ><p><strong>MYCOSANA P\u00c9-DE-ATLETA<\/strong> trata os sintomas do p\u00e9-de-atleta.<\/p>\n<p><strong>MYCOSANA P\u00c9-DE-ATLETA<\/strong> \u00e9 um gel f\u00e1cil de utilizar e de alta efic\u00e1cia no tratamento do p\u00e9-de-atleta. Consiste numa f\u00f3rmula petenteada, com efic\u00e1cia comprovada nos fungos respons\u00e1veis pelo p\u00e9-de-atleta.<br \/>\nO tubo com pincel ajuda a aplicar o gel nos p\u00e9s e entre os dedos dos p\u00e9s, facilmente e de forma higi\u00e9nica, sem infetar outras zonas.<\/p>\n<p>O gel \u00e9 aplicado na \u00e1rea afetada (a pele poder\u00e1 estar fissurada e a descamar), criando um ambiente desfavor\u00e1vel ao desenvolvimento dos fungos. Al\u00edvio imediato da comich\u00e3o e ardor.<\/p>\n<p><strong>Como atua MYCOSANA P\u00c9-DE-ATLETA?<\/strong><\/p>\n<p><strong>Passo 1: Lavar os p\u00e9s<\/strong><br \/>\nLavar e secar bem os p\u00e9s, inclusive entre os dedos.<br \/>\n<strong>Passo 2: Aplicar<\/strong><br \/>\nAplicar uma camada fina nas \u00e1reas afetadas duas vezes ao dia.<br \/>\n<strong>Passo 3: Continuar<\/strong><br \/>\nProlongar o tratamento por 2 semanas ap\u00f3s o desaparecimento dos sintomas, para prevenir recidivas.<\/p>\n<\/div><\/section><br \/>\n<div  class='avia-video av-4622le-a9a68756b49ece087cb4b971a760ccad avia-video-16-9 av-no-preview-image avia-video-load-always av-lazyload-immediate av-lazyload-video-embed'  itemprop=\"video\" itemtype=\"https:\/\/schema.org\/VideoObject\"  data-original_url='https:\/\/www.youtube.com\/watch?v=UXRNRNwueYA'><script type='text\/html' class='av-video-tmpl'><div class='avia-iframe-wrap'><iframe loading=\"lazy\" width=\"1500\" height=\"844\" src=\"https:\/\/www.youtube.com\/embed\/UXRNRNwueYA?feature=oembed&autoplay=0&loop=0&controls=1&mute=0\" frameborder=\"0\" allow=\"autoplay; encrypted-media\" allowfullscreen><\/iframe><\/div><\/script><div class='av-click-to-play-overlay'><div class=\"avia_playpause_icon\"><\/div><\/div><\/div><br \/>\n<div  class='avia-video av-3aoyg2-a72434d203d073b38eba37d29d87275f avia-video-16-9 av-no-preview-image avia-video-load-always av-lazyload-immediate av-lazyload-video-embed'  itemprop=\"video\" itemtype=\"https:\/\/schema.org\/VideoObject\"  data-original_url='https:\/\/www.youtube.com\/watch?v=JBVAFn5iTlU'><script type='text\/html' class='av-video-tmpl'><div class='avia-iframe-wrap'><iframe loading=\"lazy\" width=\"1500\" height=\"844\" src=\"https:\/\/www.youtube.com\/embed\/JBVAFn5iTlU?feature=oembed&autoplay=0&loop=0&controls=1&mute=0\" frameborder=\"0\" allow=\"autoplay; encrypted-media\" allowfullscreen><\/iframe><\/div><\/script><div class='av-click-to-play-overlay'><div class=\"avia_playpause_icon\"><\/div><\/div><\/div><\/p><\/div><\/div><\/div><\/main><!-- close content main element --><\/div><\/div><div id='after_section_1'  class='main_color av_default_container_wrap container_wrap sidebar_right'  ><div class='container av-section-cont-open' ><div class='template-page content  av-content-small alpha units'><div class='post-entry post-entry-type-page post-entry-9074'><div class='entry-content-wrapper clearfix'>\n","protected":false},"excerpt":{"rendered":"<p>Um gel transparente, com aplica\u00e7\u00e3o \u201cno touch\u201d, que trata os sintomas do p\u00e9-de-atleta.<\/p>\n","protected":false},"author":1,"featured_media":9743,"parent":8586,"menu_order":0,"comment_status":"closed","ping_status":"closed","template":"","meta":{"_acf_changed":false,"footnotes":""},"page_type":[93],"class_list":["post-9074","page","type-page","status-publish","has-post-thumbnail","hentry","page_type-product"],"acf":[],"yoast_head":"<!-- This site is optimized with the Yoast SEO plugin v26.9 - https:\/\/yoast.com\/product\/yoast-seo-wordpress\/ -->\n<title>Mycosana P\u00e9-de-Atleta - Mycosana Unhas<\/title>\n<meta name=\"robots\" content=\"index, follow, max-snippet:-1, max-image-preview:large, max-video-preview:-1\" \/>\n<link rel=\"canonical\" href=\"https:\/\/www.mycosan.com\/pt\/mycosana-unhas\/mycosana-pe-de-atleta\/\" \/>\n<meta property=\"og:locale\" content=\"pt_PT\" \/>\n<meta property=\"og:type\" content=\"article\" \/>\n<meta property=\"og:title\" content=\"Mycosana P\u00e9-de-Atleta - Mycosana Unhas\" \/>\n<meta property=\"og:description\" content=\"Um gel transparente, com aplica\u00e7\u00e3o \u201cno touch\u201d, que trata os sintomas do p\u00e9-de-atleta.\" \/>\n<meta property=\"og:url\" content=\"https:\/\/www.mycosan.com\/pt\/mycosana-unhas\/mycosana-pe-de-atleta\/\" \/>\n<meta property=\"og:site_name\" content=\"Mycosana Unhas\" \/>\n<meta property=\"article:modified_time\" content=\"2026-03-16T17:52:34+00:00\" \/>\n<meta property=\"og:image\" content=\"https:\/\/www.mycosan.com\/pt\/files\/2026\/03\/athlete-foot-sm.jpg\" \/>\n\t<meta property=\"og:image:width\" content=\"232\" \/>\n\t<meta property=\"og:image:height\" content=\"500\" \/>\n\t<meta property=\"og:image:type\" content=\"image\/jpeg\" \/>\n<meta name=\"twitter:label1\" content=\"Est. reading time\" \/>\n\t<meta name=\"twitter:data1\" content=\"5 minutes\" \/>\n<script type=\"application\/ld+json\" class=\"yoast-schema-graph\">{\"@context\":\"https:\/\/schema.org\",\"@graph\":[{\"@type\":\"WebPage\",\"@id\":\"https:\/\/www.mycosan.com\/pt\/mycosana-unhas\/mycosana-pe-de-atleta\/\",\"url\":\"https:\/\/www.mycosan.com\/pt\/mycosana-unhas\/mycosana-pe-de-atleta\/\",\"name\":\"Mycosana P\u00e9-de-Atleta - Mycosana Unhas\",\"isPartOf\":{\"@id\":\"https:\/\/www.mycosan.com\/pt\/#website\"},\"primaryImageOfPage\":{\"@id\":\"https:\/\/www.mycosan.com\/pt\/mycosana-unhas\/mycosana-pe-de-atleta\/#primaryimage\"},\"image\":{\"@id\":\"https:\/\/www.mycosan.com\/pt\/mycosana-unhas\/mycosana-pe-de-atleta\/#primaryimage\"},\"thumbnailUrl\":\"https:\/\/www.mycosan.com\/pt\/files\/2026\/03\/athlete-foot-sm.jpg\",\"datePublished\":\"2017-03-21T10:59:26+00:00\",\"dateModified\":\"2026-03-16T17:52:34+00:00\",\"breadcrumb\":{\"@id\":\"https:\/\/www.mycosan.com\/pt\/mycosana-unhas\/mycosana-pe-de-atleta\/#breadcrumb\"},\"inLanguage\":\"pt-PT\",\"potentialAction\":[{\"@type\":\"ReadAction\",\"target\":[\"https:\/\/www.mycosan.com\/pt\/mycosana-unhas\/mycosana-pe-de-atleta\/\"]}]},{\"@type\":\"ImageObject\",\"inLanguage\":\"pt-PT\",\"@id\":\"https:\/\/www.mycosan.com\/pt\/mycosana-unhas\/mycosana-pe-de-atleta\/#primaryimage\",\"url\":\"https:\/\/www.mycosan.com\/pt\/files\/2026\/03\/athlete-foot-sm.jpg\",\"contentUrl\":\"https:\/\/www.mycosan.com\/pt\/files\/2026\/03\/athlete-foot-sm.jpg\",\"width\":232,\"height\":500},{\"@type\":\"BreadcrumbList\",\"@id\":\"https:\/\/www.mycosan.com\/pt\/mycosana-unhas\/mycosana-pe-de-atleta\/#breadcrumb\",\"itemListElement\":[{\"@type\":\"ListItem\",\"position\":1,\"name\":\"MYCOSANA UNHAS\",\"item\":\"https:\/\/www.mycosan.com\/pt\/mycosana-unhas\/\"},{\"@type\":\"ListItem\",\"position\":2,\"name\":\"Mycosana P\u00e9-de-Atleta\"}]},{\"@type\":\"WebSite\",\"@id\":\"https:\/\/www.mycosan.com\/pt\/#website\",\"url\":\"https:\/\/www.mycosan.com\/pt\/\",\"name\":\"Mycosana Unhas\",\"description\":\"\",\"potentialAction\":[{\"@type\":\"SearchAction\",\"target\":{\"@type\":\"EntryPoint\",\"urlTemplate\":\"https:\/\/www.mycosan.com\/pt\/?s={search_term_string}\"},\"query-input\":{\"@type\":\"PropertyValueSpecification\",\"valueRequired\":true,\"valueName\":\"search_term_string\"}}],\"inLanguage\":\"pt-PT\"}]}<\/script>\n<!-- \/ Yoast SEO plugin. -->","yoast_head_json":{"title":"Mycosana P\u00e9-de-Atleta - Mycosana Unhas","robots":{"index":"index","follow":"follow","max-snippet":"max-snippet:-1","max-image-preview":"max-image-preview:large","max-video-preview":"max-video-preview:-1"},"canonical":"https:\/\/www.mycosan.com\/pt\/mycosana-unhas\/mycosana-pe-de-atleta\/","og_locale":"pt_PT","og_type":"article","og_title":"Mycosana P\u00e9-de-Atleta - Mycosana Unhas","og_description":"Um gel transparente, com aplica\u00e7\u00e3o \u201cno touch\u201d, que trata os sintomas do p\u00e9-de-atleta.","og_url":"https:\/\/www.mycosan.com\/pt\/mycosana-unhas\/mycosana-pe-de-atleta\/","og_site_name":"Mycosana Unhas","article_modified_time":"2026-03-16T17:52:34+00:00","og_image":[{"width":232,"height":500,"url":"https:\/\/www.mycosan.com\/pt\/files\/2026\/03\/athlete-foot-sm.jpg","type":"image\/jpeg"}],"twitter_misc":{"Est. reading time":"5 minutes"},"schema":{"@context":"https:\/\/schema.org","@graph":[{"@type":"WebPage","@id":"https:\/\/www.mycosan.com\/pt\/mycosana-unhas\/mycosana-pe-de-atleta\/","url":"https:\/\/www.mycosan.com\/pt\/mycosana-unhas\/mycosana-pe-de-atleta\/","name":"Mycosana P\u00e9-de-Atleta - Mycosana Unhas","isPartOf":{"@id":"https:\/\/www.mycosan.com\/pt\/#website"},"primaryImageOfPage":{"@id":"https:\/\/www.mycosan.com\/pt\/mycosana-unhas\/mycosana-pe-de-atleta\/#primaryimage"},"image":{"@id":"https:\/\/www.mycosan.com\/pt\/mycosana-unhas\/mycosana-pe-de-atleta\/#primaryimage"},"thumbnailUrl":"https:\/\/www.mycosan.com\/pt\/files\/2026\/03\/athlete-foot-sm.jpg","datePublished":"2017-03-21T10:59:26+00:00","dateModified":"2026-03-16T17:52:34+00:00","breadcrumb":{"@id":"https:\/\/www.mycosan.com\/pt\/mycosana-unhas\/mycosana-pe-de-atleta\/#breadcrumb"},"inLanguage":"pt-PT","potentialAction":[{"@type":"ReadAction","target":["https:\/\/www.mycosan.com\/pt\/mycosana-unhas\/mycosana-pe-de-atleta\/"]}]},{"@type":"ImageObject","inLanguage":"pt-PT","@id":"https:\/\/www.mycosan.com\/pt\/mycosana-unhas\/mycosana-pe-de-atleta\/#primaryimage","url":"https:\/\/www.mycosan.com\/pt\/files\/2026\/03\/athlete-foot-sm.jpg","contentUrl":"https:\/\/www.mycosan.com\/pt\/files\/2026\/03\/athlete-foot-sm.jpg","width":232,"height":500},{"@type":"BreadcrumbList","@id":"https:\/\/www.mycosan.com\/pt\/mycosana-unhas\/mycosana-pe-de-atleta\/#breadcrumb","itemListElement":[{"@type":"ListItem","position":1,"name":"MYCOSANA UNHAS","item":"https:\/\/www.mycosan.com\/pt\/mycosana-unhas\/"},{"@type":"ListItem","position":2,"name":"Mycosana P\u00e9-de-Atleta"}]},{"@type":"WebSite","@id":"https:\/\/www.mycosan.com\/pt\/#website","url":"https:\/\/www.mycosan.com\/pt\/","name":"Mycosana Unhas","description":"","potentialAction":[{"@type":"SearchAction","target":{"@type":"EntryPoint","urlTemplate":"https:\/\/www.mycosan.com\/pt\/?s={search_term_string}"},"query-input":{"@type":"PropertyValueSpecification","valueRequired":true,"valueName":"search_term_string"}}],"inLanguage":"pt-PT"}]}},"_links":{"self":[{"href":"https:\/\/www.mycosan.com\/pt\/wp-json\/wp\/v2\/pages\/9074","targetHints":{"allow":["GET"]}}],"collection":[{"href":"https:\/\/www.mycosan.com\/pt\/wp-json\/wp\/v2\/pages"}],"about":[{"href":"https:\/\/www.mycosan.com\/pt\/wp-json\/wp\/v2\/types\/page"}],"author":[{"embeddable":true,"href":"https:\/\/www.mycosan.com\/pt\/wp-json\/wp\/v2\/users\/1"}],"replies":[{"embeddable":true,"href":"https:\/\/www.mycosan.com\/pt\/wp-json\/wp\/v2\/comments?post=9074"}],"version-history":[{"count":0,"href":"https:\/\/www.mycosan.com\/pt\/wp-json\/wp\/v2\/pages\/9074\/revisions"}],"up":[{"embeddable":true,"href":"https:\/\/www.mycosan.com\/pt\/wp-json\/wp\/v2\/pages\/8586"}],"wp:featuredmedia":[{"embeddable":true,"href":"https:\/\/www.mycosan.com\/pt\/wp-json\/wp\/v2\/media\/9743"}],"wp:attachment":[{"href":"https:\/\/www.mycosan.com\/pt\/wp-json\/wp\/v2\/media?parent=9074"}],"wp:term":[{"taxonomy":"page_type","embeddable":true,"href":"https:\/\/www.mycosan.com\/pt\/wp-json\/wp\/v2\/page_type?post=9074"}],"curies":[{"name":"wp","href":"https:\/\/api.w.org\/{rel}","templated":true}]}}