{"id":8618,"date":"2015-01-25T16:26:46","date_gmt":"2015-01-25T15:26:46","guid":{"rendered":"https:\/\/www.mycosan.com\/portugal\/test\/?page_id=4248"},"modified":"2019-07-11T12:43:36","modified_gmt":"2019-07-11T11:43:36","slug":"onde-comprar-mycosana-unhas","status":"publish","type":"page","link":"https:\/\/www.mycosan.com\/pt\/onde-comprar-mycosana-unhas\/","title":{"rendered":"Onde comprar Mycosana?"},"content":{"rendered":"<div  class='flex_column av-av_one_fourth-2a9015ff38129c418a3f2eafba3e9512 av_one_fourth  avia-builder-el-0  el_before_av_three_fourth  avia-builder-el-first  first flex_column_div  '     ><style type=\"text\/css\" data-created_by=\"avia_inline_auto\" id=\"style-css-av-av_image-94d877509c3be4e85441658c21792ee7\">\n.avia-image-container.av-av_image-94d877509c3be4e85441658c21792ee7 img.avia_image{\nbox-shadow:none;\n}\n.avia-image-container.av-av_image-94d877509c3be4e85441658c21792ee7 .av-image-caption-overlay-center{\ncolor:#ffffff;\n}\n<\/style>\n<div  class='avia-image-container av-av_image-94d877509c3be4e85441658c21792ee7 av-styling- avia-align-center  avia-builder-el-1  avia-builder-el-no-sibling '   itemprop=\"image\" itemscope=\"itemscope\" itemtype=\"https:\/\/schema.org\/ImageObject\" ><div class=\"avia-image-container-inner\"><div class=\"avia-image-overlay-wrap\"><img decoding=\"async\" fetchpriority=\"high\" class='wp-image-9233 avia-img-lazy-loading-not-9233 avia_image ' src=\"https:\/\/www.mycosan.com\/pt\/files\/2017\/05\/linha-1-300x207.png\" alt='' title='linha'  height=\"207\" width=\"300\"  itemprop=\"thumbnailUrl\" srcset=\"https:\/\/www.mycosan.com\/pt\/files\/2017\/05\/linha-1-300x207.png 300w, https:\/\/www.mycosan.com\/pt\/files\/2017\/05\/linha-1.png 600w, https:\/\/www.mycosan.com\/pt\/files\/2017\/05\/linha-1-450x311.png 450w\" sizes=\"(max-width: 300px) 100vw, 300px\" \/><\/div><\/div><\/div><\/div>\n<style type=\"text\/css\" data-created_by=\"avia_inline_auto\" id=\"style-css-av-av_three_fourth-9c1d454dc06f7247226bc4e8f931daae\">\n.flex_column.av-av_three_fourth-9c1d454dc06f7247226bc4e8f931daae{\nborder-radius:0px 0px 0px 0px;\npadding:0px 0px 0px 0px;\n}\n<\/style>\n<div  class='flex_column av-av_three_fourth-9c1d454dc06f7247226bc4e8f931daae av_three_fourth  avia-builder-el-2  el_after_av_one_fourth  avia-builder-el-last  flex_column_div av-zero-column-padding  '     ><section  class='av_textblock_section av-av_textblock-0366cc7376be6c9e82a3e9cc8987b64f '   itemscope=\"itemscope\" itemtype=\"https:\/\/schema.org\/CreativeWork\" ><div class='avia_textblock'  itemprop=\"text\" ><h1><strong>PONTOS DE VENDA<\/strong><\/h1>\n<\/div><\/section><br \/>\n<div  class='hr av-av_hr-dcd2069817a0e3d34ae04cad8f3443c7 hr-default  avia-builder-el-4  el_after_av_textblock  el_before_av_textblock '><span class='hr-inner '><span class=\"hr-inner-style\"><\/span><\/span><\/div><br \/>\n<section  class='av_textblock_section av-av_textblock-0366cc7376be6c9e82a3e9cc8987b64f '   itemscope=\"itemscope\" itemtype=\"https:\/\/schema.org\/CreativeWork\" ><div class='avia_textblock'  itemprop=\"text\" ><p>Mycosana Unhas \/ P\u00e9s est\u00e1 dispon\u00edvel em Farm\u00e1cias e Espa\u00e7os de Sa\u00fade.<\/p>\n<\/div><\/section><\/p><\/div><\/p>\n","protected":false},"excerpt":{"rendered":"","protected":false},"author":1,"featured_media":0,"parent":0,"menu_order":99,"comment_status":"open","ping_status":"closed","template":"","meta":{"_acf_changed":false,"footnotes":""},"page_type":[],"class_list":["post-8618","page","type-page","status-publish","hentry"],"acf":[],"yoast_head":"<!-- This site is optimized with the Yoast SEO plugin v26.9 - https:\/\/yoast.com\/product\/yoast-seo-wordpress\/ -->\n<title>Onde comprar Mycosana? - Mycosana Unhas<\/title>\n<meta name=\"description\" content=\"Mycosan is te koop via onze webshop en bij de apotheek of drogisterij. Vul hier uw postcode of plaatsnaam in en vindt een verkooppunt bij u in de buurt.\" \/>\n<meta name=\"robots\" content=\"index, follow, max-snippet:-1, max-image-preview:large, max-video-preview:-1\" \/>\n<link rel=\"canonical\" href=\"https:\/\/www.mycosan.com\/pt\/onde-comprar-mycosana-unhas\/\" \/>\n<meta property=\"og:locale\" content=\"pt_PT\" \/>\n<meta property=\"og:type\" content=\"article\" \/>\n<meta property=\"og:title\" content=\"Onde comprar Mycosana? - Mycosana Unhas\" \/>\n<meta property=\"og:description\" content=\"Mycosan is te koop via onze webshop en bij de apotheek of drogisterij. Vul hier uw postcode of plaatsnaam in en vindt een verkooppunt bij u in de buurt.\" \/>\n<meta property=\"og:url\" content=\"https:\/\/www.mycosan.com\/pt\/onde-comprar-mycosana-unhas\/\" \/>\n<meta property=\"og:site_name\" content=\"Mycosana Unhas\" \/>\n<meta property=\"article:modified_time\" content=\"2019-07-11T11:43:36+00:00\" \/>\n<meta name=\"twitter:label1\" content=\"Est. reading time\" \/>\n\t<meta name=\"twitter:data1\" content=\"1 minute\" \/>\n<script type=\"application\/ld+json\" class=\"yoast-schema-graph\">{\"@context\":\"https:\/\/schema.org\",\"@graph\":[{\"@type\":\"WebPage\",\"@id\":\"https:\/\/www.mycosan.com\/pt\/onde-comprar-mycosana-unhas\/\",\"url\":\"https:\/\/www.mycosan.com\/pt\/onde-comprar-mycosana-unhas\/\",\"name\":\"Onde comprar Mycosana? - Mycosana Unhas\",\"isPartOf\":{\"@id\":\"https:\/\/www.mycosan.com\/pt\/#website\"},\"datePublished\":\"2015-01-25T15:26:46+00:00\",\"dateModified\":\"2019-07-11T11:43:36+00:00\",\"description\":\"Mycosan is te koop via onze webshop en bij de apotheek of drogisterij. Vul hier uw postcode of plaatsnaam in en vindt een verkooppunt bij u in de buurt.\",\"inLanguage\":\"pt-PT\",\"potentialAction\":[{\"@type\":\"ReadAction\",\"target\":[\"https:\/\/www.mycosan.com\/pt\/onde-comprar-mycosana-unhas\/\"]}]},{\"@type\":\"WebSite\",\"@id\":\"https:\/\/www.mycosan.com\/pt\/#website\",\"url\":\"https:\/\/www.mycosan.com\/pt\/\",\"name\":\"Mycosana Unhas\",\"description\":\"\",\"potentialAction\":[{\"@type\":\"SearchAction\",\"target\":{\"@type\":\"EntryPoint\",\"urlTemplate\":\"https:\/\/www.mycosan.com\/pt\/?s={search_term_string}\"},\"query-input\":{\"@type\":\"PropertyValueSpecification\",\"valueRequired\":true,\"valueName\":\"search_term_string\"}}],\"inLanguage\":\"pt-PT\"}]}<\/script>\n<!-- \/ Yoast SEO plugin. -->","yoast_head_json":{"title":"Onde comprar Mycosana? - Mycosana Unhas","description":"Mycosan is te koop via onze webshop en bij de apotheek of drogisterij. Vul hier uw postcode of plaatsnaam in en vindt een verkooppunt bij u in de buurt.","robots":{"index":"index","follow":"follow","max-snippet":"max-snippet:-1","max-image-preview":"max-image-preview:large","max-video-preview":"max-video-preview:-1"},"canonical":"https:\/\/www.mycosan.com\/pt\/onde-comprar-mycosana-unhas\/","og_locale":"pt_PT","og_type":"article","og_title":"Onde comprar Mycosana? - Mycosana Unhas","og_description":"Mycosan is te koop via onze webshop en bij de apotheek of drogisterij. Vul hier uw postcode of plaatsnaam in en vindt een verkooppunt bij u in de buurt.","og_url":"https:\/\/www.mycosan.com\/pt\/onde-comprar-mycosana-unhas\/","og_site_name":"Mycosana Unhas","article_modified_time":"2019-07-11T11:43:36+00:00","twitter_misc":{"Est. reading time":"1 minute"},"schema":{"@context":"https:\/\/schema.org","@graph":[{"@type":"WebPage","@id":"https:\/\/www.mycosan.com\/pt\/onde-comprar-mycosana-unhas\/","url":"https:\/\/www.mycosan.com\/pt\/onde-comprar-mycosana-unhas\/","name":"Onde comprar Mycosana? - Mycosana Unhas","isPartOf":{"@id":"https:\/\/www.mycosan.com\/pt\/#website"},"datePublished":"2015-01-25T15:26:46+00:00","dateModified":"2019-07-11T11:43:36+00:00","description":"Mycosan is te koop via onze webshop en bij de apotheek of drogisterij. Vul hier uw postcode of plaatsnaam in en vindt een verkooppunt bij u in de buurt.","inLanguage":"pt-PT","potentialAction":[{"@type":"ReadAction","target":["https:\/\/www.mycosan.com\/pt\/onde-comprar-mycosana-unhas\/"]}]},{"@type":"WebSite","@id":"https:\/\/www.mycosan.com\/pt\/#website","url":"https:\/\/www.mycosan.com\/pt\/","name":"Mycosana Unhas","description":"","potentialAction":[{"@type":"SearchAction","target":{"@type":"EntryPoint","urlTemplate":"https:\/\/www.mycosan.com\/pt\/?s={search_term_string}"},"query-input":{"@type":"PropertyValueSpecification","valueRequired":true,"valueName":"search_term_string"}}],"inLanguage":"pt-PT"}]}},"_links":{"self":[{"href":"https:\/\/www.mycosan.com\/pt\/wp-json\/wp\/v2\/pages\/8618","targetHints":{"allow":["GET"]}}],"collection":[{"href":"https:\/\/www.mycosan.com\/pt\/wp-json\/wp\/v2\/pages"}],"about":[{"href":"https:\/\/www.mycosan.com\/pt\/wp-json\/wp\/v2\/types\/page"}],"author":[{"embeddable":true,"href":"https:\/\/www.mycosan.com\/pt\/wp-json\/wp\/v2\/users\/1"}],"replies":[{"embeddable":true,"href":"https:\/\/www.mycosan.com\/pt\/wp-json\/wp\/v2\/comments?post=8618"}],"version-history":[{"count":0,"href":"https:\/\/www.mycosan.com\/pt\/wp-json\/wp\/v2\/pages\/8618\/revisions"}],"wp:attachment":[{"href":"https:\/\/www.mycosan.com\/pt\/wp-json\/wp\/v2\/media?parent=8618"}],"wp:term":[{"taxonomy":"page_type","embeddable":true,"href":"https:\/\/www.mycosan.com\/pt\/wp-json\/wp\/v2\/page_type?post=8618"}],"curies":[{"name":"wp","href":"https:\/\/api.w.org\/{rel}","templated":true}]}}