{"id":8613,"date":"2015-01-08T16:18:09","date_gmt":"2015-01-08T15:18:09","guid":{"rendered":"https:\/\/www.mycosan.com\/portugal\/test\/?page_id=4017"},"modified":"2016-04-21T09:07:16","modified_gmt":"2016-04-21T08:07:16","slug":"faq","status":"publish","type":"page","link":"https:\/\/www.mycosan.com\/pt\/faq\/","title":{"rendered":"FAQ"},"content":{"rendered":"<div  class='flex_column av-av_one_fourth-2a9015ff38129c418a3f2eafba3e9512 av_one_fourth  avia-builder-el-0  el_before_av_three_fourth  avia-builder-el-first  first flex_column_div  '     ><style type=\"text\/css\" data-created_by=\"avia_inline_auto\" id=\"style-css-av-av_image-fdd811b32b4b4da6b5a60b1e63c55e39\">\n.avia-image-container.av-av_image-fdd811b32b4b4da6b5a60b1e63c55e39 img.avia_image{\nbox-shadow:none;\n}\n.avia-image-container.av-av_image-fdd811b32b4b4da6b5a60b1e63c55e39 .av-image-caption-overlay-center{\ncolor:#ffffff;\n}\n<\/style>\n<div  class='avia-image-container av-av_image-fdd811b32b4b4da6b5a60b1e63c55e39 av-styling- avia-align-center  avia-builder-el-1  avia-builder-el-no-sibling '   itemprop=\"image\" itemscope=\"itemscope\" itemtype=\"https:\/\/schema.org\/ImageObject\" ><div class=\"avia-image-container-inner\"><div class=\"avia-image-overlay-wrap\"><img decoding=\"async\" fetchpriority=\"high\" class='wp-image-9008 avia-img-lazy-loading-not-9008 avia_image ' src=\"https:\/\/www.mycosan.com\/pt\/files\/2013\/04\/Mycosana-5-e-10-ml-192x300.png\" alt='' title='Mycosana 5 e 10 ml'  height=\"300\" width=\"192\"  itemprop=\"thumbnailUrl\" srcset=\"https:\/\/www.mycosan.com\/pt\/files\/2013\/04\/Mycosana-5-e-10-ml-192x300.png 192w, https:\/\/www.mycosan.com\/pt\/files\/2013\/04\/Mycosana-5-e-10-ml-768x1201.png 768w, https:\/\/www.mycosan.com\/pt\/files\/2013\/04\/Mycosana-5-e-10-ml-658x1030.png 658w, https:\/\/www.mycosan.com\/pt\/files\/2013\/04\/Mycosana-5-e-10-ml-600x939.png 600w, https:\/\/www.mycosan.com\/pt\/files\/2013\/04\/Mycosana-5-e-10-ml-959x1500.png 959w, https:\/\/www.mycosan.com\/pt\/files\/2013\/04\/Mycosana-5-e-10-ml-451x705.png 451w, https:\/\/www.mycosan.com\/pt\/files\/2013\/04\/Mycosana-5-e-10-ml-450x704.png 450w, https:\/\/www.mycosan.com\/pt\/files\/2013\/04\/Mycosana-5-e-10-ml.png 1510w\" sizes=\"(max-width: 192px) 100vw, 192px\" \/><\/div><\/div><\/div><\/div>\n\n<style type=\"text\/css\" data-created_by=\"avia_inline_auto\" id=\"style-css-av-av_three_fourth-9c1d454dc06f7247226bc4e8f931daae\">\n.flex_column.av-av_three_fourth-9c1d454dc06f7247226bc4e8f931daae{\nborder-radius:0px 0px 0px 0px;\npadding:0px 0px 0px 0px;\n}\n<\/style>\n<div  class='flex_column av-av_three_fourth-9c1d454dc06f7247226bc4e8f931daae av_three_fourth  avia-builder-el-2  el_after_av_one_fourth  el_before_av_one_full  flex_column_div av-zero-column-padding  '     ><section  class='av_textblock_section av-av_textblock-0366cc7376be6c9e82a3e9cc8987b64f '   itemscope=\"itemscope\" itemtype=\"https:\/\/schema.org\/CreativeWork\" ><div class='avia_textblock'  itemprop=\"text\" ><h1>Perguntas mais frequentes<\/h1>\n<\/div><\/section><br \/>\n<div  class='hr av-av_hr-dcd2069817a0e3d34ae04cad8f3443c7 hr-default  avia-builder-el-4  el_after_av_textblock  el_before_av_toggle_container '><span class='hr-inner '><span class=\"hr-inner-style\"><\/span><\/span><\/div><br \/>\n<div  class='togglecontainer av-av_toggle_container-8e0c6e39d39b619a829887bd54fff3ed  avia-builder-el-5  el_after_av_hr  avia-builder-el-last  toggle_close_all' >\n<section class='av_toggle_section av-av_toggle-190bf01e83694d578e75309fdd834b2f'  itemscope=\"itemscope\" itemtype=\"https:\/\/schema.org\/CreativeWork\" ><div role=\"tablist\" class=\"single_toggle\" data-tags=\"{All} \"  ><p id='toggle-toggle-id-1' data-fake-id='#toggle-id-1' class='toggler  av-title-above '  itemprop=\"headline\"  role='tab' tabindex='0' aria-controls='toggle-id-1' data-slide-speed=\"200\" data-title=\"Mycosana Unhas tem um cheiro desagrad\u00e1vel?\" data-title-open=\"\" data-aria_collapsed=\"Click to expand: Mycosana Unhas tem um cheiro desagrad\u00e1vel?\" data-aria_expanded=\"Click to collapse: Mycosana Unhas tem um cheiro desagrad\u00e1vel?\">Mycosana Unhas tem um cheiro desagrad\u00e1vel?<span class=\"toggle_icon\"><span class=\"vert_icon\"><\/span><span class=\"hor_icon\"><\/span><\/span><\/p><div id='toggle-id-1' aria-labelledby='toggle-toggle-id-1' role='region' class='toggle_wrap  av-title-above'  ><div class='toggle_content invers-color '  itemprop=\"text\" ><p>Mycosana Unhas \u00e9 incolor e n\u00e3o tem cheiro.<\/p>\n<\/div><\/div><\/div><\/section>\n<section class='av_toggle_section av-av_toggle-ff232a5cdf70e2caebf798ecca6c52db'  itemscope=\"itemscope\" itemtype=\"https:\/\/schema.org\/CreativeWork\" ><div role=\"tablist\" class=\"single_toggle\" data-tags=\"{All} \"  ><p id='toggle-toggle-id-2' data-fake-id='#toggle-id-2' class='toggler  av-title-above '  itemprop=\"headline\"  role='tab' tabindex='0' aria-controls='toggle-id-2' data-slide-speed=\"200\" data-title=\"Mycosana Unhas pode ser utilizado por todos os membros da fam\u00edlia?\" data-title-open=\"\" data-aria_collapsed=\"Click to expand: Mycosana Unhas pode ser utilizado por todos os membros da fam\u00edlia?\" data-aria_expanded=\"Click to collapse: Mycosana Unhas pode ser utilizado por todos os membros da fam\u00edlia?\">Mycosana Unhas pode ser utilizado por todos os membros da fam\u00edlia?<span class=\"toggle_icon\"><span class=\"vert_icon\"><\/span><span class=\"hor_icon\"><\/span><\/span><\/p><div id='toggle-id-2' aria-labelledby='toggle-toggle-id-2' role='region' class='toggle_wrap  av-title-above'  ><div class='toggle_content invers-color '  itemprop=\"text\" ><p>Mycosana Unhas n\u00e3o \u00e9 absorvido pela pele, podendo ser usado por crian\u00e7as a partir dos 4 anos de idade.<br \/>\nMycosana Unhas n\u00e3o cont\u00e9m subst\u00e2ncias que possam causar problemas em pessoas com asma.<\/p>\n<\/div><\/div><\/div><\/section>\n<section class='av_toggle_section av-av_toggle-6dea9342fce7df37c79de41eccb306d2'  itemscope=\"itemscope\" itemtype=\"https:\/\/schema.org\/CreativeWork\" ><div role=\"tablist\" class=\"single_toggle\" data-tags=\"{All} \"  ><p id='toggle-toggle-id-3' data-fake-id='#toggle-id-3' class='toggler  av-title-above '  itemprop=\"headline\"  role='tab' tabindex='0' aria-controls='toggle-id-3' data-slide-speed=\"200\" data-title=\"Com que frequ\u00eancia se pode repetir o tratamento?\" data-title-open=\"\" data-aria_collapsed=\"Click to expand: Com que frequ\u00eancia se pode repetir o tratamento?\" data-aria_expanded=\"Click to collapse: Com que frequ\u00eancia se pode repetir o tratamento?\">Com que frequ\u00eancia se pode repetir o tratamento?<span class=\"toggle_icon\"><span class=\"vert_icon\"><\/span><span class=\"hor_icon\"><\/span><\/span><\/p><div id='toggle-id-3' aria-labelledby='toggle-toggle-id-3' role='region' class='toggle_wrap  av-title-above'  ><div class='toggle_content invers-color '  itemprop=\"text\" ><p>Mycosana Unhas deve ser aplicado 2 vezes ao dia para tratar a unha com sucesso.<\/p>\n<\/div><\/div><\/div><\/section>\n<section class='av_toggle_section av-av_toggle-bda38f65bd6bd6e4d0e19aeb0fa9e66b'  itemscope=\"itemscope\" itemtype=\"https:\/\/schema.org\/CreativeWork\" ><div role=\"tablist\" class=\"single_toggle\" data-tags=\"{All} \"  ><p id='toggle-toggle-id-4' data-fake-id='#toggle-id-4' class='toggler  av-title-above '  itemprop=\"headline\"  role='tab' tabindex='0' aria-controls='toggle-id-4' data-slide-speed=\"200\" data-title=\"Como deve ser utilizado?\" data-title-open=\"\" data-aria_collapsed=\"Click to expand: Como deve ser utilizado?\" data-aria_expanded=\"Click to collapse: Como deve ser utilizado?\">Como deve ser utilizado?<span class=\"toggle_icon\"><span class=\"vert_icon\"><\/span><span class=\"hor_icon\"><\/span><\/span><\/p><div id='toggle-id-4' aria-labelledby='toggle-toggle-id-4' role='region' class='toggle_wrap  av-title-above'  ><div class='toggle_content invers-color '  itemprop=\"text\" ><ul>\n<li>Aplicar Mycosana Unhas na unha afetada, duas vezes por dia, por um per\u00edodo m\u00ednimo de 4 semanas.<\/li>\n<li>Deixar secar durante 2 minutos<\/li>\n<li>Ap\u00f3s 2 semanas, come\u00e7ar a limar as unhas. Limar a unha afetada uma vez por semana com as limas fornecidas com o produto (Nota: para prevenir o alastramento da infe\u00e7\u00e3o, utilizar uma lima por unha. Descartar a lima ap\u00f3s utiliza\u00e7\u00e3o)<\/li>\n<\/ul>\n<p>O tratamento deve ser totalmente conclu\u00eddo para alcan\u00e7ar os resultados! Deve-se continuar a aplica\u00e7\u00e3o di\u00e1ria at\u00e9 a unha voltar \u00e0 sua apar\u00eancia normal e a parte afetada crescer para fora da unha. Isto pode demorar alguns meses. Os primeiros resultados s\u00e3o vis\u00edveis em semanas. Remover o verniz das unhas antes de aplicar Mycosana Unhas.<\/p>\n<\/div><\/div><\/div><\/section>\n<section class='av_toggle_section av-av_toggle-7fb0be49f381c9eac086080a11f4e16d'  itemscope=\"itemscope\" itemtype=\"https:\/\/schema.org\/CreativeWork\" ><div role=\"tablist\" class=\"single_toggle\" data-tags=\"{All} \"  ><p id='toggle-toggle-id-5' data-fake-id='#toggle-id-5' class='toggler  av-title-above '  itemprop=\"headline\"  role='tab' tabindex='0' aria-controls='toggle-id-5' data-slide-speed=\"200\" data-title=\"Quanto \u00e9 preciso?\" data-title-open=\"\" data-aria_collapsed=\"Click to expand: Quanto \u00e9 preciso?\" data-aria_expanded=\"Click to collapse: Quanto \u00e9 preciso?\">Quanto \u00e9 preciso?<span class=\"toggle_icon\"><span class=\"vert_icon\"><\/span><span class=\"hor_icon\"><\/span><\/span><\/p><div id='toggle-id-5' aria-labelledby='toggle-toggle-id-5' role='region' class='toggle_wrap  av-title-above'  ><div class='toggle_content invers-color '  itemprop=\"text\" ><p>Uma gota de Mycosana Unhas \u00e9 suficiente. Um tubo de 5 ml \u00e9 suficiente para o tratamento de uma unha (unha grande do dedo do p\u00e9).<\/p>\n<\/div><\/div><\/div><\/section>\n<\/div><\/p><\/div>\n<div  class='flex_column av-av_one_full-2a9015ff38129c418a3f2eafba3e9512 av_one_full  avia-builder-el-6  el_after_av_three_fourth  avia-builder-el-last  first flex_column_div  column-top-margin'     ><p>\n<style type=\"text\/css\" data-created_by=\"avia_inline_auto\" id=\"style-css-av-av_heading-59eb7b951bb121654152553aefd57719\">\n#top .av-special-heading.av-av_heading-59eb7b951bb121654152553aefd57719{\npadding-bottom:10px;\n}\nbody .av-special-heading.av-av_heading-59eb7b951bb121654152553aefd57719 .av-special-heading-tag .heading-char{\nfont-size:25px;\n}\n.av-special-heading.av-av_heading-59eb7b951bb121654152553aefd57719 .av-subheading{\nfont-size:15px;\n}\n<\/style>\n<div  class='av-special-heading av-av_heading-59eb7b951bb121654152553aefd57719 av-special-heading-h3 blockquote modern-quote modern-centered  avia-builder-el-7  el_before_av_button  avia-builder-el-first '><h3 class='av-special-heading-tag '  itemprop=\"headline\"  >A sua pergunta n\u00e3o aparece?<\/h3><div class=\"special-heading-border\"><div class=\"special-heading-inner-border\"><\/div><\/div><\/div><br \/>\n<div  class='avia-button-wrap av-av_button-233c1823b6cf189c55012049474c587a-wrap avia-button-center  avia-builder-el-8  el_after_av_heading  avia-builder-el-last '><a href='https:\/\/www.mycosan.com\/pt\/contactos\/'  class='avia-button av-av_button-233c1823b6cf189c55012049474c587a av-link-btn avia-icon_select-no avia-size-large avia-position-center avia-color-blue'   aria-label=\"CONTACTE-NOS\"><span class='avia_iconbox_title' >CONTACTE-NOS<\/span><\/a><\/div><\/p><\/div>\n","protected":false},"excerpt":{"rendered":"","protected":false},"author":1,"featured_media":0,"parent":0,"menu_order":80,"comment_status":"open","ping_status":"closed","template":"","meta":{"_acf_changed":false,"footnotes":""},"page_type":[],"class_list":["post-8613","page","type-page","status-publish","hentry"],"acf":[],"yoast_head":"<!-- This site is optimized with the Yoast SEO plugin v26.9 - https:\/\/yoast.com\/product\/yoast-seo-wordpress\/ -->\n<title>FAQ - Mycosana Unhas<\/title>\n<meta name=\"description\" content=\"Staat u vraag over Mycosan of haar producten er niet tussen? Neem dan contact met ons op via het contactformulier.\" \/>\n<meta name=\"robots\" content=\"index, follow, max-snippet:-1, max-image-preview:large, max-video-preview:-1\" \/>\n<link rel=\"canonical\" href=\"https:\/\/www.mycosan.com\/pt\/faq\/\" \/>\n<meta property=\"og:locale\" content=\"pt_PT\" \/>\n<meta property=\"og:type\" content=\"article\" \/>\n<meta property=\"og:title\" content=\"FAQ - Mycosana Unhas\" \/>\n<meta property=\"og:description\" content=\"Staat u vraag over Mycosan of haar producten er niet tussen? Neem dan contact met ons op via het contactformulier.\" \/>\n<meta property=\"og:url\" content=\"https:\/\/www.mycosan.com\/pt\/faq\/\" \/>\n<meta property=\"og:site_name\" content=\"Mycosana Unhas\" \/>\n<meta property=\"article:modified_time\" content=\"2016-04-21T08:07:16+00:00\" \/>\n<meta name=\"twitter:label1\" content=\"Est. reading time\" \/>\n\t<meta name=\"twitter:data1\" content=\"3 minutes\" \/>\n<script type=\"application\/ld+json\" class=\"yoast-schema-graph\">{\"@context\":\"https:\/\/schema.org\",\"@graph\":[{\"@type\":\"WebPage\",\"@id\":\"https:\/\/www.mycosan.com\/pt\/faq\/\",\"url\":\"https:\/\/www.mycosan.com\/pt\/faq\/\",\"name\":\"FAQ - Mycosana Unhas\",\"isPartOf\":{\"@id\":\"https:\/\/www.mycosan.com\/pt\/#website\"},\"datePublished\":\"2015-01-08T15:18:09+00:00\",\"dateModified\":\"2016-04-21T08:07:16+00:00\",\"description\":\"Staat u vraag over Mycosan of haar producten er niet tussen? Neem dan contact met ons op via het contactformulier.\",\"inLanguage\":\"pt-PT\",\"potentialAction\":[{\"@type\":\"ReadAction\",\"target\":[\"https:\/\/www.mycosan.com\/pt\/faq\/\"]}]},{\"@type\":\"WebSite\",\"@id\":\"https:\/\/www.mycosan.com\/pt\/#website\",\"url\":\"https:\/\/www.mycosan.com\/pt\/\",\"name\":\"Mycosana Unhas\",\"description\":\"\",\"potentialAction\":[{\"@type\":\"SearchAction\",\"target\":{\"@type\":\"EntryPoint\",\"urlTemplate\":\"https:\/\/www.mycosan.com\/pt\/?s={search_term_string}\"},\"query-input\":{\"@type\":\"PropertyValueSpecification\",\"valueRequired\":true,\"valueName\":\"search_term_string\"}}],\"inLanguage\":\"pt-PT\"}]}<\/script>\n<!-- \/ Yoast SEO plugin. -->","yoast_head_json":{"title":"FAQ - Mycosana Unhas","description":"Staat u vraag over Mycosan of haar producten er niet tussen? Neem dan contact met ons op via het contactformulier.","robots":{"index":"index","follow":"follow","max-snippet":"max-snippet:-1","max-image-preview":"max-image-preview:large","max-video-preview":"max-video-preview:-1"},"canonical":"https:\/\/www.mycosan.com\/pt\/faq\/","og_locale":"pt_PT","og_type":"article","og_title":"FAQ - Mycosana Unhas","og_description":"Staat u vraag over Mycosan of haar producten er niet tussen? Neem dan contact met ons op via het contactformulier.","og_url":"https:\/\/www.mycosan.com\/pt\/faq\/","og_site_name":"Mycosana Unhas","article_modified_time":"2016-04-21T08:07:16+00:00","twitter_misc":{"Est. reading time":"3 minutes"},"schema":{"@context":"https:\/\/schema.org","@graph":[{"@type":"WebPage","@id":"https:\/\/www.mycosan.com\/pt\/faq\/","url":"https:\/\/www.mycosan.com\/pt\/faq\/","name":"FAQ - Mycosana Unhas","isPartOf":{"@id":"https:\/\/www.mycosan.com\/pt\/#website"},"datePublished":"2015-01-08T15:18:09+00:00","dateModified":"2016-04-21T08:07:16+00:00","description":"Staat u vraag over Mycosan of haar producten er niet tussen? Neem dan contact met ons op via het contactformulier.","inLanguage":"pt-PT","potentialAction":[{"@type":"ReadAction","target":["https:\/\/www.mycosan.com\/pt\/faq\/"]}]},{"@type":"WebSite","@id":"https:\/\/www.mycosan.com\/pt\/#website","url":"https:\/\/www.mycosan.com\/pt\/","name":"Mycosana Unhas","description":"","potentialAction":[{"@type":"SearchAction","target":{"@type":"EntryPoint","urlTemplate":"https:\/\/www.mycosan.com\/pt\/?s={search_term_string}"},"query-input":{"@type":"PropertyValueSpecification","valueRequired":true,"valueName":"search_term_string"}}],"inLanguage":"pt-PT"}]}},"_links":{"self":[{"href":"https:\/\/www.mycosan.com\/pt\/wp-json\/wp\/v2\/pages\/8613","targetHints":{"allow":["GET"]}}],"collection":[{"href":"https:\/\/www.mycosan.com\/pt\/wp-json\/wp\/v2\/pages"}],"about":[{"href":"https:\/\/www.mycosan.com\/pt\/wp-json\/wp\/v2\/types\/page"}],"author":[{"embeddable":true,"href":"https:\/\/www.mycosan.com\/pt\/wp-json\/wp\/v2\/users\/1"}],"replies":[{"embeddable":true,"href":"https:\/\/www.mycosan.com\/pt\/wp-json\/wp\/v2\/comments?post=8613"}],"version-history":[{"count":0,"href":"https:\/\/www.mycosan.com\/pt\/wp-json\/wp\/v2\/pages\/8613\/revisions"}],"wp:attachment":[{"href":"https:\/\/www.mycosan.com\/pt\/wp-json\/wp\/v2\/media?parent=8613"}],"wp:term":[{"taxonomy":"page_type","embeddable":true,"href":"https:\/\/www.mycosan.com\/pt\/wp-json\/wp\/v2\/page_type?post=8613"}],"curies":[{"name":"wp","href":"https:\/\/api.w.org\/{rel}","templated":true}]}}