{"id":8602,"date":"2015-01-08T16:03:01","date_gmt":"2015-01-08T15:03:01","guid":{"rendered":"https:\/\/www.mycosan.com\/portugal\/test\/?page_id=4009"},"modified":"2026-05-06T12:49:29","modified_gmt":"2026-05-06T11:49:29","slug":"porque-mycosana-unhas","status":"publish","type":"page","link":"https:\/\/www.mycosan.com\/pt\/porque-mycosana-unhas\/","title":{"rendered":"PORQU\u00ca MYCOSANA"},"content":{"rendered":"<div id='content_wrap'  class='avia-section av-k1rzay-7d3a36bf219374a00ffa33632efba559 main_color avia-section-default avia-no-shadow  avia-builder-el-0  el_before_av_section  avia-builder-el-first  avia-bg-style-scroll container_wrap sidebar_right'  ><div class='container av-section-cont-open' ><main  role=\"main\" itemprop=\"mainContentOfPage\"  class='template-page content  av-content-small alpha units'><div class='post-entry post-entry-type-page post-entry-8602'><div class='entry-content-wrapper clearfix'>\n<div  class='flex_column av-ivecgq-947697df9b55e8ad0138fe41a106359c av_one_fourth  avia-builder-el-1  el_before_av_three_fourth  avia-builder-el-first  first flex_column_div  '     ><style type=\"text\/css\" data-created_by=\"avia_inline_auto\" id=\"style-css-av-6bt2y-bf0f16db24d57513269efc0101ebbd6f\">\n.avia-image-container.av-6bt2y-bf0f16db24d57513269efc0101ebbd6f img.avia_image{\nbox-shadow:none;\n}\n.avia-image-container.av-6bt2y-bf0f16db24d57513269efc0101ebbd6f .av-image-caption-overlay-center{\ncolor:#ffffff;\n}\n<\/style>\n<div  class='avia-image-container av-6bt2y-bf0f16db24d57513269efc0101ebbd6f av-styling- avia_animated_image av-animated-when-visible-95 left-to-right avia-align-center  avia-builder-el-2  avia-builder-el-no-sibling '   itemprop=\"image\" itemscope=\"itemscope\" itemtype=\"https:\/\/schema.org\/ImageObject\" ><div class=\"avia-image-container-inner\"><div class=\"avia-image-overlay-wrap\"><img decoding=\"async\" fetchpriority=\"high\" class='wp-image-9842 avia-img-lazy-loading-not-9842 avia_image ' src=\"https:\/\/www.mycosan.com\/pt\/files\/2026\/05\/Gama-Mycosana-300x211.png\" alt='' title='Gama Mycosana'  height=\"211\" width=\"300\"  itemprop=\"thumbnailUrl\" srcset=\"https:\/\/www.mycosan.com\/pt\/files\/2026\/05\/Gama-Mycosana-300x211.png 300w, https:\/\/www.mycosan.com\/pt\/files\/2026\/05\/Gama-Mycosana-1030x726.png 1030w, https:\/\/www.mycosan.com\/pt\/files\/2026\/05\/Gama-Mycosana-768x541.png 768w, https:\/\/www.mycosan.com\/pt\/files\/2026\/05\/Gama-Mycosana-1536x1083.png 1536w, https:\/\/www.mycosan.com\/pt\/files\/2026\/05\/Gama-Mycosana-2048x1444.png 2048w, https:\/\/www.mycosan.com\/pt\/files\/2026\/05\/Gama-Mycosana-1500x1057.png 1500w, https:\/\/www.mycosan.com\/pt\/files\/2026\/05\/Gama-Mycosana-705x497.png 705w\" sizes=\"(max-width: 300px) 100vw, 300px\" \/><\/div><\/div><\/div><\/div>\n<style type=\"text\/css\" data-created_by=\"avia_inline_auto\" id=\"style-css-av-f9l7fu-99aeae72d6e9c4abd927878e9bebb034\">\n.flex_column.av-f9l7fu-99aeae72d6e9c4abd927878e9bebb034{\nborder-radius:0px 0px 0px 0px;\npadding:0px 0px 0px 0px;\n}\n<\/style>\n<div  class='flex_column av-f9l7fu-99aeae72d6e9c4abd927878e9bebb034 av_three_fourth  avia-builder-el-3  el_after_av_one_fourth  avia-builder-el-last  flex_column_div av-zero-column-padding  '     ><style type=\"text\/css\" data-created_by=\"avia_inline_auto\" id=\"style-css-av-1ghjm2-bc10bbf7d44d43c91d4a60d5aa7d745e\">\n#top .av_textblock_section.av-1ghjm2-bc10bbf7d44d43c91d4a60d5aa7d745e .avia_textblock{\ncolor:#502b7d;\n}\n<\/style>\n<section  class='av_textblock_section av-1ghjm2-bc10bbf7d44d43c91d4a60d5aa7d745e '   itemscope=\"itemscope\" itemtype=\"https:\/\/schema.org\/CreativeWork\" ><div class='avia_textblock av_inherit_color'  itemprop=\"text\" ><h1>Porqu\u00ea utilizar MYCOSANA?<\/h1>\n<\/div><\/section><br \/>\n<div  class='hr av-194euy-033ef2cda730cfcbea732349e032851d hr-default  avia-builder-el-5  el_after_av_textblock  el_before_av_textblock '><span class='hr-inner '><span class=\"hr-inner-style\"><\/span><\/span><\/div><br \/>\n<section  class='av_textblock_section av-abuo7u-75cbf9f8316f9ea905c28ba6a9c764f7 '   itemscope=\"itemscope\" itemtype=\"https:\/\/schema.org\/CreativeWork\" ><div class='avia_textblock'  itemprop=\"text\" ><h4>Efic\u00e1cia comprovada<\/h4>\n<p>Todos os produtos da linha MYCOSANA, exceto o MYCOSANA P\u00d3 e o MYCOSANA B\u00c1LSAMO CALCANHARES GRETADOS, que s\u00e3o cosm\u00e9ticos, s\u00e3o dispositivos m\u00e9dicos, com efic\u00e1cia comprovada.<\/p>\n<h4>Resultados vis\u00edveis, r\u00e1pidos*<\/h4>\n<p>*92% dos participantes de uma pesquisa feita junto dos consumidores referiu melhoria da superf\u00edcie da unhas em 2 semanas.<\/p>\n<h4>Tratamento completo<\/h4>\n<p>MYCOSANA UNHAS e MYCOSANA P\u00c9S permitem um tratamento completo contra os fungos das unhas e p\u00e9-de-atleta. MYCOSANA P\u00d3 PARA P\u00c9S E CAL\u00c7ADO mant\u00e9m os p\u00e9s secos, ajudando no controlo do crescimento dos fungos nos p\u00e9s e unhas. MYCOSANA B\u00c1LSAMO CALCANHARES GRETADOS, com 25% de ureia, nutre e cuida da pele com fissuras.<\/p>\n<h4>P\u00e9s Saud\u00e1veis!<\/h4>\n<p>Os nossos p\u00e9s s\u00e3o importantes, mas muitas vezes negligenciados. A linha <strong>\u00a0<\/strong>MYCOSANA \u00a0permite um tratamento eficaz contra os fungos das unhas e p\u00e9-de-atleta<\/p>\n<\/div><\/section><\/p><\/div><\/div><\/div><\/main><!-- close content main element --><\/div><\/div><div id='box_shadow'  class='avia-section av-8fw1ii-c32d8d402b74ccc087a1b0b62af411db alternate_color avia-section-no-padding avia-no-border-styling  avia-builder-el-7  el_after_av_section  avia-builder-el-last  avia-bg-style-scroll av-minimum-height av-minimum-height-custom av-height-custom  container_wrap sidebar_right'   data-av_minimum_height_px='50'><div class='container av-section-cont-open' style='height:50px'><div class='template-page content  av-content-small alpha units'><div class='post-entry post-entry-type-page post-entry-8602'><div class='entry-content-wrapper clearfix'>\n\n<style type=\"text\/css\" data-created_by=\"avia_inline_auto\" id=\"style-css-av-7qnowa-a091b42e756495a54f7e83d393466f6d\">\n.flex_column.av-7qnowa-a091b42e756495a54f7e83d393466f6d{\nborder-radius:0px 0px 0px 0px;\npadding:0px 0px 0px 0px;\n}\n<\/style>\n<div  class='flex_column av-7qnowa-a091b42e756495a54f7e83d393466f6d av_one_fifth  avia-builder-el-8  el_before_av_three_fifth  avia-builder-el-first  first flex_column_div av-zero-column-padding  '     ><\/div>\n<style type=\"text\/css\" data-created_by=\"avia_inline_auto\" id=\"style-css-av-5i1tay-b489d98fa6e2605cd49c66ab745d6027\">\n.flex_column.av-5i1tay-b489d98fa6e2605cd49c66ab745d6027{\nborder-radius:0px 0px 0px 0px;\npadding:0px 0px 0px 0px;\n}\n<\/style>\n<div  class='flex_column av-5i1tay-b489d98fa6e2605cd49c66ab745d6027 av_three_fifth  avia-builder-el-9  el_after_av_one_fifth  el_before_av_one_fifth  flex_column_div av-zero-column-padding  '     ><div  class='avia-button-wrap av-40z8fu-4f6fa5f66885d98419fa58c38b7d819d-wrap avia-button-center  avia-builder-el-10  avia-builder-el-no-sibling '><a href='https:\/\/www.mycosan.com\/pt\/onde-comprar-mycosana-unhas\/'  class='avia-button av-40z8fu-4f6fa5f66885d98419fa58c38b7d819d av-link-btn avia-icon_select-no avia-size-large avia-position-center avia-color-blue'   aria-label=\"Onde comprar Mycosana Unhas\/P\u00e9s?\"><span class='avia_iconbox_title' >Onde comprar Mycosana Unhas\/P\u00e9s?<\/span><\/a><\/div><\/div>\n<style type=\"text\/css\" data-created_by=\"avia_inline_auto\" id=\"style-css-av-1zrzm2-8747b073d6fc097e3165c1312d7fb5c4\">\n.flex_column.av-1zrzm2-8747b073d6fc097e3165c1312d7fb5c4{\nborder-radius:0px 0px 0px 0px;\npadding:0px 0px 0px 0px;\n}\n<\/style>\n<div  class='flex_column av-1zrzm2-8747b073d6fc097e3165c1312d7fb5c4 av_one_fifth  avia-builder-el-11  el_after_av_three_fifth  avia-builder-el-last  flex_column_div av-zero-column-padding  '     ><\/div>\n<\/div><\/div><\/div><!-- close content main div --><\/div><\/div><div id='after_section_2'  class='main_color av_default_container_wrap container_wrap sidebar_right'  ><div class='container av-section-cont-open' ><div class='template-page content  av-content-small alpha units'><div class='post-entry post-entry-type-page post-entry-8602'><div class='entry-content-wrapper clearfix'><\/p>\n","protected":false},"excerpt":{"rendered":"","protected":false},"author":1,"featured_media":0,"parent":0,"menu_order":0,"comment_status":"open","ping_status":"closed","template":"","meta":{"_acf_changed":false,"footnotes":""},"page_type":[],"class_list":["post-8602","page","type-page","status-publish","hentry"],"acf":[],"yoast_head":"<!-- This site is optimized with the Yoast SEO plugin v26.9 - https:\/\/yoast.com\/product\/yoast-seo-wordpress\/ -->\n<title>PORQU\u00ca MYCOSANA - Mycosana Unhas<\/title>\n<meta name=\"description\" content=\"Waarom Mycosan? Mycosan biedt een complete behandeling tegen kalknagel en bescherming tegen voetschimmel. Mycosan Kalknagel is klinisch bewezen een snelle\" \/>\n<meta name=\"robots\" content=\"index, follow, max-snippet:-1, max-image-preview:large, max-video-preview:-1\" \/>\n<link rel=\"canonical\" href=\"https:\/\/www.mycosan.com\/pt\/porque-mycosana-unhas\/\" \/>\n<meta property=\"og:locale\" content=\"pt_PT\" \/>\n<meta property=\"og:type\" content=\"article\" \/>\n<meta property=\"og:title\" content=\"PORQU\u00ca MYCOSANA - Mycosana Unhas\" \/>\n<meta property=\"og:description\" content=\"Waarom Mycosan? Mycosan biedt een complete behandeling tegen kalknagel en bescherming tegen voetschimmel. Mycosan Kalknagel is klinisch bewezen een snelle\" \/>\n<meta property=\"og:url\" content=\"https:\/\/www.mycosan.com\/pt\/porque-mycosana-unhas\/\" \/>\n<meta property=\"og:site_name\" content=\"Mycosana Unhas\" \/>\n<meta property=\"article:modified_time\" content=\"2026-05-06T11:49:29+00:00\" \/>\n<meta name=\"twitter:label1\" content=\"Est. reading time\" \/>\n\t<meta name=\"twitter:data1\" content=\"5 minutes\" \/>\n<script type=\"application\/ld+json\" class=\"yoast-schema-graph\">{\"@context\":\"https:\/\/schema.org\",\"@graph\":[{\"@type\":\"WebPage\",\"@id\":\"https:\/\/www.mycosan.com\/pt\/porque-mycosana-unhas\/\",\"url\":\"https:\/\/www.mycosan.com\/pt\/porque-mycosana-unhas\/\",\"name\":\"PORQU\u00ca MYCOSANA - Mycosana Unhas\",\"isPartOf\":{\"@id\":\"https:\/\/www.mycosan.com\/pt\/#website\"},\"datePublished\":\"2015-01-08T15:03:01+00:00\",\"dateModified\":\"2026-05-06T11:49:29+00:00\",\"description\":\"Waarom Mycosan? Mycosan biedt een complete behandeling tegen kalknagel en bescherming tegen voetschimmel. Mycosan Kalknagel is klinisch bewezen een snelle\",\"inLanguage\":\"pt-PT\",\"potentialAction\":[{\"@type\":\"ReadAction\",\"target\":[\"https:\/\/www.mycosan.com\/pt\/porque-mycosana-unhas\/\"]}]},{\"@type\":\"WebSite\",\"@id\":\"https:\/\/www.mycosan.com\/pt\/#website\",\"url\":\"https:\/\/www.mycosan.com\/pt\/\",\"name\":\"Mycosana Unhas\",\"description\":\"\",\"potentialAction\":[{\"@type\":\"SearchAction\",\"target\":{\"@type\":\"EntryPoint\",\"urlTemplate\":\"https:\/\/www.mycosan.com\/pt\/?s={search_term_string}\"},\"query-input\":{\"@type\":\"PropertyValueSpecification\",\"valueRequired\":true,\"valueName\":\"search_term_string\"}}],\"inLanguage\":\"pt-PT\"}]}<\/script>\n<!-- \/ Yoast SEO plugin. -->","yoast_head_json":{"title":"PORQU\u00ca MYCOSANA - Mycosana Unhas","description":"Waarom Mycosan? Mycosan biedt een complete behandeling tegen kalknagel en bescherming tegen voetschimmel. Mycosan Kalknagel is klinisch bewezen een snelle","robots":{"index":"index","follow":"follow","max-snippet":"max-snippet:-1","max-image-preview":"max-image-preview:large","max-video-preview":"max-video-preview:-1"},"canonical":"https:\/\/www.mycosan.com\/pt\/porque-mycosana-unhas\/","og_locale":"pt_PT","og_type":"article","og_title":"PORQU\u00ca MYCOSANA - Mycosana Unhas","og_description":"Waarom Mycosan? Mycosan biedt een complete behandeling tegen kalknagel en bescherming tegen voetschimmel. Mycosan Kalknagel is klinisch bewezen een snelle","og_url":"https:\/\/www.mycosan.com\/pt\/porque-mycosana-unhas\/","og_site_name":"Mycosana Unhas","article_modified_time":"2026-05-06T11:49:29+00:00","twitter_misc":{"Est. reading time":"5 minutes"},"schema":{"@context":"https:\/\/schema.org","@graph":[{"@type":"WebPage","@id":"https:\/\/www.mycosan.com\/pt\/porque-mycosana-unhas\/","url":"https:\/\/www.mycosan.com\/pt\/porque-mycosana-unhas\/","name":"PORQU\u00ca MYCOSANA - Mycosana Unhas","isPartOf":{"@id":"https:\/\/www.mycosan.com\/pt\/#website"},"datePublished":"2015-01-08T15:03:01+00:00","dateModified":"2026-05-06T11:49:29+00:00","description":"Waarom Mycosan? Mycosan biedt een complete behandeling tegen kalknagel en bescherming tegen voetschimmel. Mycosan Kalknagel is klinisch bewezen een snelle","inLanguage":"pt-PT","potentialAction":[{"@type":"ReadAction","target":["https:\/\/www.mycosan.com\/pt\/porque-mycosana-unhas\/"]}]},{"@type":"WebSite","@id":"https:\/\/www.mycosan.com\/pt\/#website","url":"https:\/\/www.mycosan.com\/pt\/","name":"Mycosana Unhas","description":"","potentialAction":[{"@type":"SearchAction","target":{"@type":"EntryPoint","urlTemplate":"https:\/\/www.mycosan.com\/pt\/?s={search_term_string}"},"query-input":{"@type":"PropertyValueSpecification","valueRequired":true,"valueName":"search_term_string"}}],"inLanguage":"pt-PT"}]}},"_links":{"self":[{"href":"https:\/\/www.mycosan.com\/pt\/wp-json\/wp\/v2\/pages\/8602","targetHints":{"allow":["GET"]}}],"collection":[{"href":"https:\/\/www.mycosan.com\/pt\/wp-json\/wp\/v2\/pages"}],"about":[{"href":"https:\/\/www.mycosan.com\/pt\/wp-json\/wp\/v2\/types\/page"}],"author":[{"embeddable":true,"href":"https:\/\/www.mycosan.com\/pt\/wp-json\/wp\/v2\/users\/1"}],"replies":[{"embeddable":true,"href":"https:\/\/www.mycosan.com\/pt\/wp-json\/wp\/v2\/comments?post=8602"}],"version-history":[{"count":0,"href":"https:\/\/www.mycosan.com\/pt\/wp-json\/wp\/v2\/pages\/8602\/revisions"}],"wp:attachment":[{"href":"https:\/\/www.mycosan.com\/pt\/wp-json\/wp\/v2\/media?parent=8602"}],"wp:term":[{"taxonomy":"page_type","embeddable":true,"href":"https:\/\/www.mycosan.com\/pt\/wp-json\/wp\/v2\/page_type?post=8602"}],"curies":[{"name":"wp","href":"https:\/\/api.w.org\/{rel}","templated":true}]}}