{"id":8601,"date":"2015-01-08T15:41:35","date_gmt":"2015-01-08T14:41:35","guid":{"rendered":"https:\/\/www.mycosan.com\/portugal\/test\/?page_id=4007"},"modified":"2017-04-06T17:09:01","modified_gmt":"2017-04-06T16:09:01","slug":"dicas-para-pes-saudaveis","status":"publish","type":"page","link":"https:\/\/www.mycosan.com\/pt\/dicas-para-pes-saudaveis\/","title":{"rendered":"Dicas e conselhos"},"content":{"rendered":"<div id='tips'  class='avia-section av-av_section-d30bd59a0c0d23e4ef71e067528d6856 main_color avia-section-default avia-no-shadow  avia-builder-el-0  el_before_av_section  avia-builder-el-first  avia-bg-style-scroll container_wrap sidebar_right'  ><div class='container av-section-cont-open' ><main  role=\"main\" itemprop=\"mainContentOfPage\"  class='template-page content  av-content-small alpha units'><div class='post-entry post-entry-type-page post-entry-8601'><div class='entry-content-wrapper clearfix'>\n<div  class='flex_column av-av_one_fourth-2a9015ff38129c418a3f2eafba3e9512 av_one_fourth  avia-builder-el-1  el_before_av_three_fourth  avia-builder-el-first  first flex_column_div  '     ><style type=\"text\/css\" data-created_by=\"avia_inline_auto\" id=\"style-css-av-av_image-64db2feb7e8553d5b1be647baaca60db\">\n.avia-image-container.av-av_image-64db2feb7e8553d5b1be647baaca60db img.avia_image{\nbox-shadow:none;\n}\n.avia-image-container.av-av_image-64db2feb7e8553d5b1be647baaca60db .av-image-caption-overlay-center{\ncolor:#ffffff;\n}\n<\/style>\n<div  class='avia-image-container av-av_image-64db2feb7e8553d5b1be647baaca60db av-styling- avia-align-center  avia-builder-el-2  avia-builder-el-no-sibling '   itemprop=\"image\" itemscope=\"itemscope\" itemtype=\"https:\/\/schema.org\/ImageObject\" ><div class=\"avia-image-container-inner\"><div class=\"avia-image-overlay-wrap\"><img decoding=\"async\" fetchpriority=\"high\" class='wp-image-5275 avia-img-lazy-loading-not-5275 avia_image ' src=\"https:\/\/www.mycosan.com\/pt\/files\/2015\/01\/Blijevoeten_mycosan.jpg\" alt='Voorkom kalknagels en voetschimmel' title='Blijevoeten_mycosan'  height=\"225\" width=\"338\"  itemprop=\"thumbnailUrl\" srcset=\"https:\/\/www.mycosan.com\/pt\/files\/2015\/01\/Blijevoeten_mycosan.jpg 338w, https:\/\/www.mycosan.com\/pt\/files\/2015\/01\/Blijevoeten_mycosan-300x200.jpg 300w, https:\/\/www.mycosan.com\/pt\/files\/2015\/01\/Blijevoeten_mycosan-250x166.jpg 250w\" sizes=\"(max-width: 338px) 100vw, 338px\" \/><\/div><\/div><\/div><\/div>\n<style type=\"text\/css\" data-created_by=\"avia_inline_auto\" id=\"style-css-av-av_three_fourth-9c1d454dc06f7247226bc4e8f931daae\">\n.flex_column.av-av_three_fourth-9c1d454dc06f7247226bc4e8f931daae{\nborder-radius:0px 0px 0px 0px;\npadding:0px 0px 0px 0px;\n}\n<\/style>\n<div  class='flex_column av-av_three_fourth-9c1d454dc06f7247226bc4e8f931daae av_three_fourth  avia-builder-el-3  el_after_av_one_fourth  avia-builder-el-last  flex_column_div av-zero-column-padding  '     ><section  class='av_textblock_section av-av_textblock-0366cc7376be6c9e82a3e9cc8987b64f '   itemscope=\"itemscope\" itemtype=\"https:\/\/schema.org\/CreativeWork\" ><div class='avia_textblock'  itemprop=\"text\" ><h1><strong>Dicas para p\u00e9s saud\u00e1veis<\/strong><\/h1>\n<\/div><\/section><br \/>\n<div  class='hr av-av_hr-dcd2069817a0e3d34ae04cad8f3443c7 hr-default  avia-builder-el-5  el_after_av_textblock  el_before_av_textblock '><span class='hr-inner '><span class=\"hr-inner-style\"><\/span><\/span><\/div><br \/>\n<section  class='av_textblock_section av-av_textblock-0366cc7376be6c9e82a3e9cc8987b64f '   itemscope=\"itemscope\" itemtype=\"https:\/\/schema.org\/CreativeWork\" ><div class='avia_textblock'  itemprop=\"text\" ><h4>Cuidar dos p\u00e9s \u00e9 o primeiro passo para prevenir uma infe\u00e7\u00e3o f\u00fangica.<\/h4>\n<ol>\n<ol>\n<li>Examine os seus p\u00e9s com regularidade e esteja atento a altera\u00e7\u00f5es de cor, textura e apar\u00eancia.<\/li>\n<li>Mantenha uma higiene adequada dos p\u00e9s. Lave e seque bem entre os dedos.<\/li>\n<li>Hidrate a pele. O calor e os sapatos abertos podem causar a r\u00e1pida perda de humidade da pele, resultando em fissuras. \u00c9 importante restabelecer a hidrata\u00e7\u00e3o da pele com o uso di\u00e1rio de creme.<\/li>\n<li>N\u00e3o utilize sapatos apertados. Compre os sapatos ao fim do dia, quando o p\u00e9 est\u00e1 mais inchado.<\/li>\n<li>[&#8230;.]<\/li>\n<\/ol>\n<\/ol>\n<\/div><\/section><\/p><\/div>\n\n<\/div><\/div><\/main><!-- close content main element --><\/div><\/div><div id='box_shadow'  class='avia-section av-av_section-c1b66236f827c11b12d78e3f5bd63f00 alternate_color avia-section-no-padding avia-no-border-styling  avia-builder-el-7  el_after_av_section  avia-builder-el-last  avia-bg-style-scroll av-minimum-height av-minimum-height-custom av-height-custom  container_wrap sidebar_right'   data-av_minimum_height_px='50'><div class='container av-section-cont-open' style='height:50px'><div class='template-page content  av-content-small alpha units'><div class='post-entry post-entry-type-page post-entry-8601'><div class='entry-content-wrapper clearfix'>\n\n<style type=\"text\/css\" data-created_by=\"avia_inline_auto\" id=\"style-css-av-av_one_fifth-9497bbf8bff73ea4c6992cc17fa9ec36\">\n.flex_column.av-av_one_fifth-9497bbf8bff73ea4c6992cc17fa9ec36{\nborder-radius:0px 0px 0px 0px;\npadding:0px 0px 0px 0px;\n}\n<\/style>\n<div  class='flex_column av-av_one_fifth-9497bbf8bff73ea4c6992cc17fa9ec36 av_one_fifth  avia-builder-el-8  el_before_av_three_fifth  avia-builder-el-first  first flex_column_div av-zero-column-padding  '     ><\/div>\n<style type=\"text\/css\" data-created_by=\"avia_inline_auto\" id=\"style-css-av-av_three_fifth-9c1d454dc06f7247226bc4e8f931daae\">\n.flex_column.av-av_three_fifth-9c1d454dc06f7247226bc4e8f931daae{\nborder-radius:0px 0px 0px 0px;\npadding:0px 0px 0px 0px;\n}\n<\/style>\n<div  class='flex_column av-av_three_fifth-9c1d454dc06f7247226bc4e8f931daae av_three_fifth  avia-builder-el-9  el_after_av_one_fifth  el_before_av_one_fifth  flex_column_div av-zero-column-padding  '     ><div  class='avia-button-wrap av-av_button-444aba712394c18072b52b0cccf55134-wrap avia-button-center  avia-builder-el-10  avia-builder-el-no-sibling '><a href='https:\/\/www.mycosan.com\/pt\/dicas-para-pes-saudaveis\/cuide-dos-seus-pes\/'  class='avia-button av-av_button-444aba712394c18072b52b0cccf55134 av-link-btn avia-icon_select-no avia-size-large avia-position-center avia-color-blue'   aria-label=\"Saiba mais em dicas &amp; conselhos \"><span class='avia_iconbox_title' >Saiba mais em dicas &amp; conselhos <\/span><\/a><\/div><\/div>\n<style type=\"text\/css\" data-created_by=\"avia_inline_auto\" id=\"style-css-av-av_one_fifth-9c1d454dc06f7247226bc4e8f931daae\">\n.flex_column.av-av_one_fifth-9c1d454dc06f7247226bc4e8f931daae{\nborder-radius:0px 0px 0px 0px;\npadding:0px 0px 0px 0px;\n}\n<\/style>\n<div  class='flex_column av-av_one_fifth-9c1d454dc06f7247226bc4e8f931daae av_one_fifth  avia-builder-el-11  el_after_av_three_fifth  avia-builder-el-last  flex_column_div av-zero-column-padding  '     ><\/div>\n<\/div><\/div><\/div><!-- close content main div --><\/div><\/div><div id='after_section_2'  class='main_color av_default_container_wrap container_wrap sidebar_right'  ><div class='container av-section-cont-open' ><div class='template-page content  av-content-small alpha units'><div class='post-entry post-entry-type-page post-entry-8601'><div class='entry-content-wrapper clearfix'>\n","protected":false},"excerpt":{"rendered":"","protected":false},"author":1,"featured_media":0,"parent":0,"menu_order":4,"comment_status":"open","ping_status":"closed","template":"","meta":{"_acf_changed":false,"footnotes":""},"page_type":[],"class_list":["post-8601","page","type-page","status-publish","hentry"],"acf":[],"yoast_head":"<!-- This site is optimized with the Yoast SEO plugin v26.9 - https:\/\/yoast.com\/product\/yoast-seo-wordpress\/ -->\n<title>Dicas e conselhos - Mycosana Unhas<\/title>\n<meta name=\"description\" content=\"Tips en advies om kalknagels te voorkomen: Blije voeten zijn schimmelvrije voeten! Een goede verzorging van de voeten is een belangrijke eerste stap in het voorkomen van kalknagels.\" \/>\n<meta name=\"robots\" content=\"index, follow, max-snippet:-1, max-image-preview:large, max-video-preview:-1\" \/>\n<link rel=\"canonical\" href=\"https:\/\/www.mycosan.com\/pt\/dicas-para-pes-saudaveis\/\" \/>\n<meta property=\"og:locale\" content=\"pt_PT\" \/>\n<meta property=\"og:type\" content=\"article\" \/>\n<meta property=\"og:title\" content=\"Dicas e conselhos - Mycosana Unhas\" \/>\n<meta property=\"og:description\" content=\"Tips en advies om kalknagels te voorkomen: Blije voeten zijn schimmelvrije voeten! Een goede verzorging van de voeten is een belangrijke eerste stap in het voorkomen van kalknagels.\" \/>\n<meta property=\"og:url\" content=\"https:\/\/www.mycosan.com\/pt\/dicas-para-pes-saudaveis\/\" \/>\n<meta property=\"og:site_name\" content=\"Mycosana Unhas\" \/>\n<meta property=\"article:modified_time\" content=\"2017-04-06T16:09:01+00:00\" \/>\n<meta name=\"twitter:label1\" content=\"Est. reading time\" \/>\n\t<meta name=\"twitter:data1\" content=\"3 minutes\" \/>\n<script type=\"application\/ld+json\" class=\"yoast-schema-graph\">{\"@context\":\"https:\/\/schema.org\",\"@graph\":[{\"@type\":\"WebPage\",\"@id\":\"https:\/\/www.mycosan.com\/pt\/dicas-para-pes-saudaveis\/\",\"url\":\"https:\/\/www.mycosan.com\/pt\/dicas-para-pes-saudaveis\/\",\"name\":\"Dicas e conselhos - Mycosana Unhas\",\"isPartOf\":{\"@id\":\"https:\/\/www.mycosan.com\/pt\/#website\"},\"datePublished\":\"2015-01-08T14:41:35+00:00\",\"dateModified\":\"2017-04-06T16:09:01+00:00\",\"description\":\"Tips en advies om kalknagels te voorkomen: Blije voeten zijn schimmelvrije voeten! Een goede verzorging van de voeten is een belangrijke eerste stap in het voorkomen van kalknagels.\",\"inLanguage\":\"pt-PT\",\"potentialAction\":[{\"@type\":\"ReadAction\",\"target\":[\"https:\/\/www.mycosan.com\/pt\/dicas-para-pes-saudaveis\/\"]}]},{\"@type\":\"WebSite\",\"@id\":\"https:\/\/www.mycosan.com\/pt\/#website\",\"url\":\"https:\/\/www.mycosan.com\/pt\/\",\"name\":\"Mycosana Unhas\",\"description\":\"\",\"potentialAction\":[{\"@type\":\"SearchAction\",\"target\":{\"@type\":\"EntryPoint\",\"urlTemplate\":\"https:\/\/www.mycosan.com\/pt\/?s={search_term_string}\"},\"query-input\":{\"@type\":\"PropertyValueSpecification\",\"valueRequired\":true,\"valueName\":\"search_term_string\"}}],\"inLanguage\":\"pt-PT\"}]}<\/script>\n<!-- \/ Yoast SEO plugin. -->","yoast_head_json":{"title":"Dicas e conselhos - Mycosana Unhas","description":"Tips en advies om kalknagels te voorkomen: Blije voeten zijn schimmelvrije voeten! Een goede verzorging van de voeten is een belangrijke eerste stap in het voorkomen van kalknagels.","robots":{"index":"index","follow":"follow","max-snippet":"max-snippet:-1","max-image-preview":"max-image-preview:large","max-video-preview":"max-video-preview:-1"},"canonical":"https:\/\/www.mycosan.com\/pt\/dicas-para-pes-saudaveis\/","og_locale":"pt_PT","og_type":"article","og_title":"Dicas e conselhos - Mycosana Unhas","og_description":"Tips en advies om kalknagels te voorkomen: Blije voeten zijn schimmelvrije voeten! Een goede verzorging van de voeten is een belangrijke eerste stap in het voorkomen van kalknagels.","og_url":"https:\/\/www.mycosan.com\/pt\/dicas-para-pes-saudaveis\/","og_site_name":"Mycosana Unhas","article_modified_time":"2017-04-06T16:09:01+00:00","twitter_misc":{"Est. reading time":"3 minutes"},"schema":{"@context":"https:\/\/schema.org","@graph":[{"@type":"WebPage","@id":"https:\/\/www.mycosan.com\/pt\/dicas-para-pes-saudaveis\/","url":"https:\/\/www.mycosan.com\/pt\/dicas-para-pes-saudaveis\/","name":"Dicas e conselhos - Mycosana Unhas","isPartOf":{"@id":"https:\/\/www.mycosan.com\/pt\/#website"},"datePublished":"2015-01-08T14:41:35+00:00","dateModified":"2017-04-06T16:09:01+00:00","description":"Tips en advies om kalknagels te voorkomen: Blije voeten zijn schimmelvrije voeten! Een goede verzorging van de voeten is een belangrijke eerste stap in het voorkomen van kalknagels.","inLanguage":"pt-PT","potentialAction":[{"@type":"ReadAction","target":["https:\/\/www.mycosan.com\/pt\/dicas-para-pes-saudaveis\/"]}]},{"@type":"WebSite","@id":"https:\/\/www.mycosan.com\/pt\/#website","url":"https:\/\/www.mycosan.com\/pt\/","name":"Mycosana Unhas","description":"","potentialAction":[{"@type":"SearchAction","target":{"@type":"EntryPoint","urlTemplate":"https:\/\/www.mycosan.com\/pt\/?s={search_term_string}"},"query-input":{"@type":"PropertyValueSpecification","valueRequired":true,"valueName":"search_term_string"}}],"inLanguage":"pt-PT"}]}},"_links":{"self":[{"href":"https:\/\/www.mycosan.com\/pt\/wp-json\/wp\/v2\/pages\/8601","targetHints":{"allow":["GET"]}}],"collection":[{"href":"https:\/\/www.mycosan.com\/pt\/wp-json\/wp\/v2\/pages"}],"about":[{"href":"https:\/\/www.mycosan.com\/pt\/wp-json\/wp\/v2\/types\/page"}],"author":[{"embeddable":true,"href":"https:\/\/www.mycosan.com\/pt\/wp-json\/wp\/v2\/users\/1"}],"replies":[{"embeddable":true,"href":"https:\/\/www.mycosan.com\/pt\/wp-json\/wp\/v2\/comments?post=8601"}],"version-history":[{"count":0,"href":"https:\/\/www.mycosan.com\/pt\/wp-json\/wp\/v2\/pages\/8601\/revisions"}],"wp:attachment":[{"href":"https:\/\/www.mycosan.com\/pt\/wp-json\/wp\/v2\/media?parent=8601"}],"wp:term":[{"taxonomy":"page_type","embeddable":true,"href":"https:\/\/www.mycosan.com\/pt\/wp-json\/wp\/v2\/page_type?post=8601"}],"curies":[{"name":"wp","href":"https:\/\/api.w.org\/{rel}","templated":true}]}}