{"id":8593,"date":"2015-01-08T15:33:29","date_gmt":"2015-01-08T14:33:29","guid":{"rendered":"https:\/\/www.mycosan.com\/portugal\/test\/?page_id=3989"},"modified":"2018-04-12T18:58:44","modified_gmt":"2018-04-12T17:58:44","slug":"teste-do-fungos-das-unhas","status":"publish","type":"page","link":"https:\/\/www.mycosan.com\/pt\/fungos-das-unhas\/teste-do-fungos-das-unhas\/","title":{"rendered":"Teste dos fungos das unhas"},"content":{"rendered":"<div  class='flex_column av-av_one_fourth-2a9015ff38129c418a3f2eafba3e9512 av_one_fourth  avia-builder-el-0  el_before_av_three_fourth  avia-builder-el-first  first flex_column_div  '     ><style type=\"text\/css\" data-created_by=\"avia_inline_auto\" id=\"style-css-av-av_image-04e04620f4bd63fbdcc984cec63d04d0\">\n.avia-image-container.av-av_image-04e04620f4bd63fbdcc984cec63d04d0 img.avia_image{\nbox-shadow:none;\n}\n.avia-image-container.av-av_image-04e04620f4bd63fbdcc984cec63d04d0 .av-image-caption-overlay-center{\ncolor:#ffffff;\n}\n<\/style>\n<div  class='avia-image-container av-av_image-04e04620f4bd63fbdcc984cec63d04d0 av-styling- avia-align-center  avia-builder-el-1  avia-builder-el-no-sibling '   itemprop=\"image\" itemscope=\"itemscope\" itemtype=\"https:\/\/schema.org\/ImageObject\" ><div class=\"avia-image-container-inner\"><div class=\"avia-image-overlay-wrap\"><img decoding=\"async\" fetchpriority=\"high\" class='wp-image-4993 avia-img-lazy-loading-not-4993 avia_image ' src=\"https:\/\/www.mycosan.com\/pt\/files\/2015\/01\/Kalknageltest.jpg\" alt='kalknagel test' title='Kalknageltest'  height=\"708\" width=\"338\"  itemprop=\"thumbnailUrl\" srcset=\"https:\/\/www.mycosan.com\/pt\/files\/2015\/01\/Kalknageltest.jpg 338w, https:\/\/www.mycosan.com\/pt\/files\/2015\/01\/Kalknageltest-143x300.jpg 143w, https:\/\/www.mycosan.com\/pt\/files\/2015\/01\/Kalknageltest-250x524.jpg 250w\" sizes=\"(max-width: 338px) 100vw, 338px\" \/><\/div><\/div><\/div><\/div>\n\n<style type=\"text\/css\" data-created_by=\"avia_inline_auto\" id=\"style-css-av-av_three_fourth-9c1d454dc06f7247226bc4e8f931daae\">\n.flex_column.av-av_three_fourth-9c1d454dc06f7247226bc4e8f931daae{\nborder-radius:0px 0px 0px 0px;\npadding:0px 0px 0px 0px;\n}\n<\/style>\n<div  class='flex_column av-av_three_fourth-9c1d454dc06f7247226bc4e8f931daae av_three_fourth  avia-builder-el-2  el_after_av_one_fourth  el_before_av_section  avia-builder-el-last  flex_column_div av-zero-column-padding  '     ><section  class='av_textblock_section av-av_textblock-0366cc7376be6c9e82a3e9cc8987b64f '   itemscope=\"itemscope\" itemtype=\"https:\/\/schema.org\/CreativeWork\" ><div class='avia_textblock'  itemprop=\"text\" ><h1>Quer saber se tem fungos das unhas?<\/h1>\n<\/div><\/section><br \/>\n<div  class='hr av-av_hr-dcd2069817a0e3d34ae04cad8f3443c7 hr-default  avia-builder-el-4  el_after_av_textblock  el_before_av_textblock '><span class='hr-inner '><span class=\"hr-inner-style\"><\/span><\/span><\/div><br \/>\n<section  class='av_textblock_section av-av_textblock-0366cc7376be6c9e82a3e9cc8987b64f '   itemscope=\"itemscope\" itemtype=\"https:\/\/schema.org\/CreativeWork\" ><div class='avia_textblock'  itemprop=\"text\" ><h4>Fa\u00e7a o teste e descubra se tem risco acrescido para ter fungos das unhas<\/h4>\n<p>Os fungos das unhas s\u00e3o contagiosos e desagrad\u00e1veis. Uma infe\u00e7\u00e3o f\u00fangica das unhas deve sempre ser tratada, uma vez que n\u00e3o se resolve por si s\u00f3. Este teste vai ajud\u00e1-lo(a) a determinar se tem\u00a0risco acrescido para ter\u00a0fungos\u00a0das unhas.<\/p>\n<p>Responda \u00e0s 4 perguntas do teste e\u00a0verifique\u00a0no imediato\u00a0se poder\u00e1 sofrer de fungos das unhas.<\/p>\n<p>Quando em d\u00favida quanto \u00e0 natureza da infe\u00e7\u00e3o, recomenda-se visite o podologista ou m\u00e9dico.<\/p>\n<\/div><\/section><br \/>\n<div  class='hr av-av_hr-dcd2069817a0e3d34ae04cad8f3443c7 hr-default  avia-builder-el-6  el_after_av_textblock  el_before_av_textblock '><span class='hr-inner '><span class=\"hr-inner-style\"><\/span><\/span><\/div><br \/>\n<section  class='av_textblock_section av-av_textblock-0366cc7376be6c9e82a3e9cc8987b64f '   itemscope=\"itemscope\" itemtype=\"https:\/\/schema.org\/CreativeWork\" ><div class='avia_textblock'  itemprop=\"text\" ><div class=\"teste-mycosana-unhas\"><!-- WordPress Simple Survey | Copyright SAI Digital (http:\/\/www.sailabs.co) -->\n<div id=\"wpss_quiz_1\" class=\"wpss\" data-quiz-id=\"1\" data-question-count=\"4\">\n<div class=\"form-container\"><div class=\"wpss-progress-bar\"><span style=\"width: 0%;\"><\/span><\/div><form id=\"wpss_form_1\" class=\"wpss-form\" action=\"https:\/\/www.mycosan.com\/pt\/?wpss-routing=results\" method=\"post\" ><div id=\"wpss_question_panel_1\" class=\"wpss_panel_1 wpss-form-panel wpss-hidden\">\n<fieldset>\n<div id=\"wpss_question_1\" class=\"wpss-question\">\n<p>Teve alguma destas situa\u00e7\u00f5es nos \u00faltimos 3 meses?<\/p>\n<div class=\"wpss-clear\"><\/div><\/div>\n<div class=\"answers\">\n<div class=\"answer_text\">\n<input type=\"checkbox\" class=\"wpss_radio\" name=\"wpss[questions][1][]\" id=\"answer_1\" value=\"1\" \/>\n<label for=\"answer_1\">P\u00e9-de-atleta<\/label>\n<\/div>\n<div class=\"answer_text\">\n<input type=\"checkbox\" class=\"wpss_radio\" name=\"wpss[questions][1][]\" id=\"answer_2\" value=\"2\" \/>\n<label for=\"answer_2\">Infe\u00e7\u00e3o f\u00fangica das unhas<\/label>\n<\/div>\n<div class=\"answer_text\">\n<input type=\"checkbox\" class=\"wpss_radio\" name=\"wpss[questions][1][]\" id=\"answer_7\" value=\"7\" \/>\n<label for=\"answer_7\">Trauma na unha<\/label>\n<\/div>\n<div class=\"answer_text\">\n<input type=\"checkbox\" class=\"wpss_radio\" name=\"wpss[questions][1][]\" id=\"answer_8\" value=\"8\" \/>\n<label for=\"answer_8\">Andou descal\u00e7o (a) em espa\u00e7os p\u00fablicos \r\n<span>(saunas, piscinas, balne\u00e1rios ou quartos de hotel)<\/span>\r\n<\/label>\n<\/div>\n<div class=\"answer_text\">\n<input type=\"checkbox\" class=\"wpss_radio\" name=\"wpss[questions][1][]\" id=\"answer_9\" value=\"9\" \/>\n<label for=\"answer_9\">Nenhuma das anteriores<\/label>\n<\/div>\n<\/div>\n<\/fieldset>\n<\/div>\n<div id=\"wpss_question_panel_4\" class=\"wpss_panel_2 wpss-form-panel wpss-hidden\">\n<fieldset>\n<div id=\"wpss_question_4\" class=\"wpss-question\">\n<p>J\u00e1 algum membro da fam\u00edlia teve fungos das unhas ou p\u00e9-de-atleta?<\/p>\n<div class=\"wpss-clear\"><\/div><\/div>\n<div class=\"answers\">\n<div class=\"answer_text\">\n<input type=\"radio\" class=\"wpss-radio\" name=\"wpss[questions][4][]\" id=\"answer_10\" value=\"10\" \/>\n<label for=\"answer_10\">Sim, j\u00e1 ocorreu na minha fam\u00edlia<\/label>\n<div class=\"wpss-clear\"><\/div><\/div>\n<div class=\"answer_text\">\n<input type=\"radio\" class=\"wpss-radio\" name=\"wpss[questions][4][]\" id=\"answer_11\" value=\"11\" \/>\n<label for=\"answer_11\">N\u00e3o, que tenha conhecimento.<\/label>\n<div class=\"wpss-clear\"><\/div><\/div>\n<\/div>\n<\/fieldset>\n<\/div>\n<div id=\"wpss_question_panel_5\" class=\"wpss_panel_3 wpss-form-panel wpss-hidden\">\n<fieldset>\n<div id=\"wpss_question_5\" class=\"wpss-question\">\n<p>O aspeto da unha suspeita \u00e9 diferente do das outras unhas? Apresenta alguma das seguintes caracter\u00edsticas?<\/p>\n<div class=\"wpss-clear\"><\/div><\/div>\n<div class=\"answers\">\n<div class=\"answer_text\">\n<input type=\"checkbox\" class=\"wpss_radio\" name=\"wpss[questions][5][]\" id=\"answer_12\" value=\"12\" \/>\n<label for=\"answer_12\">Parte da unha est\u00e1 mais espessa e esbranqui\u00e7ada \/ amarelada \/ acastanhada<\/label>\n<\/div>\n<div class=\"answer_text\">\n<input type=\"checkbox\" class=\"wpss_radio\" name=\"wpss[questions][5][]\" id=\"answer_13\" value=\"13\" \/>\n<label for=\"answer_13\">A unha come\u00e7ou a ficar fr\u00e1gil e quebradi\u00e7a, com as bordas irregulares.<\/label>\n<\/div>\n<div class=\"answer_text\">\n<input type=\"checkbox\" class=\"wpss_radio\" name=\"wpss[questions][5][]\" id=\"answer_14\" value=\"14\" \/>\n<label for=\"answer_14\">O topo da unha desprendeu-se da pele.<\/label>\n<\/div>\n<div class=\"answer_text\">\n<input type=\"checkbox\" class=\"wpss_radio\" name=\"wpss[questions][5][]\" id=\"answer_15\" value=\"15\" \/>\n<label for=\"answer_15\">Nenhuma das anteriores<\/label>\n<\/div>\n<\/div>\n<\/fieldset>\n<\/div>\n<div id=\"wpss_question_panel_6\" class=\"wpss_panel_4 wpss-form-panel wpss-hidden\">\n<fieldset>\n<div id=\"wpss_question_6\" class=\"wpss-question\">\n<p>Com qual das imagens se parece a sua unha?<\/p>\n<p><img decoding=\"async\" class=\"first alignleft wp-image-3874\" src=\"https:\/\/www.mycosan.com\/wp-content\/blogs.dir\/14\/files\/2014\/12\/nagel_a.jpg\" alt=\"Mycosan nagel\"\/><img decoding=\"async\" class=\"alignleft wp-image-3875\" src=\"https:\/\/www.mycosan.com\/wp-content\/blogs.dir\/14\/files\/2014\/12\/nagel_b.jpg\" alt=\"Mycosan nagel\"\/><img decoding=\"async\" class=\"alignleft wp-image-3876\" src=\"https:\/\/www.mycosan.com\/wp-content\/blogs.dir\/14\/files\/2014\/12\/nagel_c.jpg\" alt=\"Mycosan nagel\"\/><img decoding=\"async\" class=\"last alignleft wp-image-3877\" src=\"https:\/\/www.mycosan.com\/wp-content\/blogs.dir\/14\/files\/2014\/12\/nagel_d.jpg\" alt=\"Mycosan nagel\"\/><\/p>\n<div class=\"wpss-clear\"><\/div><\/div>\n<div class=\"answers\">\n<div class=\"answer_text\">\n<input type=\"radio\" class=\"wpss-radio\" name=\"wpss[questions][6][]\" id=\"answer_16\" value=\"16\" \/>\n<label for=\"answer_16\">Diferente aspeto nos cantos do topo da unha\r\n<span>(imagem A ou B)<\/span><\/label>\n<div class=\"wpss-clear\"><\/div><\/div>\n<div class=\"answer_text\">\n<input type=\"radio\" class=\"wpss-radio\" name=\"wpss[questions][6][]\" id=\"answer_17\" value=\"17\" \/>\n<label for=\"answer_17\">Diferente aspeto perto da cut\u00edcula ou unha completamente infetada\r\n<span>(imagem C ou D)<\/span><\/label>\n<div class=\"wpss-clear\"><\/div><\/div>\n<div class=\"answer_text\">\n<input type=\"radio\" class=\"wpss-radio\" name=\"wpss[questions][6][]\" id=\"answer_18\" value=\"18\" \/>\n<label for=\"answer_18\">Nenhuma das imagens se parece com a minha unha<\/label>\n<div class=\"wpss-clear\"><\/div><\/div>\n<\/div>\n<\/fieldset>\n<\/div>\n<div class=\"wpss_panel_5  wpss-form-panel wpss-hidden wpss-fields-panel\">\n<fieldset>\n<div class=\"wpss-submit-message\"><p>Finalizou o teste.<\/p>\n<\/div>\n<div class=\"wpss-fields\"><\/div><input type=\"hidden\" name=\"wpss[quiz][id]\" value=\"1\" \/><input type=\"hidden\" name=\"wpss[quiz][submitter_id]\" value=\"wpss_69d29e4c15763\" \/><div class=\"clear\"><\/div><input id=\"submitButton\" type=\"submit\" name=\"wpss[quiz][submit]\" value=\"Clique aqui para ver o resultado\" \/><\/fieldset><\/div><p class=\"wpss_prev_next\"><a href=\"javascript:void(0)\" class=\"wpss_back wpss_disabled\">&laquo; Back<\/a>&nbsp;<a href=\"javascript:void(0)\" class=\"wpss_next wpss_disabled\">Next &raquo;<\/a><\/p><\/form><\/div>\n<\/div>\n<\/div>\n<\/div><\/section><\/p><\/div><\/div><\/div><\/div><!-- close content main div --><\/div><\/div><div id='box_shadow'  class='avia-section av-av_section-c1b66236f827c11b12d78e3f5bd63f00 alternate_color avia-section-no-padding avia-no-border-styling  avia-builder-el-8  el_after_av_three_fourth  avia-builder-el-last  avia-bg-style-scroll av-minimum-height av-minimum-height-custom av-height-custom  container_wrap sidebar_right'   data-av_minimum_height_px='50'><div class='container av-section-cont-open' style='height:50px'><div class='template-page content  av-content-small alpha units'><div class='post-entry post-entry-type-page post-entry-8593'><div class='entry-content-wrapper clearfix'>\n\n<style type=\"text\/css\" data-created_by=\"avia_inline_auto\" id=\"style-css-av-av_one_fifth-9497bbf8bff73ea4c6992cc17fa9ec36\">\n.flex_column.av-av_one_fifth-9497bbf8bff73ea4c6992cc17fa9ec36{\nborder-radius:0px 0px 0px 0px;\npadding:0px 0px 0px 0px;\n}\n<\/style>\n<div  class='flex_column av-av_one_fifth-9497bbf8bff73ea4c6992cc17fa9ec36 av_one_fifth  avia-builder-el-9  el_before_av_three_fifth  avia-builder-el-first  first flex_column_div av-zero-column-padding  '     ><\/div><div  class='flex_column av-av_three_fifth-b51168870d26eac9084c0e2dc495efe0 av_three_fifth  avia-builder-el-10  el_after_av_one_fifth  el_before_av_one_fifth  flex_column_div  '     ><div  class='avia-button-wrap av-av_button-fb1c9289b358f5c36a0c886132288f75-wrap avia-button-center  avia-builder-el-11  avia-builder-el-no-sibling '><a href='https:\/\/www.mycosan.com\/pt\/onde-comprar-mycosana-unhas\/'  class='avia-button av-av_button-fb1c9289b358f5c36a0c886132288f75 av-link-btn avia-icon_select-no avia-size-large avia-position-center avia-color-blue'   aria-label=\"Onde comprar Mycosana Unhas?\"><span class='avia_iconbox_title' >Onde comprar Mycosana Unhas?<\/span><\/a><\/div><\/div><div  class='flex_column av-av_one_fifth-b51168870d26eac9084c0e2dc495efe0 av_one_fifth  avia-builder-el-12  el_after_av_three_fifth  avia-builder-el-last  flex_column_div  '     ><\/div>\n<\/div><\/div><\/div><!-- close content main div --><\/div><\/div><div id='after_section_1'  class='main_color av_default_container_wrap container_wrap sidebar_right'  ><div class='container av-section-cont-open' ><div class='template-page content  av-content-small alpha units'><div class='post-entry post-entry-type-page post-entry-8593'><div class='entry-content-wrapper clearfix'><\/p>\n","protected":false},"excerpt":{"rendered":"","protected":false},"author":1,"featured_media":0,"parent":9097,"menu_order":3,"comment_status":"open","ping_status":"closed","template":"","meta":{"_acf_changed":false,"footnotes":""},"page_type":[],"class_list":["post-8593","page","type-page","status-publish","hentry"],"acf":[],"yoast_head":"<!-- This site is optimized with the Yoast SEO plugin v26.9 - https:\/\/yoast.com\/product\/yoast-seo-wordpress\/ -->\n<title>Teste dos fungos das unhas - Mycosana Unhas<\/title>\n<meta name=\"description\" content=\"Heb jij last van kalknagel? Doe de Mycosan kalknageltest. Beantwoord hier de 4 vragen en ontvang direct antwoord of u last heeft van kalknagels.\" \/>\n<meta name=\"robots\" content=\"index, follow, max-snippet:-1, max-image-preview:large, max-video-preview:-1\" \/>\n<link rel=\"canonical\" href=\"https:\/\/www.mycosan.com\/pt\/fungos-das-unhas\/teste-do-fungos-das-unhas\/\" \/>\n<meta property=\"og:locale\" content=\"pt_PT\" \/>\n<meta property=\"og:type\" content=\"article\" \/>\n<meta property=\"og:title\" content=\"Teste dos fungos das unhas - Mycosana Unhas\" \/>\n<meta property=\"og:description\" content=\"Heb jij last van kalknagel? Doe de Mycosan kalknageltest. Beantwoord hier de 4 vragen en ontvang direct antwoord of u last heeft van kalknagels.\" \/>\n<meta property=\"og:url\" content=\"https:\/\/www.mycosan.com\/pt\/fungos-das-unhas\/teste-do-fungos-das-unhas\/\" \/>\n<meta property=\"og:site_name\" content=\"Mycosana Unhas\" \/>\n<meta property=\"article:modified_time\" content=\"2018-04-12T17:58:44+00:00\" \/>\n<meta name=\"twitter:label1\" content=\"Est. reading time\" \/>\n\t<meta name=\"twitter:data1\" content=\"2 minutes\" \/>\n<script type=\"application\/ld+json\" class=\"yoast-schema-graph\">{\"@context\":\"https:\/\/schema.org\",\"@graph\":[{\"@type\":\"WebPage\",\"@id\":\"https:\/\/www.mycosan.com\/pt\/fungos-das-unhas\/teste-do-fungos-das-unhas\/\",\"url\":\"https:\/\/www.mycosan.com\/pt\/fungos-das-unhas\/teste-do-fungos-das-unhas\/\",\"name\":\"Teste dos fungos das unhas - Mycosana Unhas\",\"isPartOf\":{\"@id\":\"https:\/\/www.mycosan.com\/pt\/#website\"},\"datePublished\":\"2015-01-08T14:33:29+00:00\",\"dateModified\":\"2018-04-12T17:58:44+00:00\",\"description\":\"Heb jij last van kalknagel? Doe de Mycosan kalknageltest. Beantwoord hier de 4 vragen en ontvang direct antwoord of u last heeft van kalknagels.\",\"breadcrumb\":{\"@id\":\"https:\/\/www.mycosan.com\/pt\/fungos-das-unhas\/teste-do-fungos-das-unhas\/#breadcrumb\"},\"inLanguage\":\"pt-PT\",\"potentialAction\":[{\"@type\":\"ReadAction\",\"target\":[\"https:\/\/www.mycosan.com\/pt\/fungos-das-unhas\/teste-do-fungos-das-unhas\/\"]}]},{\"@type\":\"BreadcrumbList\",\"@id\":\"https:\/\/www.mycosan.com\/pt\/fungos-das-unhas\/teste-do-fungos-das-unhas\/#breadcrumb\",\"itemListElement\":[{\"@type\":\"ListItem\",\"position\":1,\"name\":\"Fungos das unhas\",\"item\":\"https:\/\/www.mycosan.com\/pt\/fungos-das-unhas\/\"},{\"@type\":\"ListItem\",\"position\":2,\"name\":\"Teste dos fungos das unhas\"}]},{\"@type\":\"WebSite\",\"@id\":\"https:\/\/www.mycosan.com\/pt\/#website\",\"url\":\"https:\/\/www.mycosan.com\/pt\/\",\"name\":\"Mycosana Unhas\",\"description\":\"\",\"potentialAction\":[{\"@type\":\"SearchAction\",\"target\":{\"@type\":\"EntryPoint\",\"urlTemplate\":\"https:\/\/www.mycosan.com\/pt\/?s={search_term_string}\"},\"query-input\":{\"@type\":\"PropertyValueSpecification\",\"valueRequired\":true,\"valueName\":\"search_term_string\"}}],\"inLanguage\":\"pt-PT\"}]}<\/script>\n<!-- \/ Yoast SEO plugin. -->","yoast_head_json":{"title":"Teste dos fungos das unhas - Mycosana Unhas","description":"Heb jij last van kalknagel? Doe de Mycosan kalknageltest. Beantwoord hier de 4 vragen en ontvang direct antwoord of u last heeft van kalknagels.","robots":{"index":"index","follow":"follow","max-snippet":"max-snippet:-1","max-image-preview":"max-image-preview:large","max-video-preview":"max-video-preview:-1"},"canonical":"https:\/\/www.mycosan.com\/pt\/fungos-das-unhas\/teste-do-fungos-das-unhas\/","og_locale":"pt_PT","og_type":"article","og_title":"Teste dos fungos das unhas - Mycosana Unhas","og_description":"Heb jij last van kalknagel? Doe de Mycosan kalknageltest. Beantwoord hier de 4 vragen en ontvang direct antwoord of u last heeft van kalknagels.","og_url":"https:\/\/www.mycosan.com\/pt\/fungos-das-unhas\/teste-do-fungos-das-unhas\/","og_site_name":"Mycosana Unhas","article_modified_time":"2018-04-12T17:58:44+00:00","twitter_misc":{"Est. reading time":"2 minutes"},"schema":{"@context":"https:\/\/schema.org","@graph":[{"@type":"WebPage","@id":"https:\/\/www.mycosan.com\/pt\/fungos-das-unhas\/teste-do-fungos-das-unhas\/","url":"https:\/\/www.mycosan.com\/pt\/fungos-das-unhas\/teste-do-fungos-das-unhas\/","name":"Teste dos fungos das unhas - Mycosana Unhas","isPartOf":{"@id":"https:\/\/www.mycosan.com\/pt\/#website"},"datePublished":"2015-01-08T14:33:29+00:00","dateModified":"2018-04-12T17:58:44+00:00","description":"Heb jij last van kalknagel? Doe de Mycosan kalknageltest. Beantwoord hier de 4 vragen en ontvang direct antwoord of u last heeft van kalknagels.","breadcrumb":{"@id":"https:\/\/www.mycosan.com\/pt\/fungos-das-unhas\/teste-do-fungos-das-unhas\/#breadcrumb"},"inLanguage":"pt-PT","potentialAction":[{"@type":"ReadAction","target":["https:\/\/www.mycosan.com\/pt\/fungos-das-unhas\/teste-do-fungos-das-unhas\/"]}]},{"@type":"BreadcrumbList","@id":"https:\/\/www.mycosan.com\/pt\/fungos-das-unhas\/teste-do-fungos-das-unhas\/#breadcrumb","itemListElement":[{"@type":"ListItem","position":1,"name":"Fungos das unhas","item":"https:\/\/www.mycosan.com\/pt\/fungos-das-unhas\/"},{"@type":"ListItem","position":2,"name":"Teste dos fungos das unhas"}]},{"@type":"WebSite","@id":"https:\/\/www.mycosan.com\/pt\/#website","url":"https:\/\/www.mycosan.com\/pt\/","name":"Mycosana Unhas","description":"","potentialAction":[{"@type":"SearchAction","target":{"@type":"EntryPoint","urlTemplate":"https:\/\/www.mycosan.com\/pt\/?s={search_term_string}"},"query-input":{"@type":"PropertyValueSpecification","valueRequired":true,"valueName":"search_term_string"}}],"inLanguage":"pt-PT"}]}},"_links":{"self":[{"href":"https:\/\/www.mycosan.com\/pt\/wp-json\/wp\/v2\/pages\/8593","targetHints":{"allow":["GET"]}}],"collection":[{"href":"https:\/\/www.mycosan.com\/pt\/wp-json\/wp\/v2\/pages"}],"about":[{"href":"https:\/\/www.mycosan.com\/pt\/wp-json\/wp\/v2\/types\/page"}],"author":[{"embeddable":true,"href":"https:\/\/www.mycosan.com\/pt\/wp-json\/wp\/v2\/users\/1"}],"replies":[{"embeddable":true,"href":"https:\/\/www.mycosan.com\/pt\/wp-json\/wp\/v2\/comments?post=8593"}],"version-history":[{"count":0,"href":"https:\/\/www.mycosan.com\/pt\/wp-json\/wp\/v2\/pages\/8593\/revisions"}],"up":[{"embeddable":true,"href":"https:\/\/www.mycosan.com\/pt\/wp-json\/wp\/v2\/pages\/9097"}],"wp:attachment":[{"href":"https:\/\/www.mycosan.com\/pt\/wp-json\/wp\/v2\/media?parent=8593"}],"wp:term":[{"taxonomy":"page_type","embeddable":true,"href":"https:\/\/www.mycosan.com\/pt\/wp-json\/wp\/v2\/page_type?post=8593"}],"curies":[{"name":"wp","href":"https:\/\/api.w.org\/{rel}","templated":true}]}}