{"id":8591,"date":"2015-01-08T15:24:44","date_gmt":"2015-01-08T14:24:44","guid":{"rendered":"https:\/\/www.mycosan.com\/portugal\/test\/?page_id=3985"},"modified":"2017-04-06T16:48:17","modified_gmt":"2017-04-06T15:48:17","slug":"sintomas-dos-fungos-das-unhas","status":"publish","type":"page","link":"https:\/\/www.mycosan.com\/pt\/fungos-das-unhas\/sintomas-dos-fungos-das-unhas\/","title":{"rendered":"Sintomas dos fungos das unhas"},"content":{"rendered":"<div  class='flex_column av-av_one_fourth-2a9015ff38129c418a3f2eafba3e9512 av_one_fourth  avia-builder-el-0  el_before_av_three_fourth  avia-builder-el-first  first flex_column_div  '     ><style type=\"text\/css\" data-created_by=\"avia_inline_auto\" id=\"style-css-av-av_image-3b28f1210e182341c0ca01360af94f52\">\n.avia-image-container.av-av_image-3b28f1210e182341c0ca01360af94f52 img.avia_image{\nbox-shadow:none;\n}\n.avia-image-container.av-av_image-3b28f1210e182341c0ca01360af94f52 .av-image-caption-overlay-center{\ncolor:#ffffff;\n}\n<\/style>\n<div  class='avia-image-container av-av_image-3b28f1210e182341c0ca01360af94f52 av-styling- avia-align-center  avia-builder-el-1  avia-builder-el-no-sibling '   itemprop=\"image\" itemscope=\"itemscope\" itemtype=\"https:\/\/schema.org\/ImageObject\" ><div class=\"avia-image-container-inner\"><div class=\"avia-image-overlay-wrap\"><img decoding=\"async\" fetchpriority=\"high\" class='wp-image-4980 avia-img-lazy-loading-not-4980 avia_image ' src=\"https:\/\/www.mycosan.com\/pt\/files\/2015\/01\/Kalknagel_symptoom.jpg\" alt='Kalknagel symptomen' title='Kalknagel_symptoom'  height=\"170\" width=\"207\"  itemprop=\"thumbnailUrl\"  \/><\/div><\/div><\/div><\/div>\n\n<style type=\"text\/css\" data-created_by=\"avia_inline_auto\" id=\"style-css-av-av_three_fourth-9c1d454dc06f7247226bc4e8f931daae\">\n.flex_column.av-av_three_fourth-9c1d454dc06f7247226bc4e8f931daae{\nborder-radius:0px 0px 0px 0px;\npadding:0px 0px 0px 0px;\n}\n<\/style>\n<div  class='flex_column av-av_three_fourth-9c1d454dc06f7247226bc4e8f931daae av_three_fourth  avia-builder-el-2  el_after_av_one_fourth  el_before_av_section  avia-builder-el-last  flex_column_div av-zero-column-padding  '     ><section  class='av_textblock_section av-av_textblock-0366cc7376be6c9e82a3e9cc8987b64f '   itemscope=\"itemscope\" itemtype=\"https:\/\/schema.org\/CreativeWork\" ><div class='avia_textblock'  itemprop=\"text\" ><h1>Sintomas dos fungos das unhas<\/h1>\n<\/div><\/section><br \/>\n<div  class='hr av-av_hr-dcd2069817a0e3d34ae04cad8f3443c7 hr-default  avia-builder-el-4  el_after_av_textblock  el_before_av_textblock '><span class='hr-inner '><span class=\"hr-inner-style\"><\/span><\/span><\/div><br \/>\n<section  class='av_textblock_section av-av_textblock-0366cc7376be6c9e82a3e9cc8987b64f '   itemscope=\"itemscope\" itemtype=\"https:\/\/schema.org\/CreativeWork\" ><div class='avia_textblock'  itemprop=\"text\" ><h4>Tem fungos das unhas?<\/h4>\n<p>Uma unha com fungos n\u00e3o tem bom aspeto. Normalmente, come\u00e7a com a descolora\u00e7\u00e3o da unha num dos cantos e vai-se lentamente espalhando para toda a unha. As altera\u00e7\u00f5es vis\u00edveis na unha s\u00e3o f\u00e1ceis de reconhecer. Por isso, \u00e9 importante verificar as unhas com regularidade, para se poder reagir antes do desenvolvimento do fungo.<\/p>\n<p>H\u00e1 diferentes tipos de fungos das unhas. O mais comum \u00e9 o que come\u00e7a na borda da unha e se espalha para a cut\u00edcula.<\/p>\n<p>Sintomas dos fungos das unhas:<\/p>\n<ul>\n<ul>\n<li>Unhas espessas<\/li>\n<\/ul>\n<\/ul>\n<ul>\n<ul>\n<li>Descolora\u00e7\u00e3o das unhas \u2013 branca, amarela e\/ou castanha<\/li>\n<\/ul>\n<\/ul>\n<ul>\n<ul>\n<li>Unhas fr\u00e1geis \u2013 podem partir<\/li>\n<\/ul>\n<\/ul>\n<ul>\n<ul>\n<li>Unhas descamadas<\/li>\n<\/ul>\n<\/ul>\n<ul>\n<ul>\n<li>Deforma\u00e7\u00e3o da unha<\/li>\n<\/ul>\n<\/ul>\n<\/div><\/section><\/p><\/div>\n<\/div><\/div><\/div><!-- close content main div --><\/div><\/div><div id='box_shadow'  class='avia-section av-av_section-c1b66236f827c11b12d78e3f5bd63f00 alternate_color avia-section-no-padding avia-no-border-styling  avia-builder-el-6  el_after_av_three_fourth  avia-builder-el-last  avia-bg-style-scroll av-minimum-height av-minimum-height-custom av-height-custom  container_wrap sidebar_right'   data-av_minimum_height_px='50'><div class='container av-section-cont-open' style='height:50px'><div class='template-page content  av-content-small alpha units'><div class='post-entry post-entry-type-page post-entry-8591'><div class='entry-content-wrapper clearfix'>\n\n<style type=\"text\/css\" data-created_by=\"avia_inline_auto\" id=\"style-css-av-av_one_fifth-9497bbf8bff73ea4c6992cc17fa9ec36\">\n.flex_column.av-av_one_fifth-9497bbf8bff73ea4c6992cc17fa9ec36{\nborder-radius:0px 0px 0px 0px;\npadding:0px 0px 0px 0px;\n}\n<\/style>\n<div  class='flex_column av-av_one_fifth-9497bbf8bff73ea4c6992cc17fa9ec36 av_one_fifth  avia-builder-el-7  el_before_av_three_fifth  avia-builder-el-first  first flex_column_div av-zero-column-padding  '     ><\/div><div  class='flex_column av-av_three_fifth-b51168870d26eac9084c0e2dc495efe0 av_three_fifth  avia-builder-el-8  el_after_av_one_fifth  el_before_av_one_fifth  flex_column_div  '     ><div  class='avia-button-wrap av-av_button-fb1c9289b358f5c36a0c886132288f75-wrap avia-button-center  avia-builder-el-9  avia-builder-el-no-sibling '><a href='https:\/\/www.mycosan.com\/pt\/onde-comprar-mycosana-unhas\/'  class='avia-button av-av_button-fb1c9289b358f5c36a0c886132288f75 av-link-btn avia-icon_select-no avia-size-large avia-position-center avia-color-blue'   aria-label=\"Onde comprar Mycosana Unhas?\"><span class='avia_iconbox_title' >Onde comprar Mycosana Unhas?<\/span><\/a><\/div><\/div><div  class='flex_column av-av_one_fifth-b51168870d26eac9084c0e2dc495efe0 av_one_fifth  avia-builder-el-10  el_after_av_three_fifth  avia-builder-el-last  flex_column_div  '     ><\/div>\n<\/div><\/div><\/div><!-- close content main div --><\/div><\/div><div id='after_section_1'  class='main_color av_default_container_wrap container_wrap sidebar_right'  ><div class='container av-section-cont-open' ><div class='template-page content  av-content-small alpha units'><div class='post-entry post-entry-type-page post-entry-8591'><div class='entry-content-wrapper clearfix'>\n","protected":false},"excerpt":{"rendered":"","protected":false},"author":1,"featured_media":0,"parent":9097,"menu_order":1,"comment_status":"open","ping_status":"closed","template":"","meta":{"_acf_changed":false,"footnotes":""},"page_type":[],"class_list":["post-8591","page","type-page","status-publish","hentry"],"acf":[],"yoast_head":"<!-- This site is optimized with the Yoast SEO plugin v26.9 - https:\/\/yoast.com\/product\/yoast-seo-wordpress\/ -->\n<title>Sintomas dos fungos das unhas - Mycosana Unhas<\/title>\n<meta name=\"description\" content=\"Een kalknagel ziet er niet prettig uit. De zichtbare veranderingen aan de nagel bij een kalknagel zijn gemakkelijk te herkennen. Kalknagel symptomen zijn\" \/>\n<meta name=\"robots\" content=\"index, follow, max-snippet:-1, max-image-preview:large, max-video-preview:-1\" \/>\n<link rel=\"canonical\" href=\"https:\/\/www.mycosan.com\/pt\/fungos-das-unhas\/sintomas-dos-fungos-das-unhas\/\" \/>\n<meta property=\"og:locale\" content=\"pt_PT\" \/>\n<meta property=\"og:type\" content=\"article\" \/>\n<meta property=\"og:title\" content=\"Sintomas dos fungos das unhas - Mycosana Unhas\" \/>\n<meta property=\"og:description\" content=\"Een kalknagel ziet er niet prettig uit. De zichtbare veranderingen aan de nagel bij een kalknagel zijn gemakkelijk te herkennen. Kalknagel symptomen zijn\" \/>\n<meta property=\"og:url\" content=\"https:\/\/www.mycosan.com\/pt\/fungos-das-unhas\/sintomas-dos-fungos-das-unhas\/\" \/>\n<meta property=\"og:site_name\" content=\"Mycosana Unhas\" \/>\n<meta property=\"article:modified_time\" content=\"2017-04-06T15:48:17+00:00\" \/>\n<meta name=\"twitter:label1\" content=\"Est. reading time\" \/>\n\t<meta name=\"twitter:data1\" content=\"2 minutes\" \/>\n<script type=\"application\/ld+json\" class=\"yoast-schema-graph\">{\"@context\":\"https:\/\/schema.org\",\"@graph\":[{\"@type\":\"WebPage\",\"@id\":\"https:\/\/www.mycosan.com\/pt\/fungos-das-unhas\/sintomas-dos-fungos-das-unhas\/\",\"url\":\"https:\/\/www.mycosan.com\/pt\/fungos-das-unhas\/sintomas-dos-fungos-das-unhas\/\",\"name\":\"Sintomas dos fungos das unhas - Mycosana Unhas\",\"isPartOf\":{\"@id\":\"https:\/\/www.mycosan.com\/pt\/#website\"},\"datePublished\":\"2015-01-08T14:24:44+00:00\",\"dateModified\":\"2017-04-06T15:48:17+00:00\",\"description\":\"Een kalknagel ziet er niet prettig uit. De zichtbare veranderingen aan de nagel bij een kalknagel zijn gemakkelijk te herkennen. Kalknagel symptomen zijn\",\"breadcrumb\":{\"@id\":\"https:\/\/www.mycosan.com\/pt\/fungos-das-unhas\/sintomas-dos-fungos-das-unhas\/#breadcrumb\"},\"inLanguage\":\"pt-PT\",\"potentialAction\":[{\"@type\":\"ReadAction\",\"target\":[\"https:\/\/www.mycosan.com\/pt\/fungos-das-unhas\/sintomas-dos-fungos-das-unhas\/\"]}]},{\"@type\":\"BreadcrumbList\",\"@id\":\"https:\/\/www.mycosan.com\/pt\/fungos-das-unhas\/sintomas-dos-fungos-das-unhas\/#breadcrumb\",\"itemListElement\":[{\"@type\":\"ListItem\",\"position\":1,\"name\":\"Fungos das unhas\",\"item\":\"https:\/\/www.mycosan.com\/pt\/fungos-das-unhas\/\"},{\"@type\":\"ListItem\",\"position\":2,\"name\":\"Sintomas dos fungos das unhas\"}]},{\"@type\":\"WebSite\",\"@id\":\"https:\/\/www.mycosan.com\/pt\/#website\",\"url\":\"https:\/\/www.mycosan.com\/pt\/\",\"name\":\"Mycosana Unhas\",\"description\":\"\",\"potentialAction\":[{\"@type\":\"SearchAction\",\"target\":{\"@type\":\"EntryPoint\",\"urlTemplate\":\"https:\/\/www.mycosan.com\/pt\/?s={search_term_string}\"},\"query-input\":{\"@type\":\"PropertyValueSpecification\",\"valueRequired\":true,\"valueName\":\"search_term_string\"}}],\"inLanguage\":\"pt-PT\"}]}<\/script>\n<!-- \/ Yoast SEO plugin. -->","yoast_head_json":{"title":"Sintomas dos fungos das unhas - Mycosana Unhas","description":"Een kalknagel ziet er niet prettig uit. De zichtbare veranderingen aan de nagel bij een kalknagel zijn gemakkelijk te herkennen. Kalknagel symptomen zijn","robots":{"index":"index","follow":"follow","max-snippet":"max-snippet:-1","max-image-preview":"max-image-preview:large","max-video-preview":"max-video-preview:-1"},"canonical":"https:\/\/www.mycosan.com\/pt\/fungos-das-unhas\/sintomas-dos-fungos-das-unhas\/","og_locale":"pt_PT","og_type":"article","og_title":"Sintomas dos fungos das unhas - Mycosana Unhas","og_description":"Een kalknagel ziet er niet prettig uit. De zichtbare veranderingen aan de nagel bij een kalknagel zijn gemakkelijk te herkennen. Kalknagel symptomen zijn","og_url":"https:\/\/www.mycosan.com\/pt\/fungos-das-unhas\/sintomas-dos-fungos-das-unhas\/","og_site_name":"Mycosana Unhas","article_modified_time":"2017-04-06T15:48:17+00:00","twitter_misc":{"Est. reading time":"2 minutes"},"schema":{"@context":"https:\/\/schema.org","@graph":[{"@type":"WebPage","@id":"https:\/\/www.mycosan.com\/pt\/fungos-das-unhas\/sintomas-dos-fungos-das-unhas\/","url":"https:\/\/www.mycosan.com\/pt\/fungos-das-unhas\/sintomas-dos-fungos-das-unhas\/","name":"Sintomas dos fungos das unhas - Mycosana Unhas","isPartOf":{"@id":"https:\/\/www.mycosan.com\/pt\/#website"},"datePublished":"2015-01-08T14:24:44+00:00","dateModified":"2017-04-06T15:48:17+00:00","description":"Een kalknagel ziet er niet prettig uit. De zichtbare veranderingen aan de nagel bij een kalknagel zijn gemakkelijk te herkennen. Kalknagel symptomen zijn","breadcrumb":{"@id":"https:\/\/www.mycosan.com\/pt\/fungos-das-unhas\/sintomas-dos-fungos-das-unhas\/#breadcrumb"},"inLanguage":"pt-PT","potentialAction":[{"@type":"ReadAction","target":["https:\/\/www.mycosan.com\/pt\/fungos-das-unhas\/sintomas-dos-fungos-das-unhas\/"]}]},{"@type":"BreadcrumbList","@id":"https:\/\/www.mycosan.com\/pt\/fungos-das-unhas\/sintomas-dos-fungos-das-unhas\/#breadcrumb","itemListElement":[{"@type":"ListItem","position":1,"name":"Fungos das unhas","item":"https:\/\/www.mycosan.com\/pt\/fungos-das-unhas\/"},{"@type":"ListItem","position":2,"name":"Sintomas dos fungos das unhas"}]},{"@type":"WebSite","@id":"https:\/\/www.mycosan.com\/pt\/#website","url":"https:\/\/www.mycosan.com\/pt\/","name":"Mycosana Unhas","description":"","potentialAction":[{"@type":"SearchAction","target":{"@type":"EntryPoint","urlTemplate":"https:\/\/www.mycosan.com\/pt\/?s={search_term_string}"},"query-input":{"@type":"PropertyValueSpecification","valueRequired":true,"valueName":"search_term_string"}}],"inLanguage":"pt-PT"}]}},"_links":{"self":[{"href":"https:\/\/www.mycosan.com\/pt\/wp-json\/wp\/v2\/pages\/8591","targetHints":{"allow":["GET"]}}],"collection":[{"href":"https:\/\/www.mycosan.com\/pt\/wp-json\/wp\/v2\/pages"}],"about":[{"href":"https:\/\/www.mycosan.com\/pt\/wp-json\/wp\/v2\/types\/page"}],"author":[{"embeddable":true,"href":"https:\/\/www.mycosan.com\/pt\/wp-json\/wp\/v2\/users\/1"}],"replies":[{"embeddable":true,"href":"https:\/\/www.mycosan.com\/pt\/wp-json\/wp\/v2\/comments?post=8591"}],"version-history":[{"count":0,"href":"https:\/\/www.mycosan.com\/pt\/wp-json\/wp\/v2\/pages\/8591\/revisions"}],"up":[{"embeddable":true,"href":"https:\/\/www.mycosan.com\/pt\/wp-json\/wp\/v2\/pages\/9097"}],"wp:attachment":[{"href":"https:\/\/www.mycosan.com\/pt\/wp-json\/wp\/v2\/media?parent=8591"}],"wp:term":[{"taxonomy":"page_type","embeddable":true,"href":"https:\/\/www.mycosan.com\/pt\/wp-json\/wp\/v2\/page_type?post=8591"}],"curies":[{"name":"wp","href":"https:\/\/api.w.org\/{rel}","templated":true}]}}