{"id":8589,"date":"2015-01-08T15:20:41","date_gmt":"2015-01-08T14:20:41","guid":{"rendered":"https:\/\/www.mycosan.com\/portugal\/test\/?page_id=3982"},"modified":"2017-04-06T16:38:14","modified_gmt":"2017-04-06T15:38:14","slug":"o-que-sao-fungos-das-unhas","status":"publish","type":"page","link":"https:\/\/www.mycosan.com\/pt\/fungos-das-unhas\/o-que-sao-fungos-das-unhas\/","title":{"rendered":"O que s\u00e3o fungos das unhas?"},"content":{"rendered":"<div  class='flex_column av-av_one_fourth-2a9015ff38129c418a3f2eafba3e9512 av_one_fourth  avia-builder-el-0  el_before_av_three_fourth  avia-builder-el-first  first flex_column_div  '     ><style type=\"text\/css\" data-created_by=\"avia_inline_auto\" id=\"style-css-av-av_image-74e4f685412205f5969fc4b235ce7c50\">\n.avia-image-container.av-av_image-74e4f685412205f5969fc4b235ce7c50 img.avia_image{\nbox-shadow:none;\n}\n.avia-image-container.av-av_image-74e4f685412205f5969fc4b235ce7c50 .av-image-caption-overlay-center{\ncolor:#ffffff;\n}\n<\/style>\n<div  class='avia-image-container av-av_image-74e4f685412205f5969fc4b235ce7c50 av-styling- avia-align-center  avia-builder-el-1  avia-builder-el-no-sibling '   itemprop=\"image\" itemscope=\"itemscope\" itemtype=\"https:\/\/schema.org\/ImageObject\" ><div class=\"avia-image-container-inner\"><div class=\"avia-image-overlay-wrap\"><img decoding=\"async\" fetchpriority=\"high\" class='wp-image-8733 avia-img-lazy-loading-not-8733 avia_image ' src=\"https:\/\/www.mycosan.com\/pt\/files\/2015\/01\/schimmelvoet.jpg\" alt='' title='schimmelvoet'  height=\"371\" width=\"176\"  itemprop=\"thumbnailUrl\" srcset=\"https:\/\/www.mycosan.com\/pt\/files\/2015\/01\/schimmelvoet.jpg 176w, https:\/\/www.mycosan.com\/pt\/files\/2015\/01\/schimmelvoet-142x300.jpg 142w\" sizes=\"(max-width: 176px) 100vw, 176px\" \/><\/div><\/div><\/div><\/div>\n\n<style type=\"text\/css\" data-created_by=\"avia_inline_auto\" id=\"style-css-av-av_three_fourth-9c1d454dc06f7247226bc4e8f931daae\">\n.flex_column.av-av_three_fourth-9c1d454dc06f7247226bc4e8f931daae{\nborder-radius:0px 0px 0px 0px;\npadding:0px 0px 0px 0px;\n}\n<\/style>\n<div  class='flex_column av-av_three_fourth-9c1d454dc06f7247226bc4e8f931daae av_three_fourth  avia-builder-el-2  el_after_av_one_fourth  el_before_av_section  avia-builder-el-last  flex_column_div av-zero-column-padding  '     ><section  class='av_textblock_section av-av_textblock-0366cc7376be6c9e82a3e9cc8987b64f '   itemscope=\"itemscope\" itemtype=\"https:\/\/schema.org\/CreativeWork\" ><div class='avia_textblock'  itemprop=\"text\" ><h1>Trate sempre os fungos das unhas<\/h1>\n<\/div><\/section><br \/>\n<div  class='hr av-av_hr-dcd2069817a0e3d34ae04cad8f3443c7 hr-default  avia-builder-el-4  el_after_av_textblock  el_before_av_textblock '><span class='hr-inner '><span class=\"hr-inner-style\"><\/span><\/span><\/div><br \/>\n<section  class='av_textblock_section av-av_textblock-0366cc7376be6c9e82a3e9cc8987b64f '   itemscope=\"itemscope\" itemtype=\"https:\/\/schema.org\/CreativeWork\" ><div class='avia_textblock'  itemprop=\"text\" ><h4><strong>As infe\u00e7\u00f5es f\u00fangicas das unhas n\u00e3o se resolvem por si s\u00f3<\/strong><\/h4>\n<p>Onicomicose \u00e9 o termo m\u00e9dico para o fungo (mycosis) das unhas (onycho) que pode ocorrer nas unhas dos p\u00e9s e das m\u00e3os. Os fungos s\u00e3o organismos microsc\u00f3picos que n\u00e3o necessitam da luz solar para sobreviver. Alguns fungos t\u00eam propriedades ben\u00e9ficas, enquanto outros podem causar infe\u00e7\u00e3o e doen\u00e7a.<\/p>\n<h4><strong>Fungos<\/strong><\/h4>\n<p>As infe\u00e7\u00f5es f\u00fangicas das unhas s\u00e3o causadas por fungos do grupo dos dermat\u00f3fitos. Estes fungos t\u00eam nomes que come\u00e7am normalmente por Trichophyton. A maioria das infe\u00e7\u00f5es f\u00fangicas das unhas \u00e9 causada pelos dermat\u00f3fitos Trichophyton rubrum (70%) ou Trichophyton mentagrophytes (20%). Outros fungos, tais como a Candida, causam os restantes 10%. Os fungos alimentam-se de queratina, o principal componente da unha.<\/p>\n<h4><strong>Infe\u00e7\u00e3o f\u00fangica<\/strong><\/h4>\n<p>Os fungos das unhas s\u00e3o dolorosos e s\u00e3o, frequentemente, um problema embara\u00e7oso. As unhas descamam, ficam espessas e descoloradas. Unhas espessas e descoloradas podem tamb\u00e9m ser consequ\u00eancia de um problema de pele, como psor\u00edase.<\/p>\n<h4><strong>Trate sempre os fungos das unhas!<\/strong><\/h4>\n<p>Uma infe\u00e7\u00e3o f\u00fangicas das unhas n\u00e3o se resolve por si s\u00f3;\u00a0tem que ser tratada!\u00a0Para al\u00e9m disso, os fungos que causam infe\u00e7\u00f5es f\u00fangicas das unhas s\u00e3o contagiosos. H\u00e1 o risco de o fungo se espalhar para\u00a0outras\u00a0unhas e at\u00e9\u00a0para outras pessoas.<\/p>\n<\/div><\/section><\/p><\/div>\n<\/div><\/div><\/div><!-- close content main div --><\/div><\/div><div id='box_shadow'  class='avia-section av-av_section-c1b66236f827c11b12d78e3f5bd63f00 alternate_color avia-section-no-padding avia-no-border-styling  avia-builder-el-6  el_after_av_three_fourth  avia-builder-el-last  avia-bg-style-scroll av-minimum-height av-minimum-height-custom av-height-custom  container_wrap sidebar_right'   data-av_minimum_height_px='50'><div class='container av-section-cont-open' style='height:50px'><div class='template-page content  av-content-small alpha units'><div class='post-entry post-entry-type-page post-entry-8589'><div class='entry-content-wrapper clearfix'>\n<div  class='flex_column av-av_one_fifth-2a9015ff38129c418a3f2eafba3e9512 av_one_fifth  avia-builder-el-7  el_before_av_three_fifth  avia-builder-el-first  first flex_column_div  '     ><\/div><div  class='flex_column av-av_three_fifth-b51168870d26eac9084c0e2dc495efe0 av_three_fifth  avia-builder-el-8  el_after_av_one_fifth  avia-builder-el-last  flex_column_div  '     ><\/div>\n<\/div><\/div><\/div><!-- close content main div --><\/div><\/div><div id='after_section_1'  class='main_color av_default_container_wrap container_wrap sidebar_right'  ><div class='container av-section-cont-open' ><div class='template-page content  av-content-small alpha units'><div class='post-entry post-entry-type-page post-entry-8589'><div class='entry-content-wrapper clearfix'>\n","protected":false},"excerpt":{"rendered":"","protected":false},"author":1,"featured_media":0,"parent":9097,"menu_order":0,"comment_status":"open","ping_status":"closed","template":"","meta":{"_acf_changed":false,"footnotes":""},"page_type":[],"class_list":["post-8589","page","type-page","status-publish","hentry"],"acf":[],"yoast_head":"<!-- This site is optimized with the Yoast SEO plugin v26.9 - https:\/\/yoast.com\/product\/yoast-seo-wordpress\/ -->\n<title>O que s\u00e3o fungos das unhas? - Mycosana Unhas<\/title>\n<meta name=\"description\" content=\"Een kalknagel is een onprettig nagelprobleem. Kalknagels genezen niet vanzelf en moeten daarom behandeld worden! Een kalknagel is een schimmelinfectie aan de\" \/>\n<meta name=\"robots\" content=\"index, follow, max-snippet:-1, max-image-preview:large, max-video-preview:-1\" \/>\n<link rel=\"canonical\" href=\"https:\/\/www.mycosan.com\/pt\/fungos-das-unhas\/o-que-sao-fungos-das-unhas\/\" \/>\n<meta property=\"og:locale\" content=\"pt_PT\" \/>\n<meta property=\"og:type\" content=\"article\" \/>\n<meta property=\"og:title\" content=\"O que s\u00e3o fungos das unhas? - Mycosana Unhas\" \/>\n<meta property=\"og:description\" content=\"Een kalknagel is een onprettig nagelprobleem. Kalknagels genezen niet vanzelf en moeten daarom behandeld worden! Een kalknagel is een schimmelinfectie aan de\" \/>\n<meta property=\"og:url\" content=\"https:\/\/www.mycosan.com\/pt\/fungos-das-unhas\/o-que-sao-fungos-das-unhas\/\" \/>\n<meta property=\"og:site_name\" content=\"Mycosana Unhas\" \/>\n<meta property=\"article:modified_time\" content=\"2017-04-06T15:38:14+00:00\" \/>\n<meta name=\"twitter:label1\" content=\"Est. reading time\" \/>\n\t<meta name=\"twitter:data1\" content=\"2 minutes\" \/>\n<script type=\"application\/ld+json\" class=\"yoast-schema-graph\">{\"@context\":\"https:\/\/schema.org\",\"@graph\":[{\"@type\":\"WebPage\",\"@id\":\"https:\/\/www.mycosan.com\/pt\/fungos-das-unhas\/o-que-sao-fungos-das-unhas\/\",\"url\":\"https:\/\/www.mycosan.com\/pt\/fungos-das-unhas\/o-que-sao-fungos-das-unhas\/\",\"name\":\"O que s\u00e3o fungos das unhas? - Mycosana Unhas\",\"isPartOf\":{\"@id\":\"https:\/\/www.mycosan.com\/pt\/#website\"},\"datePublished\":\"2015-01-08T14:20:41+00:00\",\"dateModified\":\"2017-04-06T15:38:14+00:00\",\"description\":\"Een kalknagel is een onprettig nagelprobleem. Kalknagels genezen niet vanzelf en moeten daarom behandeld worden! Een kalknagel is een schimmelinfectie aan de\",\"breadcrumb\":{\"@id\":\"https:\/\/www.mycosan.com\/pt\/fungos-das-unhas\/o-que-sao-fungos-das-unhas\/#breadcrumb\"},\"inLanguage\":\"pt-PT\",\"potentialAction\":[{\"@type\":\"ReadAction\",\"target\":[\"https:\/\/www.mycosan.com\/pt\/fungos-das-unhas\/o-que-sao-fungos-das-unhas\/\"]}]},{\"@type\":\"BreadcrumbList\",\"@id\":\"https:\/\/www.mycosan.com\/pt\/fungos-das-unhas\/o-que-sao-fungos-das-unhas\/#breadcrumb\",\"itemListElement\":[{\"@type\":\"ListItem\",\"position\":1,\"name\":\"Fungos das unhas\",\"item\":\"https:\/\/www.mycosan.com\/pt\/fungos-das-unhas\/\"},{\"@type\":\"ListItem\",\"position\":2,\"name\":\"O que s\u00e3o fungos das unhas?\"}]},{\"@type\":\"WebSite\",\"@id\":\"https:\/\/www.mycosan.com\/pt\/#website\",\"url\":\"https:\/\/www.mycosan.com\/pt\/\",\"name\":\"Mycosana Unhas\",\"description\":\"\",\"potentialAction\":[{\"@type\":\"SearchAction\",\"target\":{\"@type\":\"EntryPoint\",\"urlTemplate\":\"https:\/\/www.mycosan.com\/pt\/?s={search_term_string}\"},\"query-input\":{\"@type\":\"PropertyValueSpecification\",\"valueRequired\":true,\"valueName\":\"search_term_string\"}}],\"inLanguage\":\"pt-PT\"}]}<\/script>\n<!-- \/ Yoast SEO plugin. -->","yoast_head_json":{"title":"O que s\u00e3o fungos das unhas? - Mycosana Unhas","description":"Een kalknagel is een onprettig nagelprobleem. Kalknagels genezen niet vanzelf en moeten daarom behandeld worden! Een kalknagel is een schimmelinfectie aan de","robots":{"index":"index","follow":"follow","max-snippet":"max-snippet:-1","max-image-preview":"max-image-preview:large","max-video-preview":"max-video-preview:-1"},"canonical":"https:\/\/www.mycosan.com\/pt\/fungos-das-unhas\/o-que-sao-fungos-das-unhas\/","og_locale":"pt_PT","og_type":"article","og_title":"O que s\u00e3o fungos das unhas? - Mycosana Unhas","og_description":"Een kalknagel is een onprettig nagelprobleem. Kalknagels genezen niet vanzelf en moeten daarom behandeld worden! Een kalknagel is een schimmelinfectie aan de","og_url":"https:\/\/www.mycosan.com\/pt\/fungos-das-unhas\/o-que-sao-fungos-das-unhas\/","og_site_name":"Mycosana Unhas","article_modified_time":"2017-04-06T15:38:14+00:00","twitter_misc":{"Est. reading time":"2 minutes"},"schema":{"@context":"https:\/\/schema.org","@graph":[{"@type":"WebPage","@id":"https:\/\/www.mycosan.com\/pt\/fungos-das-unhas\/o-que-sao-fungos-das-unhas\/","url":"https:\/\/www.mycosan.com\/pt\/fungos-das-unhas\/o-que-sao-fungos-das-unhas\/","name":"O que s\u00e3o fungos das unhas? - Mycosana Unhas","isPartOf":{"@id":"https:\/\/www.mycosan.com\/pt\/#website"},"datePublished":"2015-01-08T14:20:41+00:00","dateModified":"2017-04-06T15:38:14+00:00","description":"Een kalknagel is een onprettig nagelprobleem. Kalknagels genezen niet vanzelf en moeten daarom behandeld worden! Een kalknagel is een schimmelinfectie aan de","breadcrumb":{"@id":"https:\/\/www.mycosan.com\/pt\/fungos-das-unhas\/o-que-sao-fungos-das-unhas\/#breadcrumb"},"inLanguage":"pt-PT","potentialAction":[{"@type":"ReadAction","target":["https:\/\/www.mycosan.com\/pt\/fungos-das-unhas\/o-que-sao-fungos-das-unhas\/"]}]},{"@type":"BreadcrumbList","@id":"https:\/\/www.mycosan.com\/pt\/fungos-das-unhas\/o-que-sao-fungos-das-unhas\/#breadcrumb","itemListElement":[{"@type":"ListItem","position":1,"name":"Fungos das unhas","item":"https:\/\/www.mycosan.com\/pt\/fungos-das-unhas\/"},{"@type":"ListItem","position":2,"name":"O que s\u00e3o fungos das unhas?"}]},{"@type":"WebSite","@id":"https:\/\/www.mycosan.com\/pt\/#website","url":"https:\/\/www.mycosan.com\/pt\/","name":"Mycosana Unhas","description":"","potentialAction":[{"@type":"SearchAction","target":{"@type":"EntryPoint","urlTemplate":"https:\/\/www.mycosan.com\/pt\/?s={search_term_string}"},"query-input":{"@type":"PropertyValueSpecification","valueRequired":true,"valueName":"search_term_string"}}],"inLanguage":"pt-PT"}]}},"_links":{"self":[{"href":"https:\/\/www.mycosan.com\/pt\/wp-json\/wp\/v2\/pages\/8589","targetHints":{"allow":["GET"]}}],"collection":[{"href":"https:\/\/www.mycosan.com\/pt\/wp-json\/wp\/v2\/pages"}],"about":[{"href":"https:\/\/www.mycosan.com\/pt\/wp-json\/wp\/v2\/types\/page"}],"author":[{"embeddable":true,"href":"https:\/\/www.mycosan.com\/pt\/wp-json\/wp\/v2\/users\/1"}],"replies":[{"embeddable":true,"href":"https:\/\/www.mycosan.com\/pt\/wp-json\/wp\/v2\/comments?post=8589"}],"version-history":[{"count":0,"href":"https:\/\/www.mycosan.com\/pt\/wp-json\/wp\/v2\/pages\/8589\/revisions"}],"up":[{"embeddable":true,"href":"https:\/\/www.mycosan.com\/pt\/wp-json\/wp\/v2\/pages\/9097"}],"wp:attachment":[{"href":"https:\/\/www.mycosan.com\/pt\/wp-json\/wp\/v2\/media?parent=8589"}],"wp:term":[{"taxonomy":"page_type","embeddable":true,"href":"https:\/\/www.mycosan.com\/pt\/wp-json\/wp\/v2\/page_type?post=8589"}],"curies":[{"name":"wp","href":"https:\/\/api.w.org\/{rel}","templated":true}]}}