{"id":8585,"date":"2014-04-08T15:47:39","date_gmt":"2014-04-08T13:47:39","guid":{"rendered":"https:\/\/www.mycosan.com\/portugal\/test\/?page_id=3384"},"modified":"2018-08-06T14:05:10","modified_gmt":"2018-08-06T13:05:10","slug":"privacy","status":"publish","type":"page","link":"https:\/\/www.mycosan.com\/pt\/privacy\/","title":{"rendered":"Declara\u00e7\u00e3o de privacidade"},"content":{"rendered":"<h1>Declara\u00e7\u00e3o de privacidade<\/h1>\n<p class=\"p1\"><span class=\"s1\">A sua privacidade \u00e9 muito importante para <\/span><span class=\"s2\">o<\/span><span class=\"s1\"> MYCOSANA.\u00a0Por esta raz\u00e3o, <\/span>cumprimos com a lei da privacidade. Isto significa que n\u00f3s:<\/p>\n<ul class=\"ul1\">\n<li class=\"li3\">Claramente especificamos os nossos prop\u00f3sitos antes de processarmos os seus dados pessoais, atrav\u00e9s desta declara\u00e7\u00e3o de privacidade;<\/li>\n<li class=\"li3\">Guardamos o m\u00ednimo de dados pessoais e apenas os necess\u00e1rios para os nossos fins.<\/li>\n<li class=\"li3\">Explicitamente solicitamos autoriza\u00e7\u00e3o para processar os seus dados pessoais, quando a mesma \u00e9 necess\u00e1ria.<\/li>\n<li class=\"li3\">Tomamos as medidas de seguran\u00e7a necess\u00e1rias para proteger a sua informa\u00e7\u00e3o pessoal. Impomos tamb\u00e9m essas obriga\u00e7\u00f5es \u00e0s entidades que nos processam os dados pessoais.<\/li>\n<li class=\"li3\">Respeitamos os seus direitos, tais como o direito de aceder, corrigir ou eliminar os seus dados pessoais por n\u00f3s processados.<\/li>\n<\/ul>\n<p class=\"p4\">Os seus dados est\u00e3o seguros connosco e utiliz\u00e1-los-emos sempre de forma adequada. Nesta declara\u00e7\u00e3o de privacidade, explicamos o que fazemos com a sua informa\u00e7\u00e3o, que obtemos atrav\u00e9s do site www.mycosana.pt.<\/p>\n<p class=\"p1\"><span class=\"s2\">Contacte-nos s<\/span>e tiver alguma quest\u00e3o ou desejar saber mais sobre o que <span class=\"s2\">monitorizamos.<\/span><\/p>\n<p class=\"p4\"><b>Newsletter<br \/>\n<\/b>Pode subscrever a nossa newsletter. A newsletter partilha informa\u00e7\u00e3o sobre not\u00edcias, dicas e descontos promocionais. Pode cancelar a subscri\u00e7\u00e3o em qualquer altura. Cada newsletter cont\u00e9m um link para subscrever.<\/p>\n<p class=\"p3\"><strong>Google Analytics<br \/>\n<\/strong>Utilizamos o Google Analytics para monitorizar como os visitantes utilizam o nosso site. Conclu\u00edmos um acordo de processamento com a Google. O acordo inclui acordos rigorosos sobre o que podem monitorizar. N\u00e3o demos autoriza\u00e7\u00e3o \u00e0 Google para utilizar a informa\u00e7\u00e3o obtida atrav\u00e9s de Analytics noutros servi\u00e7os da Google. Deixamos a<span class=\"Apple-converted-space\">\u00a0 <\/span>Google anonimizar os endere\u00e7os IP.<\/p>\n<p class=\"p3\"><strong>Per\u00edodos de reten\u00e7\u00e3o<br \/>\n<\/strong>N\u00e3o retemos os seus dados pessoais por mais tempo do que o estritamente necess\u00e1rio, tendo em conta os fins da informa\u00e7\u00e3o processada e quaisquer per\u00edodos legais de reten\u00e7\u00e3o.<\/p>\n<p class=\"p3\"><strong>Provis\u00f5es para outras empresas ou institui\u00e7\u00f5es<br \/>\n<\/strong>Em alguns casos, processamos os seus dados atrav\u00e9s de terceiros, como a nossa ag\u00eancia de acolhimento ou sistema de gest\u00e3o de campanhas.<\/p>\n<p class=\"p3\">Processadores que nos ajudam com o<span class=\"Apple-converted-space\">\u00a0 <\/span>processamento dos seus dados pessoais apenas podem utilizar os seus dados de acordo com as nossas indica\u00e7\u00f5es e para realizar os servi\u00e7os relevantes que nos fornecem.<\/p>\n<p class=\"p4\"><strong>N\u00e3o podem utilizar nem facultar os seus dados pessoais a terceiros.<br \/>\n<\/strong>Os dados obtidos atrav\u00e9s de cookies podem ser partilhados com terceiros que colocam esses cookies. \u00c9 poss\u00edvel que n\u00f3s sejamos legalmente obrigados pelas autoridades governamentais ou outras entidades a partilhar os seus dados. Nestes casos, apenas partilhamos os dados estritamente necess\u00e1rios.<\/p>\n<p class=\"p3\"><b>Seguran\u00e7a<br \/>\n<\/b>A seguran\u00e7a dos dados pessoais \u00e9 extremamente importante para n\u00f3s. Para proteger a sua privacidade, tomamos as seguintes medidas:<\/p>\n<ul class=\"ul1\">\n<li class=\"li4\">Utilizamos liga\u00e7\u00f5es seguras (Secure Sockets Layer ou SSL) que protegem toda a informa\u00e7\u00e3o entre si e o nosso site, quando insere dados pessoais.<\/li>\n<\/ul>\n<p class=\"p3\"><b>Cookies<br \/>\n<\/b>[cookie_declaration]<\/p>\n<p class=\"p3\"><b>Altera\u00e7\u00f5es a esta declara\u00e7\u00e3o de privacidade<br \/>\n<\/b>Quando o nosso site \u00e9 alterado, devemos igualmente ajustar a declara\u00e7\u00e3o de privacidade. Tenha sempre em aten\u00e7\u00e3o a data acima e verifique regularmente se existem novas vers\u00f5es. Faremos o nosso melhor para anunciar as altera\u00e7\u00f5es em separado.<\/p>\n<p class=\"p3\"><b>Para aceder, alterar e eliminar os seus dados<br \/>\n<\/b>Se tiver qualquer d\u00favida ou se desejar saber a informa\u00e7\u00e3o pessoal sua de que dispomos, pode-nos contactar. Ver dados de contacto abaixo.<\/p>\n<p class=\"p3\">Tem os seguintes direitos:<\/p>\n<ul class=\"ul1\">\n<li class=\"li3\">de receber explica\u00e7\u00f5es dos dados pessoais de que dispomos e o que fazemos com os mesmos<\/li>\n<li class=\"li3\">de aceder aos dados pessoais que temos<\/li>\n<li class=\"li3\">de solicitar a correc\u00e7\u00e3o de erros<\/li>\n<li class=\"li3\">de solicitar a elimina\u00e7\u00e3o de dados pessoais desatualizados<\/li>\n<li class=\"li3\">de revogar a autoriza\u00e7\u00e3o<\/li>\n<li class=\"li3\">de contestar uma dada utiliza\u00e7\u00e3o<\/li>\n<\/ul>\n<p class=\"p3\">\u00c9 favor notar que deve sempre referir claramente quem \u00e9, para termos a certeza que n\u00e3o alteramos ou eliminamos dados da pessoa errada.<\/p>\n<p class=\"p3\"><b>Para fazer uma reclama\u00e7\u00e3o<br \/>\n<\/b>Se achar que n\u00e3o a ajudamos de forma correta, tem o direito de fazer uma reclama\u00e7\u00e3o na Autoridade Europeia para a Prote\u00e7\u00e3o de Dados ou na Comiss\u00e3o Nacional de Prote\u00e7\u00e3o de Dados<\/p>\n<p class=\"p3\">( www.cnpd.pt\/bin\/cnpd\/atendimento.htm ).<\/p>\n","protected":false},"excerpt":{"rendered":"<p>Declara\u00e7\u00e3o de privacidade A sua privacidade \u00e9 muito importante para o MYCOSANA.\u00a0Por esta raz\u00e3o, cumprimos com a lei da privacidade. Isto significa que n\u00f3s: Claramente especificamos os nossos prop\u00f3sitos antes de processarmos os seus dados pessoais, atrav\u00e9s desta declara\u00e7\u00e3o de privacidade; Guardamos o m\u00ednimo de dados pessoais e apenas os necess\u00e1rios para os nossos fins. [&hellip;]<\/p>\n","protected":false},"author":1,"featured_media":0,"parent":0,"menu_order":97,"comment_status":"open","ping_status":"closed","template":"","meta":{"_acf_changed":false,"footnotes":""},"page_type":[],"class_list":["post-8585","page","type-page","status-publish","hentry"],"acf":[],"yoast_head":"<!-- This site is optimized with the Yoast SEO plugin v26.9 - https:\/\/yoast.com\/product\/yoast-seo-wordpress\/ -->\n<title>Declara\u00e7\u00e3o de privacidade - Mycosana Unhas<\/title>\n<meta name=\"robots\" content=\"index, follow, max-snippet:-1, max-image-preview:large, max-video-preview:-1\" \/>\n<link rel=\"canonical\" href=\"https:\/\/www.mycosan.com\/pt\/privacy\/\" \/>\n<meta property=\"og:locale\" content=\"pt_PT\" \/>\n<meta property=\"og:type\" content=\"article\" \/>\n<meta property=\"og:title\" content=\"Declara\u00e7\u00e3o de privacidade - Mycosana Unhas\" \/>\n<meta property=\"og:description\" content=\"Declara\u00e7\u00e3o de privacidade A sua privacidade \u00e9 muito importante para o MYCOSANA.\u00a0Por esta raz\u00e3o, cumprimos com a lei da privacidade. Isto significa que n\u00f3s: Claramente especificamos os nossos prop\u00f3sitos antes de processarmos os seus dados pessoais, atrav\u00e9s desta declara\u00e7\u00e3o de privacidade; Guardamos o m\u00ednimo de dados pessoais e apenas os necess\u00e1rios para os nossos fins. [&hellip;]\" \/>\n<meta property=\"og:url\" content=\"https:\/\/www.mycosan.com\/pt\/privacy\/\" \/>\n<meta property=\"og:site_name\" content=\"Mycosana Unhas\" \/>\n<meta property=\"article:modified_time\" content=\"2018-08-06T13:05:10+00:00\" \/>\n<meta name=\"twitter:label1\" content=\"Est. reading time\" \/>\n\t<meta name=\"twitter:data1\" content=\"3 minutes\" \/>\n<script type=\"application\/ld+json\" class=\"yoast-schema-graph\">{\"@context\":\"https:\/\/schema.org\",\"@graph\":[{\"@type\":\"WebPage\",\"@id\":\"https:\/\/www.mycosan.com\/pt\/privacy\/\",\"url\":\"https:\/\/www.mycosan.com\/pt\/privacy\/\",\"name\":\"Declara\u00e7\u00e3o de privacidade - Mycosana Unhas\",\"isPartOf\":{\"@id\":\"https:\/\/www.mycosan.com\/pt\/#website\"},\"datePublished\":\"2014-04-08T13:47:39+00:00\",\"dateModified\":\"2018-08-06T13:05:10+00:00\",\"inLanguage\":\"pt-PT\",\"potentialAction\":[{\"@type\":\"ReadAction\",\"target\":[\"https:\/\/www.mycosan.com\/pt\/privacy\/\"]}]},{\"@type\":\"WebSite\",\"@id\":\"https:\/\/www.mycosan.com\/pt\/#website\",\"url\":\"https:\/\/www.mycosan.com\/pt\/\",\"name\":\"Mycosana Unhas\",\"description\":\"\",\"potentialAction\":[{\"@type\":\"SearchAction\",\"target\":{\"@type\":\"EntryPoint\",\"urlTemplate\":\"https:\/\/www.mycosan.com\/pt\/?s={search_term_string}\"},\"query-input\":{\"@type\":\"PropertyValueSpecification\",\"valueRequired\":true,\"valueName\":\"search_term_string\"}}],\"inLanguage\":\"pt-PT\"}]}<\/script>\n<!-- \/ Yoast SEO plugin. -->","yoast_head_json":{"title":"Declara\u00e7\u00e3o de privacidade - Mycosana Unhas","robots":{"index":"index","follow":"follow","max-snippet":"max-snippet:-1","max-image-preview":"max-image-preview:large","max-video-preview":"max-video-preview:-1"},"canonical":"https:\/\/www.mycosan.com\/pt\/privacy\/","og_locale":"pt_PT","og_type":"article","og_title":"Declara\u00e7\u00e3o de privacidade - Mycosana Unhas","og_description":"Declara\u00e7\u00e3o de privacidade A sua privacidade \u00e9 muito importante para o MYCOSANA.\u00a0Por esta raz\u00e3o, cumprimos com a lei da privacidade. Isto significa que n\u00f3s: Claramente especificamos os nossos prop\u00f3sitos antes de processarmos os seus dados pessoais, atrav\u00e9s desta declara\u00e7\u00e3o de privacidade; Guardamos o m\u00ednimo de dados pessoais e apenas os necess\u00e1rios para os nossos fins. [&hellip;]","og_url":"https:\/\/www.mycosan.com\/pt\/privacy\/","og_site_name":"Mycosana Unhas","article_modified_time":"2018-08-06T13:05:10+00:00","twitter_misc":{"Est. reading time":"3 minutes"},"schema":{"@context":"https:\/\/schema.org","@graph":[{"@type":"WebPage","@id":"https:\/\/www.mycosan.com\/pt\/privacy\/","url":"https:\/\/www.mycosan.com\/pt\/privacy\/","name":"Declara\u00e7\u00e3o de privacidade - Mycosana Unhas","isPartOf":{"@id":"https:\/\/www.mycosan.com\/pt\/#website"},"datePublished":"2014-04-08T13:47:39+00:00","dateModified":"2018-08-06T13:05:10+00:00","inLanguage":"pt-PT","potentialAction":[{"@type":"ReadAction","target":["https:\/\/www.mycosan.com\/pt\/privacy\/"]}]},{"@type":"WebSite","@id":"https:\/\/www.mycosan.com\/pt\/#website","url":"https:\/\/www.mycosan.com\/pt\/","name":"Mycosana Unhas","description":"","potentialAction":[{"@type":"SearchAction","target":{"@type":"EntryPoint","urlTemplate":"https:\/\/www.mycosan.com\/pt\/?s={search_term_string}"},"query-input":{"@type":"PropertyValueSpecification","valueRequired":true,"valueName":"search_term_string"}}],"inLanguage":"pt-PT"}]}},"_links":{"self":[{"href":"https:\/\/www.mycosan.com\/pt\/wp-json\/wp\/v2\/pages\/8585","targetHints":{"allow":["GET"]}}],"collection":[{"href":"https:\/\/www.mycosan.com\/pt\/wp-json\/wp\/v2\/pages"}],"about":[{"href":"https:\/\/www.mycosan.com\/pt\/wp-json\/wp\/v2\/types\/page"}],"author":[{"embeddable":true,"href":"https:\/\/www.mycosan.com\/pt\/wp-json\/wp\/v2\/users\/1"}],"replies":[{"embeddable":true,"href":"https:\/\/www.mycosan.com\/pt\/wp-json\/wp\/v2\/comments?post=8585"}],"version-history":[{"count":0,"href":"https:\/\/www.mycosan.com\/pt\/wp-json\/wp\/v2\/pages\/8585\/revisions"}],"wp:attachment":[{"href":"https:\/\/www.mycosan.com\/pt\/wp-json\/wp\/v2\/media?parent=8585"}],"wp:term":[{"taxonomy":"page_type","embeddable":true,"href":"https:\/\/www.mycosan.com\/pt\/wp-json\/wp\/v2\/page_type?post=8585"}],"curies":[{"name":"wp","href":"https:\/\/api.w.org\/{rel}","templated":true}]}}