{"id":4017,"date":"2015-01-08T16:18:09","date_gmt":"2015-01-08T15:18:09","guid":{"rendered":"https:\/\/www.mycosan.com\/nl\/?page_id=4017"},"modified":"2020-12-09T11:41:55","modified_gmt":"2020-12-09T09:41:55","slug":"faq","status":"publish","type":"page","link":"https:\/\/www.mycosan.com\/pl\/faq\/","title":{"rendered":"FAQ"},"content":{"rendered":"<div  class='flex_column av-av_one_fourth-2a9015ff38129c418a3f2eafba3e9512 av_one_fourth  avia-builder-el-0  el_before_av_three_fourth  avia-builder-el-first  first flex_column_div  '     ><style type=\"text\/css\" data-created_by=\"avia_inline_auto\" id=\"style-css-av-av_image-74351af42d80a5f958dbea8d99398f0f\">\n.avia-image-container.av-av_image-74351af42d80a5f958dbea8d99398f0f img.avia_image{\nbox-shadow:none;\n}\n.avia-image-container.av-av_image-74351af42d80a5f958dbea8d99398f0f .av-image-caption-overlay-center{\ncolor:#ffffff;\n}\n<\/style>\n<div  class='avia-image-container av-av_image-74351af42d80a5f958dbea8d99398f0f av-styling- avia-align-center  avia-builder-el-1  avia-builder-el-no-sibling '   itemprop=\"image\" itemscope=\"itemscope\" itemtype=\"https:\/\/schema.org\/ImageObject\" ><div class=\"avia-image-container-inner\"><div class=\"avia-image-overlay-wrap\"><img decoding=\"async\" fetchpriority=\"high\" class='wp-image-9978 avia-img-lazy-loading-not-9978 avia_image ' src=\"https:\/\/www.mycosan.com\/pl\/files\/2017\/06\/slider11-300x214.png\" alt='Preparaty na grzybic\u0119 st\u00f3p i paznokci' title='slider11'  height=\"214\" width=\"300\"  itemprop=\"thumbnailUrl\" srcset=\"https:\/\/www.mycosan.com\/pl\/files\/2017\/06\/slider11-300x214.png 300w, https:\/\/www.mycosan.com\/pl\/files\/2017\/06\/slider11-260x185.png 260w, https:\/\/www.mycosan.com\/pl\/files\/2017\/06\/slider11-450x321.png 450w, https:\/\/www.mycosan.com\/pl\/files\/2017\/06\/slider11.png 700w\" sizes=\"(max-width: 300px) 100vw, 300px\" \/><\/div><\/div><\/div><\/div>\n\n<style type=\"text\/css\" data-created_by=\"avia_inline_auto\" id=\"style-css-av-av_three_fourth-9c1d454dc06f7247226bc4e8f931daae\">\n.flex_column.av-av_three_fourth-9c1d454dc06f7247226bc4e8f931daae{\nborder-radius:0px 0px 0px 0px;\npadding:0px 0px 0px 0px;\n}\n<\/style>\n<div  class='flex_column av-av_three_fourth-9c1d454dc06f7247226bc4e8f931daae av_three_fourth  avia-builder-el-2  el_after_av_one_fourth  el_before_av_one_full  flex_column_div av-zero-column-padding  '     ><section  class='av_textblock_section av-av_textblock-0366cc7376be6c9e82a3e9cc8987b64f '   itemscope=\"itemscope\" itemtype=\"https:\/\/schema.org\/CreativeWork\" ><div class='avia_textblock'  itemprop=\"text\" ><h1>Cz\u0119sto zadawane pytania (FAQ)<\/h1>\n<\/div><\/section><br \/>\n<div  class='hr av-av_hr-dcd2069817a0e3d34ae04cad8f3443c7 hr-default  avia-builder-el-4  el_after_av_textblock  el_before_av_toggle_container '><span class='hr-inner '><span class=\"hr-inner-style\"><\/span><\/span><\/div><br \/>\n<div  class='togglecontainer av-av_toggle_container-8e0c6e39d39b619a829887bd54fff3ed  avia-builder-el-5  el_after_av_hr  avia-builder-el-last  toggle_close_all' >\n<section class='av_toggle_section av-av_toggle-a7e834b7a82eba1d21a3bb64d6d6d6e5'  itemscope=\"itemscope\" itemtype=\"https:\/\/schema.org\/CreativeWork\" ><div role=\"tablist\" class=\"single_toggle\" data-tags=\"{Wszystko} \"  ><p id='toggle-toggle-id-1' data-fake-id='#toggle-id-1' class='toggler  av-title-above '  itemprop=\"headline\"  role='tab' tabindex='0' aria-controls='toggle-id-1' data-slide-speed=\"200\" data-title=\"Dlaczego Mycosan?\" data-title-open=\"\" data-aria_collapsed=\"Click to expand: Dlaczego Mycosan?\" data-aria_expanded=\"Click to collapse: Dlaczego Mycosan?\">Dlaczego Mycosan?<span class=\"toggle_icon\"><span class=\"vert_icon\"><\/span><span class=\"hor_icon\"><\/span><\/span><\/p><div id='toggle-id-1' aria-labelledby='toggle-toggle-id-1' role='region' class='toggle_wrap  av-title-above'  ><div class='toggle_content invers-color '  itemprop=\"text\" ><p>Mycosan Grzybica Paznokci i Mycosan Leczenie Grzybicy St\u00f3p posiadaj\u0105 unikaln\u0105, opatentowan\u0105 kompozycj\u0119, kt\u00f3ra hamuje rozw\u00f3j najcz\u0119\u015bciej wyst\u0119puj\u0105cych dermatofit\u00f3w, kt\u00f3re odpowiadaj\u0105 za grzybic\u0119 st\u00f3p i paznokci.<\/p>\n<p>Mycosan Grzybica Paznokci dzi\u0119ki odpowiedniej\u00a0 formulacji g\u0142\u0119boko penetruje paznokie\u0107, wnika w jego struktur\u0119 i stabilizuje j\u0105, sprzyjaj\u0105c odnowie zdrowego paznokcia. Produkt posiada higieniczny, \u0142atwy w u\u017cyciu aplikator. Mo\u017ce by\u0107 stosowany przez osoby chore na cukrzyc\u0119 i dzieci powy\u017cej 4. roku \u017cycia.<\/p>\n<p>Mycosan Leczenie Grzybicy St\u00f3p to wysoce skuteczny \u017cel, o szerokim spektrum dzia\u0142ania, do leczenia grzybicy st\u00f3p. Bezdotykowy aplikator umo\u017cliwia higieniczny spos\u00f3b nak\u0142adania preparatu pomi\u0119dzy palcami st\u00f3p bez nara\u017cania innych obszar\u00f3w. Mycosan Leczenie Grzybicy St\u00f3p zapewnia natychmiastow\u0105 ulg\u0119 od sw\u0119dzenia i pieczenia zwi\u0105zanego z grzybic\u0105 st\u00f3p.<\/p>\n<p>Mycosan Ochrona to przeciwgrzybiczy p\u0142yn do rozpylania na sk\u00f3r\u0119 st\u00f3p zapobiegaj\u0105cy grzybicy st\u00f3p i paznokci oraz zmniejszaj\u0105cy ryzyko ponownego zaka\u017cenia. Mycosan Ochrona przywraca naturaln\u0105 barier\u0119 sk\u00f3ry i skutecznie chroni stopy przed przykrym zapachem.<\/p>\n<\/div><\/div><\/div><\/section>\n<section class='av_toggle_section av-av_toggle-cff3f6ff0270be5355660e1047609e82'  itemscope=\"itemscope\" itemtype=\"https:\/\/schema.org\/CreativeWork\" ><div role=\"tablist\" class=\"single_toggle\" data-tags=\"{Wszystko} \"  ><p id='toggle-toggle-id-2' data-fake-id='#toggle-id-2' class='toggler  av-title-above '  itemprop=\"headline\"  role='tab' tabindex='0' aria-controls='toggle-id-2' data-slide-speed=\"200\" data-title=\"Czy Mycosan Grzybica Paznokci ma nieprzyjemny zapach?\" data-title-open=\"\" data-aria_collapsed=\"Click to expand: Czy Mycosan Grzybica Paznokci ma nieprzyjemny zapach?\" data-aria_expanded=\"Click to collapse: Czy Mycosan Grzybica Paznokci ma nieprzyjemny zapach?\">Czy Mycosan Grzybica Paznokci ma nieprzyjemny zapach?<span class=\"toggle_icon\"><span class=\"vert_icon\"><\/span><span class=\"hor_icon\"><\/span><\/span><\/p><div id='toggle-id-2' aria-labelledby='toggle-toggle-id-2' role='region' class='toggle_wrap  av-title-above'  ><div class='toggle_content invers-color '  itemprop=\"text\" ><p>Mycosan Grzybica Paznokci jest produktem ca\u0142kowicie bezwonnym i bezbarwnym.<\/p>\n<\/div><\/div><\/div><\/section>\n<section class='av_toggle_section av-av_toggle-b4ab67350c891f5516cf245463fd98a7'  itemscope=\"itemscope\" itemtype=\"https:\/\/schema.org\/CreativeWork\" ><div role=\"tablist\" class=\"single_toggle\" data-tags=\"{Wszystko} \"  ><p id='toggle-toggle-id-3' data-fake-id='#toggle-id-3' class='toggler  av-title-above '  itemprop=\"headline\"  role='tab' tabindex='0' aria-controls='toggle-id-3' data-slide-speed=\"200\" data-title=\"Kto mo\u017ce stosowa\u0107 Mycosan Grzybica Paznokci?\" data-title-open=\"\" data-aria_collapsed=\"Click to expand: Kto mo\u017ce stosowa\u0107 Mycosan Grzybica Paznokci?\" data-aria_expanded=\"Click to collapse: Kto mo\u017ce stosowa\u0107 Mycosan Grzybica Paznokci?\">Kto mo\u017ce stosowa\u0107 Mycosan Grzybica Paznokci?<span class=\"toggle_icon\"><span class=\"vert_icon\"><\/span><span class=\"hor_icon\"><\/span><\/span><\/p><div id='toggle-id-3' aria-labelledby='toggle-toggle-id-3' role='region' class='toggle_wrap  av-title-above'  ><div class='toggle_content invers-color '  itemprop=\"text\" ><p>Mycosan Grzybica Paznokci nie jest wch\u0142aniany przez sk\u00f3r\u0119, dlatego mo\u017ce by\u0107 u\u017cywany przez osoby chore na cukrzyc\u0119 oraz dzieci powy\u017cej 4. roku \u017cycia. Mycosan nie zawiera substancji, kt\u00f3re mog\u0105 by\u0107 problematyczne dla os\u00f3b chorych na astm\u0119.<\/p>\n<\/div><\/div><\/div><\/section>\n<section class='av_toggle_section av-av_toggle-2c21593196232e8690d4d4b7db535c36'  itemscope=\"itemscope\" itemtype=\"https:\/\/schema.org\/CreativeWork\" ><div role=\"tablist\" class=\"single_toggle\" data-tags=\"{Wszystko} \"  ><p id='toggle-toggle-id-4' data-fake-id='#toggle-id-4' class='toggler  av-title-above '  itemprop=\"headline\"  role='tab' tabindex='0' aria-controls='toggle-id-4' data-slide-speed=\"200\" data-title=\"Jak cz\u0119sto mo\u017cna powtarza\u0107 kuracj\u0119?\" data-title-open=\"\" data-aria_collapsed=\"Click to expand: Jak cz\u0119sto mo\u017cna powtarza\u0107 kuracj\u0119?\" data-aria_expanded=\"Click to collapse: Jak cz\u0119sto mo\u017cna powtarza\u0107 kuracj\u0119?\">Jak cz\u0119sto mo\u017cna powtarza\u0107 kuracj\u0119?<span class=\"toggle_icon\"><span class=\"vert_icon\"><\/span><span class=\"hor_icon\"><\/span><\/span><\/p><div id='toggle-id-4' aria-labelledby='toggle-toggle-id-4' role='region' class='toggle_wrap  av-title-above'  ><div class='toggle_content invers-color '  itemprop=\"text\" ><p>Zgodnie z instrukcj\u0105 u\u017cycia, Mycosan Grzybica Paznokci nale\u017cy stosowa\u0107 dwa razy dziennie, aby skutecznie walczy\u0107 z grzybic\u0105 paznokci. Przy infekcjach grzybiczych nawracaj\u0105cych w kr\u00f3tkich odst\u0119pach czasu, mo\u017cna po raz kolejny u\u017cy\u0107 produktu.<\/p>\n<p>Mycosan Leczenie Grzybicy St\u00f3p nale\u017cy stosowa\u0107 dwa razy dziennie a\u017c do momentu wygojenia sk\u00f3ry.<\/p>\n<p>Mycosan Ochrona aplikowa\u0107 na suche stopy, uwzgl\u0119dniaj\u0105c w szczeg\u00f3lno\u015bci przestrzenie pomi\u0119dzy palcami.<\/p>\n<\/div><\/div><\/div><\/section>\n<section class='av_toggle_section av-av_toggle-d717436e8d10d25483736134ba71cea3'  itemscope=\"itemscope\" itemtype=\"https:\/\/schema.org\/CreativeWork\" ><div role=\"tablist\" class=\"single_toggle\" data-tags=\"{Wszystko} \"  ><p id='toggle-toggle-id-5' data-fake-id='#toggle-id-5' class='toggler  av-title-above '  itemprop=\"headline\"  role='tab' tabindex='0' aria-controls='toggle-id-5' data-slide-speed=\"200\" data-title=\"Jak nale\u017cy stosowa\u0107 Mycosan?\" data-title-open=\"\" data-aria_collapsed=\"Click to expand: Jak nale\u017cy stosowa\u0107 Mycosan?\" data-aria_expanded=\"Click to collapse: Jak nale\u017cy stosowa\u0107 Mycosan?\">Jak nale\u017cy stosowa\u0107 Mycosan?<span class=\"toggle_icon\"><span class=\"vert_icon\"><\/span><span class=\"hor_icon\"><\/span><\/span><\/p><div id='toggle-id-5' aria-labelledby='toggle-toggle-id-5' role='region' class='toggle_wrap  av-title-above'  ><div class='toggle_content invers-color '  itemprop=\"text\" ><h3><strong>Mycosan Grzybica Paznokci<\/strong><\/h3>\n<p>Przed u\u017cyciem dok\u0142adnie umy\u0107 i osuszy\u0107 paznokcie, a tam, gdzie to konieczne, usun\u0105\u0107 wszystkie \u015blady lakieru do paznokci.<\/p>\n<p><strong>Zwalczanie ostrego zaka\u017cenia<\/strong><\/p>\n<p>Nak\u0142ada\u0107 preparat Mycosan Grzybica Paznokci za pomoc\u0105 aplikatora z p\u0119dzelkiem na zewn\u0119trzn\u0105 i wewn\u0119trzn\u0105 stron\u0119 uszkodzonego paznokcia 2 razy dziennie przez minimum 4 tygodnie bez przerwy. Wystarczy niewielka kropla preparatu. Pozostawi\u0107 do wyschni\u0119cia na 2 minuty. Nast\u0119pnie nak\u0142ada\u0107 preparat raz dziennie, a\u017c paznokie\u0107 odzyska zwyczajny wygl\u0105d. Co tydzie\u0144 obcina\u0107 paznokcie i usuwa\u0107 mo\u017cliwie jak najwi\u0119cej fragment\u00f3w chorobowo zmienionego paznokcia. Raz w tygodniu spi\u0142owa\u0107 nadmiar pogrubia\u0142ej tkanki z zaka\u017conego obszaru za pomoc\u0105 jednorazowych pilniczk\u00f3w do\u0142\u0105czonych do odpakowania. U\u017cywa\u0107 1 pilnika na 1 paznokie\u0107 (i tylko raz, aby zapobiec szerzeniu si\u0119 zaka\u017cenia).<\/p>\n<p>Pe\u0142na regeneracja paznokcia mo\u017ce trwa\u0107 kilka miesi\u0119cy. Nie nale\u017cy przerywa\u0107 stosowania preparatu. Pierwsze efekty b\u0119d\u0105 widoczne w przeci\u0105gu kilku tygodni.<\/p>\n<p><strong>Zapobieganie zaka\u017ceniu<\/strong><\/p>\n<p>Aby zmniejszy\u0107 ryzyko zaka\u017cenia otaczaj\u0105cych paznokci, nak\u0142ada\u0107 preparat Mycosan Grzybica Paznokci raz dziennie na zdrowe paznokcie, znajduj\u0105ce si\u0119 w pobli\u017cu paznokci zaka\u017conych grzybic\u0105.<\/p>\n<h3><strong>Mycosan Leczenie Grzybicy St\u00f3p<\/strong><\/h3>\n<p>Nak\u0142ada\u0107 cienk\u0105 warstw\u0119 preparatu dwa razy dziennie na obszar obj\u0119ty zmianami, najszybciej jak to mo\u017cliwe po zaobserwowaniu objaw\u00f3w, takich jak: sw\u0119dzenie, pieczenie, p\u0119kni\u0119cia lub zaczerwienienie sk\u00f3ry, brzydki zapach oraz \u0142uszczenie si\u0119 sk\u00f3ry st\u00f3p. Leczenie kontynuowa\u0107 do momentu wygojenia sk\u00f3ry, a nast\u0119pnie przez kolejne 2 tygodnie po ust\u0105pieniu zmian, aby zapobiec nawrotowi grzybicy. Nale\u017cy skonsultowa\u0107 si\u0119 z lekarzem lub farmaceut\u0105, je\u015bli objawy nie ust\u0119puj\u0105 po 2 tygodniach.<\/p>\n<h3><strong>Mycosan Ochrona<\/strong><\/h3>\n<p>W celu zapewnienia optymalnej ochrony, p\u0142yn do rozpylania na sk\u00f3r\u0119 st\u00f3p aplikowa\u0107 dwa razy dziennie na suche stopy, szczeg\u00f3lnie w przestrzeniach pomi\u0119dzy palcami. Po sp\u0142ukaniu nale\u017cy zaaplikowa\u0107 ponownie. Po 30 dniach nieprzerwanego stosowania zaleca si\u0119 3-5 dniow\u0105 przerw\u0119.<\/p>\n<\/div><\/div><\/div><\/section>\n<section class='av_toggle_section av-av_toggle-39098ef684f6d1fb7f1e9926c6b4da57'  itemscope=\"itemscope\" itemtype=\"https:\/\/schema.org\/CreativeWork\" ><div role=\"tablist\" class=\"single_toggle\" data-tags=\"{Wszystko} \"  ><p id='toggle-toggle-id-6' data-fake-id='#toggle-id-6' class='toggler  av-title-above '  itemprop=\"headline\"  role='tab' tabindex='0' aria-controls='toggle-id-6' data-slide-speed=\"200\" data-title=\"Czy opakowanie Mycosan Grzybica Paznokci i Mycosan Leczenie Grzybicy St\u00f3p wystarcza na pe\u0142n\u0105 kuracj\u0119?\" data-title-open=\"\" data-aria_collapsed=\"Click to expand: Czy opakowanie Mycosan Grzybica Paznokci i Mycosan Leczenie Grzybicy St\u00f3p wystarcza na pe\u0142n\u0105 kuracj\u0119?\" data-aria_expanded=\"Click to collapse: Czy opakowanie Mycosan Grzybica Paznokci i Mycosan Leczenie Grzybicy St\u00f3p wystarcza na pe\u0142n\u0105 kuracj\u0119?\">Czy opakowanie Mycosan Grzybica Paznokci i Mycosan Leczenie Grzybicy St\u00f3p wystarcza na pe\u0142n\u0105 kuracj\u0119?<span class=\"toggle_icon\"><span class=\"vert_icon\"><\/span><span class=\"hor_icon\"><\/span><\/span><\/p><div id='toggle-id-6' aria-labelledby='toggle-toggle-id-6' role='region' class='toggle_wrap  av-title-above'  ><div class='toggle_content invers-color '  itemprop=\"text\" ><p>Zar\u00f3wno opakowanie Mycosan Grzybica Paznokci, jak i Mycosan Leczenie Grzybicy St\u00f3p wystarcza na pe\u0142n\u0105 kuracj\u0119 przeciwgrzybicz\u0105.<\/p>\n<p>Opakowanie Mycosan Grzybica Paznokci 5ml wystarcza na 3 miesi\u0105ce stosowania na jeden zaka\u017cony paznokie\u0107.<\/p>\n<p>Opakowanie Mycosan Grzybica Paznokci 10ml wystarcza na 3 miesi\u0105ce stosowania na dwa du\u017ce paznokcie.<\/p>\n<\/div><\/div><\/div><\/section>\n<section class='av_toggle_section av-av_toggle-1f7ed710bb1727db502612906a31517c'  itemscope=\"itemscope\" itemtype=\"https:\/\/schema.org\/CreativeWork\" ><div role=\"tablist\" class=\"single_toggle\" data-tags=\"{Wszystko} \"  ><p id='toggle-toggle-id-7' data-fake-id='#toggle-id-7' class='toggler  av-title-above '  itemprop=\"headline\"  role='tab' tabindex='0' aria-controls='toggle-id-7' data-slide-speed=\"200\" data-title=\"Czy mog\u0119 u\u017cywa\u0107 produkt\u00f3w Mycosan w trakcie ci\u0105\u017cy?\" data-title-open=\"\" data-aria_collapsed=\"Click to expand: Czy mog\u0119 u\u017cywa\u0107 produkt\u00f3w Mycosan w trakcie ci\u0105\u017cy?\" data-aria_expanded=\"Click to collapse: Czy mog\u0119 u\u017cywa\u0107 produkt\u00f3w Mycosan w trakcie ci\u0105\u017cy?\">Czy mog\u0119 u\u017cywa\u0107 produkt\u00f3w Mycosan w trakcie ci\u0105\u017cy?<span class=\"toggle_icon\"><span class=\"vert_icon\"><\/span><span class=\"hor_icon\"><\/span><\/span><\/p><div id='toggle-id-7' aria-labelledby='toggle-toggle-id-7' role='region' class='toggle_wrap  av-title-above'  ><div class='toggle_content invers-color '  itemprop=\"text\" ><p>Nie rekomenduje si\u0119 stosowania produkt\u00f3w Mycosan w trakcie ci\u0105\u017cy, chyba \u017ce lekarz zaleci inaczej. Stosowanie produkt\u00f3w Mycosan w okresie karmienia piersi\u0105 nie powinno stanowi\u0107 problemu.<\/p>\n<\/div><\/div><\/div><\/section>\n<\/div><\/p><\/div><div  class='flex_column av-av_one_full-2a9015ff38129c418a3f2eafba3e9512 av_one_full  avia-builder-el-6  el_after_av_three_fourth  avia-builder-el-last  first flex_column_div  column-top-margin'     ><p>\n<style type=\"text\/css\" data-created_by=\"avia_inline_auto\" id=\"style-css-av-av_heading-d8bd03952a914b3e0dd54c71d74df529\">\n#top .av-special-heading.av-av_heading-d8bd03952a914b3e0dd54c71d74df529{\npadding-bottom:10px;\n}\nbody .av-special-heading.av-av_heading-d8bd03952a914b3e0dd54c71d74df529 .av-special-heading-tag .heading-char{\nfont-size:25px;\n}\n.av-special-heading.av-av_heading-d8bd03952a914b3e0dd54c71d74df529 .av-subheading{\nfont-size:15px;\n}\n<\/style>\n<div  class='av-special-heading av-av_heading-d8bd03952a914b3e0dd54c71d74df529 av-special-heading-h3 blockquote modern-quote modern-centered  avia-builder-el-7  el_before_av_button  avia-builder-el-first '><h3 class='av-special-heading-tag '  itemprop=\"headline\"  >Masz pytania? <\/h3><div class=\"special-heading-border\"><div class=\"special-heading-inner-border\"><\/div><\/div><\/div><br \/>\n<div  class='avia-button-wrap av-av_button-b2372d4d811194851f8d2eb7c239f874-wrap avia-button-center  avia-builder-el-8  el_after_av_heading  avia-builder-el-last '><a href='https:\/\/www.mycosan.com\/pl\/kontakt\/'  class='avia-button av-av_button-b2372d4d811194851f8d2eb7c239f874 av-link-btn avia-icon_select-no avia-size-large avia-position-center avia-color-blue'   aria-label=\"Skontaktuj si\u0119 z nami\"><span class='avia_iconbox_title' >Skontaktuj si\u0119 z nami<\/span><\/a><\/div><\/p><\/div><\/p>\n","protected":false},"excerpt":{"rendered":"","protected":false},"author":1,"featured_media":0,"parent":0,"menu_order":80,"comment_status":"closed","ping_status":"closed","template":"","meta":{"_acf_changed":false,"footnotes":""},"page_type":[],"class_list":["post-4017","page","type-page","status-publish","hentry"],"acf":[],"yoast_head":"<!-- This site is optimized with the Yoast SEO plugin v26.9 - https:\/\/yoast.com\/product\/yoast-seo-wordpress\/ -->\n<title>FAQ - Mycosan<\/title>\n<meta name=\"description\" content=\"Staat u vraag over Mycosan of haar producten er niet tussen? Neem dan contact met ons op via het contactformulier.\" \/>\n<meta name=\"robots\" content=\"index, follow, max-snippet:-1, max-image-preview:large, max-video-preview:-1\" \/>\n<link rel=\"canonical\" href=\"https:\/\/www.mycosan.com\/pl\/faq\/\" \/>\n<meta property=\"og:locale\" content=\"pl_PL\" \/>\n<meta property=\"og:type\" content=\"article\" \/>\n<meta property=\"og:title\" content=\"FAQ - Mycosan\" \/>\n<meta property=\"og:description\" content=\"Staat u vraag over Mycosan of haar producten er niet tussen? Neem dan contact met ons op via het contactformulier.\" \/>\n<meta property=\"og:url\" content=\"https:\/\/www.mycosan.com\/pl\/faq\/\" \/>\n<meta property=\"og:site_name\" content=\"Mycosan Grzybica Paznokci\" \/>\n<meta property=\"article:modified_time\" content=\"2020-12-09T09:41:55+00:00\" \/>\n<meta name=\"twitter:card\" content=\"summary_large_image\" \/>\n<meta name=\"twitter:label1\" content=\"Est. reading time\" \/>\n\t<meta name=\"twitter:data1\" content=\"5 minutes\" \/>\n<script type=\"application\/ld+json\" class=\"yoast-schema-graph\">{\"@context\":\"https:\/\/schema.org\",\"@graph\":[{\"@type\":\"WebPage\",\"@id\":\"https:\/\/www.mycosan.com\/pl\/faq\/\",\"url\":\"https:\/\/www.mycosan.com\/pl\/faq\/\",\"name\":\"FAQ - Mycosan\",\"isPartOf\":{\"@id\":\"https:\/\/www.mycosan.com\/pl\/#website\"},\"datePublished\":\"2015-01-08T15:18:09+00:00\",\"dateModified\":\"2020-12-09T09:41:55+00:00\",\"description\":\"Staat u vraag over Mycosan of haar producten er niet tussen? Neem dan contact met ons op via het contactformulier.\",\"breadcrumb\":{\"@id\":\"https:\/\/www.mycosan.com\/pl\/faq\/#breadcrumb\"},\"inLanguage\":\"pl-PL\",\"potentialAction\":[{\"@type\":\"ReadAction\",\"target\":[\"https:\/\/www.mycosan.com\/pl\/faq\/\"]}]},{\"@type\":\"BreadcrumbList\",\"@id\":\"https:\/\/www.mycosan.com\/pl\/faq\/#breadcrumb\",\"itemListElement\":[{\"@type\":\"ListItem\",\"position\":1,\"name\":\"Home\",\"item\":\"https:\/\/www.mycosan.com\/pl\/\"},{\"@type\":\"ListItem\",\"position\":2,\"name\":\"FAQ\"}]},{\"@type\":\"WebSite\",\"@id\":\"https:\/\/www.mycosan.com\/pl\/#website\",\"url\":\"https:\/\/www.mycosan.com\/pl\/\",\"name\":\"Mycosan \u2013 Preparat na grzybice\u0328 sto\u0301p i paznokci\",\"description\":\"\",\"publisher\":{\"@id\":\"https:\/\/www.mycosan.com\/pl\/#organization\"},\"potentialAction\":[{\"@type\":\"SearchAction\",\"target\":{\"@type\":\"EntryPoint\",\"urlTemplate\":\"https:\/\/www.mycosan.com\/pl\/?s={search_term_string}\"},\"query-input\":{\"@type\":\"PropertyValueSpecification\",\"valueRequired\":true,\"valueName\":\"search_term_string\"}}],\"inLanguage\":\"pl-PL\"},{\"@type\":\"Organization\",\"@id\":\"https:\/\/www.mycosan.com\/pl\/#organization\",\"name\":\"Mycosan\",\"url\":\"https:\/\/www.mycosan.com\/pl\/\",\"logo\":{\"@type\":\"ImageObject\",\"inLanguage\":\"pl-PL\",\"@id\":\"https:\/\/www.mycosan.com\/pl\/#\/schema\/logo\/image\/\",\"url\":\"https:\/\/www.mycosan.com\/pl\/files\/2018\/05\/MycosanLogo_WhitePurple_CMYK_20150212.png\",\"contentUrl\":\"https:\/\/www.mycosan.com\/pl\/files\/2018\/05\/MycosanLogo_WhitePurple_CMYK_20150212.png\",\"width\":900,\"height\":409,\"caption\":\"Mycosan\"},\"image\":{\"@id\":\"https:\/\/www.mycosan.com\/pl\/#\/schema\/logo\/image\/\"}}]}<\/script>\n<!-- \/ Yoast SEO plugin. -->","yoast_head_json":{"title":"FAQ - Mycosan","description":"Staat u vraag over Mycosan of haar producten er niet tussen? Neem dan contact met ons op via het contactformulier.","robots":{"index":"index","follow":"follow","max-snippet":"max-snippet:-1","max-image-preview":"max-image-preview:large","max-video-preview":"max-video-preview:-1"},"canonical":"https:\/\/www.mycosan.com\/pl\/faq\/","og_locale":"pl_PL","og_type":"article","og_title":"FAQ - Mycosan","og_description":"Staat u vraag over Mycosan of haar producten er niet tussen? Neem dan contact met ons op via het contactformulier.","og_url":"https:\/\/www.mycosan.com\/pl\/faq\/","og_site_name":"Mycosan Grzybica Paznokci","article_modified_time":"2020-12-09T09:41:55+00:00","twitter_card":"summary_large_image","twitter_misc":{"Est. reading time":"5 minutes"},"schema":{"@context":"https:\/\/schema.org","@graph":[{"@type":"WebPage","@id":"https:\/\/www.mycosan.com\/pl\/faq\/","url":"https:\/\/www.mycosan.com\/pl\/faq\/","name":"FAQ - Mycosan","isPartOf":{"@id":"https:\/\/www.mycosan.com\/pl\/#website"},"datePublished":"2015-01-08T15:18:09+00:00","dateModified":"2020-12-09T09:41:55+00:00","description":"Staat u vraag over Mycosan of haar producten er niet tussen? Neem dan contact met ons op via het contactformulier.","breadcrumb":{"@id":"https:\/\/www.mycosan.com\/pl\/faq\/#breadcrumb"},"inLanguage":"pl-PL","potentialAction":[{"@type":"ReadAction","target":["https:\/\/www.mycosan.com\/pl\/faq\/"]}]},{"@type":"BreadcrumbList","@id":"https:\/\/www.mycosan.com\/pl\/faq\/#breadcrumb","itemListElement":[{"@type":"ListItem","position":1,"name":"Home","item":"https:\/\/www.mycosan.com\/pl\/"},{"@type":"ListItem","position":2,"name":"FAQ"}]},{"@type":"WebSite","@id":"https:\/\/www.mycosan.com\/pl\/#website","url":"https:\/\/www.mycosan.com\/pl\/","name":"Mycosan \u2013 Preparat na grzybice\u0328 sto\u0301p i paznokci","description":"","publisher":{"@id":"https:\/\/www.mycosan.com\/pl\/#organization"},"potentialAction":[{"@type":"SearchAction","target":{"@type":"EntryPoint","urlTemplate":"https:\/\/www.mycosan.com\/pl\/?s={search_term_string}"},"query-input":{"@type":"PropertyValueSpecification","valueRequired":true,"valueName":"search_term_string"}}],"inLanguage":"pl-PL"},{"@type":"Organization","@id":"https:\/\/www.mycosan.com\/pl\/#organization","name":"Mycosan","url":"https:\/\/www.mycosan.com\/pl\/","logo":{"@type":"ImageObject","inLanguage":"pl-PL","@id":"https:\/\/www.mycosan.com\/pl\/#\/schema\/logo\/image\/","url":"https:\/\/www.mycosan.com\/pl\/files\/2018\/05\/MycosanLogo_WhitePurple_CMYK_20150212.png","contentUrl":"https:\/\/www.mycosan.com\/pl\/files\/2018\/05\/MycosanLogo_WhitePurple_CMYK_20150212.png","width":900,"height":409,"caption":"Mycosan"},"image":{"@id":"https:\/\/www.mycosan.com\/pl\/#\/schema\/logo\/image\/"}}]}},"_links":{"self":[{"href":"https:\/\/www.mycosan.com\/pl\/wp-json\/wp\/v2\/pages\/4017","targetHints":{"allow":["GET"]}}],"collection":[{"href":"https:\/\/www.mycosan.com\/pl\/wp-json\/wp\/v2\/pages"}],"about":[{"href":"https:\/\/www.mycosan.com\/pl\/wp-json\/wp\/v2\/types\/page"}],"author":[{"embeddable":true,"href":"https:\/\/www.mycosan.com\/pl\/wp-json\/wp\/v2\/users\/1"}],"replies":[{"embeddable":true,"href":"https:\/\/www.mycosan.com\/pl\/wp-json\/wp\/v2\/comments?post=4017"}],"version-history":[{"count":0,"href":"https:\/\/www.mycosan.com\/pl\/wp-json\/wp\/v2\/pages\/4017\/revisions"}],"wp:attachment":[{"href":"https:\/\/www.mycosan.com\/pl\/wp-json\/wp\/v2\/media?parent=4017"}],"wp:term":[{"taxonomy":"page_type","embeddable":true,"href":"https:\/\/www.mycosan.com\/pl\/wp-json\/wp\/v2\/page_type?post=4017"}],"curies":[{"name":"wp","href":"https:\/\/api.w.org\/{rel}","templated":true}]}}