{"id":4009,"date":"2015-01-08T16:03:01","date_gmt":"2015-01-08T15:03:01","guid":{"rendered":"https:\/\/www.mycosan.com\/nl\/?page_id=4009"},"modified":"2020-12-09T11:41:54","modified_gmt":"2020-12-09T09:41:54","slug":"dlaczego-mycosan","status":"publish","type":"page","link":"https:\/\/www.mycosan.com\/pl\/dlaczego-mycosan\/","title":{"rendered":"Dlaczego Mycosan"},"content":{"rendered":"<div id='content_wrap'  class='avia-section av-av_section-fc376499931c4f9989cbead7f124c63b main_color avia-section-default avia-no-shadow  avia-builder-el-0  el_before_av_section  avia-builder-el-first  avia-bg-style-scroll container_wrap sidebar_right'  ><div class='container av-section-cont-open' ><main  role=\"main\" itemprop=\"mainContentOfPage\"  class='template-page content  av-content-small alpha units'><div class='post-entry post-entry-type-page post-entry-4009'><div class='entry-content-wrapper clearfix'>\n<div  class='flex_column av-av_one_fourth-2a9015ff38129c418a3f2eafba3e9512 av_one_fourth  avia-builder-el-1  el_before_av_three_fourth  avia-builder-el-first  first flex_column_div  '     ><style type=\"text\/css\" data-created_by=\"avia_inline_auto\" id=\"style-css-av-av_image-0f1c09d381df5c4251c784a5e4c6dd92\">\n.avia-image-container.av-av_image-0f1c09d381df5c4251c784a5e4c6dd92 img.avia_image{\nbox-shadow:none;\n}\n.avia-image-container.av-av_image-0f1c09d381df5c4251c784a5e4c6dd92 .av-image-caption-overlay-center{\ncolor:#ffffff;\n}\n<\/style>\n<div  class='avia-image-container av-av_image-0f1c09d381df5c4251c784a5e4c6dd92 av-styling- avia_animated_image av-animated-when-visible-95 left-to-right avia-align-center  avia-builder-el-2  avia-builder-el-no-sibling '   itemprop=\"image\" itemscope=\"itemscope\" itemtype=\"https:\/\/schema.org\/ImageObject\" ><div class=\"avia-image-container-inner\"><div class=\"avia-image-overlay-wrap\"><img decoding=\"async\" fetchpriority=\"high\" class='wp-image-9923 avia-img-lazy-loading-not-9923 avia_image ' src=\"https:\/\/www.mycosan.com\/pl\/files\/2015\/01\/complet_mycosan_stary-300x214.png\" alt='' title='complet_mycosan_stary'  height=\"214\" width=\"300\"  itemprop=\"thumbnailUrl\" srcset=\"https:\/\/www.mycosan.com\/pl\/files\/2015\/01\/complet_mycosan_stary-300x214.png 300w, https:\/\/www.mycosan.com\/pl\/files\/2015\/01\/complet_mycosan_stary-260x185.png 260w, https:\/\/www.mycosan.com\/pl\/files\/2015\/01\/complet_mycosan_stary-450x321.png 450w, https:\/\/www.mycosan.com\/pl\/files\/2015\/01\/complet_mycosan_stary.png 700w\" sizes=\"(max-width: 300px) 100vw, 300px\" \/><\/div><\/div><\/div><\/div>\n<style type=\"text\/css\" data-created_by=\"avia_inline_auto\" id=\"style-css-av-av_three_fourth-9c1d454dc06f7247226bc4e8f931daae\">\n.flex_column.av-av_three_fourth-9c1d454dc06f7247226bc4e8f931daae{\nborder-radius:0px 0px 0px 0px;\npadding:0px 0px 0px 0px;\n}\n<\/style>\n<div  class='flex_column av-av_three_fourth-9c1d454dc06f7247226bc4e8f931daae av_three_fourth  avia-builder-el-3  el_after_av_one_fourth  avia-builder-el-last  flex_column_div av-zero-column-padding  '     ><style type=\"text\/css\" data-created_by=\"avia_inline_auto\" id=\"style-css-av-av_textblock-176f38f22d4d7398d795c12a0b116ead\">\n#top .av_textblock_section.av-av_textblock-176f38f22d4d7398d795c12a0b116ead .avia_textblock{\ncolor:#502b7d;\n}\n<\/style>\n<section  class='av_textblock_section av-av_textblock-176f38f22d4d7398d795c12a0b116ead '   itemscope=\"itemscope\" itemtype=\"https:\/\/schema.org\/CreativeWork\" ><div class='avia_textblock av_inherit_color'  itemprop=\"text\" ><h1>Dlaczego warto jest zastosowa\u0107 Mycosan ?<\/h1>\n<\/div><\/section><br \/>\n<div  class='hr av-av_hr-adc270ec1caa4c007d35a76dc806dd8e hr-default  avia-builder-el-5  el_after_av_textblock  el_before_av_textblock '><span class='hr-inner '><span class=\"hr-inner-style\"><\/span><\/span><\/div><br \/>\n<section  class='av_textblock_section av-av_textblock-0366cc7376be6c9e82a3e9cc8987b64f '   itemscope=\"itemscope\" itemtype=\"https:\/\/schema.org\/CreativeWork\" ><div class='avia_textblock'  itemprop=\"text\" ><p><strong>Mycosan to marka obejmuj\u0105ca wyroby medyczne przeznaczone do leczenia grzybicy st\u00f3p i paznokci oraz zabezpieczaj\u0105ce przed infekcjami grzybiczymi i nawrotem grzybicy.<\/strong><\/p>\n<h5>1. Potwierdzona skuteczno\u015b\u0107<\/h5>\n<p>Celowane dzia\u0142anie Mycosan Grzybica Paznokci zatrzymuje rozw\u00f3j najcz\u0119\u015bciej wyst\u0119puj\u0105cych grzyb\u00f3w, kt\u00f3re odpowiadaj\u0105 za grzybic\u0119 paznokci. Efektywno\u015b\u0107 dzia\u0142ania wyrobu medycznego Mycosan Grzybica Paznokci, na najcz\u0119\u015bciej wyst\u0119puj\u0105ce grzyby powoduj\u0105ce grzybic\u0119 paznokci, zosta\u0142a dowiedziona w badaniach. Higieniczna i \u0142atwa w u\u017cyciu tubka z p\u0119dzelkiem dociera do grzyb\u00f3w wyst\u0119puj\u0105cych dooko\u0142a i pod paznokciem, w celu uzyskania optymalnych rezultat\u00f3w.<\/p>\n<h5>2. Szybkie i widoczne rezultaty*<\/h5>\n<p>Leczenie grzybicy paznokci jest d\u0142ugotrwa\u0142ym procesem, ale my chcemy widzie\u0107 szybkie rezultaty. Badania dowodz\u0105, \u017ce Mycosan Grzybica Paznokci,\u00a0 daje rezultaty ju\u017c po dw\u00f3ch tygodniach od regularnego stosowania. 92% u\u017cytkownik\u00f3w badania konsumenckiego zauwa\u017cy\u0142o wyra\u017an\u0105 popraw\u0119 powierzchni paznokcia w ci\u0105gu dw\u00f3ch tygodni.<\/p>\n<h5>3. Higieniczna aplikacja<\/h5>\n<p>Wyroby medyczne Mycosan Grzybica Paznokci i Mycosan Leczenie Grzybicy St\u00f3p, zosta\u0142y zaprojektowane w spos\u00f3b umo\u017cliwiaj\u0105cy \u0142atwe i higieniczne dotarcie do wszystkich zainfekowanych obszar\u00f3w st\u00f3p i paznokci, za pomoc\u0105 szerokiego p\u0119dzelka. Bez konieczno\u015bci dotykania!<\/p>\n<h5>4. Kompleksowe leczenie<\/h5>\n<p>Mycosan oferuje kompletne rozwi\u0105zanie dla leczenia grzybicy st\u00f3p i paznokci.<\/p>\n<p>Linia Mycosan obejmuje \u0142atwe w stosowaniu wyroby medyczne o efektywnym i potwierdzonym dzia\u0142aniu, kt\u00f3re lecz\u0105 infekcje grzybicze st\u00f3p i paznokci oraz zapobiegaj\u0105 ponownym zaka\u017ceniom.<\/p>\n<h5>5. Stopy wolne od grzybicy!<\/h5>\n<p>Nasze stopy s\u0105 wa\u017cne we wszystkim, co robimy ka\u017cdego dnia, ale cz\u0119sto o nich zapominamy. Mycosan Leczenie Grzybicy St\u00f3p zapewnia efektywne, higieniczne i szybkie rozwi\u0105zanie w infekcji grzybiczej sk\u00f3ry st\u00f3p.<\/p>\n<\/div><\/section><\/p><\/div><\/div><\/div><\/main><!-- close content main element --><\/div><\/div><div id='content_wrap'  class='avia-section av-av_section-f769a8dc2e8da68ac6a66469208d7f12 main_color avia-section-default avia-shadow  avia-builder-el-7  el_after_av_section  el_before_av_section  avia-bg-style-scroll container_wrap sidebar_right'  ><div class='container av-section-cont-open' ><div class='template-page content  av-content-small alpha units'><div class='post-entry post-entry-type-page post-entry-4009'><div class='entry-content-wrapper clearfix'>\n<div  class='flex_column av-av_one_fourth-2a9015ff38129c418a3f2eafba3e9512 av_one_fourth  avia-builder-el-8  el_before_av_three_fourth  avia-builder-el-first  first flex_column_div  '     ><style type=\"text\/css\" data-created_by=\"avia_inline_auto\" id=\"style-css-av-av_image-d0750d8f7c70bcb2414f334f5f64c44c\">\n.avia-image-container.av-av_image-d0750d8f7c70bcb2414f334f5f64c44c img.avia_image{\nbox-shadow:none;\n}\n.avia-image-container.av-av_image-d0750d8f7c70bcb2414f334f5f64c44c .av-image-caption-overlay-center{\ncolor:#ffffff;\n}\n<\/style>\n<div  class='avia-image-container av-av_image-d0750d8f7c70bcb2414f334f5f64c44c av-styling- avia_animated_image av-animated-when-visible-95 left-to-right avia-align-center  avia-builder-el-9  avia-builder-el-no-sibling '   itemprop=\"image\" itemscope=\"itemscope\" itemtype=\"https:\/\/schema.org\/ImageObject\" ><div class=\"avia-image-container-inner\"><div class=\"avia-image-overlay-wrap\"><img decoding=\"async\" fetchpriority=\"high\" class='wp-image- avia-img-lazy-loading-not- avia_image ' src=\"https:\/\/www.mycosan.com\/nl\/files\/2015\/03\/MycosanLogo_WhitePurple_CMYK_20150212-300x136.png\" alt='' title=''   itemprop=\"thumbnailUrl\"  \/><\/div><\/div><\/div><\/div>\n<style type=\"text\/css\" data-created_by=\"avia_inline_auto\" id=\"style-css-av-av_three_fourth-9c1d454dc06f7247226bc4e8f931daae\">\n.flex_column.av-av_three_fourth-9c1d454dc06f7247226bc4e8f931daae{\nborder-radius:0px 0px 0px 0px;\npadding:0px 0px 0px 0px;\n}\n<\/style>\n<div  class='flex_column av-av_three_fourth-9c1d454dc06f7247226bc4e8f931daae av_three_fourth  avia-builder-el-10  el_after_av_one_fourth  avia-builder-el-last  flex_column_div av-zero-column-padding  '     ><style type=\"text\/css\" data-created_by=\"avia_inline_auto\" id=\"style-css-av-av_textblock-176f38f22d4d7398d795c12a0b116ead\">\n#top .av_textblock_section.av-av_textblock-176f38f22d4d7398d795c12a0b116ead .avia_textblock{\ncolor:#502b7d;\n}\n<\/style>\n<section  class='av_textblock_section av-av_textblock-176f38f22d4d7398d795c12a0b116ead '   itemscope=\"itemscope\" itemtype=\"https:\/\/schema.org\/CreativeWork\" ><div class='avia_textblock av_inherit_color'  itemprop=\"text\" ><h1>Mycosan<\/h1>\n<\/div><\/section><br \/>\n<div  class='hr av-av_hr-adc270ec1caa4c007d35a76dc806dd8e hr-default  avia-builder-el-12  el_after_av_textblock  el_before_av_textblock '><span class='hr-inner '><span class=\"hr-inner-style\"><\/span><\/span><\/div><br \/>\n<section  class='av_textblock_section av-av_textblock-0366cc7376be6c9e82a3e9cc8987b64f '   itemscope=\"itemscope\" itemtype=\"https:\/\/schema.org\/CreativeWork\" ><div class='avia_textblock'  itemprop=\"text\" ><p>Zwalcza i zapobiega grzybicy st\u00f3p oraz paznokci. Wykazuje aktywno\u015b\u0107 od pierwszego zastosowania. Zatrzymuje rozw\u00f3j najcz\u0119\u015bciej wyst\u0119puj\u0105cych grzyb\u00f3w, kt\u00f3re odpowiadaj\u0105 za infekcje grzybicze sk\u00f3ry st\u00f3p i paznokci.<\/p>\n<p>Mycosan to proste i szybkie rozwi\u0105zanie.* Mycosan mo\u017ce by\u0107 stosowany przez osoby chore na cukrzyc\u0119 (diabetyk\u00f3w), dzieci od 4 roku \u017cycia i starsze.<\/p>\n<h6>*92% uczestnik\u00f3w badania konsumenckiego przeprowadzonego w 2011 roku, zauwa\u017cono zdecydowan\u0105 popraw\u0119 powierzchni paznokcia, po dw\u00f3ch tygodniach stosowania produktu Mycosan Grzybica Paznokci<\/h6>\n<\/div><\/section><br \/>\n<div  class='hr av-av_hr-adc270ec1caa4c007d35a76dc806dd8e hr-default  avia-builder-el-14  el_after_av_textblock  el_before_av_button '><span class='hr-inner '><span class=\"hr-inner-style\"><\/span><\/span><\/div><br \/>\n<div  class='avia-button-wrap av-av_button-c1282d46a2d26b454a246d9517c0947c-wrap avia-button-left  avia-builder-el-15  el_after_av_hr  avia-builder-el-last '><a href='https:\/\/www.mycosan.com\/pl\/dlaczego-mycosan\/czym-jest-mycosan\/'  class='avia-button av-av_button-c1282d46a2d26b454a246d9517c0947c av-link-btn avia-icon_select-no avia-size-large avia-position-left avia-color-blue'   aria-label=\"Wi\u0119cej o MYCOSAN\"><span class='avia_iconbox_title' >Wi\u0119cej o MYCOSAN<\/span><\/a><\/div><\/p><\/div>\n<\/p>\n<\/div><\/div><\/div><!-- close content main div --><\/div><\/div><div id='box_shadow'  class='avia-section av-av_section-c1b66236f827c11b12d78e3f5bd63f00 alternate_color avia-section-no-padding avia-no-border-styling  avia-builder-el-16  el_after_av_section  el_before_av_section  avia-bg-style-scroll av-minimum-height av-minimum-height-custom av-height-custom  container_wrap sidebar_right'   data-av_minimum_height_px='50'><div class='container av-section-cont-open' style='height:50px'><div class='template-page content  av-content-small alpha units'><div class='post-entry post-entry-type-page post-entry-4009'><div class='entry-content-wrapper clearfix'>\n<div  class='flex_column av-av_three_fifth-2a9015ff38129c418a3f2eafba3e9512 av_three_fifth  avia-builder-el-17  el_before_av_one_fifth  avia-builder-el-first  first flex_column_div  '     ><\/div>\n<style type=\"text\/css\" data-created_by=\"avia_inline_auto\" id=\"style-css-av-av_one_fifth-9c1d454dc06f7247226bc4e8f931daae\">\n.flex_column.av-av_one_fifth-9c1d454dc06f7247226bc4e8f931daae{\nborder-radius:0px 0px 0px 0px;\npadding:0px 0px 0px 0px;\n}\n<\/style>\n<div  class='flex_column av-av_one_fifth-9c1d454dc06f7247226bc4e8f931daae av_one_fifth  avia-builder-el-19  el_after_av_three_fifth  el_before_av_one_fifth  flex_column_div av-zero-column-padding  '     ><\/div>\n<style type=\"text\/css\" data-created_by=\"avia_inline_auto\" id=\"style-css-av-av_one_fifth-9c1d454dc06f7247226bc4e8f931daae\">\n.flex_column.av-av_one_fifth-9c1d454dc06f7247226bc4e8f931daae{\nborder-radius:0px 0px 0px 0px;\npadding:0px 0px 0px 0px;\n}\n<\/style>\n<div  class='flex_column av-av_one_fifth-9c1d454dc06f7247226bc4e8f931daae av_one_fifth  avia-builder-el-20  el_after_av_one_fifth  avia-builder-el-last  flex_column_div av-zero-column-padding  '     ><\/div>\n\n<\/div><\/div><\/div><!-- close content main div --><\/div><\/div><div id='content_bottom'  class='avia-section av-av_section-8390100c99685c1552fd8c8d7ceec6b5 main_color avia-section-default avia-shadow  avia-builder-el-21  el_after_av_section  avia-builder-el-last  avia-bg-style-scroll container_wrap sidebar_right'  ><div class='container av-section-cont-open' ><div class='template-page content  av-content-small alpha units'><div class='post-entry post-entry-type-page post-entry-4009'><div class='entry-content-wrapper clearfix'>\n\n<style type=\"text\/css\" data-created_by=\"avia_inline_auto\" id=\"style-css-av-av_two_third-367587950b69008fa9f88d3cd96275bf\">\n.flex_column.av-av_two_third-367587950b69008fa9f88d3cd96275bf{\nborder-radius:0px 0px 0px 0px;\npadding:0 0 50px 0;\n}\n<\/style>\n<div  class='flex_column av-av_two_third-367587950b69008fa9f88d3cd96275bf av_two_third  avia-builder-el-22  el_before_av_one_third  avia-builder-el-first  first flex_column_div  '     ><p>\n<style type=\"text\/css\" data-created_by=\"avia_inline_auto\" id=\"style-css-av-av_heading-f4a4bb101d4517cb8e26da1dc44291d3\">\n#top .av-special-heading.av-av_heading-f4a4bb101d4517cb8e26da1dc44291d3{\npadding-bottom:10px;\ncolor:#56327f;\n}\nbody .av-special-heading.av-av_heading-f4a4bb101d4517cb8e26da1dc44291d3 .av-special-heading-tag .heading-char{\nfont-size:25px;\n}\n.av-special-heading.av-av_heading-f4a4bb101d4517cb8e26da1dc44291d3 .special-heading-inner-border{\nborder-color:#56327f;\n}\n.av-special-heading.av-av_heading-f4a4bb101d4517cb8e26da1dc44291d3 .av-subheading{\nfont-size:15px;\n}\n<\/style>\n<div  class='av-special-heading av-av_heading-f4a4bb101d4517cb8e26da1dc44291d3 av-special-heading-h3 custom-color-heading blockquote modern-quote modern-centered  avia-builder-el-23  el_before_av_heading  avia-builder-el-first '><h3 class='av-special-heading-tag '  itemprop=\"headline\"  >PRODUKTY MYCOSAN<\/h3><div class=\"special-heading-border\"><div class=\"special-heading-inner-border\"><\/div><\/div><\/div><br \/>\n<br \/>\n<div  class='avia-builder-widget-area clearfix  avia-builder-el-25  el_after_av_heading  el_before_av_sidebar '><div id=\"media_image-2\" class=\"widget clearfix widget_media_image\"><img loading=\"lazy\" decoding=\"async\" width=\"199\" height=\"300\" src=\"https:\/\/www.mycosan.com\/pl\/files\/2017\/04\/mycosan_grzybica-paznokci-199x300.png\" class=\"image wp-image-9810  attachment-medium size-medium\" alt=\"Mycosan \u2013 Preparat na grzybic\u0119 paznokci\" style=\"max-width: 100%; height: auto;\" srcset=\"https:\/\/www.mycosan.com\/pl\/files\/2017\/04\/mycosan_grzybica-paznokci-199x300.png 199w, https:\/\/www.mycosan.com\/pl\/files\/2017\/04\/mycosan_grzybica-paznokci.png 398w\" sizes=\"auto, (max-width: 199px) 100vw, 199px\" \/><\/div><div id=\"text-5\" class=\"widget clearfix widget_text\">\t\t\t<div class=\"textwidget\"><h4>Mycosan Grzybica Paznokci<\/h4>\n<p>Zwalcza i zapobiega grzybicy paznokci. Wykazuje aktywno\u015b\u0107 od pierwszego zastosowania.<\/p>\n<\/div>\n\t\t<\/div><div id=\"custom_html-5\" class=\"widget_text widget clearfix widget_custom_html\"><div class=\"textwidget custom-html-widget\"><div class=\"avia-button-wrap avia-button-left avia-builder-el-17 el_before_av_button avia-builder-el-first \"><a href=\"https:\/\/www.mycosan.com\/pl\/produkty\/grzybica-paznokci\/\" class=\"avia-button avia-icon_select-no avia-color-blue avia-size-small avia-position-left \"><span class=\"avia_iconbox_title\">Informacja o produkcje<\/span><br>\r\n<\/a><\/div><\/div><\/div><\/div><br \/>\n<div  class='avia-builder-widget-area clearfix  avia-builder-el-26  el_after_av_sidebar  avia-builder-el-last '><div id=\"media_image-3\" class=\"widget clearfix widget_media_image\"><img loading=\"lazy\" decoding=\"async\" width=\"133\" height=\"300\" src=\"https:\/\/www.mycosan.com\/pl\/files\/2017\/06\/stop3-133x300.png\" class=\"image wp-image-9847  attachment-medium size-medium\" alt=\"\" style=\"max-width: 100%; height: auto;\" \/><\/div><div id=\"text-4\" class=\"widget clearfix widget_text\">\t\t\t<div class=\"textwidget\"><h4>Mycosan Leczenie Grzybicy St\u00f3p<\/h4>\n<p>\u0141atwy w stosowaniu i wysoce skuteczny \u017cel do leczenia grzybicy st\u00f3p.<\/p>\n<\/div>\n\t\t<\/div><div id=\"custom_html-4\" class=\"widget_text widget clearfix widget_custom_html\"><div class=\"textwidget custom-html-widget\"><div class=\"avia-button-wrap avia-button-left avia-builder-el-17 el_before_av_button avia-builder-el-first \"><a href=\"https:\/\/www.mycosan.com\/pl\/produkty\/mycosan-leczenie-grzybicy-stop\/\" class=\"avia-button avia-icon_select-no avia-color-blue avia-size-small avia-position-left \"><span class=\"avia_iconbox_title\">Informacja o produkcje<\/span><br>\r\n<\/a><\/div><\/div><\/div><\/div><\/p><\/div>\n<style type=\"text\/css\" data-created_by=\"avia_inline_auto\" id=\"style-css-av-av_one_third-9c1d454dc06f7247226bc4e8f931daae\">\n.flex_column.av-av_one_third-9c1d454dc06f7247226bc4e8f931daae{\nborder-radius:0px 0px 0px 0px;\npadding:0px 0px 0px 0px;\n}\n<\/style>\n<div  class='flex_column av-av_one_third-9c1d454dc06f7247226bc4e8f931daae av_one_third  avia-builder-el-27  el_after_av_two_third  avia-builder-el-last  flex_column_div av-zero-column-padding  '     ><div  class='avia-builder-widget-area clearfix  avia-builder-el-28  avia-builder-el-no-sibling '><div id=\"media_image-5\" class=\"widget clearfix widget_media_image\"><h3 class=\"widgettitle\">STOPY WOLNE OD GRZYBICY<\/h3><img loading=\"lazy\" decoding=\"async\" width=\"200\" height=\"200\" src=\"https:\/\/www.mycosan.com\/pl\/files\/2015\/02\/mycosan_kalknagel-e1427974648364.png\" class=\"image wp-image-5169  attachment-full size-full\" alt=\"Mycosan Kalknagel\" style=\"max-width: 100%; height: auto;\" srcset=\"https:\/\/www.mycosan.com\/pl\/files\/2015\/02\/mycosan_kalknagel-e1427974648364.png 200w, https:\/\/www.mycosan.com\/pl\/files\/2015\/02\/mycosan_kalknagel-e1427974648364-150x150.png 150w\" sizes=\"auto, (max-width: 200px) 100vw, 200px\" \/><\/div><div id=\"text-6\" class=\"widget clearfix widget_text\">\t\t\t<div class=\"textwidget\"><p><span style=\"color: #fff\">MYCOSAN \u2013 linia produkt\u00f3w przeznaczonych do leczenia grzybicy st\u00f3p i paznokci oraz zabezpieczaj\u0105cych przed infekcjami grzybiczymi. Produkty marki Mycosan mog\u0105 by\u0107 stosowane przez osoby chore na cukrzyc\u0119<\/span><\/p>\n<\/div>\n\t\t<\/div><\/div><\/div>\n<\/div><\/div><\/div><!-- close content main div --><\/div><\/div><div id='after_section_4'  class='main_color av_default_container_wrap container_wrap sidebar_right'  ><div class='container av-section-cont-open' ><div class='template-page content  av-content-small alpha units'><div class='post-entry post-entry-type-page post-entry-4009'><div class='entry-content-wrapper clearfix'>\n","protected":false},"excerpt":{"rendered":"","protected":false},"author":1,"featured_media":0,"parent":0,"menu_order":1,"comment_status":"closed","ping_status":"closed","template":"","meta":{"_acf_changed":false,"footnotes":""},"page_type":[],"class_list":["post-4009","page","type-page","status-publish","hentry"],"acf":[],"yoast_head":"<!-- This site is optimized with the Yoast SEO plugin v26.9 - https:\/\/yoast.com\/product\/yoast-seo-wordpress\/ -->\n<title>Dlaczego Mycosan - Mycosan Grzybica Paznokci<\/title>\n<meta name=\"robots\" content=\"index, follow, max-snippet:-1, max-image-preview:large, max-video-preview:-1\" \/>\n<link rel=\"canonical\" href=\"https:\/\/www.mycosan.com\/pl\/dlaczego-mycosan\/\" \/>\n<meta property=\"og:locale\" content=\"pl_PL\" \/>\n<meta property=\"og:type\" content=\"article\" \/>\n<meta property=\"og:title\" content=\"Dlaczego Mycosan - Mycosan Grzybica Paznokci\" \/>\n<meta property=\"og:url\" content=\"https:\/\/www.mycosan.com\/pl\/dlaczego-mycosan\/\" \/>\n<meta property=\"og:site_name\" content=\"Mycosan Grzybica Paznokci\" \/>\n<meta property=\"article:modified_time\" content=\"2020-12-09T09:41:54+00:00\" \/>\n<meta name=\"twitter:card\" content=\"summary_large_image\" \/>\n<meta name=\"twitter:label1\" content=\"Est. reading time\" \/>\n\t<meta name=\"twitter:data1\" content=\"6 minutes\" \/>\n<script type=\"application\/ld+json\" class=\"yoast-schema-graph\">{\"@context\":\"https:\/\/schema.org\",\"@graph\":[{\"@type\":\"WebPage\",\"@id\":\"https:\/\/www.mycosan.com\/pl\/dlaczego-mycosan\/\",\"url\":\"https:\/\/www.mycosan.com\/pl\/dlaczego-mycosan\/\",\"name\":\"Dlaczego Mycosan - Mycosan Grzybica Paznokci\",\"isPartOf\":{\"@id\":\"https:\/\/www.mycosan.com\/pl\/#website\"},\"datePublished\":\"2015-01-08T15:03:01+00:00\",\"dateModified\":\"2020-12-09T09:41:54+00:00\",\"breadcrumb\":{\"@id\":\"https:\/\/www.mycosan.com\/pl\/dlaczego-mycosan\/#breadcrumb\"},\"inLanguage\":\"pl-PL\",\"potentialAction\":[{\"@type\":\"ReadAction\",\"target\":[\"https:\/\/www.mycosan.com\/pl\/dlaczego-mycosan\/\"]}]},{\"@type\":\"BreadcrumbList\",\"@id\":\"https:\/\/www.mycosan.com\/pl\/dlaczego-mycosan\/#breadcrumb\",\"itemListElement\":[{\"@type\":\"ListItem\",\"position\":1,\"name\":\"Home\",\"item\":\"https:\/\/www.mycosan.com\/pl\/\"},{\"@type\":\"ListItem\",\"position\":2,\"name\":\"Dlaczego Mycosan\"}]},{\"@type\":\"WebSite\",\"@id\":\"https:\/\/www.mycosan.com\/pl\/#website\",\"url\":\"https:\/\/www.mycosan.com\/pl\/\",\"name\":\"Mycosan \u2013 Preparat na grzybice\u0328 sto\u0301p i paznokci\",\"description\":\"\",\"publisher\":{\"@id\":\"https:\/\/www.mycosan.com\/pl\/#organization\"},\"potentialAction\":[{\"@type\":\"SearchAction\",\"target\":{\"@type\":\"EntryPoint\",\"urlTemplate\":\"https:\/\/www.mycosan.com\/pl\/?s={search_term_string}\"},\"query-input\":{\"@type\":\"PropertyValueSpecification\",\"valueRequired\":true,\"valueName\":\"search_term_string\"}}],\"inLanguage\":\"pl-PL\"},{\"@type\":\"Organization\",\"@id\":\"https:\/\/www.mycosan.com\/pl\/#organization\",\"name\":\"Mycosan\",\"url\":\"https:\/\/www.mycosan.com\/pl\/\",\"logo\":{\"@type\":\"ImageObject\",\"inLanguage\":\"pl-PL\",\"@id\":\"https:\/\/www.mycosan.com\/pl\/#\/schema\/logo\/image\/\",\"url\":\"https:\/\/www.mycosan.com\/pl\/files\/2018\/05\/MycosanLogo_WhitePurple_CMYK_20150212.png\",\"contentUrl\":\"https:\/\/www.mycosan.com\/pl\/files\/2018\/05\/MycosanLogo_WhitePurple_CMYK_20150212.png\",\"width\":900,\"height\":409,\"caption\":\"Mycosan\"},\"image\":{\"@id\":\"https:\/\/www.mycosan.com\/pl\/#\/schema\/logo\/image\/\"}}]}<\/script>\n<!-- \/ Yoast SEO plugin. -->","yoast_head_json":{"title":"Dlaczego Mycosan - Mycosan Grzybica Paznokci","robots":{"index":"index","follow":"follow","max-snippet":"max-snippet:-1","max-image-preview":"max-image-preview:large","max-video-preview":"max-video-preview:-1"},"canonical":"https:\/\/www.mycosan.com\/pl\/dlaczego-mycosan\/","og_locale":"pl_PL","og_type":"article","og_title":"Dlaczego Mycosan - Mycosan Grzybica Paznokci","og_url":"https:\/\/www.mycosan.com\/pl\/dlaczego-mycosan\/","og_site_name":"Mycosan Grzybica Paznokci","article_modified_time":"2020-12-09T09:41:54+00:00","twitter_card":"summary_large_image","twitter_misc":{"Est. reading time":"6 minutes"},"schema":{"@context":"https:\/\/schema.org","@graph":[{"@type":"WebPage","@id":"https:\/\/www.mycosan.com\/pl\/dlaczego-mycosan\/","url":"https:\/\/www.mycosan.com\/pl\/dlaczego-mycosan\/","name":"Dlaczego Mycosan - Mycosan Grzybica Paznokci","isPartOf":{"@id":"https:\/\/www.mycosan.com\/pl\/#website"},"datePublished":"2015-01-08T15:03:01+00:00","dateModified":"2020-12-09T09:41:54+00:00","breadcrumb":{"@id":"https:\/\/www.mycosan.com\/pl\/dlaczego-mycosan\/#breadcrumb"},"inLanguage":"pl-PL","potentialAction":[{"@type":"ReadAction","target":["https:\/\/www.mycosan.com\/pl\/dlaczego-mycosan\/"]}]},{"@type":"BreadcrumbList","@id":"https:\/\/www.mycosan.com\/pl\/dlaczego-mycosan\/#breadcrumb","itemListElement":[{"@type":"ListItem","position":1,"name":"Home","item":"https:\/\/www.mycosan.com\/pl\/"},{"@type":"ListItem","position":2,"name":"Dlaczego Mycosan"}]},{"@type":"WebSite","@id":"https:\/\/www.mycosan.com\/pl\/#website","url":"https:\/\/www.mycosan.com\/pl\/","name":"Mycosan \u2013 Preparat na grzybice\u0328 sto\u0301p i paznokci","description":"","publisher":{"@id":"https:\/\/www.mycosan.com\/pl\/#organization"},"potentialAction":[{"@type":"SearchAction","target":{"@type":"EntryPoint","urlTemplate":"https:\/\/www.mycosan.com\/pl\/?s={search_term_string}"},"query-input":{"@type":"PropertyValueSpecification","valueRequired":true,"valueName":"search_term_string"}}],"inLanguage":"pl-PL"},{"@type":"Organization","@id":"https:\/\/www.mycosan.com\/pl\/#organization","name":"Mycosan","url":"https:\/\/www.mycosan.com\/pl\/","logo":{"@type":"ImageObject","inLanguage":"pl-PL","@id":"https:\/\/www.mycosan.com\/pl\/#\/schema\/logo\/image\/","url":"https:\/\/www.mycosan.com\/pl\/files\/2018\/05\/MycosanLogo_WhitePurple_CMYK_20150212.png","contentUrl":"https:\/\/www.mycosan.com\/pl\/files\/2018\/05\/MycosanLogo_WhitePurple_CMYK_20150212.png","width":900,"height":409,"caption":"Mycosan"},"image":{"@id":"https:\/\/www.mycosan.com\/pl\/#\/schema\/logo\/image\/"}}]}},"_links":{"self":[{"href":"https:\/\/www.mycosan.com\/pl\/wp-json\/wp\/v2\/pages\/4009","targetHints":{"allow":["GET"]}}],"collection":[{"href":"https:\/\/www.mycosan.com\/pl\/wp-json\/wp\/v2\/pages"}],"about":[{"href":"https:\/\/www.mycosan.com\/pl\/wp-json\/wp\/v2\/types\/page"}],"author":[{"embeddable":true,"href":"https:\/\/www.mycosan.com\/pl\/wp-json\/wp\/v2\/users\/1"}],"replies":[{"embeddable":true,"href":"https:\/\/www.mycosan.com\/pl\/wp-json\/wp\/v2\/comments?post=4009"}],"version-history":[{"count":0,"href":"https:\/\/www.mycosan.com\/pl\/wp-json\/wp\/v2\/pages\/4009\/revisions"}],"wp:attachment":[{"href":"https:\/\/www.mycosan.com\/pl\/wp-json\/wp\/v2\/media?parent=4009"}],"wp:term":[{"taxonomy":"page_type","embeddable":true,"href":"https:\/\/www.mycosan.com\/pl\/wp-json\/wp\/v2\/page_type?post=4009"}],"curies":[{"name":"wp","href":"https:\/\/api.w.org\/{rel}","templated":true}]}}