{"id":3995,"date":"2015-01-08T15:35:45","date_gmt":"2015-01-08T14:35:45","guid":{"rendered":"https:\/\/www.mycosan.com\/nl\/?page_id=3995"},"modified":"2020-12-09T11:41:54","modified_gmt":"2020-12-09T09:41:54","slug":"objawy-grzybicy-stop","status":"publish","type":"page","link":"https:\/\/www.mycosan.com\/pl\/grzybica-stop\/objawy-grzybicy-stop\/","title":{"rendered":"Objawy grzybicy st\u00f3p"},"content":{"rendered":"<div  class='flex_column av-av_one_fourth-2a9015ff38129c418a3f2eafba3e9512 av_one_fourth  avia-builder-el-0  el_before_av_three_fourth  avia-builder-el-first  first flex_column_div  '     ><style type=\"text\/css\" data-created_by=\"avia_inline_auto\" id=\"style-css-av-av_image-8295c4114eafcf2c2da495e23b1b8ef3\">\n.avia-image-container.av-av_image-8295c4114eafcf2c2da495e23b1b8ef3 img.avia_image{\nbox-shadow:none;\n}\n.avia-image-container.av-av_image-8295c4114eafcf2c2da495e23b1b8ef3 .av-image-caption-overlay-center{\ncolor:#ffffff;\n}\n<\/style>\n<div  class='avia-image-container av-av_image-8295c4114eafcf2c2da495e23b1b8ef3 av-styling- avia-align-center  avia-builder-el-1  avia-builder-el-no-sibling '   itemprop=\"image\" itemscope=\"itemscope\" itemtype=\"https:\/\/schema.org\/ImageObject\" ><div class=\"avia-image-container-inner\"><div class=\"avia-image-overlay-wrap\"><img decoding=\"async\" fetchpriority=\"high\" class='wp-image- avia-img-lazy-loading-not- avia_image ' src=\"https:\/\/www.mycosan.com\/nl\/files\/2015\/01\/Voetschimmel_symptomen.jpg\" alt='' title=''   itemprop=\"thumbnailUrl\"  \/><\/div><\/div><\/div><\/div>\n\n<style type=\"text\/css\" data-created_by=\"avia_inline_auto\" id=\"style-css-av-av_three_fourth-9c1d454dc06f7247226bc4e8f931daae\">\n.flex_column.av-av_three_fourth-9c1d454dc06f7247226bc4e8f931daae{\nborder-radius:0px 0px 0px 0px;\npadding:0px 0px 0px 0px;\n}\n<\/style>\n<div  class='flex_column av-av_three_fourth-9c1d454dc06f7247226bc4e8f931daae av_three_fourth  avia-builder-el-2  el_after_av_one_fourth  el_before_av_section  avia-builder-el-last  flex_column_div av-zero-column-padding  '     ><section  class='av_textblock_section av-av_textblock-0366cc7376be6c9e82a3e9cc8987b64f '   itemscope=\"itemscope\" itemtype=\"https:\/\/schema.org\/CreativeWork\" ><div class='avia_textblock'  itemprop=\"text\" ><h1>Objawy grzybicy paznokci<\/h1>\n<\/div><\/section><br \/>\n<div  class='hr av-av_hr-dcd2069817a0e3d34ae04cad8f3443c7 hr-default  avia-builder-el-4  el_after_av_textblock  el_before_av_textblock '><span class='hr-inner '><span class=\"hr-inner-style\"><\/span><\/span><\/div><br \/>\n<section  class='av_textblock_section av-av_textblock-0366cc7376be6c9e82a3e9cc8987b64f '   itemscope=\"itemscope\" itemtype=\"https:\/\/schema.org\/CreativeWork\" ><div class='avia_textblock'  itemprop=\"text\" ><p>Grzybica st\u00f3p, inaczej zwana stop\u0105 sportowca lub stop\u0105 atlety jest powszechn\u0105 dolegliwo\u015bci\u0105, kt\u00f3ra powoduje du\u017cy dyskomfort. Szacuje si\u0119, \u017ce mo\u017ce na ni\u0105 cierpie\u0107 jedna na pi\u0119\u0107 os\u00f3b.<\/p>\n<p>Dermatofity b\u0119d\u0105ce najcz\u0119stsz\u0105 przyczyn\u0105 grzybicy st\u00f3p rozwijaj\u0105 si\u0119 w zewn\u0119trznej warstwie nask\u00f3rka. Zmiany sk\u00f3rne w pierwszej kolejno\u015bci pojawiaj\u0105 si\u0119 pomi\u0119dzy czwartym a pi\u0105tym palcem, nieleczone \u2013 rozprzestrzeniaj\u0105 si\u0119 dalej. Co wi\u0119cej konsekwencj\u0105 nieleczonej grzybicy st\u00f3p mo\u017ce by\u0107 grzybica paznokci.<\/p>\n<p>Najbardziej powszechne objawy grzybicy st\u00f3p:<\/p>\n<ul>\n<li>Zaczerwienienie, \u0142uszczenie si\u0119 sk\u00f3ry st\u00f3p, w szczeg\u00f3lno\u015bci pomi\u0119dzy palcami<\/li>\n<li>P\u0119kanie nask\u00f3rka<\/li>\n<li>\u015awi\u0105d, b\u00f3l, pieczenie st\u00f3p<\/li>\n<li>Nadmierna potliwo\u015b\u0107<\/li>\n<li>Pojawienie si\u0119 p\u0119cherzy z jednorodn\u0105 ciecz\u0105<\/li>\n<li>Wyst\u0105pienie przebarwie\u0144, \u0142amliwo\u015b\u0107 paznokci<\/li>\n<\/ul>\n<p>Zaleca si\u0119 regularn\u0105 piel\u0119gnacj\u0119 st\u00f3p oraz zwr\u00f3cenie szczeg\u00f3lnej uwagi na wszelkie niepokoj\u0105ce zmiany, by odpowiednio szybko m\u00f3c zareagowa\u0107 i uchroni\u0107 si\u0119 przed rozprzestrzenianiem ewentualnego zaka\u017cenia.<\/p>\n<p>W celu uzyskania wskaz\u00f3wek dotycz\u0105cych piel\u0119gnacji st\u00f3p i paznokci zach\u0119camy do odwiedzenia strony <strong><a title=\"Tips &amp; Advies\" href=\"https:\/\/www.mycosan.com\/pol\/tips-advies\/\">Mycosan wskaz\u00f3wki i porady.<\/a><\/strong><\/p>\n<\/div><\/section><\/p><\/div>\n<\/div><\/div><\/div><!-- close content main div --><\/div><\/div><div id='box_shadow'  class='avia-section av-av_section-c1b66236f827c11b12d78e3f5bd63f00 alternate_color avia-section-no-padding avia-no-border-styling  avia-builder-el-6  el_after_av_three_fourth  el_before_av_section  avia-bg-style-scroll av-minimum-height av-minimum-height-custom av-height-custom  container_wrap sidebar_right'   data-av_minimum_height_px='50'><div class='container av-section-cont-open' style='height:50px'><div class='template-page content  av-content-small alpha units'><div class='post-entry post-entry-type-page post-entry-3995'><div class='entry-content-wrapper clearfix'>\n<div  class='flex_column av-av_three_fifth-2a9015ff38129c418a3f2eafba3e9512 av_three_fifth  avia-builder-el-7  el_before_av_one_fifth  avia-builder-el-first  first flex_column_div  '     ><\/div>\n<style type=\"text\/css\" data-created_by=\"avia_inline_auto\" id=\"style-css-av-av_one_fifth-9c1d454dc06f7247226bc4e8f931daae\">\n.flex_column.av-av_one_fifth-9c1d454dc06f7247226bc4e8f931daae{\nborder-radius:0px 0px 0px 0px;\npadding:0px 0px 0px 0px;\n}\n<\/style>\n<div  class='flex_column av-av_one_fifth-9c1d454dc06f7247226bc4e8f931daae av_one_fifth  avia-builder-el-9  el_after_av_three_fifth  el_before_av_one_fifth  flex_column_div av-zero-column-padding  '     ><\/div>\n<style type=\"text\/css\" data-created_by=\"avia_inline_auto\" id=\"style-css-av-av_one_fifth-9c1d454dc06f7247226bc4e8f931daae\">\n.flex_column.av-av_one_fifth-9c1d454dc06f7247226bc4e8f931daae{\nborder-radius:0px 0px 0px 0px;\npadding:0px 0px 0px 0px;\n}\n<\/style>\n<div  class='flex_column av-av_one_fifth-9c1d454dc06f7247226bc4e8f931daae av_one_fifth  avia-builder-el-10  el_after_av_one_fifth  avia-builder-el-last  flex_column_div av-zero-column-padding  '     ><\/div>\n\n<\/div><\/div><\/div><!-- close content main div --><\/div><\/div><div id='content_bottom'  class='avia-section av-av_section-8390100c99685c1552fd8c8d7ceec6b5 main_color avia-section-default avia-shadow  avia-builder-el-11  el_after_av_section  avia-builder-el-last  avia-bg-style-scroll container_wrap sidebar_right'  ><div class='container av-section-cont-open' ><div class='template-page content  av-content-small alpha units'><div class='post-entry post-entry-type-page post-entry-3995'><div class='entry-content-wrapper clearfix'>\n<div  class='flex_column av-av_two_third-2a9015ff38129c418a3f2eafba3e9512 av_two_third  avia-builder-el-12  el_before_av_one_third  avia-builder-el-first  first flex_column_div  '     ><p>\n<style type=\"text\/css\" data-created_by=\"avia_inline_auto\" id=\"style-css-av-av_heading-f4a4bb101d4517cb8e26da1dc44291d3\">\n#top .av-special-heading.av-av_heading-f4a4bb101d4517cb8e26da1dc44291d3{\npadding-bottom:10px;\ncolor:#56327f;\n}\nbody .av-special-heading.av-av_heading-f4a4bb101d4517cb8e26da1dc44291d3 .av-special-heading-tag .heading-char{\nfont-size:25px;\n}\n.av-special-heading.av-av_heading-f4a4bb101d4517cb8e26da1dc44291d3 .special-heading-inner-border{\nborder-color:#56327f;\n}\n.av-special-heading.av-av_heading-f4a4bb101d4517cb8e26da1dc44291d3 .av-subheading{\nfont-size:15px;\n}\n<\/style>\n<div  class='av-special-heading av-av_heading-f4a4bb101d4517cb8e26da1dc44291d3 av-special-heading-h3 custom-color-heading blockquote modern-quote modern-centered  avia-builder-el-13  el_before_av_heading  avia-builder-el-first '><h3 class='av-special-heading-tag '  itemprop=\"headline\"  >PRODUKTY MYCOSAN<\/h3><div class=\"special-heading-border\"><div class=\"special-heading-inner-border\"><\/div><\/div><\/div><br \/>\n<br \/>\n<div  class='avia-builder-widget-area clearfix  avia-builder-el-15  el_after_av_heading  el_before_av_sidebar '><div id=\"media_image-2\" class=\"widget clearfix widget_media_image\"><img loading=\"lazy\" decoding=\"async\" width=\"199\" height=\"300\" src=\"https:\/\/www.mycosan.com\/pl\/files\/2017\/04\/mycosan_grzybica-paznokci-199x300.png\" class=\"image wp-image-9810  attachment-medium size-medium\" alt=\"Mycosan \u2013 Preparat na grzybic\u0119 paznokci\" style=\"max-width: 100%; height: auto;\" srcset=\"https:\/\/www.mycosan.com\/pl\/files\/2017\/04\/mycosan_grzybica-paznokci-199x300.png 199w, https:\/\/www.mycosan.com\/pl\/files\/2017\/04\/mycosan_grzybica-paznokci.png 398w\" sizes=\"auto, (max-width: 199px) 100vw, 199px\" \/><\/div><div id=\"text-5\" class=\"widget clearfix widget_text\">\t\t\t<div class=\"textwidget\"><h4>Mycosan Grzybica Paznokci<\/h4>\n<p>Zwalcza i zapobiega grzybicy paznokci. Wykazuje aktywno\u015b\u0107 od pierwszego zastosowania.<\/p>\n<\/div>\n\t\t<\/div><div id=\"custom_html-5\" class=\"widget_text widget clearfix widget_custom_html\"><div class=\"textwidget custom-html-widget\"><div class=\"avia-button-wrap avia-button-left avia-builder-el-17 el_before_av_button avia-builder-el-first \"><a href=\"https:\/\/www.mycosan.com\/pl\/produkty\/grzybica-paznokci\/\" class=\"avia-button avia-icon_select-no avia-color-blue avia-size-small avia-position-left \"><span class=\"avia_iconbox_title\">Informacja o produkcje<\/span><br>\r\n<\/a><\/div><\/div><\/div><\/div><br \/>\n<div  class='avia-builder-widget-area clearfix  avia-builder-el-16  el_after_av_sidebar  avia-builder-el-last '><div id=\"media_image-3\" class=\"widget clearfix widget_media_image\"><img loading=\"lazy\" decoding=\"async\" width=\"133\" height=\"300\" src=\"https:\/\/www.mycosan.com\/pl\/files\/2017\/06\/stop3-133x300.png\" class=\"image wp-image-9847  attachment-medium size-medium\" alt=\"\" style=\"max-width: 100%; height: auto;\" \/><\/div><div id=\"text-4\" class=\"widget clearfix widget_text\">\t\t\t<div class=\"textwidget\"><h4>Mycosan Leczenie Grzybicy St\u00f3p<\/h4>\n<p>\u0141atwy w stosowaniu i wysoce skuteczny \u017cel do leczenia grzybicy st\u00f3p.<\/p>\n<\/div>\n\t\t<\/div><div id=\"custom_html-4\" class=\"widget_text widget clearfix widget_custom_html\"><div class=\"textwidget custom-html-widget\"><div class=\"avia-button-wrap avia-button-left avia-builder-el-17 el_before_av_button avia-builder-el-first \"><a href=\"https:\/\/www.mycosan.com\/pl\/produkty\/mycosan-leczenie-grzybicy-stop\/\" class=\"avia-button avia-icon_select-no avia-color-blue avia-size-small avia-position-left \"><span class=\"avia_iconbox_title\">Informacja o produkcje<\/span><br>\r\n<\/a><\/div><\/div><\/div><\/div><\/p><\/div>\n<style type=\"text\/css\" data-created_by=\"avia_inline_auto\" id=\"style-css-av-av_one_third-9c1d454dc06f7247226bc4e8f931daae\">\n.flex_column.av-av_one_third-9c1d454dc06f7247226bc4e8f931daae{\nborder-radius:0px 0px 0px 0px;\npadding:0px 0px 0px 0px;\n}\n<\/style>\n<div  class='flex_column av-av_one_third-9c1d454dc06f7247226bc4e8f931daae av_one_third  avia-builder-el-17  el_after_av_two_third  avia-builder-el-last  flex_column_div av-zero-column-padding  '     ><div  class='avia-builder-widget-area clearfix  avia-builder-el-18  avia-builder-el-no-sibling '><div id=\"media_image-5\" class=\"widget clearfix widget_media_image\"><h3 class=\"widgettitle\">STOPY WOLNE OD GRZYBICY<\/h3><img loading=\"lazy\" decoding=\"async\" width=\"200\" height=\"200\" src=\"https:\/\/www.mycosan.com\/pl\/files\/2015\/02\/mycosan_kalknagel-e1427974648364.png\" class=\"image wp-image-5169  attachment-full size-full\" alt=\"Mycosan Kalknagel\" style=\"max-width: 100%; height: auto;\" srcset=\"https:\/\/www.mycosan.com\/pl\/files\/2015\/02\/mycosan_kalknagel-e1427974648364.png 200w, https:\/\/www.mycosan.com\/pl\/files\/2015\/02\/mycosan_kalknagel-e1427974648364-150x150.png 150w\" sizes=\"auto, (max-width: 200px) 100vw, 200px\" \/><\/div><div id=\"text-6\" class=\"widget clearfix widget_text\">\t\t\t<div class=\"textwidget\"><p><span style=\"color: #fff\">MYCOSAN \u2013 linia produkt\u00f3w przeznaczonych do leczenia grzybicy st\u00f3p i paznokci oraz zabezpieczaj\u0105cych przed infekcjami grzybiczymi. Produkty marki Mycosan mog\u0105 by\u0107 stosowane przez osoby chore na cukrzyc\u0119<\/span><\/p>\n<\/div>\n\t\t<\/div><\/div><\/div><\/div><\/div><\/div><!-- close content main div --><\/div><\/div><div id='after_section_2'  class='main_color av_default_container_wrap container_wrap sidebar_right'  ><div class='container av-section-cont-open' ><div class='template-page content  av-content-small alpha units'><div class='post-entry post-entry-type-page post-entry-3995'><div class='entry-content-wrapper clearfix'>\n","protected":false},"excerpt":{"rendered":"","protected":false},"author":1,"featured_media":0,"parent":4012,"menu_order":1,"comment_status":"closed","ping_status":"closed","template":"","meta":{"_acf_changed":false,"footnotes":""},"page_type":[],"class_list":["post-3995","page","type-page","status-publish","hentry"],"acf":[],"yoast_head":"<!-- This site is optimized with the Yoast SEO plugin v26.9 - https:\/\/yoast.com\/product\/yoast-seo-wordpress\/ -->\n<title>Objawy grzybicy st\u00f3p - Mycosan Grzybica Paznokci<\/title>\n<meta name=\"robots\" content=\"index, follow, max-snippet:-1, max-image-preview:large, max-video-preview:-1\" \/>\n<link rel=\"canonical\" href=\"https:\/\/www.mycosan.com\/pl\/grzybica-stop\/objawy-grzybicy-stop\/\" \/>\n<meta property=\"og:locale\" content=\"pl_PL\" \/>\n<meta property=\"og:type\" content=\"article\" \/>\n<meta property=\"og:title\" content=\"Objawy grzybicy st\u00f3p - Mycosan Grzybica Paznokci\" \/>\n<meta property=\"og:url\" content=\"https:\/\/www.mycosan.com\/pl\/grzybica-stop\/objawy-grzybicy-stop\/\" \/>\n<meta property=\"og:site_name\" content=\"Mycosan Grzybica Paznokci\" \/>\n<meta property=\"article:modified_time\" content=\"2020-12-09T09:41:54+00:00\" \/>\n<meta name=\"twitter:card\" content=\"summary_large_image\" \/>\n<meta name=\"twitter:label1\" content=\"Est. reading time\" \/>\n\t<meta name=\"twitter:data1\" content=\"3 minutes\" \/>\n<script type=\"application\/ld+json\" class=\"yoast-schema-graph\">{\"@context\":\"https:\/\/schema.org\",\"@graph\":[{\"@type\":\"WebPage\",\"@id\":\"https:\/\/www.mycosan.com\/pl\/grzybica-stop\/objawy-grzybicy-stop\/\",\"url\":\"https:\/\/www.mycosan.com\/pl\/grzybica-stop\/objawy-grzybicy-stop\/\",\"name\":\"Objawy grzybicy st\u00f3p - Mycosan Grzybica Paznokci\",\"isPartOf\":{\"@id\":\"https:\/\/www.mycosan.com\/pl\/#website\"},\"datePublished\":\"2015-01-08T14:35:45+00:00\",\"dateModified\":\"2020-12-09T09:41:54+00:00\",\"breadcrumb\":{\"@id\":\"https:\/\/www.mycosan.com\/pl\/grzybica-stop\/objawy-grzybicy-stop\/#breadcrumb\"},\"inLanguage\":\"pl-PL\",\"potentialAction\":[{\"@type\":\"ReadAction\",\"target\":[\"https:\/\/www.mycosan.com\/pl\/grzybica-stop\/objawy-grzybicy-stop\/\"]}]},{\"@type\":\"BreadcrumbList\",\"@id\":\"https:\/\/www.mycosan.com\/pl\/grzybica-stop\/objawy-grzybicy-stop\/#breadcrumb\",\"itemListElement\":[{\"@type\":\"ListItem\",\"position\":1,\"name\":\"Home\",\"item\":\"https:\/\/www.mycosan.com\/pl\/\"},{\"@type\":\"ListItem\",\"position\":2,\"name\":\"Grzybica st\u00f3p\",\"item\":\"https:\/\/www.mycosan.com\/pl\/grzybica-stop\/\"},{\"@type\":\"ListItem\",\"position\":3,\"name\":\"Objawy grzybicy st\u00f3p\"}]},{\"@type\":\"WebSite\",\"@id\":\"https:\/\/www.mycosan.com\/pl\/#website\",\"url\":\"https:\/\/www.mycosan.com\/pl\/\",\"name\":\"Mycosan \u2013 Preparat na grzybice\u0328 sto\u0301p i paznokci\",\"description\":\"\",\"publisher\":{\"@id\":\"https:\/\/www.mycosan.com\/pl\/#organization\"},\"potentialAction\":[{\"@type\":\"SearchAction\",\"target\":{\"@type\":\"EntryPoint\",\"urlTemplate\":\"https:\/\/www.mycosan.com\/pl\/?s={search_term_string}\"},\"query-input\":{\"@type\":\"PropertyValueSpecification\",\"valueRequired\":true,\"valueName\":\"search_term_string\"}}],\"inLanguage\":\"pl-PL\"},{\"@type\":\"Organization\",\"@id\":\"https:\/\/www.mycosan.com\/pl\/#organization\",\"name\":\"Mycosan\",\"url\":\"https:\/\/www.mycosan.com\/pl\/\",\"logo\":{\"@type\":\"ImageObject\",\"inLanguage\":\"pl-PL\",\"@id\":\"https:\/\/www.mycosan.com\/pl\/#\/schema\/logo\/image\/\",\"url\":\"https:\/\/www.mycosan.com\/pl\/files\/2018\/05\/MycosanLogo_WhitePurple_CMYK_20150212.png\",\"contentUrl\":\"https:\/\/www.mycosan.com\/pl\/files\/2018\/05\/MycosanLogo_WhitePurple_CMYK_20150212.png\",\"width\":900,\"height\":409,\"caption\":\"Mycosan\"},\"image\":{\"@id\":\"https:\/\/www.mycosan.com\/pl\/#\/schema\/logo\/image\/\"}}]}<\/script>\n<!-- \/ Yoast SEO plugin. -->","yoast_head_json":{"title":"Objawy grzybicy st\u00f3p - Mycosan Grzybica Paznokci","robots":{"index":"index","follow":"follow","max-snippet":"max-snippet:-1","max-image-preview":"max-image-preview:large","max-video-preview":"max-video-preview:-1"},"canonical":"https:\/\/www.mycosan.com\/pl\/grzybica-stop\/objawy-grzybicy-stop\/","og_locale":"pl_PL","og_type":"article","og_title":"Objawy grzybicy st\u00f3p - Mycosan Grzybica Paznokci","og_url":"https:\/\/www.mycosan.com\/pl\/grzybica-stop\/objawy-grzybicy-stop\/","og_site_name":"Mycosan Grzybica Paznokci","article_modified_time":"2020-12-09T09:41:54+00:00","twitter_card":"summary_large_image","twitter_misc":{"Est. reading time":"3 minutes"},"schema":{"@context":"https:\/\/schema.org","@graph":[{"@type":"WebPage","@id":"https:\/\/www.mycosan.com\/pl\/grzybica-stop\/objawy-grzybicy-stop\/","url":"https:\/\/www.mycosan.com\/pl\/grzybica-stop\/objawy-grzybicy-stop\/","name":"Objawy grzybicy st\u00f3p - Mycosan Grzybica Paznokci","isPartOf":{"@id":"https:\/\/www.mycosan.com\/pl\/#website"},"datePublished":"2015-01-08T14:35:45+00:00","dateModified":"2020-12-09T09:41:54+00:00","breadcrumb":{"@id":"https:\/\/www.mycosan.com\/pl\/grzybica-stop\/objawy-grzybicy-stop\/#breadcrumb"},"inLanguage":"pl-PL","potentialAction":[{"@type":"ReadAction","target":["https:\/\/www.mycosan.com\/pl\/grzybica-stop\/objawy-grzybicy-stop\/"]}]},{"@type":"BreadcrumbList","@id":"https:\/\/www.mycosan.com\/pl\/grzybica-stop\/objawy-grzybicy-stop\/#breadcrumb","itemListElement":[{"@type":"ListItem","position":1,"name":"Home","item":"https:\/\/www.mycosan.com\/pl\/"},{"@type":"ListItem","position":2,"name":"Grzybica st\u00f3p","item":"https:\/\/www.mycosan.com\/pl\/grzybica-stop\/"},{"@type":"ListItem","position":3,"name":"Objawy grzybicy st\u00f3p"}]},{"@type":"WebSite","@id":"https:\/\/www.mycosan.com\/pl\/#website","url":"https:\/\/www.mycosan.com\/pl\/","name":"Mycosan \u2013 Preparat na grzybice\u0328 sto\u0301p i paznokci","description":"","publisher":{"@id":"https:\/\/www.mycosan.com\/pl\/#organization"},"potentialAction":[{"@type":"SearchAction","target":{"@type":"EntryPoint","urlTemplate":"https:\/\/www.mycosan.com\/pl\/?s={search_term_string}"},"query-input":{"@type":"PropertyValueSpecification","valueRequired":true,"valueName":"search_term_string"}}],"inLanguage":"pl-PL"},{"@type":"Organization","@id":"https:\/\/www.mycosan.com\/pl\/#organization","name":"Mycosan","url":"https:\/\/www.mycosan.com\/pl\/","logo":{"@type":"ImageObject","inLanguage":"pl-PL","@id":"https:\/\/www.mycosan.com\/pl\/#\/schema\/logo\/image\/","url":"https:\/\/www.mycosan.com\/pl\/files\/2018\/05\/MycosanLogo_WhitePurple_CMYK_20150212.png","contentUrl":"https:\/\/www.mycosan.com\/pl\/files\/2018\/05\/MycosanLogo_WhitePurple_CMYK_20150212.png","width":900,"height":409,"caption":"Mycosan"},"image":{"@id":"https:\/\/www.mycosan.com\/pl\/#\/schema\/logo\/image\/"}}]}},"_links":{"self":[{"href":"https:\/\/www.mycosan.com\/pl\/wp-json\/wp\/v2\/pages\/3995","targetHints":{"allow":["GET"]}}],"collection":[{"href":"https:\/\/www.mycosan.com\/pl\/wp-json\/wp\/v2\/pages"}],"about":[{"href":"https:\/\/www.mycosan.com\/pl\/wp-json\/wp\/v2\/types\/page"}],"author":[{"embeddable":true,"href":"https:\/\/www.mycosan.com\/pl\/wp-json\/wp\/v2\/users\/1"}],"replies":[{"embeddable":true,"href":"https:\/\/www.mycosan.com\/pl\/wp-json\/wp\/v2\/comments?post=3995"}],"version-history":[{"count":0,"href":"https:\/\/www.mycosan.com\/pl\/wp-json\/wp\/v2\/pages\/3995\/revisions"}],"up":[{"embeddable":true,"href":"https:\/\/www.mycosan.com\/pl\/wp-json\/wp\/v2\/pages\/4012"}],"wp:attachment":[{"href":"https:\/\/www.mycosan.com\/pl\/wp-json\/wp\/v2\/media?parent=3995"}],"wp:term":[{"taxonomy":"page_type","embeddable":true,"href":"https:\/\/www.mycosan.com\/pl\/wp-json\/wp\/v2\/page_type?post=3995"}],"curies":[{"name":"wp","href":"https:\/\/api.w.org\/{rel}","templated":true}]}}