{"id":3987,"date":"2015-01-08T15:32:10","date_gmt":"2015-01-08T14:32:10","guid":{"rendered":"https:\/\/www.mycosan.com\/nl\/?page_id=3987"},"modified":"2020-12-09T11:41:54","modified_gmt":"2020-12-09T09:41:54","slug":"jak-mozna-zarazic-sie-grzybica-paznokci","status":"publish","type":"page","link":"https:\/\/www.mycosan.com\/pl\/grzybica-paznokci\/jak-mozna-zarazic-sie-grzybica-paznokci\/","title":{"rendered":"Jak mo\u017cna zarazi\u0107 si\u0119 grzybic\u0105 paznokci?"},"content":{"rendered":"<div  class='flex_column av-rv8c9f-9867ba6395fdeabd4a62fb763aade74e av_one_fourth  avia-builder-el-0  el_before_av_three_fourth  avia-builder-el-first  first flex_column_div  '     ><style type=\"text\/css\" data-created_by=\"avia_inline_auto\" id=\"style-css-av-ps72w3-33fe845c8616b5a6234ce4c06d6569dd\">\n.avia-image-container.av-ps72w3-33fe845c8616b5a6234ce4c06d6569dd img.avia_image{\nbox-shadow:none;\n}\n.avia-image-container.av-ps72w3-33fe845c8616b5a6234ce4c06d6569dd .av-image-caption-overlay-center{\ncolor:#ffffff;\n}\n<\/style>\n<div  class='avia-image-container av-ps72w3-33fe845c8616b5a6234ce4c06d6569dd av-styling- avia-align-center  avia-builder-el-1  avia-builder-el-no-sibling '   itemprop=\"image\" itemscope=\"itemscope\" itemtype=\"https:\/\/schema.org\/ImageObject\" ><div class=\"avia-image-container-inner\"><div class=\"avia-image-overlay-wrap\"><img decoding=\"async\" fetchpriority=\"high\" class='wp-image- avia-img-lazy-loading-not- avia_image ' src=\"https:\/\/www.mycosan.com\/nl\/files\/2015\/01\/Mycosan_Situaties_voeten.jpg\" alt='' title=''   itemprop=\"thumbnailUrl\"  \/><\/div><\/div><\/div><\/div>\n\n<style type=\"text\/css\" data-created_by=\"avia_inline_auto\" id=\"style-css-av-o2isc3-51fecd2cd8d8904a42678bb301396c9f\">\n.flex_column.av-o2isc3-51fecd2cd8d8904a42678bb301396c9f{\nborder-radius:0px 0px 0px 0px;\npadding:0px 0px 0px 0px;\n}\n<\/style>\n<div  class='flex_column av-o2isc3-51fecd2cd8d8904a42678bb301396c9f av_three_fourth  avia-builder-el-2  el_after_av_one_fourth  el_before_av_section  avia-builder-el-last  flex_column_div av-zero-column-padding  '     ><section  class='av_textblock_section av-n27zkz-1bf10a33d15c7d060c10cf83538ce100 '   itemscope=\"itemscope\" itemtype=\"https:\/\/schema.org\/CreativeWork\" ><div class='avia_textblock'  itemprop=\"text\" ><h1>Jak mo\u017cna zarazi\u0107 si\u0119 grzybic\u0105 paznokci?<\/h1>\n<\/div><\/section><br \/>\n<div  class='hr av-kbeglf-80d4dae101c10669504722d70c7dde30 hr-default  avia-builder-el-4  el_after_av_textblock  el_before_av_textblock '><span class='hr-inner '><span class=\"hr-inner-style\"><\/span><\/span><\/div><br \/>\n<section  class='av_textblock_section av-hzh75v-30c43ae5fdd728610712b04c3ec921bf '   itemscope=\"itemscope\" itemtype=\"https:\/\/schema.org\/CreativeWork\" ><div class='avia_textblock'  itemprop=\"text\" ><p>Grzybica paznokci jest jedn\u0105 z najbardziej uci\u0105\u017cliwych chor\u00f3b cywilizacyjnych. Zbyt p\u00f3\u017ano rozpoznana i zlekcewa\u017cona b\u0105d\u017a nieleczona mo\u017ce doprowadzi\u0107 do nieodwracalnych zmian w wygl\u0105dzie st\u00f3p. Postrzegana jest jako choroba wstydliwa i trudna do wyleczenia.<\/p>\n<p>Jak mo\u017cna zarazi\u0107 si\u0119 grzybic\u0105 paznokci:<\/p>\n<p><strong>Za po\u015brednictwem innych zaka\u017ce\u0144 grzybiczych, jak na przyk\u0142ad stopa sportowca.<\/strong><\/p>\n<p>Grzybica paznokci mo\u017ce rozwin\u0105\u0107 si\u0119 w wyniku zaka\u017cenia paznokci grzybami po wcze\u015bniejszym zaka\u017ceniu sk\u00f3ry, jak np. w stopie atlety.\u00a0Je\u017celi grzybica st\u00f3p nie zostanie wyleczona w odpowiednim czasie, grzyb mo\u017ce rozprzestrzeni\u0107 si\u0119 na paznokcie. W\u00f3wczas leczenie jest znacznie trudniejsze, poniewa\u017c grzyby wnikaj\u0105 g\u0142\u0119biej w paznokie\u0107. Niezwykle istotne jest, by zareagowa\u0107 zaraz po pojawieniu si\u0119 niepokoj\u0105cych objaw\u00f3w, by zapobiec rozprzestrzenianiu si\u0119 grzybicy.<\/p>\n<p><strong>W miejscach publicznych, gdzie jest wilgotno i ciep\u0142o, takich jak basen i si\u0142ownia.<\/strong><\/p>\n<p>Dermatofity, kt\u00f3re s\u0105 przyczyn\u0105 grzybicy \u017cyj\u0105 w ciep\u0142ym i wilgotnym \u015brodowisku. Dlatego mo\u017cna si\u0119 nimi zarazi\u0107 w miejscach publicznych, wilgotnych pomieszczeniach takich jak sauny, si\u0142ownie, prysznice lub basen.<\/p>\n<p><strong>Poprzez urazy mechaniczne naruszaj\u0105ce struktur\u0119 sk\u00f3ry i paznokci.<\/strong><\/p>\n<p>Kiedy przytniesz sobie palec w drzwiach lub uderzysz si\u0119 m\u0142otkiem \u2013 naruszasz struktur\u0119 paznokcia. W\u00f3wczas nierzadko zdarza si\u0119, i\u017c paznokie\u0107 odrywa si\u0119 od \u0142o\u017cyska, co stanowi wrota dla dermatofit\u00f3w.<\/p>\n<p><strong>Od cz\u0142onk\u00f3w rodziny, kt\u00f3rzy choruj\u0105 na grzybic\u0119.<\/strong><\/p>\n<p>Je\u017celi kto\u015b z Twojego otoczenia ma grzybic\u0119, mo\u017cesz znajdowa\u0107 si\u0119 w grupie ryzyka. \u0141atwo jest si\u0119 zarazi\u0107 pod prysznicem lub poprzez po\u015bciel.<\/p>\n<p><strong>Cukrzyca.<\/strong><\/p>\n<p>Osoby chore na cukrzyc\u0119 s\u0105 prawie trzykrotnie bardziej nara\u017cone na zaka\u017cenie grzybic\u0105 paznokci w por\u00f3wnaniu z osobami nie cierpi\u0105cymi na t\u0119 chorob\u0119. Utrzymuj\u0105ce si\u0119 hiperglikemie powoduj\u0105 obni\u017cenie odporno\u015bci, co sprzyja rozwojowi zaka\u017ce\u0144. Chocia\u017c nie przeprowadzono bada\u0144 maj\u0105cych na celu udowodnienie zwi\u0105zku pomi\u0119dzy grzybic\u0105 paznokci, a owrzodzeniem stopy cukrzycowej, bardzo prawdopodobne jest, \u017ce te problemy s\u0105 ze sob\u0105 powi\u0105zane.<\/p>\n<p>I<strong>nne przyczyny, kt\u00f3re mog\u0105 mie\u0107 wp\u0142yw na zara\u017cenie grzybic\u0105:<\/strong><\/p>\n<ul>\n<li>Nieprawid\u0142owe pH sk\u00f3ry<\/li>\n<li>Niedok\u0142adne wytarcie st\u00f3p do sucha po k\u0105pieli lub po \u0107wiczeniach sportowych<\/li>\n<li>Obni\u017cona odporno\u015b\u0107 organizmu<\/li>\n<\/ul>\n<p><strong>Czynniki, kt\u00f3re mog\u0105 przyczynia\u0107 si\u0119 do rozwoju grzybicy paznokci:<\/strong><\/p>\n<ul>\n<li>Wiek \u2013 ryzyko grzybicy zwi\u0119ksza si\u0119 wraz z wiekiem. Paznokcie z biegiem lat rosn\u0105 wolniej i staj\u0105 si\u0119 coraz grubsze, s\u0105 bardziej podatne na zaka\u017cenia.<\/li>\n<li>Grzybica st\u00f3p \u2013 u os\u00f3b zaka\u017conych grzybic\u0105 st\u00f3p istnieje wysokie ryzyko powik\u0142a\u0144 w postaci grzybicy paznokci.<\/li>\n<li>Chodzenie boso w pomieszczeniach przeznaczonych do u\u017cytku publicznego, na przyk\u0142ad na basenie, saunie, si\u0142owni, sali gimnastycznej, pod prysznicem.<\/li>\n<li>Problemy z uk\u0142adem kr\u0105\u017cenia.<\/li>\n<li>Uszkodzenia paznokci b\u0119d\u0105ce wrotami dla drobnoustroj\u00f3w.<\/li>\n<li>Choroby takie jak cukrzyca i \u0142uszczyca.<\/li>\n<li>Niew\u0142a\u015bciwa higiena osobista.<\/li>\n<\/ul>\n<p>Zaka\u017canie grzybicze paznokci wyst\u0119puje cz\u0119\u015bciej na paznokciach u st\u00f3p ni\u017c u d\u0142oni. Jest to zwi\u0105zane z naszym trybem \u017cycia, stopy bowiem s\u0105 trzymane w obuwiu. W butach \u015brodowisko jest niezwykle korzystne dla rozwoju dermatofit\u00f3w &#8211; ciemno, ciep\u0142o i wilgotno. Innym powodem mo\u017ce by\u0107 fakt, i\u017c do palc\u00f3w u st\u00f3p dociera mniej krwi, przez co infekcja jest trudniejsza do wykrycia przez uk\u0142ad odporno\u015bciowy.<\/p>\n<h5><\/h5>\n<\/div><\/section><\/p><\/div><\/div><\/div><\/div><!-- close content main div --><\/div><\/div><div id='box_shadow'  class='avia-section av-fw4kub-0c88ff6aec506e93a420e3b36b93d493 alternate_color avia-section-no-padding avia-no-border-styling  avia-builder-el-6  el_after_av_three_fourth  el_before_av_section  avia-bg-style-scroll av-minimum-height av-minimum-height-custom av-height-custom  container_wrap sidebar_right'   data-av_minimum_height_px='50'><div class='container av-section-cont-open' style='height:50px'><div class='template-page content  av-content-small alpha units'><div class='post-entry post-entry-type-page post-entry-3987'><div class='entry-content-wrapper clearfix'><\/p>\n<\/div><\/div><\/div><!-- close content main div --><\/div><\/div><div id='content_bottom'  class='avia-section av-e3cm83-2d1c420a3ded1918bafb8ad4d7d639c6 main_color avia-section-default avia-shadow  avia-builder-el-7  el_after_av_section  avia-builder-el-last  avia-bg-style-scroll container_wrap sidebar_right'  ><div class='container av-section-cont-open' ><div class='template-page content  av-content-small alpha units'><div class='post-entry post-entry-type-page post-entry-3987'><div class='entry-content-wrapper clearfix'>\n<div  class='flex_column av-csog43-6eb2d98ff796548992abc1e8b979a74d av_two_third  avia-builder-el-8  el_before_av_one_third  avia-builder-el-first  first flex_column_div  '     ><p>\n<style type=\"text\/css\" data-created_by=\"avia_inline_auto\" id=\"style-css-av-ay3yyr-db5530ed8d3fdcbb730143f58b638f92\">\n#top .av-special-heading.av-ay3yyr-db5530ed8d3fdcbb730143f58b638f92{\npadding-bottom:10px;\ncolor:#56327f;\n}\nbody .av-special-heading.av-ay3yyr-db5530ed8d3fdcbb730143f58b638f92 .av-special-heading-tag .heading-char{\nfont-size:25px;\n}\n.av-special-heading.av-ay3yyr-db5530ed8d3fdcbb730143f58b638f92 .special-heading-inner-border{\nborder-color:#56327f;\n}\n.av-special-heading.av-ay3yyr-db5530ed8d3fdcbb730143f58b638f92 .av-subheading{\nfont-size:15px;\n}\n<\/style>\n<div  class='av-special-heading av-ay3yyr-db5530ed8d3fdcbb730143f58b638f92 av-special-heading-h3 custom-color-heading blockquote modern-quote modern-centered  avia-builder-el-9  el_before_av_heading  avia-builder-el-first '><h3 class='av-special-heading-tag '  itemprop=\"headline\"  >PRODUKTY MYCOSAN<\/h3><div class=\"special-heading-border\"><div class=\"special-heading-inner-border\"><\/div><\/div><\/div><br \/>\n<br \/>\n<div  class='avia-builder-widget-area clearfix  avia-builder-el-11  el_after_av_heading  el_before_av_sidebar '><div id=\"media_image-2\" class=\"widget clearfix widget_media_image\"><img loading=\"lazy\" decoding=\"async\" width=\"199\" height=\"300\" src=\"https:\/\/www.mycosan.com\/pl\/files\/2017\/04\/mycosan_grzybica-paznokci-199x300.png\" class=\"image wp-image-9810  attachment-medium size-medium\" alt=\"Mycosan \u2013 Preparat na grzybic\u0119 paznokci\" style=\"max-width: 100%; height: auto;\" srcset=\"https:\/\/www.mycosan.com\/pl\/files\/2017\/04\/mycosan_grzybica-paznokci-199x300.png 199w, https:\/\/www.mycosan.com\/pl\/files\/2017\/04\/mycosan_grzybica-paznokci.png 398w\" sizes=\"auto, (max-width: 199px) 100vw, 199px\" \/><\/div><div id=\"text-5\" class=\"widget clearfix widget_text\">\t\t\t<div class=\"textwidget\"><h4>Mycosan Grzybica Paznokci<\/h4>\n<p>Zwalcza i zapobiega grzybicy paznokci. Wykazuje aktywno\u015b\u0107 od pierwszego zastosowania.<\/p>\n<\/div>\n\t\t<\/div><div id=\"custom_html-5\" class=\"widget_text widget clearfix widget_custom_html\"><div class=\"textwidget custom-html-widget\"><div class=\"avia-button-wrap avia-button-left avia-builder-el-17 el_before_av_button avia-builder-el-first \"><a href=\"https:\/\/www.mycosan.com\/pl\/produkty\/grzybica-paznokci\/\" class=\"avia-button avia-icon_select-no avia-color-blue avia-size-small avia-position-left \"><span class=\"avia_iconbox_title\">Informacja o produkcje<\/span><br>\r\n<\/a><\/div><\/div><\/div><\/div><br \/>\n<div  class='avia-builder-widget-area clearfix  avia-builder-el-12  el_after_av_sidebar  avia-builder-el-last '><div id=\"media_image-3\" class=\"widget clearfix widget_media_image\"><img loading=\"lazy\" decoding=\"async\" width=\"133\" height=\"300\" src=\"https:\/\/www.mycosan.com\/pl\/files\/2017\/06\/stop3-133x300.png\" class=\"image wp-image-9847  attachment-medium size-medium\" alt=\"\" style=\"max-width: 100%; height: auto;\" \/><\/div><div id=\"text-4\" class=\"widget clearfix widget_text\">\t\t\t<div class=\"textwidget\"><h4>Mycosan Leczenie Grzybicy St\u00f3p<\/h4>\n<p>\u0141atwy w stosowaniu i wysoce skuteczny \u017cel do leczenia grzybicy st\u00f3p.<\/p>\n<\/div>\n\t\t<\/div><div id=\"custom_html-4\" class=\"widget_text widget clearfix widget_custom_html\"><div class=\"textwidget custom-html-widget\"><div class=\"avia-button-wrap avia-button-left avia-builder-el-17 el_before_av_button avia-builder-el-first \"><a href=\"https:\/\/www.mycosan.com\/pl\/produkty\/mycosan-leczenie-grzybicy-stop\/\" class=\"avia-button avia-icon_select-no avia-color-blue avia-size-small avia-position-left \"><span class=\"avia_iconbox_title\">Informacja o produkcje<\/span><br>\r\n<\/a><\/div><\/div><\/div><\/div><\/p><\/div>\n<style type=\"text\/css\" data-created_by=\"avia_inline_auto\" id=\"style-css-av-cw4bn-61ab20e7ad9c71d3306e31e629f2392c\">\n.flex_column.av-cw4bn-61ab20e7ad9c71d3306e31e629f2392c{\nborder-radius:0px 0px 0px 0px;\npadding:0px 0px 0px 0px;\n}\n<\/style>\n<div  class='flex_column av-cw4bn-61ab20e7ad9c71d3306e31e629f2392c av_one_third  avia-builder-el-13  el_after_av_two_third  avia-builder-el-last  flex_column_div av-zero-column-padding  '     ><div  class='avia-builder-widget-area clearfix  avia-builder-el-14  avia-builder-el-no-sibling '><div id=\"media_image-5\" class=\"widget clearfix widget_media_image\"><h3 class=\"widgettitle\">STOPY WOLNE OD GRZYBICY<\/h3><img loading=\"lazy\" decoding=\"async\" width=\"200\" height=\"200\" src=\"https:\/\/www.mycosan.com\/pl\/files\/2015\/02\/mycosan_kalknagel-e1427974648364.png\" class=\"image wp-image-5169  attachment-full size-full\" alt=\"Mycosan Kalknagel\" style=\"max-width: 100%; height: auto;\" srcset=\"https:\/\/www.mycosan.com\/pl\/files\/2015\/02\/mycosan_kalknagel-e1427974648364.png 200w, https:\/\/www.mycosan.com\/pl\/files\/2015\/02\/mycosan_kalknagel-e1427974648364-150x150.png 150w\" sizes=\"auto, (max-width: 200px) 100vw, 200px\" \/><\/div><div id=\"text-6\" class=\"widget clearfix widget_text\">\t\t\t<div class=\"textwidget\"><p><span style=\"color: #fff\">MYCOSAN \u2013 linia produkt\u00f3w przeznaczonych do leczenia grzybicy st\u00f3p i paznokci oraz zabezpieczaj\u0105cych przed infekcjami grzybiczymi. Produkty marki Mycosan mog\u0105 by\u0107 stosowane przez osoby chore na cukrzyc\u0119<\/span><\/p>\n<\/div>\n\t\t<\/div><\/div><\/div>\n<\/div><\/div><\/div><!-- close content main div --><\/div><\/div><div id='after_section_2'  class='main_color av_default_container_wrap container_wrap sidebar_right'  ><div class='container av-section-cont-open' ><div class='template-page content  av-content-small alpha units'><div class='post-entry post-entry-type-page post-entry-3987'><div class='entry-content-wrapper clearfix'>\n","protected":false},"excerpt":{"rendered":"","protected":false},"author":1,"featured_media":0,"parent":3983,"menu_order":2,"comment_status":"closed","ping_status":"closed","template":"","meta":{"_acf_changed":false,"footnotes":""},"page_type":[],"class_list":["post-3987","page","type-page","status-publish","hentry"],"acf":[],"yoast_head":"<!-- This site is optimized with the Yoast SEO plugin v26.9 - https:\/\/yoast.com\/product\/yoast-seo-wordpress\/ -->\n<title>Jak mo\u017cna zarazi\u0107 si\u0119 grzybic\u0105 paznokci? - Mycosan Grzybica Paznokci<\/title>\n<meta name=\"robots\" content=\"index, follow, max-snippet:-1, max-image-preview:large, max-video-preview:-1\" \/>\n<link rel=\"canonical\" href=\"https:\/\/www.mycosan.com\/pl\/grzybica-paznokci\/jak-mozna-zarazic-sie-grzybica-paznokci\/\" \/>\n<meta property=\"og:locale\" content=\"pl_PL\" \/>\n<meta property=\"og:type\" content=\"article\" \/>\n<meta property=\"og:title\" content=\"Jak mo\u017cna zarazi\u0107 si\u0119 grzybic\u0105 paznokci? - Mycosan Grzybica Paznokci\" \/>\n<meta property=\"og:url\" content=\"https:\/\/www.mycosan.com\/pl\/grzybica-paznokci\/jak-mozna-zarazic-sie-grzybica-paznokci\/\" \/>\n<meta property=\"og:site_name\" content=\"Mycosan Grzybica Paznokci\" \/>\n<meta property=\"article:modified_time\" content=\"2020-12-09T09:41:54+00:00\" \/>\n<meta name=\"twitter:card\" content=\"summary_large_image\" \/>\n<meta name=\"twitter:label1\" content=\"Est. reading time\" \/>\n\t<meta name=\"twitter:data1\" content=\"5 minutes\" \/>\n<script type=\"application\/ld+json\" class=\"yoast-schema-graph\">{\"@context\":\"https:\/\/schema.org\",\"@graph\":[{\"@type\":\"WebPage\",\"@id\":\"https:\/\/www.mycosan.com\/pl\/grzybica-paznokci\/jak-mozna-zarazic-sie-grzybica-paznokci\/\",\"url\":\"https:\/\/www.mycosan.com\/pl\/grzybica-paznokci\/jak-mozna-zarazic-sie-grzybica-paznokci\/\",\"name\":\"Jak mo\u017cna zarazi\u0107 si\u0119 grzybic\u0105 paznokci? - Mycosan Grzybica Paznokci\",\"isPartOf\":{\"@id\":\"https:\/\/www.mycosan.com\/pl\/#website\"},\"datePublished\":\"2015-01-08T14:32:10+00:00\",\"dateModified\":\"2020-12-09T09:41:54+00:00\",\"breadcrumb\":{\"@id\":\"https:\/\/www.mycosan.com\/pl\/grzybica-paznokci\/jak-mozna-zarazic-sie-grzybica-paznokci\/#breadcrumb\"},\"inLanguage\":\"pl-PL\",\"potentialAction\":[{\"@type\":\"ReadAction\",\"target\":[\"https:\/\/www.mycosan.com\/pl\/grzybica-paznokci\/jak-mozna-zarazic-sie-grzybica-paznokci\/\"]}]},{\"@type\":\"BreadcrumbList\",\"@id\":\"https:\/\/www.mycosan.com\/pl\/grzybica-paznokci\/jak-mozna-zarazic-sie-grzybica-paznokci\/#breadcrumb\",\"itemListElement\":[{\"@type\":\"ListItem\",\"position\":1,\"name\":\"Home\",\"item\":\"https:\/\/www.mycosan.com\/pl\/\"},{\"@type\":\"ListItem\",\"position\":2,\"name\":\"Grzybica Paznokci\",\"item\":\"https:\/\/www.mycosan.com\/pl\/grzybica-paznokci\/\"},{\"@type\":\"ListItem\",\"position\":3,\"name\":\"Jak mo\u017cna zarazi\u0107 si\u0119 grzybic\u0105 paznokci?\"}]},{\"@type\":\"WebSite\",\"@id\":\"https:\/\/www.mycosan.com\/pl\/#website\",\"url\":\"https:\/\/www.mycosan.com\/pl\/\",\"name\":\"Mycosan \u2013 Preparat na grzybice\u0328 sto\u0301p i paznokci\",\"description\":\"\",\"publisher\":{\"@id\":\"https:\/\/www.mycosan.com\/pl\/#organization\"},\"potentialAction\":[{\"@type\":\"SearchAction\",\"target\":{\"@type\":\"EntryPoint\",\"urlTemplate\":\"https:\/\/www.mycosan.com\/pl\/?s={search_term_string}\"},\"query-input\":{\"@type\":\"PropertyValueSpecification\",\"valueRequired\":true,\"valueName\":\"search_term_string\"}}],\"inLanguage\":\"pl-PL\"},{\"@type\":\"Organization\",\"@id\":\"https:\/\/www.mycosan.com\/pl\/#organization\",\"name\":\"Mycosan\",\"url\":\"https:\/\/www.mycosan.com\/pl\/\",\"logo\":{\"@type\":\"ImageObject\",\"inLanguage\":\"pl-PL\",\"@id\":\"https:\/\/www.mycosan.com\/pl\/#\/schema\/logo\/image\/\",\"url\":\"https:\/\/www.mycosan.com\/pl\/files\/2018\/05\/MycosanLogo_WhitePurple_CMYK_20150212.png\",\"contentUrl\":\"https:\/\/www.mycosan.com\/pl\/files\/2018\/05\/MycosanLogo_WhitePurple_CMYK_20150212.png\",\"width\":900,\"height\":409,\"caption\":\"Mycosan\"},\"image\":{\"@id\":\"https:\/\/www.mycosan.com\/pl\/#\/schema\/logo\/image\/\"}}]}<\/script>\n<!-- \/ Yoast SEO plugin. -->","yoast_head_json":{"title":"Jak mo\u017cna zarazi\u0107 si\u0119 grzybic\u0105 paznokci? - Mycosan Grzybica Paznokci","robots":{"index":"index","follow":"follow","max-snippet":"max-snippet:-1","max-image-preview":"max-image-preview:large","max-video-preview":"max-video-preview:-1"},"canonical":"https:\/\/www.mycosan.com\/pl\/grzybica-paznokci\/jak-mozna-zarazic-sie-grzybica-paznokci\/","og_locale":"pl_PL","og_type":"article","og_title":"Jak mo\u017cna zarazi\u0107 si\u0119 grzybic\u0105 paznokci? - Mycosan Grzybica Paznokci","og_url":"https:\/\/www.mycosan.com\/pl\/grzybica-paznokci\/jak-mozna-zarazic-sie-grzybica-paznokci\/","og_site_name":"Mycosan Grzybica Paznokci","article_modified_time":"2020-12-09T09:41:54+00:00","twitter_card":"summary_large_image","twitter_misc":{"Est. reading time":"5 minutes"},"schema":{"@context":"https:\/\/schema.org","@graph":[{"@type":"WebPage","@id":"https:\/\/www.mycosan.com\/pl\/grzybica-paznokci\/jak-mozna-zarazic-sie-grzybica-paznokci\/","url":"https:\/\/www.mycosan.com\/pl\/grzybica-paznokci\/jak-mozna-zarazic-sie-grzybica-paznokci\/","name":"Jak mo\u017cna zarazi\u0107 si\u0119 grzybic\u0105 paznokci? - Mycosan Grzybica Paznokci","isPartOf":{"@id":"https:\/\/www.mycosan.com\/pl\/#website"},"datePublished":"2015-01-08T14:32:10+00:00","dateModified":"2020-12-09T09:41:54+00:00","breadcrumb":{"@id":"https:\/\/www.mycosan.com\/pl\/grzybica-paznokci\/jak-mozna-zarazic-sie-grzybica-paznokci\/#breadcrumb"},"inLanguage":"pl-PL","potentialAction":[{"@type":"ReadAction","target":["https:\/\/www.mycosan.com\/pl\/grzybica-paznokci\/jak-mozna-zarazic-sie-grzybica-paznokci\/"]}]},{"@type":"BreadcrumbList","@id":"https:\/\/www.mycosan.com\/pl\/grzybica-paznokci\/jak-mozna-zarazic-sie-grzybica-paznokci\/#breadcrumb","itemListElement":[{"@type":"ListItem","position":1,"name":"Home","item":"https:\/\/www.mycosan.com\/pl\/"},{"@type":"ListItem","position":2,"name":"Grzybica Paznokci","item":"https:\/\/www.mycosan.com\/pl\/grzybica-paznokci\/"},{"@type":"ListItem","position":3,"name":"Jak mo\u017cna zarazi\u0107 si\u0119 grzybic\u0105 paznokci?"}]},{"@type":"WebSite","@id":"https:\/\/www.mycosan.com\/pl\/#website","url":"https:\/\/www.mycosan.com\/pl\/","name":"Mycosan \u2013 Preparat na grzybice\u0328 sto\u0301p i paznokci","description":"","publisher":{"@id":"https:\/\/www.mycosan.com\/pl\/#organization"},"potentialAction":[{"@type":"SearchAction","target":{"@type":"EntryPoint","urlTemplate":"https:\/\/www.mycosan.com\/pl\/?s={search_term_string}"},"query-input":{"@type":"PropertyValueSpecification","valueRequired":true,"valueName":"search_term_string"}}],"inLanguage":"pl-PL"},{"@type":"Organization","@id":"https:\/\/www.mycosan.com\/pl\/#organization","name":"Mycosan","url":"https:\/\/www.mycosan.com\/pl\/","logo":{"@type":"ImageObject","inLanguage":"pl-PL","@id":"https:\/\/www.mycosan.com\/pl\/#\/schema\/logo\/image\/","url":"https:\/\/www.mycosan.com\/pl\/files\/2018\/05\/MycosanLogo_WhitePurple_CMYK_20150212.png","contentUrl":"https:\/\/www.mycosan.com\/pl\/files\/2018\/05\/MycosanLogo_WhitePurple_CMYK_20150212.png","width":900,"height":409,"caption":"Mycosan"},"image":{"@id":"https:\/\/www.mycosan.com\/pl\/#\/schema\/logo\/image\/"}}]}},"_links":{"self":[{"href":"https:\/\/www.mycosan.com\/pl\/wp-json\/wp\/v2\/pages\/3987","targetHints":{"allow":["GET"]}}],"collection":[{"href":"https:\/\/www.mycosan.com\/pl\/wp-json\/wp\/v2\/pages"}],"about":[{"href":"https:\/\/www.mycosan.com\/pl\/wp-json\/wp\/v2\/types\/page"}],"author":[{"embeddable":true,"href":"https:\/\/www.mycosan.com\/pl\/wp-json\/wp\/v2\/users\/1"}],"replies":[{"embeddable":true,"href":"https:\/\/www.mycosan.com\/pl\/wp-json\/wp\/v2\/comments?post=3987"}],"version-history":[{"count":0,"href":"https:\/\/www.mycosan.com\/pl\/wp-json\/wp\/v2\/pages\/3987\/revisions"}],"up":[{"embeddable":true,"href":"https:\/\/www.mycosan.com\/pl\/wp-json\/wp\/v2\/pages\/3983"}],"wp:attachment":[{"href":"https:\/\/www.mycosan.com\/pl\/wp-json\/wp\/v2\/media?parent=3987"}],"wp:term":[{"taxonomy":"page_type","embeddable":true,"href":"https:\/\/www.mycosan.com\/pl\/wp-json\/wp\/v2\/page_type?post=3987"}],"curies":[{"name":"wp","href":"https:\/\/api.w.org\/{rel}","templated":true}]}}