{"id":3945,"date":"2015-01-06T12:28:46","date_gmt":"2015-01-06T11:28:46","guid":{"rendered":"https:\/\/www.mycosan.com\/nl\/?page_id=3945"},"modified":"2020-12-09T11:41:54","modified_gmt":"2020-12-09T09:41:54","slug":"produkty","status":"publish","type":"page","link":"https:\/\/www.mycosan.com\/pl\/produkty\/","title":{"rendered":"Produkty"},"content":{"rendered":"<div id='producten'  class='avia-section av-av_section-fe82b91276d0aa8a67ae109e30110da3 main_color avia-section-default avia-no-shadow  avia-builder-el-0  el_before_av_section  avia-builder-el-first  avia-bg-style-scroll container_wrap sidebar_right'  ><div class='container av-section-cont-open' ><main  role=\"main\" itemprop=\"mainContentOfPage\"  class='template-page content  av-content-small alpha units'><div class='post-entry post-entry-type-page post-entry-3945'><div class='entry-content-wrapper clearfix'>\n<div  class='flex_column av-av_one_fourth-2a9015ff38129c418a3f2eafba3e9512 av_one_fourth  avia-builder-el-1  el_before_av_three_fourth  avia-builder-el-first  first flex_column_div  '     ><style type=\"text\/css\" data-created_by=\"avia_inline_auto\" id=\"style-css-av-av_image-8b6b4f65ddaeb42129db5e3438315b9b\">\n.avia-image-container.av-av_image-8b6b4f65ddaeb42129db5e3438315b9b img.avia_image{\nbox-shadow:none;\n}\n.avia-image-container.av-av_image-8b6b4f65ddaeb42129db5e3438315b9b .av-image-caption-overlay-center{\ncolor:#ffffff;\n}\n<\/style>\n<div  class='avia-image-container av-av_image-8b6b4f65ddaeb42129db5e3438315b9b av-styling- avia-align-center  avia-builder-el-2  avia-builder-el-no-sibling '   itemprop=\"image\" itemscope=\"itemscope\" itemtype=\"https:\/\/schema.org\/ImageObject\" ><div class=\"avia-image-container-inner\"><div class=\"avia-image-overlay-wrap\"><img decoding=\"async\" fetchpriority=\"high\" class='wp-image-9978 avia-img-lazy-loading-not-9978 avia_image ' src=\"https:\/\/www.mycosan.com\/pl\/files\/2017\/06\/slider11.png\" alt='Preparaty na grzybic\u0119 st\u00f3p i paznokci' title='slider11'  height=\"500\" width=\"700\"  itemprop=\"thumbnailUrl\" srcset=\"https:\/\/www.mycosan.com\/pl\/files\/2017\/06\/slider11.png 700w, https:\/\/www.mycosan.com\/pl\/files\/2017\/06\/slider11-300x214.png 300w, https:\/\/www.mycosan.com\/pl\/files\/2017\/06\/slider11-260x185.png 260w, https:\/\/www.mycosan.com\/pl\/files\/2017\/06\/slider11-450x321.png 450w\" sizes=\"(max-width: 700px) 100vw, 700px\" \/><\/div><\/div><\/div><\/div>\n<style type=\"text\/css\" data-created_by=\"avia_inline_auto\" id=\"style-css-av-av_three_fourth-9c1d454dc06f7247226bc4e8f931daae\">\n.flex_column.av-av_three_fourth-9c1d454dc06f7247226bc4e8f931daae{\nborder-radius:0px 0px 0px 0px;\npadding:0px 0px 0px 0px;\n}\n<\/style>\n<div  class='flex_column av-av_three_fourth-9c1d454dc06f7247226bc4e8f931daae av_three_fourth  avia-builder-el-3  el_after_av_one_fourth  avia-builder-el-last  flex_column_div av-zero-column-padding  '     ><section  class='av_textblock_section av-av_textblock-0366cc7376be6c9e82a3e9cc8987b64f '   itemscope=\"itemscope\" itemtype=\"https:\/\/schema.org\/CreativeWork\" ><div class='avia_textblock'  itemprop=\"text\" ><h1>Problem: Grzybica st\u00f3p lub grzybica paznokci?<\/h1>\n<\/div><\/section><br \/>\n<div  class='hr av-av_hr-dcd2069817a0e3d34ae04cad8f3443c7 hr-default  avia-builder-el-5  el_after_av_textblock  el_before_av_textblock '><span class='hr-inner '><span class=\"hr-inner-style\"><\/span><\/span><\/div><br \/>\n<section  class='av_textblock_section av-av_textblock-0366cc7376be6c9e82a3e9cc8987b64f '   itemscope=\"itemscope\" itemtype=\"https:\/\/schema.org\/CreativeWork\" ><div class='avia_textblock'  itemprop=\"text\" ><p>Grzybica st\u00f3p lub grzybica paznokci? Zadzia\u0142aj z Mycosan. Mycosan to marka obejmuj\u0105ca wyroby medyczne przeznaczone do leczenia grzybicy st\u00f3p i paznokci, zabezpieczaj\u0105ce przed infekcjami grzybiczymi oraz nawrotem grzybicy. Produkty marki Mycosan posiadaj\u0105 badania potwierdzaj\u0105ce ich skuteczno\u015b\u0107. Mog\u0105 by\u0107 stosowane przez osoby chore na cukrzyc\u0119, dzieci od 4 roku \u017cycia i starsze.<\/p>\n<p>Mycosan:<\/p>\n<p><a href=\"https:\/\/www.mycosan.com\/pl\/produkty\/mycosan-grzybica-paznokci\/\">Mycosan Grzybica Paznokci (5ml)<\/a><\/p>\n<p><a href=\"https:\/\/www.mycosan.com\/pl\/produkty\/mycosan-grzybica-paznokci\/\">Mycosan Grzybica Paznokci (10ml)<\/a><\/p>\n<p><a href=\"https:\/\/www.mycosan.com\/pl\/produkty\/mycosan-leczenie-grzybicy-stop\/\">Mycosan Leczenie Grzybicy St\u00f3p<\/a><\/p>\n<p><a href=\"https:\/\/www.mycosan.com\/pl\/produkty\/mycosan-ochrona\/\">Mycosan Ochrona<\/a><\/p>\n<h6><\/h6>\n<\/div><\/section><\/p><\/div>\n\n<\/div><\/div><\/main><!-- close content main element --><\/div><\/div><div id='kalknagel-producten'  class='avia-section av-av_section-9ece32b45a42c21ef967752af3db76cd main_color avia-section-default avia-shadow  avia-builder-el-7  el_after_av_section  el_before_av_section  avia-bg-style-scroll container_wrap sidebar_right'  ><div class='container av-section-cont-open' ><div class='template-page content  av-content-small alpha units'><div class='post-entry post-entry-type-page post-entry-3945'><div class='entry-content-wrapper clearfix'>\n<div  class='flex_column av-av_one_fourth-2a9015ff38129c418a3f2eafba3e9512 av_one_fourth  avia-builder-el-8  el_before_av_three_fourth  avia-builder-el-first  first flex_column_div  '     ><style type=\"text\/css\" data-created_by=\"avia_inline_auto\" id=\"style-css-av-av_image-04483b82dc1128d7b2cb05be768a6d02\">\n.avia-image-container.av-av_image-04483b82dc1128d7b2cb05be768a6d02 img.avia_image{\nbox-shadow:none;\n}\n.avia-image-container.av-av_image-04483b82dc1128d7b2cb05be768a6d02 .av-image-caption-overlay-center{\ncolor:#ffffff;\n}\n<\/style>\n<div  class='avia-image-container av-av_image-04483b82dc1128d7b2cb05be768a6d02 av-styling-no-styling avia-align-center  avia-builder-el-9  avia-builder-el-no-sibling '   itemprop=\"image\" itemscope=\"itemscope\" itemtype=\"https:\/\/schema.org\/ImageObject\" ><div class=\"avia-image-container-inner\"><div class=\"avia-image-overlay-wrap\"><img decoding=\"async\" fetchpriority=\"high\" class='wp-image-9810 avia-img-lazy-loading-not-9810 avia_image ' src=\"https:\/\/www.mycosan.com\/pl\/files\/2017\/04\/mycosan_grzybica-paznokci-199x300.png\" alt='Mycosan \u2013 Preparat na grzybic\u0119 paznokci' title='mycosan_grzybica paznokci'  height=\"300\" width=\"199\"  itemprop=\"thumbnailUrl\" srcset=\"https:\/\/www.mycosan.com\/pl\/files\/2017\/04\/mycosan_grzybica-paznokci-199x300.png 199w, https:\/\/www.mycosan.com\/pl\/files\/2017\/04\/mycosan_grzybica-paznokci.png 398w\" sizes=\"(max-width: 199px) 100vw, 199px\" \/><\/div><\/div><\/div><\/div>\n<style type=\"text\/css\" data-created_by=\"avia_inline_auto\" id=\"style-css-av-av_three_fourth-9c1d454dc06f7247226bc4e8f931daae\">\n.flex_column.av-av_three_fourth-9c1d454dc06f7247226bc4e8f931daae{\nborder-radius:0px 0px 0px 0px;\npadding:0px 0px 0px 0px;\n}\n<\/style>\n<div  class='flex_column av-av_three_fourth-9c1d454dc06f7247226bc4e8f931daae av_three_fourth  avia-builder-el-10  el_after_av_one_fourth  avia-builder-el-last  flex_column_div av-zero-column-padding  '     ><section  class='av_textblock_section av-av_textblock-0366cc7376be6c9e82a3e9cc8987b64f '   itemscope=\"itemscope\" itemtype=\"https:\/\/schema.org\/CreativeWork\" ><div class='avia_textblock'  itemprop=\"text\" ><h1>Mycosan Grzybica Paznokci<\/h1>\n<\/div><\/section><br \/>\n<div  class='hr av-av_hr-dcd2069817a0e3d34ae04cad8f3443c7 hr-default  avia-builder-el-12  el_after_av_textblock  el_before_av_textblock '><span class='hr-inner '><span class=\"hr-inner-style\"><\/span><\/span><\/div><br \/>\n<section  class='av_textblock_section av-av_textblock-0366cc7376be6c9e82a3e9cc8987b64f '   itemscope=\"itemscope\" itemtype=\"https:\/\/schema.org\/CreativeWork\" ><div class='avia_textblock'  itemprop=\"text\" ><p>Zwalcza i zapobiega grzybicy paznokci. Wykazuje aktywno\u015b\u0107 od pierwszego zastosowania. Rezultaty widoczne w ci\u0105gu dw\u00f3ch tygodni*. Bezbarwne i bezzapachowe serum, wysycha w ci\u0105gu 2 minut.<\/p>\n<\/div><\/section><br \/>\n<div  class='hr av-av_hr-dcd2069817a0e3d34ae04cad8f3443c7 hr-default  avia-builder-el-14  el_after_av_textblock  el_before_av_button '><span class='hr-inner '><span class=\"hr-inner-style\"><\/span><\/span><\/div><br \/>\n<div  class='avia-button-wrap av-av_button-da51fb07a3a95648e2b1d69dec6bcbee-wrap avia-button-left  avia-builder-el-15  el_after_av_hr  el_before_av_button '><a href='https:\/\/www.mycosan.com\/pl\/produkty\/mycosan-grzybica-paznokci\/'  class='avia-button av-av_button-da51fb07a3a95648e2b1d69dec6bcbee av-link-btn avia-icon_select-no avia-size-large avia-position-left avia-color-blue'   aria-label=\"Wi\u0119cej informacji\"><span class='avia_iconbox_title' >Wi\u0119cej informacji<\/span><\/a><\/div><br \/>\n<div  class='avia-button-wrap av-av_button-c397a46347fa844af7877f6092997a80-wrap avia-button-left  avia-builder-el-16  el_after_av_button  avia-builder-el-last '><a href='https:\/\/www.ceneo.pl\/35338707#mh=n9K5rRPi200000sb9jAlcJFmSRLFpfnITmiEkyhOQpTqyOH8kCdmUlliiKAR-H_Xqz2oG5mEMcA5gsPPJ50f5B7AWr_ifbCogxJwiJIMs23m9XriKZzPI_lMVpzZR8ec8C-QpxyINAA8Pd4gVdf8gjmiRUhKgwJ3kFt7yI8uqqBhGV91iFYrXkWYQbmqNcAYS2Q2'  class='avia-button av-av_button-c397a46347fa844af7877f6092997a80 av-link-btn avia-icon_select-no avia-size-large avia-position-left avia-color-blue'  target=\"_blank\"  rel=\"noopener noreferrer\"  aria-label=\"Gdzie kupi\u0107\"><span class='avia_iconbox_title' >Gdzie kupi\u0107<\/span><\/a><\/div><\/p><\/div>\n\n<\/div><\/div><\/div><!-- close content main div --><\/div><\/div><div id='kalknagel-producten'  class='avia-section av-av_section-9ece32b45a42c21ef967752af3db76cd main_color avia-section-default avia-shadow  avia-builder-el-17  el_after_av_section  el_before_av_section  avia-bg-style-scroll container_wrap sidebar_right'  ><div class='container av-section-cont-open' ><div class='template-page content  av-content-small alpha units'><div class='post-entry post-entry-type-page post-entry-3945'><div class='entry-content-wrapper clearfix'>\n<div  class='flex_column av-av_one_fourth-2a9015ff38129c418a3f2eafba3e9512 av_one_fourth  avia-builder-el-18  el_before_av_three_fourth  avia-builder-el-first  first flex_column_div  '     ><style type=\"text\/css\" data-created_by=\"avia_inline_auto\" id=\"style-css-av-av_image-87cd3af50aa1e658916fe3c80910cbd3\">\n.avia-image-container.av-av_image-87cd3af50aa1e658916fe3c80910cbd3 img.avia_image{\nbox-shadow:none;\n}\n.avia-image-container.av-av_image-87cd3af50aa1e658916fe3c80910cbd3 .av-image-caption-overlay-center{\ncolor:#ffffff;\n}\n<\/style>\n<div  class='avia-image-container av-av_image-87cd3af50aa1e658916fe3c80910cbd3 av-styling-no-styling avia-align-center  avia-builder-el-19  avia-builder-el-no-sibling '   itemprop=\"image\" itemscope=\"itemscope\" itemtype=\"https:\/\/schema.org\/ImageObject\" ><div class=\"avia-image-container-inner\"><div class=\"avia-image-overlay-wrap\"><img decoding=\"async\" fetchpriority=\"high\" class='wp-image-9847 avia-img-lazy-loading-not-9847 avia_image ' src=\"https:\/\/www.mycosan.com\/pl\/files\/2017\/06\/stop3.png\" alt='' title='stop3'  height=\"300\" width=\"133\"  itemprop=\"thumbnailUrl\"  \/><\/div><\/div><\/div><\/div>\n<style type=\"text\/css\" data-created_by=\"avia_inline_auto\" id=\"style-css-av-av_three_fourth-9c1d454dc06f7247226bc4e8f931daae\">\n.flex_column.av-av_three_fourth-9c1d454dc06f7247226bc4e8f931daae{\nborder-radius:0px 0px 0px 0px;\npadding:0px 0px 0px 0px;\n}\n<\/style>\n<div  class='flex_column av-av_three_fourth-9c1d454dc06f7247226bc4e8f931daae av_three_fourth  avia-builder-el-20  el_after_av_one_fourth  avia-builder-el-last  flex_column_div av-zero-column-padding  '     ><section  class='av_textblock_section av-av_textblock-0366cc7376be6c9e82a3e9cc8987b64f '   itemscope=\"itemscope\" itemtype=\"https:\/\/schema.org\/CreativeWork\" ><div class='avia_textblock'  itemprop=\"text\" ><h1>Mycosan Leczenie Grzybicy St\u00f3p<\/h1>\n<\/div><\/section><br \/>\n<div  class='hr av-av_hr-dcd2069817a0e3d34ae04cad8f3443c7 hr-default  avia-builder-el-22  el_after_av_textblock  el_before_av_textblock '><span class='hr-inner '><span class=\"hr-inner-style\"><\/span><\/span><\/div><br \/>\n<section  class='av_textblock_section av-av_textblock-0366cc7376be6c9e82a3e9cc8987b64f '   itemscope=\"itemscope\" itemtype=\"https:\/\/schema.org\/CreativeWork\" ><div class='avia_textblock'  itemprop=\"text\" ><p>\u0141atwy w stosowaniu i wysoce skuteczny \u017cel do leczenia grzybicy st\u00f3p. Zabija 99,9%** grzyb\u00f3w wywo\u0142uj\u0105cych grzybic\u0119 st\u00f3p.<\/p>\n<p>**\u00a0 Test in vitro listopad\u00a02015<\/p>\n<\/div><\/section><br \/>\n<div  class='hr av-av_hr-dcd2069817a0e3d34ae04cad8f3443c7 hr-default  avia-builder-el-24  el_after_av_textblock  el_before_av_button '><span class='hr-inner '><span class=\"hr-inner-style\"><\/span><\/span><\/div><br \/>\n<div  class='avia-button-wrap av-av_button-aa83ad74370c45920435b980ef60fa01-wrap avia-button-left  avia-builder-el-25  el_after_av_hr  el_before_av_button '><a href='https:\/\/www.mycosan.com\/pl\/produkty\/mycosan-leczenie-grzybicy-stop\/'  class='avia-button av-av_button-aa83ad74370c45920435b980ef60fa01 av-link-btn avia-icon_select-no avia-size-large avia-position-left avia-color-blue'   aria-label=\"Wiecej informacji\"><span class='avia_iconbox_title' >Wiecej informacji<\/span><\/a><\/div><br \/>\n<div  class='avia-button-wrap av-av_button-9a1bcd7114802491faf6c0fb5328e446-wrap avia-button-left  avia-builder-el-26  el_after_av_button  avia-builder-el-last '><a href='https:\/\/www.ceneo.pl\/52528965#mh=y8d6KRDQ99008siroscanbmwlsC2mUrVzljNDmCVxHiEkyhOQpTqyJuESIwTaeG0wxT6YAWVHJV12Q9xCeDsdHdUl0v3H1_Kz1DIcHfie1UiEHgC3xcATH2rGG4RiufIjM316W6O6kq6O7Hlsfo9WsaLLjg95TVD_v8y_6DhPvSHTIv7_23TAtChNzzx_9Oa36TpuK2KGQ43brsAvTbih0'  class='avia-button av-av_button-9a1bcd7114802491faf6c0fb5328e446 av-link-btn avia-icon_select-no avia-size-large avia-position-left avia-color-blue'  target=\"_blank\"  rel=\"noopener noreferrer\"  aria-label=\"Gdzie kupi\u0107\"><span class='avia_iconbox_title' >Gdzie kupi\u0107<\/span><\/a><\/div><\/p><\/div><\/div><\/div><\/div><!-- close content main div --><\/div><\/div><div id='kalknagel-producten'  class='avia-section av-av_section-9ece32b45a42c21ef967752af3db76cd main_color avia-section-default avia-shadow  avia-builder-el-27  el_after_av_section  avia-builder-el-last  avia-bg-style-scroll container_wrap sidebar_right'  ><div class='container av-section-cont-open' ><div class='template-page content  av-content-small alpha units'><div class='post-entry post-entry-type-page post-entry-3945'><div class='entry-content-wrapper clearfix'>\n<div  class='flex_column av-av_one_fourth-2a9015ff38129c418a3f2eafba3e9512 av_one_fourth  avia-builder-el-28  el_before_av_three_fourth  avia-builder-el-first  first flex_column_div  '     ><style type=\"text\/css\" data-created_by=\"avia_inline_auto\" id=\"style-css-av-av_image-adc2b5324694613f8e849ce8ec08b5a8\">\n.avia-image-container.av-av_image-adc2b5324694613f8e849ce8ec08b5a8 img.avia_image{\nbox-shadow:none;\n}\n.avia-image-container.av-av_image-adc2b5324694613f8e849ce8ec08b5a8 .av-image-caption-overlay-center{\ncolor:#ffffff;\n}\n<\/style>\n<div  class='avia-image-container av-av_image-adc2b5324694613f8e849ce8ec08b5a8 av-styling-no-styling avia-align-center  avia-builder-el-29  avia-builder-el-no-sibling '   itemprop=\"image\" itemscope=\"itemscope\" itemtype=\"https:\/\/schema.org\/ImageObject\" ><div class=\"avia-image-container-inner\"><div class=\"avia-image-overlay-wrap\"><img decoding=\"async\" fetchpriority=\"high\" class='wp-image-9983 avia-img-lazy-loading-not-9983 avia_image ' src=\"https:\/\/www.mycosan.com\/pl\/files\/2015\/01\/ochrona1-93x300.png\" alt='' title='ochrona1'  height=\"300\" width=\"93\"  itemprop=\"thumbnailUrl\" srcset=\"https:\/\/www.mycosan.com\/pl\/files\/2015\/01\/ochrona1-93x300.png 93w, https:\/\/www.mycosan.com\/pl\/files\/2015\/01\/ochrona1.png 186w\" sizes=\"(max-width: 93px) 100vw, 93px\" \/><\/div><\/div><\/div><\/div>\n<style type=\"text\/css\" data-created_by=\"avia_inline_auto\" id=\"style-css-av-av_three_fourth-9c1d454dc06f7247226bc4e8f931daae\">\n.flex_column.av-av_three_fourth-9c1d454dc06f7247226bc4e8f931daae{\nborder-radius:0px 0px 0px 0px;\npadding:0px 0px 0px 0px;\n}\n<\/style>\n<div  class='flex_column av-av_three_fourth-9c1d454dc06f7247226bc4e8f931daae av_three_fourth  avia-builder-el-30  el_after_av_one_fourth  avia-builder-el-last  flex_column_div av-zero-column-padding  '     ><section  class='av_textblock_section av-av_textblock-0366cc7376be6c9e82a3e9cc8987b64f '   itemscope=\"itemscope\" itemtype=\"https:\/\/schema.org\/CreativeWork\" ><div class='avia_textblock'  itemprop=\"text\" ><h1>Mycosan Ochrona<\/h1>\n<\/div><\/section><br \/>\n<div  class='hr av-av_hr-dcd2069817a0e3d34ae04cad8f3443c7 hr-default  avia-builder-el-32  el_after_av_textblock  el_before_av_textblock '><span class='hr-inner '><span class=\"hr-inner-style\"><\/span><\/span><\/div><br \/>\n<section  class='av_textblock_section av-av_textblock-0366cc7376be6c9e82a3e9cc8987b64f '   itemscope=\"itemscope\" itemtype=\"https:\/\/schema.org\/CreativeWork\" ><div class='avia_textblock'  itemprop=\"text\" ><p>Przeciwgrzybiczy p\u0142yn do rozpylania na sk\u00f3r\u0119 st\u00f3p. Zapobiega grzybicy st\u00f3p i paznokci oraz zmniejsza ryzyko ponownego zaka\u017cenia. 12 godzinna bariera ochronna, wodoodporny.<\/p>\n<\/div><\/section><br \/>\n<div  class='hr av-av_hr-dcd2069817a0e3d34ae04cad8f3443c7 hr-default  avia-builder-el-34  el_after_av_textblock  el_before_av_button '><span class='hr-inner '><span class=\"hr-inner-style\"><\/span><\/span><\/div><br \/>\n<div  class='avia-button-wrap av-av_button-cb9b49b73e611f2d816f2edb7453908f-wrap avia-button-left  avia-builder-el-35  el_after_av_hr  el_before_av_button '><a href='https:\/\/www.mycosan.com\/pl\/produkty\/mycosan-ochrona\/'  class='avia-button av-av_button-cb9b49b73e611f2d816f2edb7453908f av-link-btn avia-icon_select-no avia-size-large avia-position-left avia-color-blue'   aria-label=\"Wiecej informacji\"><span class='avia_iconbox_title' >Wiecej informacji<\/span><\/a><\/div><br \/>\n<div  class='avia-button-wrap av-av_button-2ff4de11e0fed95c395311b9c9cb9e4d-wrap avia-button-left  avia-builder-el-36  el_after_av_button  avia-builder-el-last '><a href='https:\/\/www.ceneo.pl\/45255410#mh=h5L4g0OU89008siroscanECQM62Wgv8MormcoYz-9iCEkyhOQpTqyCLN3AHgyNCTxSnf0CMqQvPau6ZqYpCvHDpKzgiIxFOraDRaufriyDEiEHgC3xcATH2rGG4RiufIjM316W6O6kq6O7Hlsfo9WsaLLjg95TVD_v8y_6DhPvSHTIv7_23TAtChNzzx_9Oa36TpuK2KGQ43brsAvTbih0'  class='avia-button av-av_button-2ff4de11e0fed95c395311b9c9cb9e4d av-link-btn avia-icon_select-no avia-size-large avia-position-left avia-color-blue'  target=\"_blank\"  rel=\"noopener noreferrer\"  aria-label=\"Gdzie kupi\u0107\"><span class='avia_iconbox_title' >Gdzie kupi\u0107<\/span><\/a><\/div><\/p><\/div><\/div><\/div><\/div><!-- close content main div --><\/div><\/div><div id='after_section_4'  class='main_color av_default_container_wrap container_wrap sidebar_right'  ><div class='container av-section-cont-open' ><div class='template-page content  av-content-small alpha units'><div class='post-entry post-entry-type-page post-entry-3945'><div class='entry-content-wrapper clearfix'><\/p>\n","protected":false},"excerpt":{"rendered":"","protected":false},"author":1,"featured_media":0,"parent":0,"menu_order":1,"comment_status":"closed","ping_status":"closed","template":"","meta":{"_acf_changed":false,"footnotes":""},"page_type":[],"class_list":["post-3945","page","type-page","status-publish","hentry"],"acf":[],"yoast_head":"<!-- This site is optimized with the Yoast SEO plugin v26.9 - https:\/\/yoast.com\/product\/yoast-seo-wordpress\/ -->\n<title>Produkty - Mycosan Grzybica Paznokci<\/title>\n<meta name=\"robots\" content=\"index, follow, max-snippet:-1, max-image-preview:large, max-video-preview:-1\" \/>\n<link rel=\"canonical\" href=\"https:\/\/www.mycosan.com\/pl\/produkty\/\" \/>\n<meta property=\"og:locale\" content=\"pl_PL\" \/>\n<meta property=\"og:type\" content=\"article\" \/>\n<meta property=\"og:title\" content=\"Produkty - Mycosan Grzybica Paznokci\" \/>\n<meta property=\"og:url\" content=\"https:\/\/www.mycosan.com\/pl\/produkty\/\" \/>\n<meta property=\"og:site_name\" content=\"Mycosan Grzybica Paznokci\" \/>\n<meta property=\"article:modified_time\" content=\"2020-12-09T09:41:54+00:00\" \/>\n<meta name=\"twitter:card\" content=\"summary_large_image\" \/>\n<meta name=\"twitter:label1\" content=\"Est. reading time\" \/>\n\t<meta name=\"twitter:data1\" content=\"7 minutes\" \/>\n<script type=\"application\/ld+json\" class=\"yoast-schema-graph\">{\"@context\":\"https:\/\/schema.org\",\"@graph\":[{\"@type\":\"WebPage\",\"@id\":\"https:\/\/www.mycosan.com\/pl\/produkty\/\",\"url\":\"https:\/\/www.mycosan.com\/pl\/produkty\/\",\"name\":\"Produkty - Mycosan Grzybica Paznokci\",\"isPartOf\":{\"@id\":\"https:\/\/www.mycosan.com\/pl\/#website\"},\"datePublished\":\"2015-01-06T11:28:46+00:00\",\"dateModified\":\"2020-12-09T09:41:54+00:00\",\"breadcrumb\":{\"@id\":\"https:\/\/www.mycosan.com\/pl\/produkty\/#breadcrumb\"},\"inLanguage\":\"pl-PL\",\"potentialAction\":[{\"@type\":\"ReadAction\",\"target\":[\"https:\/\/www.mycosan.com\/pl\/produkty\/\"]}]},{\"@type\":\"BreadcrumbList\",\"@id\":\"https:\/\/www.mycosan.com\/pl\/produkty\/#breadcrumb\",\"itemListElement\":[{\"@type\":\"ListItem\",\"position\":1,\"name\":\"Home\",\"item\":\"https:\/\/www.mycosan.com\/pl\/\"},{\"@type\":\"ListItem\",\"position\":2,\"name\":\"Produkty\"}]},{\"@type\":\"WebSite\",\"@id\":\"https:\/\/www.mycosan.com\/pl\/#website\",\"url\":\"https:\/\/www.mycosan.com\/pl\/\",\"name\":\"Mycosan \u2013 Preparat na grzybice\u0328 sto\u0301p i paznokci\",\"description\":\"\",\"publisher\":{\"@id\":\"https:\/\/www.mycosan.com\/pl\/#organization\"},\"potentialAction\":[{\"@type\":\"SearchAction\",\"target\":{\"@type\":\"EntryPoint\",\"urlTemplate\":\"https:\/\/www.mycosan.com\/pl\/?s={search_term_string}\"},\"query-input\":{\"@type\":\"PropertyValueSpecification\",\"valueRequired\":true,\"valueName\":\"search_term_string\"}}],\"inLanguage\":\"pl-PL\"},{\"@type\":\"Organization\",\"@id\":\"https:\/\/www.mycosan.com\/pl\/#organization\",\"name\":\"Mycosan\",\"url\":\"https:\/\/www.mycosan.com\/pl\/\",\"logo\":{\"@type\":\"ImageObject\",\"inLanguage\":\"pl-PL\",\"@id\":\"https:\/\/www.mycosan.com\/pl\/#\/schema\/logo\/image\/\",\"url\":\"https:\/\/www.mycosan.com\/pl\/files\/2018\/05\/MycosanLogo_WhitePurple_CMYK_20150212.png\",\"contentUrl\":\"https:\/\/www.mycosan.com\/pl\/files\/2018\/05\/MycosanLogo_WhitePurple_CMYK_20150212.png\",\"width\":900,\"height\":409,\"caption\":\"Mycosan\"},\"image\":{\"@id\":\"https:\/\/www.mycosan.com\/pl\/#\/schema\/logo\/image\/\"}}]}<\/script>\n<!-- \/ Yoast SEO plugin. -->","yoast_head_json":{"title":"Produkty - Mycosan Grzybica Paznokci","robots":{"index":"index","follow":"follow","max-snippet":"max-snippet:-1","max-image-preview":"max-image-preview:large","max-video-preview":"max-video-preview:-1"},"canonical":"https:\/\/www.mycosan.com\/pl\/produkty\/","og_locale":"pl_PL","og_type":"article","og_title":"Produkty - Mycosan Grzybica Paznokci","og_url":"https:\/\/www.mycosan.com\/pl\/produkty\/","og_site_name":"Mycosan Grzybica Paznokci","article_modified_time":"2020-12-09T09:41:54+00:00","twitter_card":"summary_large_image","twitter_misc":{"Est. reading time":"7 minutes"},"schema":{"@context":"https:\/\/schema.org","@graph":[{"@type":"WebPage","@id":"https:\/\/www.mycosan.com\/pl\/produkty\/","url":"https:\/\/www.mycosan.com\/pl\/produkty\/","name":"Produkty - Mycosan Grzybica Paznokci","isPartOf":{"@id":"https:\/\/www.mycosan.com\/pl\/#website"},"datePublished":"2015-01-06T11:28:46+00:00","dateModified":"2020-12-09T09:41:54+00:00","breadcrumb":{"@id":"https:\/\/www.mycosan.com\/pl\/produkty\/#breadcrumb"},"inLanguage":"pl-PL","potentialAction":[{"@type":"ReadAction","target":["https:\/\/www.mycosan.com\/pl\/produkty\/"]}]},{"@type":"BreadcrumbList","@id":"https:\/\/www.mycosan.com\/pl\/produkty\/#breadcrumb","itemListElement":[{"@type":"ListItem","position":1,"name":"Home","item":"https:\/\/www.mycosan.com\/pl\/"},{"@type":"ListItem","position":2,"name":"Produkty"}]},{"@type":"WebSite","@id":"https:\/\/www.mycosan.com\/pl\/#website","url":"https:\/\/www.mycosan.com\/pl\/","name":"Mycosan \u2013 Preparat na grzybice\u0328 sto\u0301p i paznokci","description":"","publisher":{"@id":"https:\/\/www.mycosan.com\/pl\/#organization"},"potentialAction":[{"@type":"SearchAction","target":{"@type":"EntryPoint","urlTemplate":"https:\/\/www.mycosan.com\/pl\/?s={search_term_string}"},"query-input":{"@type":"PropertyValueSpecification","valueRequired":true,"valueName":"search_term_string"}}],"inLanguage":"pl-PL"},{"@type":"Organization","@id":"https:\/\/www.mycosan.com\/pl\/#organization","name":"Mycosan","url":"https:\/\/www.mycosan.com\/pl\/","logo":{"@type":"ImageObject","inLanguage":"pl-PL","@id":"https:\/\/www.mycosan.com\/pl\/#\/schema\/logo\/image\/","url":"https:\/\/www.mycosan.com\/pl\/files\/2018\/05\/MycosanLogo_WhitePurple_CMYK_20150212.png","contentUrl":"https:\/\/www.mycosan.com\/pl\/files\/2018\/05\/MycosanLogo_WhitePurple_CMYK_20150212.png","width":900,"height":409,"caption":"Mycosan"},"image":{"@id":"https:\/\/www.mycosan.com\/pl\/#\/schema\/logo\/image\/"}}]}},"_links":{"self":[{"href":"https:\/\/www.mycosan.com\/pl\/wp-json\/wp\/v2\/pages\/3945","targetHints":{"allow":["GET"]}}],"collection":[{"href":"https:\/\/www.mycosan.com\/pl\/wp-json\/wp\/v2\/pages"}],"about":[{"href":"https:\/\/www.mycosan.com\/pl\/wp-json\/wp\/v2\/types\/page"}],"author":[{"embeddable":true,"href":"https:\/\/www.mycosan.com\/pl\/wp-json\/wp\/v2\/users\/1"}],"replies":[{"embeddable":true,"href":"https:\/\/www.mycosan.com\/pl\/wp-json\/wp\/v2\/comments?post=3945"}],"version-history":[{"count":0,"href":"https:\/\/www.mycosan.com\/pl\/wp-json\/wp\/v2\/pages\/3945\/revisions"}],"wp:attachment":[{"href":"https:\/\/www.mycosan.com\/pl\/wp-json\/wp\/v2\/media?parent=3945"}],"wp:term":[{"taxonomy":"page_type","embeddable":true,"href":"https:\/\/www.mycosan.com\/pl\/wp-json\/wp\/v2\/page_type?post=3945"}],"curies":[{"name":"wp","href":"https:\/\/api.w.org\/{rel}","templated":true}]}}