{"id":8617,"date":"2015-01-23T12:43:09","date_gmt":"2015-01-23T11:43:09","guid":{"rendered":"https:\/\/www.mycosan.com\/test\/?page_id=4090"},"modified":"2018-08-17T14:54:00","modified_gmt":"2018-08-17T13:54:00","slug":"kas-ir-mycosan","status":"publish","type":"page","link":"https:\/\/www.mycosan.com\/lv\/kadel-lietot-mycosan\/kas-ir-mycosan\/","title":{"rendered":"Kas ir Mycosan?"},"content":{"rendered":"<div  class='flex_column av-av_one_fourth-2a9015ff38129c418a3f2eafba3e9512 av_one_fourth  avia-builder-el-0  el_before_av_three_fourth  avia-builder-el-first  first flex_column_div  '     ><style type=\"text\/css\" data-created_by=\"avia_inline_auto\" id=\"style-css-av-av_image-318b07dd5d5658e3180aed14adf4136f\">\n.avia-image-container.av-av_image-318b07dd5d5658e3180aed14adf4136f img.avia_image{\nbox-shadow:none;\n}\n.avia-image-container.av-av_image-318b07dd5d5658e3180aed14adf4136f .av-image-caption-overlay-center{\ncolor:#ffffff;\n}\n<\/style>\n<div  class='avia-image-container av-av_image-318b07dd5d5658e3180aed14adf4136f av-styling- avia-align-center  avia-builder-el-1  avia-builder-el-no-sibling '   itemprop=\"image\" itemscope=\"itemscope\" itemtype=\"https:\/\/schema.org\/ImageObject\" ><div class=\"avia-image-container-inner\"><div class=\"avia-image-overlay-wrap\"><img decoding=\"async\" fetchpriority=\"high\" class='wp-image-8819 avia-img-lazy-loading-not-8819 avia_image ' src=\"https:\/\/www.mycosan.com\/lv\/files\/2013\/04\/MYC_EG_GroepPackshot_20160210-300x180.png\" alt='' title='MYC_EG_GroepPackshot_20160210'  height=\"180\" width=\"300\"  itemprop=\"thumbnailUrl\" srcset=\"https:\/\/www.mycosan.com\/lv\/files\/2013\/04\/MYC_EG_GroepPackshot_20160210-300x180.png 300w, https:\/\/www.mycosan.com\/lv\/files\/2013\/04\/MYC_EG_GroepPackshot_20160210-768x462.png 768w, https:\/\/www.mycosan.com\/lv\/files\/2013\/04\/MYC_EG_GroepPackshot_20160210-1030x619.png 1030w, https:\/\/www.mycosan.com\/lv\/files\/2013\/04\/MYC_EG_GroepPackshot_20160210-600x361.png 600w, https:\/\/www.mycosan.com\/lv\/files\/2013\/04\/MYC_EG_GroepPackshot_20160210.png 1500w, https:\/\/www.mycosan.com\/lv\/files\/2013\/04\/MYC_EG_GroepPackshot_20160210-705x424.png 705w, https:\/\/www.mycosan.com\/lv\/files\/2013\/04\/MYC_EG_GroepPackshot_20160210-450x271.png 450w\" sizes=\"(max-width: 300px) 100vw, 300px\" \/><\/div><\/div><\/div><\/div>\n\n<style type=\"text\/css\" data-created_by=\"avia_inline_auto\" id=\"style-css-av-av_three_fourth-9c1d454dc06f7247226bc4e8f931daae\">\n.flex_column.av-av_three_fourth-9c1d454dc06f7247226bc4e8f931daae{\nborder-radius:0px 0px 0px 0px;\npadding:0px 0px 0px 0px;\n}\n<\/style>\n<div  class='flex_column av-av_three_fourth-9c1d454dc06f7247226bc4e8f931daae av_three_fourth  avia-builder-el-2  el_after_av_one_fourth  el_before_av_section  avia-builder-el-last  flex_column_div av-zero-column-padding  '     ><section  class='av_textblock_section av-av_textblock-0366cc7376be6c9e82a3e9cc8987b64f '   itemscope=\"itemscope\" itemtype=\"https:\/\/schema.org\/CreativeWork\" ><div class='avia_textblock'  itemprop=\"text\" ><h1>Kas ir Mycosan?<\/h1>\n<\/div><\/section><br \/>\n<div  class='hr av-av_hr-dcd2069817a0e3d34ae04cad8f3443c7 hr-default  avia-builder-el-4  el_after_av_textblock  el_before_av_textblock '><span class='hr-inner '><span class=\"hr-inner-style\"><\/span><\/span><\/div><br \/>\n<section  class='av_textblock_section av-av_textblock-0366cc7376be6c9e82a3e9cc8987b64f '   itemscope=\"itemscope\" itemtype=\"https:\/\/schema.org\/CreativeWork\" ><div class='avia_textblock'  itemprop=\"text\" ><h4>L\u012bdzek\u013ci nagu s\u0113n\u012b\u0161u un \u201eatl\u0113ta p\u0113das\u201d \u0101rst\u0113\u0161anai un piln\u012bgai aizsardz\u012bbai pret atk\u0101rtot\u0101m s\u0113n\u012b\u0161u infekcij\u0101m.<\/h4>\n<p>Apstiprin\u0101ts, ka Mycosan ir efekt\u012bvs un akt\u012bvs pret s\u0113n\u012bt\u0113m, kas izraisa <a href=\"https:\/\/www.mycosan.com\/lv\/fungal-nail\/what-is-a-fungal-nail\/\">nagu s\u0113n\u012b\u0161u infekcijas<\/a>\u00a0un \u201eatl\u0113ta p\u0113du\u201d. Tas ir vienk\u0101r\u0161s un \u0101trs risin\u0101jums*. <a href=\"https:\/\/www.mycosan.com\/lv\/products\/mycosan-fungal-nail\/\">Mycosan l\u012bdzeklim pret nagu s\u0113n\u012bt\u0113m<\/a>\u00a0ir unik\u0101ls sast\u0101vs, un to var lietot ar\u012b diab\u0113ta slimnieki un b\u0113rni no \u010detru gadu vecuma.<\/p>\n<p><strong>Mycosan s\u0113rij\u0101 ietilpst<\/strong>:<br \/>\nMycosan l\u012bdzeklis pret nagu s\u0113n\u012bt\u0113m (5\u00a0ml un 10\u00a0ml), Mycosan prets\u0113n\u012b\u0161u gels p\u0113d\u0101m un Mycosan aizsarg\u0101jo\u0161as putas pret s\u0113n\u012bt\u0113m.<\/p>\n<p><strong>L\u012bdzeklis pret nagu s\u0113n\u012bt\u0113m<\/strong><br \/>\nMycosan l\u012bdzeklis pret nagu s\u0113n\u012bt\u0113m \u0101rst\u0113 vieglu un vid\u0113ji smagu formu nagu s\u0113n\u012b\u0161u infekcijas. Mycosan\u00a0aizsarg\u0101\u00a0apk\u0101rt\u0113jos nagus no infic\u0113\u0161an\u0101s ar s\u0113n\u012bti.<\/p>\n<p><strong>Prets\u0113n\u012b\u0161u gels p\u0113d\u0101m<\/strong><br \/>\nMycosan prets\u0113n\u012b\u0161u gels p\u0113d\u0101m ir \u0113rti lietojams un \u013coti efekt\u012bvs gels \u201eatl\u0113ta p\u0113das\u201d \u0101rst\u0113\u0161anai.<\/p>\n<p><strong>Aizsarg\u0101jo\u0161as putas pret s\u0113n\u012bt\u0113m<\/strong><br \/>\nMycosan aizsarg\u0101jo\u0161as putas pret s\u0113n\u012bt\u0113m ir \u016bdensnotur\u012bgas putas p\u0113du aizsardz\u012bbai pret s\u0113n\u012b\u0161u infekcij\u0101m.<\/p>\n<h6>* 2011.\u00a0gad\u0101 notiku\u0161\u0101 pat\u0113r\u0113t\u0101ju aptauj\u0101 ir noskaidrots, ka 92\u00a0% lietot\u0101ju divu ned\u0113\u013cu laik\u0101 ir paman\u012bju\u0161i nagu virsmu st\u0101vok\u013ca uzlabo\u0161anos.<br \/>\n** Neviena 2011.\u00a0gad\u0101 notiku\u0161\u0101 kl\u012bnisk\u0101 p\u0113t\u012bjuma dal\u012bbnieka organism\u0101, kuriem bija vieglas vai vid\u0113ji smagas nagu s\u0113n\u012b\u0161u infekcijas, p\u0113c 90\u00a0dien\u0101m netika atrastas s\u0113n\u012btes, kas izraisa nagu s\u0113n\u012bti (Trichophyton rubrum, Trichophyton mentagrophytes vai Candida albicans).<br \/>\n*** \u00a0ja tiek lietots saska\u0146\u0101 ar lieto\u0161anas instrukcij\u0101 sniegtajiem nor\u0101d\u012bjumiem.<\/h6>\n<\/div><\/section><\/p><\/div>\n<\/div><\/div><\/div><!-- close content main div --><\/div><\/div><div id='hoewerkt'  class='avia-section av-av_section-d05cecc49d4ea48c0f45673d7112eeca main_color avia-section-default avia-no-border-styling  avia-builder-el-6  el_after_av_three_fourth  avia-builder-el-last  avia-bg-style-scroll container_wrap sidebar_right'  ><div class='container av-section-cont-open' ><div class='template-page content  av-content-small alpha units'><div class='post-entry post-entry-type-page post-entry-8617'><div class='entry-content-wrapper clearfix'>\n\n<style type=\"text\/css\" data-created_by=\"avia_inline_auto\" id=\"style-css-av-av_heading-ed39ccb6e567b4e53cab4d4680f06185\">\n#top .av-special-heading.av-av_heading-ed39ccb6e567b4e53cab4d4680f06185{\npadding-bottom:40px;\ncolor:#56327f;\n}\nbody .av-special-heading.av-av_heading-ed39ccb6e567b4e53cab4d4680f06185 .av-special-heading-tag .heading-char{\nfont-size:25px;\n}\n.av-special-heading.av-av_heading-ed39ccb6e567b4e53cab4d4680f06185 .special-heading-inner-border{\nborder-color:#56327f;\n}\n.av-special-heading.av-av_heading-ed39ccb6e567b4e53cab4d4680f06185 .av-subheading{\nfont-size:15px;\n}\n<\/style>\n<div  class='av-special-heading av-av_heading-ed39ccb6e567b4e53cab4d4680f06185 av-special-heading-h2 custom-color-heading blockquote modern-quote modern-centered  avia-builder-el-7  el_before_av_one_half  avia-builder-el-first '><h2 class='av-special-heading-tag '  itemprop=\"headline\"  >MYCOSAN PRODUKTI<\/h2><div class=\"special-heading-border\"><div class=\"special-heading-inner-border\"><\/div><\/div><\/div>\n\n<style type=\"text\/css\" data-created_by=\"avia_inline_auto\" id=\"style-css-av-av_one_half-9497bbf8bff73ea4c6992cc17fa9ec36\">\n.flex_column.av-av_one_half-9497bbf8bff73ea4c6992cc17fa9ec36{\nborder-radius:0px 0px 0px 0px;\npadding:0px 0px 0px 0px;\n}\n<\/style>\n<div  class='flex_column av-av_one_half-9497bbf8bff73ea4c6992cc17fa9ec36 av_one_half  avia-builder-el-8  el_after_av_heading  el_before_av_one_half  first flex_column_div av-zero-column-padding  '     ><p>\n<style type=\"text\/css\" data-created_by=\"avia_inline_auto\" id=\"style-css-av-av_image-56e0ecc48cb7cb980e62505aee9be205\">\n.avia-image-container.av-av_image-56e0ecc48cb7cb980e62505aee9be205 img.avia_image{\nbox-shadow:none;\n}\n.avia-image-container.av-av_image-56e0ecc48cb7cb980e62505aee9be205 .av-image-caption-overlay-center{\ncolor:#ffffff;\n}\n<\/style>\n<div  class='avia-image-container av-av_image-56e0ecc48cb7cb980e62505aee9be205 av-styling- avia-align-center  avia-builder-el-9  el_before_av_textblock  avia-builder-el-first '   itemprop=\"image\" itemscope=\"itemscope\" itemtype=\"https:\/\/schema.org\/ImageObject\" ><div class=\"avia-image-container-inner\"><div class=\"avia-image-overlay-wrap\"><img decoding=\"async\" fetchpriority=\"high\" class='wp-image-9139 avia-img-lazy-loading-not-9139 avia_image ' src=\"https:\/\/www.mycosan.com\/lv\/files\/2018\/07\/packshots-238x300.png\" alt='' title='packshots'  height=\"300\" width=\"238\"  itemprop=\"thumbnailUrl\" srcset=\"https:\/\/www.mycosan.com\/lv\/files\/2018\/07\/packshots-238x300.png 238w, https:\/\/www.mycosan.com\/lv\/files\/2018\/07\/packshots.png 393w\" sizes=\"(max-width: 238px) 100vw, 238px\" \/><\/div><\/div><\/div><br \/>\n<section  class='av_textblock_section av-av_textblock-0366cc7376be6c9e82a3e9cc8987b64f '   itemscope=\"itemscope\" itemtype=\"https:\/\/schema.org\/CreativeWork\" ><div class='avia_textblock'  itemprop=\"text\" ><h3><span style=\"color: #56327f; text-transform: uppercase;\">MYCOSAN L\u012aDZEKLIS PRET NAGU S\u0112N\u012aT\u0112M<\/span><\/h3>\n<p>\u0100trs un efekt\u012bvs l\u012bdzeklis nagu s\u0113n\u012b\u0161u infekcijas \u0101rst\u0113\u0161anai, paman\u0101ms rezult\u0101ts divu ned\u0113\u013cu laik\u0101.*<\/p>\n<\/div><\/section><br \/>\n<div  class='avia-button-wrap av-av_button-e45468cf4e6104e8158efc143717153d-wrap avia-button-left  avia-builder-el-11  el_after_av_textblock  avia-builder-el-last '><a href='https:\/\/www.mycosan.com\/lv\/produkti\/lidzeklis-pret-nagu-senitem\/'  class='avia-button av-av_button-e45468cf4e6104e8158efc143717153d av-link-btn avia-icon_select-no avia-size-medium avia-position-left avia-color-blue'   aria-label=\"Produkti\"><span class='avia_iconbox_title' >Produkti<\/span><\/a><\/div><\/p><\/div>\n<style type=\"text\/css\" data-created_by=\"avia_inline_auto\" id=\"style-css-av-av_one_half-9c1d454dc06f7247226bc4e8f931daae\">\n.flex_column.av-av_one_half-9c1d454dc06f7247226bc4e8f931daae{\nborder-radius:0px 0px 0px 0px;\npadding:0px 0px 0px 0px;\n}\n<\/style>\n<div  class='flex_column av-av_one_half-9c1d454dc06f7247226bc4e8f931daae av_one_half  avia-builder-el-12  el_after_av_one_half  avia-builder-el-last  flex_column_div av-zero-column-padding  '     ><p>\n<style type=\"text\/css\" data-created_by=\"avia_inline_auto\" id=\"style-css-av-av_image-32e1a18dde2499769458f7c84ba878e3\">\n.avia-image-container.av-av_image-32e1a18dde2499769458f7c84ba878e3 img.avia_image{\nbox-shadow:none;\n}\n.avia-image-container.av-av_image-32e1a18dde2499769458f7c84ba878e3 .av-image-caption-overlay-center{\ncolor:#ffffff;\n}\n<\/style>\n<div  class='avia-image-container av-av_image-32e1a18dde2499769458f7c84ba878e3 av-styling- avia-align-center  avia-builder-el-13  el_before_av_textblock  avia-builder-el-first '   itemprop=\"image\" itemscope=\"itemscope\" itemtype=\"https:\/\/schema.org\/ImageObject\" ><div class=\"avia-image-container-inner\"><div class=\"avia-image-overlay-wrap\"><img decoding=\"async\" fetchpriority=\"high\" class='wp-image-9162 avia-img-lazy-loading-not-9162 avia_image ' src=\"https:\/\/www.mycosan.com\/lv\/files\/2018\/08\/athlete-300x298.jpg\" alt='' title='athlete'  height=\"298\" width=\"300\"  itemprop=\"thumbnailUrl\" srcset=\"https:\/\/www.mycosan.com\/lv\/files\/2018\/08\/athlete-300x298.jpg 300w, https:\/\/www.mycosan.com\/lv\/files\/2018\/08\/athlete-80x80.jpg 80w, https:\/\/www.mycosan.com\/lv\/files\/2018\/08\/athlete-36x36.jpg 36w, https:\/\/www.mycosan.com\/lv\/files\/2018\/08\/athlete-180x180.jpg 180w, https:\/\/www.mycosan.com\/lv\/files\/2018\/08\/athlete-120x120.jpg 120w, https:\/\/www.mycosan.com\/lv\/files\/2018\/08\/athlete-450x446.jpg 450w, https:\/\/www.mycosan.com\/lv\/files\/2018\/08\/athlete.jpg 500w\" sizes=\"(max-width: 300px) 100vw, 300px\" \/><\/div><\/div><\/div><br \/>\n<section  class='av_textblock_section av-av_textblock-0366cc7376be6c9e82a3e9cc8987b64f '   itemscope=\"itemscope\" itemtype=\"https:\/\/schema.org\/CreativeWork\" ><div class='avia_textblock'  itemprop=\"text\" ><h3><span style=\"color: #56327f; text-transform: uppercase;\">Mycosan prets\u0113n\u012b\u0161u gels p\u0113d\u0101m<\/span><\/h3>\n<p>Unik\u0101ls higi\u0113nisks aplikators. Apstiprin\u0101ts, ka ar t\u0101 pal\u012bdz\u012bbu iesp\u0113jams izn\u012bcin\u0101t 99,9\u00a0% \u201eatl\u0113ta p\u0113du\u201d izraiso\u0161o s\u0113n\u012b\u0161u.<\/p>\n<\/div><\/section><br \/>\n<div  class='avia-button-wrap av-av_button-31d7fe0ed4b5aee7230b4fa35891a914-wrap avia-button-left  avia-builder-el-15  el_after_av_textblock  avia-builder-el-last '><a href='https:\/\/www.mycosan.com\/lv\/produkti\/pretsenisu-gels-pedam\/'  class='avia-button av-av_button-31d7fe0ed4b5aee7230b4fa35891a914 av-link-btn avia-icon_select-no avia-size-medium avia-position-left avia-color-blue'   aria-label=\"Produkti\"><span class='avia_iconbox_title' >Produkti<\/span><\/a><\/div><\/p><\/div>\n<\/div><\/div><\/div><!-- close content main div --><\/div><\/div><div id='after_section_1'  class='main_color av_default_container_wrap container_wrap sidebar_right'  ><div class='container av-section-cont-open' ><div class='template-page content  av-content-small alpha units'><div class='post-entry post-entry-type-page post-entry-8617'><div class='entry-content-wrapper clearfix'>\n","protected":false},"excerpt":{"rendered":"","protected":false},"author":1,"featured_media":0,"parent":8602,"menu_order":0,"comment_status":"open","ping_status":"closed","template":"","meta":{"_acf_changed":false,"footnotes":""},"page_type":[],"class_list":["post-8617","page","type-page","status-publish","hentry"],"acf":[],"yoast_head":"<!-- This site is optimized with the Yoast SEO plugin v26.9 - https:\/\/yoast.com\/product\/yoast-seo-wordpress\/ -->\n<title>Kas ir Mycosan? - Mycosan Nagu S\u0113n\u012btei<\/title>\n<meta name=\"robots\" content=\"index, follow, max-snippet:-1, max-image-preview:large, max-video-preview:-1\" \/>\n<link rel=\"canonical\" href=\"https:\/\/www.mycosan.com\/lv\/kadel-lietot-mycosan\/kas-ir-mycosan\/\" \/>\n<meta property=\"og:locale\" content=\"lv_LV\" \/>\n<meta property=\"og:type\" content=\"article\" \/>\n<meta property=\"og:title\" content=\"Kas ir Mycosan? - Mycosan Nagu S\u0113n\u012btei\" \/>\n<meta property=\"og:url\" content=\"https:\/\/www.mycosan.com\/lv\/kadel-lietot-mycosan\/kas-ir-mycosan\/\" \/>\n<meta property=\"og:site_name\" content=\"Mycosan Nagu S\u0113n\u012btei\" \/>\n<meta property=\"article:modified_time\" content=\"2018-08-17T13:54:00+00:00\" \/>\n<meta name=\"twitter:label1\" content=\"Est. reading time\" \/>\n\t<meta name=\"twitter:data1\" content=\"5 minutes\" \/>\n<script type=\"application\/ld+json\" class=\"yoast-schema-graph\">{\"@context\":\"https:\/\/schema.org\",\"@graph\":[{\"@type\":\"WebPage\",\"@id\":\"https:\/\/www.mycosan.com\/lv\/kadel-lietot-mycosan\/kas-ir-mycosan\/\",\"url\":\"https:\/\/www.mycosan.com\/lv\/kadel-lietot-mycosan\/kas-ir-mycosan\/\",\"name\":\"Kas ir Mycosan? - Mycosan Nagu S\u0113n\u012btei\",\"isPartOf\":{\"@id\":\"https:\/\/www.mycosan.com\/lv\/#website\"},\"datePublished\":\"2015-01-23T11:43:09+00:00\",\"dateModified\":\"2018-08-17T13:54:00+00:00\",\"breadcrumb\":{\"@id\":\"https:\/\/www.mycosan.com\/lv\/kadel-lietot-mycosan\/kas-ir-mycosan\/#breadcrumb\"},\"inLanguage\":\"lv\",\"potentialAction\":[{\"@type\":\"ReadAction\",\"target\":[\"https:\/\/www.mycosan.com\/lv\/kadel-lietot-mycosan\/kas-ir-mycosan\/\"]}]},{\"@type\":\"BreadcrumbList\",\"@id\":\"https:\/\/www.mycosan.com\/lv\/kadel-lietot-mycosan\/kas-ir-mycosan\/#breadcrumb\",\"itemListElement\":[{\"@type\":\"ListItem\",\"position\":1,\"name\":\"Home\",\"item\":\"https:\/\/www.mycosan.com\/lv\/\"},{\"@type\":\"ListItem\",\"position\":2,\"name\":\"K\u0101d\u0113\u013c lietot Mycosan?\",\"item\":\"https:\/\/www.mycosan.com\/lv\/kadel-lietot-mycosan\/\"},{\"@type\":\"ListItem\",\"position\":3,\"name\":\"Kas ir Mycosan?\"}]},{\"@type\":\"WebSite\",\"@id\":\"https:\/\/www.mycosan.com\/lv\/#website\",\"url\":\"https:\/\/www.mycosan.com\/lv\/\",\"name\":\"Mycosan Nagu S\u0113n\u012btei\",\"description\":\"\",\"potentialAction\":[{\"@type\":\"SearchAction\",\"target\":{\"@type\":\"EntryPoint\",\"urlTemplate\":\"https:\/\/www.mycosan.com\/lv\/?s={search_term_string}\"},\"query-input\":{\"@type\":\"PropertyValueSpecification\",\"valueRequired\":true,\"valueName\":\"search_term_string\"}}],\"inLanguage\":\"lv\"}]}<\/script>\n<!-- \/ Yoast SEO plugin. -->","yoast_head_json":{"title":"Kas ir Mycosan? - Mycosan Nagu S\u0113n\u012btei","robots":{"index":"index","follow":"follow","max-snippet":"max-snippet:-1","max-image-preview":"max-image-preview:large","max-video-preview":"max-video-preview:-1"},"canonical":"https:\/\/www.mycosan.com\/lv\/kadel-lietot-mycosan\/kas-ir-mycosan\/","og_locale":"lv_LV","og_type":"article","og_title":"Kas ir Mycosan? - Mycosan Nagu S\u0113n\u012btei","og_url":"https:\/\/www.mycosan.com\/lv\/kadel-lietot-mycosan\/kas-ir-mycosan\/","og_site_name":"Mycosan Nagu S\u0113n\u012btei","article_modified_time":"2018-08-17T13:54:00+00:00","twitter_misc":{"Est. reading time":"5 minutes"},"schema":{"@context":"https:\/\/schema.org","@graph":[{"@type":"WebPage","@id":"https:\/\/www.mycosan.com\/lv\/kadel-lietot-mycosan\/kas-ir-mycosan\/","url":"https:\/\/www.mycosan.com\/lv\/kadel-lietot-mycosan\/kas-ir-mycosan\/","name":"Kas ir Mycosan? - Mycosan Nagu S\u0113n\u012btei","isPartOf":{"@id":"https:\/\/www.mycosan.com\/lv\/#website"},"datePublished":"2015-01-23T11:43:09+00:00","dateModified":"2018-08-17T13:54:00+00:00","breadcrumb":{"@id":"https:\/\/www.mycosan.com\/lv\/kadel-lietot-mycosan\/kas-ir-mycosan\/#breadcrumb"},"inLanguage":"lv","potentialAction":[{"@type":"ReadAction","target":["https:\/\/www.mycosan.com\/lv\/kadel-lietot-mycosan\/kas-ir-mycosan\/"]}]},{"@type":"BreadcrumbList","@id":"https:\/\/www.mycosan.com\/lv\/kadel-lietot-mycosan\/kas-ir-mycosan\/#breadcrumb","itemListElement":[{"@type":"ListItem","position":1,"name":"Home","item":"https:\/\/www.mycosan.com\/lv\/"},{"@type":"ListItem","position":2,"name":"K\u0101d\u0113\u013c lietot Mycosan?","item":"https:\/\/www.mycosan.com\/lv\/kadel-lietot-mycosan\/"},{"@type":"ListItem","position":3,"name":"Kas ir Mycosan?"}]},{"@type":"WebSite","@id":"https:\/\/www.mycosan.com\/lv\/#website","url":"https:\/\/www.mycosan.com\/lv\/","name":"Mycosan Nagu S\u0113n\u012btei","description":"","potentialAction":[{"@type":"SearchAction","target":{"@type":"EntryPoint","urlTemplate":"https:\/\/www.mycosan.com\/lv\/?s={search_term_string}"},"query-input":{"@type":"PropertyValueSpecification","valueRequired":true,"valueName":"search_term_string"}}],"inLanguage":"lv"}]}},"_links":{"self":[{"href":"https:\/\/www.mycosan.com\/lv\/wp-json\/wp\/v2\/pages\/8617","targetHints":{"allow":["GET"]}}],"collection":[{"href":"https:\/\/www.mycosan.com\/lv\/wp-json\/wp\/v2\/pages"}],"about":[{"href":"https:\/\/www.mycosan.com\/lv\/wp-json\/wp\/v2\/types\/page"}],"author":[{"embeddable":true,"href":"https:\/\/www.mycosan.com\/lv\/wp-json\/wp\/v2\/users\/1"}],"replies":[{"embeddable":true,"href":"https:\/\/www.mycosan.com\/lv\/wp-json\/wp\/v2\/comments?post=8617"}],"version-history":[{"count":0,"href":"https:\/\/www.mycosan.com\/lv\/wp-json\/wp\/v2\/pages\/8617\/revisions"}],"up":[{"embeddable":true,"href":"https:\/\/www.mycosan.com\/lv\/wp-json\/wp\/v2\/pages\/8602"}],"wp:attachment":[{"href":"https:\/\/www.mycosan.com\/lv\/wp-json\/wp\/v2\/media?parent=8617"}],"wp:term":[{"taxonomy":"page_type","embeddable":true,"href":"https:\/\/www.mycosan.com\/lv\/wp-json\/wp\/v2\/page_type?post=8617"}],"curies":[{"name":"wp","href":"https:\/\/api.w.org\/{rel}","templated":true}]}}