{"id":8612,"date":"2015-01-08T16:04:28","date_gmt":"2015-01-08T15:04:28","guid":{"rendered":"https:\/\/www.mycosan.com\/lv\/test\/?page_id=4014"},"modified":"2019-05-28T11:22:16","modified_gmt":"2019-05-28T10:22:16","slug":"kontakti","status":"publish","type":"page","link":"https:\/\/www.mycosan.com\/lv\/kontakti\/","title":{"rendered":"Kontakti"},"content":{"rendered":"<div id='contactpage'  class='avia-section av-o6jzo4-21a2b4510a19198b619209bbf2e177d6 main_color avia-section-default avia-no-shadow  avia-builder-el-0  avia-builder-el-no-sibling  avia-bg-style-scroll container_wrap sidebar_right'  ><div class='container av-section-cont-open' ><main  role=\"main\" itemprop=\"mainContentOfPage\"  class='template-page content  av-content-small alpha units'><div class='post-entry post-entry-type-page post-entry-8612'><div class='entry-content-wrapper clearfix'>\n<div  class='flex_column av-28lmt0-12c62429010eede17ed12c77e88e8496 av_one_fourth  avia-builder-el-1  el_before_av_three_fourth  avia-builder-el-first  first flex_column_div  '     ><p><div  class='avia-builder-widget-area clearfix  avia-builder-el-2  el_before_av_textblock  avia-builder-el-first '><section id=\"simpleimage-3\" class=\"widget clearfix widget_simpleimage\">\n\n\t<p class=\"simple-image\">\n\t\t<img loading=\"lazy\" decoding=\"async\" width=\"393\" height=\"496\" src=\"https:\/\/www.mycosan.com\/lv\/files\/2015\/07\/packshots.png\" class=\"attachment-full size-full\" alt=\"\" srcset=\"https:\/\/www.mycosan.com\/lv\/files\/2015\/07\/packshots.png 393w, https:\/\/www.mycosan.com\/lv\/files\/2015\/07\/packshots-238x300.png 238w, https:\/\/www.mycosan.com\/lv\/files\/2015\/07\/packshots-250x316.png 250w\" sizes=\"auto, (max-width: 393px) 100vw, 393px\" \/>\t<\/p>\n\n\n<span class=\"seperator extralight-border\"><\/span><\/section><\/div><br \/>\n<section  class='av_textblock_section av-1w7lpg-bdcaf4efd5bd72ad741273e2012825ff '   itemscope=\"itemscope\" itemtype=\"https:\/\/schema.org\/CreativeWork\" ><div class='avia_textblock'  itemprop=\"text\" ><p>Mycosan is a brand registered by:<\/p>\n<p><img loading=\"lazy\" decoding=\"async\" class=\"alignnone wp-image-6246 size-full\" src=\"https:\/\/www.mycosan.com\/lv\/files\/2015\/01\/serrix_logo.png\" alt=\"Serrix\" width=\"151\" height=\"61\" srcset=\"https:\/\/www.mycosan.com\/lv\/files\/2015\/01\/serrix_logo.png 151w, https:\/\/www.mycosan.com\/lv\/files\/2015\/01\/serrix_logo-150x61.png 150w\" sizes=\"auto, (max-width: 151px) 100vw, 151px\" \/><\/p>\n<p>Serrix B.V.<br \/>\nHerengracht 458<br \/>\n1017 CA Amsterdam<br \/>\nThe Netherlands<\/p>\n<\/div><\/section><\/p><\/div>\n<style type=\"text\/css\" data-created_by=\"avia_inline_auto\" id=\"style-css-av-i40md0-6b20afea4b49bd1490fef175018bfa57\">\n.flex_column.av-i40md0-6b20afea4b49bd1490fef175018bfa57{\nborder-radius:0px 0px 0px 0px;\npadding:0px 0px 0px 0px;\n}\n<\/style>\n<div  class='flex_column av-i40md0-6b20afea4b49bd1490fef175018bfa57 av_three_fourth  avia-builder-el-4  el_after_av_one_fourth  avia-builder-el-last  flex_column_div av-zero-column-padding  '     ><section  class='av_textblock_section av-fi0x38-98fef43e2295f96d4b877e7a35ea6350 '   itemscope=\"itemscope\" itemtype=\"https:\/\/schema.org\/CreativeWork\" ><div class='avia_textblock'  itemprop=\"text\" ><h1>Sazi\u0146a ar Mycosan<\/h1>\n<\/div><\/section><br \/>\n<div  class='hr av-e7nw7o-a5648005e2e7844833db897f9d52d199 hr-default  avia-builder-el-6  el_after_av_textblock  el_before_av_textblock '><span class='hr-inner '><span class=\"hr-inner-style\"><\/span><\/span><\/div><br \/>\n<section  class='av_textblock_section av-16cbh0-74bc1d6729ff9e9928dcbddfbe89ac70 '   itemscope=\"itemscope\" itemtype=\"https:\/\/schema.org\/CreativeWork\" ><div class='avia_textblock'  itemprop=\"text\" ><p>Ja jums ir k\u0101di jaut\u0101jumi par Mycosan, l\u016bdzam ar mums sazin\u0101ties. M\u016bsu klientu apkalpo\u0161anas dienests p\u0113c da\u017e\u0101m dien\u0101m atbild\u0113s uz j\u016bsu jaut\u0101jumu.<\/p>\n\n<div class=\"wpcf7 no-js\" id=\"wpcf7-f4-o1\" lang=\"en-US\" dir=\"ltr\" data-wpcf7-id=\"4\">\n<div class=\"screen-reader-response\"><p role=\"status\" aria-live=\"polite\" aria-atomic=\"true\"><\/p> <ul><\/ul><\/div>\n<form action=\"\/lv\/wp-json\/wp\/v2\/pages\/8612#wpcf7-f4-o1\" method=\"post\" class=\"wpcf7-form init\" aria-label=\"Contact form\" novalidate=\"novalidate\" data-status=\"init\">\n<fieldset class=\"hidden-fields-container\"><input type=\"hidden\" name=\"_wpcf7\" value=\"4\" \/><input type=\"hidden\" name=\"_wpcf7_version\" value=\"6.1.4\" \/><input type=\"hidden\" name=\"_wpcf7_locale\" value=\"en_US\" \/><input type=\"hidden\" name=\"_wpcf7_unit_tag\" value=\"wpcf7-f4-o1\" \/><input type=\"hidden\" name=\"_wpcf7_container_post\" value=\"0\" \/><input type=\"hidden\" name=\"_wpcf7_posted_data_hash\" value=\"\" \/><input type=\"hidden\" name=\"_wpcf7_recaptcha_response\" value=\"\" \/>\n<\/fieldset>\n<div class=\"contacthalf first\">\n\t<p><span class=\"wpcf7-form-control-wrap\" data-name=\"Naam\"><input size=\"40\" maxlength=\"400\" class=\"wpcf7-form-control wpcf7-text wpcf7-validates-as-required\" aria-required=\"true\" aria-invalid=\"false\" placeholder=\"V\u0101rds, Uzv\u0101rds\" value=\"\" type=\"text\" name=\"Naam\" \/><\/span>\n\t<\/p>\n<\/div>\n<div class=\"contacthalf\">\n\t<p><span class=\"wpcf7-form-control-wrap\" data-name=\"Bedrijfsnaam\"><input size=\"40\" maxlength=\"400\" class=\"wpcf7-form-control wpcf7-text\" aria-invalid=\"false\" placeholder=\"Uz\u0146\u0113mums\" value=\"\" type=\"text\" name=\"Bedrijfsnaam\" \/><\/span>\n\t<\/p>\n<\/div>\n<div class=\"contacthalf first\">\n\t<p><span class=\"wpcf7-form-control-wrap\" data-name=\"Email\"><input size=\"40\" maxlength=\"400\" class=\"wpcf7-form-control wpcf7-email wpcf7-validates-as-required wpcf7-text wpcf7-validates-as-email\" aria-required=\"true\" aria-invalid=\"false\" placeholder=\"E-pasts\" value=\"\" type=\"email\" name=\"Email\" \/><\/span>\n\t<\/p>\n<\/div>\n<div class=\"contacthalf\">\n\t<p><span class=\"wpcf7-form-control-wrap\" data-name=\"Telefoonnummer\"><input size=\"40\" maxlength=\"400\" class=\"wpcf7-form-control wpcf7-tel wpcf7-text wpcf7-validates-as-tel\" aria-invalid=\"false\" placeholder=\"T\u0101lru\u0146a Nr.\" value=\"\" type=\"tel\" name=\"Telefoonnummer\" \/><\/span>\n\t<\/p>\n<\/div>\n<div class=\"contactfull\">\n\t<p><span class=\"wpcf7-form-control-wrap\" data-name=\"Bericht\"><textarea cols=\"40\" rows=\"10\" maxlength=\"2000\" class=\"wpcf7-form-control wpcf7-textarea wpcf7-validates-as-required\" aria-required=\"true\" aria-invalid=\"false\" placeholder=\"J\u016bsu zi\u0146a\" name=\"Bericht\"><\/textarea><\/span>\n\t<\/p>\n<\/div>\n<div class=\"contactfull\">\n\t<p><div id=\"cf7sr-69fe0e8391a73\" class=\"cf7sr-g-recaptcha\" data-theme=\"light\" data-type=\"image\" data-size=\"normal\" data-sitekey=\"6LcVaqMUAAAAAGQwn5ceWAdjtV2Eux9Gi8HqmjKm\"><\/div><span class=\"wpcf7-form-control-wrap cf7sr-recaptcha\" data-name=\"cf7sr-recaptcha\"><input type=\"hidden\" name=\"cf7sr-recaptcha\" value=\"\" class=\"wpcf7-form-control\"><\/span>\n\t<\/p>\n<\/div>\n<p><input class=\"wpcf7-form-control wpcf7-submit has-spinner\" type=\"submit\" value=\"NOS\u016aT\u012aT\" \/>\n<\/p><p style=\"display: none !important;\" class=\"akismet-fields-container\" data-prefix=\"_wpcf7_ak_\"><label>&#916;<textarea name=\"_wpcf7_ak_hp_textarea\" cols=\"45\" rows=\"8\" maxlength=\"100\"><\/textarea><\/label><input type=\"hidden\" id=\"ak_js_1\" name=\"_wpcf7_ak_js\" value=\"78\"\/><script>document.getElementById( \"ak_js_1\" ).setAttribute( \"value\", ( new Date() ).getTime() );<\/script><\/p><div class=\"wpcf7-response-output\" aria-hidden=\"true\"><\/div>\n<\/form>\n<\/div>\n\n<\/div><\/section><\/p><\/div><\/div><\/div><\/main><!-- close content main element --><\/div><\/div><div id='after_section_1'  class='main_color av_default_container_wrap container_wrap sidebar_right'  ><div class='container av-section-cont-open' ><div class='template-page content  av-content-small alpha units'><div class='post-entry post-entry-type-page post-entry-8612'><div class='entry-content-wrapper clearfix'>\n","protected":false},"excerpt":{"rendered":"","protected":false},"author":1,"featured_media":0,"parent":0,"menu_order":90,"comment_status":"open","ping_status":"closed","template":"","meta":{"_acf_changed":false,"footnotes":""},"page_type":[],"class_list":["post-8612","page","type-page","status-publish","hentry"],"acf":[],"yoast_head":"<!-- This site is optimized with the Yoast SEO plugin v26.9 - https:\/\/yoast.com\/product\/yoast-seo-wordpress\/ -->\n<title>Kontakti - Mycosan Nagu S\u0113n\u012btei<\/title>\n<meta name=\"robots\" content=\"index, follow, max-snippet:-1, max-image-preview:large, max-video-preview:-1\" \/>\n<link rel=\"canonical\" href=\"https:\/\/www.mycosan.com\/lv\/kontakti\/\" \/>\n<meta property=\"og:locale\" content=\"lv_LV\" \/>\n<meta property=\"og:type\" content=\"article\" \/>\n<meta property=\"og:title\" content=\"Kontakti - Mycosan Nagu S\u0113n\u012btei\" \/>\n<meta property=\"og:url\" content=\"https:\/\/www.mycosan.com\/lv\/kontakti\/\" \/>\n<meta property=\"og:site_name\" content=\"Mycosan Nagu S\u0113n\u012btei\" \/>\n<meta property=\"article:modified_time\" content=\"2019-05-28T10:22:16+00:00\" \/>\n<meta property=\"og:image\" content=\"https:\/\/www.mycosan.com\/lv\/files\/2015\/01\/serrix_logo.png\" \/>\n<meta name=\"twitter:label1\" content=\"Est. reading time\" \/>\n\t<meta name=\"twitter:data1\" content=\"1 minute\" \/>\n<script type=\"application\/ld+json\" class=\"yoast-schema-graph\">{\"@context\":\"https:\/\/schema.org\",\"@graph\":[{\"@type\":\"WebPage\",\"@id\":\"https:\/\/www.mycosan.com\/lv\/kontakti\/\",\"url\":\"https:\/\/www.mycosan.com\/lv\/kontakti\/\",\"name\":\"Kontakti - Mycosan Nagu S\u0113n\u012btei\",\"isPartOf\":{\"@id\":\"https:\/\/www.mycosan.com\/lv\/#website\"},\"primaryImageOfPage\":{\"@id\":\"https:\/\/www.mycosan.com\/lv\/kontakti\/#primaryimage\"},\"image\":{\"@id\":\"https:\/\/www.mycosan.com\/lv\/kontakti\/#primaryimage\"},\"thumbnailUrl\":\"https:\/\/www.mycosan.com\/lv\/files\/2015\/01\/serrix_logo.png\",\"datePublished\":\"2015-01-08T15:04:28+00:00\",\"dateModified\":\"2019-05-28T10:22:16+00:00\",\"breadcrumb\":{\"@id\":\"https:\/\/www.mycosan.com\/lv\/kontakti\/#breadcrumb\"},\"inLanguage\":\"lv\",\"potentialAction\":[{\"@type\":\"ReadAction\",\"target\":[\"https:\/\/www.mycosan.com\/lv\/kontakti\/\"]}]},{\"@type\":\"ImageObject\",\"inLanguage\":\"lv\",\"@id\":\"https:\/\/www.mycosan.com\/lv\/kontakti\/#primaryimage\",\"url\":\"https:\/\/www.mycosan.com\/lv\/files\/2015\/01\/serrix_logo.png\",\"contentUrl\":\"https:\/\/www.mycosan.com\/lv\/files\/2015\/01\/serrix_logo.png\",\"width\":151,\"height\":61,\"caption\":\"Serrix\"},{\"@type\":\"BreadcrumbList\",\"@id\":\"https:\/\/www.mycosan.com\/lv\/kontakti\/#breadcrumb\",\"itemListElement\":[{\"@type\":\"ListItem\",\"position\":1,\"name\":\"Home\",\"item\":\"https:\/\/www.mycosan.com\/lv\/\"},{\"@type\":\"ListItem\",\"position\":2,\"name\":\"Kontakti\"}]},{\"@type\":\"WebSite\",\"@id\":\"https:\/\/www.mycosan.com\/lv\/#website\",\"url\":\"https:\/\/www.mycosan.com\/lv\/\",\"name\":\"Mycosan Nagu S\u0113n\u012btei\",\"description\":\"\",\"potentialAction\":[{\"@type\":\"SearchAction\",\"target\":{\"@type\":\"EntryPoint\",\"urlTemplate\":\"https:\/\/www.mycosan.com\/lv\/?s={search_term_string}\"},\"query-input\":{\"@type\":\"PropertyValueSpecification\",\"valueRequired\":true,\"valueName\":\"search_term_string\"}}],\"inLanguage\":\"lv\"}]}<\/script>\n<!-- \/ Yoast SEO plugin. -->","yoast_head_json":{"title":"Kontakti - Mycosan Nagu S\u0113n\u012btei","robots":{"index":"index","follow":"follow","max-snippet":"max-snippet:-1","max-image-preview":"max-image-preview:large","max-video-preview":"max-video-preview:-1"},"canonical":"https:\/\/www.mycosan.com\/lv\/kontakti\/","og_locale":"lv_LV","og_type":"article","og_title":"Kontakti - Mycosan Nagu S\u0113n\u012btei","og_url":"https:\/\/www.mycosan.com\/lv\/kontakti\/","og_site_name":"Mycosan Nagu S\u0113n\u012btei","article_modified_time":"2019-05-28T10:22:16+00:00","og_image":[{"url":"https:\/\/www.mycosan.com\/lv\/files\/2015\/01\/serrix_logo.png","type":"","width":"","height":""}],"twitter_misc":{"Est. reading time":"1 minute"},"schema":{"@context":"https:\/\/schema.org","@graph":[{"@type":"WebPage","@id":"https:\/\/www.mycosan.com\/lv\/kontakti\/","url":"https:\/\/www.mycosan.com\/lv\/kontakti\/","name":"Kontakti - Mycosan Nagu S\u0113n\u012btei","isPartOf":{"@id":"https:\/\/www.mycosan.com\/lv\/#website"},"primaryImageOfPage":{"@id":"https:\/\/www.mycosan.com\/lv\/kontakti\/#primaryimage"},"image":{"@id":"https:\/\/www.mycosan.com\/lv\/kontakti\/#primaryimage"},"thumbnailUrl":"https:\/\/www.mycosan.com\/lv\/files\/2015\/01\/serrix_logo.png","datePublished":"2015-01-08T15:04:28+00:00","dateModified":"2019-05-28T10:22:16+00:00","breadcrumb":{"@id":"https:\/\/www.mycosan.com\/lv\/kontakti\/#breadcrumb"},"inLanguage":"lv","potentialAction":[{"@type":"ReadAction","target":["https:\/\/www.mycosan.com\/lv\/kontakti\/"]}]},{"@type":"ImageObject","inLanguage":"lv","@id":"https:\/\/www.mycosan.com\/lv\/kontakti\/#primaryimage","url":"https:\/\/www.mycosan.com\/lv\/files\/2015\/01\/serrix_logo.png","contentUrl":"https:\/\/www.mycosan.com\/lv\/files\/2015\/01\/serrix_logo.png","width":151,"height":61,"caption":"Serrix"},{"@type":"BreadcrumbList","@id":"https:\/\/www.mycosan.com\/lv\/kontakti\/#breadcrumb","itemListElement":[{"@type":"ListItem","position":1,"name":"Home","item":"https:\/\/www.mycosan.com\/lv\/"},{"@type":"ListItem","position":2,"name":"Kontakti"}]},{"@type":"WebSite","@id":"https:\/\/www.mycosan.com\/lv\/#website","url":"https:\/\/www.mycosan.com\/lv\/","name":"Mycosan Nagu S\u0113n\u012btei","description":"","potentialAction":[{"@type":"SearchAction","target":{"@type":"EntryPoint","urlTemplate":"https:\/\/www.mycosan.com\/lv\/?s={search_term_string}"},"query-input":{"@type":"PropertyValueSpecification","valueRequired":true,"valueName":"search_term_string"}}],"inLanguage":"lv"}]}},"_links":{"self":[{"href":"https:\/\/www.mycosan.com\/lv\/wp-json\/wp\/v2\/pages\/8612","targetHints":{"allow":["GET"]}}],"collection":[{"href":"https:\/\/www.mycosan.com\/lv\/wp-json\/wp\/v2\/pages"}],"about":[{"href":"https:\/\/www.mycosan.com\/lv\/wp-json\/wp\/v2\/types\/page"}],"author":[{"embeddable":true,"href":"https:\/\/www.mycosan.com\/lv\/wp-json\/wp\/v2\/users\/1"}],"replies":[{"embeddable":true,"href":"https:\/\/www.mycosan.com\/lv\/wp-json\/wp\/v2\/comments?post=8612"}],"version-history":[{"count":0,"href":"https:\/\/www.mycosan.com\/lv\/wp-json\/wp\/v2\/pages\/8612\/revisions"}],"wp:attachment":[{"href":"https:\/\/www.mycosan.com\/lv\/wp-json\/wp\/v2\/media?parent=8612"}],"wp:term":[{"taxonomy":"page_type","embeddable":true,"href":"https:\/\/www.mycosan.com\/lv\/wp-json\/wp\/v2\/page_type?post=8612"}],"curies":[{"name":"wp","href":"https:\/\/api.w.org\/{rel}","templated":true}]}}