{"id":8601,"date":"2015-01-08T15:41:35","date_gmt":"2015-01-08T14:41:35","guid":{"rendered":"https:\/\/www.mycosan.com\/lv\/test\/?page_id=4007"},"modified":"2018-08-17T14:58:12","modified_gmt":"2018-08-17T13:58:12","slug":"ieteikumi-un-padomi","status":"publish","type":"page","link":"https:\/\/www.mycosan.com\/lv\/ieteikumi-un-padomi\/","title":{"rendered":"Ieteikumi un padomi"},"content":{"rendered":"<div id='tips'  class='avia-section av-av_section-d30bd59a0c0d23e4ef71e067528d6856 main_color avia-section-default avia-no-shadow  avia-builder-el-0  el_before_av_section  avia-builder-el-first  avia-bg-style-scroll container_wrap sidebar_right'  ><div class='container av-section-cont-open' ><main  role=\"main\" itemprop=\"mainContentOfPage\"  class='template-page content  av-content-small alpha units'><div class='post-entry post-entry-type-page post-entry-8601'><div class='entry-content-wrapper clearfix'>\n<div  class='flex_column av-av_one_fourth-2a9015ff38129c418a3f2eafba3e9512 av_one_fourth  avia-builder-el-1  el_before_av_three_fourth  avia-builder-el-first  first flex_column_div  '     ><style type=\"text\/css\" data-created_by=\"avia_inline_auto\" id=\"style-css-av-av_image-bba1d3755f7267c79e128a562e3bb63e\">\n.avia-image-container.av-av_image-bba1d3755f7267c79e128a562e3bb63e img.avia_image{\nbox-shadow:none;\n}\n.avia-image-container.av-av_image-bba1d3755f7267c79e128a562e3bb63e .av-image-caption-overlay-center{\ncolor:#ffffff;\n}\n<\/style>\n<div  class='avia-image-container av-av_image-bba1d3755f7267c79e128a562e3bb63e av-styling- avia-align-center  avia-builder-el-2  avia-builder-el-no-sibling '   itemprop=\"image\" itemscope=\"itemscope\" itemtype=\"https:\/\/schema.org\/ImageObject\" ><div class=\"avia-image-container-inner\"><div class=\"avia-image-overlay-wrap\"><img decoding=\"async\" fetchpriority=\"high\" class='wp-image-5275 avia-img-lazy-loading-not-5275 avia_image ' src=\"https:\/\/www.mycosan.com\/lv\/files\/2015\/01\/Blijevoeten_mycosan.jpg\" alt='Voorkom kalknagels en voetschimmel' title='Blijevoeten_mycosan'  height=\"225\" width=\"338\"  itemprop=\"thumbnailUrl\" srcset=\"https:\/\/www.mycosan.com\/lv\/files\/2015\/01\/Blijevoeten_mycosan.jpg 338w, https:\/\/www.mycosan.com\/lv\/files\/2015\/01\/Blijevoeten_mycosan-300x200.jpg 300w, https:\/\/www.mycosan.com\/lv\/files\/2015\/01\/Blijevoeten_mycosan-250x166.jpg 250w\" sizes=\"(max-width: 338px) 100vw, 338px\" \/><\/div><\/div><\/div><\/div>\n<style type=\"text\/css\" data-created_by=\"avia_inline_auto\" id=\"style-css-av-av_three_fourth-9c1d454dc06f7247226bc4e8f931daae\">\n.flex_column.av-av_three_fourth-9c1d454dc06f7247226bc4e8f931daae{\nborder-radius:0px 0px 0px 0px;\npadding:0px 0px 0px 0px;\n}\n<\/style>\n<div  class='flex_column av-av_three_fourth-9c1d454dc06f7247226bc4e8f931daae av_three_fourth  avia-builder-el-3  el_after_av_one_fourth  avia-builder-el-last  flex_column_div av-zero-column-padding  '     ><section  class='av_textblock_section av-av_textblock-0366cc7376be6c9e82a3e9cc8987b64f '   itemscope=\"itemscope\" itemtype=\"https:\/\/schema.org\/CreativeWork\" ><div class='avia_textblock'  itemprop=\"text\" ><h1>IETEIKUMI UN PADOMI NAGU S\u0112N\u012a\u0160U UN \u201eATL\u0112TA P\u0112DAS\u201d PROFILAKSEI<\/h1>\n<\/div><\/section><br \/>\n<div  class='hr av-av_hr-dcd2069817a0e3d34ae04cad8f3443c7 hr-default  avia-builder-el-5  el_after_av_textblock  el_before_av_textblock '><span class='hr-inner '><span class=\"hr-inner-style\"><\/span><\/span><\/div><br \/>\n<section  class='av_textblock_section av-av_textblock-0366cc7376be6c9e82a3e9cc8987b64f '   itemscope=\"itemscope\" itemtype=\"https:\/\/schema.org\/CreativeWork\" ><div class='avia_textblock'  itemprop=\"text\" ><h4>Pareiza p\u0113du kop\u0161ana ir b\u016btisks pirmais nagu s\u0113n\u012btes un &#8220;atl\u0113ta p\u0113das\u201d profilakses solis!<\/h4>\n<ol>\n<li>Regul\u0101ri p\u0101rbaudiet p\u0113das un piev\u0113rsiet uzman\u012bbu \u0101das kr\u0101sas, tekst\u016bras un izskata izmai\u0146\u0101m.<\/li>\n<li>Kopiet p\u0113das. R\u016bp\u012bgi mazg\u0101jiet un noslaukiet pirkstu starpas.<\/li>\n<li>Mitriniet \u0101du. Karsts laiks un atv\u0113rtu apavu valk\u0101\u0161ana var izrais\u012bt \u0101das boj\u0101jumus un izrmai\u0146as, piem\u0113ram, \u0101das plais\u0101\u0161anu. Ir v\u0113rts regul\u0101ri mitrin\u0101t \u0101du, lai saglab\u0101tu stabilu p\u0113du \u0101das mitruma l\u012bdzsvaru.<\/li>\n<li>Izv\u0113lieties piem\u0113rota izm\u0113ra apavus. Uz apaviem nor\u0101d\u012btais apavu izm\u0113rs var at\u0161\u0137irties no faktisk\u0101 izm\u0113ra atkar\u012bb\u0101 no z\u012bmola un ra\u017eot\u0101ja. Apavus vislab\u0101k ieg\u0101d\u0101ties p\u0113cpusdien\u0101, kad p\u0113das m\u0113dz b\u016bt piet\u016bku\u0161as. Vienm\u0113r izv\u0113lieties \u0113rtus apavus.<\/li>\n<li>[\u2026]<\/li>\n<\/ol>\n<\/div><\/section><br \/>\n<div  class='avia-button-wrap av-av_button-5b2893ce7e01139fd6b8475e3d6e4fd2-wrap avia-button-left  avia-builder-el-7  el_after_av_textblock  avia-builder-el-last '><a href='https:\/\/www.mycosan.com\/lv\/ieteikumi-un-padomi\/pedu-kopsana\/'  class='avia-button av-av_button-5b2893ce7e01139fd6b8475e3d6e4fd2 av-link-btn avia-icon_select-no avia-size-large avia-position-left avia-color-blue'   aria-label=\"Las\u012bt vair\u0101k padomus un ieteikumus\"><span class='avia_iconbox_title' >Las\u012bt vair\u0101k padomus un ieteikumus<\/span><\/a><\/div><\/p><\/div>\n\n<\/div><\/div><\/main><!-- close content main element --><\/div><\/div><div id='tips'  class='avia-section av-av_section-7e4172bf3529fcceb5f93ec18d0b1fbb main_color avia-section-default avia-shadow  avia-builder-el-8  el_after_av_section  el_before_av_section  avia-bg-style-scroll container_wrap sidebar_right'  ><div class='container av-section-cont-open' ><div class='template-page content  av-content-small alpha units'><div class='post-entry post-entry-type-page post-entry-8601'><div class='entry-content-wrapper clearfix'>\n<div  class='flex_column av-av_one_fourth-2a9015ff38129c418a3f2eafba3e9512 av_one_fourth  avia-builder-el-9  el_before_av_three_fourth  avia-builder-el-first  first flex_column_div  '     ><style type=\"text\/css\" data-created_by=\"avia_inline_auto\" id=\"style-css-av-av_image-3d0189d38b7c5e6f391ee84a6be597ae\">\n.avia-image-container.av-av_image-3d0189d38b7c5e6f391ee84a6be597ae img.avia_image{\nbox-shadow:none;\n}\n.avia-image-container.av-av_image-3d0189d38b7c5e6f391ee84a6be597ae .av-image-caption-overlay-center{\ncolor:#ffffff;\n}\n<\/style>\n<div  class='avia-image-container av-av_image-3d0189d38b7c5e6f391ee84a6be597ae av-styling- avia-align-center  avia-builder-el-10  avia-builder-el-no-sibling '   itemprop=\"image\" itemscope=\"itemscope\" itemtype=\"https:\/\/schema.org\/ImageObject\" ><div class=\"avia-image-container-inner\"><div class=\"avia-image-overlay-wrap\"><img decoding=\"async\" fetchpriority=\"high\" class='wp-image-5273 avia-img-lazy-loading-not-5273 avia_image ' src=\"https:\/\/www.mycosan.com\/lv\/files\/2015\/01\/Pedicure_behandeling.jpg\" alt='Mycosan pedicure behandeling' title='Pedicure_behandeling'  height=\"225\" width=\"338\"  itemprop=\"thumbnailUrl\" srcset=\"https:\/\/www.mycosan.com\/lv\/files\/2015\/01\/Pedicure_behandeling.jpg 338w, https:\/\/www.mycosan.com\/lv\/files\/2015\/01\/Pedicure_behandeling-300x200.jpg 300w, https:\/\/www.mycosan.com\/lv\/files\/2015\/01\/Pedicure_behandeling-250x166.jpg 250w\" sizes=\"(max-width: 338px) 100vw, 338px\" \/><\/div><\/div><\/div><\/div>\n<style type=\"text\/css\" data-created_by=\"avia_inline_auto\" id=\"style-css-av-av_three_fourth-9c1d454dc06f7247226bc4e8f931daae\">\n.flex_column.av-av_three_fourth-9c1d454dc06f7247226bc4e8f931daae{\nborder-radius:0px 0px 0px 0px;\npadding:0px 0px 0px 0px;\n}\n<\/style>\n<div  class='flex_column av-av_three_fourth-9c1d454dc06f7247226bc4e8f931daae av_three_fourth  avia-builder-el-11  el_after_av_one_fourth  avia-builder-el-last  flex_column_div av-zero-column-padding  '     ><section  class='av_textblock_section av-av_textblock-0366cc7376be6c9e82a3e9cc8987b64f '   itemscope=\"itemscope\" itemtype=\"https:\/\/schema.org\/CreativeWork\" ><div class='avia_textblock'  itemprop=\"text\" ><h1>KAD DOTIES PIE PODOLOGA?<\/h1>\n<\/div><\/section><br \/>\n<div  class='hr av-av_hr-dcd2069817a0e3d34ae04cad8f3443c7 hr-default  avia-builder-el-13  el_after_av_textblock  el_before_av_textblock '><span class='hr-inner '><span class=\"hr-inner-style\"><\/span><\/span><\/div><br \/>\n<section  class='av_textblock_section av-av_textblock-0366cc7376be6c9e82a3e9cc8987b64f '   itemscope=\"itemscope\" itemtype=\"https:\/\/schema.org\/CreativeWork\" ><div class='avia_textblock'  itemprop=\"text\" ><p>Bie\u017ei vien m\u0113s p\u0113du kop\u0161anai piev\u0113r\u0161am maz uzman\u012bbas. Iesak\u0101m regul\u0101ri <a href=\"https:\/\/www.mycosan.com\/lv\/atleta-peda\/atleta-pedas-simptomi\/\">p\u0101rbaud\u012bt<\/a>\u00a0p\u0113das,\u00a0lai atkl\u0101tu izrmai\u0146as vai simptomus. Tas \u013caus savlaic\u012bgi rea\u0123\u0113t s\u0113n\u012b\u0161u infekcijas gad\u012bjum\u0101 un sasniegt optim\u0101lu \u0101rst\u0113\u0161anas rezult\u0101tu. Ja ir k\u0101das s\u016bdz\u012bbas par p\u0113du st\u0101vokli, apmekl\u0113jiet podologu, kas inform\u0113s par piem\u0113rotaj\u0101m \u0101rst\u0113\u0161an\u0101s iesp\u0113j\u0101m vai nos\u016bt\u012bs pie cita kompetenta speci\u0101lista. Ja ir k\u0101das s\u016bdz\u012bbas par <a href=\"https:\/\/www.mycosan.com\/lv\/ieteikumi-un-padomi\/pedu-kopsana\/\">p\u0113du vesel\u012bbu<\/a>, vienm\u0113r ir ieteicams konsult\u0113ties ar speci\u0101listu.<\/p>\n<\/div><\/section><br \/>\n<div  class='hr av-av_hr-dcd2069817a0e3d34ae04cad8f3443c7 hr-default  avia-builder-el-15  el_after_av_textblock  el_before_av_button '><span class='hr-inner '><span class=\"hr-inner-style\"><\/span><\/span><\/div><br \/>\n<div  class='avia-button-wrap av-av_button-3f983c0d9dbf070a7c29525bf4de89c2-wrap avia-button-left  avia-builder-el-16  el_after_av_hr  avia-builder-el-last '><a href='https:\/\/www.mycosan.com\/lv\/ieteikumi-un-padomi\/kad-doties-pie-podologa\/'  class='avia-button av-av_button-3f983c0d9dbf070a7c29525bf4de89c2 av-link-btn avia-icon_select-no avia-size-large avia-position-left avia-color-blue'   aria-label=\"S\u012bk\u0101ka inform\u0101cija\"><span class='avia_iconbox_title' >S\u012bk\u0101ka inform\u0101cija<\/span><\/a><\/div><\/p><\/div>\n\n<\/div><\/div><\/div><!-- close content main div --><\/div><\/div><div id='hoewerkt'  class='avia-section av-av_section-d05cecc49d4ea48c0f45673d7112eeca main_color avia-section-default avia-no-border-styling  avia-builder-el-17  el_after_av_section  avia-builder-el-last  avia-bg-style-scroll container_wrap sidebar_right'  ><div class='container av-section-cont-open' ><div class='template-page content  av-content-small alpha units'><div class='post-entry post-entry-type-page post-entry-8601'><div class='entry-content-wrapper clearfix'>\n\n<style type=\"text\/css\" data-created_by=\"avia_inline_auto\" id=\"style-css-av-av_heading-ed39ccb6e567b4e53cab4d4680f06185\">\n#top .av-special-heading.av-av_heading-ed39ccb6e567b4e53cab4d4680f06185{\npadding-bottom:40px;\ncolor:#56327f;\n}\nbody .av-special-heading.av-av_heading-ed39ccb6e567b4e53cab4d4680f06185 .av-special-heading-tag .heading-char{\nfont-size:25px;\n}\n.av-special-heading.av-av_heading-ed39ccb6e567b4e53cab4d4680f06185 .special-heading-inner-border{\nborder-color:#56327f;\n}\n.av-special-heading.av-av_heading-ed39ccb6e567b4e53cab4d4680f06185 .av-subheading{\nfont-size:15px;\n}\n<\/style>\n<div  class='av-special-heading av-av_heading-ed39ccb6e567b4e53cab4d4680f06185 av-special-heading-h2 custom-color-heading blockquote modern-quote modern-centered  avia-builder-el-18  el_before_av_one_half  avia-builder-el-first '><h2 class='av-special-heading-tag '  itemprop=\"headline\"  >MYCOSAN PRODUKTI<\/h2><div class=\"special-heading-border\"><div class=\"special-heading-inner-border\"><\/div><\/div><\/div>\n\n<style type=\"text\/css\" data-created_by=\"avia_inline_auto\" id=\"style-css-av-av_one_half-9497bbf8bff73ea4c6992cc17fa9ec36\">\n.flex_column.av-av_one_half-9497bbf8bff73ea4c6992cc17fa9ec36{\nborder-radius:0px 0px 0px 0px;\npadding:0px 0px 0px 0px;\n}\n<\/style>\n<div  class='flex_column av-av_one_half-9497bbf8bff73ea4c6992cc17fa9ec36 av_one_half  avia-builder-el-19  el_after_av_heading  el_before_av_one_half  first flex_column_div av-zero-column-padding  '     ><p>\n<style type=\"text\/css\" data-created_by=\"avia_inline_auto\" id=\"style-css-av-av_image-56e0ecc48cb7cb980e62505aee9be205\">\n.avia-image-container.av-av_image-56e0ecc48cb7cb980e62505aee9be205 img.avia_image{\nbox-shadow:none;\n}\n.avia-image-container.av-av_image-56e0ecc48cb7cb980e62505aee9be205 .av-image-caption-overlay-center{\ncolor:#ffffff;\n}\n<\/style>\n<div  class='avia-image-container av-av_image-56e0ecc48cb7cb980e62505aee9be205 av-styling- avia-align-center  avia-builder-el-20  el_before_av_textblock  avia-builder-el-first '   itemprop=\"image\" itemscope=\"itemscope\" itemtype=\"https:\/\/schema.org\/ImageObject\" ><div class=\"avia-image-container-inner\"><div class=\"avia-image-overlay-wrap\"><img decoding=\"async\" fetchpriority=\"high\" class='wp-image-9139 avia-img-lazy-loading-not-9139 avia_image ' src=\"https:\/\/www.mycosan.com\/lv\/files\/2018\/07\/packshots-238x300.png\" alt='' title='packshots'  height=\"300\" width=\"238\"  itemprop=\"thumbnailUrl\" srcset=\"https:\/\/www.mycosan.com\/lv\/files\/2018\/07\/packshots-238x300.png 238w, https:\/\/www.mycosan.com\/lv\/files\/2018\/07\/packshots.png 393w\" sizes=\"(max-width: 238px) 100vw, 238px\" \/><\/div><\/div><\/div><br \/>\n<section  class='av_textblock_section av-av_textblock-0366cc7376be6c9e82a3e9cc8987b64f '   itemscope=\"itemscope\" itemtype=\"https:\/\/schema.org\/CreativeWork\" ><div class='avia_textblock'  itemprop=\"text\" ><h3><span style=\"color: #56327f; text-transform: uppercase;\">MYCOSAN L\u012aDZEKLIS PRET NAGU S\u0112N\u012aT\u0112M<\/span><\/h3>\n<p>\u0100trs un efekt\u012bvs l\u012bdzeklis nagu s\u0113n\u012b\u0161u infekcijas \u0101rst\u0113\u0161anai, paman\u0101ms rezult\u0101ts divu ned\u0113\u013cu laik\u0101.*<\/p>\n<\/div><\/section><br \/>\n<div  class='avia-button-wrap av-av_button-e45468cf4e6104e8158efc143717153d-wrap avia-button-left  avia-builder-el-22  el_after_av_textblock  avia-builder-el-last '><a href='https:\/\/www.mycosan.com\/lv\/produkti\/lidzeklis-pret-nagu-senitem\/'  class='avia-button av-av_button-e45468cf4e6104e8158efc143717153d av-link-btn avia-icon_select-no avia-size-medium avia-position-left avia-color-blue'   aria-label=\"Produkti\"><span class='avia_iconbox_title' >Produkti<\/span><\/a><\/div><\/p><\/div>\n<style type=\"text\/css\" data-created_by=\"avia_inline_auto\" id=\"style-css-av-av_one_half-9c1d454dc06f7247226bc4e8f931daae\">\n.flex_column.av-av_one_half-9c1d454dc06f7247226bc4e8f931daae{\nborder-radius:0px 0px 0px 0px;\npadding:0px 0px 0px 0px;\n}\n<\/style>\n<div  class='flex_column av-av_one_half-9c1d454dc06f7247226bc4e8f931daae av_one_half  avia-builder-el-23  el_after_av_one_half  avia-builder-el-last  flex_column_div av-zero-column-padding  '     ><p>\n<style type=\"text\/css\" data-created_by=\"avia_inline_auto\" id=\"style-css-av-av_image-32e1a18dde2499769458f7c84ba878e3\">\n.avia-image-container.av-av_image-32e1a18dde2499769458f7c84ba878e3 img.avia_image{\nbox-shadow:none;\n}\n.avia-image-container.av-av_image-32e1a18dde2499769458f7c84ba878e3 .av-image-caption-overlay-center{\ncolor:#ffffff;\n}\n<\/style>\n<div  class='avia-image-container av-av_image-32e1a18dde2499769458f7c84ba878e3 av-styling- avia-align-center  avia-builder-el-24  el_before_av_textblock  avia-builder-el-first '   itemprop=\"image\" itemscope=\"itemscope\" itemtype=\"https:\/\/schema.org\/ImageObject\" ><div class=\"avia-image-container-inner\"><div class=\"avia-image-overlay-wrap\"><img decoding=\"async\" fetchpriority=\"high\" class='wp-image-9162 avia-img-lazy-loading-not-9162 avia_image ' src=\"https:\/\/www.mycosan.com\/lv\/files\/2018\/08\/athlete-300x298.jpg\" alt='' title='athlete'  height=\"298\" width=\"300\"  itemprop=\"thumbnailUrl\" srcset=\"https:\/\/www.mycosan.com\/lv\/files\/2018\/08\/athlete-300x298.jpg 300w, https:\/\/www.mycosan.com\/lv\/files\/2018\/08\/athlete-80x80.jpg 80w, https:\/\/www.mycosan.com\/lv\/files\/2018\/08\/athlete-36x36.jpg 36w, https:\/\/www.mycosan.com\/lv\/files\/2018\/08\/athlete-180x180.jpg 180w, https:\/\/www.mycosan.com\/lv\/files\/2018\/08\/athlete-120x120.jpg 120w, https:\/\/www.mycosan.com\/lv\/files\/2018\/08\/athlete-450x446.jpg 450w, https:\/\/www.mycosan.com\/lv\/files\/2018\/08\/athlete.jpg 500w\" sizes=\"(max-width: 300px) 100vw, 300px\" \/><\/div><\/div><\/div><br \/>\n<section  class='av_textblock_section av-av_textblock-0366cc7376be6c9e82a3e9cc8987b64f '   itemscope=\"itemscope\" itemtype=\"https:\/\/schema.org\/CreativeWork\" ><div class='avia_textblock'  itemprop=\"text\" ><h3><span style=\"color: #56327f; text-transform: uppercase;\">Mycosan prets\u0113n\u012b\u0161u gels p\u0113d\u0101m<\/span><\/h3>\n<p>Unik\u0101ls higi\u0113nisks aplikators. Apstiprin\u0101ts, ka ar t\u0101 pal\u012bdz\u012bbu iesp\u0113jams izn\u012bcin\u0101t 99,9\u00a0% \u201eatl\u0113ta p\u0113du\u201d izraiso\u0161o s\u0113n\u012b\u0161u.<\/p>\n<\/div><\/section><br \/>\n<div  class='avia-button-wrap av-av_button-31d7fe0ed4b5aee7230b4fa35891a914-wrap avia-button-left  avia-builder-el-26  el_after_av_textblock  avia-builder-el-last '><a href='https:\/\/www.mycosan.com\/lv\/produkti\/pretsenisu-gels-pedam\/'  class='avia-button av-av_button-31d7fe0ed4b5aee7230b4fa35891a914 av-link-btn avia-icon_select-no avia-size-medium avia-position-left avia-color-blue'   aria-label=\"Produkti\"><span class='avia_iconbox_title' >Produkti<\/span><\/a><\/div><\/p><\/div>\n<\/div><\/div><\/div><!-- close content main div --><\/div><\/div><div id='after_section_3'  class='main_color av_default_container_wrap container_wrap sidebar_right'  ><div class='container av-section-cont-open' ><div class='template-page content  av-content-small alpha units'><div class='post-entry post-entry-type-page post-entry-8601'><div class='entry-content-wrapper clearfix'>\n","protected":false},"excerpt":{"rendered":"","protected":false},"author":1,"featured_media":0,"parent":0,"menu_order":4,"comment_status":"open","ping_status":"closed","template":"","meta":{"_acf_changed":false,"footnotes":""},"page_type":[],"class_list":["post-8601","page","type-page","status-publish","hentry"],"acf":[],"yoast_head":"<!-- This site is optimized with the Yoast SEO plugin v26.9 - https:\/\/yoast.com\/product\/yoast-seo-wordpress\/ -->\n<title>Ieteikumi un padomi - Mycosan Nagu S\u0113n\u012btei<\/title>\n<meta name=\"robots\" content=\"index, follow, max-snippet:-1, max-image-preview:large, max-video-preview:-1\" \/>\n<link rel=\"canonical\" href=\"https:\/\/www.mycosan.com\/lv\/ieteikumi-un-padomi\/\" \/>\n<meta property=\"og:locale\" content=\"lv_LV\" \/>\n<meta property=\"og:type\" content=\"article\" \/>\n<meta property=\"og:title\" content=\"Ieteikumi un padomi - Mycosan Nagu S\u0113n\u012btei\" \/>\n<meta property=\"og:url\" content=\"https:\/\/www.mycosan.com\/lv\/ieteikumi-un-padomi\/\" \/>\n<meta property=\"og:site_name\" content=\"Mycosan Nagu S\u0113n\u012btei\" \/>\n<meta property=\"article:modified_time\" content=\"2018-08-17T13:58:12+00:00\" \/>\n<meta name=\"twitter:label1\" content=\"Est. reading time\" \/>\n\t<meta name=\"twitter:data1\" content=\"6 minutes\" \/>\n<script type=\"application\/ld+json\" class=\"yoast-schema-graph\">{\"@context\":\"https:\/\/schema.org\",\"@graph\":[{\"@type\":\"WebPage\",\"@id\":\"https:\/\/www.mycosan.com\/lv\/ieteikumi-un-padomi\/\",\"url\":\"https:\/\/www.mycosan.com\/lv\/ieteikumi-un-padomi\/\",\"name\":\"Ieteikumi un padomi - Mycosan Nagu S\u0113n\u012btei\",\"isPartOf\":{\"@id\":\"https:\/\/www.mycosan.com\/lv\/#website\"},\"datePublished\":\"2015-01-08T14:41:35+00:00\",\"dateModified\":\"2018-08-17T13:58:12+00:00\",\"breadcrumb\":{\"@id\":\"https:\/\/www.mycosan.com\/lv\/ieteikumi-un-padomi\/#breadcrumb\"},\"inLanguage\":\"lv\",\"potentialAction\":[{\"@type\":\"ReadAction\",\"target\":[\"https:\/\/www.mycosan.com\/lv\/ieteikumi-un-padomi\/\"]}]},{\"@type\":\"BreadcrumbList\",\"@id\":\"https:\/\/www.mycosan.com\/lv\/ieteikumi-un-padomi\/#breadcrumb\",\"itemListElement\":[{\"@type\":\"ListItem\",\"position\":1,\"name\":\"Home\",\"item\":\"https:\/\/www.mycosan.com\/lv\/\"},{\"@type\":\"ListItem\",\"position\":2,\"name\":\"Ieteikumi un padomi\"}]},{\"@type\":\"WebSite\",\"@id\":\"https:\/\/www.mycosan.com\/lv\/#website\",\"url\":\"https:\/\/www.mycosan.com\/lv\/\",\"name\":\"Mycosan Nagu S\u0113n\u012btei\",\"description\":\"\",\"potentialAction\":[{\"@type\":\"SearchAction\",\"target\":{\"@type\":\"EntryPoint\",\"urlTemplate\":\"https:\/\/www.mycosan.com\/lv\/?s={search_term_string}\"},\"query-input\":{\"@type\":\"PropertyValueSpecification\",\"valueRequired\":true,\"valueName\":\"search_term_string\"}}],\"inLanguage\":\"lv\"}]}<\/script>\n<!-- \/ Yoast SEO plugin. -->","yoast_head_json":{"title":"Ieteikumi un padomi - Mycosan Nagu S\u0113n\u012btei","robots":{"index":"index","follow":"follow","max-snippet":"max-snippet:-1","max-image-preview":"max-image-preview:large","max-video-preview":"max-video-preview:-1"},"canonical":"https:\/\/www.mycosan.com\/lv\/ieteikumi-un-padomi\/","og_locale":"lv_LV","og_type":"article","og_title":"Ieteikumi un padomi - Mycosan Nagu S\u0113n\u012btei","og_url":"https:\/\/www.mycosan.com\/lv\/ieteikumi-un-padomi\/","og_site_name":"Mycosan Nagu S\u0113n\u012btei","article_modified_time":"2018-08-17T13:58:12+00:00","twitter_misc":{"Est. reading time":"6 minutes"},"schema":{"@context":"https:\/\/schema.org","@graph":[{"@type":"WebPage","@id":"https:\/\/www.mycosan.com\/lv\/ieteikumi-un-padomi\/","url":"https:\/\/www.mycosan.com\/lv\/ieteikumi-un-padomi\/","name":"Ieteikumi un padomi - Mycosan Nagu S\u0113n\u012btei","isPartOf":{"@id":"https:\/\/www.mycosan.com\/lv\/#website"},"datePublished":"2015-01-08T14:41:35+00:00","dateModified":"2018-08-17T13:58:12+00:00","breadcrumb":{"@id":"https:\/\/www.mycosan.com\/lv\/ieteikumi-un-padomi\/#breadcrumb"},"inLanguage":"lv","potentialAction":[{"@type":"ReadAction","target":["https:\/\/www.mycosan.com\/lv\/ieteikumi-un-padomi\/"]}]},{"@type":"BreadcrumbList","@id":"https:\/\/www.mycosan.com\/lv\/ieteikumi-un-padomi\/#breadcrumb","itemListElement":[{"@type":"ListItem","position":1,"name":"Home","item":"https:\/\/www.mycosan.com\/lv\/"},{"@type":"ListItem","position":2,"name":"Ieteikumi un padomi"}]},{"@type":"WebSite","@id":"https:\/\/www.mycosan.com\/lv\/#website","url":"https:\/\/www.mycosan.com\/lv\/","name":"Mycosan Nagu S\u0113n\u012btei","description":"","potentialAction":[{"@type":"SearchAction","target":{"@type":"EntryPoint","urlTemplate":"https:\/\/www.mycosan.com\/lv\/?s={search_term_string}"},"query-input":{"@type":"PropertyValueSpecification","valueRequired":true,"valueName":"search_term_string"}}],"inLanguage":"lv"}]}},"_links":{"self":[{"href":"https:\/\/www.mycosan.com\/lv\/wp-json\/wp\/v2\/pages\/8601","targetHints":{"allow":["GET"]}}],"collection":[{"href":"https:\/\/www.mycosan.com\/lv\/wp-json\/wp\/v2\/pages"}],"about":[{"href":"https:\/\/www.mycosan.com\/lv\/wp-json\/wp\/v2\/types\/page"}],"author":[{"embeddable":true,"href":"https:\/\/www.mycosan.com\/lv\/wp-json\/wp\/v2\/users\/1"}],"replies":[{"embeddable":true,"href":"https:\/\/www.mycosan.com\/lv\/wp-json\/wp\/v2\/comments?post=8601"}],"version-history":[{"count":0,"href":"https:\/\/www.mycosan.com\/lv\/wp-json\/wp\/v2\/pages\/8601\/revisions"}],"wp:attachment":[{"href":"https:\/\/www.mycosan.com\/lv\/wp-json\/wp\/v2\/media?parent=8601"}],"wp:term":[{"taxonomy":"page_type","embeddable":true,"href":"https:\/\/www.mycosan.com\/lv\/wp-json\/wp\/v2\/page_type?post=8601"}],"curies":[{"name":"wp","href":"https:\/\/api.w.org\/{rel}","templated":true}]}}