{"id":8598,"date":"2015-01-08T15:38:48","date_gmt":"2015-01-08T14:38:48","guid":{"rendered":"https:\/\/www.mycosan.com\/test\/?page_id=4001"},"modified":"2018-08-17T14:57:25","modified_gmt":"2018-08-17T13:57:25","slug":"arstesanas-metodes","status":"publish","type":"page","link":"https:\/\/www.mycosan.com\/lv\/atleta-peda\/arstesanas-metodes\/","title":{"rendered":"\u0100rst\u0113\u0161anas metodes"},"content":{"rendered":"<div  class='flex_column av-av_one_fourth-2a9015ff38129c418a3f2eafba3e9512 av_one_fourth  avia-builder-el-0  el_before_av_three_fourth  avia-builder-el-first  first flex_column_div  '     ><style type=\"text\/css\" data-created_by=\"avia_inline_auto\" id=\"style-css-av-av_image-9bc22719f1f6a0cef4e79d77da8b0f75\">\n.avia-image-container.av-av_image-9bc22719f1f6a0cef4e79d77da8b0f75 img.avia_image{\nbox-shadow:none;\n}\n.avia-image-container.av-av_image-9bc22719f1f6a0cef4e79d77da8b0f75 .av-image-caption-overlay-center{\ncolor:#ffffff;\n}\n<\/style>\n<div  class='avia-image-container av-av_image-9bc22719f1f6a0cef4e79d77da8b0f75 av-styling- avia-align-center  avia-builder-el-1  avia-builder-el-no-sibling '   itemprop=\"image\" itemscope=\"itemscope\" itemtype=\"https:\/\/schema.org\/ImageObject\" ><div class=\"avia-image-container-inner\"><div class=\"avia-image-overlay-wrap\"><img decoding=\"async\" fetchpriority=\"high\" class='wp-image-5230 avia-img-lazy-loading-not-5230 avia_image ' src=\"https:\/\/www.mycosan.com\/lv\/files\/2015\/01\/Behandelmethoden_voetschimmel.jpg\" alt='Mycosan Protect Anti-schimmel' title='Behandelmethoden_voetschimmel'  height=\"708\" width=\"338\"  itemprop=\"thumbnailUrl\" srcset=\"https:\/\/www.mycosan.com\/lv\/files\/2015\/01\/Behandelmethoden_voetschimmel.jpg 338w, https:\/\/www.mycosan.com\/lv\/files\/2015\/01\/Behandelmethoden_voetschimmel-143x300.jpg 143w, https:\/\/www.mycosan.com\/lv\/files\/2015\/01\/Behandelmethoden_voetschimmel-250x524.jpg 250w\" sizes=\"(max-width: 338px) 100vw, 338px\" \/><\/div><\/div><\/div><\/div>\n\n<style type=\"text\/css\" data-created_by=\"avia_inline_auto\" id=\"style-css-av-av_three_fourth-9c1d454dc06f7247226bc4e8f931daae\">\n.flex_column.av-av_three_fourth-9c1d454dc06f7247226bc4e8f931daae{\nborder-radius:0px 0px 0px 0px;\npadding:0px 0px 0px 0px;\n}\n<\/style>\n<div  class='flex_column av-av_three_fourth-9c1d454dc06f7247226bc4e8f931daae av_three_fourth  avia-builder-el-2  el_after_av_one_fourth  el_before_av_section  avia-builder-el-last  flex_column_div av-zero-column-padding  '     ><section  class='av_textblock_section av-av_textblock-0366cc7376be6c9e82a3e9cc8987b64f '   itemscope=\"itemscope\" itemtype=\"https:\/\/schema.org\/CreativeWork\" ><div class='avia_textblock'  itemprop=\"text\" ><h1>\u0100rst\u0113\u0161anas metodes<\/h1>\n<\/div><\/section><br \/>\n<div  class='hr av-av_hr-dcd2069817a0e3d34ae04cad8f3443c7 hr-default  avia-builder-el-4  el_after_av_textblock  el_before_av_textblock '><span class='hr-inner '><span class=\"hr-inner-style\"><\/span><\/span><\/div><br \/>\n<section  class='av_textblock_section av-av_textblock-0366cc7376be6c9e82a3e9cc8987b64f '   itemscope=\"itemscope\" itemtype=\"https:\/\/schema.org\/CreativeWork\" ><div class='avia_textblock'  itemprop=\"text\" ><p>\u0100rst\u0113t <a href=\"https:\/\/www.mycosan.com\/lv\/atleta-peda\/ka-es-varu-inficeties-ar-atleta-pedu\/\">atl\u0113ta p\u0113du<\/a>\u00a0ir b\u016btiski ne tikai t\u0101d\u0113\u013c, ka t\u0101 rada diskomforta saj\u016btu, bet ar\u012b t\u0101d\u0113\u013c, ka t\u0101 ir lip\u012bga un var skart citas \u0137erme\u0146a da\u013cas vai infic\u0113t citus cilv\u0113kus. Vairum\u0101 gad\u012bjumu p\u0113du s\u0113n\u012b\u0161u infekcijas ir virspus\u0113jas un sekm\u012bgi \u0101rst\u0113jamas ar bez receptes pieejamajiem prets\u0113n\u012b\u0161u l\u012bdzek\u013ciem.<\/p>\n<p>Ir da\u017e\u0101di \u201datl\u0113ta p\u0113das \u201e \u0101rst\u0113\u0161anas l\u012bdzek\u013ci:<\/p>\n<p><span style=\"color: #502d7f;\"><strong>Lok\u0101li lietojamie l\u012bdzek\u013ci<\/strong><\/span><\/p>\n<p>\u201eAtl\u0113ta p\u0113da\u201d parasti ir \u0101rst\u0113jama ar fungic\u012bdus vai s\u0113n\u012b\u0161u aug\u0161anu nom\u0101co\u0161as vielas saturo\u0161iem kr\u0113miem vai zied\u0113m, kas parasti pl\u0101n\u0101 sl\u0101n\u012b ir uzkl\u0101jami vienreiz vai divreiz dien\u0101. \u0160ie prets\u0113n\u012b\u0161u l\u012bdzek\u013ci boj\u0101 s\u0113n\u012b\u0161u \u0161\u016bnu sieni\u0146as, t\u0101 izraisot \u0161\u016bnu boj\u0101eju.<\/p>\n<p>Nieze un apsarkums v\u0101jin\u0101s da\u017eu dienu laik\u0101, tom\u0113r p\u0113du \u0101das piln\u012bga sadz\u012b\u0161ana notiek da\u017eu ned\u0113\u013cu laik\u0101, t\u0101d\u0113\u013c pat tad, ja vairs nav redzamas \u0101das p\u0101rmai\u0146as, ir b\u016btiski turpin\u0101t \u0101rst\u0113\u0161anos.<\/p>\n<p><strong><span style=\"color: #502d7f;\">Iek\u0161\u0137\u012bgi lietojam\u0101s z\u0101les<\/span><\/strong><\/p>\n<p>Ja gad\u012bjums ir smags vai slim\u012bba nep\u0101riet, \u0101rsts noz\u012bm\u0113s \u012bpa\u0161u terapiju ar iek\u0161\u0137\u012bgi lietojam\u0101m z\u0101l\u0113m, kas bie\u017ei vien ir j\u0101lieto tr\u012bs m\u0113ne\u0161u garum\u0101. Papildus var b\u016bt j\u0101lieto p\u0113du p\u016bderis ar prets\u0113n\u012b\u0161u efektu. P\u016bderi var lietot uz p\u0113d\u0101m un iekais\u012bt apavos un ze\u0137\u0113s. Ja ir p\u0101rm\u0113r\u012bgs \u0101das apsarkums, pastiprin\u0101ta t\u016bska vai \u013coti stipra sv\u012b\u0161ana, ir ieteicams apmekl\u0113t \u0101rstu.<\/p>\n<h4><span style=\"color: #502d7f;\">Ieteikumi ikdienas higi\u0113nai \u201eatl\u0113ta p\u0113das\u201d profilaksei:<\/span><\/h4>\n<ul>\n<li>P\u0113c mazg\u0101\u0161an\u0101s du\u0161\u0101 r\u016bp\u012bgi noslaukiet p\u0113das, \u012bpa\u0161i starp pirkstiem!<\/li>\n<li>Katru dienu uzvelciet t\u012bras ze\u0137es, vislab\u0101k kokvilnas vai vilnas. Ir b\u016btiski, lai ze\u0137es uzs\u016bktu sviedrus (mitrumu) un \u0101da paliktu sausa.<\/li>\n<li>Mazg\u0101jiet ze\u0137es ar kreiso pusi uz \u0101ru, lai audum\u0101 eso\u0161aj\u0101m s\u0113n\u012bt\u0113m b\u016btu gr\u016bt\u0101k pie\u0137erties pie auduma \u0161\u0137iedr\u0101m.<\/li>\n<li>Regul\u0101ri mainiet apavus. B\u016btu ieteicams izv\u0113l\u0113ties \u201celpojo\u0161us\u201d apavus (\u0101das).<\/li>\n<li>Publisk\u0101s viet\u0101s valk\u0101jiet \u010d\u012bbi\u0146as.<\/li>\n<li>Kad vien iesp\u0113jams, novelciet apavus un staig\u0101jiet bas\u0101m k\u0101j\u0101m vai ze\u0137\u0113s.<\/li>\n<li>Katru dienu mazg\u0101jiet k\u0101jas, vislab\u0101k bez ziep\u0113m vai ar \u013coti mazu to daudzumu.<\/li>\n<\/ul>\n<\/div><\/section><\/p><\/div>\n<\/div><\/div><\/div><!-- close content main div --><\/div><\/div><div id='hoewerkt'  class='avia-section av-av_section-d05cecc49d4ea48c0f45673d7112eeca main_color avia-section-default avia-no-border-styling  avia-builder-el-6  el_after_av_three_fourth  avia-builder-el-last  avia-bg-style-scroll container_wrap sidebar_right'  ><div class='container av-section-cont-open' ><div class='template-page content  av-content-small alpha units'><div class='post-entry post-entry-type-page post-entry-8598'><div class='entry-content-wrapper clearfix'>\n\n<style type=\"text\/css\" data-created_by=\"avia_inline_auto\" id=\"style-css-av-av_heading-ed39ccb6e567b4e53cab4d4680f06185\">\n#top .av-special-heading.av-av_heading-ed39ccb6e567b4e53cab4d4680f06185{\npadding-bottom:40px;\ncolor:#56327f;\n}\nbody .av-special-heading.av-av_heading-ed39ccb6e567b4e53cab4d4680f06185 .av-special-heading-tag .heading-char{\nfont-size:25px;\n}\n.av-special-heading.av-av_heading-ed39ccb6e567b4e53cab4d4680f06185 .special-heading-inner-border{\nborder-color:#56327f;\n}\n.av-special-heading.av-av_heading-ed39ccb6e567b4e53cab4d4680f06185 .av-subheading{\nfont-size:15px;\n}\n<\/style>\n<div  class='av-special-heading av-av_heading-ed39ccb6e567b4e53cab4d4680f06185 av-special-heading-h2 custom-color-heading blockquote modern-quote modern-centered  avia-builder-el-7  el_before_av_one_half  avia-builder-el-first '><h2 class='av-special-heading-tag '  itemprop=\"headline\"  >MYCOSAN PRODUKTI<\/h2><div class=\"special-heading-border\"><div class=\"special-heading-inner-border\"><\/div><\/div><\/div>\n\n<style type=\"text\/css\" data-created_by=\"avia_inline_auto\" id=\"style-css-av-av_one_half-9497bbf8bff73ea4c6992cc17fa9ec36\">\n.flex_column.av-av_one_half-9497bbf8bff73ea4c6992cc17fa9ec36{\nborder-radius:0px 0px 0px 0px;\npadding:0px 0px 0px 0px;\n}\n<\/style>\n<div  class='flex_column av-av_one_half-9497bbf8bff73ea4c6992cc17fa9ec36 av_one_half  avia-builder-el-8  el_after_av_heading  el_before_av_one_half  first flex_column_div av-zero-column-padding  '     ><p>\n<style type=\"text\/css\" data-created_by=\"avia_inline_auto\" id=\"style-css-av-av_image-56e0ecc48cb7cb980e62505aee9be205\">\n.avia-image-container.av-av_image-56e0ecc48cb7cb980e62505aee9be205 img.avia_image{\nbox-shadow:none;\n}\n.avia-image-container.av-av_image-56e0ecc48cb7cb980e62505aee9be205 .av-image-caption-overlay-center{\ncolor:#ffffff;\n}\n<\/style>\n<div  class='avia-image-container av-av_image-56e0ecc48cb7cb980e62505aee9be205 av-styling- avia-align-center  avia-builder-el-9  el_before_av_textblock  avia-builder-el-first '   itemprop=\"image\" itemscope=\"itemscope\" itemtype=\"https:\/\/schema.org\/ImageObject\" ><div class=\"avia-image-container-inner\"><div class=\"avia-image-overlay-wrap\"><img decoding=\"async\" fetchpriority=\"high\" class='wp-image-9139 avia-img-lazy-loading-not-9139 avia_image ' src=\"https:\/\/www.mycosan.com\/lv\/files\/2018\/07\/packshots-238x300.png\" alt='' title='packshots'  height=\"300\" width=\"238\"  itemprop=\"thumbnailUrl\" srcset=\"https:\/\/www.mycosan.com\/lv\/files\/2018\/07\/packshots-238x300.png 238w, https:\/\/www.mycosan.com\/lv\/files\/2018\/07\/packshots.png 393w\" sizes=\"(max-width: 238px) 100vw, 238px\" \/><\/div><\/div><\/div><br \/>\n<section  class='av_textblock_section av-av_textblock-0366cc7376be6c9e82a3e9cc8987b64f '   itemscope=\"itemscope\" itemtype=\"https:\/\/schema.org\/CreativeWork\" ><div class='avia_textblock'  itemprop=\"text\" ><h3><span style=\"color: #56327f; text-transform: uppercase;\">MYCOSAN L\u012aDZEKLIS PRET NAGU S\u0112N\u012aT\u0112M<\/span><\/h3>\n<p>\u0100trs un efekt\u012bvs l\u012bdzeklis nagu s\u0113n\u012b\u0161u infekcijas \u0101rst\u0113\u0161anai, paman\u0101ms rezult\u0101ts divu ned\u0113\u013cu laik\u0101.*<\/p>\n<\/div><\/section><br \/>\n<div  class='avia-button-wrap av-av_button-e45468cf4e6104e8158efc143717153d-wrap avia-button-left  avia-builder-el-11  el_after_av_textblock  avia-builder-el-last '><a href='https:\/\/www.mycosan.com\/lv\/produkti\/lidzeklis-pret-nagu-senitem\/'  class='avia-button av-av_button-e45468cf4e6104e8158efc143717153d av-link-btn avia-icon_select-no avia-size-medium avia-position-left avia-color-blue'   aria-label=\"Produkti\"><span class='avia_iconbox_title' >Produkti<\/span><\/a><\/div><\/p><\/div>\n<style type=\"text\/css\" data-created_by=\"avia_inline_auto\" id=\"style-css-av-av_one_half-9c1d454dc06f7247226bc4e8f931daae\">\n.flex_column.av-av_one_half-9c1d454dc06f7247226bc4e8f931daae{\nborder-radius:0px 0px 0px 0px;\npadding:0px 0px 0px 0px;\n}\n<\/style>\n<div  class='flex_column av-av_one_half-9c1d454dc06f7247226bc4e8f931daae av_one_half  avia-builder-el-12  el_after_av_one_half  avia-builder-el-last  flex_column_div av-zero-column-padding  '     ><p>\n<style type=\"text\/css\" data-created_by=\"avia_inline_auto\" id=\"style-css-av-av_image-32e1a18dde2499769458f7c84ba878e3\">\n.avia-image-container.av-av_image-32e1a18dde2499769458f7c84ba878e3 img.avia_image{\nbox-shadow:none;\n}\n.avia-image-container.av-av_image-32e1a18dde2499769458f7c84ba878e3 .av-image-caption-overlay-center{\ncolor:#ffffff;\n}\n<\/style>\n<div  class='avia-image-container av-av_image-32e1a18dde2499769458f7c84ba878e3 av-styling- avia-align-center  avia-builder-el-13  el_before_av_textblock  avia-builder-el-first '   itemprop=\"image\" itemscope=\"itemscope\" itemtype=\"https:\/\/schema.org\/ImageObject\" ><div class=\"avia-image-container-inner\"><div class=\"avia-image-overlay-wrap\"><img decoding=\"async\" fetchpriority=\"high\" class='wp-image-9162 avia-img-lazy-loading-not-9162 avia_image ' src=\"https:\/\/www.mycosan.com\/lv\/files\/2018\/08\/athlete-300x298.jpg\" alt='' title='athlete'  height=\"298\" width=\"300\"  itemprop=\"thumbnailUrl\" srcset=\"https:\/\/www.mycosan.com\/lv\/files\/2018\/08\/athlete-300x298.jpg 300w, https:\/\/www.mycosan.com\/lv\/files\/2018\/08\/athlete-80x80.jpg 80w, https:\/\/www.mycosan.com\/lv\/files\/2018\/08\/athlete-36x36.jpg 36w, https:\/\/www.mycosan.com\/lv\/files\/2018\/08\/athlete-180x180.jpg 180w, https:\/\/www.mycosan.com\/lv\/files\/2018\/08\/athlete-120x120.jpg 120w, https:\/\/www.mycosan.com\/lv\/files\/2018\/08\/athlete-450x446.jpg 450w, https:\/\/www.mycosan.com\/lv\/files\/2018\/08\/athlete.jpg 500w\" sizes=\"(max-width: 300px) 100vw, 300px\" \/><\/div><\/div><\/div><br \/>\n<section  class='av_textblock_section av-av_textblock-0366cc7376be6c9e82a3e9cc8987b64f '   itemscope=\"itemscope\" itemtype=\"https:\/\/schema.org\/CreativeWork\" ><div class='avia_textblock'  itemprop=\"text\" ><h3><span style=\"color: #56327f; text-transform: uppercase;\">Mycosan prets\u0113n\u012b\u0161u gels p\u0113d\u0101m<\/span><\/h3>\n<p>Unik\u0101ls higi\u0113nisks aplikators. Apstiprin\u0101ts, ka ar t\u0101 pal\u012bdz\u012bbu iesp\u0113jams izn\u012bcin\u0101t 99,9\u00a0% \u201eatl\u0113ta p\u0113du\u201d izraiso\u0161o s\u0113n\u012b\u0161u.<\/p>\n<\/div><\/section><br \/>\n<div  class='avia-button-wrap av-av_button-31d7fe0ed4b5aee7230b4fa35891a914-wrap avia-button-left  avia-builder-el-15  el_after_av_textblock  avia-builder-el-last '><a href='https:\/\/www.mycosan.com\/lv\/produkti\/pretsenisu-gels-pedam\/'  class='avia-button av-av_button-31d7fe0ed4b5aee7230b4fa35891a914 av-link-btn avia-icon_select-no avia-size-medium avia-position-left avia-color-blue'   aria-label=\"Produkti\"><span class='avia_iconbox_title' >Produkti<\/span><\/a><\/div><\/p><\/div>\n<\/div><\/div><\/div><!-- close content main div --><\/div><\/div><div id='after_section_1'  class='main_color av_default_container_wrap container_wrap sidebar_right'  ><div class='container av-section-cont-open' ><div class='template-page content  av-content-small alpha units'><div class='post-entry post-entry-type-page post-entry-8598'><div class='entry-content-wrapper clearfix'>\n","protected":false},"excerpt":{"rendered":"","protected":false},"author":1,"featured_media":0,"parent":8603,"menu_order":3,"comment_status":"open","ping_status":"closed","template":"","meta":{"_acf_changed":false,"footnotes":""},"page_type":[],"class_list":["post-8598","page","type-page","status-publish","hentry"],"acf":[],"yoast_head":"<!-- This site is optimized with the Yoast SEO plugin v26.9 - https:\/\/yoast.com\/product\/yoast-seo-wordpress\/ -->\n<title>\u0100rst\u0113\u0161anas metodes - Mycosan Nagu S\u0113n\u012btei<\/title>\n<meta name=\"robots\" content=\"index, follow, max-snippet:-1, max-image-preview:large, max-video-preview:-1\" \/>\n<link rel=\"canonical\" href=\"https:\/\/www.mycosan.com\/lv\/atleta-peda\/arstesanas-metodes\/\" \/>\n<meta property=\"og:locale\" content=\"lv_LV\" \/>\n<meta property=\"og:type\" content=\"article\" \/>\n<meta property=\"og:title\" content=\"\u0100rst\u0113\u0161anas metodes - Mycosan Nagu S\u0113n\u012btei\" \/>\n<meta property=\"og:url\" content=\"https:\/\/www.mycosan.com\/lv\/atleta-peda\/arstesanas-metodes\/\" \/>\n<meta property=\"og:site_name\" content=\"Mycosan Nagu S\u0113n\u012btei\" \/>\n<meta property=\"article:modified_time\" content=\"2018-08-17T13:57:25+00:00\" \/>\n<meta name=\"twitter:label1\" content=\"Est. reading time\" \/>\n\t<meta name=\"twitter:data1\" content=\"5 minutes\" \/>\n<script type=\"application\/ld+json\" class=\"yoast-schema-graph\">{\"@context\":\"https:\/\/schema.org\",\"@graph\":[{\"@type\":\"WebPage\",\"@id\":\"https:\/\/www.mycosan.com\/lv\/atleta-peda\/arstesanas-metodes\/\",\"url\":\"https:\/\/www.mycosan.com\/lv\/atleta-peda\/arstesanas-metodes\/\",\"name\":\"\u0100rst\u0113\u0161anas metodes - Mycosan Nagu S\u0113n\u012btei\",\"isPartOf\":{\"@id\":\"https:\/\/www.mycosan.com\/lv\/#website\"},\"datePublished\":\"2015-01-08T14:38:48+00:00\",\"dateModified\":\"2018-08-17T13:57:25+00:00\",\"breadcrumb\":{\"@id\":\"https:\/\/www.mycosan.com\/lv\/atleta-peda\/arstesanas-metodes\/#breadcrumb\"},\"inLanguage\":\"lv\",\"potentialAction\":[{\"@type\":\"ReadAction\",\"target\":[\"https:\/\/www.mycosan.com\/lv\/atleta-peda\/arstesanas-metodes\/\"]}]},{\"@type\":\"BreadcrumbList\",\"@id\":\"https:\/\/www.mycosan.com\/lv\/atleta-peda\/arstesanas-metodes\/#breadcrumb\",\"itemListElement\":[{\"@type\":\"ListItem\",\"position\":1,\"name\":\"Home\",\"item\":\"https:\/\/www.mycosan.com\/lv\/\"},{\"@type\":\"ListItem\",\"position\":2,\"name\":\"Atl\u0113ta p\u0113da\",\"item\":\"https:\/\/www.mycosan.com\/lv\/atleta-peda\/\"},{\"@type\":\"ListItem\",\"position\":3,\"name\":\"\u0100rst\u0113\u0161anas metodes\"}]},{\"@type\":\"WebSite\",\"@id\":\"https:\/\/www.mycosan.com\/lv\/#website\",\"url\":\"https:\/\/www.mycosan.com\/lv\/\",\"name\":\"Mycosan Nagu S\u0113n\u012btei\",\"description\":\"\",\"potentialAction\":[{\"@type\":\"SearchAction\",\"target\":{\"@type\":\"EntryPoint\",\"urlTemplate\":\"https:\/\/www.mycosan.com\/lv\/?s={search_term_string}\"},\"query-input\":{\"@type\":\"PropertyValueSpecification\",\"valueRequired\":true,\"valueName\":\"search_term_string\"}}],\"inLanguage\":\"lv\"}]}<\/script>\n<!-- \/ Yoast SEO plugin. -->","yoast_head_json":{"title":"\u0100rst\u0113\u0161anas metodes - Mycosan Nagu S\u0113n\u012btei","robots":{"index":"index","follow":"follow","max-snippet":"max-snippet:-1","max-image-preview":"max-image-preview:large","max-video-preview":"max-video-preview:-1"},"canonical":"https:\/\/www.mycosan.com\/lv\/atleta-peda\/arstesanas-metodes\/","og_locale":"lv_LV","og_type":"article","og_title":"\u0100rst\u0113\u0161anas metodes - Mycosan Nagu S\u0113n\u012btei","og_url":"https:\/\/www.mycosan.com\/lv\/atleta-peda\/arstesanas-metodes\/","og_site_name":"Mycosan Nagu S\u0113n\u012btei","article_modified_time":"2018-08-17T13:57:25+00:00","twitter_misc":{"Est. reading time":"5 minutes"},"schema":{"@context":"https:\/\/schema.org","@graph":[{"@type":"WebPage","@id":"https:\/\/www.mycosan.com\/lv\/atleta-peda\/arstesanas-metodes\/","url":"https:\/\/www.mycosan.com\/lv\/atleta-peda\/arstesanas-metodes\/","name":"\u0100rst\u0113\u0161anas metodes - Mycosan Nagu S\u0113n\u012btei","isPartOf":{"@id":"https:\/\/www.mycosan.com\/lv\/#website"},"datePublished":"2015-01-08T14:38:48+00:00","dateModified":"2018-08-17T13:57:25+00:00","breadcrumb":{"@id":"https:\/\/www.mycosan.com\/lv\/atleta-peda\/arstesanas-metodes\/#breadcrumb"},"inLanguage":"lv","potentialAction":[{"@type":"ReadAction","target":["https:\/\/www.mycosan.com\/lv\/atleta-peda\/arstesanas-metodes\/"]}]},{"@type":"BreadcrumbList","@id":"https:\/\/www.mycosan.com\/lv\/atleta-peda\/arstesanas-metodes\/#breadcrumb","itemListElement":[{"@type":"ListItem","position":1,"name":"Home","item":"https:\/\/www.mycosan.com\/lv\/"},{"@type":"ListItem","position":2,"name":"Atl\u0113ta p\u0113da","item":"https:\/\/www.mycosan.com\/lv\/atleta-peda\/"},{"@type":"ListItem","position":3,"name":"\u0100rst\u0113\u0161anas metodes"}]},{"@type":"WebSite","@id":"https:\/\/www.mycosan.com\/lv\/#website","url":"https:\/\/www.mycosan.com\/lv\/","name":"Mycosan Nagu S\u0113n\u012btei","description":"","potentialAction":[{"@type":"SearchAction","target":{"@type":"EntryPoint","urlTemplate":"https:\/\/www.mycosan.com\/lv\/?s={search_term_string}"},"query-input":{"@type":"PropertyValueSpecification","valueRequired":true,"valueName":"search_term_string"}}],"inLanguage":"lv"}]}},"_links":{"self":[{"href":"https:\/\/www.mycosan.com\/lv\/wp-json\/wp\/v2\/pages\/8598","targetHints":{"allow":["GET"]}}],"collection":[{"href":"https:\/\/www.mycosan.com\/lv\/wp-json\/wp\/v2\/pages"}],"about":[{"href":"https:\/\/www.mycosan.com\/lv\/wp-json\/wp\/v2\/types\/page"}],"author":[{"embeddable":true,"href":"https:\/\/www.mycosan.com\/lv\/wp-json\/wp\/v2\/users\/1"}],"replies":[{"embeddable":true,"href":"https:\/\/www.mycosan.com\/lv\/wp-json\/wp\/v2\/comments?post=8598"}],"version-history":[{"count":0,"href":"https:\/\/www.mycosan.com\/lv\/wp-json\/wp\/v2\/pages\/8598\/revisions"}],"up":[{"embeddable":true,"href":"https:\/\/www.mycosan.com\/lv\/wp-json\/wp\/v2\/pages\/8603"}],"wp:attachment":[{"href":"https:\/\/www.mycosan.com\/lv\/wp-json\/wp\/v2\/media?parent=8598"}],"wp:term":[{"taxonomy":"page_type","embeddable":true,"href":"https:\/\/www.mycosan.com\/lv\/wp-json\/wp\/v2\/page_type?post=8598"}],"curies":[{"name":"wp","href":"https:\/\/api.w.org\/{rel}","templated":true}]}}