{"id":8594,"date":"2015-01-08T15:34:09","date_gmt":"2015-01-08T14:34:09","guid":{"rendered":"https:\/\/www.mycosan.com\/test\/?page_id=3991"},"modified":"2018-08-17T14:55:15","modified_gmt":"2018-08-17T13:55:15","slug":"arstesanas-metodes","status":"publish","type":"page","link":"https:\/\/www.mycosan.com\/lv\/nagu-senite\/arstesanas-metodes\/","title":{"rendered":"\u0100rst\u0113\u0161anas metodes"},"content":{"rendered":"<div  class='flex_column av-av_one_fourth-2a9015ff38129c418a3f2eafba3e9512 av_one_fourth  avia-builder-el-0  el_before_av_three_fourth  avia-builder-el-first  first flex_column_div  '     ><style type=\"text\/css\" data-created_by=\"avia_inline_auto\" id=\"style-css-av-av_image-ccbfc993546b06d6a4952d30a7589ce6\">\n.avia-image-container.av-av_image-ccbfc993546b06d6a4952d30a7589ce6 img.avia_image{\nbox-shadow:none;\n}\n.avia-image-container.av-av_image-ccbfc993546b06d6a4952d30a7589ce6 .av-image-caption-overlay-center{\ncolor:#ffffff;\n}\n<\/style>\n<div  class='avia-image-container av-av_image-ccbfc993546b06d6a4952d30a7589ce6 av-styling- avia-align-center  avia-builder-el-1  avia-builder-el-no-sibling '   itemprop=\"image\" itemscope=\"itemscope\" itemtype=\"https:\/\/schema.org\/ImageObject\" ><div class=\"avia-image-container-inner\"><div class=\"avia-image-overlay-wrap\"><img decoding=\"async\" fetchpriority=\"high\" class='wp-image-5488 avia-img-lazy-loading-not-5488 avia_image ' src=\"https:\/\/www.mycosan.com\/lv\/files\/2015\/01\/Behandelmethoden1.jpg\" alt='Behandelen kalknagel' title='Behandelmethoden'  height=\"708\" width=\"338\"  itemprop=\"thumbnailUrl\" srcset=\"https:\/\/www.mycosan.com\/lv\/files\/2015\/01\/Behandelmethoden1.jpg 338w, https:\/\/www.mycosan.com\/lv\/files\/2015\/01\/Behandelmethoden1-143x300.jpg 143w, https:\/\/www.mycosan.com\/lv\/files\/2015\/01\/Behandelmethoden1-250x524.jpg 250w\" sizes=\"(max-width: 338px) 100vw, 338px\" \/><\/div><\/div><\/div><\/div>\n\n<style type=\"text\/css\" data-created_by=\"avia_inline_auto\" id=\"style-css-av-av_three_fourth-9c1d454dc06f7247226bc4e8f931daae\">\n.flex_column.av-av_three_fourth-9c1d454dc06f7247226bc4e8f931daae{\nborder-radius:0px 0px 0px 0px;\npadding:0px 0px 0px 0px;\n}\n<\/style>\n<div  class='flex_column av-av_three_fourth-9c1d454dc06f7247226bc4e8f931daae av_three_fourth  avia-builder-el-2  el_after_av_one_fourth  el_before_av_section  avia-builder-el-last  flex_column_div av-zero-column-padding  '     ><section  class='av_textblock_section av-av_textblock-0366cc7376be6c9e82a3e9cc8987b64f '   itemscope=\"itemscope\" itemtype=\"https:\/\/schema.org\/CreativeWork\" ><div class='avia_textblock'  itemprop=\"text\" ><h1>K\u0100 VISLAB\u0100K \u0100RST\u0112T NAGU S\u0112N\u012a\u0160U INFEKCIJU?<\/h1>\n<\/div><\/section><br \/>\n<div  class='hr av-av_hr-dcd2069817a0e3d34ae04cad8f3443c7 hr-default  avia-builder-el-4  el_after_av_textblock  el_before_av_textblock '><span class='hr-inner '><span class=\"hr-inner-style\"><\/span><\/span><\/div><br \/>\n<section  class='av_textblock_section av-av_textblock-0366cc7376be6c9e82a3e9cc8987b64f '   itemscope=\"itemscope\" itemtype=\"https:\/\/schema.org\/CreativeWork\" ><div class='avia_textblock'  itemprop=\"text\" ><p>Vairums nagu s\u012bko boj\u0101jumu sadz\u012bst bez \u0101rst\u0113\u0161anas, bet nagu infekcijas, piem\u0113ram, nagu s\u0113n\u012bte, ir pareizi j\u0101\u0101rst\u0113. Nagu s\u0113n\u012bte bez \u0101rst\u0113\u0161anas pati no sevis nep\u0101ries, t\u0101d\u0113\u013c t\u0101 ir j\u0101\u0101rst\u0113! Ir palielin\u0101ts risks, ka s\u0113n\u012btes izplat\u012bsies uz citiem nagiem un p\u0113das da\u013c\u0101m, turkl\u0101t s\u0113n\u012btes infekcija ir \u013coti lip\u012bga un var infic\u0113t citus cilv\u0113kus.<\/p>\n<p>Z\u0101les un citus l\u012bdzek\u013cus nagu s\u0113n\u012b\u0161u \u0101rst\u0113\u0161anai liel\u0101koties iedala div\u0101s kategorij\u0101s:<\/p>\n<ul>\n<li>lok\u0101li lietojam\u0101s z\u0101les vai l\u012bdzek\u013ci viegliem un vid\u0113ji smagiem gad\u012bjumiem<\/li>\n<li>iek\u0161\u0137\u012bgi lietojam\u0101s z\u0101les smagiem gad\u012bjumiem.<\/li>\n<\/ul>\n<p>Ja \u012bsti nezin\u0101t, vai jums ir nagu s\u0113n\u012bte vai cita nagu patolo\u0123ija, iesak\u0101m apmekl\u0113t savu \u0123imenes \u0101rstu. T\u0101pat j\u0101r\u012bkojas, kad bezrecep\u0161u z\u0101\u013cu vai citu l\u012bdzek\u013cu lieto\u0161ana ir izr\u0101d\u012bjusies nesekm\u012bga, pat ja esat t\u0101s pareizi lietojis.<\/p>\n<p><span style=\"color: #502d7f;\">Lok\u0101li lietojam\u0101s z\u0101les\u00a0vai l\u012bdzek\u013ci s\u0113n\u012btes \u0101rst\u0113\u0161anai<\/span><\/p>\n<p>Pieejam\u0101s lok\u0101li lietojam\u0101s z\u0101les vai l\u012bdzek\u013ci s\u0113n\u012btes \u0101rst\u0113\u0161anai galvenok\u0101rt ir uz intens\u012bvas iedarb\u012bbas nagu lakas b\u0101zes. Da\u017eas no t\u0101m ir recep\u0161u z\u0101les, bet citas ir nop\u0113rkamas bez receptes. Vairums lok\u0101li lietojamo z\u0101\u013cu vai l\u012bdzek\u013cu s\u0113n\u012btes \u0101rst\u0113\u0161anai ir lietojamii ilgsto\u0161i, un \u0161aj\u0101 laik\u0101 nagu laka ir j\u0101no\u0146em un j\u0101uzkl\u0101j atk\u0101rtoti. Tirdzniec\u012bb\u0101 ir pieejami ar\u012b l\u012bdzek\u013ci, kuru ra\u017eo\u0161anai ir izmantotas tehnolo\u0123ijas, kas \u013cauj akt\u012bvaj\u0101m viel\u0101m dzi\u013c\u0101k ies\u016bkties nag\u0101, t\u0101d\u0113\u013c s\u0113n\u012b\u0161u infekcija tiek \u0101rst\u0113ta lok\u0101li.<\/p>\n<p><span style=\"color: #502d7f;\">Iek\u0161\u0137\u012bgi lietojam\u0101s z\u0101les<\/span><\/p>\n<p>Iek\u0161\u0137\u012bgi lietojam\u0101s z\u0101les ir iesp\u0113jms ieg\u0101d\u0101ties tikai pret \u0101rsta izrakst\u012btu recepti un \u0101rst\u0113\u0161anai tiek izmantotas smagos gad\u012bjumos, kad ir skarta naga matrica.<\/p>\n<p><span style=\"color: #502d7f;\">Recid\u012bva risks<\/span><\/p>\n<p>Ir b\u016btiski turpin\u0101t \u0101rst\u0113\u0161anu tik ilgi, l\u012bdz nags atkal izskat\u0101s piln\u012bb\u0101 t\u012brs un vesels. P\u0113c \u0101rst\u0113\u0161anas nagu s\u0113n\u012btes bie\u017ei m\u0113dz atk\u0101rtoties, ja nav izn\u012bcin\u0101tas visas s\u0113n\u012btes. Nagi aug l\u0113ni, t\u0101d\u0113\u013c naga skart\u0101s da\u013cas ataug\u0161ana aiz\u0146em ilgu laiku.<\/p>\n<\/div><\/section><\/p><\/div>\n<\/div><\/div><\/div><!-- close content main div --><\/div><\/div><div id='hoewerkt'  class='avia-section av-av_section-d05cecc49d4ea48c0f45673d7112eeca main_color avia-section-default avia-no-border-styling  avia-builder-el-6  el_after_av_three_fourth  avia-builder-el-last  avia-bg-style-scroll container_wrap sidebar_right'  ><div class='container av-section-cont-open' ><div class='template-page content  av-content-small alpha units'><div class='post-entry post-entry-type-page post-entry-8594'><div class='entry-content-wrapper clearfix'>\n\n<style type=\"text\/css\" data-created_by=\"avia_inline_auto\" id=\"style-css-av-av_heading-ed39ccb6e567b4e53cab4d4680f06185\">\n#top .av-special-heading.av-av_heading-ed39ccb6e567b4e53cab4d4680f06185{\npadding-bottom:40px;\ncolor:#56327f;\n}\nbody .av-special-heading.av-av_heading-ed39ccb6e567b4e53cab4d4680f06185 .av-special-heading-tag .heading-char{\nfont-size:25px;\n}\n.av-special-heading.av-av_heading-ed39ccb6e567b4e53cab4d4680f06185 .special-heading-inner-border{\nborder-color:#56327f;\n}\n.av-special-heading.av-av_heading-ed39ccb6e567b4e53cab4d4680f06185 .av-subheading{\nfont-size:15px;\n}\n<\/style>\n<div  class='av-special-heading av-av_heading-ed39ccb6e567b4e53cab4d4680f06185 av-special-heading-h2 custom-color-heading blockquote modern-quote modern-centered  avia-builder-el-7  el_before_av_one_half  avia-builder-el-first '><h2 class='av-special-heading-tag '  itemprop=\"headline\"  >MYCOSAN PRODUKTI<\/h2><div class=\"special-heading-border\"><div class=\"special-heading-inner-border\"><\/div><\/div><\/div>\n\n<style type=\"text\/css\" data-created_by=\"avia_inline_auto\" id=\"style-css-av-av_one_half-9497bbf8bff73ea4c6992cc17fa9ec36\">\n.flex_column.av-av_one_half-9497bbf8bff73ea4c6992cc17fa9ec36{\nborder-radius:0px 0px 0px 0px;\npadding:0px 0px 0px 0px;\n}\n<\/style>\n<div  class='flex_column av-av_one_half-9497bbf8bff73ea4c6992cc17fa9ec36 av_one_half  avia-builder-el-8  el_after_av_heading  el_before_av_one_half  first flex_column_div av-zero-column-padding  '     ><p>\n<style type=\"text\/css\" data-created_by=\"avia_inline_auto\" id=\"style-css-av-av_image-56e0ecc48cb7cb980e62505aee9be205\">\n.avia-image-container.av-av_image-56e0ecc48cb7cb980e62505aee9be205 img.avia_image{\nbox-shadow:none;\n}\n.avia-image-container.av-av_image-56e0ecc48cb7cb980e62505aee9be205 .av-image-caption-overlay-center{\ncolor:#ffffff;\n}\n<\/style>\n<div  class='avia-image-container av-av_image-56e0ecc48cb7cb980e62505aee9be205 av-styling- avia-align-center  avia-builder-el-9  el_before_av_textblock  avia-builder-el-first '   itemprop=\"image\" itemscope=\"itemscope\" itemtype=\"https:\/\/schema.org\/ImageObject\" ><div class=\"avia-image-container-inner\"><div class=\"avia-image-overlay-wrap\"><img decoding=\"async\" fetchpriority=\"high\" class='wp-image-9139 avia-img-lazy-loading-not-9139 avia_image ' src=\"https:\/\/www.mycosan.com\/lv\/files\/2018\/07\/packshots-238x300.png\" alt='' title='packshots'  height=\"300\" width=\"238\"  itemprop=\"thumbnailUrl\" srcset=\"https:\/\/www.mycosan.com\/lv\/files\/2018\/07\/packshots-238x300.png 238w, https:\/\/www.mycosan.com\/lv\/files\/2018\/07\/packshots.png 393w\" sizes=\"(max-width: 238px) 100vw, 238px\" \/><\/div><\/div><\/div><br \/>\n<section  class='av_textblock_section av-av_textblock-0366cc7376be6c9e82a3e9cc8987b64f '   itemscope=\"itemscope\" itemtype=\"https:\/\/schema.org\/CreativeWork\" ><div class='avia_textblock'  itemprop=\"text\" ><h3><span style=\"color: #56327f; text-transform: uppercase;\">MYCOSAN L\u012aDZEKLIS PRET NAGU S\u0112N\u012aT\u0112M<\/span><\/h3>\n<p>\u0100trs un efekt\u012bvs l\u012bdzeklis nagu s\u0113n\u012b\u0161u infekcijas \u0101rst\u0113\u0161anai, paman\u0101ms rezult\u0101ts divu ned\u0113\u013cu laik\u0101.*<\/p>\n<\/div><\/section><br \/>\n<div  class='avia-button-wrap av-av_button-e45468cf4e6104e8158efc143717153d-wrap avia-button-left  avia-builder-el-11  el_after_av_textblock  avia-builder-el-last '><a href='https:\/\/www.mycosan.com\/lv\/produkti\/lidzeklis-pret-nagu-senitem\/'  class='avia-button av-av_button-e45468cf4e6104e8158efc143717153d av-link-btn avia-icon_select-no avia-size-medium avia-position-left avia-color-blue'   aria-label=\"Produkti\"><span class='avia_iconbox_title' >Produkti<\/span><\/a><\/div><\/p><\/div>\n<style type=\"text\/css\" data-created_by=\"avia_inline_auto\" id=\"style-css-av-av_one_half-9c1d454dc06f7247226bc4e8f931daae\">\n.flex_column.av-av_one_half-9c1d454dc06f7247226bc4e8f931daae{\nborder-radius:0px 0px 0px 0px;\npadding:0px 0px 0px 0px;\n}\n<\/style>\n<div  class='flex_column av-av_one_half-9c1d454dc06f7247226bc4e8f931daae av_one_half  avia-builder-el-12  el_after_av_one_half  avia-builder-el-last  flex_column_div av-zero-column-padding  '     ><p>\n<style type=\"text\/css\" data-created_by=\"avia_inline_auto\" id=\"style-css-av-av_image-32e1a18dde2499769458f7c84ba878e3\">\n.avia-image-container.av-av_image-32e1a18dde2499769458f7c84ba878e3 img.avia_image{\nbox-shadow:none;\n}\n.avia-image-container.av-av_image-32e1a18dde2499769458f7c84ba878e3 .av-image-caption-overlay-center{\ncolor:#ffffff;\n}\n<\/style>\n<div  class='avia-image-container av-av_image-32e1a18dde2499769458f7c84ba878e3 av-styling- avia-align-center  avia-builder-el-13  el_before_av_textblock  avia-builder-el-first '   itemprop=\"image\" itemscope=\"itemscope\" itemtype=\"https:\/\/schema.org\/ImageObject\" ><div class=\"avia-image-container-inner\"><div class=\"avia-image-overlay-wrap\"><img decoding=\"async\" fetchpriority=\"high\" class='wp-image-9162 avia-img-lazy-loading-not-9162 avia_image ' src=\"https:\/\/www.mycosan.com\/lv\/files\/2018\/08\/athlete-300x298.jpg\" alt='' title='athlete'  height=\"298\" width=\"300\"  itemprop=\"thumbnailUrl\" srcset=\"https:\/\/www.mycosan.com\/lv\/files\/2018\/08\/athlete-300x298.jpg 300w, https:\/\/www.mycosan.com\/lv\/files\/2018\/08\/athlete-80x80.jpg 80w, https:\/\/www.mycosan.com\/lv\/files\/2018\/08\/athlete-36x36.jpg 36w, https:\/\/www.mycosan.com\/lv\/files\/2018\/08\/athlete-180x180.jpg 180w, https:\/\/www.mycosan.com\/lv\/files\/2018\/08\/athlete-120x120.jpg 120w, https:\/\/www.mycosan.com\/lv\/files\/2018\/08\/athlete-450x446.jpg 450w, https:\/\/www.mycosan.com\/lv\/files\/2018\/08\/athlete.jpg 500w\" sizes=\"(max-width: 300px) 100vw, 300px\" \/><\/div><\/div><\/div><br \/>\n<section  class='av_textblock_section av-av_textblock-0366cc7376be6c9e82a3e9cc8987b64f '   itemscope=\"itemscope\" itemtype=\"https:\/\/schema.org\/CreativeWork\" ><div class='avia_textblock'  itemprop=\"text\" ><h3><span style=\"color: #56327f; text-transform: uppercase;\">Mycosan prets\u0113n\u012b\u0161u gels p\u0113d\u0101m<\/span><\/h3>\n<p>Unik\u0101ls higi\u0113nisks aplikators. Apstiprin\u0101ts, ka ar t\u0101 pal\u012bdz\u012bbu iesp\u0113jams izn\u012bcin\u0101t 99,9\u00a0% \u201eatl\u0113ta p\u0113du\u201d izraiso\u0161o s\u0113n\u012b\u0161u.<\/p>\n<\/div><\/section><br \/>\n<div  class='avia-button-wrap av-av_button-31d7fe0ed4b5aee7230b4fa35891a914-wrap avia-button-left  avia-builder-el-15  el_after_av_textblock  avia-builder-el-last '><a href='https:\/\/www.mycosan.com\/lv\/produkti\/pretsenisu-gels-pedam\/'  class='avia-button av-av_button-31d7fe0ed4b5aee7230b4fa35891a914 av-link-btn avia-icon_select-no avia-size-medium avia-position-left avia-color-blue'   aria-label=\"Produkti\"><span class='avia_iconbox_title' >Produkti<\/span><\/a><\/div><\/p><\/div>\n<\/div><\/div><\/div><!-- close content main div --><\/div><\/div><div id='after_section_1'  class='main_color av_default_container_wrap container_wrap sidebar_right'  ><div class='container av-section-cont-open' ><div class='template-page content  av-content-small alpha units'><div class='post-entry post-entry-type-page post-entry-8594'><div class='entry-content-wrapper clearfix'>\n","protected":false},"excerpt":{"rendered":"","protected":false},"author":1,"featured_media":0,"parent":8590,"menu_order":4,"comment_status":"open","ping_status":"closed","template":"","meta":{"_acf_changed":false,"footnotes":""},"page_type":[],"class_list":["post-8594","page","type-page","status-publish","hentry"],"acf":[],"yoast_head":"<!-- This site is optimized with the Yoast SEO plugin v26.9 - https:\/\/yoast.com\/product\/yoast-seo-wordpress\/ -->\n<title>\u0100rst\u0113\u0161anas metodes - Mycosan Nagu S\u0113n\u012btei<\/title>\n<meta name=\"robots\" content=\"index, follow, max-snippet:-1, max-image-preview:large, max-video-preview:-1\" \/>\n<link rel=\"canonical\" href=\"https:\/\/www.mycosan.com\/lv\/nagu-senite\/arstesanas-metodes\/\" \/>\n<meta property=\"og:locale\" content=\"lv_LV\" \/>\n<meta property=\"og:type\" content=\"article\" \/>\n<meta property=\"og:title\" content=\"\u0100rst\u0113\u0161anas metodes - Mycosan Nagu S\u0113n\u012btei\" \/>\n<meta property=\"og:url\" content=\"https:\/\/www.mycosan.com\/lv\/nagu-senite\/arstesanas-metodes\/\" \/>\n<meta property=\"og:site_name\" content=\"Mycosan Nagu S\u0113n\u012btei\" \/>\n<meta property=\"article:modified_time\" content=\"2018-08-17T13:55:15+00:00\" \/>\n<meta name=\"twitter:label1\" content=\"Est. reading time\" \/>\n\t<meta name=\"twitter:data1\" content=\"5 minutes\" \/>\n<script type=\"application\/ld+json\" class=\"yoast-schema-graph\">{\"@context\":\"https:\/\/schema.org\",\"@graph\":[{\"@type\":\"WebPage\",\"@id\":\"https:\/\/www.mycosan.com\/lv\/nagu-senite\/arstesanas-metodes\/\",\"url\":\"https:\/\/www.mycosan.com\/lv\/nagu-senite\/arstesanas-metodes\/\",\"name\":\"\u0100rst\u0113\u0161anas metodes - Mycosan Nagu S\u0113n\u012btei\",\"isPartOf\":{\"@id\":\"https:\/\/www.mycosan.com\/lv\/#website\"},\"datePublished\":\"2015-01-08T14:34:09+00:00\",\"dateModified\":\"2018-08-17T13:55:15+00:00\",\"breadcrumb\":{\"@id\":\"https:\/\/www.mycosan.com\/lv\/nagu-senite\/arstesanas-metodes\/#breadcrumb\"},\"inLanguage\":\"lv\",\"potentialAction\":[{\"@type\":\"ReadAction\",\"target\":[\"https:\/\/www.mycosan.com\/lv\/nagu-senite\/arstesanas-metodes\/\"]}]},{\"@type\":\"BreadcrumbList\",\"@id\":\"https:\/\/www.mycosan.com\/lv\/nagu-senite\/arstesanas-metodes\/#breadcrumb\",\"itemListElement\":[{\"@type\":\"ListItem\",\"position\":1,\"name\":\"Home\",\"item\":\"https:\/\/www.mycosan.com\/lv\/\"},{\"@type\":\"ListItem\",\"position\":2,\"name\":\"Nagu S\u0113n\u012bte\",\"item\":\"https:\/\/www.mycosan.com\/lv\/nagu-senite\/\"},{\"@type\":\"ListItem\",\"position\":3,\"name\":\"\u0100rst\u0113\u0161anas metodes\"}]},{\"@type\":\"WebSite\",\"@id\":\"https:\/\/www.mycosan.com\/lv\/#website\",\"url\":\"https:\/\/www.mycosan.com\/lv\/\",\"name\":\"Mycosan Nagu S\u0113n\u012btei\",\"description\":\"\",\"potentialAction\":[{\"@type\":\"SearchAction\",\"target\":{\"@type\":\"EntryPoint\",\"urlTemplate\":\"https:\/\/www.mycosan.com\/lv\/?s={search_term_string}\"},\"query-input\":{\"@type\":\"PropertyValueSpecification\",\"valueRequired\":true,\"valueName\":\"search_term_string\"}}],\"inLanguage\":\"lv\"}]}<\/script>\n<!-- \/ Yoast SEO plugin. -->","yoast_head_json":{"title":"\u0100rst\u0113\u0161anas metodes - Mycosan Nagu S\u0113n\u012btei","robots":{"index":"index","follow":"follow","max-snippet":"max-snippet:-1","max-image-preview":"max-image-preview:large","max-video-preview":"max-video-preview:-1"},"canonical":"https:\/\/www.mycosan.com\/lv\/nagu-senite\/arstesanas-metodes\/","og_locale":"lv_LV","og_type":"article","og_title":"\u0100rst\u0113\u0161anas metodes - Mycosan Nagu S\u0113n\u012btei","og_url":"https:\/\/www.mycosan.com\/lv\/nagu-senite\/arstesanas-metodes\/","og_site_name":"Mycosan Nagu S\u0113n\u012btei","article_modified_time":"2018-08-17T13:55:15+00:00","twitter_misc":{"Est. reading time":"5 minutes"},"schema":{"@context":"https:\/\/schema.org","@graph":[{"@type":"WebPage","@id":"https:\/\/www.mycosan.com\/lv\/nagu-senite\/arstesanas-metodes\/","url":"https:\/\/www.mycosan.com\/lv\/nagu-senite\/arstesanas-metodes\/","name":"\u0100rst\u0113\u0161anas metodes - Mycosan Nagu S\u0113n\u012btei","isPartOf":{"@id":"https:\/\/www.mycosan.com\/lv\/#website"},"datePublished":"2015-01-08T14:34:09+00:00","dateModified":"2018-08-17T13:55:15+00:00","breadcrumb":{"@id":"https:\/\/www.mycosan.com\/lv\/nagu-senite\/arstesanas-metodes\/#breadcrumb"},"inLanguage":"lv","potentialAction":[{"@type":"ReadAction","target":["https:\/\/www.mycosan.com\/lv\/nagu-senite\/arstesanas-metodes\/"]}]},{"@type":"BreadcrumbList","@id":"https:\/\/www.mycosan.com\/lv\/nagu-senite\/arstesanas-metodes\/#breadcrumb","itemListElement":[{"@type":"ListItem","position":1,"name":"Home","item":"https:\/\/www.mycosan.com\/lv\/"},{"@type":"ListItem","position":2,"name":"Nagu S\u0113n\u012bte","item":"https:\/\/www.mycosan.com\/lv\/nagu-senite\/"},{"@type":"ListItem","position":3,"name":"\u0100rst\u0113\u0161anas metodes"}]},{"@type":"WebSite","@id":"https:\/\/www.mycosan.com\/lv\/#website","url":"https:\/\/www.mycosan.com\/lv\/","name":"Mycosan Nagu S\u0113n\u012btei","description":"","potentialAction":[{"@type":"SearchAction","target":{"@type":"EntryPoint","urlTemplate":"https:\/\/www.mycosan.com\/lv\/?s={search_term_string}"},"query-input":{"@type":"PropertyValueSpecification","valueRequired":true,"valueName":"search_term_string"}}],"inLanguage":"lv"}]}},"_links":{"self":[{"href":"https:\/\/www.mycosan.com\/lv\/wp-json\/wp\/v2\/pages\/8594","targetHints":{"allow":["GET"]}}],"collection":[{"href":"https:\/\/www.mycosan.com\/lv\/wp-json\/wp\/v2\/pages"}],"about":[{"href":"https:\/\/www.mycosan.com\/lv\/wp-json\/wp\/v2\/types\/page"}],"author":[{"embeddable":true,"href":"https:\/\/www.mycosan.com\/lv\/wp-json\/wp\/v2\/users\/1"}],"replies":[{"embeddable":true,"href":"https:\/\/www.mycosan.com\/lv\/wp-json\/wp\/v2\/comments?post=8594"}],"version-history":[{"count":0,"href":"https:\/\/www.mycosan.com\/lv\/wp-json\/wp\/v2\/pages\/8594\/revisions"}],"up":[{"embeddable":true,"href":"https:\/\/www.mycosan.com\/lv\/wp-json\/wp\/v2\/pages\/8590"}],"wp:attachment":[{"href":"https:\/\/www.mycosan.com\/lv\/wp-json\/wp\/v2\/media?parent=8594"}],"wp:term":[{"taxonomy":"page_type","embeddable":true,"href":"https:\/\/www.mycosan.com\/lv\/wp-json\/wp\/v2\/page_type?post=8594"}],"curies":[{"name":"wp","href":"https:\/\/api.w.org\/{rel}","templated":true}]}}