{"id":8592,"date":"2015-01-08T15:32:10","date_gmt":"2015-01-08T14:32:10","guid":{"rendered":"https:\/\/www.mycosan.com\/test\/?page_id=3987"},"modified":"2018-08-17T14:55:18","modified_gmt":"2018-08-17T13:55:18","slug":"ka-es-varu-inficeties-ar-nagu-seniti","status":"publish","type":"page","link":"https:\/\/www.mycosan.com\/lv\/nagu-senite\/ka-es-varu-inficeties-ar-nagu-seniti\/","title":{"rendered":"K\u0101 es varu infic\u0113ties ar nagu s\u0113n\u012bti?"},"content":{"rendered":"<div  class='flex_column av-av_one_fourth-2a9015ff38129c418a3f2eafba3e9512 av_one_fourth  avia-builder-el-0  el_before_av_three_fourth  avia-builder-el-first  first flex_column_div  '     ><style type=\"text\/css\" data-created_by=\"avia_inline_auto\" id=\"style-css-av-av_image-374f935961200699fc8f648bbdf2d8cc\">\n.avia-image-container.av-av_image-374f935961200699fc8f648bbdf2d8cc img.avia_image{\nbox-shadow:none;\n}\n.avia-image-container.av-av_image-374f935961200699fc8f648bbdf2d8cc .av-image-caption-overlay-center{\ncolor:#ffffff;\n}\n<\/style>\n<div  class='avia-image-container av-av_image-374f935961200699fc8f648bbdf2d8cc av-styling- avia-align-center  avia-builder-el-1  avia-builder-el-no-sibling '   itemprop=\"image\" itemscope=\"itemscope\" itemtype=\"https:\/\/schema.org\/ImageObject\" ><div class=\"avia-image-container-inner\"><div class=\"avia-image-overlay-wrap\"><img decoding=\"async\" fetchpriority=\"high\" class='wp-image-4990 avia-img-lazy-loading-not-4990 avia_image ' src=\"https:\/\/www.mycosan.com\/lv\/files\/2015\/01\/Mycosan_Situaties_voeten.jpg\" alt='Hoe krijg ik kalknagel of voetschimmel?' title='Mycosan_Situaties_voeten'  height=\"992\" width=\"338\"  itemprop=\"thumbnailUrl\" srcset=\"https:\/\/www.mycosan.com\/lv\/files\/2015\/01\/Mycosan_Situaties_voeten.jpg 338w, https:\/\/www.mycosan.com\/lv\/files\/2015\/01\/Mycosan_Situaties_voeten-102x300.jpg 102w, https:\/\/www.mycosan.com\/lv\/files\/2015\/01\/Mycosan_Situaties_voeten-250x734.jpg 250w\" sizes=\"(max-width: 338px) 100vw, 338px\" \/><\/div><\/div><\/div><\/div>\n\n<style type=\"text\/css\" data-created_by=\"avia_inline_auto\" id=\"style-css-av-av_three_fourth-9c1d454dc06f7247226bc4e8f931daae\">\n.flex_column.av-av_three_fourth-9c1d454dc06f7247226bc4e8f931daae{\nborder-radius:0px 0px 0px 0px;\npadding:0px 0px 0px 0px;\n}\n<\/style>\n<div  class='flex_column av-av_three_fourth-9c1d454dc06f7247226bc4e8f931daae av_three_fourth  avia-builder-el-2  el_after_av_one_fourth  el_before_av_section  avia-builder-el-last  flex_column_div av-zero-column-padding  '     ><section  class='av_textblock_section av-av_textblock-0366cc7376be6c9e82a3e9cc8987b64f '   itemscope=\"itemscope\" itemtype=\"https:\/\/schema.org\/CreativeWork\" ><div class='avia_textblock'  itemprop=\"text\" ><h1>K\u0101 es varu infic\u0113ties ar nagu s\u0113n\u012bti?<\/h1>\n<\/div><\/section><br \/>\n<div  class='hr av-av_hr-dcd2069817a0e3d34ae04cad8f3443c7 hr-default  avia-builder-el-4  el_after_av_textblock  el_before_av_textblock '><span class='hr-inner '><span class=\"hr-inner-style\"><\/span><\/span><\/div><br \/>\n<section  class='av_textblock_section av-av_textblock-0366cc7376be6c9e82a3e9cc8987b64f '   itemscope=\"itemscope\" itemtype=\"https:\/\/schema.org\/CreativeWork\" ><div class='avia_textblock'  itemprop=\"text\" ><h4>P\u0101rskats par cit\u0101m s\u0113n\u012b\u0161u infekcij\u0101m, piem\u0113ram,\u201datl\u0113ta p\u0113du\u201d.<\/h4>\n<p>Nagu s\u0113n\u012bte bie\u017ei att\u012bst\u0101s no \u201eatl\u0113ta p\u0113das\u201d\u00a0\u2013 s\u0113n\u012b\u0161u izrais\u012btas \u0101das infekcijas. Ja \u201eatl\u0113ta p\u0113da\u201d nav savlaic\u012bgi \u0101rst\u0113ta, s\u0113n\u012bte var izplat\u012bties uz nagiem.<\/p>\n<p>Mitras publiskas vietas, piem\u0113ram, peldbaseinu telpas vai sporta z\u0101les.<\/p>\n<p><a href=\"https:\/\/www.mycosan.com\/lv\/nagu-senite\/kas-ir-nagu-senite\/\">Nagu s\u0113n\u012b\u0161u izrais\u012bt\u0101ji<\/a> dz\u012bvo silt\u0101 un mitr\u0101 vid\u0113. T\u0101d\u0113\u013c j\u016bs varat infic\u0113ties ar s\u0113n\u012bt\u0113m, kas izraisa nagu s\u0113n\u012b\u0161u infekcijas, ja atrodaties mitr\u0101 vid\u0113, piem\u0113ram, saun\u0101, sporta z\u0101l\u0113, publisk\u0101 du\u0161\u0101 vai peldbaseina telp\u0101s.<\/p>\n<p><span style=\"color: #502d7f;\"><strong>Nagu boj\u0101jumi<\/strong><\/span><br \/>\nPirksta iev\u0113r\u0161ana durv\u012bs, pirksta traum\u0113\u0161anas ar \u0101muru vai pirksta atsi\u0161ana pret galda k\u0101ju rada naga boj\u0101jumus. Bie\u017ei gad\u0101s, ka nags atdal\u0101s no t\u0101 pamatnes. No atdal\u012b\u0161an\u0101s laukuma lieluma ir atkar\u012bga vieta, caur kuru s\u0113n\u012bte sp\u0113j iek\u013c\u016bt nag\u0101.<\/p>\n<p><strong><span style=\"color: #502d7f;\">Citi \u0123imenes locek\u013ci, kam ir s\u0113n\u012b\u0161u infekcija<br \/>\n<\/span><\/strong>Kad citiem \u0123imenes locek\u013ciem ir nagu s\u0113n\u012bte, ir liela iesp\u0113jam\u012bba, ka ar\u012b j\u016bs infic\u0113sieties ar du\u0161as gr\u012bdas, palagu utt.\u00a0starpniec\u012bbu.<\/p>\n<p>Citi iemesli:<\/p>\n<ul>\n<li>izmain\u012bts \u0101das pH\u00a0l\u012bmenis,<\/li>\n<li>nepietiekama noslauc\u012b\u0161an\u0101s p\u0113c mazg\u0101\u0161an\u0101s vai sporta nodarb\u012bb\u0101m<\/li>\n<li>nov\u0101jin\u0101ta im\u016bnsist\u0113ma.<\/li>\n<\/ul>\n<p>Uz k\u0101ju nagiem s\u0113n\u012btes ir bie\u017e\u0101k sastopamas nek\u0101 uz roku nagiem, jo k\u0101ju nagi bie\u017ei ir iesl\u0113gti tum\u0161\u0101s, silt\u0101s un mitr\u0101s kurp\u0113s, kur ir ide\u0101la vide s\u0113n\u012b\u0161u aug\u0161anai. V\u0113l viens iemesls var b\u016bt saist\u012bts ar to, ka p\u0113d\u0101s ir v\u0101j\u0101ka asi\u0146u pl\u016bsma nek\u0101 roku pirkstos, t\u0101d\u0113\u013c im\u016bnsist\u0113mai var b\u016bt gr\u016bt\u0101k atkl\u0101t un apkarot s\u0113n\u012btes.<\/p>\n<p><strong><span style=\"color: #502d7f;\">Kuri cilv\u0113ki ir pak\u013cauti riskam?<br \/>\n<\/span><\/strong>Nagu s\u0113n\u012btes bie\u017e\u0101k ir gados vec\u0101kiem pieaugu\u0161iem cilv\u0113kiem. Iemesliem var b\u016bt v\u0101j\u0101ka asinsrite un ilgsto\u0161a saskare ar s\u0113n\u012bt\u0113m. Kad novecojot nagi s\u0101k augt l\u0113n\u0101k un sabiez\u0113t, tie var b\u016bt uz\u0146\u0113m\u012bg\u0101ki pret nagu s\u0113n\u012b\u0161u infekcij\u0101m. V\u012brie\u0161iem un sieviet\u0113m infic\u0113\u0161an\u0101s ar nagu s\u0113n\u012bti ir sastopama vien\u0101di bie\u017ei.<\/p>\n<p>Nagu s\u0113n\u012b\u0161u infekcijas ir visbie\u017e\u0101k\u0101s p\u0113du patolo\u0123ijas\u00a0\u2013 t\u0101s ir katram ceturtajam cilv\u0113kam. \u0160o probl\u0113mu var vairot cie\u0161u kurpju valk\u0101\u0161ana un bie\u017e\u0101ka publisku vietu, piem\u0113ram, baseinu \u0123\u0113rbtuvju un saunu, apmekl\u0113\u0161ana.<\/p>\n<p>Nagu s\u0113n\u012b\u0161u infekciju ra\u0161anos var veicin\u0101t ar\u012b \u0161\u0101di faktori:<\/p>\n<ul>\n<li>vecums, jo risks palielin\u0101s l\u012bdz ar vecumu;<\/li>\n<li>\u201eatl\u0113ta p\u0113da\u201d\u00a0\u2013 katram ceturtajam, kam ir \u201eatl\u0113ta p\u0113da\u201d, att\u012bst\u0101s ar\u012b nagu s\u0113n\u012b\u0161u infekcija;<\/li>\n<li>basas k\u0101jas publisk\u0101s viet\u0101s, piem\u0113ram, peldbaseinu telp\u0101s, publiskaj\u0101s du\u0161\u0101s un saun\u0101s;<\/li>\n<li>asinsrites trauc\u0113jumi, k\u0101 ar\u012b cie\u0161u kurpju valk\u0101\u0161ana un nagu traumas;<\/li>\n<li>slim\u012bbas, piem\u0113ram, cukura diab\u0113ts un psori\u0101ze;<\/li>\n<li>higi\u0113nas pras\u012bbu neiev\u0113ro\u0161ana.<\/li>\n<\/ul>\n<\/div><\/section><\/p><\/div>\n<\/div><\/div><\/div><!-- close content main div --><\/div><\/div><div id='hoewerkt'  class='avia-section av-av_section-d05cecc49d4ea48c0f45673d7112eeca main_color avia-section-default avia-no-border-styling  avia-builder-el-6  el_after_av_three_fourth  avia-builder-el-last  avia-bg-style-scroll container_wrap sidebar_right'  ><div class='container av-section-cont-open' ><div class='template-page content  av-content-small alpha units'><div class='post-entry post-entry-type-page post-entry-8592'><div class='entry-content-wrapper clearfix'>\n\n<style type=\"text\/css\" data-created_by=\"avia_inline_auto\" id=\"style-css-av-av_heading-ed39ccb6e567b4e53cab4d4680f06185\">\n#top .av-special-heading.av-av_heading-ed39ccb6e567b4e53cab4d4680f06185{\npadding-bottom:40px;\ncolor:#56327f;\n}\nbody .av-special-heading.av-av_heading-ed39ccb6e567b4e53cab4d4680f06185 .av-special-heading-tag .heading-char{\nfont-size:25px;\n}\n.av-special-heading.av-av_heading-ed39ccb6e567b4e53cab4d4680f06185 .special-heading-inner-border{\nborder-color:#56327f;\n}\n.av-special-heading.av-av_heading-ed39ccb6e567b4e53cab4d4680f06185 .av-subheading{\nfont-size:15px;\n}\n<\/style>\n<div  class='av-special-heading av-av_heading-ed39ccb6e567b4e53cab4d4680f06185 av-special-heading-h2 custom-color-heading blockquote modern-quote modern-centered  avia-builder-el-7  el_before_av_one_half  avia-builder-el-first '><h2 class='av-special-heading-tag '  itemprop=\"headline\"  >MYCOSAN PRODUKTI<\/h2><div class=\"special-heading-border\"><div class=\"special-heading-inner-border\"><\/div><\/div><\/div>\n\n<style type=\"text\/css\" data-created_by=\"avia_inline_auto\" id=\"style-css-av-av_one_half-9497bbf8bff73ea4c6992cc17fa9ec36\">\n.flex_column.av-av_one_half-9497bbf8bff73ea4c6992cc17fa9ec36{\nborder-radius:0px 0px 0px 0px;\npadding:0px 0px 0px 0px;\n}\n<\/style>\n<div  class='flex_column av-av_one_half-9497bbf8bff73ea4c6992cc17fa9ec36 av_one_half  avia-builder-el-8  el_after_av_heading  el_before_av_one_half  first flex_column_div av-zero-column-padding  '     ><p>\n<style type=\"text\/css\" data-created_by=\"avia_inline_auto\" id=\"style-css-av-av_image-56e0ecc48cb7cb980e62505aee9be205\">\n.avia-image-container.av-av_image-56e0ecc48cb7cb980e62505aee9be205 img.avia_image{\nbox-shadow:none;\n}\n.avia-image-container.av-av_image-56e0ecc48cb7cb980e62505aee9be205 .av-image-caption-overlay-center{\ncolor:#ffffff;\n}\n<\/style>\n<div  class='avia-image-container av-av_image-56e0ecc48cb7cb980e62505aee9be205 av-styling- avia-align-center  avia-builder-el-9  el_before_av_textblock  avia-builder-el-first '   itemprop=\"image\" itemscope=\"itemscope\" itemtype=\"https:\/\/schema.org\/ImageObject\" ><div class=\"avia-image-container-inner\"><div class=\"avia-image-overlay-wrap\"><img decoding=\"async\" fetchpriority=\"high\" class='wp-image-9139 avia-img-lazy-loading-not-9139 avia_image ' src=\"https:\/\/www.mycosan.com\/lv\/files\/2018\/07\/packshots-238x300.png\" alt='' title='packshots'  height=\"300\" width=\"238\"  itemprop=\"thumbnailUrl\" srcset=\"https:\/\/www.mycosan.com\/lv\/files\/2018\/07\/packshots-238x300.png 238w, https:\/\/www.mycosan.com\/lv\/files\/2018\/07\/packshots.png 393w\" sizes=\"(max-width: 238px) 100vw, 238px\" \/><\/div><\/div><\/div><br \/>\n<section  class='av_textblock_section av-av_textblock-0366cc7376be6c9e82a3e9cc8987b64f '   itemscope=\"itemscope\" itemtype=\"https:\/\/schema.org\/CreativeWork\" ><div class='avia_textblock'  itemprop=\"text\" ><h3><span style=\"color: #56327f; text-transform: uppercase;\">MYCOSAN L\u012aDZEKLIS PRET NAGU S\u0112N\u012aT\u0112M<\/span><\/h3>\n<p>\u0100trs un efekt\u012bvs l\u012bdzeklis nagu s\u0113n\u012b\u0161u infekcijas \u0101rst\u0113\u0161anai, paman\u0101ms rezult\u0101ts divu ned\u0113\u013cu laik\u0101.*<\/p>\n<\/div><\/section><br \/>\n<div  class='avia-button-wrap av-av_button-e45468cf4e6104e8158efc143717153d-wrap avia-button-left  avia-builder-el-11  el_after_av_textblock  avia-builder-el-last '><a href='https:\/\/www.mycosan.com\/lv\/produkti\/lidzeklis-pret-nagu-senitem\/'  class='avia-button av-av_button-e45468cf4e6104e8158efc143717153d av-link-btn avia-icon_select-no avia-size-medium avia-position-left avia-color-blue'   aria-label=\"Produkti\"><span class='avia_iconbox_title' >Produkti<\/span><\/a><\/div><\/p><\/div>\n<style type=\"text\/css\" data-created_by=\"avia_inline_auto\" id=\"style-css-av-av_one_half-9c1d454dc06f7247226bc4e8f931daae\">\n.flex_column.av-av_one_half-9c1d454dc06f7247226bc4e8f931daae{\nborder-radius:0px 0px 0px 0px;\npadding:0px 0px 0px 0px;\n}\n<\/style>\n<div  class='flex_column av-av_one_half-9c1d454dc06f7247226bc4e8f931daae av_one_half  avia-builder-el-12  el_after_av_one_half  avia-builder-el-last  flex_column_div av-zero-column-padding  '     ><p>\n<style type=\"text\/css\" data-created_by=\"avia_inline_auto\" id=\"style-css-av-av_image-32e1a18dde2499769458f7c84ba878e3\">\n.avia-image-container.av-av_image-32e1a18dde2499769458f7c84ba878e3 img.avia_image{\nbox-shadow:none;\n}\n.avia-image-container.av-av_image-32e1a18dde2499769458f7c84ba878e3 .av-image-caption-overlay-center{\ncolor:#ffffff;\n}\n<\/style>\n<div  class='avia-image-container av-av_image-32e1a18dde2499769458f7c84ba878e3 av-styling- avia-align-center  avia-builder-el-13  el_before_av_textblock  avia-builder-el-first '   itemprop=\"image\" itemscope=\"itemscope\" itemtype=\"https:\/\/schema.org\/ImageObject\" ><div class=\"avia-image-container-inner\"><div class=\"avia-image-overlay-wrap\"><img decoding=\"async\" fetchpriority=\"high\" class='wp-image-9162 avia-img-lazy-loading-not-9162 avia_image ' src=\"https:\/\/www.mycosan.com\/lv\/files\/2018\/08\/athlete-300x298.jpg\" alt='' title='athlete'  height=\"298\" width=\"300\"  itemprop=\"thumbnailUrl\" srcset=\"https:\/\/www.mycosan.com\/lv\/files\/2018\/08\/athlete-300x298.jpg 300w, https:\/\/www.mycosan.com\/lv\/files\/2018\/08\/athlete-80x80.jpg 80w, https:\/\/www.mycosan.com\/lv\/files\/2018\/08\/athlete-36x36.jpg 36w, https:\/\/www.mycosan.com\/lv\/files\/2018\/08\/athlete-180x180.jpg 180w, https:\/\/www.mycosan.com\/lv\/files\/2018\/08\/athlete-120x120.jpg 120w, https:\/\/www.mycosan.com\/lv\/files\/2018\/08\/athlete-450x446.jpg 450w, https:\/\/www.mycosan.com\/lv\/files\/2018\/08\/athlete.jpg 500w\" sizes=\"(max-width: 300px) 100vw, 300px\" \/><\/div><\/div><\/div><br \/>\n<section  class='av_textblock_section av-av_textblock-0366cc7376be6c9e82a3e9cc8987b64f '   itemscope=\"itemscope\" itemtype=\"https:\/\/schema.org\/CreativeWork\" ><div class='avia_textblock'  itemprop=\"text\" ><h3><span style=\"color: #56327f; text-transform: uppercase;\">Mycosan prets\u0113n\u012b\u0161u gels p\u0113d\u0101m<\/span><\/h3>\n<p>Unik\u0101ls higi\u0113nisks aplikators. Apstiprin\u0101ts, ka ar t\u0101 pal\u012bdz\u012bbu iesp\u0113jams izn\u012bcin\u0101t 99,9\u00a0% \u201eatl\u0113ta p\u0113du\u201d izraiso\u0161o s\u0113n\u012b\u0161u.<\/p>\n<\/div><\/section><br \/>\n<div  class='avia-button-wrap av-av_button-31d7fe0ed4b5aee7230b4fa35891a914-wrap avia-button-left  avia-builder-el-15  el_after_av_textblock  avia-builder-el-last '><a href='https:\/\/www.mycosan.com\/lv\/produkti\/pretsenisu-gels-pedam\/'  class='avia-button av-av_button-31d7fe0ed4b5aee7230b4fa35891a914 av-link-btn avia-icon_select-no avia-size-medium avia-position-left avia-color-blue'   aria-label=\"Produkti\"><span class='avia_iconbox_title' >Produkti<\/span><\/a><\/div><\/p><\/div>\n<\/div><\/div><\/div><!-- close content main div --><\/div><\/div><div id='after_section_1'  class='main_color av_default_container_wrap container_wrap sidebar_right'  ><div class='container av-section-cont-open' ><div class='template-page content  av-content-small alpha units'><div class='post-entry post-entry-type-page post-entry-8592'><div class='entry-content-wrapper clearfix'>\n","protected":false},"excerpt":{"rendered":"","protected":false},"author":1,"featured_media":0,"parent":8590,"menu_order":2,"comment_status":"open","ping_status":"closed","template":"","meta":{"_acf_changed":false,"footnotes":""},"page_type":[],"class_list":["post-8592","page","type-page","status-publish","hentry"],"acf":[],"yoast_head":"<!-- This site is optimized with the Yoast SEO plugin v26.9 - https:\/\/yoast.com\/product\/yoast-seo-wordpress\/ -->\n<title>K\u0101 es varu infic\u0113ties ar nagu s\u0113n\u012bti? - Mycosan Nagu S\u0113n\u012btei<\/title>\n<meta name=\"robots\" content=\"index, follow, max-snippet:-1, max-image-preview:large, max-video-preview:-1\" \/>\n<link rel=\"canonical\" href=\"https:\/\/www.mycosan.com\/lv\/nagu-senite\/ka-es-varu-inficeties-ar-nagu-seniti\/\" \/>\n<meta property=\"og:locale\" content=\"lv_LV\" \/>\n<meta property=\"og:type\" content=\"article\" \/>\n<meta property=\"og:title\" content=\"K\u0101 es varu infic\u0113ties ar nagu s\u0113n\u012bti? - Mycosan Nagu S\u0113n\u012btei\" \/>\n<meta property=\"og:url\" content=\"https:\/\/www.mycosan.com\/lv\/nagu-senite\/ka-es-varu-inficeties-ar-nagu-seniti\/\" \/>\n<meta property=\"og:site_name\" content=\"Mycosan Nagu S\u0113n\u012btei\" \/>\n<meta property=\"article:modified_time\" content=\"2018-08-17T13:55:18+00:00\" \/>\n<meta name=\"twitter:label1\" content=\"Est. reading time\" \/>\n\t<meta name=\"twitter:data1\" content=\"6 minutes\" \/>\n<script type=\"application\/ld+json\" class=\"yoast-schema-graph\">{\"@context\":\"https:\/\/schema.org\",\"@graph\":[{\"@type\":\"WebPage\",\"@id\":\"https:\/\/www.mycosan.com\/lv\/nagu-senite\/ka-es-varu-inficeties-ar-nagu-seniti\/\",\"url\":\"https:\/\/www.mycosan.com\/lv\/nagu-senite\/ka-es-varu-inficeties-ar-nagu-seniti\/\",\"name\":\"K\u0101 es varu infic\u0113ties ar nagu s\u0113n\u012bti? - Mycosan Nagu S\u0113n\u012btei\",\"isPartOf\":{\"@id\":\"https:\/\/www.mycosan.com\/lv\/#website\"},\"datePublished\":\"2015-01-08T14:32:10+00:00\",\"dateModified\":\"2018-08-17T13:55:18+00:00\",\"breadcrumb\":{\"@id\":\"https:\/\/www.mycosan.com\/lv\/nagu-senite\/ka-es-varu-inficeties-ar-nagu-seniti\/#breadcrumb\"},\"inLanguage\":\"lv\",\"potentialAction\":[{\"@type\":\"ReadAction\",\"target\":[\"https:\/\/www.mycosan.com\/lv\/nagu-senite\/ka-es-varu-inficeties-ar-nagu-seniti\/\"]}]},{\"@type\":\"BreadcrumbList\",\"@id\":\"https:\/\/www.mycosan.com\/lv\/nagu-senite\/ka-es-varu-inficeties-ar-nagu-seniti\/#breadcrumb\",\"itemListElement\":[{\"@type\":\"ListItem\",\"position\":1,\"name\":\"Home\",\"item\":\"https:\/\/www.mycosan.com\/lv\/\"},{\"@type\":\"ListItem\",\"position\":2,\"name\":\"Nagu S\u0113n\u012bte\",\"item\":\"https:\/\/www.mycosan.com\/lv\/nagu-senite\/\"},{\"@type\":\"ListItem\",\"position\":3,\"name\":\"K\u0101 es varu infic\u0113ties ar nagu s\u0113n\u012bti?\"}]},{\"@type\":\"WebSite\",\"@id\":\"https:\/\/www.mycosan.com\/lv\/#website\",\"url\":\"https:\/\/www.mycosan.com\/lv\/\",\"name\":\"Mycosan Nagu S\u0113n\u012btei\",\"description\":\"\",\"potentialAction\":[{\"@type\":\"SearchAction\",\"target\":{\"@type\":\"EntryPoint\",\"urlTemplate\":\"https:\/\/www.mycosan.com\/lv\/?s={search_term_string}\"},\"query-input\":{\"@type\":\"PropertyValueSpecification\",\"valueRequired\":true,\"valueName\":\"search_term_string\"}}],\"inLanguage\":\"lv\"}]}<\/script>\n<!-- \/ Yoast SEO plugin. -->","yoast_head_json":{"title":"K\u0101 es varu infic\u0113ties ar nagu s\u0113n\u012bti? - Mycosan Nagu S\u0113n\u012btei","robots":{"index":"index","follow":"follow","max-snippet":"max-snippet:-1","max-image-preview":"max-image-preview:large","max-video-preview":"max-video-preview:-1"},"canonical":"https:\/\/www.mycosan.com\/lv\/nagu-senite\/ka-es-varu-inficeties-ar-nagu-seniti\/","og_locale":"lv_LV","og_type":"article","og_title":"K\u0101 es varu infic\u0113ties ar nagu s\u0113n\u012bti? - Mycosan Nagu S\u0113n\u012btei","og_url":"https:\/\/www.mycosan.com\/lv\/nagu-senite\/ka-es-varu-inficeties-ar-nagu-seniti\/","og_site_name":"Mycosan Nagu S\u0113n\u012btei","article_modified_time":"2018-08-17T13:55:18+00:00","twitter_misc":{"Est. reading time":"6 minutes"},"schema":{"@context":"https:\/\/schema.org","@graph":[{"@type":"WebPage","@id":"https:\/\/www.mycosan.com\/lv\/nagu-senite\/ka-es-varu-inficeties-ar-nagu-seniti\/","url":"https:\/\/www.mycosan.com\/lv\/nagu-senite\/ka-es-varu-inficeties-ar-nagu-seniti\/","name":"K\u0101 es varu infic\u0113ties ar nagu s\u0113n\u012bti? - Mycosan Nagu S\u0113n\u012btei","isPartOf":{"@id":"https:\/\/www.mycosan.com\/lv\/#website"},"datePublished":"2015-01-08T14:32:10+00:00","dateModified":"2018-08-17T13:55:18+00:00","breadcrumb":{"@id":"https:\/\/www.mycosan.com\/lv\/nagu-senite\/ka-es-varu-inficeties-ar-nagu-seniti\/#breadcrumb"},"inLanguage":"lv","potentialAction":[{"@type":"ReadAction","target":["https:\/\/www.mycosan.com\/lv\/nagu-senite\/ka-es-varu-inficeties-ar-nagu-seniti\/"]}]},{"@type":"BreadcrumbList","@id":"https:\/\/www.mycosan.com\/lv\/nagu-senite\/ka-es-varu-inficeties-ar-nagu-seniti\/#breadcrumb","itemListElement":[{"@type":"ListItem","position":1,"name":"Home","item":"https:\/\/www.mycosan.com\/lv\/"},{"@type":"ListItem","position":2,"name":"Nagu S\u0113n\u012bte","item":"https:\/\/www.mycosan.com\/lv\/nagu-senite\/"},{"@type":"ListItem","position":3,"name":"K\u0101 es varu infic\u0113ties ar nagu s\u0113n\u012bti?"}]},{"@type":"WebSite","@id":"https:\/\/www.mycosan.com\/lv\/#website","url":"https:\/\/www.mycosan.com\/lv\/","name":"Mycosan Nagu S\u0113n\u012btei","description":"","potentialAction":[{"@type":"SearchAction","target":{"@type":"EntryPoint","urlTemplate":"https:\/\/www.mycosan.com\/lv\/?s={search_term_string}"},"query-input":{"@type":"PropertyValueSpecification","valueRequired":true,"valueName":"search_term_string"}}],"inLanguage":"lv"}]}},"_links":{"self":[{"href":"https:\/\/www.mycosan.com\/lv\/wp-json\/wp\/v2\/pages\/8592","targetHints":{"allow":["GET"]}}],"collection":[{"href":"https:\/\/www.mycosan.com\/lv\/wp-json\/wp\/v2\/pages"}],"about":[{"href":"https:\/\/www.mycosan.com\/lv\/wp-json\/wp\/v2\/types\/page"}],"author":[{"embeddable":true,"href":"https:\/\/www.mycosan.com\/lv\/wp-json\/wp\/v2\/users\/1"}],"replies":[{"embeddable":true,"href":"https:\/\/www.mycosan.com\/lv\/wp-json\/wp\/v2\/comments?post=8592"}],"version-history":[{"count":0,"href":"https:\/\/www.mycosan.com\/lv\/wp-json\/wp\/v2\/pages\/8592\/revisions"}],"up":[{"embeddable":true,"href":"https:\/\/www.mycosan.com\/lv\/wp-json\/wp\/v2\/pages\/8590"}],"wp:attachment":[{"href":"https:\/\/www.mycosan.com\/lv\/wp-json\/wp\/v2\/media?parent=8592"}],"wp:term":[{"taxonomy":"page_type","embeddable":true,"href":"https:\/\/www.mycosan.com\/lv\/wp-json\/wp\/v2\/page_type?post=8592"}],"curies":[{"name":"wp","href":"https:\/\/api.w.org\/{rel}","templated":true}]}}