{"id":8591,"date":"2015-01-08T15:24:44","date_gmt":"2015-01-08T14:24:44","guid":{"rendered":"https:\/\/www.mycosan.com\/test\/?page_id=3985"},"modified":"2018-08-17T14:55:21","modified_gmt":"2018-08-17T13:55:21","slug":"nagu-senites-simptomi","status":"publish","type":"page","link":"https:\/\/www.mycosan.com\/lv\/nagu-senite\/nagu-senites-simptomi\/","title":{"rendered":"Nagu s\u0113n\u012btes simptomi"},"content":{"rendered":"<div  class='flex_column av-av_one_fourth-2a9015ff38129c418a3f2eafba3e9512 av_one_fourth  avia-builder-el-0  el_before_av_three_fourth  avia-builder-el-first  first flex_column_div  '     ><style type=\"text\/css\" data-created_by=\"avia_inline_auto\" id=\"style-css-av-av_image-a6db567457d9a748fa122c0789de4959\">\n.avia-image-container.av-av_image-a6db567457d9a748fa122c0789de4959 img.avia_image{\nbox-shadow:none;\n}\n.avia-image-container.av-av_image-a6db567457d9a748fa122c0789de4959 .av-image-caption-overlay-center{\ncolor:#ffffff;\n}\n<\/style>\n<div  class='avia-image-container av-av_image-a6db567457d9a748fa122c0789de4959 av-styling- avia-align-center  avia-builder-el-1  avia-builder-el-no-sibling '   itemprop=\"image\" itemscope=\"itemscope\" itemtype=\"https:\/\/schema.org\/ImageObject\" ><div class=\"avia-image-container-inner\"><div class=\"avia-image-overlay-wrap\"><img decoding=\"async\" fetchpriority=\"high\" class='wp-image-4980 avia-img-lazy-loading-not-4980 avia_image ' src=\"https:\/\/www.mycosan.com\/lv\/files\/2015\/01\/Kalknagel_symptoom.jpg\" alt='Kalknagel symptomen' title='Kalknagel_symptoom'  height=\"170\" width=\"207\"  itemprop=\"thumbnailUrl\"  \/><\/div><\/div><\/div><\/div>\n\n<style type=\"text\/css\" data-created_by=\"avia_inline_auto\" id=\"style-css-av-av_three_fourth-9c1d454dc06f7247226bc4e8f931daae\">\n.flex_column.av-av_three_fourth-9c1d454dc06f7247226bc4e8f931daae{\nborder-radius:0px 0px 0px 0px;\npadding:0px 0px 0px 0px;\n}\n<\/style>\n<div  class='flex_column av-av_three_fourth-9c1d454dc06f7247226bc4e8f931daae av_three_fourth  avia-builder-el-2  el_after_av_one_fourth  el_before_av_section  avia-builder-el-last  flex_column_div av-zero-column-padding  '     ><section  class='av_textblock_section av-av_textblock-0366cc7376be6c9e82a3e9cc8987b64f '   itemscope=\"itemscope\" itemtype=\"https:\/\/schema.org\/CreativeWork\" ><div class='avia_textblock'  itemprop=\"text\" ><h1>NAGU S\u0112N\u012aTES SIMPTOMI<\/h1>\n<\/div><\/section><br \/>\n<div  class='hr av-av_hr-dcd2069817a0e3d34ae04cad8f3443c7 hr-default  avia-builder-el-4  el_after_av_textblock  el_before_av_textblock '><span class='hr-inner '><span class=\"hr-inner-style\"><\/span><\/span><\/div><br \/>\n<section  class='av_textblock_section av-av_textblock-0366cc7376be6c9e82a3e9cc8987b64f '   itemscope=\"itemscope\" itemtype=\"https:\/\/schema.org\/CreativeWork\" ><div class='avia_textblock'  itemprop=\"text\" ><h4>Vai jums ir nagu s\u0113n\u012bte?<\/h4>\n<p><a href=\"https:\/\/www.mycosan.com\/lv\/nagu-senite\/kas-ir-nagu-senite\/\">S\u0113n\u012btes skarti nagi<\/a>\u00a0 izskat\u0101s neest\u0113tiski. Infekcija parasti s\u0101kas ar naga st\u016br\u012b\u0161a kr\u0101sas izmai\u0146\u0101m un l\u0113ni izplat\u0101s naga kutikulas virzien\u0101. Naga vizu\u0101l\u0101s izrmai\u0146as ir viegli paman\u0101mas, t\u0101d\u0113\u013c ir svar\u012bgi regul\u0101ri p\u0101rbaud\u012bt p\u0113das, lai b\u016btu iesp\u0113jams savlaic\u012bgi rea\u0123\u0113t uz iesp\u0113jamu s\u0113n\u012b\u0161u infekcijas att\u012bst\u012b\u0161anos.<\/p>\n<p>Ir da\u017e\u0101das nagu s\u0113n\u012b\u0161u formas, un visbie\u017e\u0101k sastopam\u0101 ir t\u0101, kas s\u0101kas naga mal\u0101 un izplat\u0101s kutikulas virzien\u0101.<\/p>\n<p>Nagu s\u0113n\u012btei ir rakstur\u012bgi t\u0101di simptomi k\u0101<\/p>\n<ul>\n<li>nagu sabiez\u0113\u0161ana,<\/li>\n<li>kr\u0101sas p\u0101rmai\u0146as ( nagi k\u013c\u016bst balti, dzelteni un\u00a0(vai) br\u016bni ),<\/li>\n<li>nagu trauslums ( tie var sadal\u012bties ),<\/li>\n<li>nagu zv\u012b\u0146o\u0161an\u0101s,<\/li>\n<li>nagu deform\u0113\u0161ana\u0101s.<\/li>\n<\/ul>\n<\/div><\/section><\/p><\/div>\n<\/div><\/div><\/div><!-- close content main div --><\/div><\/div><div id='hoewerkt'  class='avia-section av-av_section-d05cecc49d4ea48c0f45673d7112eeca main_color avia-section-default avia-no-border-styling  avia-builder-el-6  el_after_av_three_fourth  avia-builder-el-last  avia-bg-style-scroll container_wrap sidebar_right'  ><div class='container av-section-cont-open' ><div class='template-page content  av-content-small alpha units'><div class='post-entry post-entry-type-page post-entry-8591'><div class='entry-content-wrapper clearfix'>\n\n<style type=\"text\/css\" data-created_by=\"avia_inline_auto\" id=\"style-css-av-av_heading-ed39ccb6e567b4e53cab4d4680f06185\">\n#top .av-special-heading.av-av_heading-ed39ccb6e567b4e53cab4d4680f06185{\npadding-bottom:40px;\ncolor:#56327f;\n}\nbody .av-special-heading.av-av_heading-ed39ccb6e567b4e53cab4d4680f06185 .av-special-heading-tag .heading-char{\nfont-size:25px;\n}\n.av-special-heading.av-av_heading-ed39ccb6e567b4e53cab4d4680f06185 .special-heading-inner-border{\nborder-color:#56327f;\n}\n.av-special-heading.av-av_heading-ed39ccb6e567b4e53cab4d4680f06185 .av-subheading{\nfont-size:15px;\n}\n<\/style>\n<div  class='av-special-heading av-av_heading-ed39ccb6e567b4e53cab4d4680f06185 av-special-heading-h2 custom-color-heading blockquote modern-quote modern-centered  avia-builder-el-7  el_before_av_one_half  avia-builder-el-first '><h2 class='av-special-heading-tag '  itemprop=\"headline\"  >MYCOSAN PRODUKTI<\/h2><div class=\"special-heading-border\"><div class=\"special-heading-inner-border\"><\/div><\/div><\/div>\n\n<style type=\"text\/css\" data-created_by=\"avia_inline_auto\" id=\"style-css-av-av_one_half-9497bbf8bff73ea4c6992cc17fa9ec36\">\n.flex_column.av-av_one_half-9497bbf8bff73ea4c6992cc17fa9ec36{\nborder-radius:0px 0px 0px 0px;\npadding:0px 0px 0px 0px;\n}\n<\/style>\n<div  class='flex_column av-av_one_half-9497bbf8bff73ea4c6992cc17fa9ec36 av_one_half  avia-builder-el-8  el_after_av_heading  el_before_av_one_half  first flex_column_div av-zero-column-padding  '     ><p>\n<style type=\"text\/css\" data-created_by=\"avia_inline_auto\" id=\"style-css-av-av_image-56e0ecc48cb7cb980e62505aee9be205\">\n.avia-image-container.av-av_image-56e0ecc48cb7cb980e62505aee9be205 img.avia_image{\nbox-shadow:none;\n}\n.avia-image-container.av-av_image-56e0ecc48cb7cb980e62505aee9be205 .av-image-caption-overlay-center{\ncolor:#ffffff;\n}\n<\/style>\n<div  class='avia-image-container av-av_image-56e0ecc48cb7cb980e62505aee9be205 av-styling- avia-align-center  avia-builder-el-9  el_before_av_textblock  avia-builder-el-first '   itemprop=\"image\" itemscope=\"itemscope\" itemtype=\"https:\/\/schema.org\/ImageObject\" ><div class=\"avia-image-container-inner\"><div class=\"avia-image-overlay-wrap\"><img decoding=\"async\" fetchpriority=\"high\" class='wp-image-9139 avia-img-lazy-loading-not-9139 avia_image ' src=\"https:\/\/www.mycosan.com\/lv\/files\/2018\/07\/packshots-238x300.png\" alt='' title='packshots'  height=\"300\" width=\"238\"  itemprop=\"thumbnailUrl\" srcset=\"https:\/\/www.mycosan.com\/lv\/files\/2018\/07\/packshots-238x300.png 238w, https:\/\/www.mycosan.com\/lv\/files\/2018\/07\/packshots.png 393w\" sizes=\"(max-width: 238px) 100vw, 238px\" \/><\/div><\/div><\/div><br \/>\n<section  class='av_textblock_section av-av_textblock-0366cc7376be6c9e82a3e9cc8987b64f '   itemscope=\"itemscope\" itemtype=\"https:\/\/schema.org\/CreativeWork\" ><div class='avia_textblock'  itemprop=\"text\" ><h3><span style=\"color: #56327f; text-transform: uppercase;\">MYCOSAN L\u012aDZEKLIS PRET NAGU S\u0112N\u012aT\u0112M<\/span><\/h3>\n<p>\u0100trs un efekt\u012bvs l\u012bdzeklis nagu s\u0113n\u012b\u0161u infekcijas \u0101rst\u0113\u0161anai, paman\u0101ms rezult\u0101ts divu ned\u0113\u013cu laik\u0101.*<\/p>\n<\/div><\/section><br \/>\n<div  class='avia-button-wrap av-av_button-e45468cf4e6104e8158efc143717153d-wrap avia-button-left  avia-builder-el-11  el_after_av_textblock  avia-builder-el-last '><a href='https:\/\/www.mycosan.com\/lv\/produkti\/lidzeklis-pret-nagu-senitem\/'  class='avia-button av-av_button-e45468cf4e6104e8158efc143717153d av-link-btn avia-icon_select-no avia-size-medium avia-position-left avia-color-blue'   aria-label=\"Produkti\"><span class='avia_iconbox_title' >Produkti<\/span><\/a><\/div><\/p><\/div>\n<style type=\"text\/css\" data-created_by=\"avia_inline_auto\" id=\"style-css-av-av_one_half-9c1d454dc06f7247226bc4e8f931daae\">\n.flex_column.av-av_one_half-9c1d454dc06f7247226bc4e8f931daae{\nborder-radius:0px 0px 0px 0px;\npadding:0px 0px 0px 0px;\n}\n<\/style>\n<div  class='flex_column av-av_one_half-9c1d454dc06f7247226bc4e8f931daae av_one_half  avia-builder-el-12  el_after_av_one_half  avia-builder-el-last  flex_column_div av-zero-column-padding  '     ><p>\n<style type=\"text\/css\" data-created_by=\"avia_inline_auto\" id=\"style-css-av-av_image-32e1a18dde2499769458f7c84ba878e3\">\n.avia-image-container.av-av_image-32e1a18dde2499769458f7c84ba878e3 img.avia_image{\nbox-shadow:none;\n}\n.avia-image-container.av-av_image-32e1a18dde2499769458f7c84ba878e3 .av-image-caption-overlay-center{\ncolor:#ffffff;\n}\n<\/style>\n<div  class='avia-image-container av-av_image-32e1a18dde2499769458f7c84ba878e3 av-styling- avia-align-center  avia-builder-el-13  el_before_av_textblock  avia-builder-el-first '   itemprop=\"image\" itemscope=\"itemscope\" itemtype=\"https:\/\/schema.org\/ImageObject\" ><div class=\"avia-image-container-inner\"><div class=\"avia-image-overlay-wrap\"><img decoding=\"async\" fetchpriority=\"high\" class='wp-image-9162 avia-img-lazy-loading-not-9162 avia_image ' src=\"https:\/\/www.mycosan.com\/lv\/files\/2018\/08\/athlete-300x298.jpg\" alt='' title='athlete'  height=\"298\" width=\"300\"  itemprop=\"thumbnailUrl\" srcset=\"https:\/\/www.mycosan.com\/lv\/files\/2018\/08\/athlete-300x298.jpg 300w, https:\/\/www.mycosan.com\/lv\/files\/2018\/08\/athlete-80x80.jpg 80w, https:\/\/www.mycosan.com\/lv\/files\/2018\/08\/athlete-36x36.jpg 36w, https:\/\/www.mycosan.com\/lv\/files\/2018\/08\/athlete-180x180.jpg 180w, https:\/\/www.mycosan.com\/lv\/files\/2018\/08\/athlete-120x120.jpg 120w, https:\/\/www.mycosan.com\/lv\/files\/2018\/08\/athlete-450x446.jpg 450w, https:\/\/www.mycosan.com\/lv\/files\/2018\/08\/athlete.jpg 500w\" sizes=\"(max-width: 300px) 100vw, 300px\" \/><\/div><\/div><\/div><br \/>\n<section  class='av_textblock_section av-av_textblock-0366cc7376be6c9e82a3e9cc8987b64f '   itemscope=\"itemscope\" itemtype=\"https:\/\/schema.org\/CreativeWork\" ><div class='avia_textblock'  itemprop=\"text\" ><h3><span style=\"color: #56327f; text-transform: uppercase;\">Mycosan prets\u0113n\u012b\u0161u gels p\u0113d\u0101m<\/span><\/h3>\n<p>Unik\u0101ls higi\u0113nisks aplikators. Apstiprin\u0101ts, ka ar t\u0101 pal\u012bdz\u012bbu iesp\u0113jams izn\u012bcin\u0101t 99,9\u00a0% \u201eatl\u0113ta p\u0113du\u201d izraiso\u0161o s\u0113n\u012b\u0161u.<\/p>\n<\/div><\/section><br \/>\n<div  class='avia-button-wrap av-av_button-31d7fe0ed4b5aee7230b4fa35891a914-wrap avia-button-left  avia-builder-el-15  el_after_av_textblock  avia-builder-el-last '><a href='https:\/\/www.mycosan.com\/lv\/produkti\/pretsenisu-gels-pedam\/'  class='avia-button av-av_button-31d7fe0ed4b5aee7230b4fa35891a914 av-link-btn avia-icon_select-no avia-size-medium avia-position-left avia-color-blue'   aria-label=\"Produkti\"><span class='avia_iconbox_title' >Produkti<\/span><\/a><\/div><\/p><\/div>\n<\/div><\/div><\/div><!-- close content main div --><\/div><\/div><div id='after_section_1'  class='main_color av_default_container_wrap container_wrap sidebar_right'  ><div class='container av-section-cont-open' ><div class='template-page content  av-content-small alpha units'><div class='post-entry post-entry-type-page post-entry-8591'><div class='entry-content-wrapper clearfix'>\n","protected":false},"excerpt":{"rendered":"","protected":false},"author":1,"featured_media":0,"parent":8590,"menu_order":1,"comment_status":"open","ping_status":"closed","template":"","meta":{"_acf_changed":false,"footnotes":""},"page_type":[],"class_list":["post-8591","page","type-page","status-publish","hentry"],"acf":[],"yoast_head":"<!-- This site is optimized with the Yoast SEO plugin v26.9 - https:\/\/yoast.com\/product\/yoast-seo-wordpress\/ -->\n<title>Nagu s\u0113n\u012btes simptomi - Mycosan Nagu S\u0113n\u012btei<\/title>\n<meta name=\"robots\" content=\"index, follow, max-snippet:-1, max-image-preview:large, max-video-preview:-1\" \/>\n<link rel=\"canonical\" href=\"https:\/\/www.mycosan.com\/lv\/nagu-senite\/nagu-senites-simptomi\/\" \/>\n<meta property=\"og:locale\" content=\"lv_LV\" \/>\n<meta property=\"og:type\" content=\"article\" \/>\n<meta property=\"og:title\" content=\"Nagu s\u0113n\u012btes simptomi - Mycosan Nagu S\u0113n\u012btei\" \/>\n<meta property=\"og:url\" content=\"https:\/\/www.mycosan.com\/lv\/nagu-senite\/nagu-senites-simptomi\/\" \/>\n<meta property=\"og:site_name\" content=\"Mycosan Nagu S\u0113n\u012btei\" \/>\n<meta property=\"article:modified_time\" content=\"2018-08-17T13:55:21+00:00\" \/>\n<meta name=\"twitter:label1\" content=\"Est. reading time\" \/>\n\t<meta name=\"twitter:data1\" content=\"4 minutes\" \/>\n<script type=\"application\/ld+json\" class=\"yoast-schema-graph\">{\"@context\":\"https:\/\/schema.org\",\"@graph\":[{\"@type\":\"WebPage\",\"@id\":\"https:\/\/www.mycosan.com\/lv\/nagu-senite\/nagu-senites-simptomi\/\",\"url\":\"https:\/\/www.mycosan.com\/lv\/nagu-senite\/nagu-senites-simptomi\/\",\"name\":\"Nagu s\u0113n\u012btes simptomi - Mycosan Nagu S\u0113n\u012btei\",\"isPartOf\":{\"@id\":\"https:\/\/www.mycosan.com\/lv\/#website\"},\"datePublished\":\"2015-01-08T14:24:44+00:00\",\"dateModified\":\"2018-08-17T13:55:21+00:00\",\"breadcrumb\":{\"@id\":\"https:\/\/www.mycosan.com\/lv\/nagu-senite\/nagu-senites-simptomi\/#breadcrumb\"},\"inLanguage\":\"lv\",\"potentialAction\":[{\"@type\":\"ReadAction\",\"target\":[\"https:\/\/www.mycosan.com\/lv\/nagu-senite\/nagu-senites-simptomi\/\"]}]},{\"@type\":\"BreadcrumbList\",\"@id\":\"https:\/\/www.mycosan.com\/lv\/nagu-senite\/nagu-senites-simptomi\/#breadcrumb\",\"itemListElement\":[{\"@type\":\"ListItem\",\"position\":1,\"name\":\"Home\",\"item\":\"https:\/\/www.mycosan.com\/lv\/\"},{\"@type\":\"ListItem\",\"position\":2,\"name\":\"Nagu S\u0113n\u012bte\",\"item\":\"https:\/\/www.mycosan.com\/lv\/nagu-senite\/\"},{\"@type\":\"ListItem\",\"position\":3,\"name\":\"Nagu s\u0113n\u012btes simptomi\"}]},{\"@type\":\"WebSite\",\"@id\":\"https:\/\/www.mycosan.com\/lv\/#website\",\"url\":\"https:\/\/www.mycosan.com\/lv\/\",\"name\":\"Mycosan Nagu S\u0113n\u012btei\",\"description\":\"\",\"potentialAction\":[{\"@type\":\"SearchAction\",\"target\":{\"@type\":\"EntryPoint\",\"urlTemplate\":\"https:\/\/www.mycosan.com\/lv\/?s={search_term_string}\"},\"query-input\":{\"@type\":\"PropertyValueSpecification\",\"valueRequired\":true,\"valueName\":\"search_term_string\"}}],\"inLanguage\":\"lv\"}]}<\/script>\n<!-- \/ Yoast SEO plugin. -->","yoast_head_json":{"title":"Nagu s\u0113n\u012btes simptomi - Mycosan Nagu S\u0113n\u012btei","robots":{"index":"index","follow":"follow","max-snippet":"max-snippet:-1","max-image-preview":"max-image-preview:large","max-video-preview":"max-video-preview:-1"},"canonical":"https:\/\/www.mycosan.com\/lv\/nagu-senite\/nagu-senites-simptomi\/","og_locale":"lv_LV","og_type":"article","og_title":"Nagu s\u0113n\u012btes simptomi - Mycosan Nagu S\u0113n\u012btei","og_url":"https:\/\/www.mycosan.com\/lv\/nagu-senite\/nagu-senites-simptomi\/","og_site_name":"Mycosan Nagu S\u0113n\u012btei","article_modified_time":"2018-08-17T13:55:21+00:00","twitter_misc":{"Est. reading time":"4 minutes"},"schema":{"@context":"https:\/\/schema.org","@graph":[{"@type":"WebPage","@id":"https:\/\/www.mycosan.com\/lv\/nagu-senite\/nagu-senites-simptomi\/","url":"https:\/\/www.mycosan.com\/lv\/nagu-senite\/nagu-senites-simptomi\/","name":"Nagu s\u0113n\u012btes simptomi - Mycosan Nagu S\u0113n\u012btei","isPartOf":{"@id":"https:\/\/www.mycosan.com\/lv\/#website"},"datePublished":"2015-01-08T14:24:44+00:00","dateModified":"2018-08-17T13:55:21+00:00","breadcrumb":{"@id":"https:\/\/www.mycosan.com\/lv\/nagu-senite\/nagu-senites-simptomi\/#breadcrumb"},"inLanguage":"lv","potentialAction":[{"@type":"ReadAction","target":["https:\/\/www.mycosan.com\/lv\/nagu-senite\/nagu-senites-simptomi\/"]}]},{"@type":"BreadcrumbList","@id":"https:\/\/www.mycosan.com\/lv\/nagu-senite\/nagu-senites-simptomi\/#breadcrumb","itemListElement":[{"@type":"ListItem","position":1,"name":"Home","item":"https:\/\/www.mycosan.com\/lv\/"},{"@type":"ListItem","position":2,"name":"Nagu S\u0113n\u012bte","item":"https:\/\/www.mycosan.com\/lv\/nagu-senite\/"},{"@type":"ListItem","position":3,"name":"Nagu s\u0113n\u012btes simptomi"}]},{"@type":"WebSite","@id":"https:\/\/www.mycosan.com\/lv\/#website","url":"https:\/\/www.mycosan.com\/lv\/","name":"Mycosan Nagu S\u0113n\u012btei","description":"","potentialAction":[{"@type":"SearchAction","target":{"@type":"EntryPoint","urlTemplate":"https:\/\/www.mycosan.com\/lv\/?s={search_term_string}"},"query-input":{"@type":"PropertyValueSpecification","valueRequired":true,"valueName":"search_term_string"}}],"inLanguage":"lv"}]}},"_links":{"self":[{"href":"https:\/\/www.mycosan.com\/lv\/wp-json\/wp\/v2\/pages\/8591","targetHints":{"allow":["GET"]}}],"collection":[{"href":"https:\/\/www.mycosan.com\/lv\/wp-json\/wp\/v2\/pages"}],"about":[{"href":"https:\/\/www.mycosan.com\/lv\/wp-json\/wp\/v2\/types\/page"}],"author":[{"embeddable":true,"href":"https:\/\/www.mycosan.com\/lv\/wp-json\/wp\/v2\/users\/1"}],"replies":[{"embeddable":true,"href":"https:\/\/www.mycosan.com\/lv\/wp-json\/wp\/v2\/comments?post=8591"}],"version-history":[{"count":0,"href":"https:\/\/www.mycosan.com\/lv\/wp-json\/wp\/v2\/pages\/8591\/revisions"}],"up":[{"embeddable":true,"href":"https:\/\/www.mycosan.com\/lv\/wp-json\/wp\/v2\/pages\/8590"}],"wp:attachment":[{"href":"https:\/\/www.mycosan.com\/lv\/wp-json\/wp\/v2\/media?parent=8591"}],"wp:term":[{"taxonomy":"page_type","embeddable":true,"href":"https:\/\/www.mycosan.com\/lv\/wp-json\/wp\/v2\/page_type?post=8591"}],"curies":[{"name":"wp","href":"https:\/\/api.w.org\/{rel}","templated":true}]}}