{"id":8586,"date":"2015-01-06T12:28:46","date_gmt":"2015-01-06T11:28:46","guid":{"rendered":"https:\/\/www.mycosan.com\/lv\/test\/?page_id=3945"},"modified":"2018-08-17T14:00:42","modified_gmt":"2018-08-17T13:00:42","slug":"produkti","status":"publish","type":"page","link":"https:\/\/www.mycosan.com\/lv\/produkti\/","title":{"rendered":"Produkti"},"content":{"rendered":"<div id='producten'  class='avia-section av-av_section-fe82b91276d0aa8a67ae109e30110da3 main_color avia-section-default avia-no-shadow  avia-builder-el-0  el_before_av_section  avia-builder-el-first  avia-bg-style-scroll container_wrap sidebar_right'  ><div class='container av-section-cont-open' ><main  role=\"main\" itemprop=\"mainContentOfPage\"  class='template-page content  av-content-small alpha units'><div class='post-entry post-entry-type-page post-entry-8586'><div class='entry-content-wrapper clearfix'>\n<div  class='flex_column av-av_one_fourth-2a9015ff38129c418a3f2eafba3e9512 av_one_fourth  avia-builder-el-1  el_before_av_three_fourth  avia-builder-el-first  first flex_column_div  '     ><style type=\"text\/css\" data-created_by=\"avia_inline_auto\" id=\"style-css-av-av_image-a23d81a4c463d758ad6a183692e04802\">\n.avia-image-container.av-av_image-a23d81a4c463d758ad6a183692e04802 img.avia_image{\nbox-shadow:none;\n}\n.avia-image-container.av-av_image-a23d81a4c463d758ad6a183692e04802 .av-image-caption-overlay-center{\ncolor:#ffffff;\n}\n<\/style>\n<div  class='avia-image-container av-av_image-a23d81a4c463d758ad6a183692e04802 av-styling- avia-align-center  avia-builder-el-2  avia-builder-el-no-sibling '   itemprop=\"image\" itemscope=\"itemscope\" itemtype=\"https:\/\/schema.org\/ImageObject\" ><div class=\"avia-image-container-inner\"><div class=\"avia-image-overlay-wrap\"><img decoding=\"async\" fetchpriority=\"high\" class='wp-image-8251 avia-img-lazy-loading-not-8251 avia_image ' src=\"https:\/\/www.mycosan.com\/lv\/files\/2015\/03\/MycosanLogo_WhitePurple_CMYK_20150212-300x136.png\" alt='' title='MycosanLogo_WhitePurple_CMYK_20150212'  height=\"136\" width=\"300\"  itemprop=\"thumbnailUrl\" srcset=\"https:\/\/www.mycosan.com\/lv\/files\/2015\/03\/MycosanLogo_WhitePurple_CMYK_20150212-300x136.png 300w, https:\/\/www.mycosan.com\/lv\/files\/2015\/03\/MycosanLogo_WhitePurple_CMYK_20150212-600x273.png 600w, https:\/\/www.mycosan.com\/lv\/files\/2015\/03\/MycosanLogo_WhitePurple_CMYK_20150212-250x114.png 250w, https:\/\/www.mycosan.com\/lv\/files\/2015\/03\/MycosanLogo_WhitePurple_CMYK_20150212.png 900w\" sizes=\"(max-width: 300px) 100vw, 300px\" \/><\/div><\/div><\/div><\/div>\n<style type=\"text\/css\" data-created_by=\"avia_inline_auto\" id=\"style-css-av-av_three_fourth-9c1d454dc06f7247226bc4e8f931daae\">\n.flex_column.av-av_three_fourth-9c1d454dc06f7247226bc4e8f931daae{\nborder-radius:0px 0px 0px 0px;\npadding:0px 0px 0px 0px;\n}\n<\/style>\n<div  class='flex_column av-av_three_fourth-9c1d454dc06f7247226bc4e8f931daae av_three_fourth  avia-builder-el-3  el_after_av_one_fourth  avia-builder-el-last  flex_column_div av-zero-column-padding  '     ><section  class='av_textblock_section av-av_textblock-0366cc7376be6c9e82a3e9cc8987b64f '   itemscope=\"itemscope\" itemtype=\"https:\/\/schema.org\/CreativeWork\" ><div class='avia_textblock'  itemprop=\"text\" ><h1>NAGU S\u0112N\u012a\u0160U INFEKCIJU VAI \u201eATL\u0112TA P\u0112DAS\u201d \u0100RST\u0112\u0160ANA? P\u0112DU AIZSARDZ\u012aBA PRET ATK\u0100RTOT\u0100M INFEKCIJ\u0100M?<\/h1>\n<\/div><\/section><br \/>\n<div  class='hr av-av_hr-dcd2069817a0e3d34ae04cad8f3443c7 hr-default  avia-builder-el-5  el_after_av_textblock  el_before_av_textblock '><span class='hr-inner '><span class=\"hr-inner-style\"><\/span><\/span><\/div><br \/>\n<section  class='av_textblock_section av-av_textblock-0366cc7376be6c9e82a3e9cc8987b64f '   itemscope=\"itemscope\" itemtype=\"https:\/\/schema.org\/CreativeWork\" ><div class='avia_textblock'  itemprop=\"text\" ><h4><span style=\"color: #502d7f;\">Mycosan lieto\u0161ana nodro\u0161ina \u0101tri paman\u0101mu rezult\u0101tu*<\/span><\/h4>\n<p>P\u0113du s\u0113n\u012b\u0161u infekciju \u0101rst\u0113\u0161ana vai profilakse? Mycosan nodro\u0161ina \u0101tru, vienk\u0101r\u0161u un efekt\u012bvu risin\u0101jumu. Mycosan l\u012bdzeklim pret nagu s\u0113n\u012bt\u0113m ir unik\u0101ls sast\u0101vs, ko var lietot ar\u012b diab\u0113ta slimnieki un b\u0113rni no \u010detru gadu vecuma.<\/p>\n<p><strong>Mycosan s\u0113rij\u0101 ietilpst<\/strong>:<\/p>\n<p>Mycosan l\u012bdzeklis pret nagu s\u0113n\u012bt\u0113m (5 ml\u00a0un 10\u00a0ml), Mycosan prets\u0113n\u012b\u0161u gels p\u0113d\u0101m un aizsarg\u0101jo\u0161as putas pret s\u0113n\u012bt\u0113m.<\/p>\n<h6><em><span style=\"color: #502d7f;\">* Paman\u0101ms rezult\u0101ts divu ned\u0113\u013cu laik\u0101!<\/span><\/em><\/h6>\n<\/div><\/section><\/p><\/div>\n\n<\/div><\/div><\/main><!-- close content main element --><\/div><\/div><div id='kalknagel-producten'  class='avia-section av-av_section-9ece32b45a42c21ef967752af3db76cd main_color avia-section-default avia-shadow  avia-builder-el-7  el_after_av_section  el_before_av_section  avia-bg-style-scroll container_wrap sidebar_right'  ><div class='container av-section-cont-open' ><div class='template-page content  av-content-small alpha units'><div class='post-entry post-entry-type-page post-entry-8586'><div class='entry-content-wrapper clearfix'>\n<div  class='flex_column av-av_one_fourth-2a9015ff38129c418a3f2eafba3e9512 av_one_fourth  avia-builder-el-8  el_before_av_three_fourth  avia-builder-el-first  first flex_column_div  '     ><style type=\"text\/css\" data-created_by=\"avia_inline_auto\" id=\"style-css-av-av_image-c07ab50834acb0eba198e3b5d8c0c80b\">\n.avia-image-container.av-av_image-c07ab50834acb0eba198e3b5d8c0c80b img.avia_image{\nbox-shadow:none;\n}\n.avia-image-container.av-av_image-c07ab50834acb0eba198e3b5d8c0c80b .av-image-caption-overlay-center{\ncolor:#ffffff;\n}\n<\/style>\n<div  class='avia-image-container av-av_image-c07ab50834acb0eba198e3b5d8c0c80b av-styling- avia_animated_image av-animated-when-visible-95 left-to-right avia-align-center  avia-builder-el-9  avia-builder-el-no-sibling '   itemprop=\"image\" itemscope=\"itemscope\" itemtype=\"https:\/\/schema.org\/ImageObject\" ><div class=\"avia-image-container-inner\"><div class=\"avia-image-overlay-wrap\"><img decoding=\"async\" fetchpriority=\"high\" class='wp-image-8706 avia-img-lazy-loading-not-8706 avia_image ' src=\"https:\/\/www.mycosan.com\/lv\/files\/2013\/04\/packshots-238x300.png\" alt='' title='packshots-238x300'  height=\"198\" width=\"157\"  itemprop=\"thumbnailUrl\"  \/><\/div><\/div><\/div><\/div>\n<style type=\"text\/css\" data-created_by=\"avia_inline_auto\" id=\"style-css-av-av_three_fourth-9c1d454dc06f7247226bc4e8f931daae\">\n.flex_column.av-av_three_fourth-9c1d454dc06f7247226bc4e8f931daae{\nborder-radius:0px 0px 0px 0px;\npadding:0px 0px 0px 0px;\n}\n<\/style>\n<div  class='flex_column av-av_three_fourth-9c1d454dc06f7247226bc4e8f931daae av_three_fourth  avia-builder-el-10  el_after_av_one_fourth  avia-builder-el-last  flex_column_div av-zero-column-padding  '     ><section  class='av_textblock_section av-av_textblock-0366cc7376be6c9e82a3e9cc8987b64f '   itemscope=\"itemscope\" itemtype=\"https:\/\/schema.org\/CreativeWork\" ><div class='avia_textblock'  itemprop=\"text\" ><h1>MYCOSAN L\u012aDZEKLIS PRET NAGU S\u0112N\u012aT\u0112M (5\u00a0ML UN 10\u00a0ML)<\/h1>\n<\/div><\/section><br \/>\n<div  class='hr av-av_hr-dcd2069817a0e3d34ae04cad8f3443c7 hr-default  avia-builder-el-12  el_after_av_textblock  el_before_av_textblock '><span class='hr-inner '><span class=\"hr-inner-style\"><\/span><\/span><\/div><br \/>\n<section  class='av_textblock_section av-av_textblock-0366cc7376be6c9e82a3e9cc8987b64f '   itemscope=\"itemscope\" itemtype=\"https:\/\/schema.org\/CreativeWork\" ><div class='avia_textblock'  itemprop=\"text\" ><h4><span style=\"color: #502d7f;\">Paman\u0101ms rezult\u0101ts divu ned\u0113\u013cu laik\u0101!*<\/span><\/h4>\n<p>Mycosan l\u012bdzeklis pret nagu s\u0113n\u012bt\u0113m\u00a0ir pilns \u0101rst\u0113\u0161anas komplekts\u00a0\u2013 komplekt\u0101 ietilpst unik\u0101ls serums lietot\u0101jam draudz\u012bg\u0101 t\u016bbi\u0146\u0101 ar oti\u0146u, 10\u00a0vienreizlietojamas nagu v\u012bl\u012btes un \u0101rst\u0113\u0161anas pl\u0101ns.<\/p>\n<p>Apstiprin\u0101ts, ka Mycosan ir efekt\u012bvs un akt\u012bvs pret s\u0113n\u012bt\u0113m, kas izraisa nagu s\u0113n\u012b\u0161u infekcijas. Tas ir vienk\u0101r\u0161s un \u0101trs risin\u0101jums.* Mycosan l\u012bdzeklim pret nagu s\u0113n\u012bt\u0113m ir unik\u0101ls sast\u0101vs.<\/p>\n<\/div><\/section><br \/>\n<div  class='hr av-av_hr-dcd2069817a0e3d34ae04cad8f3443c7 hr-default  avia-builder-el-14  el_after_av_textblock  el_before_av_button '><span class='hr-inner '><span class=\"hr-inner-style\"><\/span><\/span><\/div><br \/>\n<div  class='avia-button-wrap av-av_button-ccc6b16109bf40bc588f5010f206b9ce-wrap avia-button-left  avia-builder-el-15  el_after_av_hr  avia-builder-el-last '><a href='https:\/\/www.mycosan.com\/lv\/produkti\/lidzeklis-pret-nagu-senitem\/'  class='avia-button av-av_button-ccc6b16109bf40bc588f5010f206b9ce av-link-btn avia-icon_select-no avia-size-large avia-position-left avia-color-blue'   aria-label=\"Vair\u0101k inform\u0101cijas\"><span class='avia_iconbox_title' >Vair\u0101k inform\u0101cijas<\/span><\/a><\/div><\/p><\/div>\n\n<\/div><\/div><\/div><!-- close content main div --><\/div><\/div><div id='kalknagel-producten'  class='avia-section av-av_section-9ece32b45a42c21ef967752af3db76cd main_color avia-section-default avia-shadow  avia-builder-el-16  el_after_av_section  avia-builder-el-last  avia-bg-style-scroll container_wrap sidebar_right'  ><div class='container av-section-cont-open' ><div class='template-page content  av-content-small alpha units'><div class='post-entry post-entry-type-page post-entry-8586'><div class='entry-content-wrapper clearfix'>\n<div  class='flex_column av-av_one_fourth-2a9015ff38129c418a3f2eafba3e9512 av_one_fourth  avia-builder-el-17  el_before_av_three_fourth  avia-builder-el-first  first flex_column_div  '     ><style type=\"text\/css\" data-created_by=\"avia_inline_auto\" id=\"style-css-av-av_image-eff90db55687012e2171c4396a99ee0a\">\n.avia-image-container.av-av_image-eff90db55687012e2171c4396a99ee0a img.avia_image{\nbox-shadow:none;\n}\n.avia-image-container.av-av_image-eff90db55687012e2171c4396a99ee0a .av-image-caption-overlay-center{\ncolor:#ffffff;\n}\n<\/style>\n<div  class='avia-image-container av-av_image-eff90db55687012e2171c4396a99ee0a av-styling- avia_animated_image av-animated-when-visible-95 left-to-right avia-align-center  avia-builder-el-18  avia-builder-el-no-sibling '   itemprop=\"image\" itemscope=\"itemscope\" itemtype=\"https:\/\/schema.org\/ImageObject\" ><div class=\"avia-image-container-inner\"><div class=\"avia-image-overlay-wrap\"><img decoding=\"async\" fetchpriority=\"high\" class='wp-image-8817 avia-img-lazy-loading-not-8817 avia_image ' src=\"https:\/\/www.mycosan.com\/lv\/files\/2015\/01\/20151123_MYCOSAN_5ML-PACK_EG-SOLO-300x268.png\" alt='' title='20151123_MYCOSAN_5ML-PACK_EG-SOLO'  height=\"268\" width=\"300\"  itemprop=\"thumbnailUrl\" srcset=\"https:\/\/www.mycosan.com\/lv\/files\/2015\/01\/20151123_MYCOSAN_5ML-PACK_EG-SOLO-300x268.png 300w, https:\/\/www.mycosan.com\/lv\/files\/2015\/01\/20151123_MYCOSAN_5ML-PACK_EG-SOLO-768x685.png 768w, https:\/\/www.mycosan.com\/lv\/files\/2015\/01\/20151123_MYCOSAN_5ML-PACK_EG-SOLO-1030x919.png 1030w, https:\/\/www.mycosan.com\/lv\/files\/2015\/01\/20151123_MYCOSAN_5ML-PACK_EG-SOLO-600x535.png 600w, https:\/\/www.mycosan.com\/lv\/files\/2015\/01\/20151123_MYCOSAN_5ML-PACK_EG-SOLO-1500x1338.png 1500w, https:\/\/www.mycosan.com\/lv\/files\/2015\/01\/20151123_MYCOSAN_5ML-PACK_EG-SOLO-705x629.png 705w, https:\/\/www.mycosan.com\/lv\/files\/2015\/01\/20151123_MYCOSAN_5ML-PACK_EG-SOLO-450x401.png 450w\" sizes=\"(max-width: 300px) 100vw, 300px\" \/><\/div><\/div><\/div><\/div>\n<style type=\"text\/css\" data-created_by=\"avia_inline_auto\" id=\"style-css-av-av_three_fourth-9c1d454dc06f7247226bc4e8f931daae\">\n.flex_column.av-av_three_fourth-9c1d454dc06f7247226bc4e8f931daae{\nborder-radius:0px 0px 0px 0px;\npadding:0px 0px 0px 0px;\n}\n<\/style>\n<div  class='flex_column av-av_three_fourth-9c1d454dc06f7247226bc4e8f931daae av_three_fourth  avia-builder-el-19  el_after_av_one_fourth  avia-builder-el-last  flex_column_div av-zero-column-padding  '     ><section  class='av_textblock_section av-av_textblock-0366cc7376be6c9e82a3e9cc8987b64f '   itemscope=\"itemscope\" itemtype=\"https:\/\/schema.org\/CreativeWork\" ><div class='avia_textblock'  itemprop=\"text\" ><h1>MYCOSAN PRETS\u0112N\u012a\u0160U GELS P\u0112D\u0100M<\/h1>\n<\/div><\/section><br \/>\n<div  class='hr av-av_hr-dcd2069817a0e3d34ae04cad8f3443c7 hr-default  avia-builder-el-21  el_after_av_textblock  el_before_av_textblock '><span class='hr-inner '><span class=\"hr-inner-style\"><\/span><\/span><\/div><br \/>\n<section  class='av_textblock_section av-av_textblock-0366cc7376be6c9e82a3e9cc8987b64f '   itemscope=\"itemscope\" itemtype=\"https:\/\/schema.org\/CreativeWork\" ><div class='avia_textblock'  itemprop=\"text\" ><h4>Izn\u012bcina 99\u00a0% s\u0113n\u012b\u0161u<\/h4>\n<p>Mycosan prets\u0113n\u012b\u0161u gels p\u0113d\u0101m ir \u0113rti lietojams un \u013coti efekt\u012bvs gels \u201eatl\u0113ta p\u0113das\u201d \u0101rst\u0113\u0161anai.<\/p>\n<\/div><\/section><br \/>\n<div  class='hr av-av_hr-dcd2069817a0e3d34ae04cad8f3443c7 hr-default  avia-builder-el-23  el_after_av_textblock  el_before_av_button '><span class='hr-inner '><span class=\"hr-inner-style\"><\/span><\/span><\/div><br \/>\n<div  class='avia-button-wrap av-av_button-ca723bdf927bf260246ce11cae9c5df4-wrap avia-button-left  avia-builder-el-24  el_after_av_hr  avia-builder-el-last '><a href='https:\/\/www.mycosan.com\/lv\/produkti\/pretsenisu-gels-pedam\/'  class='avia-button av-av_button-ca723bdf927bf260246ce11cae9c5df4 av-link-btn avia-icon_select-no avia-size-large avia-position-left avia-color-blue'   aria-label=\"Vair\u0101k inform\u0101cijas\"><span class='avia_iconbox_title' >Vair\u0101k inform\u0101cijas<\/span><\/a><\/div><\/p><\/div>\n<\/div><\/div><\/div><!-- close content main div --><\/div><\/div><div id='after_section_3'  class='main_color av_default_container_wrap container_wrap sidebar_right'  ><div class='container av-section-cont-open' ><div class='template-page content  av-content-small alpha units'><div class='post-entry post-entry-type-page post-entry-8586'><div class='entry-content-wrapper clearfix'>\n","protected":false},"excerpt":{"rendered":"","protected":false},"author":1,"featured_media":0,"parent":0,"menu_order":1,"comment_status":"open","ping_status":"closed","template":"","meta":{"_acf_changed":false,"footnotes":""},"page_type":[],"class_list":["post-8586","page","type-page","status-publish","hentry"],"acf":[],"yoast_head":"<!-- This site is optimized with the Yoast SEO plugin v26.9 - https:\/\/yoast.com\/product\/yoast-seo-wordpress\/ -->\n<title>Mycosan Izstr\u0101d\u0101jumi<\/title>\n<meta name=\"robots\" content=\"index, follow, max-snippet:-1, max-image-preview:large, max-video-preview:-1\" \/>\n<link rel=\"canonical\" href=\"https:\/\/www.mycosan.com\/lv\/produkti\/\" \/>\n<meta property=\"og:locale\" content=\"lv_LV\" \/>\n<meta property=\"og:type\" content=\"article\" \/>\n<meta property=\"og:title\" content=\"Mycosan Izstr\u0101d\u0101jumi\" \/>\n<meta property=\"og:url\" content=\"https:\/\/www.mycosan.com\/lv\/produkti\/\" \/>\n<meta property=\"og:site_name\" content=\"Mycosan Nagu S\u0113n\u012btei\" \/>\n<meta property=\"article:modified_time\" content=\"2018-08-17T13:00:42+00:00\" \/>\n<meta name=\"twitter:label1\" content=\"Est. reading time\" \/>\n\t<meta name=\"twitter:data1\" content=\"5 minutes\" \/>\n<script type=\"application\/ld+json\" class=\"yoast-schema-graph\">{\"@context\":\"https:\/\/schema.org\",\"@graph\":[{\"@type\":\"WebPage\",\"@id\":\"https:\/\/www.mycosan.com\/lv\/produkti\/\",\"url\":\"https:\/\/www.mycosan.com\/lv\/produkti\/\",\"name\":\"Mycosan Izstr\u0101d\u0101jumi\",\"isPartOf\":{\"@id\":\"https:\/\/www.mycosan.com\/lv\/#website\"},\"datePublished\":\"2015-01-06T11:28:46+00:00\",\"dateModified\":\"2018-08-17T13:00:42+00:00\",\"breadcrumb\":{\"@id\":\"https:\/\/www.mycosan.com\/lv\/produkti\/#breadcrumb\"},\"inLanguage\":\"lv\",\"potentialAction\":[{\"@type\":\"ReadAction\",\"target\":[\"https:\/\/www.mycosan.com\/lv\/produkti\/\"]}]},{\"@type\":\"BreadcrumbList\",\"@id\":\"https:\/\/www.mycosan.com\/lv\/produkti\/#breadcrumb\",\"itemListElement\":[{\"@type\":\"ListItem\",\"position\":1,\"name\":\"Home\",\"item\":\"https:\/\/www.mycosan.com\/lv\/\"},{\"@type\":\"ListItem\",\"position\":2,\"name\":\"Produkti\"}]},{\"@type\":\"WebSite\",\"@id\":\"https:\/\/www.mycosan.com\/lv\/#website\",\"url\":\"https:\/\/www.mycosan.com\/lv\/\",\"name\":\"Mycosan Nagu S\u0113n\u012btei\",\"description\":\"\",\"potentialAction\":[{\"@type\":\"SearchAction\",\"target\":{\"@type\":\"EntryPoint\",\"urlTemplate\":\"https:\/\/www.mycosan.com\/lv\/?s={search_term_string}\"},\"query-input\":{\"@type\":\"PropertyValueSpecification\",\"valueRequired\":true,\"valueName\":\"search_term_string\"}}],\"inLanguage\":\"lv\"}]}<\/script>\n<!-- \/ Yoast SEO plugin. -->","yoast_head_json":{"title":"Mycosan Izstr\u0101d\u0101jumi","robots":{"index":"index","follow":"follow","max-snippet":"max-snippet:-1","max-image-preview":"max-image-preview:large","max-video-preview":"max-video-preview:-1"},"canonical":"https:\/\/www.mycosan.com\/lv\/produkti\/","og_locale":"lv_LV","og_type":"article","og_title":"Mycosan Izstr\u0101d\u0101jumi","og_url":"https:\/\/www.mycosan.com\/lv\/produkti\/","og_site_name":"Mycosan Nagu S\u0113n\u012btei","article_modified_time":"2018-08-17T13:00:42+00:00","twitter_misc":{"Est. reading time":"5 minutes"},"schema":{"@context":"https:\/\/schema.org","@graph":[{"@type":"WebPage","@id":"https:\/\/www.mycosan.com\/lv\/produkti\/","url":"https:\/\/www.mycosan.com\/lv\/produkti\/","name":"Mycosan Izstr\u0101d\u0101jumi","isPartOf":{"@id":"https:\/\/www.mycosan.com\/lv\/#website"},"datePublished":"2015-01-06T11:28:46+00:00","dateModified":"2018-08-17T13:00:42+00:00","breadcrumb":{"@id":"https:\/\/www.mycosan.com\/lv\/produkti\/#breadcrumb"},"inLanguage":"lv","potentialAction":[{"@type":"ReadAction","target":["https:\/\/www.mycosan.com\/lv\/produkti\/"]}]},{"@type":"BreadcrumbList","@id":"https:\/\/www.mycosan.com\/lv\/produkti\/#breadcrumb","itemListElement":[{"@type":"ListItem","position":1,"name":"Home","item":"https:\/\/www.mycosan.com\/lv\/"},{"@type":"ListItem","position":2,"name":"Produkti"}]},{"@type":"WebSite","@id":"https:\/\/www.mycosan.com\/lv\/#website","url":"https:\/\/www.mycosan.com\/lv\/","name":"Mycosan Nagu S\u0113n\u012btei","description":"","potentialAction":[{"@type":"SearchAction","target":{"@type":"EntryPoint","urlTemplate":"https:\/\/www.mycosan.com\/lv\/?s={search_term_string}"},"query-input":{"@type":"PropertyValueSpecification","valueRequired":true,"valueName":"search_term_string"}}],"inLanguage":"lv"}]}},"_links":{"self":[{"href":"https:\/\/www.mycosan.com\/lv\/wp-json\/wp\/v2\/pages\/8586","targetHints":{"allow":["GET"]}}],"collection":[{"href":"https:\/\/www.mycosan.com\/lv\/wp-json\/wp\/v2\/pages"}],"about":[{"href":"https:\/\/www.mycosan.com\/lv\/wp-json\/wp\/v2\/types\/page"}],"author":[{"embeddable":true,"href":"https:\/\/www.mycosan.com\/lv\/wp-json\/wp\/v2\/users\/1"}],"replies":[{"embeddable":true,"href":"https:\/\/www.mycosan.com\/lv\/wp-json\/wp\/v2\/comments?post=8586"}],"version-history":[{"count":0,"href":"https:\/\/www.mycosan.com\/lv\/wp-json\/wp\/v2\/pages\/8586\/revisions"}],"wp:attachment":[{"href":"https:\/\/www.mycosan.com\/lv\/wp-json\/wp\/v2\/media?parent=8586"}],"wp:term":[{"taxonomy":"page_type","embeddable":true,"href":"https:\/\/www.mycosan.com\/lv\/wp-json\/wp\/v2\/page_type?post=8586"}],"curies":[{"name":"wp","href":"https:\/\/api.w.org\/{rel}","templated":true}]}}