{"id":8613,"date":"2015-01-08T16:18:09","date_gmt":"2015-01-08T15:18:09","guid":{"rendered":"https:\/\/www.mycosan.com\/lt\/test\/?page_id=4017"},"modified":"2018-08-22T09:32:21","modified_gmt":"2018-08-22T08:32:21","slug":"klausimai-ir-atsakymai","status":"publish","type":"page","link":"https:\/\/www.mycosan.com\/lt\/klausimai-ir-atsakymai\/","title":{"rendered":"Klausimai ir atsakymai"},"content":{"rendered":"<div  class='flex_column av-av_one_fourth-2a9015ff38129c418a3f2eafba3e9512 av_one_fourth  avia-builder-el-0  el_before_av_three_fourth  avia-builder-el-first  first flex_column_div  '     ><style type=\"text\/css\" data-created_by=\"avia_inline_auto\" id=\"style-css-av-av_image-5fcabb09b87ef0a65320bd257485cf30\">\n.avia-image-container.av-av_image-5fcabb09b87ef0a65320bd257485cf30 img.avia_image{\nbox-shadow:none;\n}\n.avia-image-container.av-av_image-5fcabb09b87ef0a65320bd257485cf30 .av-image-caption-overlay-center{\ncolor:#ffffff;\n}\n<\/style>\n<div  class='avia-image-container av-av_image-5fcabb09b87ef0a65320bd257485cf30 av-styling- avia-align-center  avia-builder-el-1  avia-builder-el-no-sibling '   itemprop=\"image\" itemscope=\"itemscope\" itemtype=\"https:\/\/schema.org\/ImageObject\" ><div class=\"avia-image-container-inner\"><div class=\"avia-image-overlay-wrap\"><img decoding=\"async\" fetchpriority=\"high\" class='wp-image-4978 avia-img-lazy-loading-not-4978 avia_image ' src=\"https:\/\/www.mycosan.com\/lt\/files\/2015\/01\/Mycosan_kalknageltest1.jpg\" alt='Kalknageltest' title='Mycosan_kalknageltest'  height=\"170\" width=\"293\"  itemprop=\"thumbnailUrl\" srcset=\"https:\/\/www.mycosan.com\/lt\/files\/2015\/01\/Mycosan_kalknageltest1.jpg 293w, https:\/\/www.mycosan.com\/lt\/files\/2015\/01\/Mycosan_kalknageltest1-250x145.jpg 250w\" sizes=\"(max-width: 293px) 100vw, 293px\" \/><\/div><\/div><\/div><\/div>\n\n<style type=\"text\/css\" data-created_by=\"avia_inline_auto\" id=\"style-css-av-av_three_fourth-9c1d454dc06f7247226bc4e8f931daae\">\n.flex_column.av-av_three_fourth-9c1d454dc06f7247226bc4e8f931daae{\nborder-radius:0px 0px 0px 0px;\npadding:0px 0px 0px 0px;\n}\n<\/style>\n<div  class='flex_column av-av_three_fourth-9c1d454dc06f7247226bc4e8f931daae av_three_fourth  avia-builder-el-2  el_after_av_one_fourth  el_before_av_one_full  flex_column_div av-zero-column-padding  '     ><section  class='av_textblock_section av-av_textblock-0366cc7376be6c9e82a3e9cc8987b64f '   itemscope=\"itemscope\" itemtype=\"https:\/\/schema.org\/CreativeWork\" ><div class='avia_textblock'  itemprop=\"text\" ><h1><strong>DA\u017dNIAUSIAI U\u017dDUODAMI KLAUSIMAI<\/strong><\/h1>\n<\/div><\/section><br \/>\n<div  class='hr av-av_hr-dcd2069817a0e3d34ae04cad8f3443c7 hr-default  avia-builder-el-4  el_after_av_textblock  el_before_av_toggle_container '><span class='hr-inner '><span class=\"hr-inner-style\"><\/span><\/span><\/div><br \/>\n<div  class='togglecontainer av-av_toggle_container-8e0c6e39d39b619a829887bd54fff3ed  avia-builder-el-5  el_after_av_hr  avia-builder-el-last  toggle_close_all' >\n<section class='av_toggle_section av-av_toggle-1d86a01fd6338b13068c83ab660aba3b'  itemscope=\"itemscope\" itemtype=\"https:\/\/schema.org\/CreativeWork\" ><div role=\"tablist\" class=\"single_toggle\" data-tags=\"{All} \"  ><p id='toggle-toggle-id-1' data-fake-id='#toggle-id-1' class='toggler  av-title-above '  itemprop=\"headline\"  role='tab' tabindex='0' aria-controls='toggle-id-1' data-slide-speed=\"200\" data-title=\"Kuo ypatingas \u201eMycosan Fungal Nail\u201c?\" data-title-open=\"\" data-aria_collapsed=\"Click to expand: Kuo ypatingas \u201eMycosan Fungal Nail\u201c?\" data-aria_expanded=\"Click to collapse: Kuo ypatingas \u201eMycosan Fungal Nail\u201c?\">Kuo ypatingas \u201eMycosan Fungal Nail\u201c?<span class=\"toggle_icon\"><span class=\"vert_icon\"><\/span><span class=\"hor_icon\"><\/span><\/span><\/p><div id='toggle-id-1' aria-labelledby='toggle-toggle-id-1' role='region' class='toggle_wrap  av-title-above'  ><div class='toggle_content invers-color '  itemprop=\"text\" ><p>\u201eMycosan\u201c yra ypatingos patentuotos sud\u0117ties medicinos priemon\u0117s, kurios sunaikina nagus pa\u017eeid\u017eian\u010dias grybeli\u0173 sporas. Be to, \u201eMycosan\u201c prasiskverbia giliai \u012f nago audin\u012f, tod\u0117l nag\u0173 grybelis gydomas tikrai veiksmingai. Pakuot\u0117je yra \u0161epet\u0117lis, kuriuo patogu priemon\u0117s u\u017etepti ant pa\u017eeisto pavir\u0161iaus, ir 10 nag\u0173 dild\u017ei\u0173. \u0160\u012f preparat\u0105 gali naudoti diabetikai ir vyresni nei 4 met\u0173 am\u017eiaus vaikai. Vaistas u\u017etikrina visapus\u012f gydym\u0105, tod\u0117l nereikia \u012fsigyti papildom\u0173 priemoni\u0173, pavyzd\u017eiui, nag\u0173 lako valiklio ar nag\u0173 dild\u017ei\u0173.<\/p>\n<\/div><\/div><\/div><\/section>\n<section class='av_toggle_section av-av_toggle-29987dde092eadb319ef37073999b2f2'  itemscope=\"itemscope\" itemtype=\"https:\/\/schema.org\/CreativeWork\" ><div role=\"tablist\" class=\"single_toggle\" data-tags=\"{All} \"  ><p id='toggle-toggle-id-2' data-fake-id='#toggle-id-2' class='toggler  av-title-above '  itemprop=\"headline\"  role='tab' tabindex='0' aria-controls='toggle-id-2' data-slide-speed=\"200\" data-title=\"Ar \u201eMycosan Fungal Nail\u201c pasi\u017eymi i\u0161skirtiniu kvapu?\" data-title-open=\"\" data-aria_collapsed=\"Click to expand: Ar \u201eMycosan Fungal Nail\u201c pasi\u017eymi i\u0161skirtiniu kvapu?\" data-aria_expanded=\"Click to collapse: Ar \u201eMycosan Fungal Nail\u201c pasi\u017eymi i\u0161skirtiniu kvapu?\">Ar \u201eMycosan Fungal Nail\u201c pasi\u017eymi i\u0161skirtiniu kvapu?<span class=\"toggle_icon\"><span class=\"vert_icon\"><\/span><span class=\"hor_icon\"><\/span><\/span><\/p><div id='toggle-id-2' aria-labelledby='toggle-toggle-id-2' role='region' class='toggle_wrap  av-title-above'  ><div class='toggle_content invers-color '  itemprop=\"text\" ><p>\u201eMycosan Fungal Nail\u201c yra visi\u0161kai bekvapis ir bespalvis.<\/p>\n<\/div><\/div><\/div><\/section>\n<section class='av_toggle_section av-av_toggle-fc835b3e0a8afe0ec0292e81fd2b6f69'  itemscope=\"itemscope\" itemtype=\"https:\/\/schema.org\/CreativeWork\" ><div role=\"tablist\" class=\"single_toggle\" data-tags=\"{All} \"  ><p id='toggle-toggle-id-3' data-fake-id='#toggle-id-3' class='toggler  av-title-above '  itemprop=\"headline\"  role='tab' tabindex='0' aria-controls='toggle-id-3' data-slide-speed=\"200\" data-title=\"Ar \u201eMycosan\u201c priemones gali naudoti visi \u0161eimos nariai?\" data-title-open=\"\" data-aria_collapsed=\"Click to expand: Ar \u201eMycosan\u201c priemones gali naudoti visi \u0161eimos nariai?\" data-aria_expanded=\"Click to collapse: Ar \u201eMycosan\u201c priemones gali naudoti visi \u0161eimos nariai?\">Ar \u201eMycosan\u201c priemones gali naudoti visi \u0161eimos nariai?<span class=\"toggle_icon\"><span class=\"vert_icon\"><\/span><span class=\"hor_icon\"><\/span><\/span><\/p><div id='toggle-id-3' aria-labelledby='toggle-toggle-id-3' role='region' class='toggle_wrap  av-title-above'  ><div class='toggle_content invers-color '  itemprop=\"text\" ><p>\u201eMycosan\u201c priemon\u0117s nesusigeria \u012f od\u0105, tod\u0117l jis tinkamas naudoti vyresniems nei 4 met\u0173 am\u017eiaus vaikams. \u201eMycosan\u201c priemoni\u0173 sud\u0117tyje n\u0117ra med\u017eiag\u0173, kurios gal\u0117t\u0173 pakenkti astma sergantiems \u017emon\u0117ms. \u201eMycosan\u201c priemones tinka naudoti ir diabetikams.<\/p>\n<p>\u201eMycosan\u201c priemon\u0117s saugios naudoti \u017eindymo periodu.<\/p>\n<\/div><\/div><\/div><\/section>\n<section class='av_toggle_section av-av_toggle-0783559d15f5f100ac5429a8dc156cea'  itemscope=\"itemscope\" itemtype=\"https:\/\/schema.org\/CreativeWork\" ><div role=\"tablist\" class=\"single_toggle\" data-tags=\"{All} \"  ><p id='toggle-toggle-id-4' data-fake-id='#toggle-id-4' class='toggler  av-title-above '  itemprop=\"headline\"  role='tab' tabindex='0' aria-controls='toggle-id-4' data-slide-speed=\"200\" data-title=\"Kaip da\u017enai galima pakartotinai gydytis nag\u0173 grybelin\u0119 infekcij\u0105?\" data-title-open=\"\" data-aria_collapsed=\"Click to expand: Kaip da\u017enai galima pakartotinai gydytis nag\u0173 grybelin\u0119 infekcij\u0105?\" data-aria_expanded=\"Click to collapse: Kaip da\u017enai galima pakartotinai gydytis nag\u0173 grybelin\u0119 infekcij\u0105?\">Kaip da\u017enai galima pakartotinai gydytis nag\u0173 grybelin\u0119 infekcij\u0105?<span class=\"toggle_icon\"><span class=\"vert_icon\"><\/span><span class=\"hor_icon\"><\/span><\/span><\/p><div id='toggle-id-4' aria-labelledby='toggle-toggle-id-4' role='region' class='toggle_wrap  av-title-above'  ><div class='toggle_content invers-color '  itemprop=\"text\" ><p>Norint s\u0117kmingai i\u0161sigydyti nuo grybelin\u0117s infekcijos, pirmas 4 savaites reik\u0117t\u0173 tepti \u201eMycosan Fungal Nail\u201c du kartus per dien\u0105. Po 4 savai\u010di\u0173 priemon\u0119 reik\u0117t\u0173 tepti vien\u0105 kart\u0105 per dien\u0105. Siekiant greitesnio ir geresnio rezultato, kart\u0105 per savait\u0119 reik\u0117t\u0173 nudildyti nuaugusi\u0105 pa\u017eeist\u0105 nago dal\u012f bei nago plok\u0161tel\u0117s pavir\u0161i\u0173 pakuot\u0117je esan\u010diomis nag\u0173 dild\u0117mis. Jeigu pirm\u0105 kart\u0105 i\u0161gydyta infekcija greitai atsinaujint\u0173, \u201eMycosan Fungal Nail\u201c galima naudoti pakartotinai.<\/p>\n<\/div><\/div><\/div><\/section>\n<section class='av_toggle_section av-av_toggle-37c200417ccbc4e1ffea6d12e6e7ff43'  itemscope=\"itemscope\" itemtype=\"https:\/\/schema.org\/CreativeWork\" ><div role=\"tablist\" class=\"single_toggle\" data-tags=\"{All} \"  ><p id='toggle-toggle-id-5' data-fake-id='#toggle-id-5' class='toggler  av-title-above '  itemprop=\"headline\"  role='tab' tabindex='0' aria-controls='toggle-id-5' data-slide-speed=\"200\" data-title=\"Kaip naudoti \u201eMycosan Fungal Nail\u201c?\" data-title-open=\"\" data-aria_collapsed=\"Click to expand: Kaip naudoti \u201eMycosan Fungal Nail\u201c?\" data-aria_expanded=\"Click to collapse: Kaip naudoti \u201eMycosan Fungal Nail\u201c?\">Kaip naudoti \u201eMycosan Fungal Nail\u201c?<span class=\"toggle_icon\"><span class=\"vert_icon\"><\/span><span class=\"hor_icon\"><\/span><\/span><\/p><div id='toggle-id-5' aria-labelledby='toggle-toggle-id-5' role='region' class='toggle_wrap  av-title-above'  ><div class='toggle_content invers-color '  itemprop=\"text\" ><ul>\n<li>4 savaites i\u0161 eil\u0117s tepkite \u201eMycosan Fungal Nail\u201c ant pa\u017eeisto nago du kartus per dien\u0105. Paskui naudokite \u0161i\u0105 priemon\u0119 vien\u0105 kart\u0105 per dien\u0105, kol pa\u017eeista nago dalis visi\u0161kai nuaugs.<\/li>\n<li>Vien\u0105 minut\u0119 leiskite nud\u017ei\u016bti.<\/li>\n<li>Po 2 savai\u010di\u0173 prad\u0117kite nag\u0105 dildyti. Infekcijos pa\u017eeist\u0105 nag\u0105 r\u016bpestingai dildykite kart\u0105 per savait\u0119 pakuot\u0117je esan\u010diomis dild\u0117mis. Su dilde dildykite tik vien\u0105 kart\u0105 ir tik vien\u0105 nag\u0105, kad neperne\u0161tum\u0117te u\u017ekrato ant kit\u0173 nag\u0173.<\/li>\n<\/ul>\n<p>Norint pasiekti norim\u0105 rezultat\u0105, reik\u0117t\u0173 nenutraukti ir laikytis gydymo plano! Serumo rekomenduojama tepti ant pa\u017eeisto nago vien\u0105 kart\u0105 per dien\u0105, kol nagas v\u0117l bus visi\u0161kai sveikas ir jis v\u0117l bus baltas arba rausvas. Svarbu sulaukti, kol nuaugs pa\u017eeista nago dalis. Tai gali trukti kelis m\u0117nesius. Pirmus rezultatus matysite jau po 2 savai\u010di\u0173 naudojimo. Prie\u0161 tepdami \u201eMycosan Fungal Nail\u201c nag\u0105 \u0161variai nuvalykite ir, jei yra, nuvalykite nag\u0173 lak\u0105.<\/p>\n<\/div><\/div><\/div><\/section>\n<section class='av_toggle_section av-av_toggle-7259ab782c8109739484c749b4ca066b'  itemscope=\"itemscope\" itemtype=\"https:\/\/schema.org\/CreativeWork\" ><div role=\"tablist\" class=\"single_toggle\" data-tags=\"{All} \"  ><p id='toggle-toggle-id-6' data-fake-id='#toggle-id-6' class='toggler  av-title-above '  itemprop=\"headline\"  role='tab' tabindex='0' aria-controls='toggle-id-6' data-slide-speed=\"200\" data-title=\"Kiek reikia tepti \u201eMycosan Fungal Nail\u201c serumo?\" data-title-open=\"\" data-aria_collapsed=\"Click to expand: Kiek reikia tepti \u201eMycosan Fungal Nail\u201c serumo?\" data-aria_expanded=\"Click to collapse: Kiek reikia tepti \u201eMycosan Fungal Nail\u201c serumo?\">Kiek reikia tepti \u201eMycosan Fungal Nail\u201c serumo?<span class=\"toggle_icon\"><span class=\"vert_icon\"><\/span><span class=\"hor_icon\"><\/span><\/span><\/p><div id='toggle-id-6' aria-labelledby='toggle-toggle-id-6' role='region' class='toggle_wrap  av-title-above'  ><div class='toggle_content invers-color '  itemprop=\"text\" ><p>Net ma\u017eytis la\u0161elis labai veiksmingas! Kiek reik\u0117s preparato, priklauso nuo pa\u017eeist\u0173 nag\u0173 skai\u010diaus ir j\u0173 dyd\u017eio. 5 ml tapos pakuot\u0117s su \u0161epet\u0117liu pakanka kojos did\u017eiajam pir\u0161tui gydyti 3 m\u0117nesius.<\/p>\n<\/div><\/div><\/div><\/section>\n<section class='av_toggle_section av-av_toggle-eb7d6740091788f2940bb46a60d67b02'  itemscope=\"itemscope\" itemtype=\"https:\/\/schema.org\/CreativeWork\" ><div role=\"tablist\" class=\"single_toggle\" data-tags=\"{All} \"  ><p id='toggle-toggle-id-7' data-fake-id='#toggle-id-7' class='toggler  av-title-above '  itemprop=\"headline\"  role='tab' tabindex='0' aria-controls='toggle-id-7' data-slide-speed=\"200\" data-title=\"Ar saugu naudoti \u201eMycosan Fungal Nail\u201c n\u0117\u0161tumo metu?\" data-title-open=\"\" data-aria_collapsed=\"Click to expand: Ar saugu naudoti \u201eMycosan Fungal Nail\u201c n\u0117\u0161tumo metu?\" data-aria_expanded=\"Click to collapse: Ar saugu naudoti \u201eMycosan Fungal Nail\u201c n\u0117\u0161tumo metu?\">Ar saugu naudoti \u201eMycosan Fungal Nail\u201c n\u0117\u0161tumo metu?<span class=\"toggle_icon\"><span class=\"vert_icon\"><\/span><span class=\"hor_icon\"><\/span><\/span><\/p><div id='toggle-id-7' aria-labelledby='toggle-toggle-id-7' role='region' class='toggle_wrap  av-title-above'  ><div class='toggle_content invers-color '  itemprop=\"text\" ><p>D\u0117l \u201eMycosan Fungal Nail\u201c naudojimo n\u0117\u0161tumo metu rekomenduojame pasitarti su savo gydytoju.<\/p>\n<p>\u201eMycosan Fungal Nail\u201c saugus naudoti \u017eindymo periodu.<\/p>\n<\/div><\/div><\/div><\/section>\n<\/div><\/p><\/div><div  class='flex_column av-av_one_full-2a9015ff38129c418a3f2eafba3e9512 av_one_full  avia-builder-el-6  el_after_av_three_fourth  avia-builder-el-last  first flex_column_div  column-top-margin'     ><p>\n<style type=\"text\/css\" data-created_by=\"avia_inline_auto\" id=\"style-css-av-av_heading-b47c0fc62f9a230fe4b098f50f7f863f\">\n#top .av-special-heading.av-av_heading-b47c0fc62f9a230fe4b098f50f7f863f{\npadding-bottom:10px;\n}\nbody .av-special-heading.av-av_heading-b47c0fc62f9a230fe4b098f50f7f863f .av-special-heading-tag .heading-char{\nfont-size:25px;\n}\n.av-special-heading.av-av_heading-b47c0fc62f9a230fe4b098f50f7f863f .av-subheading{\nfont-size:15px;\n}\n<\/style>\n<div  class='av-special-heading av-av_heading-b47c0fc62f9a230fe4b098f50f7f863f av-special-heading-h3 blockquote modern-quote modern-centered  avia-builder-el-7  el_before_av_button  avia-builder-el-first '><h3 class='av-special-heading-tag '  itemprop=\"headline\"  >Neradote savo klausimo?<\/h3><div class=\"special-heading-border\"><div class=\"special-heading-inner-border\"><\/div><\/div><\/div><br \/>\n<div  class='avia-button-wrap av-av_button-0da794274ebd46b9412254314cccd20b-wrap avia-button-center  avia-builder-el-8  el_after_av_heading  avia-builder-el-last '><a href='https:\/\/www.mycosan.com\/lt\/atleto-peda\/'  class='avia-button av-av_button-0da794274ebd46b9412254314cccd20b av-link-btn avia-icon_select-no avia-size-large avia-position-center avia-color-blue'   aria-label=\"Susisiekit su mumis\"><span class='avia_iconbox_title' >Susisiekit su mumis<\/span><\/a><\/div><\/p><\/div><\/p>\n","protected":false},"excerpt":{"rendered":"","protected":false},"author":1,"featured_media":0,"parent":0,"menu_order":80,"comment_status":"open","ping_status":"closed","template":"","meta":{"_acf_changed":false,"footnotes":""},"page_type":[],"class_list":["post-8613","page","type-page","status-publish","hentry"],"acf":[],"yoast_head":"<!-- This site is optimized with the Yoast SEO plugin v26.9 - https:\/\/yoast.com\/product\/yoast-seo-wordpress\/ -->\n<title>FAQ - Mycosan<\/title>\n<meta name=\"description\" content=\"Staat u vraag over Mycosan of haar producten er niet tussen? Neem dan contact met ons op via het contactformulier.\" \/>\n<meta name=\"robots\" content=\"index, follow, max-snippet:-1, max-image-preview:large, max-video-preview:-1\" \/>\n<link rel=\"canonical\" href=\"https:\/\/www.mycosan.com\/lt\/klausimai-ir-atsakymai\/\" \/>\n<meta property=\"og:locale\" content=\"lt_LT\" \/>\n<meta property=\"og:type\" content=\"article\" \/>\n<meta property=\"og:title\" content=\"FAQ - Mycosan\" \/>\n<meta property=\"og:description\" content=\"Staat u vraag over Mycosan of haar producten er niet tussen? Neem dan contact met ons op via het contactformulier.\" \/>\n<meta property=\"og:url\" content=\"https:\/\/www.mycosan.com\/lt\/klausimai-ir-atsakymai\/\" \/>\n<meta property=\"og:site_name\" content=\"Mycosan Lietuva\" \/>\n<meta property=\"article:modified_time\" content=\"2018-08-22T08:32:21+00:00\" \/>\n<meta name=\"twitter:label1\" content=\"Est. reading time\" \/>\n\t<meta name=\"twitter:data1\" content=\"4 minutes\" \/>\n<script type=\"application\/ld+json\" class=\"yoast-schema-graph\">{\"@context\":\"https:\/\/schema.org\",\"@graph\":[{\"@type\":\"WebPage\",\"@id\":\"https:\/\/www.mycosan.com\/lt\/klausimai-ir-atsakymai\/\",\"url\":\"https:\/\/www.mycosan.com\/lt\/klausimai-ir-atsakymai\/\",\"name\":\"FAQ - Mycosan\",\"isPartOf\":{\"@id\":\"https:\/\/www.mycosan.com\/lt\/#website\"},\"datePublished\":\"2015-01-08T15:18:09+00:00\",\"dateModified\":\"2018-08-22T08:32:21+00:00\",\"description\":\"Staat u vraag over Mycosan of haar producten er niet tussen? Neem dan contact met ons op via het contactformulier.\",\"breadcrumb\":{\"@id\":\"https:\/\/www.mycosan.com\/lt\/klausimai-ir-atsakymai\/#breadcrumb\"},\"inLanguage\":\"lt-LT\",\"potentialAction\":[{\"@type\":\"ReadAction\",\"target\":[\"https:\/\/www.mycosan.com\/lt\/klausimai-ir-atsakymai\/\"]}]},{\"@type\":\"BreadcrumbList\",\"@id\":\"https:\/\/www.mycosan.com\/lt\/klausimai-ir-atsakymai\/#breadcrumb\",\"itemListElement\":[{\"@type\":\"ListItem\",\"position\":1,\"name\":\"Home\",\"item\":\"https:\/\/www.mycosan.com\/lt\/\"},{\"@type\":\"ListItem\",\"position\":2,\"name\":\"Klausimai ir atsakymai\"}]},{\"@type\":\"WebSite\",\"@id\":\"https:\/\/www.mycosan.com\/lt\/#website\",\"url\":\"https:\/\/www.mycosan.com\/lt\/\",\"name\":\"Mycosan Lietuva\",\"description\":\"\",\"potentialAction\":[{\"@type\":\"SearchAction\",\"target\":{\"@type\":\"EntryPoint\",\"urlTemplate\":\"https:\/\/www.mycosan.com\/lt\/?s={search_term_string}\"},\"query-input\":{\"@type\":\"PropertyValueSpecification\",\"valueRequired\":true,\"valueName\":\"search_term_string\"}}],\"inLanguage\":\"lt-LT\"}]}<\/script>\n<!-- \/ Yoast SEO plugin. -->","yoast_head_json":{"title":"FAQ - Mycosan","description":"Staat u vraag over Mycosan of haar producten er niet tussen? Neem dan contact met ons op via het contactformulier.","robots":{"index":"index","follow":"follow","max-snippet":"max-snippet:-1","max-image-preview":"max-image-preview:large","max-video-preview":"max-video-preview:-1"},"canonical":"https:\/\/www.mycosan.com\/lt\/klausimai-ir-atsakymai\/","og_locale":"lt_LT","og_type":"article","og_title":"FAQ - Mycosan","og_description":"Staat u vraag over Mycosan of haar producten er niet tussen? Neem dan contact met ons op via het contactformulier.","og_url":"https:\/\/www.mycosan.com\/lt\/klausimai-ir-atsakymai\/","og_site_name":"Mycosan Lietuva","article_modified_time":"2018-08-22T08:32:21+00:00","twitter_misc":{"Est. reading time":"4 minutes"},"schema":{"@context":"https:\/\/schema.org","@graph":[{"@type":"WebPage","@id":"https:\/\/www.mycosan.com\/lt\/klausimai-ir-atsakymai\/","url":"https:\/\/www.mycosan.com\/lt\/klausimai-ir-atsakymai\/","name":"FAQ - Mycosan","isPartOf":{"@id":"https:\/\/www.mycosan.com\/lt\/#website"},"datePublished":"2015-01-08T15:18:09+00:00","dateModified":"2018-08-22T08:32:21+00:00","description":"Staat u vraag over Mycosan of haar producten er niet tussen? Neem dan contact met ons op via het contactformulier.","breadcrumb":{"@id":"https:\/\/www.mycosan.com\/lt\/klausimai-ir-atsakymai\/#breadcrumb"},"inLanguage":"lt-LT","potentialAction":[{"@type":"ReadAction","target":["https:\/\/www.mycosan.com\/lt\/klausimai-ir-atsakymai\/"]}]},{"@type":"BreadcrumbList","@id":"https:\/\/www.mycosan.com\/lt\/klausimai-ir-atsakymai\/#breadcrumb","itemListElement":[{"@type":"ListItem","position":1,"name":"Home","item":"https:\/\/www.mycosan.com\/lt\/"},{"@type":"ListItem","position":2,"name":"Klausimai ir atsakymai"}]},{"@type":"WebSite","@id":"https:\/\/www.mycosan.com\/lt\/#website","url":"https:\/\/www.mycosan.com\/lt\/","name":"Mycosan Lietuva","description":"","potentialAction":[{"@type":"SearchAction","target":{"@type":"EntryPoint","urlTemplate":"https:\/\/www.mycosan.com\/lt\/?s={search_term_string}"},"query-input":{"@type":"PropertyValueSpecification","valueRequired":true,"valueName":"search_term_string"}}],"inLanguage":"lt-LT"}]}},"_links":{"self":[{"href":"https:\/\/www.mycosan.com\/lt\/wp-json\/wp\/v2\/pages\/8613","targetHints":{"allow":["GET"]}}],"collection":[{"href":"https:\/\/www.mycosan.com\/lt\/wp-json\/wp\/v2\/pages"}],"about":[{"href":"https:\/\/www.mycosan.com\/lt\/wp-json\/wp\/v2\/types\/page"}],"author":[{"embeddable":true,"href":"https:\/\/www.mycosan.com\/lt\/wp-json\/wp\/v2\/users\/1"}],"replies":[{"embeddable":true,"href":"https:\/\/www.mycosan.com\/lt\/wp-json\/wp\/v2\/comments?post=8613"}],"version-history":[{"count":0,"href":"https:\/\/www.mycosan.com\/lt\/wp-json\/wp\/v2\/pages\/8613\/revisions"}],"wp:attachment":[{"href":"https:\/\/www.mycosan.com\/lt\/wp-json\/wp\/v2\/media?parent=8613"}],"wp:term":[{"taxonomy":"page_type","embeddable":true,"href":"https:\/\/www.mycosan.com\/lt\/wp-json\/wp\/v2\/page_type?post=8613"}],"curies":[{"name":"wp","href":"https:\/\/api.w.org\/{rel}","templated":true}]}}