{"id":8601,"date":"2015-01-08T15:41:35","date_gmt":"2015-01-08T14:41:35","guid":{"rendered":"https:\/\/www.mycosan.com\/lt\/test\/?page_id=4007"},"modified":"2018-08-22T10:08:04","modified_gmt":"2018-08-22T09:08:04","slug":"patarimai","status":"publish","type":"page","link":"https:\/\/www.mycosan.com\/lt\/patarimai\/","title":{"rendered":"Patarimai"},"content":{"rendered":"<div id='tips'  class='avia-section av-av_section-d30bd59a0c0d23e4ef71e067528d6856 main_color avia-section-default avia-no-shadow  avia-builder-el-0  el_before_av_section  avia-builder-el-first  avia-bg-style-scroll container_wrap sidebar_right'  ><div class='container av-section-cont-open' ><main  role=\"main\" itemprop=\"mainContentOfPage\"  class='template-page content  av-content-small alpha units'><div class='post-entry post-entry-type-page post-entry-8601'><div class='entry-content-wrapper clearfix'>\n<div  class='flex_column av-av_one_fourth-2a9015ff38129c418a3f2eafba3e9512 av_one_fourth  avia-builder-el-1  el_before_av_three_fourth  avia-builder-el-first  first flex_column_div  '     ><style type=\"text\/css\" data-created_by=\"avia_inline_auto\" id=\"style-css-av-av_image-1621f55988d595dff5d5d438a323d166\">\n.avia-image-container.av-av_image-1621f55988d595dff5d5d438a323d166 img.avia_image{\nbox-shadow:none;\n}\n.avia-image-container.av-av_image-1621f55988d595dff5d5d438a323d166 .av-image-caption-overlay-center{\ncolor:#ffffff;\n}\n<\/style>\n<div  class='avia-image-container av-av_image-1621f55988d595dff5d5d438a323d166 av-styling- avia-align-center  avia-builder-el-2  avia-builder-el-no-sibling '   itemprop=\"image\" itemscope=\"itemscope\" itemtype=\"https:\/\/schema.org\/ImageObject\" ><div class=\"avia-image-container-inner\"><div class=\"avia-image-overlay-wrap\"><img decoding=\"async\" fetchpriority=\"high\" class='wp-image-5275 avia-img-lazy-loading-not-5275 avia_image ' src=\"https:\/\/www.mycosan.com\/lt\/files\/2015\/01\/Blijevoeten_mycosan.jpg\" alt='Voorkom kalknagels en voetschimmel' title='Blijevoeten_mycosan'  height=\"225\" width=\"338\"  itemprop=\"thumbnailUrl\" srcset=\"https:\/\/www.mycosan.com\/lt\/files\/2015\/01\/Blijevoeten_mycosan.jpg 338w, https:\/\/www.mycosan.com\/lt\/files\/2015\/01\/Blijevoeten_mycosan-300x200.jpg 300w, https:\/\/www.mycosan.com\/lt\/files\/2015\/01\/Blijevoeten_mycosan-250x166.jpg 250w\" sizes=\"(max-width: 338px) 100vw, 338px\" \/><\/div><\/div><\/div><\/div>\n<style type=\"text\/css\" data-created_by=\"avia_inline_auto\" id=\"style-css-av-av_three_fourth-9c1d454dc06f7247226bc4e8f931daae\">\n.flex_column.av-av_three_fourth-9c1d454dc06f7247226bc4e8f931daae{\nborder-radius:0px 0px 0px 0px;\npadding:0px 0px 0px 0px;\n}\n<\/style>\n<div  class='flex_column av-av_three_fourth-9c1d454dc06f7247226bc4e8f931daae av_three_fourth  avia-builder-el-3  el_after_av_one_fourth  avia-builder-el-last  flex_column_div av-zero-column-padding  '     ><section  class='av_textblock_section av-av_textblock-0366cc7376be6c9e82a3e9cc8987b64f '   itemscope=\"itemscope\" itemtype=\"https:\/\/schema.org\/CreativeWork\" ><div class='avia_textblock'  itemprop=\"text\" ><h1>PATARIMAI, KAIP APSISAUGOTI NUO NAG\u0172 GRYBELIO IR \u201eATLETO P\u0116DOS\u201c<\/h1>\n<\/div><\/section><br \/>\n<div  class='hr av-av_hr-dcd2069817a0e3d34ae04cad8f3443c7 hr-default  avia-builder-el-5  el_after_av_textblock  el_before_av_textblock '><span class='hr-inner '><span class=\"hr-inner-style\"><\/span><\/span><\/div><br \/>\n<section  class='av_textblock_section av-av_textblock-0366cc7376be6c9e82a3e9cc8987b64f '   itemscope=\"itemscope\" itemtype=\"https:\/\/schema.org\/CreativeWork\" ><div class='avia_textblock'  itemprop=\"text\" ><h4>Tinkama p\u0117d\u0173 prie\u017ei\u016bra \u2013 svarbus pirmasis \u017eingsnis, neleid\u017eiantis atsirasti nag\u0173 grybeliui ir \u201eatleto p\u0117dai\u201c!<\/h4>\n<ol>\n<li>Reguliariai tikrinkite savo p\u0117das ir atkreipkite d\u0117mes\u012f, ar nepasikeit\u0117 odos ar nag\u0173 spalva, strukt\u016bra ir i\u0161vaizda.<\/li>\n<\/ol>\n<ol start=\"2\">\n<li>Pri\u017ei\u016br\u0117kite p\u0117das; jas plaukite ir r\u016bpestingai nusausinkite tarpupir\u0161\u010dius.<\/li>\n<li>Dr\u0117kinkite od\u0105. Kar\u0161tas oras ir avimi atviri batai gali pakenkti p\u0117d\u0173 odai, gali pakisti jos b\u016bkl\u0117 \u2013 ji gali prad\u0117ti tr\u016bkin\u0117ti. Patartina reguliariai dr\u0117kinti od\u0105 ir nuolatos palaikyti p\u0117d\u0173 odos dr\u0117gm\u0117s balans\u0105.<\/li>\n<li>\u012esigykite tinkamo dyd\u017eio batus. Skirting\u0173 gamintoj\u0173 ir preki\u0173 \u017eenkl\u0173 bat\u0173 dyd\u017eiai yra skirtingi. Batus geriausia rinktis ir pirkti po piet\u0173, nes tada p\u0117d\u0173 plotis da\u017eniausiai b\u016bna did\u017eiausias. Visada rinkit\u0117s patogius av\u0117ti batus.<\/li>\n<li>[\u2026]<\/li>\n<\/ol>\n<\/div><\/section><br \/>\n<div  class='avia-button-wrap av-av_button-721054829a2507da6f088e3684a2b42f-wrap avia-button-left  avia-builder-el-7  el_after_av_textblock  avia-builder-el-last '><a href='https:\/\/www.mycosan.com\/lt\/patarimai\/rupinkites-savo-pedomis\/'  class='avia-button av-av_button-721054829a2507da6f088e3684a2b42f av-link-btn avia-icon_select-no avia-size-large avia-position-left avia-color-blue'   aria-label=\"skaitykite daugiau patarim\u0173 \"><span class='avia_iconbox_title' >skaitykite daugiau patarim\u0173 <\/span><\/a><\/div><\/p><\/div>\n\n<\/div><\/div><\/main><!-- close content main element --><\/div><\/div><div id='tips'  class='avia-section av-av_section-7e4172bf3529fcceb5f93ec18d0b1fbb main_color avia-section-default avia-shadow  avia-builder-el-8  el_after_av_section  el_before_av_section  avia-bg-style-scroll container_wrap sidebar_right'  ><div class='container av-section-cont-open' ><div class='template-page content  av-content-small alpha units'><div class='post-entry post-entry-type-page post-entry-8601'><div class='entry-content-wrapper clearfix'>\n<div  class='flex_column av-av_one_fourth-2a9015ff38129c418a3f2eafba3e9512 av_one_fourth  avia-builder-el-9  el_before_av_three_fourth  avia-builder-el-first  first flex_column_div  '     ><style type=\"text\/css\" data-created_by=\"avia_inline_auto\" id=\"style-css-av-av_image-8c253a6769a6554527f2a04ab5fbbacf\">\n.avia-image-container.av-av_image-8c253a6769a6554527f2a04ab5fbbacf img.avia_image{\nbox-shadow:none;\n}\n.avia-image-container.av-av_image-8c253a6769a6554527f2a04ab5fbbacf .av-image-caption-overlay-center{\ncolor:#ffffff;\n}\n<\/style>\n<div  class='avia-image-container av-av_image-8c253a6769a6554527f2a04ab5fbbacf av-styling- avia-align-center  avia-builder-el-10  avia-builder-el-no-sibling '   itemprop=\"image\" itemscope=\"itemscope\" itemtype=\"https:\/\/schema.org\/ImageObject\" ><div class=\"avia-image-container-inner\"><div class=\"avia-image-overlay-wrap\"><img decoding=\"async\" fetchpriority=\"high\" class='wp-image-5273 avia-img-lazy-loading-not-5273 avia_image ' src=\"https:\/\/www.mycosan.com\/lt\/files\/2015\/01\/Pedicure_behandeling.jpg\" alt='Mycosan pedicure behandeling' title='Pedicure_behandeling'  height=\"225\" width=\"338\"  itemprop=\"thumbnailUrl\" srcset=\"https:\/\/www.mycosan.com\/lt\/files\/2015\/01\/Pedicure_behandeling.jpg 338w, https:\/\/www.mycosan.com\/lt\/files\/2015\/01\/Pedicure_behandeling-300x200.jpg 300w, https:\/\/www.mycosan.com\/lt\/files\/2015\/01\/Pedicure_behandeling-250x166.jpg 250w\" sizes=\"(max-width: 338px) 100vw, 338px\" \/><\/div><\/div><\/div><\/div>\n<style type=\"text\/css\" data-created_by=\"avia_inline_auto\" id=\"style-css-av-av_three_fourth-9c1d454dc06f7247226bc4e8f931daae\">\n.flex_column.av-av_three_fourth-9c1d454dc06f7247226bc4e8f931daae{\nborder-radius:0px 0px 0px 0px;\npadding:0px 0px 0px 0px;\n}\n<\/style>\n<div  class='flex_column av-av_three_fourth-9c1d454dc06f7247226bc4e8f931daae av_three_fourth  avia-builder-el-11  el_after_av_one_fourth  avia-builder-el-last  flex_column_div av-zero-column-padding  '     ><section  class='av_textblock_section av-av_textblock-0366cc7376be6c9e82a3e9cc8987b64f '   itemscope=\"itemscope\" itemtype=\"https:\/\/schema.org\/CreativeWork\" ><div class='avia_textblock'  itemprop=\"text\" ><h1>KADA REIK\u0116T\u0172 APSILANKYTI PAS SPECIALIST\u0104?<\/h1>\n<\/div><\/section><br \/>\n<div  class='hr av-av_hr-dcd2069817a0e3d34ae04cad8f3443c7 hr-default  avia-builder-el-13  el_after_av_textblock  el_before_av_textblock '><span class='hr-inner '><span class=\"hr-inner-style\"><\/span><\/span><\/div><br \/>\n<section  class='av_textblock_section av-av_textblock-0366cc7376be6c9e82a3e9cc8987b64f '   itemscope=\"itemscope\" itemtype=\"https:\/\/schema.org\/CreativeWork\" ><div class='avia_textblock'  itemprop=\"text\" ><p>Galima teigti, kad mes prastai r\u016bpinam\u0117s savo p\u0117domis, tod\u0117l patariame reguliariai <u>tikrinti<\/u> savo p\u0117d\u0173 od\u0105 ir nagus, \u2013 taip pasteb\u0117site atsiradusius poky\u010dius arba i\u0161ry\u0161k\u0117jusius po\u017eymius. Tod\u0117l gal\u0117site laiku imtis priemoni\u0173 ir prad\u0117ti gydyti, kad pasiektum\u0117te geriausi\u0173 rezultat\u0173. Atsiradus nusiskundim\u0173 d\u0117l p\u0117d\u0173 odos ar nag\u0173 b\u016bkl\u0117s, apsilankykite pas specialist\u0105, kuris jums tur\u0117t\u0173 patarti, kaip gydytis, arba nukreips pas pas reikiam\u0105 gydytoj\u0105. Visada, kai tik turite <u>nusiskundim\u0173 d\u0117l p\u0117d\u0173 odos ar nag\u0173 b\u016bkl\u0117s<\/u>, patartina pasikonsultuoti.<\/p>\n<\/div><\/section><br \/>\n<div  class='hr av-av_hr-dcd2069817a0e3d34ae04cad8f3443c7 hr-default  avia-builder-el-15  el_after_av_textblock  el_before_av_button '><span class='hr-inner '><span class=\"hr-inner-style\"><\/span><\/span><\/div><br \/>\n<div  class='avia-button-wrap av-av_button-53a7dce19f1164ab03260fcd1ac83497-wrap avia-button-left  avia-builder-el-16  el_after_av_hr  avia-builder-el-last '><a href='https:\/\/www.mycosan.com\/lt\/patarimai\/kada-reiketu-apsilankyti-pas-pedu-prieziuros-specialista\/'  class='avia-button av-av_button-53a7dce19f1164ab03260fcd1ac83497 av-link-btn avia-icon_select-no avia-size-large avia-position-left avia-color-blue'   aria-label=\"Daugiau informacijos \"><span class='avia_iconbox_title' >Daugiau informacijos <\/span><\/a><\/div><\/p><\/div>\n\n<\/div><\/div><\/div><!-- close content main div --><\/div><\/div><div id='content_bottom'  class='avia-section av-av_section-8390100c99685c1552fd8c8d7ceec6b5 main_color avia-section-default avia-shadow  avia-builder-el-17  el_after_av_section  avia-builder-el-last  avia-bg-style-scroll container_wrap sidebar_right'  ><div class='container av-section-cont-open' ><div class='template-page content  av-content-small alpha units'><div class='post-entry post-entry-type-page post-entry-8601'><div class='entry-content-wrapper clearfix'>\n<div  class='flex_column av-av_two_third-2a9015ff38129c418a3f2eafba3e9512 av_two_third  avia-builder-el-18  el_before_av_one_third  avia-builder-el-first  first flex_column_div  '     ><p>\n<style type=\"text\/css\" data-created_by=\"avia_inline_auto\" id=\"style-css-av-av_heading-8d3372664c7a25679f710ed3bc1c532e\">\n#top .av-special-heading.av-av_heading-8d3372664c7a25679f710ed3bc1c532e{\npadding-bottom:10px;\ncolor:#56327f;\n}\nbody .av-special-heading.av-av_heading-8d3372664c7a25679f710ed3bc1c532e .av-special-heading-tag .heading-char{\nfont-size:25px;\n}\n.av-special-heading.av-av_heading-8d3372664c7a25679f710ed3bc1c532e .special-heading-inner-border{\nborder-color:#56327f;\n}\n.av-special-heading.av-av_heading-8d3372664c7a25679f710ed3bc1c532e .av-subheading{\nfont-size:15px;\n}\n<\/style>\n<div  class='av-special-heading av-av_heading-8d3372664c7a25679f710ed3bc1c532e av-special-heading-h3 custom-color-heading blockquote modern-quote modern-centered  avia-builder-el-19  el_before_av_sidebar  avia-builder-el-first '><h3 class='av-special-heading-tag '  itemprop=\"headline\"  >MYCOSAN PRODUKTAI<\/h3><div class=\"special-heading-border\"><div class=\"special-heading-inner-border\"><\/div><\/div><\/div><br \/>\n<div  class='avia-builder-widget-area clearfix  avia-builder-el-20  el_after_av_heading  el_before_av_sidebar '><div id=\"simpleimage-7\" class=\"widget clearfix widget_simpleimage\">\n\n\t<p class=\"simple-image\">\n\t\t<a href=\"\/\/www.mycosan.com\/lt\/priemones\/mycosan-fungal-nail\/\"><img loading=\"lazy\" decoding=\"async\" width=\"140\" height=\"300\" src=\"https:\/\/www.mycosan.com\/lt\/files\/2015\/08\/MycosanEN_Packshots5ML_widget-140x300.png\" class=\"attachment-medium size-medium\" alt=\"\" \/><\/a>\t<\/p>\n\n<h4>\u201eMYCOSAN FUNGAL NAIL\u201c GYDOMASIS RINKINYS<\/h4>\n<p>Akivaizd\u016bs rezultatai po 2 savai\u010di\u0173*!<\/p>\n<div class=\"avia-button-wrap avia-button-left avia-builder-el-17 el_before_av_button avia-builder-el-first \"><a class=\"avia-button avia-icon_select-no avia-color-blue avia-size-small avia-position-left \" href=\"\/\/www.mycosan.com\/lt\/priemones\/mycosan-fungal-nail\/\"><span class=\"avia_iconbox_title\">Informacija apie priemon\u0117<\/span><br \/>\n<\/a><\/div>\n\n<\/div><\/div><br \/>\n<div  class='avia-builder-widget-area clearfix  avia-builder-el-21  el_after_av_sidebar  avia-builder-el-last '><div id=\"simpleimage-5\" class=\"widget clearfix widget_simpleimage\">\n\n\t<p class=\"simple-image\">\n\t\t<a href=\"\/\/www.mycosan.com\/lt\/priemones\/mycosan-protect\/\"><img loading=\"lazy\" decoding=\"async\" width=\"300\" height=\"295\" src=\"https:\/\/www.mycosan.com\/lt\/files\/2015\/01\/Mycoson-ProtectFoam_EG_20160114-300x295.png\" class=\"attachment-medium size-medium\" alt=\"\" srcset=\"https:\/\/www.mycosan.com\/lt\/files\/2015\/01\/Mycoson-ProtectFoam_EG_20160114-300x295.png 300w, https:\/\/www.mycosan.com\/lt\/files\/2015\/01\/Mycoson-ProtectFoam_EG_20160114-80x80.png 80w, https:\/\/www.mycosan.com\/lt\/files\/2015\/01\/Mycoson-ProtectFoam_EG_20160114-768x754.png 768w, https:\/\/www.mycosan.com\/lt\/files\/2015\/01\/Mycoson-ProtectFoam_EG_20160114-1030x1012.png 1030w, https:\/\/www.mycosan.com\/lt\/files\/2015\/01\/Mycoson-ProtectFoam_EG_20160114-600x589.png 600w, https:\/\/www.mycosan.com\/lt\/files\/2015\/01\/Mycoson-ProtectFoam_EG_20160114-36x36.png 36w, https:\/\/www.mycosan.com\/lt\/files\/2015\/01\/Mycoson-ProtectFoam_EG_20160114-1500x1473.png 1500w, https:\/\/www.mycosan.com\/lt\/files\/2015\/01\/Mycoson-ProtectFoam_EG_20160114-705x692.png 705w, https:\/\/www.mycosan.com\/lt\/files\/2015\/01\/Mycoson-ProtectFoam_EG_20160114-450x442.png 450w\" sizes=\"auto, (max-width: 300px) 100vw, 300px\" \/><\/a>\t<\/p>\n\n<h4>\u201eMYCOSAN PROTECT\u201c<\/h4>\n<p>\u201eMycosan Protect\u201c apgaub\u0119s p\u0117d\u0105 apsaugine pl\u0117vele, saugo j\u0105 nuo grybelin\u0117s infekcijos. <\/p>\n<div class=\"avia-button-wrap avia-button-left avia-builder-el-17 el_before_av_button avia-builder-el-first \"><a class=\"avia-button avia-icon_select-no avia-color-blue avia-size-small avia-position-left \" href=\"\/\/www.mycosan.com\/lt\/priemones\/mycosan-protect\/\"><span class=\"avia_iconbox_title\">Informacija apie priemon\u0117<\/span><br \/>\n<\/a><\/div>\n\n<\/div><\/div><\/p><\/div>\n<style type=\"text\/css\" data-created_by=\"avia_inline_auto\" id=\"style-css-av-av_one_third-9c1d454dc06f7247226bc4e8f931daae\">\n.flex_column.av-av_one_third-9c1d454dc06f7247226bc4e8f931daae{\nborder-radius:0px 0px 0px 0px;\npadding:0px 0px 0px 0px;\n}\n<\/style>\n<div  class='flex_column av-av_one_third-9c1d454dc06f7247226bc4e8f931daae av_one_third  avia-builder-el-22  el_after_av_two_third  avia-builder-el-last  flex_column_div av-zero-column-padding  '     ><div  class='avia-builder-widget-area clearfix  avia-builder-el-23  avia-builder-el-no-sibling '><div id=\"text-9\" class=\"widget clearfix widget_text\">\t\t\t<div class=\"textwidget\"><div id=\"stralend\">\r\n<h4>Patarimai, kaip i\u0161saugoti sveikas p\u0117das<\/h4>\r\n\r\n<hr \/>\r\n\r\nReguliariai tikrinkite savo p\u0117das ir atkreipkite d\u0117mes\u012f \u012f nag\u0173 ir odos spalvos, strukt\u016bros bei i\u0161vaizdos poky\u010dius.<br><br>\r\n\r\n<div  class='avia-button-wrap av-av_button-56e886ace6a35b872186564445806507-wrap avia-button-left '>\n<style type=\"text\/css\" data-created_by=\"avia_inline_auto\" id=\"style-css-av-av_button-56e886ace6a35b872186564445806507\">\n#top #wrap_all .avia-button.av-av_button-56e886ace6a35b872186564445806507{\nbackground-color:#009fe3;\nborder-color:#009fe3;\ncolor:#ffffff;\ntransition:all 0.4s ease-in-out;\n}\n#top #wrap_all .avia-button.av-av_button-56e886ace6a35b872186564445806507 .avia-svg-icon svg:first-child{\nfill:#ffffff;\nstroke:#ffffff;\n}\n<\/style>\n<a href='\/\/www.mycosan.com\/lt\/patarimai\/rupinkites-savo-pedomis\/'  class='avia-button av-av_button-56e886ace6a35b872186564445806507 av-link-btn avia-icon_select-no avia-size-medium avia-position-left'   aria-label=\"Daugiau patarim\u0173\"><span class='avia_iconbox_title' >Daugiau patarim\u0173<\/span><\/a><\/div>\r\n<\/div><\/div>\n\t\t<\/div><\/div><\/div><\/div><\/div><\/div><!-- close content main div --><\/div><\/div><div id='after_section_3'  class='main_color av_default_container_wrap container_wrap sidebar_right'  ><div class='container av-section-cont-open' ><div class='template-page content  av-content-small alpha units'><div class='post-entry post-entry-type-page post-entry-8601'><div class='entry-content-wrapper clearfix'>\n","protected":false},"excerpt":{"rendered":"","protected":false},"author":1,"featured_media":0,"parent":0,"menu_order":4,"comment_status":"open","ping_status":"closed","template":"","meta":{"_acf_changed":false,"footnotes":""},"page_type":[],"class_list":["post-8601","page","type-page","status-publish","hentry"],"acf":[],"yoast_head":"<!-- This site is optimized with the Yoast SEO plugin v26.9 - https:\/\/yoast.com\/product\/yoast-seo-wordpress\/ -->\n<title>Tips en advies om kalknagels te voorkomen\u2013 Mycosan<\/title>\n<meta name=\"description\" content=\"Tips en advies om kalknagels te voorkomen: Blije voeten zijn schimmelvrije voeten! Een goede verzorging van de voeten is een belangrijke eerste stap in het voorkomen van kalknagels.\" \/>\n<meta name=\"robots\" content=\"index, follow, max-snippet:-1, max-image-preview:large, max-video-preview:-1\" \/>\n<link rel=\"canonical\" href=\"https:\/\/www.mycosan.com\/lt\/patarimai\/\" \/>\n<meta property=\"og:locale\" content=\"lt_LT\" \/>\n<meta property=\"og:type\" content=\"article\" \/>\n<meta property=\"og:title\" content=\"Tips en advies om kalknagels te voorkomen\u2013 Mycosan\" \/>\n<meta property=\"og:description\" content=\"Tips en advies om kalknagels te voorkomen: Blije voeten zijn schimmelvrije voeten! Een goede verzorging van de voeten is een belangrijke eerste stap in het voorkomen van kalknagels.\" \/>\n<meta property=\"og:url\" content=\"https:\/\/www.mycosan.com\/lt\/patarimai\/\" \/>\n<meta property=\"og:site_name\" content=\"Mycosan Lietuva\" \/>\n<meta property=\"article:modified_time\" content=\"2018-08-22T09:08:04+00:00\" \/>\n<meta name=\"twitter:label1\" content=\"Est. reading time\" \/>\n\t<meta name=\"twitter:data1\" content=\"5 minutes\" \/>\n<script type=\"application\/ld+json\" class=\"yoast-schema-graph\">{\"@context\":\"https:\/\/schema.org\",\"@graph\":[{\"@type\":\"WebPage\",\"@id\":\"https:\/\/www.mycosan.com\/lt\/patarimai\/\",\"url\":\"https:\/\/www.mycosan.com\/lt\/patarimai\/\",\"name\":\"Tips en advies om kalknagels te voorkomen\u2013 Mycosan\",\"isPartOf\":{\"@id\":\"https:\/\/www.mycosan.com\/lt\/#website\"},\"datePublished\":\"2015-01-08T14:41:35+00:00\",\"dateModified\":\"2018-08-22T09:08:04+00:00\",\"description\":\"Tips en advies om kalknagels te voorkomen: Blije voeten zijn schimmelvrije voeten! Een goede verzorging van de voeten is een belangrijke eerste stap in het voorkomen van kalknagels.\",\"breadcrumb\":{\"@id\":\"https:\/\/www.mycosan.com\/lt\/patarimai\/#breadcrumb\"},\"inLanguage\":\"lt-LT\",\"potentialAction\":[{\"@type\":\"ReadAction\",\"target\":[\"https:\/\/www.mycosan.com\/lt\/patarimai\/\"]}]},{\"@type\":\"BreadcrumbList\",\"@id\":\"https:\/\/www.mycosan.com\/lt\/patarimai\/#breadcrumb\",\"itemListElement\":[{\"@type\":\"ListItem\",\"position\":1,\"name\":\"Home\",\"item\":\"https:\/\/www.mycosan.com\/lt\/\"},{\"@type\":\"ListItem\",\"position\":2,\"name\":\"Patarimai\"}]},{\"@type\":\"WebSite\",\"@id\":\"https:\/\/www.mycosan.com\/lt\/#website\",\"url\":\"https:\/\/www.mycosan.com\/lt\/\",\"name\":\"Mycosan Lietuva\",\"description\":\"\",\"potentialAction\":[{\"@type\":\"SearchAction\",\"target\":{\"@type\":\"EntryPoint\",\"urlTemplate\":\"https:\/\/www.mycosan.com\/lt\/?s={search_term_string}\"},\"query-input\":{\"@type\":\"PropertyValueSpecification\",\"valueRequired\":true,\"valueName\":\"search_term_string\"}}],\"inLanguage\":\"lt-LT\"}]}<\/script>\n<!-- \/ Yoast SEO plugin. -->","yoast_head_json":{"title":"Tips en advies om kalknagels te voorkomen\u2013 Mycosan","description":"Tips en advies om kalknagels te voorkomen: Blije voeten zijn schimmelvrije voeten! Een goede verzorging van de voeten is een belangrijke eerste stap in het voorkomen van kalknagels.","robots":{"index":"index","follow":"follow","max-snippet":"max-snippet:-1","max-image-preview":"max-image-preview:large","max-video-preview":"max-video-preview:-1"},"canonical":"https:\/\/www.mycosan.com\/lt\/patarimai\/","og_locale":"lt_LT","og_type":"article","og_title":"Tips en advies om kalknagels te voorkomen\u2013 Mycosan","og_description":"Tips en advies om kalknagels te voorkomen: Blije voeten zijn schimmelvrije voeten! Een goede verzorging van de voeten is een belangrijke eerste stap in het voorkomen van kalknagels.","og_url":"https:\/\/www.mycosan.com\/lt\/patarimai\/","og_site_name":"Mycosan Lietuva","article_modified_time":"2018-08-22T09:08:04+00:00","twitter_misc":{"Est. reading time":"5 minutes"},"schema":{"@context":"https:\/\/schema.org","@graph":[{"@type":"WebPage","@id":"https:\/\/www.mycosan.com\/lt\/patarimai\/","url":"https:\/\/www.mycosan.com\/lt\/patarimai\/","name":"Tips en advies om kalknagels te voorkomen\u2013 Mycosan","isPartOf":{"@id":"https:\/\/www.mycosan.com\/lt\/#website"},"datePublished":"2015-01-08T14:41:35+00:00","dateModified":"2018-08-22T09:08:04+00:00","description":"Tips en advies om kalknagels te voorkomen: Blije voeten zijn schimmelvrije voeten! Een goede verzorging van de voeten is een belangrijke eerste stap in het voorkomen van kalknagels.","breadcrumb":{"@id":"https:\/\/www.mycosan.com\/lt\/patarimai\/#breadcrumb"},"inLanguage":"lt-LT","potentialAction":[{"@type":"ReadAction","target":["https:\/\/www.mycosan.com\/lt\/patarimai\/"]}]},{"@type":"BreadcrumbList","@id":"https:\/\/www.mycosan.com\/lt\/patarimai\/#breadcrumb","itemListElement":[{"@type":"ListItem","position":1,"name":"Home","item":"https:\/\/www.mycosan.com\/lt\/"},{"@type":"ListItem","position":2,"name":"Patarimai"}]},{"@type":"WebSite","@id":"https:\/\/www.mycosan.com\/lt\/#website","url":"https:\/\/www.mycosan.com\/lt\/","name":"Mycosan Lietuva","description":"","potentialAction":[{"@type":"SearchAction","target":{"@type":"EntryPoint","urlTemplate":"https:\/\/www.mycosan.com\/lt\/?s={search_term_string}"},"query-input":{"@type":"PropertyValueSpecification","valueRequired":true,"valueName":"search_term_string"}}],"inLanguage":"lt-LT"}]}},"_links":{"self":[{"href":"https:\/\/www.mycosan.com\/lt\/wp-json\/wp\/v2\/pages\/8601","targetHints":{"allow":["GET"]}}],"collection":[{"href":"https:\/\/www.mycosan.com\/lt\/wp-json\/wp\/v2\/pages"}],"about":[{"href":"https:\/\/www.mycosan.com\/lt\/wp-json\/wp\/v2\/types\/page"}],"author":[{"embeddable":true,"href":"https:\/\/www.mycosan.com\/lt\/wp-json\/wp\/v2\/users\/1"}],"replies":[{"embeddable":true,"href":"https:\/\/www.mycosan.com\/lt\/wp-json\/wp\/v2\/comments?post=8601"}],"version-history":[{"count":0,"href":"https:\/\/www.mycosan.com\/lt\/wp-json\/wp\/v2\/pages\/8601\/revisions"}],"wp:attachment":[{"href":"https:\/\/www.mycosan.com\/lt\/wp-json\/wp\/v2\/media?parent=8601"}],"wp:term":[{"taxonomy":"page_type","embeddable":true,"href":"https:\/\/www.mycosan.com\/lt\/wp-json\/wp\/v2\/page_type?post=8601"}],"curies":[{"name":"wp","href":"https:\/\/api.w.org\/{rel}","templated":true}]}}