{"id":8599,"date":"2015-01-08T15:40:11","date_gmt":"2015-01-08T14:40:11","guid":{"rendered":"https:\/\/www.mycosan.com\/lt\/test\/?page_id=4003"},"modified":"2018-08-22T10:08:15","modified_gmt":"2018-08-22T09:08:15","slug":"kada-reiketu-apsilankyti-pas-pedu-prieziuros-specialista","status":"publish","type":"page","link":"https:\/\/www.mycosan.com\/lt\/patarimai\/kada-reiketu-apsilankyti-pas-pedu-prieziuros-specialista\/","title":{"rendered":"Kada reik\u0117t\u0173 apsilankyti pas p\u0117d\u0173 prie\u017ei\u016bros specialist\u0105?"},"content":{"rendered":"<div  class='flex_column av-av_one_fourth-2a9015ff38129c418a3f2eafba3e9512 av_one_fourth  avia-builder-el-0  el_before_av_three_fourth  avia-builder-el-first  first flex_column_div  '     ><style type=\"text\/css\" data-created_by=\"avia_inline_auto\" id=\"style-css-av-av_image-90c833af77d1ef896011d70351f2f680\">\n.avia-image-container.av-av_image-90c833af77d1ef896011d70351f2f680 img.avia_image{\nbox-shadow:none;\n}\n.avia-image-container.av-av_image-90c833af77d1ef896011d70351f2f680 .av-image-caption-overlay-center{\ncolor:#ffffff;\n}\n<\/style>\n<div  class='avia-image-container av-av_image-90c833af77d1ef896011d70351f2f680 av-styling- avia-align-center  avia-builder-el-1  avia-builder-el-no-sibling '   itemprop=\"image\" itemscope=\"itemscope\" itemtype=\"https:\/\/schema.org\/ImageObject\" ><div class=\"avia-image-container-inner\"><div class=\"avia-image-overlay-wrap\"><img decoding=\"async\" fetchpriority=\"high\" class='wp-image-5274 avia-img-lazy-loading-not-5274 avia_image ' src=\"https:\/\/www.mycosan.com\/lt\/files\/2015\/01\/Pedicure_behandeling_Mycosan.jpg\" alt='Pedicure bezoeken Mycosan' title='Pedicure_behandeling_Mycosan'  height=\"225\" width=\"338\"  itemprop=\"thumbnailUrl\" srcset=\"https:\/\/www.mycosan.com\/lt\/files\/2015\/01\/Pedicure_behandeling_Mycosan.jpg 338w, https:\/\/www.mycosan.com\/lt\/files\/2015\/01\/Pedicure_behandeling_Mycosan-300x200.jpg 300w, https:\/\/www.mycosan.com\/lt\/files\/2015\/01\/Pedicure_behandeling_Mycosan-250x166.jpg 250w\" sizes=\"(max-width: 338px) 100vw, 338px\" \/><\/div><\/div><\/div><\/div>\n\n<style type=\"text\/css\" data-created_by=\"avia_inline_auto\" id=\"style-css-av-av_three_fourth-9c1d454dc06f7247226bc4e8f931daae\">\n.flex_column.av-av_three_fourth-9c1d454dc06f7247226bc4e8f931daae{\nborder-radius:0px 0px 0px 0px;\npadding:0px 0px 0px 0px;\n}\n<\/style>\n<div  class='flex_column av-av_three_fourth-9c1d454dc06f7247226bc4e8f931daae av_three_fourth  avia-builder-el-2  el_after_av_one_fourth  el_before_av_section  avia-builder-el-last  flex_column_div av-zero-column-padding  '     ><section  class='av_textblock_section av-av_textblock-0366cc7376be6c9e82a3e9cc8987b64f '   itemscope=\"itemscope\" itemtype=\"https:\/\/schema.org\/CreativeWork\" ><div class='avia_textblock'  itemprop=\"text\" ><h1>KADA REIK\u0116T\u0172 APSILANKYTI PAS PEDIKI\u016aRININK\u0104?<\/h1>\n<\/div><\/section><br \/>\n<div  class='hr av-av_hr-dcd2069817a0e3d34ae04cad8f3443c7 hr-default  avia-builder-el-4  el_after_av_textblock  el_before_av_textblock '><span class='hr-inner '><span class=\"hr-inner-style\"><\/span><\/span><\/div><br \/>\n<section  class='av_textblock_section av-av_textblock-0366cc7376be6c9e82a3e9cc8987b64f '   itemscope=\"itemscope\" itemtype=\"https:\/\/schema.org\/CreativeWork\" ><div class='avia_textblock'  itemprop=\"text\" ><h4>Kyla abejoni\u0173 d\u0117l savo p\u0117d\u0173 b\u016bkl\u0117s?<\/h4>\n<p>Galima teigti, kad mes prastai r\u016bpinam\u0117s savo p\u0117domis. Patartina reguliariai <u>tikrinti<\/u> savo p\u0117das, kad laiku pasteb\u0117tum\u0117te poky\u010dius ir, siekdami geriausi\u0173 rezultat\u0173, prad\u0117tume gydytis.<\/p>\n<p>Esant nusiskundim\u0173 d\u0117l p\u0117d\u0173, apsilankykite pas pediki\u016brinink\u0105, kuris patart\u0173, kaip gydytis, arba nukreipt\u0173 pas odos lig\u0173 gydytoj\u0105. Taigi, kai tik turite nusiskundim\u0173 d\u0117l p\u0117d\u0173 b\u016bkl\u0117s, patartina pasikonsultuoti. Galim\u0173 problem\u0173 pavyzd\u017eiai:<\/p>\n<ol>\n<li>Kulno srityje juntamas skausmas<\/li>\n<li>Nag\u0173 grybelis ir pasikeitusi p\u0117d\u0173 pir\u0161t\u0173 nag\u0173 spalva<\/li>\n<li>\u012eaug\u0119s kojos pir\u0161to nagas<\/li>\n<li>P\u0117d\u0173 pir\u0161t\u0173 skausmai<\/li>\n<li>Pado srityje juntamas skausmas<\/li>\n<li>Atviros \u017eaizdos<\/li>\n<li>Juntamas diskomfortas p\u0117dos pir\u0161t\u0173 naguose<\/li>\n<li>P\u0117dos nyk\u0161\u010dio deformacija<\/li>\n<li>Nuospaudos<\/li>\n<li>Bet kokio pob\u016bd\u017eio dirginimas ar nepatogumas apatin\u0117je p\u0117dos dalyje<\/li>\n<li>Juntamas skausmas vaik\u0161tant arba miegant<\/li>\n<li>Juntamas skausmas vaik\u0161tant arba miegant<\/li>\n<li>Artritas<\/li>\n<li>Bet koks didesnis gal\u016bn\u0117s tinimas ar nutirpimas<\/li>\n<\/ol>\n<p>Kiekvienas i\u0161 \u0161i\u0173 po\u017eymi\u0173 gali reik\u0161ti slypin\u010di\u0105 prie\u017east\u012f, lig\u0105, kurias gali <strong><u>i\u0161gydyti<\/u><\/strong> pediki\u016brininkas arba kitas specialistas. Pediki\u016brininkas puikiai i\u0161mano, kaip r\u016bpintis p\u0117domis ir gydyti p\u0117d\u0173 ligas. Pagalba gali b\u016bti kosmetin\u0117 arba medicinin\u0117. Pediki\u016brininkas pad\u0117s atsikratyti p\u0117d\u0173 bei pir\u0161t\u0173 negalavim\u0173 ir i\u0161saugoti j\u016bs\u0173 p\u0117das kuo sveikesnes.<\/p>\n<p>Pediki\u016brininkas sprend\u017eia \u012fvairias p\u0117d\u0173 b\u016bkl\u0117s problemas, pavyzd\u017eiui:<\/p>\n<ul>\n<li>Pasir\u016bpina koj\u0173 nag\u0173 ir apynagi\u0173 b\u016bkle<\/li>\n<li>\u0160alina nuospaudas ir kitokio pob\u016bd\u017eio odos sukiet\u0117jimus ir surag\u0117jimus<\/li>\n<li>Gydo nag\u0173 grybel\u012f ir \u012faugusius nagus<\/li>\n<li>Skiria special\u0173 gydym\u0105 asmenims, kuriems padid\u0117j\u0119s pavojus susirgti p\u0117d\u0173 ligomis d\u0117l\n<ul>\n<li>diabeto<\/li>\n<li>reumato<\/li>\n<\/ul>\n<\/li>\n<\/ul>\n<p>Be to, pediki\u016brininkas gali duoti nauding\u0173 patarim\u0173 arba nukreipti konsultacijai pas bendrosios praktikos gydytoj\u0105 ar p\u0117d\u0173 gydymo specialist\u0105.<\/p>\n<\/div><\/section><\/p><\/div>\n<\/div><\/div><\/div><!-- close content main div --><\/div><\/div><div id='content_bottom'  class='avia-section av-av_section-8390100c99685c1552fd8c8d7ceec6b5 main_color avia-section-default avia-shadow  avia-builder-el-6  el_after_av_three_fourth  avia-builder-el-last  avia-bg-style-scroll container_wrap sidebar_right'  ><div class='container av-section-cont-open' ><div class='template-page content  av-content-small alpha units'><div class='post-entry post-entry-type-page post-entry-8599'><div class='entry-content-wrapper clearfix'>\n<div  class='flex_column av-av_two_third-2a9015ff38129c418a3f2eafba3e9512 av_two_third  avia-builder-el-7  el_before_av_one_third  avia-builder-el-first  first flex_column_div  '     ><p>\n<style type=\"text\/css\" data-created_by=\"avia_inline_auto\" id=\"style-css-av-av_heading-8d3372664c7a25679f710ed3bc1c532e\">\n#top .av-special-heading.av-av_heading-8d3372664c7a25679f710ed3bc1c532e{\npadding-bottom:10px;\ncolor:#56327f;\n}\nbody .av-special-heading.av-av_heading-8d3372664c7a25679f710ed3bc1c532e .av-special-heading-tag .heading-char{\nfont-size:25px;\n}\n.av-special-heading.av-av_heading-8d3372664c7a25679f710ed3bc1c532e .special-heading-inner-border{\nborder-color:#56327f;\n}\n.av-special-heading.av-av_heading-8d3372664c7a25679f710ed3bc1c532e .av-subheading{\nfont-size:15px;\n}\n<\/style>\n<div  class='av-special-heading av-av_heading-8d3372664c7a25679f710ed3bc1c532e av-special-heading-h3 custom-color-heading blockquote modern-quote modern-centered  avia-builder-el-8  el_before_av_sidebar  avia-builder-el-first '><h3 class='av-special-heading-tag '  itemprop=\"headline\"  >MYCOSAN PRODUKTAI<\/h3><div class=\"special-heading-border\"><div class=\"special-heading-inner-border\"><\/div><\/div><\/div><br \/>\n<div  class='avia-builder-widget-area clearfix  avia-builder-el-9  el_after_av_heading  el_before_av_sidebar '><div id=\"simpleimage-7\" class=\"widget clearfix widget_simpleimage\">\n\n\t<p class=\"simple-image\">\n\t\t<a href=\"\/\/www.mycosan.com\/lt\/priemones\/mycosan-fungal-nail\/\"><img loading=\"lazy\" decoding=\"async\" width=\"140\" height=\"300\" src=\"https:\/\/www.mycosan.com\/lt\/files\/2015\/08\/MycosanEN_Packshots5ML_widget-140x300.png\" class=\"attachment-medium size-medium\" alt=\"\" \/><\/a>\t<\/p>\n\n<h4>\u201eMYCOSAN FUNGAL NAIL\u201c GYDOMASIS RINKINYS<\/h4>\n<p>Akivaizd\u016bs rezultatai po 2 savai\u010di\u0173*!<\/p>\n<div class=\"avia-button-wrap avia-button-left avia-builder-el-17 el_before_av_button avia-builder-el-first \"><a class=\"avia-button avia-icon_select-no avia-color-blue avia-size-small avia-position-left \" href=\"\/\/www.mycosan.com\/lt\/priemones\/mycosan-fungal-nail\/\"><span class=\"avia_iconbox_title\">Informacija apie priemon\u0117<\/span><br \/>\n<\/a><\/div>\n\n<\/div><\/div><br \/>\n<div  class='avia-builder-widget-area clearfix  avia-builder-el-10  el_after_av_sidebar  avia-builder-el-last '><div id=\"simpleimage-8\" class=\"widget clearfix widget_simpleimage\">\n\n\t<p class=\"simple-image\">\n\t\t<a href=\"\/\/www.mycosan.com\/lt\/priemones\/mycosan-fungal-nail\/\"><img loading=\"lazy\" decoding=\"async\" width=\"142\" height=\"300\" src=\"https:\/\/www.mycosan.com\/lt\/files\/2015\/08\/MycosanEN_PackshotsXL_widget-142x300.png\" class=\"attachment-medium size-medium\" alt=\"\" \/><\/a>\t<\/p>\n\n<h4>\u201eMycosan Funagl Nail XL\u201c priemon\u0117<\/h4>\n<p>Speciali \u201eMycosan Fungal Nail XL\u201c pakuot\u0117 skirta i\u0161plitusiam nag\u0173 grybeliui gydyti. <\/p>\n<div class=\"avia-button-wrap avia-button-left avia-builder-el-17 el_before_av_button avia-builder-el-first \"><a class=\"avia-button avia-icon_select-no avia-color-blue avia-size-small avia-position-left \" href=\"\/\/www.mycosan.com\/lt\/priemones\/mycosan-fungal-nail\/\"><span class=\"avia_iconbox_title\">Informacija apie priemon\u0117<\/span><br \/>\n<\/a><\/div>\n\n<\/div><\/div><\/p><\/div>\n<style type=\"text\/css\" data-created_by=\"avia_inline_auto\" id=\"style-css-av-av_one_third-9c1d454dc06f7247226bc4e8f931daae\">\n.flex_column.av-av_one_third-9c1d454dc06f7247226bc4e8f931daae{\nborder-radius:0px 0px 0px 0px;\npadding:0px 0px 0px 0px;\n}\n<\/style>\n<div  class='flex_column av-av_one_third-9c1d454dc06f7247226bc4e8f931daae av_one_third  avia-builder-el-11  el_after_av_two_third  avia-builder-el-last  flex_column_div av-zero-column-padding  '     ><div  class='avia-builder-widget-area clearfix  avia-builder-el-12  avia-builder-el-no-sibling '><div id=\"text-9\" class=\"widget clearfix widget_text\">\t\t\t<div class=\"textwidget\"><div id=\"stralend\">\r\n<h4>Patarimai, kaip i\u0161saugoti sveikas p\u0117das<\/h4>\r\n\r\n<hr \/>\r\n\r\nReguliariai tikrinkite savo p\u0117das ir atkreipkite d\u0117mes\u012f \u012f nag\u0173 ir odos spalvos, strukt\u016bros bei i\u0161vaizdos poky\u010dius.<br><br>\r\n\r\n<div  class='avia-button-wrap av-av_button-56e886ace6a35b872186564445806507-wrap avia-button-left '>\n<style type=\"text\/css\" data-created_by=\"avia_inline_auto\" id=\"style-css-av-av_button-56e886ace6a35b872186564445806507\">\n#top #wrap_all .avia-button.av-av_button-56e886ace6a35b872186564445806507{\nbackground-color:#009fe3;\nborder-color:#009fe3;\ncolor:#ffffff;\ntransition:all 0.4s ease-in-out;\n}\n#top #wrap_all .avia-button.av-av_button-56e886ace6a35b872186564445806507 .avia-svg-icon svg:first-child{\nfill:#ffffff;\nstroke:#ffffff;\n}\n<\/style>\n<a href='\/\/www.mycosan.com\/lt\/patarimai\/rupinkites-savo-pedomis\/'  class='avia-button av-av_button-56e886ace6a35b872186564445806507 av-link-btn avia-icon_select-no avia-size-medium avia-position-left'   aria-label=\"Daugiau patarim\u0173\"><span class='avia_iconbox_title' >Daugiau patarim\u0173<\/span><\/a><\/div>\r\n<\/div><\/div>\n\t\t<\/div><\/div><\/div><\/div><\/div><\/div><!-- close content main div --><\/div><\/div><div id='after_section_1'  class='main_color av_default_container_wrap container_wrap sidebar_right'  ><div class='container av-section-cont-open' ><div class='template-page content  av-content-small alpha units'><div class='post-entry post-entry-type-page post-entry-8599'><div class='entry-content-wrapper clearfix'>\n","protected":false},"excerpt":{"rendered":"","protected":false},"author":1,"featured_media":0,"parent":8601,"menu_order":0,"comment_status":"open","ping_status":"closed","template":"","meta":{"_acf_changed":false,"footnotes":""},"page_type":[],"class_list":["post-8599","page","type-page","status-publish","hentry"],"acf":[],"yoast_head":"<!-- This site is optimized with the Yoast SEO plugin v26.9 - https:\/\/yoast.com\/product\/yoast-seo-wordpress\/ -->\n<title>Pedicure advies nodig? Tips van Mycosan<\/title>\n<meta name=\"description\" content=\"Bij elke klacht aan de voet, kan een bezoek aan de pedicure inzicht geven voor een correcte behandeling of doorverwijzing naar een specialist.\" \/>\n<meta name=\"robots\" content=\"index, follow, max-snippet:-1, max-image-preview:large, max-video-preview:-1\" \/>\n<link rel=\"canonical\" href=\"https:\/\/www.mycosan.com\/lt\/patarimai\/kada-reiketu-apsilankyti-pas-pedu-prieziuros-specialista\/\" \/>\n<meta property=\"og:locale\" content=\"lt_LT\" \/>\n<meta property=\"og:type\" content=\"article\" \/>\n<meta property=\"og:title\" content=\"Pedicure advies nodig? Tips van Mycosan\" \/>\n<meta property=\"og:description\" content=\"Bij elke klacht aan de voet, kan een bezoek aan de pedicure inzicht geven voor een correcte behandeling of doorverwijzing naar een specialist.\" \/>\n<meta property=\"og:url\" content=\"https:\/\/www.mycosan.com\/lt\/patarimai\/kada-reiketu-apsilankyti-pas-pedu-prieziuros-specialista\/\" \/>\n<meta property=\"og:site_name\" content=\"Mycosan Lietuva\" \/>\n<meta property=\"article:modified_time\" content=\"2018-08-22T09:08:15+00:00\" \/>\n<meta name=\"twitter:label1\" content=\"Est. reading time\" \/>\n\t<meta name=\"twitter:data1\" content=\"3 minutes\" \/>\n<script type=\"application\/ld+json\" class=\"yoast-schema-graph\">{\"@context\":\"https:\/\/schema.org\",\"@graph\":[{\"@type\":\"WebPage\",\"@id\":\"https:\/\/www.mycosan.com\/lt\/patarimai\/kada-reiketu-apsilankyti-pas-pedu-prieziuros-specialista\/\",\"url\":\"https:\/\/www.mycosan.com\/lt\/patarimai\/kada-reiketu-apsilankyti-pas-pedu-prieziuros-specialista\/\",\"name\":\"Pedicure advies nodig? Tips van Mycosan\",\"isPartOf\":{\"@id\":\"https:\/\/www.mycosan.com\/lt\/#website\"},\"datePublished\":\"2015-01-08T14:40:11+00:00\",\"dateModified\":\"2018-08-22T09:08:15+00:00\",\"description\":\"Bij elke klacht aan de voet, kan een bezoek aan de pedicure inzicht geven voor een correcte behandeling of doorverwijzing naar een specialist.\",\"breadcrumb\":{\"@id\":\"https:\/\/www.mycosan.com\/lt\/patarimai\/kada-reiketu-apsilankyti-pas-pedu-prieziuros-specialista\/#breadcrumb\"},\"inLanguage\":\"lt-LT\",\"potentialAction\":[{\"@type\":\"ReadAction\",\"target\":[\"https:\/\/www.mycosan.com\/lt\/patarimai\/kada-reiketu-apsilankyti-pas-pedu-prieziuros-specialista\/\"]}]},{\"@type\":\"BreadcrumbList\",\"@id\":\"https:\/\/www.mycosan.com\/lt\/patarimai\/kada-reiketu-apsilankyti-pas-pedu-prieziuros-specialista\/#breadcrumb\",\"itemListElement\":[{\"@type\":\"ListItem\",\"position\":1,\"name\":\"Home\",\"item\":\"https:\/\/www.mycosan.com\/lt\/\"},{\"@type\":\"ListItem\",\"position\":2,\"name\":\"Patarimai\",\"item\":\"https:\/\/www.mycosan.com\/lt\/patarimai\/\"},{\"@type\":\"ListItem\",\"position\":3,\"name\":\"Kada reik\u0117t\u0173 apsilankyti pas p\u0117d\u0173 prie\u017ei\u016bros specialist\u0105?\"}]},{\"@type\":\"WebSite\",\"@id\":\"https:\/\/www.mycosan.com\/lt\/#website\",\"url\":\"https:\/\/www.mycosan.com\/lt\/\",\"name\":\"Mycosan Lietuva\",\"description\":\"\",\"potentialAction\":[{\"@type\":\"SearchAction\",\"target\":{\"@type\":\"EntryPoint\",\"urlTemplate\":\"https:\/\/www.mycosan.com\/lt\/?s={search_term_string}\"},\"query-input\":{\"@type\":\"PropertyValueSpecification\",\"valueRequired\":true,\"valueName\":\"search_term_string\"}}],\"inLanguage\":\"lt-LT\"}]}<\/script>\n<!-- \/ Yoast SEO plugin. -->","yoast_head_json":{"title":"Pedicure advies nodig? Tips van Mycosan","description":"Bij elke klacht aan de voet, kan een bezoek aan de pedicure inzicht geven voor een correcte behandeling of doorverwijzing naar een specialist.","robots":{"index":"index","follow":"follow","max-snippet":"max-snippet:-1","max-image-preview":"max-image-preview:large","max-video-preview":"max-video-preview:-1"},"canonical":"https:\/\/www.mycosan.com\/lt\/patarimai\/kada-reiketu-apsilankyti-pas-pedu-prieziuros-specialista\/","og_locale":"lt_LT","og_type":"article","og_title":"Pedicure advies nodig? Tips van Mycosan","og_description":"Bij elke klacht aan de voet, kan een bezoek aan de pedicure inzicht geven voor een correcte behandeling of doorverwijzing naar een specialist.","og_url":"https:\/\/www.mycosan.com\/lt\/patarimai\/kada-reiketu-apsilankyti-pas-pedu-prieziuros-specialista\/","og_site_name":"Mycosan Lietuva","article_modified_time":"2018-08-22T09:08:15+00:00","twitter_misc":{"Est. reading time":"3 minutes"},"schema":{"@context":"https:\/\/schema.org","@graph":[{"@type":"WebPage","@id":"https:\/\/www.mycosan.com\/lt\/patarimai\/kada-reiketu-apsilankyti-pas-pedu-prieziuros-specialista\/","url":"https:\/\/www.mycosan.com\/lt\/patarimai\/kada-reiketu-apsilankyti-pas-pedu-prieziuros-specialista\/","name":"Pedicure advies nodig? Tips van Mycosan","isPartOf":{"@id":"https:\/\/www.mycosan.com\/lt\/#website"},"datePublished":"2015-01-08T14:40:11+00:00","dateModified":"2018-08-22T09:08:15+00:00","description":"Bij elke klacht aan de voet, kan een bezoek aan de pedicure inzicht geven voor een correcte behandeling of doorverwijzing naar een specialist.","breadcrumb":{"@id":"https:\/\/www.mycosan.com\/lt\/patarimai\/kada-reiketu-apsilankyti-pas-pedu-prieziuros-specialista\/#breadcrumb"},"inLanguage":"lt-LT","potentialAction":[{"@type":"ReadAction","target":["https:\/\/www.mycosan.com\/lt\/patarimai\/kada-reiketu-apsilankyti-pas-pedu-prieziuros-specialista\/"]}]},{"@type":"BreadcrumbList","@id":"https:\/\/www.mycosan.com\/lt\/patarimai\/kada-reiketu-apsilankyti-pas-pedu-prieziuros-specialista\/#breadcrumb","itemListElement":[{"@type":"ListItem","position":1,"name":"Home","item":"https:\/\/www.mycosan.com\/lt\/"},{"@type":"ListItem","position":2,"name":"Patarimai","item":"https:\/\/www.mycosan.com\/lt\/patarimai\/"},{"@type":"ListItem","position":3,"name":"Kada reik\u0117t\u0173 apsilankyti pas p\u0117d\u0173 prie\u017ei\u016bros specialist\u0105?"}]},{"@type":"WebSite","@id":"https:\/\/www.mycosan.com\/lt\/#website","url":"https:\/\/www.mycosan.com\/lt\/","name":"Mycosan Lietuva","description":"","potentialAction":[{"@type":"SearchAction","target":{"@type":"EntryPoint","urlTemplate":"https:\/\/www.mycosan.com\/lt\/?s={search_term_string}"},"query-input":{"@type":"PropertyValueSpecification","valueRequired":true,"valueName":"search_term_string"}}],"inLanguage":"lt-LT"}]}},"_links":{"self":[{"href":"https:\/\/www.mycosan.com\/lt\/wp-json\/wp\/v2\/pages\/8599","targetHints":{"allow":["GET"]}}],"collection":[{"href":"https:\/\/www.mycosan.com\/lt\/wp-json\/wp\/v2\/pages"}],"about":[{"href":"https:\/\/www.mycosan.com\/lt\/wp-json\/wp\/v2\/types\/page"}],"author":[{"embeddable":true,"href":"https:\/\/www.mycosan.com\/lt\/wp-json\/wp\/v2\/users\/1"}],"replies":[{"embeddable":true,"href":"https:\/\/www.mycosan.com\/lt\/wp-json\/wp\/v2\/comments?post=8599"}],"version-history":[{"count":0,"href":"https:\/\/www.mycosan.com\/lt\/wp-json\/wp\/v2\/pages\/8599\/revisions"}],"up":[{"embeddable":true,"href":"https:\/\/www.mycosan.com\/lt\/wp-json\/wp\/v2\/pages\/8601"}],"wp:attachment":[{"href":"https:\/\/www.mycosan.com\/lt\/wp-json\/wp\/v2\/media?parent=8599"}],"wp:term":[{"taxonomy":"page_type","embeddable":true,"href":"https:\/\/www.mycosan.com\/lt\/wp-json\/wp\/v2\/page_type?post=8599"}],"curies":[{"name":"wp","href":"https:\/\/api.w.org\/{rel}","templated":true}]}}