{"id":8598,"date":"2015-01-08T15:38:48","date_gmt":"2015-01-08T14:38:48","guid":{"rendered":"https:\/\/www.mycosan.com\/lt\/test\/?page_id=4001"},"modified":"2018-11-05T13:52:09","modified_gmt":"2018-11-05T12:52:09","slug":"athletes-foot-treatment","status":"publish","type":"page","link":"https:\/\/www.mycosan.com\/lt\/atleto-peda\/athletes-foot-treatment\/","title":{"rendered":"\u201eAtleto p\u00e9dos\u201c gydymas"},"content":{"rendered":"<div  class='flex_column av-av_one_fourth-2a9015ff38129c418a3f2eafba3e9512 av_one_fourth  avia-builder-el-0  el_before_av_three_fourth  avia-builder-el-first  first flex_column_div  '     ><style type=\"text\/css\" data-created_by=\"avia_inline_auto\" id=\"style-css-av-av_image-f0a54490686d759c6e6fdda7e6c0ae68\">\n.avia-image-container.av-av_image-f0a54490686d759c6e6fdda7e6c0ae68 img.avia_image{\nbox-shadow:none;\n}\n.avia-image-container.av-av_image-f0a54490686d759c6e6fdda7e6c0ae68 .av-image-caption-overlay-center{\ncolor:#ffffff;\n}\n<\/style>\n<div  class='avia-image-container av-av_image-f0a54490686d759c6e6fdda7e6c0ae68 av-styling- avia-align-center  avia-builder-el-1  avia-builder-el-no-sibling '   itemprop=\"image\" itemscope=\"itemscope\" itemtype=\"https:\/\/schema.org\/ImageObject\" ><div class=\"avia-image-container-inner\"><div class=\"avia-image-overlay-wrap\"><img decoding=\"async\" fetchpriority=\"high\" class='wp-image-5230 avia-img-lazy-loading-not-5230 avia_image ' src=\"https:\/\/www.mycosan.com\/lt\/files\/2015\/01\/Behandelmethoden_voetschimmel.jpg\" alt='Mycosan Protect Anti-schimmel' title='Behandelmethoden_voetschimmel'  height=\"708\" width=\"338\"  itemprop=\"thumbnailUrl\" srcset=\"https:\/\/www.mycosan.com\/lt\/files\/2015\/01\/Behandelmethoden_voetschimmel.jpg 338w, https:\/\/www.mycosan.com\/lt\/files\/2015\/01\/Behandelmethoden_voetschimmel-143x300.jpg 143w, https:\/\/www.mycosan.com\/lt\/files\/2015\/01\/Behandelmethoden_voetschimmel-250x524.jpg 250w\" sizes=\"(max-width: 338px) 100vw, 338px\" \/><\/div><\/div><\/div><\/div>\n\n<style type=\"text\/css\" data-created_by=\"avia_inline_auto\" id=\"style-css-av-av_three_fourth-9c1d454dc06f7247226bc4e8f931daae\">\n.flex_column.av-av_three_fourth-9c1d454dc06f7247226bc4e8f931daae{\nborder-radius:0px 0px 0px 0px;\npadding:0px 0px 0px 0px;\n}\n<\/style>\n<div  class='flex_column av-av_three_fourth-9c1d454dc06f7247226bc4e8f931daae av_three_fourth  avia-builder-el-2  el_after_av_one_fourth  el_before_av_section  avia-builder-el-last  flex_column_div av-zero-column-padding  '     ><section  class='av_textblock_section av-av_textblock-0366cc7376be6c9e82a3e9cc8987b64f '   itemscope=\"itemscope\" itemtype=\"https:\/\/schema.org\/CreativeWork\" ><div class='avia_textblock'  itemprop=\"text\" ><h1>\u201eATLETO P\u0116DOS\u201c GYDYMAS<\/h1>\n<\/div><\/section><br \/>\n<div  class='hr av-av_hr-dcd2069817a0e3d34ae04cad8f3443c7 hr-default  avia-builder-el-4  el_after_av_textblock  el_before_av_textblock '><span class='hr-inner '><span class=\"hr-inner-style\"><\/span><\/span><\/div><br \/>\n<section  class='av_textblock_section av-av_textblock-0366cc7376be6c9e82a3e9cc8987b64f '   itemscope=\"itemscope\" itemtype=\"https:\/\/schema.org\/CreativeWork\" ><div class='avia_textblock'  itemprop=\"text\" ><p>\u201e<u>Atleto p\u0117d\u0105<\/u>\u201c b\u016btina gydyti, nes tai \u2013 ne tik skausminga, bet ir u\u017ekre\u010diamoji liga. Infekcija da\u017eniausiai plinta \u012f kitas k\u016bno dalis. Ja gali u\u017esikr\u0117sti ir aplinkiniai \u017emon\u0117s. Daugelis grybelini\u0173 p\u0117d\u0173 infekcij\u0173 pasirei\u0161kia odos pavir\u0161iaus u\u017edegimu ir gali b\u016bti s\u0117kmingai i\u0161sigydytos preparatais nuo grybelio, kuri\u0173 galima be recepto \u012fsigyti vaistin\u0117je.<\/p>\n<p>\u201eAtleto p\u0117da\u201c gydoma \u012fvairiai:<\/p>\n<p><strong>Vietinis gydymas<\/strong><br \/>\n\u201eAtleto p\u0117da\u201c da\u017eniausiai gydoma tepant p\u0117dos od\u0105 kremu arba tepalu, kurio sud\u0117tyje yra fungicid\u0173 arba grybeli\u0173 augim\u0105 slopinan\u010di\u0173 med\u017eiag\u0173. \u0160iuos preparatus paprastai reikia du kartus per dien\u0105 plonu sluoksniu tepti ant pa\u017eeistos odos. Vaistai nuo grybelio pa\u017eeid\u017eia grybeli\u0173 l\u0105steli\u0173 sieneles ir taip juos sunaikina.<\/p>\n<p>Nie\u017eulys ir odos paraudimas ima rimti per kelias dienas. Ta\u010diau tik per kelias savaites pavyksta p\u0117das visi\u0161kai i\u0161sigydyti. Tod\u0117l svarbu t\u0119sti gydym\u0105 net ir tada, kai ant odos jau nematoma joki\u0173 ne\u012fprast\u0173 po\u017eymi\u0173.<\/p>\n<p><strong>Geriamieji vaistai<\/strong><br \/>\nKomplikuotais ar sunkiai i\u0161gydomais atvejais j\u016bs\u0173 gydytojas ar dermatologas paskirs special\u0173 gydymo b\u016bd\u0105 ir i\u0161ra\u0161ys geriamuosius vaistus. Tokius vaistus paprastai b\u016btina vartoti tris m\u0117nesius. Be to, gydytojai gali paskirti naudoti p\u0117d\u0173 miltelius, kuri\u0173 sud\u0117tyje yra med\u017eiag\u0173 nuo grybelio. Milteliais apibarstoma p\u0117d\u0173 oda, kojin\u0117s ir bat\u0173 vidus. Pama\u010dius, kad p\u0117d\u0173 oda stipriai paraudo, p\u0117dos prad\u0117jo tinti ar itin gausiai prakaituoti, patartina apsilankyti pas gydytoj\u0105.<\/p>\n<h4>Patarimai, kaip kasdien laikytis higienos \u012fpro\u010di\u0173 norint i\u0161vengti \u201eatleto p\u0117dos\u201c:<\/h4>\n<ul>\n<li>I\u0161simaud\u0119 du\u0161e gerai nusausinkite p\u0117das (ypa\u010d tarpupir\u0161\u010dius)!<\/li>\n<li>Naudokite \u201eMycosan\u201c \u201eProtect Anti-Fungal\u201c, 12 valand\u0173 saugant\u012f nuo infekcijos.<\/li>\n<li>Kasdien keiskite kojines. Geriausia m\u016bv\u0117ti medvilnines arba vilnones kojines. Rinkit\u0117s gerai prakait\u0105 (dr\u0117gm\u0119) sugerian\u010dias kojines, kurias m\u016bvint p\u0117d\u0173 oda b\u016bt\u0173 sausa.<\/li>\n<li>Skalbkite i\u0161verstas kojines, kad jose esan\u010dioms grybeli\u0173 sporoms b\u016bt\u0173 sunkiau likti prikibusioms prie audinio.<\/li>\n<li>Reguliariai keiskite apav\u0105 ir av\u0117kite orui pralaid\u017eius (odinius) batus.<\/li>\n<li>Bendrojo naudojimo patalpose av\u0117kite \u012fsispiriamas \u0161lepetes.<\/li>\n<li>Pasitaikius tinkamai progai nusiaukite batus ir vaik\u0161\u010diokite basi ar su kojin\u0117mis.<\/li>\n<li>Kiekvien\u0105 dien\u0105 plaukite kojas, geriausia be muilo arba tik truput\u012f i\u0161muilinkite p\u0117das.<\/li>\n<\/ul>\n<\/div><\/section><\/p><\/div>\n<\/div><\/div><\/div><!-- close content main div --><\/div><\/div><div id='content_bottom'  class='avia-section av-av_section-8390100c99685c1552fd8c8d7ceec6b5 main_color avia-section-default avia-shadow  avia-builder-el-6  el_after_av_three_fourth  avia-builder-el-last  avia-bg-style-scroll container_wrap sidebar_right'  ><div class='container av-section-cont-open' ><div class='template-page content  av-content-small alpha units'><div class='post-entry post-entry-type-page post-entry-8598'><div class='entry-content-wrapper clearfix'>\n<div  class='flex_column av-av_two_third-2a9015ff38129c418a3f2eafba3e9512 av_two_third  avia-builder-el-7  el_before_av_one_third  avia-builder-el-first  first flex_column_div  '     ><p>\n<style type=\"text\/css\" data-created_by=\"avia_inline_auto\" id=\"style-css-av-av_heading-8d3372664c7a25679f710ed3bc1c532e\">\n#top .av-special-heading.av-av_heading-8d3372664c7a25679f710ed3bc1c532e{\npadding-bottom:10px;\ncolor:#56327f;\n}\nbody .av-special-heading.av-av_heading-8d3372664c7a25679f710ed3bc1c532e .av-special-heading-tag .heading-char{\nfont-size:25px;\n}\n.av-special-heading.av-av_heading-8d3372664c7a25679f710ed3bc1c532e .special-heading-inner-border{\nborder-color:#56327f;\n}\n.av-special-heading.av-av_heading-8d3372664c7a25679f710ed3bc1c532e .av-subheading{\nfont-size:15px;\n}\n<\/style>\n<div  class='av-special-heading av-av_heading-8d3372664c7a25679f710ed3bc1c532e av-special-heading-h3 custom-color-heading blockquote modern-quote modern-centered  avia-builder-el-8  el_before_av_sidebar  avia-builder-el-first '><h3 class='av-special-heading-tag '  itemprop=\"headline\"  >MYCOSAN PRODUKTAI<\/h3><div class=\"special-heading-border\"><div class=\"special-heading-inner-border\"><\/div><\/div><\/div><br \/>\n<div  class='avia-builder-widget-area clearfix  avia-builder-el-9  el_after_av_heading  el_before_av_sidebar '><div id=\"simpleimage-8\" class=\"widget clearfix widget_simpleimage\">\n\n\t<p class=\"simple-image\">\n\t\t<a href=\"\/\/www.mycosan.com\/lt\/priemones\/mycosan-fungal-nail\/\"><img loading=\"lazy\" decoding=\"async\" width=\"142\" height=\"300\" src=\"https:\/\/www.mycosan.com\/lt\/files\/2015\/08\/MycosanEN_PackshotsXL_widget-142x300.png\" class=\"attachment-medium size-medium\" alt=\"\" \/><\/a>\t<\/p>\n\n<h4>\u201eMycosan Funagl Nail XL\u201c priemon\u0117<\/h4>\n<p>Speciali \u201eMycosan Fungal Nail XL\u201c pakuot\u0117 skirta i\u0161plitusiam nag\u0173 grybeliui gydyti. <\/p>\n<div class=\"avia-button-wrap avia-button-left avia-builder-el-17 el_before_av_button avia-builder-el-first \"><a class=\"avia-button avia-icon_select-no avia-color-blue avia-size-small avia-position-left \" href=\"\/\/www.mycosan.com\/lt\/priemones\/mycosan-fungal-nail\/\"><span class=\"avia_iconbox_title\">Informacija apie priemon\u0117<\/span><br \/>\n<\/a><\/div>\n\n<\/div><\/div><br \/>\n<div  class='avia-builder-widget-area clearfix  avia-builder-el-10  el_after_av_sidebar  avia-builder-el-last '><div id=\"simpleimage-5\" class=\"widget clearfix widget_simpleimage\">\n\n\t<p class=\"simple-image\">\n\t\t<a href=\"\/\/www.mycosan.com\/lt\/priemones\/mycosan-protect\/\"><img loading=\"lazy\" decoding=\"async\" width=\"300\" height=\"295\" src=\"https:\/\/www.mycosan.com\/lt\/files\/2015\/01\/Mycoson-ProtectFoam_EG_20160114-300x295.png\" class=\"attachment-medium size-medium\" alt=\"\" srcset=\"https:\/\/www.mycosan.com\/lt\/files\/2015\/01\/Mycoson-ProtectFoam_EG_20160114-300x295.png 300w, https:\/\/www.mycosan.com\/lt\/files\/2015\/01\/Mycoson-ProtectFoam_EG_20160114-80x80.png 80w, https:\/\/www.mycosan.com\/lt\/files\/2015\/01\/Mycoson-ProtectFoam_EG_20160114-768x754.png 768w, https:\/\/www.mycosan.com\/lt\/files\/2015\/01\/Mycoson-ProtectFoam_EG_20160114-1030x1012.png 1030w, https:\/\/www.mycosan.com\/lt\/files\/2015\/01\/Mycoson-ProtectFoam_EG_20160114-600x589.png 600w, https:\/\/www.mycosan.com\/lt\/files\/2015\/01\/Mycoson-ProtectFoam_EG_20160114-36x36.png 36w, https:\/\/www.mycosan.com\/lt\/files\/2015\/01\/Mycoson-ProtectFoam_EG_20160114-1500x1473.png 1500w, https:\/\/www.mycosan.com\/lt\/files\/2015\/01\/Mycoson-ProtectFoam_EG_20160114-705x692.png 705w, https:\/\/www.mycosan.com\/lt\/files\/2015\/01\/Mycoson-ProtectFoam_EG_20160114-450x442.png 450w\" sizes=\"auto, (max-width: 300px) 100vw, 300px\" \/><\/a>\t<\/p>\n\n<h4>\u201eMYCOSAN PROTECT\u201c<\/h4>\n<p>\u201eMycosan Protect\u201c apgaub\u0119s p\u0117d\u0105 apsaugine pl\u0117vele, saugo j\u0105 nuo grybelin\u0117s infekcijos. <\/p>\n<div class=\"avia-button-wrap avia-button-left avia-builder-el-17 el_before_av_button avia-builder-el-first \"><a class=\"avia-button avia-icon_select-no avia-color-blue avia-size-small avia-position-left \" href=\"\/\/www.mycosan.com\/lt\/priemones\/mycosan-protect\/\"><span class=\"avia_iconbox_title\">Informacija apie priemon\u0117<\/span><br \/>\n<\/a><\/div>\n\n<\/div><\/div><\/p><\/div>\n<style type=\"text\/css\" data-created_by=\"avia_inline_auto\" id=\"style-css-av-av_one_third-9c1d454dc06f7247226bc4e8f931daae\">\n.flex_column.av-av_one_third-9c1d454dc06f7247226bc4e8f931daae{\nborder-radius:0px 0px 0px 0px;\npadding:0px 0px 0px 0px;\n}\n<\/style>\n<div  class='flex_column av-av_one_third-9c1d454dc06f7247226bc4e8f931daae av_one_third  avia-builder-el-11  el_after_av_two_third  avia-builder-el-last  flex_column_div av-zero-column-padding  '     ><div  class='avia-builder-widget-area clearfix  avia-builder-el-12  avia-builder-el-no-sibling '><div id=\"text-9\" class=\"widget clearfix widget_text\">\t\t\t<div class=\"textwidget\"><div id=\"stralend\">\r\n<h4>Patarimai, kaip i\u0161saugoti sveikas p\u0117das<\/h4>\r\n\r\n<hr \/>\r\n\r\nReguliariai tikrinkite savo p\u0117das ir atkreipkite d\u0117mes\u012f \u012f nag\u0173 ir odos spalvos, strukt\u016bros bei i\u0161vaizdos poky\u010dius.<br><br>\r\n\r\n<div  class='avia-button-wrap av-av_button-56e886ace6a35b872186564445806507-wrap avia-button-left '>\n<style type=\"text\/css\" data-created_by=\"avia_inline_auto\" id=\"style-css-av-av_button-56e886ace6a35b872186564445806507\">\n#top #wrap_all .avia-button.av-av_button-56e886ace6a35b872186564445806507{\nbackground-color:#009fe3;\nborder-color:#009fe3;\ncolor:#ffffff;\ntransition:all 0.4s ease-in-out;\n}\n#top #wrap_all .avia-button.av-av_button-56e886ace6a35b872186564445806507 .avia-svg-icon svg:first-child{\nfill:#ffffff;\nstroke:#ffffff;\n}\n<\/style>\n<a href='\/\/www.mycosan.com\/lt\/patarimai\/rupinkites-savo-pedomis\/'  class='avia-button av-av_button-56e886ace6a35b872186564445806507 av-link-btn avia-icon_select-no avia-size-medium avia-position-left'   aria-label=\"Daugiau patarim\u0173\"><span class='avia_iconbox_title' >Daugiau patarim\u0173<\/span><\/a><\/div>\r\n<\/div><\/div>\n\t\t<\/div><\/div><\/div><\/div><\/div><\/div><!-- close content main div --><\/div><\/div><div id='after_section_1'  class='main_color av_default_container_wrap container_wrap sidebar_right'  ><div class='container av-section-cont-open' ><div class='template-page content  av-content-small alpha units'><div class='post-entry post-entry-type-page post-entry-8598'><div class='entry-content-wrapper clearfix'>\n","protected":false},"excerpt":{"rendered":"","protected":false},"author":1,"featured_media":0,"parent":8603,"menu_order":3,"comment_status":"open","ping_status":"closed","template":"","meta":{"_acf_changed":false,"footnotes":""},"page_type":[],"class_list":["post-8598","page","type-page","status-publish","hentry"],"acf":[],"yoast_head":"<!-- This site is optimized with the Yoast SEO plugin v26.9 - https:\/\/yoast.com\/product\/yoast-seo-wordpress\/ -->\n<title>Hoe behandel ik een voetschimmel? - Mycosan<\/title>\n<meta name=\"description\" content=\"Het is belangrijk om een voetschimmel snel te behandelen omdat deze pijnlijk en besmettelijk is. De meeste voetschimmels zijn oppervlakkig en kunnen met succes behandeld worden met een\" \/>\n<meta name=\"robots\" content=\"index, follow, max-snippet:-1, max-image-preview:large, max-video-preview:-1\" \/>\n<link rel=\"canonical\" href=\"https:\/\/www.mycosan.com\/lt\/atleto-peda\/athletes-foot-treatment\/\" \/>\n<meta property=\"og:locale\" content=\"lt_LT\" \/>\n<meta property=\"og:type\" content=\"article\" \/>\n<meta property=\"og:title\" content=\"Hoe behandel ik een voetschimmel? - Mycosan\" \/>\n<meta property=\"og:description\" content=\"Het is belangrijk om een voetschimmel snel te behandelen omdat deze pijnlijk en besmettelijk is. De meeste voetschimmels zijn oppervlakkig en kunnen met succes behandeld worden met een\" \/>\n<meta property=\"og:url\" content=\"https:\/\/www.mycosan.com\/lt\/atleto-peda\/athletes-foot-treatment\/\" \/>\n<meta property=\"og:site_name\" content=\"Mycosan Lietuva\" \/>\n<meta property=\"article:modified_time\" content=\"2018-11-05T12:52:09+00:00\" \/>\n<meta name=\"twitter:label1\" content=\"Est. reading time\" \/>\n\t<meta name=\"twitter:data1\" content=\"3 minutes\" \/>\n<script type=\"application\/ld+json\" class=\"yoast-schema-graph\">{\"@context\":\"https:\/\/schema.org\",\"@graph\":[{\"@type\":\"WebPage\",\"@id\":\"https:\/\/www.mycosan.com\/lt\/atleto-peda\/athletes-foot-treatment\/\",\"url\":\"https:\/\/www.mycosan.com\/lt\/atleto-peda\/athletes-foot-treatment\/\",\"name\":\"Hoe behandel ik een voetschimmel? - Mycosan\",\"isPartOf\":{\"@id\":\"https:\/\/www.mycosan.com\/lt\/#website\"},\"datePublished\":\"2015-01-08T14:38:48+00:00\",\"dateModified\":\"2018-11-05T12:52:09+00:00\",\"description\":\"Het is belangrijk om een voetschimmel snel te behandelen omdat deze pijnlijk en besmettelijk is. De meeste voetschimmels zijn oppervlakkig en kunnen met succes behandeld worden met een\",\"breadcrumb\":{\"@id\":\"https:\/\/www.mycosan.com\/lt\/atleto-peda\/athletes-foot-treatment\/#breadcrumb\"},\"inLanguage\":\"lt-LT\",\"potentialAction\":[{\"@type\":\"ReadAction\",\"target\":[\"https:\/\/www.mycosan.com\/lt\/atleto-peda\/athletes-foot-treatment\/\"]}]},{\"@type\":\"BreadcrumbList\",\"@id\":\"https:\/\/www.mycosan.com\/lt\/atleto-peda\/athletes-foot-treatment\/#breadcrumb\",\"itemListElement\":[{\"@type\":\"ListItem\",\"position\":1,\"name\":\"Home\",\"item\":\"https:\/\/www.mycosan.com\/lt\/\"},{\"@type\":\"ListItem\",\"position\":2,\"name\":\"\u201eAtleto p\u0117da\u201c\",\"item\":\"https:\/\/www.mycosan.com\/lt\/atleto-peda\/\"},{\"@type\":\"ListItem\",\"position\":3,\"name\":\"\u201eAtleto p\u00e9dos\u201c gydymas\"}]},{\"@type\":\"WebSite\",\"@id\":\"https:\/\/www.mycosan.com\/lt\/#website\",\"url\":\"https:\/\/www.mycosan.com\/lt\/\",\"name\":\"Mycosan Lietuva\",\"description\":\"\",\"potentialAction\":[{\"@type\":\"SearchAction\",\"target\":{\"@type\":\"EntryPoint\",\"urlTemplate\":\"https:\/\/www.mycosan.com\/lt\/?s={search_term_string}\"},\"query-input\":{\"@type\":\"PropertyValueSpecification\",\"valueRequired\":true,\"valueName\":\"search_term_string\"}}],\"inLanguage\":\"lt-LT\"}]}<\/script>\n<!-- \/ Yoast SEO plugin. -->","yoast_head_json":{"title":"Hoe behandel ik een voetschimmel? - Mycosan","description":"Het is belangrijk om een voetschimmel snel te behandelen omdat deze pijnlijk en besmettelijk is. De meeste voetschimmels zijn oppervlakkig en kunnen met succes behandeld worden met een","robots":{"index":"index","follow":"follow","max-snippet":"max-snippet:-1","max-image-preview":"max-image-preview:large","max-video-preview":"max-video-preview:-1"},"canonical":"https:\/\/www.mycosan.com\/lt\/atleto-peda\/athletes-foot-treatment\/","og_locale":"lt_LT","og_type":"article","og_title":"Hoe behandel ik een voetschimmel? - Mycosan","og_description":"Het is belangrijk om een voetschimmel snel te behandelen omdat deze pijnlijk en besmettelijk is. De meeste voetschimmels zijn oppervlakkig en kunnen met succes behandeld worden met een","og_url":"https:\/\/www.mycosan.com\/lt\/atleto-peda\/athletes-foot-treatment\/","og_site_name":"Mycosan Lietuva","article_modified_time":"2018-11-05T12:52:09+00:00","twitter_misc":{"Est. reading time":"3 minutes"},"schema":{"@context":"https:\/\/schema.org","@graph":[{"@type":"WebPage","@id":"https:\/\/www.mycosan.com\/lt\/atleto-peda\/athletes-foot-treatment\/","url":"https:\/\/www.mycosan.com\/lt\/atleto-peda\/athletes-foot-treatment\/","name":"Hoe behandel ik een voetschimmel? - Mycosan","isPartOf":{"@id":"https:\/\/www.mycosan.com\/lt\/#website"},"datePublished":"2015-01-08T14:38:48+00:00","dateModified":"2018-11-05T12:52:09+00:00","description":"Het is belangrijk om een voetschimmel snel te behandelen omdat deze pijnlijk en besmettelijk is. De meeste voetschimmels zijn oppervlakkig en kunnen met succes behandeld worden met een","breadcrumb":{"@id":"https:\/\/www.mycosan.com\/lt\/atleto-peda\/athletes-foot-treatment\/#breadcrumb"},"inLanguage":"lt-LT","potentialAction":[{"@type":"ReadAction","target":["https:\/\/www.mycosan.com\/lt\/atleto-peda\/athletes-foot-treatment\/"]}]},{"@type":"BreadcrumbList","@id":"https:\/\/www.mycosan.com\/lt\/atleto-peda\/athletes-foot-treatment\/#breadcrumb","itemListElement":[{"@type":"ListItem","position":1,"name":"Home","item":"https:\/\/www.mycosan.com\/lt\/"},{"@type":"ListItem","position":2,"name":"\u201eAtleto p\u0117da\u201c","item":"https:\/\/www.mycosan.com\/lt\/atleto-peda\/"},{"@type":"ListItem","position":3,"name":"\u201eAtleto p\u00e9dos\u201c gydymas"}]},{"@type":"WebSite","@id":"https:\/\/www.mycosan.com\/lt\/#website","url":"https:\/\/www.mycosan.com\/lt\/","name":"Mycosan Lietuva","description":"","potentialAction":[{"@type":"SearchAction","target":{"@type":"EntryPoint","urlTemplate":"https:\/\/www.mycosan.com\/lt\/?s={search_term_string}"},"query-input":{"@type":"PropertyValueSpecification","valueRequired":true,"valueName":"search_term_string"}}],"inLanguage":"lt-LT"}]}},"_links":{"self":[{"href":"https:\/\/www.mycosan.com\/lt\/wp-json\/wp\/v2\/pages\/8598","targetHints":{"allow":["GET"]}}],"collection":[{"href":"https:\/\/www.mycosan.com\/lt\/wp-json\/wp\/v2\/pages"}],"about":[{"href":"https:\/\/www.mycosan.com\/lt\/wp-json\/wp\/v2\/types\/page"}],"author":[{"embeddable":true,"href":"https:\/\/www.mycosan.com\/lt\/wp-json\/wp\/v2\/users\/1"}],"replies":[{"embeddable":true,"href":"https:\/\/www.mycosan.com\/lt\/wp-json\/wp\/v2\/comments?post=8598"}],"version-history":[{"count":0,"href":"https:\/\/www.mycosan.com\/lt\/wp-json\/wp\/v2\/pages\/8598\/revisions"}],"up":[{"embeddable":true,"href":"https:\/\/www.mycosan.com\/lt\/wp-json\/wp\/v2\/pages\/8603"}],"wp:attachment":[{"href":"https:\/\/www.mycosan.com\/lt\/wp-json\/wp\/v2\/media?parent=8598"}],"wp:term":[{"taxonomy":"page_type","embeddable":true,"href":"https:\/\/www.mycosan.com\/lt\/wp-json\/wp\/v2\/page_type?post=8598"}],"curies":[{"name":"wp","href":"https:\/\/api.w.org\/{rel}","templated":true}]}}