{"id":8597,"date":"2015-01-08T15:37:00","date_gmt":"2015-01-08T14:37:00","guid":{"rendered":"https:\/\/www.mycosan.com\/lt\/test\/?page_id=3999"},"modified":"2018-10-30T14:14:35","modified_gmt":"2018-10-30T13:14:35","slug":"kaip-galima-uzsikresti-atleto-peda","status":"publish","type":"page","link":"https:\/\/www.mycosan.com\/lt\/atleto-peda\/kaip-galima-uzsikresti-atleto-peda\/","title":{"rendered":"Kaip galima u\u017esikr\u0117sti \u201eatleto p\u0117da\u201c?"},"content":{"rendered":"<div  class='flex_column av-av_one_fourth-2a9015ff38129c418a3f2eafba3e9512 av_one_fourth  avia-builder-el-0  el_before_av_three_fourth  avia-builder-el-first  first flex_column_div  '     ><style type=\"text\/css\" data-created_by=\"avia_inline_auto\" id=\"style-css-av-av_image-0b4f0316d937fef7db9879081b315788\">\n.avia-image-container.av-av_image-0b4f0316d937fef7db9879081b315788 img.avia_image{\nbox-shadow:none;\n}\n.avia-image-container.av-av_image-0b4f0316d937fef7db9879081b315788 .av-image-caption-overlay-center{\ncolor:#ffffff;\n}\n<\/style>\n<div  class='avia-image-container av-av_image-0b4f0316d937fef7db9879081b315788 av-styling- avia-align-center  avia-builder-el-1  avia-builder-el-no-sibling '   itemprop=\"image\" itemscope=\"itemscope\" itemtype=\"https:\/\/schema.org\/ImageObject\" ><div class=\"avia-image-container-inner\"><div class=\"avia-image-overlay-wrap\"><img decoding=\"async\" fetchpriority=\"high\" class='wp-image-4990 avia-img-lazy-loading-not-4990 avia_image ' src=\"https:\/\/www.mycosan.com\/lt\/files\/2015\/01\/Mycosan_Situaties_voeten.jpg\" alt='Hoe krijg ik kalknagel of voetschimmel?' title='Mycosan_Situaties_voeten'  height=\"992\" width=\"338\"  itemprop=\"thumbnailUrl\" srcset=\"https:\/\/www.mycosan.com\/lt\/files\/2015\/01\/Mycosan_Situaties_voeten.jpg 338w, https:\/\/www.mycosan.com\/lt\/files\/2015\/01\/Mycosan_Situaties_voeten-102x300.jpg 102w, https:\/\/www.mycosan.com\/lt\/files\/2015\/01\/Mycosan_Situaties_voeten-250x734.jpg 250w\" sizes=\"(max-width: 338px) 100vw, 338px\" \/><\/div><\/div><\/div><\/div>\n\n<style type=\"text\/css\" data-created_by=\"avia_inline_auto\" id=\"style-css-av-av_three_fourth-9c1d454dc06f7247226bc4e8f931daae\">\n.flex_column.av-av_three_fourth-9c1d454dc06f7247226bc4e8f931daae{\nborder-radius:0px 0px 0px 0px;\npadding:0px 0px 0px 0px;\n}\n<\/style>\n<div  class='flex_column av-av_three_fourth-9c1d454dc06f7247226bc4e8f931daae av_three_fourth  avia-builder-el-2  el_after_av_one_fourth  el_before_av_section  avia-builder-el-last  flex_column_div av-zero-column-padding  '     ><section  class='av_textblock_section av-av_textblock-0366cc7376be6c9e82a3e9cc8987b64f '   itemscope=\"itemscope\" itemtype=\"https:\/\/schema.org\/CreativeWork\" ><div class='avia_textblock'  itemprop=\"text\" ><h1>KAIP U\u017dSIKRE\u010cIAMA \u201eATLETO P\u0116DA\u201c \u2013 GRYBELINE P\u0116D\u0172 ODOS INFEKCIJA?<\/h1>\n<\/div><\/section><br \/>\n<div  class='hr av-av_hr-dcd2069817a0e3d34ae04cad8f3443c7 hr-default  avia-builder-el-4  el_after_av_textblock  el_before_av_textblock '><span class='hr-inner '><span class=\"hr-inner-style\"><\/span><\/span><\/div><br \/>\n<section  class='av_textblock_section av-av_textblock-0366cc7376be6c9e82a3e9cc8987b64f '   itemscope=\"itemscope\" itemtype=\"https:\/\/schema.org\/CreativeWork\" ><div class='avia_textblock'  itemprop=\"text\" ><h4>\u201e<u>Atleto p\u0117da<\/u>\u201c u\u017esikre\u010diama \u012fvairiai.<\/h4>\n<h5>Ypa\u010d da\u017enai u\u017esikre\u010diama ten, kur dr\u0117gna ir \u0161ilta, kur paliekamuose p\u0117dsakuose lengvai ima augti <strong><u>grybeliai<\/u><\/strong>.<\/h5>\n<p>\u012eprastos grybelin\u0117s infekcijos atsiradimo prie\u017eastys:<\/p>\n<ul>\n<li>Plaukiojant ar maudantis po du\u0161u oda su\u0161lampa, tod\u0117l tampa ma\u017eiau atspari infekcijai.<\/li>\n<li>Grybelio atsiradim\u0105 skatina koj\u0173 prakaitas, prastai orui pralaid\u016bs batai ir kojin\u0117s.<\/li>\n<\/ul>\n<h4>Kam gresia didesnis pavojus u\u017esikr\u0117sti grybeline p\u0117d\u0173 odos infekcija?<\/h4>\n<ul>\n<li>\u017dmon\u0117ms, kurie jau yra sirg\u0119 \u201eatleto p\u0117da\u201c<\/li>\n<li>\u017dmon\u0117ms, kurie serga <strong><u>nag\u0173 grybeliu<\/u><\/strong><\/li>\n<li>\u017dmon\u0117ms, kurie lankosi vie\u0161osiose vietose, pavyzd\u017eiui, baseinuose, bendrojo naudojimo du\u0161uose ir saunose<\/li>\n<li>Asmenims, kuri\u0173 odos pH pakit\u0119s<\/li>\n<li>\u017dmon\u0117ms, kurie nepakankamai nusausina p\u0117das<\/li>\n<li>\u017dmon\u0117ms, kuri\u0173 imunin\u0117 sistema yra nusilpusi<\/li>\n<li>\u017dmon\u0117ms, kurie gyvena su \u0161eimos nariais, sergan\u010diais \u201eatleto p\u0117da\u201c<\/li>\n<\/ul>\n<p><a href=\"https:\/\/www.eurovaistine.lt\/paieska\/rezultatai?q=mycosan\">https:\/\/www.eurovaistine.lt\/paieska\/rezultatai?q=mycosan<\/a><\/p>\n<\/div><\/section><\/p><\/div><\/div><\/div><\/div><!-- close content main div --><\/div><\/div><div id='content_bottom'  class='avia-section av-av_section-8390100c99685c1552fd8c8d7ceec6b5 main_color avia-section-default avia-shadow  avia-builder-el-6  el_after_av_three_fourth  avia-builder-el-last  avia-bg-style-scroll container_wrap sidebar_right'  ><div class='container av-section-cont-open' ><div class='template-page content  av-content-small alpha units'><div class='post-entry post-entry-type-page post-entry-8597'><div class='entry-content-wrapper clearfix'>\n<div  class='flex_column av-av_two_third-2a9015ff38129c418a3f2eafba3e9512 av_two_third  avia-builder-el-7  el_before_av_one_third  avia-builder-el-first  first flex_column_div  '     ><p>\n<style type=\"text\/css\" data-created_by=\"avia_inline_auto\" id=\"style-css-av-av_heading-8d3372664c7a25679f710ed3bc1c532e\">\n#top .av-special-heading.av-av_heading-8d3372664c7a25679f710ed3bc1c532e{\npadding-bottom:10px;\ncolor:#56327f;\n}\nbody .av-special-heading.av-av_heading-8d3372664c7a25679f710ed3bc1c532e .av-special-heading-tag .heading-char{\nfont-size:25px;\n}\n.av-special-heading.av-av_heading-8d3372664c7a25679f710ed3bc1c532e .special-heading-inner-border{\nborder-color:#56327f;\n}\n.av-special-heading.av-av_heading-8d3372664c7a25679f710ed3bc1c532e .av-subheading{\nfont-size:15px;\n}\n<\/style>\n<div  class='av-special-heading av-av_heading-8d3372664c7a25679f710ed3bc1c532e av-special-heading-h3 custom-color-heading blockquote modern-quote modern-centered  avia-builder-el-8  el_before_av_sidebar  avia-builder-el-first '><h3 class='av-special-heading-tag '  itemprop=\"headline\"  >MYCOSAN PRODUKTAI<\/h3><div class=\"special-heading-border\"><div class=\"special-heading-inner-border\"><\/div><\/div><\/div><br \/>\n<div  class='avia-builder-widget-area clearfix  avia-builder-el-9  el_after_av_heading  el_before_av_sidebar '><div id=\"simpleimage-7\" class=\"widget clearfix widget_simpleimage\">\n\n\t<p class=\"simple-image\">\n\t\t<a href=\"\/\/www.mycosan.com\/lt\/priemones\/mycosan-fungal-nail\/\"><img loading=\"lazy\" decoding=\"async\" width=\"140\" height=\"300\" src=\"https:\/\/www.mycosan.com\/lt\/files\/2015\/08\/MycosanEN_Packshots5ML_widget-140x300.png\" class=\"attachment-medium size-medium\" alt=\"\" \/><\/a>\t<\/p>\n\n<h4>\u201eMYCOSAN FUNGAL NAIL\u201c GYDOMASIS RINKINYS<\/h4>\n<p>Akivaizd\u016bs rezultatai po 2 savai\u010di\u0173*!<\/p>\n<div class=\"avia-button-wrap avia-button-left avia-builder-el-17 el_before_av_button avia-builder-el-first \"><a class=\"avia-button avia-icon_select-no avia-color-blue avia-size-small avia-position-left \" href=\"\/\/www.mycosan.com\/lt\/priemones\/mycosan-fungal-nail\/\"><span class=\"avia_iconbox_title\">Informacija apie priemon\u0117<\/span><br \/>\n<\/a><\/div>\n\n<\/div><\/div><br \/>\n<div  class='avia-builder-widget-area clearfix  avia-builder-el-10  el_after_av_sidebar  avia-builder-el-last '><div id=\"simpleimage-5\" class=\"widget clearfix widget_simpleimage\">\n\n\t<p class=\"simple-image\">\n\t\t<a href=\"\/\/www.mycosan.com\/lt\/priemones\/mycosan-protect\/\"><img loading=\"lazy\" decoding=\"async\" width=\"300\" height=\"295\" src=\"https:\/\/www.mycosan.com\/lt\/files\/2015\/01\/Mycoson-ProtectFoam_EG_20160114-300x295.png\" class=\"attachment-medium size-medium\" alt=\"\" srcset=\"https:\/\/www.mycosan.com\/lt\/files\/2015\/01\/Mycoson-ProtectFoam_EG_20160114-300x295.png 300w, https:\/\/www.mycosan.com\/lt\/files\/2015\/01\/Mycoson-ProtectFoam_EG_20160114-80x80.png 80w, https:\/\/www.mycosan.com\/lt\/files\/2015\/01\/Mycoson-ProtectFoam_EG_20160114-768x754.png 768w, https:\/\/www.mycosan.com\/lt\/files\/2015\/01\/Mycoson-ProtectFoam_EG_20160114-1030x1012.png 1030w, https:\/\/www.mycosan.com\/lt\/files\/2015\/01\/Mycoson-ProtectFoam_EG_20160114-600x589.png 600w, https:\/\/www.mycosan.com\/lt\/files\/2015\/01\/Mycoson-ProtectFoam_EG_20160114-36x36.png 36w, https:\/\/www.mycosan.com\/lt\/files\/2015\/01\/Mycoson-ProtectFoam_EG_20160114-1500x1473.png 1500w, https:\/\/www.mycosan.com\/lt\/files\/2015\/01\/Mycoson-ProtectFoam_EG_20160114-705x692.png 705w, https:\/\/www.mycosan.com\/lt\/files\/2015\/01\/Mycoson-ProtectFoam_EG_20160114-450x442.png 450w\" sizes=\"auto, (max-width: 300px) 100vw, 300px\" \/><\/a>\t<\/p>\n\n<h4>\u201eMYCOSAN PROTECT\u201c<\/h4>\n<p>\u201eMycosan Protect\u201c apgaub\u0119s p\u0117d\u0105 apsaugine pl\u0117vele, saugo j\u0105 nuo grybelin\u0117s infekcijos. <\/p>\n<div class=\"avia-button-wrap avia-button-left avia-builder-el-17 el_before_av_button avia-builder-el-first \"><a class=\"avia-button avia-icon_select-no avia-color-blue avia-size-small avia-position-left \" href=\"\/\/www.mycosan.com\/lt\/priemones\/mycosan-protect\/\"><span class=\"avia_iconbox_title\">Informacija apie priemon\u0117<\/span><br \/>\n<\/a><\/div>\n\n<\/div><\/div><\/p><\/div>\n<style type=\"text\/css\" data-created_by=\"avia_inline_auto\" id=\"style-css-av-av_one_third-9c1d454dc06f7247226bc4e8f931daae\">\n.flex_column.av-av_one_third-9c1d454dc06f7247226bc4e8f931daae{\nborder-radius:0px 0px 0px 0px;\npadding:0px 0px 0px 0px;\n}\n<\/style>\n<div  class='flex_column av-av_one_third-9c1d454dc06f7247226bc4e8f931daae av_one_third  avia-builder-el-11  el_after_av_two_third  avia-builder-el-last  flex_column_div av-zero-column-padding  '     ><div  class='avia-builder-widget-area clearfix  avia-builder-el-12  avia-builder-el-no-sibling '><div id=\"text-9\" class=\"widget clearfix widget_text\">\t\t\t<div class=\"textwidget\"><div id=\"stralend\">\r\n<h4>Patarimai, kaip i\u0161saugoti sveikas p\u0117das<\/h4>\r\n\r\n<hr \/>\r\n\r\nReguliariai tikrinkite savo p\u0117das ir atkreipkite d\u0117mes\u012f \u012f nag\u0173 ir odos spalvos, strukt\u016bros bei i\u0161vaizdos poky\u010dius.<br><br>\r\n\r\n<div  class='avia-button-wrap av-av_button-56e886ace6a35b872186564445806507-wrap avia-button-left '>\n<style type=\"text\/css\" data-created_by=\"avia_inline_auto\" id=\"style-css-av-av_button-56e886ace6a35b872186564445806507\">\n#top #wrap_all .avia-button.av-av_button-56e886ace6a35b872186564445806507{\nbackground-color:#009fe3;\nborder-color:#009fe3;\ncolor:#ffffff;\ntransition:all 0.4s ease-in-out;\n}\n#top #wrap_all .avia-button.av-av_button-56e886ace6a35b872186564445806507 .avia-svg-icon svg:first-child{\nfill:#ffffff;\nstroke:#ffffff;\n}\n<\/style>\n<a href='\/\/www.mycosan.com\/lt\/patarimai\/rupinkites-savo-pedomis\/'  class='avia-button av-av_button-56e886ace6a35b872186564445806507 av-link-btn avia-icon_select-no avia-size-medium avia-position-left'   aria-label=\"Daugiau patarim\u0173\"><span class='avia_iconbox_title' >Daugiau patarim\u0173<\/span><\/a><\/div>\r\n<\/div><\/div>\n\t\t<\/div><\/div><\/div>\n<\/div><\/div><\/div><!-- close content main div --><\/div><\/div><div id='after_section_1'  class='main_color av_default_container_wrap container_wrap sidebar_right'  ><div class='container av-section-cont-open' ><div class='template-page content  av-content-small alpha units'><div class='post-entry post-entry-type-page post-entry-8597'><div class='entry-content-wrapper clearfix'><\/p>\n","protected":false},"excerpt":{"rendered":"","protected":false},"author":1,"featured_media":0,"parent":8603,"menu_order":2,"comment_status":"open","ping_status":"closed","template":"","meta":{"_acf_changed":false,"footnotes":""},"page_type":[],"class_list":["post-8597","page","type-page","status-publish","hentry"],"acf":[],"yoast_head":"<!-- This site is optimized with the Yoast SEO plugin v26.9 - https:\/\/yoast.com\/product\/yoast-seo-wordpress\/ -->\n<title>Hoe krijg ik een voetschimmel? - Mycosan<\/title>\n<meta name=\"description\" content=\"Het oplopen van voetschimmel gebeurt vaak in een vochtige, warme omgeving omdat sporen hier gemakkelijk uitgroeien. Veelvoorkomende oorzaken zijn bijvoorbeeld\" \/>\n<meta name=\"robots\" content=\"index, follow, max-snippet:-1, max-image-preview:large, max-video-preview:-1\" \/>\n<link rel=\"canonical\" href=\"https:\/\/www.mycosan.com\/lt\/atleto-peda\/kaip-galima-uzsikresti-atleto-peda\/\" \/>\n<meta property=\"og:locale\" content=\"lt_LT\" \/>\n<meta property=\"og:type\" content=\"article\" \/>\n<meta property=\"og:title\" content=\"Hoe krijg ik een voetschimmel? - Mycosan\" \/>\n<meta property=\"og:description\" content=\"Het oplopen van voetschimmel gebeurt vaak in een vochtige, warme omgeving omdat sporen hier gemakkelijk uitgroeien. Veelvoorkomende oorzaken zijn bijvoorbeeld\" \/>\n<meta property=\"og:url\" content=\"https:\/\/www.mycosan.com\/lt\/atleto-peda\/kaip-galima-uzsikresti-atleto-peda\/\" \/>\n<meta property=\"og:site_name\" content=\"Mycosan Lietuva\" \/>\n<meta property=\"article:modified_time\" content=\"2018-10-30T13:14:35+00:00\" \/>\n<meta name=\"twitter:label1\" content=\"Est. reading time\" \/>\n\t<meta name=\"twitter:data1\" content=\"2 minutes\" \/>\n<script type=\"application\/ld+json\" class=\"yoast-schema-graph\">{\"@context\":\"https:\/\/schema.org\",\"@graph\":[{\"@type\":\"WebPage\",\"@id\":\"https:\/\/www.mycosan.com\/lt\/atleto-peda\/kaip-galima-uzsikresti-atleto-peda\/\",\"url\":\"https:\/\/www.mycosan.com\/lt\/atleto-peda\/kaip-galima-uzsikresti-atleto-peda\/\",\"name\":\"Hoe krijg ik een voetschimmel? - Mycosan\",\"isPartOf\":{\"@id\":\"https:\/\/www.mycosan.com\/lt\/#website\"},\"datePublished\":\"2015-01-08T14:37:00+00:00\",\"dateModified\":\"2018-10-30T13:14:35+00:00\",\"description\":\"Het oplopen van voetschimmel gebeurt vaak in een vochtige, warme omgeving omdat sporen hier gemakkelijk uitgroeien. Veelvoorkomende oorzaken zijn bijvoorbeeld\",\"breadcrumb\":{\"@id\":\"https:\/\/www.mycosan.com\/lt\/atleto-peda\/kaip-galima-uzsikresti-atleto-peda\/#breadcrumb\"},\"inLanguage\":\"lt-LT\",\"potentialAction\":[{\"@type\":\"ReadAction\",\"target\":[\"https:\/\/www.mycosan.com\/lt\/atleto-peda\/kaip-galima-uzsikresti-atleto-peda\/\"]}]},{\"@type\":\"BreadcrumbList\",\"@id\":\"https:\/\/www.mycosan.com\/lt\/atleto-peda\/kaip-galima-uzsikresti-atleto-peda\/#breadcrumb\",\"itemListElement\":[{\"@type\":\"ListItem\",\"position\":1,\"name\":\"Home\",\"item\":\"https:\/\/www.mycosan.com\/lt\/\"},{\"@type\":\"ListItem\",\"position\":2,\"name\":\"\u201eAtleto p\u0117da\u201c\",\"item\":\"https:\/\/www.mycosan.com\/lt\/atleto-peda\/\"},{\"@type\":\"ListItem\",\"position\":3,\"name\":\"Kaip galima u\u017esikr\u0117sti \u201eatleto p\u0117da\u201c?\"}]},{\"@type\":\"WebSite\",\"@id\":\"https:\/\/www.mycosan.com\/lt\/#website\",\"url\":\"https:\/\/www.mycosan.com\/lt\/\",\"name\":\"Mycosan Lietuva\",\"description\":\"\",\"potentialAction\":[{\"@type\":\"SearchAction\",\"target\":{\"@type\":\"EntryPoint\",\"urlTemplate\":\"https:\/\/www.mycosan.com\/lt\/?s={search_term_string}\"},\"query-input\":{\"@type\":\"PropertyValueSpecification\",\"valueRequired\":true,\"valueName\":\"search_term_string\"}}],\"inLanguage\":\"lt-LT\"}]}<\/script>\n<!-- \/ Yoast SEO plugin. -->","yoast_head_json":{"title":"Hoe krijg ik een voetschimmel? - Mycosan","description":"Het oplopen van voetschimmel gebeurt vaak in een vochtige, warme omgeving omdat sporen hier gemakkelijk uitgroeien. Veelvoorkomende oorzaken zijn bijvoorbeeld","robots":{"index":"index","follow":"follow","max-snippet":"max-snippet:-1","max-image-preview":"max-image-preview:large","max-video-preview":"max-video-preview:-1"},"canonical":"https:\/\/www.mycosan.com\/lt\/atleto-peda\/kaip-galima-uzsikresti-atleto-peda\/","og_locale":"lt_LT","og_type":"article","og_title":"Hoe krijg ik een voetschimmel? - Mycosan","og_description":"Het oplopen van voetschimmel gebeurt vaak in een vochtige, warme omgeving omdat sporen hier gemakkelijk uitgroeien. Veelvoorkomende oorzaken zijn bijvoorbeeld","og_url":"https:\/\/www.mycosan.com\/lt\/atleto-peda\/kaip-galima-uzsikresti-atleto-peda\/","og_site_name":"Mycosan Lietuva","article_modified_time":"2018-10-30T13:14:35+00:00","twitter_misc":{"Est. reading time":"2 minutes"},"schema":{"@context":"https:\/\/schema.org","@graph":[{"@type":"WebPage","@id":"https:\/\/www.mycosan.com\/lt\/atleto-peda\/kaip-galima-uzsikresti-atleto-peda\/","url":"https:\/\/www.mycosan.com\/lt\/atleto-peda\/kaip-galima-uzsikresti-atleto-peda\/","name":"Hoe krijg ik een voetschimmel? - Mycosan","isPartOf":{"@id":"https:\/\/www.mycosan.com\/lt\/#website"},"datePublished":"2015-01-08T14:37:00+00:00","dateModified":"2018-10-30T13:14:35+00:00","description":"Het oplopen van voetschimmel gebeurt vaak in een vochtige, warme omgeving omdat sporen hier gemakkelijk uitgroeien. Veelvoorkomende oorzaken zijn bijvoorbeeld","breadcrumb":{"@id":"https:\/\/www.mycosan.com\/lt\/atleto-peda\/kaip-galima-uzsikresti-atleto-peda\/#breadcrumb"},"inLanguage":"lt-LT","potentialAction":[{"@type":"ReadAction","target":["https:\/\/www.mycosan.com\/lt\/atleto-peda\/kaip-galima-uzsikresti-atleto-peda\/"]}]},{"@type":"BreadcrumbList","@id":"https:\/\/www.mycosan.com\/lt\/atleto-peda\/kaip-galima-uzsikresti-atleto-peda\/#breadcrumb","itemListElement":[{"@type":"ListItem","position":1,"name":"Home","item":"https:\/\/www.mycosan.com\/lt\/"},{"@type":"ListItem","position":2,"name":"\u201eAtleto p\u0117da\u201c","item":"https:\/\/www.mycosan.com\/lt\/atleto-peda\/"},{"@type":"ListItem","position":3,"name":"Kaip galima u\u017esikr\u0117sti \u201eatleto p\u0117da\u201c?"}]},{"@type":"WebSite","@id":"https:\/\/www.mycosan.com\/lt\/#website","url":"https:\/\/www.mycosan.com\/lt\/","name":"Mycosan Lietuva","description":"","potentialAction":[{"@type":"SearchAction","target":{"@type":"EntryPoint","urlTemplate":"https:\/\/www.mycosan.com\/lt\/?s={search_term_string}"},"query-input":{"@type":"PropertyValueSpecification","valueRequired":true,"valueName":"search_term_string"}}],"inLanguage":"lt-LT"}]}},"_links":{"self":[{"href":"https:\/\/www.mycosan.com\/lt\/wp-json\/wp\/v2\/pages\/8597","targetHints":{"allow":["GET"]}}],"collection":[{"href":"https:\/\/www.mycosan.com\/lt\/wp-json\/wp\/v2\/pages"}],"about":[{"href":"https:\/\/www.mycosan.com\/lt\/wp-json\/wp\/v2\/types\/page"}],"author":[{"embeddable":true,"href":"https:\/\/www.mycosan.com\/lt\/wp-json\/wp\/v2\/users\/1"}],"replies":[{"embeddable":true,"href":"https:\/\/www.mycosan.com\/lt\/wp-json\/wp\/v2\/comments?post=8597"}],"version-history":[{"count":0,"href":"https:\/\/www.mycosan.com\/lt\/wp-json\/wp\/v2\/pages\/8597\/revisions"}],"up":[{"embeddable":true,"href":"https:\/\/www.mycosan.com\/lt\/wp-json\/wp\/v2\/pages\/8603"}],"wp:attachment":[{"href":"https:\/\/www.mycosan.com\/lt\/wp-json\/wp\/v2\/media?parent=8597"}],"wp:term":[{"taxonomy":"page_type","embeddable":true,"href":"https:\/\/www.mycosan.com\/lt\/wp-json\/wp\/v2\/page_type?post=8597"}],"curies":[{"name":"wp","href":"https:\/\/api.w.org\/{rel}","templated":true}]}}