{"id":8594,"date":"2015-01-08T15:34:09","date_gmt":"2015-01-08T14:34:09","guid":{"rendered":"https:\/\/www.mycosan.com\/lt\/test\/?page_id=3991"},"modified":"2018-08-22T09:30:12","modified_gmt":"2018-08-22T08:30:12","slug":"gydymo-budai","status":"publish","type":"page","link":"https:\/\/www.mycosan.com\/lt\/nagu-grybelis\/gydymo-budai\/","title":{"rendered":"Gydymo b\u016bdai"},"content":{"rendered":"<div  class='flex_column av-av_one_fourth-2a9015ff38129c418a3f2eafba3e9512 av_one_fourth  avia-builder-el-0  el_before_av_three_fourth  avia-builder-el-first  first flex_column_div  '     ><style type=\"text\/css\" data-created_by=\"avia_inline_auto\" id=\"style-css-av-av_image-46cd18deda5f744ff6ee2c8f8c28231b\">\n.avia-image-container.av-av_image-46cd18deda5f744ff6ee2c8f8c28231b img.avia_image{\nbox-shadow:none;\n}\n.avia-image-container.av-av_image-46cd18deda5f744ff6ee2c8f8c28231b .av-image-caption-overlay-center{\ncolor:#ffffff;\n}\n<\/style>\n<div  class='avia-image-container av-av_image-46cd18deda5f744ff6ee2c8f8c28231b av-styling- avia-align-center  avia-builder-el-1  avia-builder-el-no-sibling '   itemprop=\"image\" itemscope=\"itemscope\" itemtype=\"https:\/\/schema.org\/ImageObject\" ><div class=\"avia-image-container-inner\"><div class=\"avia-image-overlay-wrap\"><img decoding=\"async\" fetchpriority=\"high\" class='wp-image-5488 avia-img-lazy-loading-not-5488 avia_image ' src=\"https:\/\/www.mycosan.com\/lt\/files\/2015\/01\/Behandelmethoden1.jpg\" alt='Behandelen kalknagel' title='Behandelmethoden'  height=\"708\" width=\"338\"  itemprop=\"thumbnailUrl\" srcset=\"https:\/\/www.mycosan.com\/lt\/files\/2015\/01\/Behandelmethoden1.jpg 338w, https:\/\/www.mycosan.com\/lt\/files\/2015\/01\/Behandelmethoden1-143x300.jpg 143w, https:\/\/www.mycosan.com\/lt\/files\/2015\/01\/Behandelmethoden1-250x524.jpg 250w\" sizes=\"(max-width: 338px) 100vw, 338px\" \/><\/div><\/div><\/div><\/div>\n\n<style type=\"text\/css\" data-created_by=\"avia_inline_auto\" id=\"style-css-av-av_three_fourth-9c1d454dc06f7247226bc4e8f931daae\">\n.flex_column.av-av_three_fourth-9c1d454dc06f7247226bc4e8f931daae{\nborder-radius:0px 0px 0px 0px;\npadding:0px 0px 0px 0px;\n}\n<\/style>\n<div  class='flex_column av-av_three_fourth-9c1d454dc06f7247226bc4e8f931daae av_three_fourth  avia-builder-el-2  el_after_av_one_fourth  el_before_av_section  avia-builder-el-last  flex_column_div av-zero-column-padding  '     ><section  class='av_textblock_section av-av_textblock-0366cc7376be6c9e82a3e9cc8987b64f '   itemscope=\"itemscope\" itemtype=\"https:\/\/schema.org\/CreativeWork\" ><div class='avia_textblock'  itemprop=\"text\" ><h1>NAG\u0172 GRYBELIO GYDYMO B\u016aDAI<\/h1>\n<\/div><\/section><br \/>\n<div  class='hr av-av_hr-dcd2069817a0e3d34ae04cad8f3443c7 hr-default  avia-builder-el-4  el_after_av_textblock  el_before_av_textblock '><span class='hr-inner '><span class=\"hr-inner-style\"><\/span><\/span><\/div><br \/>\n<section  class='av_textblock_section av-av_textblock-0366cc7376be6c9e82a3e9cc8987b64f '   itemscope=\"itemscope\" itemtype=\"https:\/\/schema.org\/CreativeWork\" ><div class='avia_textblock'  itemprop=\"text\" ><p>Daugel\u012f nesunki\u0173 nag\u0173 lig\u0173 galima ir negydyti, ta\u010diau sud\u0117tingesnes ligas, pavyzd\u017eiui, grybelin\u0119 nag\u0173 infekcij\u0105, b\u016btina tinkamai gydyti. Grybelio pa\u017eeistas nagas pats nei\u0161gis \u2013 j\u012f reikia gydyti! Padid\u0117ja pavojus, kad infekcija i\u0161plis \u012f kitas nago vietas ar p\u0117d\u0173 od\u0105. Grybeline infekcija paprastai u\u017esikre\u010dia kiti \u017emon\u0117s, nes nag\u0173 grybelis \u2013 u\u017ekre\u010diama infekcija.<\/p>\n<p>Nag\u0173 grybelio gydymo b\u016bdus galima sugrupuoti \u012f dvi kategorijas:<\/p>\n<ul>\n<li>Vietinis nesunki\u0173 ir vidutinio sud\u0117tingumo infekcij\u0173 gydymas<\/li>\n<li>Geriamieji vaistai sud\u0117tingesn\u0117ms infekcij\u0173 formoms gydyti<\/li>\n<\/ul>\n<p>Jeigu abejojate, ar sergate nag\u0173 grybeliu, ar ne, patariame kreiptis \u012f bendrosios praktikos gydytoj\u0105. Taip pat patartina \u012f j\u012f kreiptis, jeigu be recepto parduodami vaistai pasirod\u0117 es\u0105 neveiksmingi, net jei juos naudojote taip, kaip nurodyta.<\/p>\n<h5>Vietinis gydymas<\/h5>\n<p>Vietinio (i\u0161vir\u0161inio) gydymo priemoni\u0173 veiksmingumas i\u0161 esm\u0117s pagr\u012fstas intensyviu nag\u0173 tepimu gydomuoju laku. Vieniems vaistams \u012fsigyti reikia recepto, kiti parduodami be jo. Daugum\u0105 i\u0161vir\u0161inio gydymo preparat\u0173 reikia naudoti ilg\u0105 laik\u0105, vis nuvalant ir i\u0161 naujo u\u017etepant. Kai kuri\u0173 rinkoje si\u016blom\u0173 preparat\u0173 sud\u0117tyje esan\u010dios veikliosios med\u017eiagos prasiskverbia \u012f gilesnius nago audinio sluoksnius. Taigi, nag\u0173 grybelis gydomas vietiniu b\u016bdu.<\/p>\n<p><strong> Geriamieji vaistai<\/strong><\/p>\n<p>\u0160i\u0173 vaist\u0173 galima \u012fsigyti tik su receptu. Jie vartojami gydant sud\u0117tingesnes infekcijos formas, kai pa\u017eeistas nago guolis.<\/p>\n<p><strong>Infekcijos atsiradimo ir jos atsinaujinimo pavojus<\/strong><\/p>\n<p>Svarbu t\u0119sti gydym\u0105 tol, kol nagas v\u0117l atrodys visi\u0161kai nepa\u017eeistas ir sveikas. Grybelin\u0117s nag\u0173 infekcijos neretai po gydymo atsinaujina, nes sunaikinami ne visi grybeliai. Nagai auga l\u0117tai, tod\u0117l ilgai u\u017etrunka, kol grybelio pa\u017eeista nago dalis visi\u0161kai nuauga.<\/p>\n<\/div><\/section><\/p><\/div><\/div><\/div><\/div><!-- close content main div --><\/div><\/div><div id='content_bottom'  class='avia-section av-av_section-8390100c99685c1552fd8c8d7ceec6b5 main_color avia-section-default avia-shadow  avia-builder-el-6  el_after_av_three_fourth  avia-builder-el-last  avia-bg-style-scroll container_wrap sidebar_right'  ><div class='container av-section-cont-open' ><div class='template-page content  av-content-small alpha units'><div class='post-entry post-entry-type-page post-entry-8594'><div class='entry-content-wrapper clearfix'>\n<div  class='flex_column av-av_two_third-2a9015ff38129c418a3f2eafba3e9512 av_two_third  avia-builder-el-7  el_before_av_one_third  avia-builder-el-first  first flex_column_div  '     ><p>\n<style type=\"text\/css\" data-created_by=\"avia_inline_auto\" id=\"style-css-av-av_heading-8d3372664c7a25679f710ed3bc1c532e\">\n#top .av-special-heading.av-av_heading-8d3372664c7a25679f710ed3bc1c532e{\npadding-bottom:10px;\ncolor:#56327f;\n}\nbody .av-special-heading.av-av_heading-8d3372664c7a25679f710ed3bc1c532e .av-special-heading-tag .heading-char{\nfont-size:25px;\n}\n.av-special-heading.av-av_heading-8d3372664c7a25679f710ed3bc1c532e .special-heading-inner-border{\nborder-color:#56327f;\n}\n.av-special-heading.av-av_heading-8d3372664c7a25679f710ed3bc1c532e .av-subheading{\nfont-size:15px;\n}\n<\/style>\n<div  class='av-special-heading av-av_heading-8d3372664c7a25679f710ed3bc1c532e av-special-heading-h3 custom-color-heading blockquote modern-quote modern-centered  avia-builder-el-8  el_before_av_sidebar  avia-builder-el-first '><h3 class='av-special-heading-tag '  itemprop=\"headline\"  >MYCOSAN PRODUKTAI<\/h3><div class=\"special-heading-border\"><div class=\"special-heading-inner-border\"><\/div><\/div><\/div><br \/>\n<div  class='avia-builder-widget-area clearfix  avia-builder-el-9  el_after_av_heading  el_before_av_sidebar '><div id=\"simpleimage-7\" class=\"widget clearfix widget_simpleimage\">\n\n\t<p class=\"simple-image\">\n\t\t<a href=\"\/\/www.mycosan.com\/lt\/priemones\/mycosan-fungal-nail\/\"><img loading=\"lazy\" decoding=\"async\" width=\"140\" height=\"300\" src=\"https:\/\/www.mycosan.com\/lt\/files\/2015\/08\/MycosanEN_Packshots5ML_widget-140x300.png\" class=\"attachment-medium size-medium\" alt=\"\" \/><\/a>\t<\/p>\n\n<h4>\u201eMYCOSAN FUNGAL NAIL\u201c GYDOMASIS RINKINYS<\/h4>\n<p>Akivaizd\u016bs rezultatai po 2 savai\u010di\u0173*!<\/p>\n<div class=\"avia-button-wrap avia-button-left avia-builder-el-17 el_before_av_button avia-builder-el-first \"><a class=\"avia-button avia-icon_select-no avia-color-blue avia-size-small avia-position-left \" href=\"\/\/www.mycosan.com\/lt\/priemones\/mycosan-fungal-nail\/\"><span class=\"avia_iconbox_title\">Informacija apie priemon\u0117<\/span><br \/>\n<\/a><\/div>\n\n<\/div><\/div><br \/>\n<div  class='avia-builder-widget-area clearfix  avia-builder-el-10  el_after_av_sidebar  avia-builder-el-last '><div id=\"simpleimage-8\" class=\"widget clearfix widget_simpleimage\">\n\n\t<p class=\"simple-image\">\n\t\t<a href=\"\/\/www.mycosan.com\/lt\/priemones\/mycosan-fungal-nail\/\"><img loading=\"lazy\" decoding=\"async\" width=\"142\" height=\"300\" src=\"https:\/\/www.mycosan.com\/lt\/files\/2015\/08\/MycosanEN_PackshotsXL_widget-142x300.png\" class=\"attachment-medium size-medium\" alt=\"\" \/><\/a>\t<\/p>\n\n<h4>\u201eMycosan Funagl Nail XL\u201c priemon\u0117<\/h4>\n<p>Speciali \u201eMycosan Fungal Nail XL\u201c pakuot\u0117 skirta i\u0161plitusiam nag\u0173 grybeliui gydyti. <\/p>\n<div class=\"avia-button-wrap avia-button-left avia-builder-el-17 el_before_av_button avia-builder-el-first \"><a class=\"avia-button avia-icon_select-no avia-color-blue avia-size-small avia-position-left \" href=\"\/\/www.mycosan.com\/lt\/priemones\/mycosan-fungal-nail\/\"><span class=\"avia_iconbox_title\">Informacija apie priemon\u0117<\/span><br \/>\n<\/a><\/div>\n\n<\/div><\/div><\/p><\/div>\n<style type=\"text\/css\" data-created_by=\"avia_inline_auto\" id=\"style-css-av-av_one_third-9c1d454dc06f7247226bc4e8f931daae\">\n.flex_column.av-av_one_third-9c1d454dc06f7247226bc4e8f931daae{\nborder-radius:0px 0px 0px 0px;\npadding:0px 0px 0px 0px;\n}\n<\/style>\n<div  class='flex_column av-av_one_third-9c1d454dc06f7247226bc4e8f931daae av_one_third  avia-builder-el-11  el_after_av_two_third  avia-builder-el-last  flex_column_div av-zero-column-padding  '     ><div  class='avia-builder-widget-area clearfix  avia-builder-el-12  avia-builder-el-no-sibling '><div id=\"text-9\" class=\"widget clearfix widget_text\">\t\t\t<div class=\"textwidget\"><div id=\"stralend\">\r\n<h4>Patarimai, kaip i\u0161saugoti sveikas p\u0117das<\/h4>\r\n\r\n<hr \/>\r\n\r\nReguliariai tikrinkite savo p\u0117das ir atkreipkite d\u0117mes\u012f \u012f nag\u0173 ir odos spalvos, strukt\u016bros bei i\u0161vaizdos poky\u010dius.<br><br>\r\n\r\n<div  class='avia-button-wrap av-av_button-56e886ace6a35b872186564445806507-wrap avia-button-left '>\n<style type=\"text\/css\" data-created_by=\"avia_inline_auto\" id=\"style-css-av-av_button-56e886ace6a35b872186564445806507\">\n#top #wrap_all .avia-button.av-av_button-56e886ace6a35b872186564445806507{\nbackground-color:#009fe3;\nborder-color:#009fe3;\ncolor:#ffffff;\ntransition:all 0.4s ease-in-out;\n}\n#top #wrap_all .avia-button.av-av_button-56e886ace6a35b872186564445806507 .avia-svg-icon svg:first-child{\nfill:#ffffff;\nstroke:#ffffff;\n}\n<\/style>\n<a href='\/\/www.mycosan.com\/lt\/patarimai\/rupinkites-savo-pedomis\/'  class='avia-button av-av_button-56e886ace6a35b872186564445806507 av-link-btn avia-icon_select-no avia-size-medium avia-position-left'   aria-label=\"Daugiau patarim\u0173\"><span class='avia_iconbox_title' >Daugiau patarim\u0173<\/span><\/a><\/div>\r\n<\/div><\/div>\n\t\t<\/div><\/div><\/div>\n<\/div><\/div><\/div><!-- close content main div --><\/div><\/div><div id='after_section_1'  class='main_color av_default_container_wrap container_wrap sidebar_right'  ><div class='container av-section-cont-open' ><div class='template-page content  av-content-small alpha units'><div class='post-entry post-entry-type-page post-entry-8594'><div class='entry-content-wrapper clearfix'><\/p>\n","protected":false},"excerpt":{"rendered":"","protected":false},"author":1,"featured_media":0,"parent":8590,"menu_order":4,"comment_status":"open","ping_status":"closed","template":"","meta":{"_acf_changed":false,"footnotes":""},"page_type":[],"class_list":["post-8594","page","type-page","status-publish","hentry"],"acf":[],"yoast_head":"<!-- This site is optimized with the Yoast SEO plugin v26.9 - https:\/\/yoast.com\/product\/yoast-seo-wordpress\/ -->\n<title>Hoe kunt u uw kalknagels het beste behandelen? - Mycosan<\/title>\n<meta name=\"description\" content=\"Een kalknagel gaat niet vanzelf over, u zult er iets aan moeten doen! Hoe kunt u uw kalknagels het beste behandelen? Er zijn verschillende behandelmethoden\" \/>\n<meta name=\"robots\" content=\"index, follow, max-snippet:-1, max-image-preview:large, max-video-preview:-1\" \/>\n<link rel=\"canonical\" href=\"https:\/\/www.mycosan.com\/lt\/nagu-grybelis\/gydymo-budai\/\" \/>\n<meta property=\"og:locale\" content=\"lt_LT\" \/>\n<meta property=\"og:type\" content=\"article\" \/>\n<meta property=\"og:title\" content=\"Hoe kunt u uw kalknagels het beste behandelen? - Mycosan\" \/>\n<meta property=\"og:description\" content=\"Een kalknagel gaat niet vanzelf over, u zult er iets aan moeten doen! Hoe kunt u uw kalknagels het beste behandelen? Er zijn verschillende behandelmethoden\" \/>\n<meta property=\"og:url\" content=\"https:\/\/www.mycosan.com\/lt\/nagu-grybelis\/gydymo-budai\/\" \/>\n<meta property=\"og:site_name\" content=\"Mycosan Lietuva\" \/>\n<meta property=\"article:modified_time\" content=\"2018-08-22T08:30:12+00:00\" \/>\n<meta name=\"twitter:label1\" content=\"Est. reading time\" \/>\n\t<meta name=\"twitter:data1\" content=\"3 minutes\" \/>\n<script type=\"application\/ld+json\" class=\"yoast-schema-graph\">{\"@context\":\"https:\/\/schema.org\",\"@graph\":[{\"@type\":\"WebPage\",\"@id\":\"https:\/\/www.mycosan.com\/lt\/nagu-grybelis\/gydymo-budai\/\",\"url\":\"https:\/\/www.mycosan.com\/lt\/nagu-grybelis\/gydymo-budai\/\",\"name\":\"Hoe kunt u uw kalknagels het beste behandelen? - Mycosan\",\"isPartOf\":{\"@id\":\"https:\/\/www.mycosan.com\/lt\/#website\"},\"datePublished\":\"2015-01-08T14:34:09+00:00\",\"dateModified\":\"2018-08-22T08:30:12+00:00\",\"description\":\"Een kalknagel gaat niet vanzelf over, u zult er iets aan moeten doen! Hoe kunt u uw kalknagels het beste behandelen? Er zijn verschillende behandelmethoden\",\"breadcrumb\":{\"@id\":\"https:\/\/www.mycosan.com\/lt\/nagu-grybelis\/gydymo-budai\/#breadcrumb\"},\"inLanguage\":\"lt-LT\",\"potentialAction\":[{\"@type\":\"ReadAction\",\"target\":[\"https:\/\/www.mycosan.com\/lt\/nagu-grybelis\/gydymo-budai\/\"]}]},{\"@type\":\"BreadcrumbList\",\"@id\":\"https:\/\/www.mycosan.com\/lt\/nagu-grybelis\/gydymo-budai\/#breadcrumb\",\"itemListElement\":[{\"@type\":\"ListItem\",\"position\":1,\"name\":\"Home\",\"item\":\"https:\/\/www.mycosan.com\/lt\/\"},{\"@type\":\"ListItem\",\"position\":2,\"name\":\"Nag\u0173 grybelis\",\"item\":\"https:\/\/www.mycosan.com\/lt\/nagu-grybelis\/\"},{\"@type\":\"ListItem\",\"position\":3,\"name\":\"Gydymo b\u016bdai\"}]},{\"@type\":\"WebSite\",\"@id\":\"https:\/\/www.mycosan.com\/lt\/#website\",\"url\":\"https:\/\/www.mycosan.com\/lt\/\",\"name\":\"Mycosan Lietuva\",\"description\":\"\",\"potentialAction\":[{\"@type\":\"SearchAction\",\"target\":{\"@type\":\"EntryPoint\",\"urlTemplate\":\"https:\/\/www.mycosan.com\/lt\/?s={search_term_string}\"},\"query-input\":{\"@type\":\"PropertyValueSpecification\",\"valueRequired\":true,\"valueName\":\"search_term_string\"}}],\"inLanguage\":\"lt-LT\"}]}<\/script>\n<!-- \/ Yoast SEO plugin. -->","yoast_head_json":{"title":"Hoe kunt u uw kalknagels het beste behandelen? - Mycosan","description":"Een kalknagel gaat niet vanzelf over, u zult er iets aan moeten doen! Hoe kunt u uw kalknagels het beste behandelen? Er zijn verschillende behandelmethoden","robots":{"index":"index","follow":"follow","max-snippet":"max-snippet:-1","max-image-preview":"max-image-preview:large","max-video-preview":"max-video-preview:-1"},"canonical":"https:\/\/www.mycosan.com\/lt\/nagu-grybelis\/gydymo-budai\/","og_locale":"lt_LT","og_type":"article","og_title":"Hoe kunt u uw kalknagels het beste behandelen? - Mycosan","og_description":"Een kalknagel gaat niet vanzelf over, u zult er iets aan moeten doen! Hoe kunt u uw kalknagels het beste behandelen? Er zijn verschillende behandelmethoden","og_url":"https:\/\/www.mycosan.com\/lt\/nagu-grybelis\/gydymo-budai\/","og_site_name":"Mycosan Lietuva","article_modified_time":"2018-08-22T08:30:12+00:00","twitter_misc":{"Est. reading time":"3 minutes"},"schema":{"@context":"https:\/\/schema.org","@graph":[{"@type":"WebPage","@id":"https:\/\/www.mycosan.com\/lt\/nagu-grybelis\/gydymo-budai\/","url":"https:\/\/www.mycosan.com\/lt\/nagu-grybelis\/gydymo-budai\/","name":"Hoe kunt u uw kalknagels het beste behandelen? - Mycosan","isPartOf":{"@id":"https:\/\/www.mycosan.com\/lt\/#website"},"datePublished":"2015-01-08T14:34:09+00:00","dateModified":"2018-08-22T08:30:12+00:00","description":"Een kalknagel gaat niet vanzelf over, u zult er iets aan moeten doen! Hoe kunt u uw kalknagels het beste behandelen? Er zijn verschillende behandelmethoden","breadcrumb":{"@id":"https:\/\/www.mycosan.com\/lt\/nagu-grybelis\/gydymo-budai\/#breadcrumb"},"inLanguage":"lt-LT","potentialAction":[{"@type":"ReadAction","target":["https:\/\/www.mycosan.com\/lt\/nagu-grybelis\/gydymo-budai\/"]}]},{"@type":"BreadcrumbList","@id":"https:\/\/www.mycosan.com\/lt\/nagu-grybelis\/gydymo-budai\/#breadcrumb","itemListElement":[{"@type":"ListItem","position":1,"name":"Home","item":"https:\/\/www.mycosan.com\/lt\/"},{"@type":"ListItem","position":2,"name":"Nag\u0173 grybelis","item":"https:\/\/www.mycosan.com\/lt\/nagu-grybelis\/"},{"@type":"ListItem","position":3,"name":"Gydymo b\u016bdai"}]},{"@type":"WebSite","@id":"https:\/\/www.mycosan.com\/lt\/#website","url":"https:\/\/www.mycosan.com\/lt\/","name":"Mycosan Lietuva","description":"","potentialAction":[{"@type":"SearchAction","target":{"@type":"EntryPoint","urlTemplate":"https:\/\/www.mycosan.com\/lt\/?s={search_term_string}"},"query-input":{"@type":"PropertyValueSpecification","valueRequired":true,"valueName":"search_term_string"}}],"inLanguage":"lt-LT"}]}},"_links":{"self":[{"href":"https:\/\/www.mycosan.com\/lt\/wp-json\/wp\/v2\/pages\/8594","targetHints":{"allow":["GET"]}}],"collection":[{"href":"https:\/\/www.mycosan.com\/lt\/wp-json\/wp\/v2\/pages"}],"about":[{"href":"https:\/\/www.mycosan.com\/lt\/wp-json\/wp\/v2\/types\/page"}],"author":[{"embeddable":true,"href":"https:\/\/www.mycosan.com\/lt\/wp-json\/wp\/v2\/users\/1"}],"replies":[{"embeddable":true,"href":"https:\/\/www.mycosan.com\/lt\/wp-json\/wp\/v2\/comments?post=8594"}],"version-history":[{"count":0,"href":"https:\/\/www.mycosan.com\/lt\/wp-json\/wp\/v2\/pages\/8594\/revisions"}],"up":[{"embeddable":true,"href":"https:\/\/www.mycosan.com\/lt\/wp-json\/wp\/v2\/pages\/8590"}],"wp:attachment":[{"href":"https:\/\/www.mycosan.com\/lt\/wp-json\/wp\/v2\/media?parent=8594"}],"wp:term":[{"taxonomy":"page_type","embeddable":true,"href":"https:\/\/www.mycosan.com\/lt\/wp-json\/wp\/v2\/page_type?post=8594"}],"curies":[{"name":"wp","href":"https:\/\/api.w.org\/{rel}","templated":true}]}}