{"id":8592,"date":"2015-01-08T15:32:10","date_gmt":"2015-01-08T14:32:10","guid":{"rendered":"https:\/\/www.mycosan.com\/lt\/test\/?page_id=3987"},"modified":"2018-11-05T13:50:02","modified_gmt":"2018-11-05T12:50:02","slug":"kaip-uzsikreciama-nagu-grybeliu","status":"publish","type":"page","link":"https:\/\/www.mycosan.com\/lt\/nagu-grybelis\/kaip-uzsikreciama-nagu-grybeliu\/","title":{"rendered":"Kaip u\u017esikre\u010diama nag\u0173 grybeliu?"},"content":{"rendered":"<div  class='flex_column av-av_one_fourth-2a9015ff38129c418a3f2eafba3e9512 av_one_fourth  avia-builder-el-0  el_before_av_three_fourth  avia-builder-el-first  first flex_column_div  '     ><style type=\"text\/css\" data-created_by=\"avia_inline_auto\" id=\"style-css-av-av_image-0b4f0316d937fef7db9879081b315788\">\n.avia-image-container.av-av_image-0b4f0316d937fef7db9879081b315788 img.avia_image{\nbox-shadow:none;\n}\n.avia-image-container.av-av_image-0b4f0316d937fef7db9879081b315788 .av-image-caption-overlay-center{\ncolor:#ffffff;\n}\n<\/style>\n<div  class='avia-image-container av-av_image-0b4f0316d937fef7db9879081b315788 av-styling- avia-align-center  avia-builder-el-1  avia-builder-el-no-sibling '   itemprop=\"image\" itemscope=\"itemscope\" itemtype=\"https:\/\/schema.org\/ImageObject\" ><div class=\"avia-image-container-inner\"><div class=\"avia-image-overlay-wrap\"><img decoding=\"async\" fetchpriority=\"high\" class='wp-image-4990 avia-img-lazy-loading-not-4990 avia_image ' src=\"https:\/\/www.mycosan.com\/lt\/files\/2015\/01\/Mycosan_Situaties_voeten.jpg\" alt='Hoe krijg ik kalknagel of voetschimmel?' title='Mycosan_Situaties_voeten'  height=\"992\" width=\"338\"  itemprop=\"thumbnailUrl\" srcset=\"https:\/\/www.mycosan.com\/lt\/files\/2015\/01\/Mycosan_Situaties_voeten.jpg 338w, https:\/\/www.mycosan.com\/lt\/files\/2015\/01\/Mycosan_Situaties_voeten-102x300.jpg 102w, https:\/\/www.mycosan.com\/lt\/files\/2015\/01\/Mycosan_Situaties_voeten-250x734.jpg 250w\" sizes=\"(max-width: 338px) 100vw, 338px\" \/><\/div><\/div><\/div><\/div>\n\n<style type=\"text\/css\" data-created_by=\"avia_inline_auto\" id=\"style-css-av-av_three_fourth-9c1d454dc06f7247226bc4e8f931daae\">\n.flex_column.av-av_three_fourth-9c1d454dc06f7247226bc4e8f931daae{\nborder-radius:0px 0px 0px 0px;\npadding:0px 0px 0px 0px;\n}\n<\/style>\n<div  class='flex_column av-av_three_fourth-9c1d454dc06f7247226bc4e8f931daae av_three_fourth  avia-builder-el-2  el_after_av_one_fourth  el_before_av_section  avia-builder-el-last  flex_column_div av-zero-column-padding  '     ><section  class='av_textblock_section av-av_textblock-0366cc7376be6c9e82a3e9cc8987b64f '   itemscope=\"itemscope\" itemtype=\"https:\/\/schema.org\/CreativeWork\" ><div class='avia_textblock'  itemprop=\"text\" ><h1>Kaip u\u017esikre\u010diama nag\u0173 grybeliu?<\/h1>\n<\/div><\/section><br \/>\n<div  class='hr av-av_hr-dcd2069817a0e3d34ae04cad8f3443c7 hr-default  avia-builder-el-4  el_after_av_textblock  el_before_av_textblock '><span class='hr-inner '><span class=\"hr-inner-style\"><\/span><\/span><\/div><br \/>\n<section  class='av_textblock_section av-av_textblock-0366cc7376be6c9e82a3e9cc8987b64f '   itemscope=\"itemscope\" itemtype=\"https:\/\/schema.org\/CreativeWork\" ><div class='avia_textblock'  itemprop=\"text\" ><p>Nag\u0173 grybelis da\u017enai i\u0161sivysto i\u0161 \u201eatleto p\u0117dos\u201c, grybelin\u0117s p\u0117d\u0173 odos infekcijos. Laiku nei\u0161sigyd\u017eius \u201eatleto p\u0117dos\u201c, grybelis paprastai i\u0161plinta \u012f nagus.<\/p>\n<p>Grybeliai tarpsta dr\u0117gnose, vie\u0161osiose vietose, pavyzd\u017eiui, baseinuose ar sporto klubuose. \u0160tai kod\u0117l galite u\u017esikr\u0117sti nag\u0173 grybeliu saunose, sporto klubuose, bendrojo naudojimo du\u0161uose arba baseinuose.<\/p>\n<p>Su\u017ealojus nag\u0105<\/p>\n<p>Priv\u0117r\u0119 pir\u0161t\u0105 tarp dur\u0173, u\u017egav\u0119 j\u012f plaktuku ar u\u017ekliuv\u0119 p\u0117da u\u017e stalo kojos, su\u017ealojate kojos nag\u0105. Tokiais atvejais nagas da\u017eniausiai at\u0161oka ir \u012f \u0161i\u0105 pa\u017eeidimo viet\u0105 \u012fsiskverbia grybelis.<\/p>\n<p>Nuo drauge gyvenan\u010di\u0173 grybeliu sergan\u010di\u0173 \u0161eimos nari\u0173<\/p>\n<p>Jei bent vienas i\u0161 drauge gyvenan\u010di\u0173 asmen\u0173 ken\u010dia nuo nag\u0173 grybelio, labai padid\u0117ja pavojus u\u017esikr\u0117sti \u0161ia infekcija per du\u0161o grindis, patalyn\u0119, kilimus ir pan.<\/p>\n<p>Kitos galimos prie\u017eastys:<\/p>\n<ul>\n<li>Pakit\u0119s odos pH<\/li>\n<li>Netinkamai nusausintos p\u0117dos nusimaud\u017eius ar pasportavus<\/li>\n<li>Nusilpusi imunin\u0117 sistema<\/li>\n<\/ul>\n<p>Nag\u0173 grybeliu da\u017eniau u\u017esikre\u010dia koj\u0173, o ne rank\u0173, nagai, nes b\u016btent koj\u0173 nagai paprastai b\u016bna tamsiame, \u0161iltame ir dr\u0117gname bat\u0173 viduje, kuris yra tobulai tinkama vieta grybeliui augti. Kita prie\u017eastis gali b\u016bti ta, kad p\u0117dos pras\u010diau nei rank\u0173 pir\u0161tai yra apr\u016bpinamos krauju. Tod\u0117l imuninei \u017emogaus sistemai yra sud\u0117tingiau aptikti organizme esan\u010di\u0105 grybelin\u0119 infekcij\u0105 ir su ja kovoti.<\/p>\n<h5><\/h5>\n<h5>Kas da\u017eniausiai u\u017esikre\u010dia?<\/h5>\n<p>Vyresnio am\u017eiaus \u017emon\u0117s da\u017eniau ken\u010dia nuo nag\u0173 grybelio. Be kit\u0173 prie\u017eas\u010di\u0173 tai lemia sul\u0117t\u0117jusi kraujo apytaka ir ilgesnis grybelio poveikis. Senstant nagai auga l\u0117\u010diau ir stor\u0117ja, tod\u0117l jie tampa ma\u017eiau atspar\u016bs grybelinei nag\u0173 infekcijai. Nag\u0173 grybelis yra vienodai paplit\u0119s tarp vyr\u0173 ir moter\u0173.<\/p>\n<p>Nag\u0173 grybelis \u2013 da\u017eniausia p\u0117d\u0173 nag\u0173 infekcin\u0117 liga. Vienas i\u0161 keturi\u0173 \u017emoni\u0173 serga grybeline nag\u0173 infekcija. Vis daugiau \u017emoni\u0173 u\u017esikre\u010dia grybeliu, nes avi per ma\u017eus batus ir vis da\u017eniau lankosi vie\u0161osiose vietose, pavyzd\u017eiui, bendruose persirengimo kambariuose ir saunose.<\/p>\n<p>\u0160ie veiksniai paprastai papildomai skatina vystytis nag\u0173 grybelin\u0119 infekcij\u0105:<\/p>\n<ul>\n<li>Am\u017eius \u2013 rizika susirgti did\u0117ja senstant<\/li>\n<li>\u201eAtleto p\u0117da\u201c \u2013 vienas i\u0161 keturi\u0173 \u017emoni\u0173, ken\u010dian\u010di\u0173 nuo grybelin\u0117s odos infekcijos, suserga nag\u0173 grybeliu.<\/li>\n<li>Vaik\u0161\u010diojimas basomis vie\u0161osiose vietose, pavyzd\u017eiui, baseinuose, bendrojo naudojimo du\u0161uose ir saunose.<\/li>\n<li>Kraujotakos sutrikimai; taip pat kenkia per ank\u0161ti batai, pa\u017eeisti nagai.<\/li>\n<li>Ligos, pavyzd\u017eiui, diabetas ir psoriaz\u0117.<\/li>\n<li>Prasta higiena.<\/li>\n<\/ul>\n<\/div><\/section><\/p><\/div>\n<\/div><\/div><\/div><!-- close content main div --><\/div><\/div><div id='content_bottom'  class='avia-section av-av_section-8390100c99685c1552fd8c8d7ceec6b5 main_color avia-section-default avia-shadow  avia-builder-el-6  el_after_av_three_fourth  avia-builder-el-last  avia-bg-style-scroll container_wrap sidebar_right'  ><div class='container av-section-cont-open' ><div class='template-page content  av-content-small alpha units'><div class='post-entry post-entry-type-page post-entry-8592'><div class='entry-content-wrapper clearfix'>\n<div  class='flex_column av-av_two_third-2a9015ff38129c418a3f2eafba3e9512 av_two_third  avia-builder-el-7  el_before_av_one_third  avia-builder-el-first  first flex_column_div  '     ><p>\n<style type=\"text\/css\" data-created_by=\"avia_inline_auto\" id=\"style-css-av-av_heading-8d3372664c7a25679f710ed3bc1c532e\">\n#top .av-special-heading.av-av_heading-8d3372664c7a25679f710ed3bc1c532e{\npadding-bottom:10px;\ncolor:#56327f;\n}\nbody .av-special-heading.av-av_heading-8d3372664c7a25679f710ed3bc1c532e .av-special-heading-tag .heading-char{\nfont-size:25px;\n}\n.av-special-heading.av-av_heading-8d3372664c7a25679f710ed3bc1c532e .special-heading-inner-border{\nborder-color:#56327f;\n}\n.av-special-heading.av-av_heading-8d3372664c7a25679f710ed3bc1c532e .av-subheading{\nfont-size:15px;\n}\n<\/style>\n<div  class='av-special-heading av-av_heading-8d3372664c7a25679f710ed3bc1c532e av-special-heading-h3 custom-color-heading blockquote modern-quote modern-centered  avia-builder-el-8  el_before_av_sidebar  avia-builder-el-first '><h3 class='av-special-heading-tag '  itemprop=\"headline\"  >MYCOSAN PRODUKTAI<\/h3><div class=\"special-heading-border\"><div class=\"special-heading-inner-border\"><\/div><\/div><\/div><br \/>\n<div  class='avia-builder-widget-area clearfix  avia-builder-el-9  el_after_av_heading  el_before_av_sidebar '><div id=\"simpleimage-7\" class=\"widget clearfix widget_simpleimage\">\n\n\t<p class=\"simple-image\">\n\t\t<a href=\"\/\/www.mycosan.com\/lt\/priemones\/mycosan-fungal-nail\/\"><img loading=\"lazy\" decoding=\"async\" width=\"140\" height=\"300\" src=\"https:\/\/www.mycosan.com\/lt\/files\/2015\/08\/MycosanEN_Packshots5ML_widget-140x300.png\" class=\"attachment-medium size-medium\" alt=\"\" \/><\/a>\t<\/p>\n\n<h4>\u201eMYCOSAN FUNGAL NAIL\u201c GYDOMASIS RINKINYS<\/h4>\n<p>Akivaizd\u016bs rezultatai po 2 savai\u010di\u0173*!<\/p>\n<div class=\"avia-button-wrap avia-button-left avia-builder-el-17 el_before_av_button avia-builder-el-first \"><a class=\"avia-button avia-icon_select-no avia-color-blue avia-size-small avia-position-left \" href=\"\/\/www.mycosan.com\/lt\/priemones\/mycosan-fungal-nail\/\"><span class=\"avia_iconbox_title\">Informacija apie priemon\u0117<\/span><br \/>\n<\/a><\/div>\n\n<\/div><\/div><br \/>\n<div  class='avia-builder-widget-area clearfix  avia-builder-el-10  el_after_av_sidebar  avia-builder-el-last '><div id=\"simpleimage-8\" class=\"widget clearfix widget_simpleimage\">\n\n\t<p class=\"simple-image\">\n\t\t<a href=\"\/\/www.mycosan.com\/lt\/priemones\/mycosan-fungal-nail\/\"><img loading=\"lazy\" decoding=\"async\" width=\"142\" height=\"300\" src=\"https:\/\/www.mycosan.com\/lt\/files\/2015\/08\/MycosanEN_PackshotsXL_widget-142x300.png\" class=\"attachment-medium size-medium\" alt=\"\" \/><\/a>\t<\/p>\n\n<h4>\u201eMycosan Funagl Nail XL\u201c priemon\u0117<\/h4>\n<p>Speciali \u201eMycosan Fungal Nail XL\u201c pakuot\u0117 skirta i\u0161plitusiam nag\u0173 grybeliui gydyti. <\/p>\n<div class=\"avia-button-wrap avia-button-left avia-builder-el-17 el_before_av_button avia-builder-el-first \"><a class=\"avia-button avia-icon_select-no avia-color-blue avia-size-small avia-position-left \" href=\"\/\/www.mycosan.com\/lt\/priemones\/mycosan-fungal-nail\/\"><span class=\"avia_iconbox_title\">Informacija apie priemon\u0117<\/span><br \/>\n<\/a><\/div>\n\n<\/div><\/div><\/p><\/div>\n<style type=\"text\/css\" data-created_by=\"avia_inline_auto\" id=\"style-css-av-av_one_third-9c1d454dc06f7247226bc4e8f931daae\">\n.flex_column.av-av_one_third-9c1d454dc06f7247226bc4e8f931daae{\nborder-radius:0px 0px 0px 0px;\npadding:0px 0px 0px 0px;\n}\n<\/style>\n<div  class='flex_column av-av_one_third-9c1d454dc06f7247226bc4e8f931daae av_one_third  avia-builder-el-11  el_after_av_two_third  avia-builder-el-last  flex_column_div av-zero-column-padding  '     ><div  class='avia-builder-widget-area clearfix  avia-builder-el-12  avia-builder-el-no-sibling '><div id=\"text-9\" class=\"widget clearfix widget_text\">\t\t\t<div class=\"textwidget\"><div id=\"stralend\">\r\n<h4>Patarimai, kaip i\u0161saugoti sveikas p\u0117das<\/h4>\r\n\r\n<hr \/>\r\n\r\nReguliariai tikrinkite savo p\u0117das ir atkreipkite d\u0117mes\u012f \u012f nag\u0173 ir odos spalvos, strukt\u016bros bei i\u0161vaizdos poky\u010dius.<br><br>\r\n\r\n<div  class='avia-button-wrap av-av_button-56e886ace6a35b872186564445806507-wrap avia-button-left '>\n<style type=\"text\/css\" data-created_by=\"avia_inline_auto\" id=\"style-css-av-av_button-56e886ace6a35b872186564445806507\">\n#top #wrap_all .avia-button.av-av_button-56e886ace6a35b872186564445806507{\nbackground-color:#009fe3;\nborder-color:#009fe3;\ncolor:#ffffff;\ntransition:all 0.4s ease-in-out;\n}\n#top #wrap_all .avia-button.av-av_button-56e886ace6a35b872186564445806507 .avia-svg-icon svg:first-child{\nfill:#ffffff;\nstroke:#ffffff;\n}\n<\/style>\n<a href='\/\/www.mycosan.com\/lt\/patarimai\/rupinkites-savo-pedomis\/'  class='avia-button av-av_button-56e886ace6a35b872186564445806507 av-link-btn avia-icon_select-no avia-size-medium avia-position-left'   aria-label=\"Daugiau patarim\u0173\"><span class='avia_iconbox_title' >Daugiau patarim\u0173<\/span><\/a><\/div>\r\n<\/div><\/div>\n\t\t<\/div><\/div><\/div><\/div><\/div><\/div><!-- close content main div --><\/div><\/div><div id='after_section_1'  class='main_color av_default_container_wrap container_wrap sidebar_right'  ><div class='container av-section-cont-open' ><div class='template-page content  av-content-small alpha units'><div class='post-entry post-entry-type-page post-entry-8592'><div class='entry-content-wrapper clearfix'>\n","protected":false},"excerpt":{"rendered":"","protected":false},"author":1,"featured_media":0,"parent":8590,"menu_order":2,"comment_status":"open","ping_status":"closed","template":"","meta":{"_acf_changed":false,"footnotes":""},"page_type":[],"class_list":["post-8592","page","type-page","status-publish","hentry"],"acf":[],"yoast_head":"<!-- This site is optimized with the Yoast SEO plugin v26.9 - https:\/\/yoast.com\/product\/yoast-seo-wordpress\/ -->\n<title>Hoe krijg je een kalknagel? - Mycosan<\/title>\n<meta name=\"description\" content=\"Organismen die kalknagels veroorzaken leven o.a. in vochtige omgevingen. U kunt ge\u00efnfecteerd raken in openbare ruimtes zoals sauna\u2019s. Andere oorzaken zijn:\" \/>\n<meta name=\"robots\" content=\"index, follow, max-snippet:-1, max-image-preview:large, max-video-preview:-1\" \/>\n<link rel=\"canonical\" href=\"https:\/\/www.mycosan.com\/lt\/nagu-grybelis\/kaip-uzsikreciama-nagu-grybeliu\/\" \/>\n<meta property=\"og:locale\" content=\"lt_LT\" \/>\n<meta property=\"og:type\" content=\"article\" \/>\n<meta property=\"og:title\" content=\"Hoe krijg je een kalknagel? - Mycosan\" \/>\n<meta property=\"og:description\" content=\"Organismen die kalknagels veroorzaken leven o.a. in vochtige omgevingen. U kunt ge\u00efnfecteerd raken in openbare ruimtes zoals sauna\u2019s. Andere oorzaken zijn:\" \/>\n<meta property=\"og:url\" content=\"https:\/\/www.mycosan.com\/lt\/nagu-grybelis\/kaip-uzsikreciama-nagu-grybeliu\/\" \/>\n<meta property=\"og:site_name\" content=\"Mycosan Lietuva\" \/>\n<meta property=\"article:modified_time\" content=\"2018-11-05T12:50:02+00:00\" \/>\n<meta name=\"twitter:label1\" content=\"Est. reading time\" \/>\n\t<meta name=\"twitter:data1\" content=\"4 minutes\" \/>\n<script type=\"application\/ld+json\" class=\"yoast-schema-graph\">{\"@context\":\"https:\/\/schema.org\",\"@graph\":[{\"@type\":\"WebPage\",\"@id\":\"https:\/\/www.mycosan.com\/lt\/nagu-grybelis\/kaip-uzsikreciama-nagu-grybeliu\/\",\"url\":\"https:\/\/www.mycosan.com\/lt\/nagu-grybelis\/kaip-uzsikreciama-nagu-grybeliu\/\",\"name\":\"Hoe krijg je een kalknagel? - Mycosan\",\"isPartOf\":{\"@id\":\"https:\/\/www.mycosan.com\/lt\/#website\"},\"datePublished\":\"2015-01-08T14:32:10+00:00\",\"dateModified\":\"2018-11-05T12:50:02+00:00\",\"description\":\"Organismen die kalknagels veroorzaken leven o.a. in vochtige omgevingen. U kunt ge\u00efnfecteerd raken in openbare ruimtes zoals sauna\u2019s. Andere oorzaken zijn:\",\"breadcrumb\":{\"@id\":\"https:\/\/www.mycosan.com\/lt\/nagu-grybelis\/kaip-uzsikreciama-nagu-grybeliu\/#breadcrumb\"},\"inLanguage\":\"lt-LT\",\"potentialAction\":[{\"@type\":\"ReadAction\",\"target\":[\"https:\/\/www.mycosan.com\/lt\/nagu-grybelis\/kaip-uzsikreciama-nagu-grybeliu\/\"]}]},{\"@type\":\"BreadcrumbList\",\"@id\":\"https:\/\/www.mycosan.com\/lt\/nagu-grybelis\/kaip-uzsikreciama-nagu-grybeliu\/#breadcrumb\",\"itemListElement\":[{\"@type\":\"ListItem\",\"position\":1,\"name\":\"Home\",\"item\":\"https:\/\/www.mycosan.com\/lt\/\"},{\"@type\":\"ListItem\",\"position\":2,\"name\":\"Nag\u0173 grybelis\",\"item\":\"https:\/\/www.mycosan.com\/lt\/nagu-grybelis\/\"},{\"@type\":\"ListItem\",\"position\":3,\"name\":\"Kaip u\u017esikre\u010diama nag\u0173 grybeliu?\"}]},{\"@type\":\"WebSite\",\"@id\":\"https:\/\/www.mycosan.com\/lt\/#website\",\"url\":\"https:\/\/www.mycosan.com\/lt\/\",\"name\":\"Mycosan Lietuva\",\"description\":\"\",\"potentialAction\":[{\"@type\":\"SearchAction\",\"target\":{\"@type\":\"EntryPoint\",\"urlTemplate\":\"https:\/\/www.mycosan.com\/lt\/?s={search_term_string}\"},\"query-input\":{\"@type\":\"PropertyValueSpecification\",\"valueRequired\":true,\"valueName\":\"search_term_string\"}}],\"inLanguage\":\"lt-LT\"}]}<\/script>\n<!-- \/ Yoast SEO plugin. -->","yoast_head_json":{"title":"Hoe krijg je een kalknagel? - Mycosan","description":"Organismen die kalknagels veroorzaken leven o.a. in vochtige omgevingen. U kunt ge\u00efnfecteerd raken in openbare ruimtes zoals sauna\u2019s. Andere oorzaken zijn:","robots":{"index":"index","follow":"follow","max-snippet":"max-snippet:-1","max-image-preview":"max-image-preview:large","max-video-preview":"max-video-preview:-1"},"canonical":"https:\/\/www.mycosan.com\/lt\/nagu-grybelis\/kaip-uzsikreciama-nagu-grybeliu\/","og_locale":"lt_LT","og_type":"article","og_title":"Hoe krijg je een kalknagel? - Mycosan","og_description":"Organismen die kalknagels veroorzaken leven o.a. in vochtige omgevingen. U kunt ge\u00efnfecteerd raken in openbare ruimtes zoals sauna\u2019s. Andere oorzaken zijn:","og_url":"https:\/\/www.mycosan.com\/lt\/nagu-grybelis\/kaip-uzsikreciama-nagu-grybeliu\/","og_site_name":"Mycosan Lietuva","article_modified_time":"2018-11-05T12:50:02+00:00","twitter_misc":{"Est. reading time":"4 minutes"},"schema":{"@context":"https:\/\/schema.org","@graph":[{"@type":"WebPage","@id":"https:\/\/www.mycosan.com\/lt\/nagu-grybelis\/kaip-uzsikreciama-nagu-grybeliu\/","url":"https:\/\/www.mycosan.com\/lt\/nagu-grybelis\/kaip-uzsikreciama-nagu-grybeliu\/","name":"Hoe krijg je een kalknagel? - Mycosan","isPartOf":{"@id":"https:\/\/www.mycosan.com\/lt\/#website"},"datePublished":"2015-01-08T14:32:10+00:00","dateModified":"2018-11-05T12:50:02+00:00","description":"Organismen die kalknagels veroorzaken leven o.a. in vochtige omgevingen. U kunt ge\u00efnfecteerd raken in openbare ruimtes zoals sauna\u2019s. Andere oorzaken zijn:","breadcrumb":{"@id":"https:\/\/www.mycosan.com\/lt\/nagu-grybelis\/kaip-uzsikreciama-nagu-grybeliu\/#breadcrumb"},"inLanguage":"lt-LT","potentialAction":[{"@type":"ReadAction","target":["https:\/\/www.mycosan.com\/lt\/nagu-grybelis\/kaip-uzsikreciama-nagu-grybeliu\/"]}]},{"@type":"BreadcrumbList","@id":"https:\/\/www.mycosan.com\/lt\/nagu-grybelis\/kaip-uzsikreciama-nagu-grybeliu\/#breadcrumb","itemListElement":[{"@type":"ListItem","position":1,"name":"Home","item":"https:\/\/www.mycosan.com\/lt\/"},{"@type":"ListItem","position":2,"name":"Nag\u0173 grybelis","item":"https:\/\/www.mycosan.com\/lt\/nagu-grybelis\/"},{"@type":"ListItem","position":3,"name":"Kaip u\u017esikre\u010diama nag\u0173 grybeliu?"}]},{"@type":"WebSite","@id":"https:\/\/www.mycosan.com\/lt\/#website","url":"https:\/\/www.mycosan.com\/lt\/","name":"Mycosan Lietuva","description":"","potentialAction":[{"@type":"SearchAction","target":{"@type":"EntryPoint","urlTemplate":"https:\/\/www.mycosan.com\/lt\/?s={search_term_string}"},"query-input":{"@type":"PropertyValueSpecification","valueRequired":true,"valueName":"search_term_string"}}],"inLanguage":"lt-LT"}]}},"_links":{"self":[{"href":"https:\/\/www.mycosan.com\/lt\/wp-json\/wp\/v2\/pages\/8592","targetHints":{"allow":["GET"]}}],"collection":[{"href":"https:\/\/www.mycosan.com\/lt\/wp-json\/wp\/v2\/pages"}],"about":[{"href":"https:\/\/www.mycosan.com\/lt\/wp-json\/wp\/v2\/types\/page"}],"author":[{"embeddable":true,"href":"https:\/\/www.mycosan.com\/lt\/wp-json\/wp\/v2\/users\/1"}],"replies":[{"embeddable":true,"href":"https:\/\/www.mycosan.com\/lt\/wp-json\/wp\/v2\/comments?post=8592"}],"version-history":[{"count":0,"href":"https:\/\/www.mycosan.com\/lt\/wp-json\/wp\/v2\/pages\/8592\/revisions"}],"up":[{"embeddable":true,"href":"https:\/\/www.mycosan.com\/lt\/wp-json\/wp\/v2\/pages\/8590"}],"wp:attachment":[{"href":"https:\/\/www.mycosan.com\/lt\/wp-json\/wp\/v2\/media?parent=8592"}],"wp:term":[{"taxonomy":"page_type","embeddable":true,"href":"https:\/\/www.mycosan.com\/lt\/wp-json\/wp\/v2\/page_type?post=8592"}],"curies":[{"name":"wp","href":"https:\/\/api.w.org\/{rel}","templated":true}]}}