{"id":8589,"date":"2015-01-08T15:20:41","date_gmt":"2015-01-08T14:20:41","guid":{"rendered":"https:\/\/www.mycosan.com\/lt\/test\/?page_id=3982"},"modified":"2018-11-05T13:50:09","modified_gmt":"2018-11-05T12:50:09","slug":"kas-yra-nagu-grybelis","status":"publish","type":"page","link":"https:\/\/www.mycosan.com\/lt\/nagu-grybelis\/kas-yra-nagu-grybelis\/","title":{"rendered":"Kas yra nag\u0173 grybelis?"},"content":{"rendered":"<div  class='flex_column av-av_one_fourth-2a9015ff38129c418a3f2eafba3e9512 av_one_fourth  avia-builder-el-0  el_before_av_three_fourth  avia-builder-el-first  first flex_column_div  '     ><style type=\"text\/css\" data-created_by=\"avia_inline_auto\" id=\"style-css-av-av_image-62b57476e5ccc1265f98c335cfb53f8a\">\n.avia-image-container.av-av_image-62b57476e5ccc1265f98c335cfb53f8a img.avia_image{\nbox-shadow:none;\n}\n.avia-image-container.av-av_image-62b57476e5ccc1265f98c335cfb53f8a .av-image-caption-overlay-center{\ncolor:#ffffff;\n}\n<\/style>\n<div  class='avia-image-container av-av_image-62b57476e5ccc1265f98c335cfb53f8a av-styling- avia-align-center  avia-builder-el-1  avia-builder-el-no-sibling '   itemprop=\"image\" itemscope=\"itemscope\" itemtype=\"https:\/\/schema.org\/ImageObject\" ><div class=\"avia-image-container-inner\"><div class=\"avia-image-overlay-wrap\"><img decoding=\"async\" fetchpriority=\"high\" class='wp-image-8733 avia-img-lazy-loading-not-8733 avia_image ' src=\"https:\/\/www.mycosan.com\/lt\/files\/2015\/01\/schimmelvoet.jpg\" alt='' title='schimmelvoet'  height=\"371\" width=\"176\"  itemprop=\"thumbnailUrl\" srcset=\"https:\/\/www.mycosan.com\/lt\/files\/2015\/01\/schimmelvoet.jpg 176w, https:\/\/www.mycosan.com\/lt\/files\/2015\/01\/schimmelvoet-142x300.jpg 142w\" sizes=\"(max-width: 176px) 100vw, 176px\" \/><\/div><\/div><\/div><\/div>\n\n<style type=\"text\/css\" data-created_by=\"avia_inline_auto\" id=\"style-css-av-av_three_fourth-9c1d454dc06f7247226bc4e8f931daae\">\n.flex_column.av-av_three_fourth-9c1d454dc06f7247226bc4e8f931daae{\nborder-radius:0px 0px 0px 0px;\npadding:0px 0px 0px 0px;\n}\n<\/style>\n<div  class='flex_column av-av_three_fourth-9c1d454dc06f7247226bc4e8f931daae av_three_fourth  avia-builder-el-2  el_after_av_one_fourth  el_before_av_section  avia-builder-el-last  flex_column_div av-zero-column-padding  '     ><section  class='av_textblock_section av-av_textblock-0366cc7376be6c9e82a3e9cc8987b64f '   itemscope=\"itemscope\" itemtype=\"https:\/\/schema.org\/CreativeWork\" ><div class='avia_textblock'  itemprop=\"text\" ><h1>Visada gydykite nag\u0173 grybel\u012f<\/h1>\n<\/div><\/section><br \/>\n<div  class='hr av-av_hr-dcd2069817a0e3d34ae04cad8f3443c7 hr-default  avia-builder-el-4  el_after_av_textblock  el_before_av_textblock '><span class='hr-inner '><span class=\"hr-inner-style\"><\/span><\/span><\/div><br \/>\n<section  class='av_textblock_section av-av_textblock-0366cc7376be6c9e82a3e9cc8987b64f '   itemscope=\"itemscope\" itemtype=\"https:\/\/schema.org\/CreativeWork\" ><div class='avia_textblock'  itemprop=\"text\" ><p>Grybelio pa\u017eeistas nagas pats nei\u0161gis<\/p>\n<p>Nag\u0173 grybelis \u2013\u00a0tai grybeliu u\u017esikr\u0117t\u0119 koj\u0173 ar rank\u0173 pir\u0161t\u0173 nagai.<\/p>\n<p>Onichomikoz\u0117 \u2013 tai medicininis nago (<em>onicho<\/em>) grybelin\u0117s infekcijos (<em>mikoz\u0117s<\/em>) pavadinimas. \u0160i infekcija plinta koj\u0173 ir pir\u0161t\u0173 naguose. Grybelis \u2013 tai mikroskopinis organizmas, kuriam nereikia saul\u0117s, kad i\u0161gyvent\u0173. Kai kurie grybeliai turi teigiam\u0173 savybi\u0173, ta\u010diau dauguma j\u0173 sukelia infekcijas ir ligas.<\/p>\n<p><strong>Grybelis<\/strong><br \/>\nGrybelin\u0117s nag\u0173 infekcijos suk\u0117l\u0117jas \u2013 grybelis, priskiriamas dermatofit\u0173 grybeli\u0173 grupei. \u0160iai grupei priskiriami \u012fvairi\u0173 pavadinim\u0173 grybeliai, ta\u010diau paprastai pradedami vardinti nuo <em>Trichophyton <\/em>paderm\u0117s. Daugumos grybelini\u0173 nag\u0173 infekcij\u0173 suk\u0117l\u0117jas yra grybelis <em>Trichophyton rubrum<\/em> (70\u00a0%) arba <em>Trichophyton mentagrophytes<\/em> (20\u00a0%). \u012evair\u016bs kiti grybeliai, kaip, pavyzd\u017eiui, kandidos (<em>Candida<\/em>), sukelia likusius 10\u00a0% infekcij\u0173. Grybeliai minta keratinu \u2013 viena i\u0161 pagrindini\u0173 nag\u0173 audinio med\u017eiag\u0173.<\/p>\n<p><strong>Nag\u0173 grybelis<\/strong><br \/>\nNag\u0173 grybelis paprastai yra skausmingas ir da\u017enai nemalonus. Sergant nag\u0173 grybeliu da\u017eniausiai pasikei\u010dia nago spalva, nagas sustor\u0117ja ir sluoksniuojasi. Sustor\u0117ja nagas ir d\u0117l kit\u0173 prie\u017eas\u010di\u0173 \u2013 sutrikusio augimo proceso ar odos lig\u0173, pavyzd\u017eiui, psoriaz\u0117s. Ir d\u0117l psoriaz\u0117s, ir d\u0117l nag\u0173 grybelio nago spalva pakinta pana\u0161iai.<\/p>\n<p><strong>Visada gydykite nag\u0173 grybel\u012f!<\/strong><\/p>\n<p>Grybelio pa\u017eeistas nagas pats nei\u0161gis \u2013 norint, kad nagas b\u016bt\u0173 sveikas, reik\u0117s imtis vienoki\u0173 ar kitoki\u0173 priemoni\u0173! Taigi, bet kuriuo atveju nag\u0173 grybel\u012f gydykite. Be to, grybelin\u0117 infekcija yra u\u017ekre\u010diama. Kyla pavojus, kad infekcija i\u0161plis \u012f kitas nago vietas ar p\u0117d\u0105. Grybeline infekcija gali u\u017esikr\u0117sti kiti \u017emon\u0117s.<\/p>\n<\/div><\/section><\/p><\/div>\n<\/div><\/div><\/div><!-- close content main div --><\/div><\/div><div id='content_bottom'  class='avia-section av-av_section-8390100c99685c1552fd8c8d7ceec6b5 main_color avia-section-default avia-shadow  avia-builder-el-6  el_after_av_three_fourth  avia-builder-el-last  avia-bg-style-scroll container_wrap sidebar_right'  ><div class='container av-section-cont-open' ><div class='template-page content  av-content-small alpha units'><div class='post-entry post-entry-type-page post-entry-8589'><div class='entry-content-wrapper clearfix'>\n<div  class='flex_column av-av_two_third-2a9015ff38129c418a3f2eafba3e9512 av_two_third  avia-builder-el-7  el_before_av_one_third  avia-builder-el-first  first flex_column_div  '     ><p>\n<style type=\"text\/css\" data-created_by=\"avia_inline_auto\" id=\"style-css-av-av_heading-8d3372664c7a25679f710ed3bc1c532e\">\n#top .av-special-heading.av-av_heading-8d3372664c7a25679f710ed3bc1c532e{\npadding-bottom:10px;\ncolor:#56327f;\n}\nbody .av-special-heading.av-av_heading-8d3372664c7a25679f710ed3bc1c532e .av-special-heading-tag .heading-char{\nfont-size:25px;\n}\n.av-special-heading.av-av_heading-8d3372664c7a25679f710ed3bc1c532e .special-heading-inner-border{\nborder-color:#56327f;\n}\n.av-special-heading.av-av_heading-8d3372664c7a25679f710ed3bc1c532e .av-subheading{\nfont-size:15px;\n}\n<\/style>\n<div  class='av-special-heading av-av_heading-8d3372664c7a25679f710ed3bc1c532e av-special-heading-h3 custom-color-heading blockquote modern-quote modern-centered  avia-builder-el-8  el_before_av_sidebar  avia-builder-el-first '><h3 class='av-special-heading-tag '  itemprop=\"headline\"  >MYCOSAN PRODUKTAI<\/h3><div class=\"special-heading-border\"><div class=\"special-heading-inner-border\"><\/div><\/div><\/div><br \/>\n<div  class='avia-builder-widget-area clearfix  avia-builder-el-9  el_after_av_heading  el_before_av_sidebar '><div id=\"simpleimage-7\" class=\"widget clearfix widget_simpleimage\">\n\n\t<p class=\"simple-image\">\n\t\t<a href=\"\/\/www.mycosan.com\/lt\/priemones\/mycosan-fungal-nail\/\"><img loading=\"lazy\" decoding=\"async\" width=\"140\" height=\"300\" src=\"https:\/\/www.mycosan.com\/lt\/files\/2015\/08\/MycosanEN_Packshots5ML_widget-140x300.png\" class=\"attachment-medium size-medium\" alt=\"\" \/><\/a>\t<\/p>\n\n<h4>\u201eMYCOSAN FUNGAL NAIL\u201c GYDOMASIS RINKINYS<\/h4>\n<p>Akivaizd\u016bs rezultatai po 2 savai\u010di\u0173*!<\/p>\n<div class=\"avia-button-wrap avia-button-left avia-builder-el-17 el_before_av_button avia-builder-el-first \"><a class=\"avia-button avia-icon_select-no avia-color-blue avia-size-small avia-position-left \" href=\"\/\/www.mycosan.com\/lt\/priemones\/mycosan-fungal-nail\/\"><span class=\"avia_iconbox_title\">Informacija apie priemon\u0117<\/span><br \/>\n<\/a><\/div>\n\n<\/div><\/div><br \/>\n<div  class='avia-builder-widget-area clearfix  avia-builder-el-10  el_after_av_sidebar  avia-builder-el-last '><div id=\"simpleimage-8\" class=\"widget clearfix widget_simpleimage\">\n\n\t<p class=\"simple-image\">\n\t\t<a href=\"\/\/www.mycosan.com\/lt\/priemones\/mycosan-fungal-nail\/\"><img loading=\"lazy\" decoding=\"async\" width=\"142\" height=\"300\" src=\"https:\/\/www.mycosan.com\/lt\/files\/2015\/08\/MycosanEN_PackshotsXL_widget-142x300.png\" class=\"attachment-medium size-medium\" alt=\"\" \/><\/a>\t<\/p>\n\n<h4>\u201eMycosan Funagl Nail XL\u201c priemon\u0117<\/h4>\n<p>Speciali \u201eMycosan Fungal Nail XL\u201c pakuot\u0117 skirta i\u0161plitusiam nag\u0173 grybeliui gydyti. <\/p>\n<div class=\"avia-button-wrap avia-button-left avia-builder-el-17 el_before_av_button avia-builder-el-first \"><a class=\"avia-button avia-icon_select-no avia-color-blue avia-size-small avia-position-left \" href=\"\/\/www.mycosan.com\/lt\/priemones\/mycosan-fungal-nail\/\"><span class=\"avia_iconbox_title\">Informacija apie priemon\u0117<\/span><br \/>\n<\/a><\/div>\n\n<\/div><\/div><\/p><\/div>\n<style type=\"text\/css\" data-created_by=\"avia_inline_auto\" id=\"style-css-av-av_one_third-9c1d454dc06f7247226bc4e8f931daae\">\n.flex_column.av-av_one_third-9c1d454dc06f7247226bc4e8f931daae{\nborder-radius:0px 0px 0px 0px;\npadding:0px 0px 0px 0px;\n}\n<\/style>\n<div  class='flex_column av-av_one_third-9c1d454dc06f7247226bc4e8f931daae av_one_third  avia-builder-el-11  el_after_av_two_third  avia-builder-el-last  flex_column_div av-zero-column-padding  '     ><div  class='avia-builder-widget-area clearfix  avia-builder-el-12  avia-builder-el-no-sibling '><div id=\"text-9\" class=\"widget clearfix widget_text\">\t\t\t<div class=\"textwidget\"><div id=\"stralend\">\r\n<h4>Patarimai, kaip i\u0161saugoti sveikas p\u0117das<\/h4>\r\n\r\n<hr \/>\r\n\r\nReguliariai tikrinkite savo p\u0117das ir atkreipkite d\u0117mes\u012f \u012f nag\u0173 ir odos spalvos, strukt\u016bros bei i\u0161vaizdos poky\u010dius.<br><br>\r\n\r\n<div  class='avia-button-wrap av-av_button-56e886ace6a35b872186564445806507-wrap avia-button-left '>\n<style type=\"text\/css\" data-created_by=\"avia_inline_auto\" id=\"style-css-av-av_button-56e886ace6a35b872186564445806507\">\n#top #wrap_all .avia-button.av-av_button-56e886ace6a35b872186564445806507{\nbackground-color:#009fe3;\nborder-color:#009fe3;\ncolor:#ffffff;\ntransition:all 0.4s ease-in-out;\n}\n#top #wrap_all .avia-button.av-av_button-56e886ace6a35b872186564445806507 .avia-svg-icon svg:first-child{\nfill:#ffffff;\nstroke:#ffffff;\n}\n<\/style>\n<a href='\/\/www.mycosan.com\/lt\/patarimai\/rupinkites-savo-pedomis\/'  class='avia-button av-av_button-56e886ace6a35b872186564445806507 av-link-btn avia-icon_select-no avia-size-medium avia-position-left'   aria-label=\"Daugiau patarim\u0173\"><span class='avia_iconbox_title' >Daugiau patarim\u0173<\/span><\/a><\/div>\r\n<\/div><\/div>\n\t\t<\/div><\/div><\/div><\/div><\/div><\/div><!-- close content main div --><\/div><\/div><div id='after_section_1'  class='main_color av_default_container_wrap container_wrap sidebar_right'  ><div class='container av-section-cont-open' ><div class='template-page content  av-content-small alpha units'><div class='post-entry post-entry-type-page post-entry-8589'><div class='entry-content-wrapper clearfix'>\n","protected":false},"excerpt":{"rendered":"","protected":false},"author":1,"featured_media":0,"parent":8590,"menu_order":0,"comment_status":"open","ping_status":"closed","template":"","meta":{"_acf_changed":false,"footnotes":""},"page_type":[],"class_list":["post-8589","page","type-page","status-publish","hentry"],"acf":[],"yoast_head":"<!-- This site is optimized with the Yoast SEO plugin v26.9 - https:\/\/yoast.com\/product\/yoast-seo-wordpress\/ -->\n<title>Wat is een kalknagel? - Mycosan<\/title>\n<meta name=\"description\" content=\"Een kalknagel is een onprettig nagelprobleem. Kalknagels genezen niet vanzelf en moeten daarom behandeld worden! Een kalknagel is een schimmelinfectie aan de\" \/>\n<meta name=\"robots\" content=\"index, follow, max-snippet:-1, max-image-preview:large, max-video-preview:-1\" \/>\n<link rel=\"canonical\" href=\"https:\/\/www.mycosan.com\/lt\/nagu-grybelis\/kas-yra-nagu-grybelis\/\" \/>\n<meta property=\"og:locale\" content=\"lt_LT\" \/>\n<meta property=\"og:type\" content=\"article\" \/>\n<meta property=\"og:title\" content=\"Wat is een kalknagel? - Mycosan\" \/>\n<meta property=\"og:description\" content=\"Een kalknagel is een onprettig nagelprobleem. Kalknagels genezen niet vanzelf en moeten daarom behandeld worden! Een kalknagel is een schimmelinfectie aan de\" \/>\n<meta property=\"og:url\" content=\"https:\/\/www.mycosan.com\/lt\/nagu-grybelis\/kas-yra-nagu-grybelis\/\" \/>\n<meta property=\"og:site_name\" content=\"Mycosan Lietuva\" \/>\n<meta property=\"article:modified_time\" content=\"2018-11-05T12:50:09+00:00\" \/>\n<meta name=\"twitter:label1\" content=\"Est. reading time\" \/>\n\t<meta name=\"twitter:data1\" content=\"3 minutes\" \/>\n<script type=\"application\/ld+json\" class=\"yoast-schema-graph\">{\"@context\":\"https:\/\/schema.org\",\"@graph\":[{\"@type\":\"WebPage\",\"@id\":\"https:\/\/www.mycosan.com\/lt\/nagu-grybelis\/kas-yra-nagu-grybelis\/\",\"url\":\"https:\/\/www.mycosan.com\/lt\/nagu-grybelis\/kas-yra-nagu-grybelis\/\",\"name\":\"Wat is een kalknagel? - Mycosan\",\"isPartOf\":{\"@id\":\"https:\/\/www.mycosan.com\/lt\/#website\"},\"datePublished\":\"2015-01-08T14:20:41+00:00\",\"dateModified\":\"2018-11-05T12:50:09+00:00\",\"description\":\"Een kalknagel is een onprettig nagelprobleem. Kalknagels genezen niet vanzelf en moeten daarom behandeld worden! Een kalknagel is een schimmelinfectie aan de\",\"breadcrumb\":{\"@id\":\"https:\/\/www.mycosan.com\/lt\/nagu-grybelis\/kas-yra-nagu-grybelis\/#breadcrumb\"},\"inLanguage\":\"lt-LT\",\"potentialAction\":[{\"@type\":\"ReadAction\",\"target\":[\"https:\/\/www.mycosan.com\/lt\/nagu-grybelis\/kas-yra-nagu-grybelis\/\"]}]},{\"@type\":\"BreadcrumbList\",\"@id\":\"https:\/\/www.mycosan.com\/lt\/nagu-grybelis\/kas-yra-nagu-grybelis\/#breadcrumb\",\"itemListElement\":[{\"@type\":\"ListItem\",\"position\":1,\"name\":\"Home\",\"item\":\"https:\/\/www.mycosan.com\/lt\/\"},{\"@type\":\"ListItem\",\"position\":2,\"name\":\"Nag\u0173 grybelis\",\"item\":\"https:\/\/www.mycosan.com\/lt\/nagu-grybelis\/\"},{\"@type\":\"ListItem\",\"position\":3,\"name\":\"Kas yra nag\u0173 grybelis?\"}]},{\"@type\":\"WebSite\",\"@id\":\"https:\/\/www.mycosan.com\/lt\/#website\",\"url\":\"https:\/\/www.mycosan.com\/lt\/\",\"name\":\"Mycosan Lietuva\",\"description\":\"\",\"potentialAction\":[{\"@type\":\"SearchAction\",\"target\":{\"@type\":\"EntryPoint\",\"urlTemplate\":\"https:\/\/www.mycosan.com\/lt\/?s={search_term_string}\"},\"query-input\":{\"@type\":\"PropertyValueSpecification\",\"valueRequired\":true,\"valueName\":\"search_term_string\"}}],\"inLanguage\":\"lt-LT\"}]}<\/script>\n<!-- \/ Yoast SEO plugin. -->","yoast_head_json":{"title":"Wat is een kalknagel? - Mycosan","description":"Een kalknagel is een onprettig nagelprobleem. Kalknagels genezen niet vanzelf en moeten daarom behandeld worden! Een kalknagel is een schimmelinfectie aan de","robots":{"index":"index","follow":"follow","max-snippet":"max-snippet:-1","max-image-preview":"max-image-preview:large","max-video-preview":"max-video-preview:-1"},"canonical":"https:\/\/www.mycosan.com\/lt\/nagu-grybelis\/kas-yra-nagu-grybelis\/","og_locale":"lt_LT","og_type":"article","og_title":"Wat is een kalknagel? - Mycosan","og_description":"Een kalknagel is een onprettig nagelprobleem. Kalknagels genezen niet vanzelf en moeten daarom behandeld worden! Een kalknagel is een schimmelinfectie aan de","og_url":"https:\/\/www.mycosan.com\/lt\/nagu-grybelis\/kas-yra-nagu-grybelis\/","og_site_name":"Mycosan Lietuva","article_modified_time":"2018-11-05T12:50:09+00:00","twitter_misc":{"Est. reading time":"3 minutes"},"schema":{"@context":"https:\/\/schema.org","@graph":[{"@type":"WebPage","@id":"https:\/\/www.mycosan.com\/lt\/nagu-grybelis\/kas-yra-nagu-grybelis\/","url":"https:\/\/www.mycosan.com\/lt\/nagu-grybelis\/kas-yra-nagu-grybelis\/","name":"Wat is een kalknagel? - Mycosan","isPartOf":{"@id":"https:\/\/www.mycosan.com\/lt\/#website"},"datePublished":"2015-01-08T14:20:41+00:00","dateModified":"2018-11-05T12:50:09+00:00","description":"Een kalknagel is een onprettig nagelprobleem. Kalknagels genezen niet vanzelf en moeten daarom behandeld worden! Een kalknagel is een schimmelinfectie aan de","breadcrumb":{"@id":"https:\/\/www.mycosan.com\/lt\/nagu-grybelis\/kas-yra-nagu-grybelis\/#breadcrumb"},"inLanguage":"lt-LT","potentialAction":[{"@type":"ReadAction","target":["https:\/\/www.mycosan.com\/lt\/nagu-grybelis\/kas-yra-nagu-grybelis\/"]}]},{"@type":"BreadcrumbList","@id":"https:\/\/www.mycosan.com\/lt\/nagu-grybelis\/kas-yra-nagu-grybelis\/#breadcrumb","itemListElement":[{"@type":"ListItem","position":1,"name":"Home","item":"https:\/\/www.mycosan.com\/lt\/"},{"@type":"ListItem","position":2,"name":"Nag\u0173 grybelis","item":"https:\/\/www.mycosan.com\/lt\/nagu-grybelis\/"},{"@type":"ListItem","position":3,"name":"Kas yra nag\u0173 grybelis?"}]},{"@type":"WebSite","@id":"https:\/\/www.mycosan.com\/lt\/#website","url":"https:\/\/www.mycosan.com\/lt\/","name":"Mycosan Lietuva","description":"","potentialAction":[{"@type":"SearchAction","target":{"@type":"EntryPoint","urlTemplate":"https:\/\/www.mycosan.com\/lt\/?s={search_term_string}"},"query-input":{"@type":"PropertyValueSpecification","valueRequired":true,"valueName":"search_term_string"}}],"inLanguage":"lt-LT"}]}},"_links":{"self":[{"href":"https:\/\/www.mycosan.com\/lt\/wp-json\/wp\/v2\/pages\/8589","targetHints":{"allow":["GET"]}}],"collection":[{"href":"https:\/\/www.mycosan.com\/lt\/wp-json\/wp\/v2\/pages"}],"about":[{"href":"https:\/\/www.mycosan.com\/lt\/wp-json\/wp\/v2\/types\/page"}],"author":[{"embeddable":true,"href":"https:\/\/www.mycosan.com\/lt\/wp-json\/wp\/v2\/users\/1"}],"replies":[{"embeddable":true,"href":"https:\/\/www.mycosan.com\/lt\/wp-json\/wp\/v2\/comments?post=8589"}],"version-history":[{"count":0,"href":"https:\/\/www.mycosan.com\/lt\/wp-json\/wp\/v2\/pages\/8589\/revisions"}],"up":[{"embeddable":true,"href":"https:\/\/www.mycosan.com\/lt\/wp-json\/wp\/v2\/pages\/8590"}],"wp:attachment":[{"href":"https:\/\/www.mycosan.com\/lt\/wp-json\/wp\/v2\/media?parent=8589"}],"wp:term":[{"taxonomy":"page_type","embeddable":true,"href":"https:\/\/www.mycosan.com\/lt\/wp-json\/wp\/v2\/page_type?post=8589"}],"curies":[{"name":"wp","href":"https:\/\/api.w.org\/{rel}","templated":true}]}}