{"id":8587,"date":"2015-01-06T12:31:04","date_gmt":"2015-01-06T11:31:04","guid":{"rendered":"https:\/\/www.mycosan.com\/lt\/test\/?page_id=3947"},"modified":"2018-11-05T13:46:48","modified_gmt":"2018-11-05T12:46:48","slug":"mycosan-athletes-foot","status":"publish","type":"page","link":"https:\/\/www.mycosan.com\/lt\/priemones\/mycosan-athletes-foot\/","title":{"rendered":"\u201eMycosan Athlete\u2018s foot\u201c"},"content":{"rendered":"<div id='voetschimmel'  class='avia-section av-av_section-d98dc6bc950ae527b936b21980d3fa7a main_color avia-section-default avia-no-shadow  avia-builder-el-0  el_before_av_section  avia-builder-el-first  avia-bg-style-scroll container_wrap sidebar_right'  ><div class='container av-section-cont-open' ><main  role=\"main\" itemprop=\"mainContentOfPage\"  class='template-page content  av-content-small alpha units'><div class='post-entry post-entry-type-page post-entry-8587'><div class='entry-content-wrapper clearfix'>\n<div  class='flex_column av-av_one_fourth-2a9015ff38129c418a3f2eafba3e9512 av_one_fourth  avia-builder-el-1  el_before_av_three_fourth  avia-builder-el-first  first flex_column_div  '     ><style type=\"text\/css\" data-created_by=\"avia_inline_auto\" id=\"style-css-av-av_image-b619c1e211caf3f28e6e06805dd76f52\">\n.avia-image-container.av-av_image-b619c1e211caf3f28e6e06805dd76f52 img.avia_image{\nbox-shadow:none;\n}\n.avia-image-container.av-av_image-b619c1e211caf3f28e6e06805dd76f52 .av-image-caption-overlay-center{\ncolor:#ffffff;\n}\n<\/style>\n<div  class='avia-image-container av-av_image-b619c1e211caf3f28e6e06805dd76f52 av-styling- avia-align-center  avia-builder-el-2  avia-builder-el-no-sibling '   itemprop=\"image\" itemscope=\"itemscope\" itemtype=\"https:\/\/schema.org\/ImageObject\" ><div class=\"avia-image-container-inner\"><div class=\"avia-image-overlay-wrap\"><img decoding=\"async\" fetchpriority=\"high\" class='wp-image-9050 avia-img-lazy-loading-not-9050 avia_image ' src=\"https:\/\/www.mycosan.com\/lt\/files\/2018\/08\/athlete.jpg\" alt='' title='athlete'  height=\"496\" width=\"500\"  itemprop=\"thumbnailUrl\" srcset=\"https:\/\/www.mycosan.com\/lt\/files\/2018\/08\/athlete.jpg 500w, https:\/\/www.mycosan.com\/lt\/files\/2018\/08\/athlete-80x80.jpg 80w, https:\/\/www.mycosan.com\/lt\/files\/2018\/08\/athlete-300x298.jpg 300w, https:\/\/www.mycosan.com\/lt\/files\/2018\/08\/athlete-36x36.jpg 36w, https:\/\/www.mycosan.com\/lt\/files\/2018\/08\/athlete-180x180.jpg 180w, https:\/\/www.mycosan.com\/lt\/files\/2018\/08\/athlete-120x120.jpg 120w, https:\/\/www.mycosan.com\/lt\/files\/2018\/08\/athlete-450x446.jpg 450w\" sizes=\"(max-width: 500px) 100vw, 500px\" \/><\/div><\/div><\/div><\/div>\n<style type=\"text\/css\" data-created_by=\"avia_inline_auto\" id=\"style-css-av-av_three_fourth-9c1d454dc06f7247226bc4e8f931daae\">\n.flex_column.av-av_three_fourth-9c1d454dc06f7247226bc4e8f931daae{\nborder-radius:0px 0px 0px 0px;\npadding:0px 0px 0px 0px;\n}\n<\/style>\n<div  class='flex_column av-av_three_fourth-9c1d454dc06f7247226bc4e8f931daae av_three_fourth  avia-builder-el-3  el_after_av_one_fourth  avia-builder-el-last  flex_column_div av-zero-column-padding  '     ><section  class='av_textblock_section av-av_textblock-0366cc7376be6c9e82a3e9cc8987b64f '   itemscope=\"itemscope\" itemtype=\"https:\/\/schema.org\/CreativeWork\" ><div class='avia_textblock'  itemprop=\"text\" ><h1><span style=\"color: #502d7f;\">\u201eMycosan Athlete\u2018s foot\u201c prie\u0161grybelinis p\u0117d\u0173 gelis<br \/>\n<\/span><\/h1>\n<\/div><\/section><br \/>\n<div  class='hr av-av_hr-adc270ec1caa4c007d35a76dc806dd8e hr-default  avia-builder-el-5  el_after_av_textblock  el_before_av_textblock '><span class='hr-inner '><span class=\"hr-inner-style\"><\/span><\/span><\/div><br \/>\n<section  class='av_textblock_section av-av_textblock-0366cc7376be6c9e82a3e9cc8987b64f '   itemscope=\"itemscope\" itemtype=\"https:\/\/schema.org\/CreativeWork\" ><div class='avia_textblock'  itemprop=\"text\" ><p><strong>Sunaikina 99,95\u00a0% grybeli\u0173<\/strong><\/p>\n<p>\u201eMycosan Athlete\u2019s Foot\u201c prie\u0161grybelin\u012f p\u0117d\u0173 gel\u012f paprasta naudoti. \u0160iuo labai veiksmingu geliu gydoma grybelin\u0117 p\u0117d\u0173 odos infekcija. \u0160io preparato sud\u0117tis yra patentuota, jos veiksmingumas naikinant grybel\u012f, sukeliant\u012f grybelin\u0119 p\u0117dos odos infekcij\u0105, \u012frodytas tyrimais.<\/p>\n<p>Ypatingas \u0161epet\u0117lio formos aplikatorius padeda lengvai, greitai ir higieni\u0161kai tepti tarpupir\u0161\u010dius ir p\u0117dos od\u0105, neu\u017ekre\u010diant grybelio nepa\u017eeist\u0173 viet\u0173.<\/p>\n<p>Gelis gydo grybelio pa\u017eeist\u0105 p\u0117d\u0173 od\u0105 ir neleid\u017eia atsirasti grybelinei p\u0117d\u0173 odos infekcijai. Grybelio pa\u017eeista oda pleiskanoja ar b\u016bna \u012ftr\u016bkusi. U\u017etepus gelio, pa\u017eeistoje vietoje susidaro odai palankesn\u0117 mikroterp\u0117, kurioje nelieka s\u0105lyg\u0173 grybeliams i\u0161likti. Akimirksniu nuslopsta nie\u017e\u0117jimas ir deginimo poj\u016btis.<\/p>\n<\/div><\/section><br \/>\n\n<style type=\"text\/css\" data-created_by=\"avia_inline_auto\" id=\"style-css-av-av_hr-c9ba6ccf0e28539cef079a4b419f7f68\">\n#top .hr.hr-invisible.av-av_hr-c9ba6ccf0e28539cef079a4b419f7f68{\nheight:25px;\n}\n<\/style>\n<div  class='hr av-av_hr-c9ba6ccf0e28539cef079a4b419f7f68 hr-invisible  avia-builder-el-7  el_after_av_textblock  avia-builder-el-last '><span class='hr-inner '><span class=\"hr-inner-style\"><\/span><\/span><\/div><\/p><\/div>\n\n<\/div><\/div><\/main><!-- close content main element --><\/div><\/div><div id='resize'  class='avia-section av-av_section-b563518516f4c7af554273188cdbc0da alternate_color avia-section-no-padding avia-no-border-styling  avia-builder-el-8  el_after_av_section  el_before_av_heading  avia-bg-style-scroll av-minimum-height av-minimum-height-custom av-height-custom  container_wrap sidebar_right'   data-av_minimum_height_px='80'><div class='container av-section-cont-open' style='height:80px'><div class='template-page content  av-content-small alpha units'><div class='post-entry post-entry-type-page post-entry-8587'><div class='entry-content-wrapper clearfix'>\n<div  class='avia-button-wrap av-av_button-56c45de23054a6476340371bee733b8e-wrap avia-button-center  avia-builder-el-9  avia-builder-el-no-sibling '><a href='https:\/\/www.mycosan.com\/lt\/atleto-peda\/kaip-galima-uzsikresti-atleto-peda\/'  class='avia-button av-av_button-56c45de23054a6476340371bee733b8e av-link-btn avia-icon_select-no avia-size-x-large avia-position-center avia-color-blue'   aria-label=\"\u201eKaip u\u017esikre\u010diama \u201eatleto p\u0117da\u201c?\u201c\"><span class='avia_iconbox_title' >\u201eKaip u\u017esikre\u010diama \u201eatleto p\u0117da\u201c?\u201c<\/span><\/a><\/div>\n<\/div><\/div><\/div><!-- close content main div --><\/div><\/div><div id='after_section_2'  class='main_color av_default_container_wrap container_wrap sidebar_right'  ><div class='container av-section-cont-open' ><div class='template-page content  av-content-small alpha units'><div class='post-entry post-entry-type-page post-entry-8587'><div class='entry-content-wrapper clearfix'>\n\n<style type=\"text\/css\" data-created_by=\"avia_inline_auto\" id=\"style-css-av-av_heading-a7d5f1cd3fae113e920420c58dec66bf\">\n#top .av-special-heading.av-av_heading-a7d5f1cd3fae113e920420c58dec66bf{\npadding-bottom:40px;\ncolor:#56327f;\n}\nbody .av-special-heading.av-av_heading-a7d5f1cd3fae113e920420c58dec66bf .av-special-heading-tag .heading-char{\nfont-size:25px;\n}\n.av-special-heading.av-av_heading-a7d5f1cd3fae113e920420c58dec66bf .special-heading-inner-border{\nborder-color:#56327f;\n}\n.av-special-heading.av-av_heading-a7d5f1cd3fae113e920420c58dec66bf .av-subheading{\nfont-size:15px;\n}\n<\/style>\n<div  class='av-special-heading av-av_heading-a7d5f1cd3fae113e920420c58dec66bf av-special-heading-h2 custom-color-heading blockquote modern-quote modern-centered  avia-builder-el-10  el_after_av_section  el_before_av_one_third  avia-builder-el-first '><h2 class='av-special-heading-tag '  itemprop=\"headline\"  >Kaip veikia <span class='special_amp'>\u201e<\/span>Mycosan Athlete\u2019s Foot<span class='special_amp'>\u201c<\/span>?<\/h2><div class=\"special-heading-border\"><div class=\"special-heading-inner-border\"><\/div><\/div><\/div>\n<div  class='flex_column av-av_one_third-2a9015ff38129c418a3f2eafba3e9512 av_one_third  avia-builder-el-11  el_after_av_heading  el_before_av_one_third  first flex_column_div  '     ><section  class='av_textblock_section av-av_textblock-0366cc7376be6c9e82a3e9cc8987b64f '   itemscope=\"itemscope\" itemtype=\"https:\/\/schema.org\/CreativeWork\" ><div class='avia_textblock'  itemprop=\"text\" ><h3><strong>1. P\u0117d\u0173 higiena<\/strong><\/h3>\n<p>Nuplaukite p\u0117das truput\u012f jas i\u0161muilin\u0119 arba visai be muilo. Gerai jas nusausinkite.<\/p>\n<\/div><\/section><\/div>\n<style type=\"text\/css\" data-created_by=\"avia_inline_auto\" id=\"style-css-av-av_one_third-9c1d454dc06f7247226bc4e8f931daae\">\n.flex_column.av-av_one_third-9c1d454dc06f7247226bc4e8f931daae{\nborder-radius:0px 0px 0px 0px;\npadding:0px 0px 0px 0px;\n}\n<\/style>\n<div  class='flex_column av-av_one_third-9c1d454dc06f7247226bc4e8f931daae av_one_third  avia-builder-el-13  el_after_av_one_third  el_before_av_one_third  flex_column_div av-zero-column-padding  '     ><section  class='av_textblock_section av-av_textblock-0366cc7376be6c9e82a3e9cc8987b64f '   itemscope=\"itemscope\" itemtype=\"https:\/\/schema.org\/CreativeWork\" ><div class='avia_textblock'  itemprop=\"text\" ><h3><strong>2. Tepkite<\/strong><\/h3>\n<p>Du kartus per dien\u0105 tepkite pa\u017eeistas p\u0117dos vietas plonu gelio sluoksniu.<\/p>\n<\/div><\/section><\/div>\n<style type=\"text\/css\" data-created_by=\"avia_inline_auto\" id=\"style-css-av-av_one_third-9c1d454dc06f7247226bc4e8f931daae\">\n.flex_column.av-av_one_third-9c1d454dc06f7247226bc4e8f931daae{\nborder-radius:0px 0px 0px 0px;\npadding:0px 0px 0px 0px;\n}\n<\/style>\n<div  class='flex_column av-av_one_third-9c1d454dc06f7247226bc4e8f931daae av_one_third  avia-builder-el-15  el_after_av_one_third  el_before_av_section  avia-builder-el-last  flex_column_div av-zero-column-padding  '     ><section  class='av_textblock_section av-av_textblock-0366cc7376be6c9e82a3e9cc8987b64f '   itemscope=\"itemscope\" itemtype=\"https:\/\/schema.org\/CreativeWork\" ><div class='avia_textblock'  itemprop=\"text\" ><h3><strong>3. T\u0119skite<\/strong><\/h3>\n<p>Gydykite dvi savaites ir infekcija neatsinaujins.<\/p>\n<\/div><\/section><\/div><\/div><\/div><\/div><!-- close content main div --><\/div><\/div><div id='content_bottom'  class='avia-section av-av_section-8390100c99685c1552fd8c8d7ceec6b5 main_color avia-section-default avia-shadow  avia-builder-el-17  el_after_av_one_third  avia-builder-el-last  avia-bg-style-scroll container_wrap sidebar_right'  ><div class='container av-section-cont-open' ><div class='template-page content  av-content-small alpha units'><div class='post-entry post-entry-type-page post-entry-8587'><div class='entry-content-wrapper clearfix'>\n<div  class='flex_column av-av_two_third-2a9015ff38129c418a3f2eafba3e9512 av_two_third  avia-builder-el-18  el_before_av_one_third  avia-builder-el-first  first flex_column_div  '     ><p>\n<style type=\"text\/css\" data-created_by=\"avia_inline_auto\" id=\"style-css-av-av_heading-e50e73a98ddc2cf10fd9e5e72ff7fac4\">\n#top .av-special-heading.av-av_heading-e50e73a98ddc2cf10fd9e5e72ff7fac4{\npadding-bottom:10px;\ncolor:#56327f;\n}\nbody .av-special-heading.av-av_heading-e50e73a98ddc2cf10fd9e5e72ff7fac4 .av-special-heading-tag .heading-char{\nfont-size:25px;\n}\n.av-special-heading.av-av_heading-e50e73a98ddc2cf10fd9e5e72ff7fac4 .special-heading-inner-border{\nborder-color:#56327f;\n}\n.av-special-heading.av-av_heading-e50e73a98ddc2cf10fd9e5e72ff7fac4 .av-subheading{\nfont-size:15px;\n}\n<\/style>\n<div  class='av-special-heading av-av_heading-e50e73a98ddc2cf10fd9e5e72ff7fac4 av-special-heading-h3 custom-color-heading blockquote modern-quote modern-centered  avia-builder-el-19  el_before_av_sidebar  avia-builder-el-first '><h3 class='av-special-heading-tag '  itemprop=\"headline\"  >KITI PRODUKTAI<\/h3><div class=\"special-heading-border\"><div class=\"special-heading-inner-border\"><\/div><\/div><\/div><br \/>\n<div  class='avia-builder-widget-area clearfix  avia-builder-el-20  el_after_av_heading  el_before_av_sidebar '><div id=\"simpleimage-7\" class=\"widget clearfix widget_simpleimage\">\n\n\t<p class=\"simple-image\">\n\t\t<a href=\"\/\/www.mycosan.com\/lt\/priemones\/mycosan-fungal-nail\/\"><img loading=\"lazy\" decoding=\"async\" width=\"140\" height=\"300\" src=\"https:\/\/www.mycosan.com\/lt\/files\/2015\/08\/MycosanEN_Packshots5ML_widget-140x300.png\" class=\"attachment-medium size-medium\" alt=\"\" \/><\/a>\t<\/p>\n\n<h4>\u201eMYCOSAN FUNGAL NAIL\u201c GYDOMASIS RINKINYS<\/h4>\n<p>Akivaizd\u016bs rezultatai po 2 savai\u010di\u0173*!<\/p>\n<div class=\"avia-button-wrap avia-button-left avia-builder-el-17 el_before_av_button avia-builder-el-first \"><a class=\"avia-button avia-icon_select-no avia-color-blue avia-size-small avia-position-left \" href=\"\/\/www.mycosan.com\/lt\/priemones\/mycosan-fungal-nail\/\"><span class=\"avia_iconbox_title\">Informacija apie priemon\u0117<\/span><br \/>\n<\/a><\/div>\n\n<\/div><\/div><br \/>\n<div  class='avia-builder-widget-area clearfix  avia-builder-el-21  el_after_av_sidebar  avia-builder-el-last '><div id=\"simpleimage-5\" class=\"widget clearfix widget_simpleimage\">\n\n\t<p class=\"simple-image\">\n\t\t<a href=\"\/\/www.mycosan.com\/lt\/priemones\/mycosan-protect\/\"><img loading=\"lazy\" decoding=\"async\" width=\"300\" height=\"295\" src=\"https:\/\/www.mycosan.com\/lt\/files\/2015\/01\/Mycoson-ProtectFoam_EG_20160114-300x295.png\" class=\"attachment-medium size-medium\" alt=\"\" srcset=\"https:\/\/www.mycosan.com\/lt\/files\/2015\/01\/Mycoson-ProtectFoam_EG_20160114-300x295.png 300w, https:\/\/www.mycosan.com\/lt\/files\/2015\/01\/Mycoson-ProtectFoam_EG_20160114-80x80.png 80w, https:\/\/www.mycosan.com\/lt\/files\/2015\/01\/Mycoson-ProtectFoam_EG_20160114-768x754.png 768w, https:\/\/www.mycosan.com\/lt\/files\/2015\/01\/Mycoson-ProtectFoam_EG_20160114-1030x1012.png 1030w, https:\/\/www.mycosan.com\/lt\/files\/2015\/01\/Mycoson-ProtectFoam_EG_20160114-600x589.png 600w, https:\/\/www.mycosan.com\/lt\/files\/2015\/01\/Mycoson-ProtectFoam_EG_20160114-36x36.png 36w, https:\/\/www.mycosan.com\/lt\/files\/2015\/01\/Mycoson-ProtectFoam_EG_20160114-1500x1473.png 1500w, https:\/\/www.mycosan.com\/lt\/files\/2015\/01\/Mycoson-ProtectFoam_EG_20160114-705x692.png 705w, https:\/\/www.mycosan.com\/lt\/files\/2015\/01\/Mycoson-ProtectFoam_EG_20160114-450x442.png 450w\" sizes=\"auto, (max-width: 300px) 100vw, 300px\" \/><\/a>\t<\/p>\n\n<h4>\u201eMYCOSAN PROTECT\u201c<\/h4>\n<p>\u201eMycosan Protect\u201c apgaub\u0119s p\u0117d\u0105 apsaugine pl\u0117vele, saugo j\u0105 nuo grybelin\u0117s infekcijos. <\/p>\n<div class=\"avia-button-wrap avia-button-left avia-builder-el-17 el_before_av_button avia-builder-el-first \"><a class=\"avia-button avia-icon_select-no avia-color-blue avia-size-small avia-position-left \" href=\"\/\/www.mycosan.com\/lt\/priemones\/mycosan-protect\/\"><span class=\"avia_iconbox_title\">Informacija apie priemon\u0117<\/span><br \/>\n<\/a><\/div>\n\n<\/div><\/div><\/p><\/div>\n<style type=\"text\/css\" data-created_by=\"avia_inline_auto\" id=\"style-css-av-av_one_third-9c1d454dc06f7247226bc4e8f931daae\">\n.flex_column.av-av_one_third-9c1d454dc06f7247226bc4e8f931daae{\nborder-radius:0px 0px 0px 0px;\npadding:0px 0px 0px 0px;\n}\n<\/style>\n<div  class='flex_column av-av_one_third-9c1d454dc06f7247226bc4e8f931daae av_one_third  avia-builder-el-22  el_after_av_two_third  avia-builder-el-last  flex_column_div av-zero-column-padding  '     ><div  class='avia-builder-widget-area clearfix  avia-builder-el-23  avia-builder-el-no-sibling '><div id=\"text-9\" class=\"widget clearfix widget_text\">\t\t\t<div class=\"textwidget\"><div id=\"stralend\">\r\n<h4>Patarimai, kaip i\u0161saugoti sveikas p\u0117das<\/h4>\r\n\r\n<hr \/>\r\n\r\nReguliariai tikrinkite savo p\u0117das ir atkreipkite d\u0117mes\u012f \u012f nag\u0173 ir odos spalvos, strukt\u016bros bei i\u0161vaizdos poky\u010dius.<br><br>\r\n\r\n<div  class='avia-button-wrap av-av_button-56e886ace6a35b872186564445806507-wrap avia-button-left '>\n<style type=\"text\/css\" data-created_by=\"avia_inline_auto\" id=\"style-css-av-av_button-56e886ace6a35b872186564445806507\">\n#top #wrap_all .avia-button.av-av_button-56e886ace6a35b872186564445806507{\nbackground-color:#009fe3;\nborder-color:#009fe3;\ncolor:#ffffff;\ntransition:all 0.4s ease-in-out;\n}\n#top #wrap_all .avia-button.av-av_button-56e886ace6a35b872186564445806507 .avia-svg-icon svg:first-child{\nfill:#ffffff;\nstroke:#ffffff;\n}\n<\/style>\n<a href='\/\/www.mycosan.com\/lt\/patarimai\/rupinkites-savo-pedomis\/'  class='avia-button av-av_button-56e886ace6a35b872186564445806507 av-link-btn avia-icon_select-no avia-size-medium avia-position-left'   aria-label=\"Daugiau patarim\u0173\"><span class='avia_iconbox_title' >Daugiau patarim\u0173<\/span><\/a><\/div>\r\n<\/div><\/div>\n\t\t<\/div><\/div><\/div>\n<\/div><\/div><\/div><!-- close content main div --><\/div><\/div><div id='after_section_3'  class='main_color av_default_container_wrap container_wrap sidebar_right'  ><div class='container av-section-cont-open' ><div class='template-page content  av-content-small alpha units'><div class='post-entry post-entry-type-page post-entry-8587'><div class='entry-content-wrapper clearfix'><\/p>\n","protected":false},"excerpt":{"rendered":"","protected":false},"author":1,"featured_media":0,"parent":8586,"menu_order":1,"comment_status":"open","ping_status":"closed","template":"","meta":{"_acf_changed":false,"footnotes":""},"page_type":[],"class_list":["post-8587","page","type-page","status-publish","hentry"],"acf":[],"yoast_head":"<!-- This site is optimized with the Yoast SEO plugin v26.9 - https:\/\/yoast.com\/product\/yoast-seo-wordpress\/ -->\n<title>Mycosan Kalknagel XL - 100% effectief tegen schimmels<\/title>\n<meta name=\"description\" content=\"Mycosan Kalknagel XL is bewezen effectief een eenvoudige \u00e9n snelle oplossing tegen schimmelnagels met een complete, gebruiksvriendelijke behandelset.\" \/>\n<meta name=\"robots\" content=\"index, follow, max-snippet:-1, max-image-preview:large, max-video-preview:-1\" \/>\n<link rel=\"canonical\" href=\"https:\/\/www.mycosan.com\/lt\/priemones\/mycosan-athletes-foot\/\" \/>\n<meta property=\"og:locale\" content=\"lt_LT\" \/>\n<meta property=\"og:type\" content=\"article\" \/>\n<meta property=\"og:title\" content=\"Mycosan Kalknagel XL - 100% effectief tegen schimmels\" \/>\n<meta property=\"og:description\" content=\"Mycosan Kalknagel XL is bewezen effectief een eenvoudige \u00e9n snelle oplossing tegen schimmelnagels met een complete, gebruiksvriendelijke behandelset.\" \/>\n<meta property=\"og:url\" content=\"https:\/\/www.mycosan.com\/lt\/priemones\/mycosan-athletes-foot\/\" \/>\n<meta property=\"og:site_name\" content=\"Mycosan Lietuva\" \/>\n<meta property=\"article:modified_time\" content=\"2018-11-05T12:46:48+00:00\" \/>\n<meta name=\"twitter:label1\" content=\"Est. reading time\" \/>\n\t<meta name=\"twitter:data1\" content=\"4 minutes\" \/>\n<script type=\"application\/ld+json\" class=\"yoast-schema-graph\">{\"@context\":\"https:\/\/schema.org\",\"@graph\":[{\"@type\":\"WebPage\",\"@id\":\"https:\/\/www.mycosan.com\/lt\/priemones\/mycosan-athletes-foot\/\",\"url\":\"https:\/\/www.mycosan.com\/lt\/priemones\/mycosan-athletes-foot\/\",\"name\":\"Mycosan Kalknagel XL - 100% effectief tegen schimmels\",\"isPartOf\":{\"@id\":\"https:\/\/www.mycosan.com\/lt\/#website\"},\"datePublished\":\"2015-01-06T11:31:04+00:00\",\"dateModified\":\"2018-11-05T12:46:48+00:00\",\"description\":\"Mycosan Kalknagel XL is bewezen effectief een eenvoudige \u00e9n snelle oplossing tegen schimmelnagels met een complete, gebruiksvriendelijke behandelset.\",\"breadcrumb\":{\"@id\":\"https:\/\/www.mycosan.com\/lt\/priemones\/mycosan-athletes-foot\/#breadcrumb\"},\"inLanguage\":\"lt-LT\",\"potentialAction\":[{\"@type\":\"ReadAction\",\"target\":[\"https:\/\/www.mycosan.com\/lt\/priemones\/mycosan-athletes-foot\/\"]}]},{\"@type\":\"BreadcrumbList\",\"@id\":\"https:\/\/www.mycosan.com\/lt\/priemones\/mycosan-athletes-foot\/#breadcrumb\",\"itemListElement\":[{\"@type\":\"ListItem\",\"position\":1,\"name\":\"Home\",\"item\":\"https:\/\/www.mycosan.com\/lt\/\"},{\"@type\":\"ListItem\",\"position\":2,\"name\":\"Priemon\u0117s\",\"item\":\"https:\/\/www.mycosan.com\/lt\/priemones\/\"},{\"@type\":\"ListItem\",\"position\":3,\"name\":\"\u201eMycosan Athlete\u2018s foot\u201c\"}]},{\"@type\":\"WebSite\",\"@id\":\"https:\/\/www.mycosan.com\/lt\/#website\",\"url\":\"https:\/\/www.mycosan.com\/lt\/\",\"name\":\"Mycosan Lietuva\",\"description\":\"\",\"potentialAction\":[{\"@type\":\"SearchAction\",\"target\":{\"@type\":\"EntryPoint\",\"urlTemplate\":\"https:\/\/www.mycosan.com\/lt\/?s={search_term_string}\"},\"query-input\":{\"@type\":\"PropertyValueSpecification\",\"valueRequired\":true,\"valueName\":\"search_term_string\"}}],\"inLanguage\":\"lt-LT\"}]}<\/script>\n<!-- \/ Yoast SEO plugin. -->","yoast_head_json":{"title":"Mycosan Kalknagel XL - 100% effectief tegen schimmels","description":"Mycosan Kalknagel XL is bewezen effectief een eenvoudige \u00e9n snelle oplossing tegen schimmelnagels met een complete, gebruiksvriendelijke behandelset.","robots":{"index":"index","follow":"follow","max-snippet":"max-snippet:-1","max-image-preview":"max-image-preview:large","max-video-preview":"max-video-preview:-1"},"canonical":"https:\/\/www.mycosan.com\/lt\/priemones\/mycosan-athletes-foot\/","og_locale":"lt_LT","og_type":"article","og_title":"Mycosan Kalknagel XL - 100% effectief tegen schimmels","og_description":"Mycosan Kalknagel XL is bewezen effectief een eenvoudige \u00e9n snelle oplossing tegen schimmelnagels met een complete, gebruiksvriendelijke behandelset.","og_url":"https:\/\/www.mycosan.com\/lt\/priemones\/mycosan-athletes-foot\/","og_site_name":"Mycosan Lietuva","article_modified_time":"2018-11-05T12:46:48+00:00","twitter_misc":{"Est. reading time":"4 minutes"},"schema":{"@context":"https:\/\/schema.org","@graph":[{"@type":"WebPage","@id":"https:\/\/www.mycosan.com\/lt\/priemones\/mycosan-athletes-foot\/","url":"https:\/\/www.mycosan.com\/lt\/priemones\/mycosan-athletes-foot\/","name":"Mycosan Kalknagel XL - 100% effectief tegen schimmels","isPartOf":{"@id":"https:\/\/www.mycosan.com\/lt\/#website"},"datePublished":"2015-01-06T11:31:04+00:00","dateModified":"2018-11-05T12:46:48+00:00","description":"Mycosan Kalknagel XL is bewezen effectief een eenvoudige \u00e9n snelle oplossing tegen schimmelnagels met een complete, gebruiksvriendelijke behandelset.","breadcrumb":{"@id":"https:\/\/www.mycosan.com\/lt\/priemones\/mycosan-athletes-foot\/#breadcrumb"},"inLanguage":"lt-LT","potentialAction":[{"@type":"ReadAction","target":["https:\/\/www.mycosan.com\/lt\/priemones\/mycosan-athletes-foot\/"]}]},{"@type":"BreadcrumbList","@id":"https:\/\/www.mycosan.com\/lt\/priemones\/mycosan-athletes-foot\/#breadcrumb","itemListElement":[{"@type":"ListItem","position":1,"name":"Home","item":"https:\/\/www.mycosan.com\/lt\/"},{"@type":"ListItem","position":2,"name":"Priemon\u0117s","item":"https:\/\/www.mycosan.com\/lt\/priemones\/"},{"@type":"ListItem","position":3,"name":"\u201eMycosan Athlete\u2018s foot\u201c"}]},{"@type":"WebSite","@id":"https:\/\/www.mycosan.com\/lt\/#website","url":"https:\/\/www.mycosan.com\/lt\/","name":"Mycosan Lietuva","description":"","potentialAction":[{"@type":"SearchAction","target":{"@type":"EntryPoint","urlTemplate":"https:\/\/www.mycosan.com\/lt\/?s={search_term_string}"},"query-input":{"@type":"PropertyValueSpecification","valueRequired":true,"valueName":"search_term_string"}}],"inLanguage":"lt-LT"}]}},"_links":{"self":[{"href":"https:\/\/www.mycosan.com\/lt\/wp-json\/wp\/v2\/pages\/8587","targetHints":{"allow":["GET"]}}],"collection":[{"href":"https:\/\/www.mycosan.com\/lt\/wp-json\/wp\/v2\/pages"}],"about":[{"href":"https:\/\/www.mycosan.com\/lt\/wp-json\/wp\/v2\/types\/page"}],"author":[{"embeddable":true,"href":"https:\/\/www.mycosan.com\/lt\/wp-json\/wp\/v2\/users\/1"}],"replies":[{"embeddable":true,"href":"https:\/\/www.mycosan.com\/lt\/wp-json\/wp\/v2\/comments?post=8587"}],"version-history":[{"count":0,"href":"https:\/\/www.mycosan.com\/lt\/wp-json\/wp\/v2\/pages\/8587\/revisions"}],"up":[{"embeddable":true,"href":"https:\/\/www.mycosan.com\/lt\/wp-json\/wp\/v2\/pages\/8586"}],"wp:attachment":[{"href":"https:\/\/www.mycosan.com\/lt\/wp-json\/wp\/v2\/media?parent=8587"}],"wp:term":[{"taxonomy":"page_type","embeddable":true,"href":"https:\/\/www.mycosan.com\/lt\/wp-json\/wp\/v2\/page_type?post=8587"}],"curies":[{"name":"wp","href":"https:\/\/api.w.org\/{rel}","templated":true}]}}